{"id":20469,"date":"2026-04-21T13:13:16","date_gmt":"2026-04-21T11:13:16","guid":{"rendered":"https:\/\/roadeu.com\/sklep\/?post_type=product&#038;p=20469"},"modified":"2026-04-21T13:19:26","modified_gmt":"2026-04-21T11:19:26","slug":"spina-combinata-cee-16a-3p-adattatore-per-caravan-2x-prese-con-messa-a-terra-230v-spina-per-elettrodomestici-da-parete-ip44-kopia","status":"publish","type":"product","link":"https:\/\/roadeu.com\/sklep\/it\/produkt\/spina-combinata-cee-16a-3p-adattatore-per-caravan-2x-prese-con-messa-a-terra-230v-spina-per-elettrodomestici-da-parete-ip44-kopia\/","title":{"rendered":"Spina a muro 16A 5p IP44 con Schuko 230V e interruttore 0-1 con blocco"},"content":{"rendered":"<p><strong>  Informazioni su questo articolo<\/strong><\/p>\n<p><strong>IL DISTRIBUTORE DI ENERGIA<\/strong> COMPRENDE UNA SPINA CEE 16A 5P e una presa Schuko 230V con interruttore rotante in un robusto alloggiamento.<\/p>\n<p>Vengono utilizzati componenti PCE, che garantiscono alta qualit\u00e0 e durata. Il distributore \u00e8 quindi perfetto per essere utilizzato nei cantieri e nel settore industriale. <\/p>\n<p><strong>Il disgiuntore di carico 0-1<\/strong> (interruttore a camme) del nostro prodotto ti permette di attivare o disattivare la tensione nelle prese in qualsiasi momento. In questo modo si risparmia elettricit\u00e0 e si aumenta la sicurezza quando non si utilizzano elettrodomestici o macchinari. <\/p>\n<p><strong>Il NOCKENSCHALTER<\/strong> offre un modo semplice e sicuro per controllare l&#8217;alimentazione delle prese Schuko. Puoi attivarlo o disattivarlo in qualsiasi momento per risparmiare energia o proteggere i dispositivi. <\/p>\n<p>Con l&#8217;interruttore 0-1 puoi assicurarti che le prese siano sempre disalimentate quando non vengono utilizzate, riducendo cos\u00ec al minimo il rischio di scosse elettriche e cortocircuiti.<\/p>\n<p><strong>Il DISTRIBUTORE DI ENERGIA<\/strong> \u00e8 precablato, pronto per essere collegato e testato per la sicurezza e la qualit\u00e0 elettrica. Ci\u00f2 significa che non dovrai effettuare alcun lavoro aggiuntivo. <\/p>\n<p>La certificazione IP44 garantisce una classe di protezione sufficiente contro la polvere e gli spruzzi d&#8217;acqua, in modo che il distributore di corrente possa essere utilizzato sia all&#8217;interno che all&#8217;esterno.<\/p>\n<p>&nbsp;<\/p>\n","protected":false},"excerpt":{"rendered":"<p>Spina combinata CEE<\/p>\n","protected":false},"featured_media":20479,"template":"","meta":[],"product_brand":[396],"product_cat":[392],"product_tag":[],"class_list":{"0":"post-20469","1":"product","2":"type-product","3":"status-publish","4":"has-post-thumbnail","6":"product_brand-roadeu","7":"product_cat-armadi-di-distribuzione-set-di-chiavi-a-bussola","9":"first","10":"instock","11":"taxable","12":"shipping-taxable","13":"purchasable","14":"product-type-simple"},"yoast_head":"<!-- This site is optimized with the Yoast SEO plugin v27.4 - https:\/\/yoast.com\/product\/yoast-seo-wordpress\/ -->\n<title>Spina a muro 16A 5p IP44 con Schuko 230V e interruttore 0-1 con blocco - Road<\/title>\n<meta name=\"robots\" content=\"index, follow, max-snippet:-1, max-image-preview:large, max-video-preview:-1\" \/>\n<link rel=\"canonical\" href=\"https:\/\/roadeu.com\/sklep\/it\/produkt\/spina-combinata-cee-16a-3p-adattatore-per-caravan-2x-prese-con-messa-a-terra-230v-spina-per-elettrodomestici-da-parete-ip44-kopia\/\" \/>\n<meta property=\"og:locale\" content=\"it_IT\" \/>\n<meta property=\"og:type\" content=\"article\" \/>\n<meta property=\"og:title\" content=\"Spina a muro 16A 5p IP44 con Schuko 230V e interruttore 0-1 con blocco - Road\" \/>\n<meta property=\"og:description\" content=\"Spina combinata CEE\" \/>\n<meta property=\"og:url\" content=\"https:\/\/roadeu.com\/sklep\/it\/produkt\/spina-combinata-cee-16a-3p-adattatore-per-caravan-2x-prese-con-messa-a-terra-230v-spina-per-elettrodomestici-da-parete-ip44-kopia\/\" \/>\n<meta property=\"og:site_name\" content=\"Road\" \/>\n<meta property=\"article:modified_time\" content=\"2026-04-21T11:19:26+00:00\" \/>\n<meta property=\"og:image\" content=\"https:\/\/roadeu.com\/sklep\/wp-content\/uploads\/2026\/04\/1-59.jpg\" \/>\n\t<meta property=\"og:image:width\" content=\"1051\" \/>\n\t<meta property=\"og:image:height\" content=\"1500\" \/>\n\t<meta property=\"og:image:type\" content=\"image\/jpeg\" \/>\n<meta name=\"twitter:card\" content=\"summary_large_image\" \/>\n<meta name=\"twitter:label1\" content=\"Tempo di lettura stimato\" \/>\n\t<meta name=\"twitter:data1\" content=\"1 minuto\" \/>\n<script type=\"application\/ld+json\" class=\"yoast-schema-graph\">{\"@context\":\"https:\\\/\\\/schema.org\",\"@graph\":[{\"@type\":\"WebPage\",\"@id\":\"https:\\\/\\\/roadeu.com\\\/sklep\\\/it\\\/produkt\\\/spina-combinata-cee-16a-3p-adattatore-per-caravan-2x-prese-con-messa-a-terra-230v-spina-per-elettrodomestici-da-parete-ip44-kopia\\\/\",\"url\":\"https:\\\/\\\/roadeu.com\\\/sklep\\\/it\\\/produkt\\\/spina-combinata-cee-16a-3p-adattatore-per-caravan-2x-prese-con-messa-a-terra-230v-spina-per-elettrodomestici-da-parete-ip44-kopia\\\/\",\"name\":\"Spina a muro 16A 5p IP44 con Schuko 230V e interruttore 0-1 con blocco - Road\",\"isPartOf\":{\"@id\":\"https:\\\/\\\/roadeu.com\\\/sklep\\\/it\\\/#website\"},\"primaryImageOfPage\":{\"@id\":\"https:\\\/\\\/roadeu.com\\\/sklep\\\/it\\\/produkt\\\/spina-combinata-cee-16a-3p-adattatore-per-caravan-2x-prese-con-messa-a-terra-230v-spina-per-elettrodomestici-da-parete-ip44-kopia\\\/#primaryimage\"},\"image\":{\"@id\":\"https:\\\/\\\/roadeu.com\\\/sklep\\\/it\\\/produkt\\\/spina-combinata-cee-16a-3p-adattatore-per-caravan-2x-prese-con-messa-a-terra-230v-spina-per-elettrodomestici-da-parete-ip44-kopia\\\/#primaryimage\"},\"thumbnailUrl\":\"https:\\\/\\\/roadeu.com\\\/sklep\\\/wp-content\\\/uploads\\\/2026\\\/04\\\/1-59.jpg\",\"datePublished\":\"2026-04-21T11:13:16+00:00\",\"dateModified\":\"2026-04-21T11:19:26+00:00\",\"breadcrumb\":{\"@id\":\"https:\\\/\\\/roadeu.com\\\/sklep\\\/it\\\/produkt\\\/spina-combinata-cee-16a-3p-adattatore-per-caravan-2x-prese-con-messa-a-terra-230v-spina-per-elettrodomestici-da-parete-ip44-kopia\\\/#breadcrumb\"},\"inLanguage\":\"it-IT\",\"potentialAction\":[{\"@type\":\"ReadAction\",\"target\":[\"https:\\\/\\\/roadeu.com\\\/sklep\\\/it\\\/produkt\\\/spina-combinata-cee-16a-3p-adattatore-per-caravan-2x-prese-con-messa-a-terra-230v-spina-per-elettrodomestici-da-parete-ip44-kopia\\\/\"]}]},{\"@type\":\"ImageObject\",\"inLanguage\":\"it-IT\",\"@id\":\"https:\\\/\\\/roadeu.com\\\/sklep\\\/it\\\/produkt\\\/spina-combinata-cee-16a-3p-adattatore-per-caravan-2x-prese-con-messa-a-terra-230v-spina-per-elettrodomestici-da-parete-ip44-kopia\\\/#primaryimage\",\"url\":\"https:\\\/\\\/roadeu.com\\\/sklep\\\/wp-content\\\/uploads\\\/2026\\\/04\\\/1-59.jpg\",\"contentUrl\":\"https:\\\/\\\/roadeu.com\\\/sklep\\\/wp-content\\\/uploads\\\/2026\\\/04\\\/1-59.jpg\",\"width\":1051,\"height\":1500},{\"@type\":\"BreadcrumbList\",\"@id\":\"https:\\\/\\\/roadeu.com\\\/sklep\\\/it\\\/produkt\\\/spina-combinata-cee-16a-3p-adattatore-per-caravan-2x-prese-con-messa-a-terra-230v-spina-per-elettrodomestici-da-parete-ip44-kopia\\\/#breadcrumb\",\"itemListElement\":[{\"@type\":\"ListItem\",\"position\":1,\"name\":\"Strona g\u0142\u00f3wna\",\"item\":\"https:\\\/\\\/roadeu.com\\\/sklep\\\/it\\\/\"},{\"@type\":\"ListItem\",\"position\":2,\"name\":\"Negozio\",\"item\":\"https:\\\/\\\/roadeu.com\\\/sklep\\\/it\\\/\"},{\"@type\":\"ListItem\",\"position\":3,\"name\":\"Spina a muro 16A 5p IP44 con Schuko 230V e interruttore 0-1 con blocco\"}]},{\"@type\":\"WebSite\",\"@id\":\"https:\\\/\\\/roadeu.com\\\/sklep\\\/it\\\/#website\",\"url\":\"https:\\\/\\\/roadeu.com\\\/sklep\\\/it\\\/\",\"name\":\"Road\",\"description\":\"Hurtownia Elektryczna w Dzier\u017coniowie. Producent sprz\u0119tu elektrycznego.\",\"publisher\":{\"@id\":\"https:\\\/\\\/roadeu.com\\\/sklep\\\/it\\\/#organization\"},\"potentialAction\":[{\"@type\":\"SearchAction\",\"target\":{\"@type\":\"EntryPoint\",\"urlTemplate\":\"https:\\\/\\\/roadeu.com\\\/sklep\\\/it\\\/?s={search_term_string}\"},\"query-input\":{\"@type\":\"PropertyValueSpecification\",\"valueRequired\":true,\"valueName\":\"search_term_string\"}}],\"inLanguage\":\"it-IT\"},{\"@type\":\"Organization\",\"@id\":\"https:\\\/\\\/roadeu.com\\\/sklep\\\/it\\\/#organization\",\"name\":\"Road\",\"url\":\"https:\\\/\\\/roadeu.com\\\/sklep\\\/it\\\/\",\"logo\":{\"@type\":\"ImageObject\",\"inLanguage\":\"it-IT\",\"@id\":\"https:\\\/\\\/roadeu.com\\\/sklep\\\/it\\\/#\\\/schema\\\/logo\\\/image\\\/\",\"url\":\"https:\\\/\\\/roadeu.com\\\/sklep\\\/wp-content\\\/uploads\\\/2025\\\/05\\\/logotype-lg-pl.png\",\"contentUrl\":\"https:\\\/\\\/roadeu.com\\\/sklep\\\/wp-content\\\/uploads\\\/2025\\\/05\\\/logotype-lg-pl.png\",\"width\":300,\"height\":70,\"caption\":\"Road\"},\"image\":{\"@id\":\"https:\\\/\\\/roadeu.com\\\/sklep\\\/it\\\/#\\\/schema\\\/logo\\\/image\\\/\"}}]}<\/script>\n<!-- \/ Yoast SEO plugin. -->","yoast_head_json":{"title":"Spina a muro 16A 5p IP44 con Schuko 230V e interruttore 0-1 con blocco - Road","robots":{"index":"index","follow":"follow","max-snippet":"max-snippet:-1","max-image-preview":"max-image-preview:large","max-video-preview":"max-video-preview:-1"},"canonical":"https:\/\/roadeu.com\/sklep\/it\/produkt\/spina-combinata-cee-16a-3p-adattatore-per-caravan-2x-prese-con-messa-a-terra-230v-spina-per-elettrodomestici-da-parete-ip44-kopia\/","og_locale":"it_IT","og_type":"article","og_title":"Spina a muro 16A 5p IP44 con Schuko 230V e interruttore 0-1 con blocco - Road","og_description":"Spina combinata CEE","og_url":"https:\/\/roadeu.com\/sklep\/it\/produkt\/spina-combinata-cee-16a-3p-adattatore-per-caravan-2x-prese-con-messa-a-terra-230v-spina-per-elettrodomestici-da-parete-ip44-kopia\/","og_site_name":"Road","article_modified_time":"2026-04-21T11:19:26+00:00","og_image":[{"width":1051,"height":1500,"url":"https:\/\/roadeu.com\/sklep\/wp-content\/uploads\/2026\/04\/1-59.jpg","type":"image\/jpeg"}],"twitter_card":"summary_large_image","twitter_misc":{"Tempo di lettura stimato":"1 minuto"},"schema":{"@context":"https:\/\/schema.org","@graph":[{"@type":"WebPage","@id":"https:\/\/roadeu.com\/sklep\/it\/produkt\/spina-combinata-cee-16a-3p-adattatore-per-caravan-2x-prese-con-messa-a-terra-230v-spina-per-elettrodomestici-da-parete-ip44-kopia\/","url":"https:\/\/roadeu.com\/sklep\/it\/produkt\/spina-combinata-cee-16a-3p-adattatore-per-caravan-2x-prese-con-messa-a-terra-230v-spina-per-elettrodomestici-da-parete-ip44-kopia\/","name":"Spina a muro 16A 5p IP44 con Schuko 230V e interruttore 0-1 con blocco - Road","isPartOf":{"@id":"https:\/\/roadeu.com\/sklep\/it\/#website"},"primaryImageOfPage":{"@id":"https:\/\/roadeu.com\/sklep\/it\/produkt\/spina-combinata-cee-16a-3p-adattatore-per-caravan-2x-prese-con-messa-a-terra-230v-spina-per-elettrodomestici-da-parete-ip44-kopia\/#primaryimage"},"image":{"@id":"https:\/\/roadeu.com\/sklep\/it\/produkt\/spina-combinata-cee-16a-3p-adattatore-per-caravan-2x-prese-con-messa-a-terra-230v-spina-per-elettrodomestici-da-parete-ip44-kopia\/#primaryimage"},"thumbnailUrl":"https:\/\/roadeu.com\/sklep\/wp-content\/uploads\/2026\/04\/1-59.jpg","datePublished":"2026-04-21T11:13:16+00:00","dateModified":"2026-04-21T11:19:26+00:00","breadcrumb":{"@id":"https:\/\/roadeu.com\/sklep\/it\/produkt\/spina-combinata-cee-16a-3p-adattatore-per-caravan-2x-prese-con-messa-a-terra-230v-spina-per-elettrodomestici-da-parete-ip44-kopia\/#breadcrumb"},"inLanguage":"it-IT","potentialAction":[{"@type":"ReadAction","target":["https:\/\/roadeu.com\/sklep\/it\/produkt\/spina-combinata-cee-16a-3p-adattatore-per-caravan-2x-prese-con-messa-a-terra-230v-spina-per-elettrodomestici-da-parete-ip44-kopia\/"]}]},{"@type":"ImageObject","inLanguage":"it-IT","@id":"https:\/\/roadeu.com\/sklep\/it\/produkt\/spina-combinata-cee-16a-3p-adattatore-per-caravan-2x-prese-con-messa-a-terra-230v-spina-per-elettrodomestici-da-parete-ip44-kopia\/#primaryimage","url":"https:\/\/roadeu.com\/sklep\/wp-content\/uploads\/2026\/04\/1-59.jpg","contentUrl":"https:\/\/roadeu.com\/sklep\/wp-content\/uploads\/2026\/04\/1-59.jpg","width":1051,"height":1500},{"@type":"BreadcrumbList","@id":"https:\/\/roadeu.com\/sklep\/it\/produkt\/spina-combinata-cee-16a-3p-adattatore-per-caravan-2x-prese-con-messa-a-terra-230v-spina-per-elettrodomestici-da-parete-ip44-kopia\/#breadcrumb","itemListElement":[{"@type":"ListItem","position":1,"name":"Strona g\u0142\u00f3wna","item":"https:\/\/roadeu.com\/sklep\/it\/"},{"@type":"ListItem","position":2,"name":"Negozio","item":"https:\/\/roadeu.com\/sklep\/it\/"},{"@type":"ListItem","position":3,"name":"Spina a muro 16A 5p IP44 con Schuko 230V e interruttore 0-1 con blocco"}]},{"@type":"WebSite","@id":"https:\/\/roadeu.com\/sklep\/it\/#website","url":"https:\/\/roadeu.com\/sklep\/it\/","name":"Road","description":"Hurtownia Elektryczna w Dzier\u017coniowie. Producent sprz\u0119tu elektrycznego.","publisher":{"@id":"https:\/\/roadeu.com\/sklep\/it\/#organization"},"potentialAction":[{"@type":"SearchAction","target":{"@type":"EntryPoint","urlTemplate":"https:\/\/roadeu.com\/sklep\/it\/?s={search_term_string}"},"query-input":{"@type":"PropertyValueSpecification","valueRequired":true,"valueName":"search_term_string"}}],"inLanguage":"it-IT"},{"@type":"Organization","@id":"https:\/\/roadeu.com\/sklep\/it\/#organization","name":"Road","url":"https:\/\/roadeu.com\/sklep\/it\/","logo":{"@type":"ImageObject","inLanguage":"it-IT","@id":"https:\/\/roadeu.com\/sklep\/it\/#\/schema\/logo\/image\/","url":"https:\/\/roadeu.com\/sklep\/wp-content\/uploads\/2025\/05\/logotype-lg-pl.png","contentUrl":"https:\/\/roadeu.com\/sklep\/wp-content\/uploads\/2025\/05\/logotype-lg-pl.png","width":300,"height":70,"caption":"Road"},"image":{"@id":"https:\/\/roadeu.com\/sklep\/it\/#\/schema\/logo\/image\/"}}]}},"_links":{"self":[{"href":"https:\/\/roadeu.com\/sklep\/it\/wp-json\/wp\/v2\/product\/20469","targetHints":{"allow":["GET"]}}],"collection":[{"href":"https:\/\/roadeu.com\/sklep\/it\/wp-json\/wp\/v2\/product"}],"about":[{"href":"https:\/\/roadeu.com\/sklep\/it\/wp-json\/wp\/v2\/types\/product"}],"wp:featuredmedia":[{"embeddable":true,"href":"https:\/\/roadeu.com\/sklep\/it\/wp-json\/wp\/v2\/media\/20479"}],"wp:attachment":[{"href":"https:\/\/roadeu.com\/sklep\/it\/wp-json\/wp\/v2\/media?parent=20469"}],"wp:term":[{"taxonomy":"product_brand","embeddable":true,"href":"https:\/\/roadeu.com\/sklep\/it\/wp-json\/wp\/v2\/product_brand?post=20469"},{"taxonomy":"product_cat","embeddable":true,"href":"https:\/\/roadeu.com\/sklep\/it\/wp-json\/wp\/v2\/product_cat?post=20469"},{"taxonomy":"product_tag","embeddable":true,"href":"https:\/\/roadeu.com\/sklep\/it\/wp-json\/wp\/v2\/product_tag?post=20469"}],"curies":[{"name":"wp","href":"https:\/\/api.w.org\/{rel}","templated":true}]}}