{"id":17565,"date":"2026-01-21T13:19:45","date_gmt":"2026-01-21T12:19:45","guid":{"rendered":"https:\/\/roadeu.com\/sklep\/?post_type=product&#038;p=17565"},"modified":"2026-01-21T13:39:42","modified_gmt":"2026-01-21T12:39:42","slug":"interruttore-distributore-di-energia-b16a-1p-230v-kopia-kopia-kopia-kopia-kopia-kopia-3","status":"publish","type":"product","link":"https:\/\/roadeu.com\/sklep\/it\/produkt\/interruttore-distributore-di-energia-b16a-1p-230v-kopia-kopia-kopia-kopia-kopia-kopia-3\/","title":{"rendered":"Interruttore, distributore di energia B16A 1P 230V (Kopia) (Kopia) (Kopia) (Kopia) (Kopia) (Kopia)"},"content":{"rendered":"<p><strong>Informazioni su questo articolo<\/strong><\/p>\n<ul>\n<li>Il DISTRIBUTORE SUPERIORE \u00e8 stato sviluppato per evitare perdite accidentali e cortocircuiti.<\/li>\n<\/ul>\n<p>Il quadro di distribuzione offre un alto livello di protezione per i tuoi dispositivi elettronici ed \u00e8 un componente importante per un&#8217;alimentazione sicura negli edifici.<\/p>\n<ul>\n<li>WANDVERTEILER \u00e8 una soluzione eccellente per l&#8217;utilizzo in casa e in officina. \u00c8 molto facile da installare e offre un <\/li>\n<\/ul>\n<p>Classe di protezione IP42 per uso interno. Il distributore a parete \u00e8 un&#8217;ottima scelta per chi ha bisogno di un&#8217;alimentazione affidabile e sicura. <\/p>\n<ul>\n<li>Il fusibile del quadro di distribuzione da superficie \u00e8 costituito da un interruttore automatico &#8220;B&#8221; da 16A a 1 polo. Questo garantisce una protezione efficace per il tuo <\/li>\n<\/ul>\n<p>interrompendo l&#8217;alimentazione in caso di sovraccarico o cortocircuito, evitando cos\u00ec di danneggiare i dispositivi collegati. Il certificato del produttore T\u00dcV garantisce la massima qualit\u00e0 del quadro di distribuzione. <\/p>\n<ul>\n<li>INSTALLARE il distributore da superficie \u00e8 molto semplice. Tutto ci\u00f2 che devi fare \u00e8 collegare l&#8217;alimentatore da 230 V e i ricevitori. Il tuo sistema di alimentazione \u00e8 pronto per essere utilizzato.  <\/li>\n<\/ul>\n<p>Il distributore \u00e8 un prodotto plug-and-play pronto per essere utilizzato immediatamente.<\/p>\n<ul>\n<li>GARANZIA DI QUALIT\u00c0: siamo convinti della qualit\u00e0 del distributore e vogliamo che tu sia soddisfatto. Se per qualsiasi motivo non sei soddisfatto, ti offriamo un rimborso per il tuo acquisto. <\/li>\n<li>GARANZIA DI QUALIT\u00c0 e rimborso completo del prezzo di acquisto. La nostra garanzia di qualit\u00e0 ti d\u00e0 la certezza di acquistare un prodotto di alta qualit\u00e0 su cui puoi contare. <\/li>\n<\/ul>\n","protected":false},"excerpt":{"rendered":"<h1 id=\"title\" class=\"a-size-large a-spacing-none\"><span id=\"productTitle\" class=\"a-size-large product-title-word-break\" style=\"font-size: 12pt;\">Interruttore, distributore di energia B16A 1P 230V<\/span><\/h1>\n","protected":false},"featured_media":17583,"template":"","meta":[],"product_brand":[396],"product_cat":[393],"product_tag":[],"class_list":{"0":"post-17565","1":"product","2":"type-product","3":"status-publish","4":"has-post-thumbnail","6":"product_brand-roadeu","7":"product_cat-quadro-elettrico-con-protezione","9":"first","10":"instock","11":"taxable","12":"shipping-taxable","13":"purchasable","14":"product-type-simple"},"yoast_head":"<!-- This site is optimized with the Yoast SEO plugin v27.3 - https:\/\/yoast.com\/product\/yoast-seo-wordpress\/ -->\n<title>Interruttore, distributore di energia B16A 1P 230V (Kopia) (Kopia) (Kopia) (Kopia) (Kopia) (Kopia) - Road<\/title>\n<meta name=\"robots\" content=\"index, follow, max-snippet:-1, max-image-preview:large, max-video-preview:-1\" \/>\n<link rel=\"canonical\" href=\"https:\/\/roadeu.com\/sklep\/it\/produkt\/interruttore-distributore-di-energia-b16a-1p-230v-kopia-kopia-kopia-kopia-kopia-kopia-3\/\" \/>\n<meta property=\"og:locale\" content=\"it_IT\" \/>\n<meta property=\"og:type\" content=\"article\" \/>\n<meta property=\"og:title\" content=\"Interruttore, distributore di energia B16A 1P 230V (Kopia) (Kopia) (Kopia) (Kopia) (Kopia) (Kopia) - Road\" \/>\n<meta property=\"og:description\" content=\"Interruttore, distributore di energia B16A 1P 230V\" \/>\n<meta property=\"og:url\" content=\"https:\/\/roadeu.com\/sklep\/it\/produkt\/interruttore-distributore-di-energia-b16a-1p-230v-kopia-kopia-kopia-kopia-kopia-kopia-3\/\" \/>\n<meta property=\"og:site_name\" content=\"Road\" \/>\n<meta property=\"article:modified_time\" content=\"2026-01-21T12:39:42+00:00\" \/>\n<meta property=\"og:image\" content=\"https:\/\/roadeu.com\/sklep\/wp-content\/uploads\/2026\/01\/3-42.jpg\" \/>\n\t<meta property=\"og:image:width\" content=\"1500\" \/>\n\t<meta property=\"og:image:height\" content=\"1025\" \/>\n\t<meta property=\"og:image:type\" content=\"image\/jpeg\" \/>\n<meta name=\"twitter:card\" content=\"summary_large_image\" \/>\n<meta name=\"twitter:label1\" content=\"Tempo di lettura stimato\" \/>\n\t<meta name=\"twitter:data1\" content=\"1 minuto\" \/>\n<script type=\"application\/ld+json\" class=\"yoast-schema-graph\">{\"@context\":\"https:\\\/\\\/schema.org\",\"@graph\":[{\"@type\":\"WebPage\",\"@id\":\"https:\\\/\\\/roadeu.com\\\/sklep\\\/it\\\/produkt\\\/interruttore-distributore-di-energia-b16a-1p-230v-kopia-kopia-kopia-kopia-kopia-kopia-3\\\/\",\"url\":\"https:\\\/\\\/roadeu.com\\\/sklep\\\/it\\\/produkt\\\/interruttore-distributore-di-energia-b16a-1p-230v-kopia-kopia-kopia-kopia-kopia-kopia-3\\\/\",\"name\":\"Interruttore, distributore di energia B16A 1P 230V (Kopia) (Kopia) (Kopia) (Kopia) (Kopia) (Kopia) - Road\",\"isPartOf\":{\"@id\":\"https:\\\/\\\/roadeu.com\\\/sklep\\\/it\\\/#website\"},\"primaryImageOfPage\":{\"@id\":\"https:\\\/\\\/roadeu.com\\\/sklep\\\/it\\\/produkt\\\/interruttore-distributore-di-energia-b16a-1p-230v-kopia-kopia-kopia-kopia-kopia-kopia-3\\\/#primaryimage\"},\"image\":{\"@id\":\"https:\\\/\\\/roadeu.com\\\/sklep\\\/it\\\/produkt\\\/interruttore-distributore-di-energia-b16a-1p-230v-kopia-kopia-kopia-kopia-kopia-kopia-3\\\/#primaryimage\"},\"thumbnailUrl\":\"https:\\\/\\\/roadeu.com\\\/sklep\\\/wp-content\\\/uploads\\\/2026\\\/01\\\/3-42.jpg\",\"datePublished\":\"2026-01-21T12:19:45+00:00\",\"dateModified\":\"2026-01-21T12:39:42+00:00\",\"breadcrumb\":{\"@id\":\"https:\\\/\\\/roadeu.com\\\/sklep\\\/it\\\/produkt\\\/interruttore-distributore-di-energia-b16a-1p-230v-kopia-kopia-kopia-kopia-kopia-kopia-3\\\/#breadcrumb\"},\"inLanguage\":\"it-IT\",\"potentialAction\":[{\"@type\":\"ReadAction\",\"target\":[\"https:\\\/\\\/roadeu.com\\\/sklep\\\/it\\\/produkt\\\/interruttore-distributore-di-energia-b16a-1p-230v-kopia-kopia-kopia-kopia-kopia-kopia-3\\\/\"]}]},{\"@type\":\"ImageObject\",\"inLanguage\":\"it-IT\",\"@id\":\"https:\\\/\\\/roadeu.com\\\/sklep\\\/it\\\/produkt\\\/interruttore-distributore-di-energia-b16a-1p-230v-kopia-kopia-kopia-kopia-kopia-kopia-3\\\/#primaryimage\",\"url\":\"https:\\\/\\\/roadeu.com\\\/sklep\\\/wp-content\\\/uploads\\\/2026\\\/01\\\/3-42.jpg\",\"contentUrl\":\"https:\\\/\\\/roadeu.com\\\/sklep\\\/wp-content\\\/uploads\\\/2026\\\/01\\\/3-42.jpg\",\"width\":1500,\"height\":1025},{\"@type\":\"BreadcrumbList\",\"@id\":\"https:\\\/\\\/roadeu.com\\\/sklep\\\/it\\\/produkt\\\/interruttore-distributore-di-energia-b16a-1p-230v-kopia-kopia-kopia-kopia-kopia-kopia-3\\\/#breadcrumb\",\"itemListElement\":[{\"@type\":\"ListItem\",\"position\":1,\"name\":\"Strona g\u0142\u00f3wna\",\"item\":\"https:\\\/\\\/roadeu.com\\\/sklep\\\/it\\\/\"},{\"@type\":\"ListItem\",\"position\":2,\"name\":\"Negozio\",\"item\":\"https:\\\/\\\/roadeu.com\\\/sklep\\\/it\\\/\"},{\"@type\":\"ListItem\",\"position\":3,\"name\":\"Interruttore, distributore di energia B16A 1P 230V (Kopia) (Kopia) (Kopia) (Kopia) (Kopia) (Kopia)\"}]},{\"@type\":\"WebSite\",\"@id\":\"https:\\\/\\\/roadeu.com\\\/sklep\\\/it\\\/#website\",\"url\":\"https:\\\/\\\/roadeu.com\\\/sklep\\\/it\\\/\",\"name\":\"Road\",\"description\":\"Hurtownia Elektryczna w Dzier\u017coniowie. Producent sprz\u0119tu elektrycznego.\",\"potentialAction\":[{\"@type\":\"SearchAction\",\"target\":{\"@type\":\"EntryPoint\",\"urlTemplate\":\"https:\\\/\\\/roadeu.com\\\/sklep\\\/it\\\/?s={search_term_string}\"},\"query-input\":{\"@type\":\"PropertyValueSpecification\",\"valueRequired\":true,\"valueName\":\"search_term_string\"}}],\"inLanguage\":\"it-IT\"}]}<\/script>\n<!-- \/ Yoast SEO plugin. -->","yoast_head_json":{"title":"Interruttore, distributore di energia B16A 1P 230V (Kopia) (Kopia) (Kopia) (Kopia) (Kopia) (Kopia) - Road","robots":{"index":"index","follow":"follow","max-snippet":"max-snippet:-1","max-image-preview":"max-image-preview:large","max-video-preview":"max-video-preview:-1"},"canonical":"https:\/\/roadeu.com\/sklep\/it\/produkt\/interruttore-distributore-di-energia-b16a-1p-230v-kopia-kopia-kopia-kopia-kopia-kopia-3\/","og_locale":"it_IT","og_type":"article","og_title":"Interruttore, distributore di energia B16A 1P 230V (Kopia) (Kopia) (Kopia) (Kopia) (Kopia) (Kopia) - Road","og_description":"Interruttore, distributore di energia B16A 1P 230V","og_url":"https:\/\/roadeu.com\/sklep\/it\/produkt\/interruttore-distributore-di-energia-b16a-1p-230v-kopia-kopia-kopia-kopia-kopia-kopia-3\/","og_site_name":"Road","article_modified_time":"2026-01-21T12:39:42+00:00","og_image":[{"width":1500,"height":1025,"url":"https:\/\/roadeu.com\/sklep\/wp-content\/uploads\/2026\/01\/3-42.jpg","type":"image\/jpeg"}],"twitter_card":"summary_large_image","twitter_misc":{"Tempo di lettura stimato":"1 minuto"},"schema":{"@context":"https:\/\/schema.org","@graph":[{"@type":"WebPage","@id":"https:\/\/roadeu.com\/sklep\/it\/produkt\/interruttore-distributore-di-energia-b16a-1p-230v-kopia-kopia-kopia-kopia-kopia-kopia-3\/","url":"https:\/\/roadeu.com\/sklep\/it\/produkt\/interruttore-distributore-di-energia-b16a-1p-230v-kopia-kopia-kopia-kopia-kopia-kopia-3\/","name":"Interruttore, distributore di energia B16A 1P 230V (Kopia) (Kopia) (Kopia) (Kopia) (Kopia) (Kopia) - Road","isPartOf":{"@id":"https:\/\/roadeu.com\/sklep\/it\/#website"},"primaryImageOfPage":{"@id":"https:\/\/roadeu.com\/sklep\/it\/produkt\/interruttore-distributore-di-energia-b16a-1p-230v-kopia-kopia-kopia-kopia-kopia-kopia-3\/#primaryimage"},"image":{"@id":"https:\/\/roadeu.com\/sklep\/it\/produkt\/interruttore-distributore-di-energia-b16a-1p-230v-kopia-kopia-kopia-kopia-kopia-kopia-3\/#primaryimage"},"thumbnailUrl":"https:\/\/roadeu.com\/sklep\/wp-content\/uploads\/2026\/01\/3-42.jpg","datePublished":"2026-01-21T12:19:45+00:00","dateModified":"2026-01-21T12:39:42+00:00","breadcrumb":{"@id":"https:\/\/roadeu.com\/sklep\/it\/produkt\/interruttore-distributore-di-energia-b16a-1p-230v-kopia-kopia-kopia-kopia-kopia-kopia-3\/#breadcrumb"},"inLanguage":"it-IT","potentialAction":[{"@type":"ReadAction","target":["https:\/\/roadeu.com\/sklep\/it\/produkt\/interruttore-distributore-di-energia-b16a-1p-230v-kopia-kopia-kopia-kopia-kopia-kopia-3\/"]}]},{"@type":"ImageObject","inLanguage":"it-IT","@id":"https:\/\/roadeu.com\/sklep\/it\/produkt\/interruttore-distributore-di-energia-b16a-1p-230v-kopia-kopia-kopia-kopia-kopia-kopia-3\/#primaryimage","url":"https:\/\/roadeu.com\/sklep\/wp-content\/uploads\/2026\/01\/3-42.jpg","contentUrl":"https:\/\/roadeu.com\/sklep\/wp-content\/uploads\/2026\/01\/3-42.jpg","width":1500,"height":1025},{"@type":"BreadcrumbList","@id":"https:\/\/roadeu.com\/sklep\/it\/produkt\/interruttore-distributore-di-energia-b16a-1p-230v-kopia-kopia-kopia-kopia-kopia-kopia-3\/#breadcrumb","itemListElement":[{"@type":"ListItem","position":1,"name":"Strona g\u0142\u00f3wna","item":"https:\/\/roadeu.com\/sklep\/it\/"},{"@type":"ListItem","position":2,"name":"Negozio","item":"https:\/\/roadeu.com\/sklep\/it\/"},{"@type":"ListItem","position":3,"name":"Interruttore, distributore di energia B16A 1P 230V (Kopia) (Kopia) (Kopia) (Kopia) (Kopia) (Kopia)"}]},{"@type":"WebSite","@id":"https:\/\/roadeu.com\/sklep\/it\/#website","url":"https:\/\/roadeu.com\/sklep\/it\/","name":"Road","description":"Hurtownia Elektryczna w Dzier\u017coniowie. Producent sprz\u0119tu elektrycznego.","potentialAction":[{"@type":"SearchAction","target":{"@type":"EntryPoint","urlTemplate":"https:\/\/roadeu.com\/sklep\/it\/?s={search_term_string}"},"query-input":{"@type":"PropertyValueSpecification","valueRequired":true,"valueName":"search_term_string"}}],"inLanguage":"it-IT"}]}},"_links":{"self":[{"href":"https:\/\/roadeu.com\/sklep\/it\/wp-json\/wp\/v2\/product\/17565","targetHints":{"allow":["GET"]}}],"collection":[{"href":"https:\/\/roadeu.com\/sklep\/it\/wp-json\/wp\/v2\/product"}],"about":[{"href":"https:\/\/roadeu.com\/sklep\/it\/wp-json\/wp\/v2\/types\/product"}],"wp:featuredmedia":[{"embeddable":true,"href":"https:\/\/roadeu.com\/sklep\/it\/wp-json\/wp\/v2\/media\/17583"}],"wp:attachment":[{"href":"https:\/\/roadeu.com\/sklep\/it\/wp-json\/wp\/v2\/media?parent=17565"}],"wp:term":[{"taxonomy":"product_brand","embeddable":true,"href":"https:\/\/roadeu.com\/sklep\/it\/wp-json\/wp\/v2\/product_brand?post=17565"},{"taxonomy":"product_cat","embeddable":true,"href":"https:\/\/roadeu.com\/sklep\/it\/wp-json\/wp\/v2\/product_cat?post=17565"},{"taxonomy":"product_tag","embeddable":true,"href":"https:\/\/roadeu.com\/sklep\/it\/wp-json\/wp\/v2\/product_tag?post=17565"}],"curies":[{"name":"wp","href":"https:\/\/api.w.org\/{rel}","templated":true}]}}