{"id":13953,"date":"2025-07-16T12:00:31","date_gmt":"2025-07-16T10:00:31","guid":{"rendered":"https:\/\/roadeu.com\/sklep\/produkt\/quadro-elettrico-16a-32a-5p-presa-2x-230v-differenziale\/"},"modified":"2026-01-05T14:32:34","modified_gmt":"2026-01-05T13:32:34","slug":"quadro-elettrico-16a-32a-5p-presa-2x-230v-differenziale","status":"publish","type":"product","link":"https:\/\/roadeu.com\/sklep\/it\/produkt\/quadro-elettrico-16a-32a-5p-presa-2x-230v-differenziale\/","title":{"rendered":"Quadro elettrico 16A 32A 5P presa 2x 230V differenziale"},"content":{"rendered":"<div class=\"app-container\">\n<div class=\"mgn2_14 mp0t_0a mqu1_21 mli8_k4 mgmw_wo msts_pt _0d3bd_K6Qpj\">\n<div class=\"mpof_ki myre_zn myre_8v_l m389_6m_l\">\n<div class=\"mp4t_16_s mryx_16_s mr3m_1 mli2_1 mh85_56 mh85_0_l\">\n<div class=\"mgn2_16 _0d3bd_am0a-\">\n<p><b>Prese ermetiche di alta qualit\u00e0 a 400V e 230V<\/b><\/p>\n<p>Il quadro elettrico \u00e8 precablato e pu\u00f2 essere collegato immediatamente.<\/p>\n<p>\u00c8 dotato di connessioni N+PE per un uso pratico. \u00c8 incluso anche un pressacavo PG16,   <\/p>\n<p>che rende l&#8217;installazione ancora pi\u00f9 semplice. Le prese da 230 V e CEE 32A sono sempre cablate con un cavo da 2,5 mm2.   <\/p>\n<p>Le prese CEE 32A sono sempre cablate con un cavo da 4 mm2.<\/p>\n<p>&nbsp;<\/p>\n<\/div>\n<\/div>\n<\/div>\n<div class=\"mpof_ki myre_zn myre_8v_l m389_6m_l\">\n<div class=\"mp4t_16_s mryx_16_s mr3m_1 mli2_1 mh85_56 mh85_0_l\">\n<div class=\"mgn2_16 _0d3bd_am0a-\">\n<p><b>Involucro sigillato IP44 &#8211; <\/b>Grazie all&#8217;involucro sigillato IP44, il quadro \u00e8 ideale per essere utilizzato in un&#8217;ampia gamma di applicazioni.<\/p>\n<p>per uso interno ed esterno. Ci\u00f2 significa che \u00e8 resistente all&#8217;umidit\u00e0   <\/p>\n<p>e polvere, il che ne aumenta la durata e l&#8217;affidabilit\u00e0.<\/p>\n<p>&nbsp;<\/p>\n<\/div>\n<\/div>\n<\/div>\n<div class=\"mpof_ki myre_zn myre_8v_l m389_6m_l\">\n<div class=\"mp4t_16_s mryx_16_s mr3m_1 mli2_1 mh85_56 mh85_0_l\">\n<div class=\"mgn2_16 _0d3bd_am0a-\">\n<p><b>Attrezzature<\/b><\/p>\n<p>Il centralino telefonico comprende:<\/p>\n<ul>\n<li>1x presa 16A 5P<\/li>\n<li>1x presa 32A 5P<\/li>\n<li>2x Presa di corrente 230V 16A<\/li>\n<li>1x LS C16A 1P interruttore di sovracorrente<\/li>\n<li>1x Interruttore di sovracorrente LS C16A 3P<\/li>\n<li>1x LS C32A 3P interruttore di sovracorrente<\/li>\n<li>1x interruttore differenziale 40A 30mA 4P<\/li>\n<\/ul>\n<p>&nbsp;<\/p>\n<p>Tutti i fusibili sono certificati dal T\u00dcV, che garantisce la stretta conformit\u00e0 agli standard di sicurezza.<\/p>\n<p>&nbsp;<\/p>\n<\/div>\n<\/div>\n<\/div>\n<div class=\"mpof_ki myre_zn myre_8v_l m389_6m_l\">\n<div class=\"mp4t_16_s mryx_16_s mr3m_1 mli2_1 mh85_56 mh85_0_l\">\n<div class=\"mgn2_16 _0d3bd_am0a-\">\n<p><b>I nostri dispositivi di commutazione<\/b> sono sicuri per l&#8217;utente e per i dispositivi che azionano.<\/p>\n<p>Ideale per l&#8217;industria, i cantieri, il commercio e l&#8217;hobby.<\/p>\n<\/div>\n<\/div>\n<\/div>\n<\/div>\n<\/div>\n","protected":false},"excerpt":{"rendered":"<h1 class=\"mp4t_0 mryx_0 mj7a_4 mvrt_8 mp0t_ji m9qz_yo munh_0 mqu1_1j mgmw_wo mgn2_21 mgn2_25_s\"><span style=\"font-size: 12pt;\">Quadro elettrico 16A 32A 5P presa 2x 230V differenziale<\/span><\/h1>\n","protected":false},"featured_media":13958,"template":"","meta":[],"product_brand":[396],"product_cat":[392],"product_tag":[],"class_list":{"0":"post-13953","1":"product","2":"type-product","3":"status-publish","4":"has-post-thumbnail","6":"product_brand-roadeu","7":"product_cat-armadi-di-distribuzione-set-di-chiavi-a-bussola","9":"first","10":"instock","11":"taxable","12":"shipping-taxable","13":"purchasable","14":"product-type-simple"},"yoast_head":"<!-- This site is optimized with the Yoast SEO plugin v27.3 - https:\/\/yoast.com\/product\/yoast-seo-wordpress\/ -->\n<title>Quadro elettrico 16A 32A 5P presa 2x 230V differenziale - Road<\/title>\n<meta name=\"robots\" content=\"index, follow, max-snippet:-1, max-image-preview:large, max-video-preview:-1\" \/>\n<link rel=\"canonical\" href=\"https:\/\/roadeu.com\/sklep\/it\/produkt\/quadro-elettrico-16a-32a-5p-presa-2x-230v-differenziale\/\" \/>\n<meta property=\"og:locale\" content=\"it_IT\" \/>\n<meta property=\"og:type\" content=\"article\" \/>\n<meta property=\"og:title\" content=\"Quadro elettrico 16A 32A 5P presa 2x 230V differenziale - Road\" \/>\n<meta property=\"og:description\" content=\"Quadro elettrico 16A 32A 5P presa 2x 230V differenziale\" \/>\n<meta property=\"og:url\" content=\"https:\/\/roadeu.com\/sklep\/it\/produkt\/quadro-elettrico-16a-32a-5p-presa-2x-230v-differenziale\/\" \/>\n<meta property=\"og:site_name\" content=\"Road\" \/>\n<meta property=\"article:modified_time\" content=\"2026-01-05T13:32:34+00:00\" \/>\n<meta property=\"og:image\" content=\"https:\/\/roadeu.com\/sklep\/wp-content\/uploads\/2025\/07\/db8119ee451dbcfb59d0ef3a8812.jpg\" \/>\n\t<meta property=\"og:image:width\" content=\"1369\" \/>\n\t<meta property=\"og:image:height\" content=\"1500\" \/>\n\t<meta property=\"og:image:type\" content=\"image\/jpeg\" \/>\n<meta name=\"twitter:card\" content=\"summary_large_image\" \/>\n<meta name=\"twitter:label1\" content=\"Tempo di lettura stimato\" \/>\n\t<meta name=\"twitter:data1\" content=\"1 minuto\" \/>\n<script type=\"application\/ld+json\" class=\"yoast-schema-graph\">{\"@context\":\"https:\\\/\\\/schema.org\",\"@graph\":[{\"@type\":\"WebPage\",\"@id\":\"https:\\\/\\\/roadeu.com\\\/sklep\\\/it\\\/produkt\\\/quadro-elettrico-16a-32a-5p-presa-2x-230v-differenziale\\\/\",\"url\":\"https:\\\/\\\/roadeu.com\\\/sklep\\\/it\\\/produkt\\\/quadro-elettrico-16a-32a-5p-presa-2x-230v-differenziale\\\/\",\"name\":\"Quadro elettrico 16A 32A 5P presa 2x 230V differenziale - Road\",\"isPartOf\":{\"@id\":\"https:\\\/\\\/roadeu.com\\\/sklep\\\/it\\\/#website\"},\"primaryImageOfPage\":{\"@id\":\"https:\\\/\\\/roadeu.com\\\/sklep\\\/it\\\/produkt\\\/quadro-elettrico-16a-32a-5p-presa-2x-230v-differenziale\\\/#primaryimage\"},\"image\":{\"@id\":\"https:\\\/\\\/roadeu.com\\\/sklep\\\/it\\\/produkt\\\/quadro-elettrico-16a-32a-5p-presa-2x-230v-differenziale\\\/#primaryimage\"},\"thumbnailUrl\":\"https:\\\/\\\/roadeu.com\\\/sklep\\\/wp-content\\\/uploads\\\/2025\\\/07\\\/db8119ee451dbcfb59d0ef3a8812.jpg\",\"datePublished\":\"2025-07-16T10:00:31+00:00\",\"dateModified\":\"2026-01-05T13:32:34+00:00\",\"breadcrumb\":{\"@id\":\"https:\\\/\\\/roadeu.com\\\/sklep\\\/it\\\/produkt\\\/quadro-elettrico-16a-32a-5p-presa-2x-230v-differenziale\\\/#breadcrumb\"},\"inLanguage\":\"it-IT\",\"potentialAction\":[{\"@type\":\"ReadAction\",\"target\":[\"https:\\\/\\\/roadeu.com\\\/sklep\\\/it\\\/produkt\\\/quadro-elettrico-16a-32a-5p-presa-2x-230v-differenziale\\\/\"]}]},{\"@type\":\"ImageObject\",\"inLanguage\":\"it-IT\",\"@id\":\"https:\\\/\\\/roadeu.com\\\/sklep\\\/it\\\/produkt\\\/quadro-elettrico-16a-32a-5p-presa-2x-230v-differenziale\\\/#primaryimage\",\"url\":\"https:\\\/\\\/roadeu.com\\\/sklep\\\/wp-content\\\/uploads\\\/2025\\\/07\\\/db8119ee451dbcfb59d0ef3a8812.jpg\",\"contentUrl\":\"https:\\\/\\\/roadeu.com\\\/sklep\\\/wp-content\\\/uploads\\\/2025\\\/07\\\/db8119ee451dbcfb59d0ef3a8812.jpg\",\"width\":1369,\"height\":1500},{\"@type\":\"BreadcrumbList\",\"@id\":\"https:\\\/\\\/roadeu.com\\\/sklep\\\/it\\\/produkt\\\/quadro-elettrico-16a-32a-5p-presa-2x-230v-differenziale\\\/#breadcrumb\",\"itemListElement\":[{\"@type\":\"ListItem\",\"position\":1,\"name\":\"Strona g\u0142\u00f3wna\",\"item\":\"https:\\\/\\\/roadeu.com\\\/sklep\\\/it\\\/\"},{\"@type\":\"ListItem\",\"position\":2,\"name\":\"Negozio\",\"item\":\"https:\\\/\\\/roadeu.com\\\/sklep\\\/it\\\/\"},{\"@type\":\"ListItem\",\"position\":3,\"name\":\"Quadro elettrico 16A 32A 5P presa 2x 230V differenziale\"}]},{\"@type\":\"WebSite\",\"@id\":\"https:\\\/\\\/roadeu.com\\\/sklep\\\/it\\\/#website\",\"url\":\"https:\\\/\\\/roadeu.com\\\/sklep\\\/it\\\/\",\"name\":\"Road\",\"description\":\"Hurtownia Elektryczna w Dzier\u017coniowie. Producent sprz\u0119tu elektrycznego.\",\"potentialAction\":[{\"@type\":\"SearchAction\",\"target\":{\"@type\":\"EntryPoint\",\"urlTemplate\":\"https:\\\/\\\/roadeu.com\\\/sklep\\\/it\\\/?s={search_term_string}\"},\"query-input\":{\"@type\":\"PropertyValueSpecification\",\"valueRequired\":true,\"valueName\":\"search_term_string\"}}],\"inLanguage\":\"it-IT\"}]}<\/script>\n<!-- \/ Yoast SEO plugin. -->","yoast_head_json":{"title":"Quadro elettrico 16A 32A 5P presa 2x 230V differenziale - Road","robots":{"index":"index","follow":"follow","max-snippet":"max-snippet:-1","max-image-preview":"max-image-preview:large","max-video-preview":"max-video-preview:-1"},"canonical":"https:\/\/roadeu.com\/sklep\/it\/produkt\/quadro-elettrico-16a-32a-5p-presa-2x-230v-differenziale\/","og_locale":"it_IT","og_type":"article","og_title":"Quadro elettrico 16A 32A 5P presa 2x 230V differenziale - Road","og_description":"Quadro elettrico 16A 32A 5P presa 2x 230V differenziale","og_url":"https:\/\/roadeu.com\/sklep\/it\/produkt\/quadro-elettrico-16a-32a-5p-presa-2x-230v-differenziale\/","og_site_name":"Road","article_modified_time":"2026-01-05T13:32:34+00:00","og_image":[{"width":1369,"height":1500,"url":"https:\/\/roadeu.com\/sklep\/wp-content\/uploads\/2025\/07\/db8119ee451dbcfb59d0ef3a8812.jpg","type":"image\/jpeg"}],"twitter_card":"summary_large_image","twitter_misc":{"Tempo di lettura stimato":"1 minuto"},"schema":{"@context":"https:\/\/schema.org","@graph":[{"@type":"WebPage","@id":"https:\/\/roadeu.com\/sklep\/it\/produkt\/quadro-elettrico-16a-32a-5p-presa-2x-230v-differenziale\/","url":"https:\/\/roadeu.com\/sklep\/it\/produkt\/quadro-elettrico-16a-32a-5p-presa-2x-230v-differenziale\/","name":"Quadro elettrico 16A 32A 5P presa 2x 230V differenziale - Road","isPartOf":{"@id":"https:\/\/roadeu.com\/sklep\/it\/#website"},"primaryImageOfPage":{"@id":"https:\/\/roadeu.com\/sklep\/it\/produkt\/quadro-elettrico-16a-32a-5p-presa-2x-230v-differenziale\/#primaryimage"},"image":{"@id":"https:\/\/roadeu.com\/sklep\/it\/produkt\/quadro-elettrico-16a-32a-5p-presa-2x-230v-differenziale\/#primaryimage"},"thumbnailUrl":"https:\/\/roadeu.com\/sklep\/wp-content\/uploads\/2025\/07\/db8119ee451dbcfb59d0ef3a8812.jpg","datePublished":"2025-07-16T10:00:31+00:00","dateModified":"2026-01-05T13:32:34+00:00","breadcrumb":{"@id":"https:\/\/roadeu.com\/sklep\/it\/produkt\/quadro-elettrico-16a-32a-5p-presa-2x-230v-differenziale\/#breadcrumb"},"inLanguage":"it-IT","potentialAction":[{"@type":"ReadAction","target":["https:\/\/roadeu.com\/sklep\/it\/produkt\/quadro-elettrico-16a-32a-5p-presa-2x-230v-differenziale\/"]}]},{"@type":"ImageObject","inLanguage":"it-IT","@id":"https:\/\/roadeu.com\/sklep\/it\/produkt\/quadro-elettrico-16a-32a-5p-presa-2x-230v-differenziale\/#primaryimage","url":"https:\/\/roadeu.com\/sklep\/wp-content\/uploads\/2025\/07\/db8119ee451dbcfb59d0ef3a8812.jpg","contentUrl":"https:\/\/roadeu.com\/sklep\/wp-content\/uploads\/2025\/07\/db8119ee451dbcfb59d0ef3a8812.jpg","width":1369,"height":1500},{"@type":"BreadcrumbList","@id":"https:\/\/roadeu.com\/sklep\/it\/produkt\/quadro-elettrico-16a-32a-5p-presa-2x-230v-differenziale\/#breadcrumb","itemListElement":[{"@type":"ListItem","position":1,"name":"Strona g\u0142\u00f3wna","item":"https:\/\/roadeu.com\/sklep\/it\/"},{"@type":"ListItem","position":2,"name":"Negozio","item":"https:\/\/roadeu.com\/sklep\/it\/"},{"@type":"ListItem","position":3,"name":"Quadro elettrico 16A 32A 5P presa 2x 230V differenziale"}]},{"@type":"WebSite","@id":"https:\/\/roadeu.com\/sklep\/it\/#website","url":"https:\/\/roadeu.com\/sklep\/it\/","name":"Road","description":"Hurtownia Elektryczna w Dzier\u017coniowie. Producent sprz\u0119tu elektrycznego.","potentialAction":[{"@type":"SearchAction","target":{"@type":"EntryPoint","urlTemplate":"https:\/\/roadeu.com\/sklep\/it\/?s={search_term_string}"},"query-input":{"@type":"PropertyValueSpecification","valueRequired":true,"valueName":"search_term_string"}}],"inLanguage":"it-IT"}]}},"_links":{"self":[{"href":"https:\/\/roadeu.com\/sklep\/it\/wp-json\/wp\/v2\/product\/13953","targetHints":{"allow":["GET"]}}],"collection":[{"href":"https:\/\/roadeu.com\/sklep\/it\/wp-json\/wp\/v2\/product"}],"about":[{"href":"https:\/\/roadeu.com\/sklep\/it\/wp-json\/wp\/v2\/types\/product"}],"wp:featuredmedia":[{"embeddable":true,"href":"https:\/\/roadeu.com\/sklep\/it\/wp-json\/wp\/v2\/media\/13958"}],"wp:attachment":[{"href":"https:\/\/roadeu.com\/sklep\/it\/wp-json\/wp\/v2\/media?parent=13953"}],"wp:term":[{"taxonomy":"product_brand","embeddable":true,"href":"https:\/\/roadeu.com\/sklep\/it\/wp-json\/wp\/v2\/product_brand?post=13953"},{"taxonomy":"product_cat","embeddable":true,"href":"https:\/\/roadeu.com\/sklep\/it\/wp-json\/wp\/v2\/product_cat?post=13953"},{"taxonomy":"product_tag","embeddable":true,"href":"https:\/\/roadeu.com\/sklep\/it\/wp-json\/wp\/v2\/product_tag?post=13953"}],"curies":[{"name":"wp","href":"https:\/\/api.w.org\/{rel}","templated":true}]}}