{"id":13121,"date":"2025-07-22T10:44:26","date_gmt":"2025-07-22T08:44:26","guid":{"rendered":"https:\/\/roadeu.com\/sklep\/produkt\/quadro-equipaggiato-con-3x-c10a-7x-c16a-1x-c16a-3p-differenziale-e-unita-di-visualizzazione\/"},"modified":"2026-01-05T14:32:58","modified_gmt":"2026-01-05T13:32:58","slug":"quadro-equipaggiato-con-3x-c10a-7x-c16a-1x-c16a-3p-differenziale-e-unita-di-visualizzazione","status":"publish","type":"product","link":"https:\/\/roadeu.com\/sklep\/it\/produkt\/quadro-equipaggiato-con-3x-c10a-7x-c16a-1x-c16a-3p-differenziale-e-unita-di-visualizzazione\/","title":{"rendered":"Quadro equipaggiato con 3x C10A 7x C16A 1x C16A 3P differenziale e unit\u00e0 di visualizzazione"},"content":{"rendered":"<div class=\"mpof_ki myre_zn myre_8v_l m389_6m_l\">\n<div class=\"mp4t_16_s mryx_16_s mr3m_1 mli2_1 mh85_56 mh85_0_l\">\n<div class=\"mgn2_16 _0d3bd_am0a-\">\n<p><b>La SAFETY BOX<\/b> \u00e8 stata sviluppata per evitare forature accidentali e per evitare che il tuo corpo si rompa.<\/p>\n<p>Cortocircuiti. Un kit pronto per il collegamento con terminali N+PE garantisce un&#8217;installazione sicura. Armadietto per interruttori a superficie    <\/p>\n<p>pu\u00f2 essere utilizzato con successo come sottodistributore montato in superficie per una distribuzione ottimale dell&#8217;energia.<\/p>\n<p>&nbsp;<\/p>\n<\/div>\n<\/div>\n<\/div>\n<div class=\"mpof_ki myre_zn myre_8v_l m389_6m_l\">\n<div class=\"mp4t_16_s mryx_16_s mr3m_1 mli2_1 mh85_56 mh85_0_l\">\n<div class=\"mgn2_16 _0d3bd_am0a-\">\n<p><b>Il DISTRIBUTORE DI SICUREZZA<\/b> \u00e8 estremamente facile da installare ed \u00e8 ideale per l&#8217;uso domestico e in ufficio.<\/p>\n<p>Officina. Grazie alla classe di protezione IP42, il dispenser \u00e8 adatto all&#8217;uso in ambienti interni e offre un elevato livello di protezione.   <\/p>\n<p>Protezione affidabile contro polvere e oggetti solidi<\/p>\n<p>&nbsp;<\/p>\n<\/div>\n<\/div>\n<\/div>\n<div class=\"mpof_ki myre_zn myre_8v_l m389_6m_l\">\n<div class=\"mp4t_16_s mryx_16_s mr3m_1 mli2_1 mh85_56 mh85_0_l\">\n<div class=\"mgn2_16 _0d3bd_am0a-\">\n<p>L&#8217;<b>indicatore di tensione<\/b> misura e visualizza i valori di tensione alternata trifase nell&#8217;intervallo 80-500V AC. Serve come indicatore   <\/p>\n<p>segnale di tensione nei circuiti, il che aumenta la sicurezza del funzionamento del dispositivo e consente di rilevare tempestivamente potenziali problemi.<\/p>\n<p>&nbsp;<\/p>\n<\/div>\n<\/div>\n<\/div>\n<div class=\"mpof_ki myre_zn myre_8v_l m389_6m_l\">\n<div class=\"mp4t_16_s mryx_16_s mr3m_1 mli2_1 mh85_56 mh85_0_l\">\n<div class=\"mgn2_16 _0d3bd_am0a-\">\n<p><b>ATTREZZATURE:<\/b><\/p>\n<p><b>1x interruttore differenziale 40A 30mA 4P tipo A\/AC  <\/b><\/p>\n<p><b>3x interruttore automatico 10A 1P C<\/b><\/p>\n<p><b>7x interruttore automatico 16A 1P C<\/b><\/p>\n<p><b>1x interruttore automatico 3P C da 16A<\/b><\/p>\n<p><b>1x indicatore di tensione  <\/b><\/p>\n<p>&nbsp;<\/p>\n<\/div>\n<\/div>\n<\/div>\n<div class=\"mpof_ki myre_zn myre_8v_l m389_6m_l\">\n<div class=\"mp4t_16_s mryx_16_s mr3m_1 mli2_1 mh85_56 mh85_0_l\">\n<div class=\"mgn2_16 _0d3bd_am0a-\">\n<p><b>Il SAFE <\/b>\u00e8 preassemblato con una speciale guida di montaggio e un cavo &#8216;N&#8217;. Tutto ci\u00f2 che devi fare \u00e8 collegare l&#8217;alimentazione a 380V.   <\/p>\n<p>Questo design semplifica il processo di installazione e fa risparmiare tempo e risorse.<\/p>\n<p>Ci auguriamo che tu sia soddisfatto. In caso contrario, non preoccuparti! Basta rispedirlo e riceverai un rimborso completo.    <\/p>\n<\/div>\n<\/div>\n<\/div>\n","protected":false},"excerpt":{"rendered":"<h1 class=\"mp4t_0 mryx_0 mj7a_4 mvrt_8 mp0t_ji m9qz_yo munh_0 mqu1_1j mgmw_wo mgn2_21 mgn2_25_s\"><span style=\"font-size: 12pt;\">Quadro equipaggiato con 3x C10A 7x C16A 1x C16A 3P differenziale e unit\u00e0 di visualizzazione<\/span><\/h1>\n","protected":false},"featured_media":13128,"template":"","meta":[],"product_brand":[396],"product_cat":[393],"product_tag":[],"class_list":{"0":"post-13121","1":"product","2":"type-product","3":"status-publish","4":"has-post-thumbnail","6":"product_brand-roadeu","7":"product_cat-quadro-elettrico-con-protezione","9":"first","10":"instock","11":"taxable","12":"shipping-taxable","13":"purchasable","14":"product-type-simple"},"yoast_head":"<!-- This site is optimized with the Yoast SEO plugin v27.3 - https:\/\/yoast.com\/product\/yoast-seo-wordpress\/ -->\n<title>Quadro equipaggiato con 3x C10A 7x C16A 1x C16A 3P differenziale e unit\u00e0 di visualizzazione - Road<\/title>\n<meta name=\"robots\" content=\"index, follow, max-snippet:-1, max-image-preview:large, max-video-preview:-1\" \/>\n<link rel=\"canonical\" href=\"https:\/\/roadeu.com\/sklep\/it\/produkt\/quadro-equipaggiato-con-3x-c10a-7x-c16a-1x-c16a-3p-differenziale-e-unita-di-visualizzazione\/\" \/>\n<meta property=\"og:locale\" content=\"it_IT\" \/>\n<meta property=\"og:type\" content=\"article\" \/>\n<meta property=\"og:title\" content=\"Quadro equipaggiato con 3x C10A 7x C16A 1x C16A 3P differenziale e unit\u00e0 di visualizzazione - Road\" \/>\n<meta property=\"og:description\" content=\"Quadro equipaggiato con 3x C10A 7x C16A 1x C16A 3P differenziale e unit\u00e0 di visualizzazione\" \/>\n<meta property=\"og:url\" content=\"https:\/\/roadeu.com\/sklep\/it\/produkt\/quadro-equipaggiato-con-3x-c10a-7x-c16a-1x-c16a-3p-differenziale-e-unita-di-visualizzazione\/\" \/>\n<meta property=\"og:site_name\" content=\"Road\" \/>\n<meta property=\"article:modified_time\" content=\"2026-01-05T13:32:58+00:00\" \/>\n<meta property=\"og:image\" content=\"https:\/\/roadeu.com\/sklep\/wp-content\/uploads\/2025\/07\/6e363bac402ab0ff899ccb010909.jpg\" \/>\n\t<meta property=\"og:image:width\" content=\"1159\" \/>\n\t<meta property=\"og:image:height\" content=\"612\" \/>\n\t<meta property=\"og:image:type\" content=\"image\/jpeg\" \/>\n<meta name=\"twitter:card\" content=\"summary_large_image\" \/>\n<meta name=\"twitter:label1\" content=\"Tempo di lettura stimato\" \/>\n\t<meta name=\"twitter:data1\" content=\"1 minuto\" \/>\n<script type=\"application\/ld+json\" class=\"yoast-schema-graph\">{\"@context\":\"https:\\\/\\\/schema.org\",\"@graph\":[{\"@type\":\"WebPage\",\"@id\":\"https:\\\/\\\/roadeu.com\\\/sklep\\\/it\\\/produkt\\\/quadro-equipaggiato-con-3x-c10a-7x-c16a-1x-c16a-3p-differenziale-e-unita-di-visualizzazione\\\/\",\"url\":\"https:\\\/\\\/roadeu.com\\\/sklep\\\/it\\\/produkt\\\/quadro-equipaggiato-con-3x-c10a-7x-c16a-1x-c16a-3p-differenziale-e-unita-di-visualizzazione\\\/\",\"name\":\"Quadro equipaggiato con 3x C10A 7x C16A 1x C16A 3P differenziale e unit\u00e0 di visualizzazione - Road\",\"isPartOf\":{\"@id\":\"https:\\\/\\\/roadeu.com\\\/sklep\\\/it\\\/#website\"},\"primaryImageOfPage\":{\"@id\":\"https:\\\/\\\/roadeu.com\\\/sklep\\\/it\\\/produkt\\\/quadro-equipaggiato-con-3x-c10a-7x-c16a-1x-c16a-3p-differenziale-e-unita-di-visualizzazione\\\/#primaryimage\"},\"image\":{\"@id\":\"https:\\\/\\\/roadeu.com\\\/sklep\\\/it\\\/produkt\\\/quadro-equipaggiato-con-3x-c10a-7x-c16a-1x-c16a-3p-differenziale-e-unita-di-visualizzazione\\\/#primaryimage\"},\"thumbnailUrl\":\"https:\\\/\\\/roadeu.com\\\/sklep\\\/wp-content\\\/uploads\\\/2025\\\/07\\\/6e363bac402ab0ff899ccb010909.jpg\",\"datePublished\":\"2025-07-22T08:44:26+00:00\",\"dateModified\":\"2026-01-05T13:32:58+00:00\",\"breadcrumb\":{\"@id\":\"https:\\\/\\\/roadeu.com\\\/sklep\\\/it\\\/produkt\\\/quadro-equipaggiato-con-3x-c10a-7x-c16a-1x-c16a-3p-differenziale-e-unita-di-visualizzazione\\\/#breadcrumb\"},\"inLanguage\":\"it-IT\",\"potentialAction\":[{\"@type\":\"ReadAction\",\"target\":[\"https:\\\/\\\/roadeu.com\\\/sklep\\\/it\\\/produkt\\\/quadro-equipaggiato-con-3x-c10a-7x-c16a-1x-c16a-3p-differenziale-e-unita-di-visualizzazione\\\/\"]}]},{\"@type\":\"ImageObject\",\"inLanguage\":\"it-IT\",\"@id\":\"https:\\\/\\\/roadeu.com\\\/sklep\\\/it\\\/produkt\\\/quadro-equipaggiato-con-3x-c10a-7x-c16a-1x-c16a-3p-differenziale-e-unita-di-visualizzazione\\\/#primaryimage\",\"url\":\"https:\\\/\\\/roadeu.com\\\/sklep\\\/wp-content\\\/uploads\\\/2025\\\/07\\\/6e363bac402ab0ff899ccb010909.jpg\",\"contentUrl\":\"https:\\\/\\\/roadeu.com\\\/sklep\\\/wp-content\\\/uploads\\\/2025\\\/07\\\/6e363bac402ab0ff899ccb010909.jpg\",\"width\":1159,\"height\":612},{\"@type\":\"BreadcrumbList\",\"@id\":\"https:\\\/\\\/roadeu.com\\\/sklep\\\/it\\\/produkt\\\/quadro-equipaggiato-con-3x-c10a-7x-c16a-1x-c16a-3p-differenziale-e-unita-di-visualizzazione\\\/#breadcrumb\",\"itemListElement\":[{\"@type\":\"ListItem\",\"position\":1,\"name\":\"Strona g\u0142\u00f3wna\",\"item\":\"https:\\\/\\\/roadeu.com\\\/sklep\\\/it\\\/\"},{\"@type\":\"ListItem\",\"position\":2,\"name\":\"Negozio\",\"item\":\"https:\\\/\\\/roadeu.com\\\/sklep\\\/it\\\/\"},{\"@type\":\"ListItem\",\"position\":3,\"name\":\"Quadro equipaggiato con 3x C10A 7x C16A 1x C16A 3P differenziale e unit\u00e0 di visualizzazione\"}]},{\"@type\":\"WebSite\",\"@id\":\"https:\\\/\\\/roadeu.com\\\/sklep\\\/it\\\/#website\",\"url\":\"https:\\\/\\\/roadeu.com\\\/sklep\\\/it\\\/\",\"name\":\"Road\",\"description\":\"Hurtownia Elektryczna w Dzier\u017coniowie. Producent sprz\u0119tu elektrycznego.\",\"potentialAction\":[{\"@type\":\"SearchAction\",\"target\":{\"@type\":\"EntryPoint\",\"urlTemplate\":\"https:\\\/\\\/roadeu.com\\\/sklep\\\/it\\\/?s={search_term_string}\"},\"query-input\":{\"@type\":\"PropertyValueSpecification\",\"valueRequired\":true,\"valueName\":\"search_term_string\"}}],\"inLanguage\":\"it-IT\"}]}<\/script>\n<!-- \/ Yoast SEO plugin. -->","yoast_head_json":{"title":"Quadro equipaggiato con 3x C10A 7x C16A 1x C16A 3P differenziale e unit\u00e0 di visualizzazione - Road","robots":{"index":"index","follow":"follow","max-snippet":"max-snippet:-1","max-image-preview":"max-image-preview:large","max-video-preview":"max-video-preview:-1"},"canonical":"https:\/\/roadeu.com\/sklep\/it\/produkt\/quadro-equipaggiato-con-3x-c10a-7x-c16a-1x-c16a-3p-differenziale-e-unita-di-visualizzazione\/","og_locale":"it_IT","og_type":"article","og_title":"Quadro equipaggiato con 3x C10A 7x C16A 1x C16A 3P differenziale e unit\u00e0 di visualizzazione - Road","og_description":"Quadro equipaggiato con 3x C10A 7x C16A 1x C16A 3P differenziale e unit\u00e0 di visualizzazione","og_url":"https:\/\/roadeu.com\/sklep\/it\/produkt\/quadro-equipaggiato-con-3x-c10a-7x-c16a-1x-c16a-3p-differenziale-e-unita-di-visualizzazione\/","og_site_name":"Road","article_modified_time":"2026-01-05T13:32:58+00:00","og_image":[{"width":1159,"height":612,"url":"https:\/\/roadeu.com\/sklep\/wp-content\/uploads\/2025\/07\/6e363bac402ab0ff899ccb010909.jpg","type":"image\/jpeg"}],"twitter_card":"summary_large_image","twitter_misc":{"Tempo di lettura stimato":"1 minuto"},"schema":{"@context":"https:\/\/schema.org","@graph":[{"@type":"WebPage","@id":"https:\/\/roadeu.com\/sklep\/it\/produkt\/quadro-equipaggiato-con-3x-c10a-7x-c16a-1x-c16a-3p-differenziale-e-unita-di-visualizzazione\/","url":"https:\/\/roadeu.com\/sklep\/it\/produkt\/quadro-equipaggiato-con-3x-c10a-7x-c16a-1x-c16a-3p-differenziale-e-unita-di-visualizzazione\/","name":"Quadro equipaggiato con 3x C10A 7x C16A 1x C16A 3P differenziale e unit\u00e0 di visualizzazione - Road","isPartOf":{"@id":"https:\/\/roadeu.com\/sklep\/it\/#website"},"primaryImageOfPage":{"@id":"https:\/\/roadeu.com\/sklep\/it\/produkt\/quadro-equipaggiato-con-3x-c10a-7x-c16a-1x-c16a-3p-differenziale-e-unita-di-visualizzazione\/#primaryimage"},"image":{"@id":"https:\/\/roadeu.com\/sklep\/it\/produkt\/quadro-equipaggiato-con-3x-c10a-7x-c16a-1x-c16a-3p-differenziale-e-unita-di-visualizzazione\/#primaryimage"},"thumbnailUrl":"https:\/\/roadeu.com\/sklep\/wp-content\/uploads\/2025\/07\/6e363bac402ab0ff899ccb010909.jpg","datePublished":"2025-07-22T08:44:26+00:00","dateModified":"2026-01-05T13:32:58+00:00","breadcrumb":{"@id":"https:\/\/roadeu.com\/sklep\/it\/produkt\/quadro-equipaggiato-con-3x-c10a-7x-c16a-1x-c16a-3p-differenziale-e-unita-di-visualizzazione\/#breadcrumb"},"inLanguage":"it-IT","potentialAction":[{"@type":"ReadAction","target":["https:\/\/roadeu.com\/sklep\/it\/produkt\/quadro-equipaggiato-con-3x-c10a-7x-c16a-1x-c16a-3p-differenziale-e-unita-di-visualizzazione\/"]}]},{"@type":"ImageObject","inLanguage":"it-IT","@id":"https:\/\/roadeu.com\/sklep\/it\/produkt\/quadro-equipaggiato-con-3x-c10a-7x-c16a-1x-c16a-3p-differenziale-e-unita-di-visualizzazione\/#primaryimage","url":"https:\/\/roadeu.com\/sklep\/wp-content\/uploads\/2025\/07\/6e363bac402ab0ff899ccb010909.jpg","contentUrl":"https:\/\/roadeu.com\/sklep\/wp-content\/uploads\/2025\/07\/6e363bac402ab0ff899ccb010909.jpg","width":1159,"height":612},{"@type":"BreadcrumbList","@id":"https:\/\/roadeu.com\/sklep\/it\/produkt\/quadro-equipaggiato-con-3x-c10a-7x-c16a-1x-c16a-3p-differenziale-e-unita-di-visualizzazione\/#breadcrumb","itemListElement":[{"@type":"ListItem","position":1,"name":"Strona g\u0142\u00f3wna","item":"https:\/\/roadeu.com\/sklep\/it\/"},{"@type":"ListItem","position":2,"name":"Negozio","item":"https:\/\/roadeu.com\/sklep\/it\/"},{"@type":"ListItem","position":3,"name":"Quadro equipaggiato con 3x C10A 7x C16A 1x C16A 3P differenziale e unit\u00e0 di visualizzazione"}]},{"@type":"WebSite","@id":"https:\/\/roadeu.com\/sklep\/it\/#website","url":"https:\/\/roadeu.com\/sklep\/it\/","name":"Road","description":"Hurtownia Elektryczna w Dzier\u017coniowie. Producent sprz\u0119tu elektrycznego.","potentialAction":[{"@type":"SearchAction","target":{"@type":"EntryPoint","urlTemplate":"https:\/\/roadeu.com\/sklep\/it\/?s={search_term_string}"},"query-input":{"@type":"PropertyValueSpecification","valueRequired":true,"valueName":"search_term_string"}}],"inLanguage":"it-IT"}]}},"_links":{"self":[{"href":"https:\/\/roadeu.com\/sklep\/it\/wp-json\/wp\/v2\/product\/13121","targetHints":{"allow":["GET"]}}],"collection":[{"href":"https:\/\/roadeu.com\/sklep\/it\/wp-json\/wp\/v2\/product"}],"about":[{"href":"https:\/\/roadeu.com\/sklep\/it\/wp-json\/wp\/v2\/types\/product"}],"wp:featuredmedia":[{"embeddable":true,"href":"https:\/\/roadeu.com\/sklep\/it\/wp-json\/wp\/v2\/media\/13128"}],"wp:attachment":[{"href":"https:\/\/roadeu.com\/sklep\/it\/wp-json\/wp\/v2\/media?parent=13121"}],"wp:term":[{"taxonomy":"product_brand","embeddable":true,"href":"https:\/\/roadeu.com\/sklep\/it\/wp-json\/wp\/v2\/product_brand?post=13121"},{"taxonomy":"product_cat","embeddable":true,"href":"https:\/\/roadeu.com\/sklep\/it\/wp-json\/wp\/v2\/product_cat?post=13121"},{"taxonomy":"product_tag","embeddable":true,"href":"https:\/\/roadeu.com\/sklep\/it\/wp-json\/wp\/v2\/product_tag?post=13121"}],"curies":[{"name":"wp","href":"https:\/\/api.w.org\/{rel}","templated":true}]}}