{"id":8503,"date":"2025-07-22T14:16:12","date_gmt":"2025-07-22T12:16:12","guid":{"rendered":"https:\/\/roadeu.com\/sklep\/produkt\/adaptateur-380v-a-230v-fiche-dalimentation-16a-a-230v-triple-prise-10m\/"},"modified":"2026-01-05T14:31:02","modified_gmt":"2026-01-05T13:31:02","slug":"adaptateur-380v-a-230v-fiche-dalimentation-16a-a-230v-triple-prise-10m","status":"publish","type":"product","link":"https:\/\/roadeu.com\/sklep\/fr\/produkt\/adaptateur-380v-a-230v-fiche-dalimentation-16a-a-230v-triple-prise-10m\/","title":{"rendered":"Adaptateur 380V \u00e0 230V Fiche d&rsquo;alimentation 16A \u00e0 230V Triple prise. 10m"},"content":{"rendered":"<div class=\"app-container\">\n<div class=\"mgn2_14 mp0t_0a mqu1_21 mli8_k4 mgmw_wo msts_pt _0d3bd_K6Qpj\">\n<div class=\"mpof_ki myre_zn myre_8v_l m389_6m_l\">\n<div class=\"mp4t_16_s mryx_16_s mr3m_1 mli2_1 mh85_56 mh85_0_l\">\n<div class=\"mgn2_16 _0d3bd_am0a-\">\n<ul>\n<li><b>R\u00e9partiteur 16A<\/b> avec fiche 5P 16A de haute qualit\u00e9, poign\u00e9e en caoutchouc. C\u00e2ble en cuivre avec gaine en caoutchouc. <\/li>\n<\/ul>\n<p>Composants robustes de fabrication europ\u00e9enne.<\/p>\n<p>\u00a0<\/p>\n<ul>\n<li>La <b>classe de protection IP44<\/b> (protection contre les corps \u00e9trangers et les projections d\u2019eau) permet l\u2019utilisation d\u2019un adaptateur.<\/li>\n<\/ul>\n<p>comme distributeur d\u2019\u00e9nergie 16A sur un chantier ext\u00e9rieur ou int\u00e9rieur.<\/p>\n<p>\u00a0<\/p>\n<p><b>Donn\u00e9es techniques<\/b>:<\/p>\n<p>400V 16A prise CEE \u00e0 5 broches,<\/p>\n<p>3x Schuko 230V socket connector \u2013 Chaque prise 230V est connect\u00e9e \u00e0 une phase s\u00e9par\u00e9e.<\/p>\n<p>C\u00e2ble : OW 5\u00d72,5mm2 Longueur : 10 m<\/p>\n<p>\u00a0<\/p>\n<ul>\n<li><b>C\u00e2ble 16A :<\/b> r\u00e9sistant \u00e0 l\u2019abrasion, aux chocs, \u00e0 la rupture, aux graisses et aux huiles min\u00e9rales. Gr\u00e2ce \u00e0 ces caract\u00e9ristiques <\/li>\n<\/ul>\n<p>L\u2019adaptateur peut \u00eatre utilis\u00e9 aussi bien \u00e0 la maison que sur les chantiers.<\/p>\n<p>\u00a0<\/p>\n<ul>\n<li><b>Garantie de qualit\u00e9<\/b> \u2013 nous sommes convaincus de la qualit\u00e9 de ce produit et esp\u00e9rons que vous serez satisfait.<\/li>\n<\/ul>\n<p>Si ce n\u2019est pas le cas, ne vous inqui\u00e9tez pas ! Il vous suffit de le renvoyer et de vous faire rembourser int\u00e9gralement le prix d\u2019achat. <\/p>\n<\/div>\n<\/div>\n<\/div>\n<\/div>\n<\/div>\n","protected":false},"excerpt":{"rendered":"<h1 class=\"mp4t_0 mryx_0 mj7a_4 mvrt_8 mp0t_ji m9qz_yo munh_0 mqu1_1j mgmw_wo mgn2_21 mgn2_25_s\"><span style=\"font-size: 12pt;\">Adaptateur 380V \u00e0 230V Fiche d&rsquo;alimentation 16A \u00e0 230V Triple prise. 10m <\/span><\/h1>\n","protected":false},"featured_media":8180,"template":"","meta":[],"product_brand":[378],"product_cat":[368],"product_tag":[],"class_list":{"0":"post-8503","1":"product","2":"type-product","3":"status-publish","4":"has-post-thumbnail","6":"product_brand-roadeu-fr","7":"product_cat-adaptateurs-et-cables-dextension","9":"first","10":"instock","11":"taxable","12":"shipping-taxable","13":"purchasable","14":"product-type-simple"},"yoast_head":"<!-- This site is optimized with the Yoast SEO plugin v27.5 - https:\/\/yoast.com\/product\/yoast-seo-wordpress\/ -->\n<title>Adaptateur 380V \u00e0 230V Fiche d&#039;alimentation 16A \u00e0 230V Triple prise. 10m - Road<\/title>\n<meta name=\"robots\" content=\"index, follow, max-snippet:-1, max-image-preview:large, max-video-preview:-1\" \/>\n<link rel=\"canonical\" href=\"https:\/\/roadeu.com\/sklep\/fr\/produkt\/adaptateur-380v-a-230v-fiche-dalimentation-16a-a-230v-triple-prise-10m\/\" \/>\n<meta property=\"og:locale\" content=\"fr_FR\" \/>\n<meta property=\"og:type\" content=\"article\" \/>\n<meta property=\"og:title\" content=\"Adaptateur 380V \u00e0 230V Fiche d&#039;alimentation 16A \u00e0 230V Triple prise. 10m - Road\" \/>\n<meta property=\"og:description\" content=\"Adaptateur 380V \u00e0 230V Fiche d&#039;alimentation 16A \u00e0 230V Triple prise. 10m\" \/>\n<meta property=\"og:url\" content=\"https:\/\/roadeu.com\/sklep\/fr\/produkt\/adaptateur-380v-a-230v-fiche-dalimentation-16a-a-230v-triple-prise-10m\/\" \/>\n<meta property=\"og:site_name\" content=\"Road\" \/>\n<meta property=\"article:modified_time\" content=\"2026-01-05T13:31:02+00:00\" \/>\n<meta property=\"og:image\" content=\"https:\/\/roadeu.com\/sklep\/wp-content\/uploads\/2025\/07\/43431b0d4d0eb6e1c44373899a6f-1.jpg\" \/>\n\t<meta property=\"og:image:width\" content=\"2560\" \/>\n\t<meta property=\"og:image:height\" content=\"2560\" \/>\n\t<meta property=\"og:image:type\" content=\"image\/jpeg\" \/>\n<meta name=\"twitter:card\" content=\"summary_large_image\" \/>\n<meta name=\"twitter:label1\" content=\"Dur\u00e9e de lecture estim\u00e9e\" \/>\n\t<meta name=\"twitter:data1\" content=\"1 minute\" \/>\n<script type=\"application\/ld+json\" class=\"yoast-schema-graph\">{\"@context\":\"https:\\\/\\\/schema.org\",\"@graph\":[{\"@type\":\"WebPage\",\"@id\":\"https:\\\/\\\/roadeu.com\\\/sklep\\\/fr\\\/produkt\\\/adaptateur-380v-a-230v-fiche-dalimentation-16a-a-230v-triple-prise-10m\\\/\",\"url\":\"https:\\\/\\\/roadeu.com\\\/sklep\\\/fr\\\/produkt\\\/adaptateur-380v-a-230v-fiche-dalimentation-16a-a-230v-triple-prise-10m\\\/\",\"name\":\"Adaptateur 380V \u00e0 230V Fiche d'alimentation 16A \u00e0 230V Triple prise. 10m - Road\",\"isPartOf\":{\"@id\":\"https:\\\/\\\/roadeu.com\\\/sklep\\\/fr\\\/#website\"},\"primaryImageOfPage\":{\"@id\":\"https:\\\/\\\/roadeu.com\\\/sklep\\\/fr\\\/produkt\\\/adaptateur-380v-a-230v-fiche-dalimentation-16a-a-230v-triple-prise-10m\\\/#primaryimage\"},\"image\":{\"@id\":\"https:\\\/\\\/roadeu.com\\\/sklep\\\/fr\\\/produkt\\\/adaptateur-380v-a-230v-fiche-dalimentation-16a-a-230v-triple-prise-10m\\\/#primaryimage\"},\"thumbnailUrl\":\"https:\\\/\\\/roadeu.com\\\/sklep\\\/wp-content\\\/uploads\\\/2025\\\/07\\\/43431b0d4d0eb6e1c44373899a6f-1.jpg\",\"datePublished\":\"2025-07-22T12:16:12+00:00\",\"dateModified\":\"2026-01-05T13:31:02+00:00\",\"breadcrumb\":{\"@id\":\"https:\\\/\\\/roadeu.com\\\/sklep\\\/fr\\\/produkt\\\/adaptateur-380v-a-230v-fiche-dalimentation-16a-a-230v-triple-prise-10m\\\/#breadcrumb\"},\"inLanguage\":\"fr-FR\",\"potentialAction\":[{\"@type\":\"ReadAction\",\"target\":[\"https:\\\/\\\/roadeu.com\\\/sklep\\\/fr\\\/produkt\\\/adaptateur-380v-a-230v-fiche-dalimentation-16a-a-230v-triple-prise-10m\\\/\"]}]},{\"@type\":\"ImageObject\",\"inLanguage\":\"fr-FR\",\"@id\":\"https:\\\/\\\/roadeu.com\\\/sklep\\\/fr\\\/produkt\\\/adaptateur-380v-a-230v-fiche-dalimentation-16a-a-230v-triple-prise-10m\\\/#primaryimage\",\"url\":\"https:\\\/\\\/roadeu.com\\\/sklep\\\/wp-content\\\/uploads\\\/2025\\\/07\\\/43431b0d4d0eb6e1c44373899a6f-1.jpg\",\"contentUrl\":\"https:\\\/\\\/roadeu.com\\\/sklep\\\/wp-content\\\/uploads\\\/2025\\\/07\\\/43431b0d4d0eb6e1c44373899a6f-1.jpg\",\"width\":2560,\"height\":2560,\"caption\":\"a18b566a447c44fafa2ee6c147649c1e4e7d51147f92cdfcea7b234fd4ad513df9284e287f0cf60cf5b229c4ddfe15c86af5ff2742f2939925dfee2e85208ccc0b5c714a5170bb5bdb473917c44ad918\"},{\"@type\":\"BreadcrumbList\",\"@id\":\"https:\\\/\\\/roadeu.com\\\/sklep\\\/fr\\\/produkt\\\/adaptateur-380v-a-230v-fiche-dalimentation-16a-a-230v-triple-prise-10m\\\/#breadcrumb\",\"itemListElement\":[{\"@type\":\"ListItem\",\"position\":1,\"name\":\"Strona g\u0142\u00f3wna\",\"item\":\"https:\\\/\\\/roadeu.com\\\/sklep\\\/fr\\\/boutique\\\/\"},{\"@type\":\"ListItem\",\"position\":2,\"name\":\"Boutique\",\"item\":\"https:\\\/\\\/roadeu.com\\\/sklep\\\/fr\\\/boutique\\\/\"},{\"@type\":\"ListItem\",\"position\":3,\"name\":\"Adaptateur 380V \u00e0 230V Fiche d&rsquo;alimentation 16A \u00e0 230V Triple prise. 10m\"}]},{\"@type\":\"WebSite\",\"@id\":\"https:\\\/\\\/roadeu.com\\\/sklep\\\/fr\\\/#website\",\"url\":\"https:\\\/\\\/roadeu.com\\\/sklep\\\/fr\\\/\",\"name\":\"Road\",\"description\":\"Hurtownia Elektryczna w Dzier\u017coniowie. Producent sprz\u0119tu elektrycznego.\",\"publisher\":{\"@id\":\"https:\\\/\\\/roadeu.com\\\/sklep\\\/fr\\\/#organization\"},\"potentialAction\":[{\"@type\":\"SearchAction\",\"target\":{\"@type\":\"EntryPoint\",\"urlTemplate\":\"https:\\\/\\\/roadeu.com\\\/sklep\\\/fr\\\/?s={search_term_string}\"},\"query-input\":{\"@type\":\"PropertyValueSpecification\",\"valueRequired\":true,\"valueName\":\"search_term_string\"}}],\"inLanguage\":\"fr-FR\"},{\"@type\":\"Organization\",\"@id\":\"https:\\\/\\\/roadeu.com\\\/sklep\\\/fr\\\/#organization\",\"name\":\"Road\",\"url\":\"https:\\\/\\\/roadeu.com\\\/sklep\\\/fr\\\/\",\"logo\":{\"@type\":\"ImageObject\",\"inLanguage\":\"fr-FR\",\"@id\":\"https:\\\/\\\/roadeu.com\\\/sklep\\\/fr\\\/#\\\/schema\\\/logo\\\/image\\\/\",\"url\":\"https:\\\/\\\/roadeu.com\\\/sklep\\\/wp-content\\\/uploads\\\/2025\\\/05\\\/logotype-lg-pl.png\",\"contentUrl\":\"https:\\\/\\\/roadeu.com\\\/sklep\\\/wp-content\\\/uploads\\\/2025\\\/05\\\/logotype-lg-pl.png\",\"width\":300,\"height\":70,\"caption\":\"Road\"},\"image\":{\"@id\":\"https:\\\/\\\/roadeu.com\\\/sklep\\\/fr\\\/#\\\/schema\\\/logo\\\/image\\\/\"}}]}<\/script>\n<!-- \/ Yoast SEO plugin. -->","yoast_head_json":{"title":"Adaptateur 380V \u00e0 230V Fiche d'alimentation 16A \u00e0 230V Triple prise. 10m - Road","robots":{"index":"index","follow":"follow","max-snippet":"max-snippet:-1","max-image-preview":"max-image-preview:large","max-video-preview":"max-video-preview:-1"},"canonical":"https:\/\/roadeu.com\/sklep\/fr\/produkt\/adaptateur-380v-a-230v-fiche-dalimentation-16a-a-230v-triple-prise-10m\/","og_locale":"fr_FR","og_type":"article","og_title":"Adaptateur 380V \u00e0 230V Fiche d'alimentation 16A \u00e0 230V Triple prise. 10m - Road","og_description":"Adaptateur 380V \u00e0 230V Fiche d'alimentation 16A \u00e0 230V Triple prise. 10m","og_url":"https:\/\/roadeu.com\/sklep\/fr\/produkt\/adaptateur-380v-a-230v-fiche-dalimentation-16a-a-230v-triple-prise-10m\/","og_site_name":"Road","article_modified_time":"2026-01-05T13:31:02+00:00","og_image":[{"width":2560,"height":2560,"url":"https:\/\/roadeu.com\/sklep\/wp-content\/uploads\/2025\/07\/43431b0d4d0eb6e1c44373899a6f-1.jpg","type":"image\/jpeg"}],"twitter_card":"summary_large_image","twitter_misc":{"Dur\u00e9e de lecture estim\u00e9e":"1 minute"},"schema":{"@context":"https:\/\/schema.org","@graph":[{"@type":"WebPage","@id":"https:\/\/roadeu.com\/sklep\/fr\/produkt\/adaptateur-380v-a-230v-fiche-dalimentation-16a-a-230v-triple-prise-10m\/","url":"https:\/\/roadeu.com\/sklep\/fr\/produkt\/adaptateur-380v-a-230v-fiche-dalimentation-16a-a-230v-triple-prise-10m\/","name":"Adaptateur 380V \u00e0 230V Fiche d'alimentation 16A \u00e0 230V Triple prise. 10m - Road","isPartOf":{"@id":"https:\/\/roadeu.com\/sklep\/fr\/#website"},"primaryImageOfPage":{"@id":"https:\/\/roadeu.com\/sklep\/fr\/produkt\/adaptateur-380v-a-230v-fiche-dalimentation-16a-a-230v-triple-prise-10m\/#primaryimage"},"image":{"@id":"https:\/\/roadeu.com\/sklep\/fr\/produkt\/adaptateur-380v-a-230v-fiche-dalimentation-16a-a-230v-triple-prise-10m\/#primaryimage"},"thumbnailUrl":"https:\/\/roadeu.com\/sklep\/wp-content\/uploads\/2025\/07\/43431b0d4d0eb6e1c44373899a6f-1.jpg","datePublished":"2025-07-22T12:16:12+00:00","dateModified":"2026-01-05T13:31:02+00:00","breadcrumb":{"@id":"https:\/\/roadeu.com\/sklep\/fr\/produkt\/adaptateur-380v-a-230v-fiche-dalimentation-16a-a-230v-triple-prise-10m\/#breadcrumb"},"inLanguage":"fr-FR","potentialAction":[{"@type":"ReadAction","target":["https:\/\/roadeu.com\/sklep\/fr\/produkt\/adaptateur-380v-a-230v-fiche-dalimentation-16a-a-230v-triple-prise-10m\/"]}]},{"@type":"ImageObject","inLanguage":"fr-FR","@id":"https:\/\/roadeu.com\/sklep\/fr\/produkt\/adaptateur-380v-a-230v-fiche-dalimentation-16a-a-230v-triple-prise-10m\/#primaryimage","url":"https:\/\/roadeu.com\/sklep\/wp-content\/uploads\/2025\/07\/43431b0d4d0eb6e1c44373899a6f-1.jpg","contentUrl":"https:\/\/roadeu.com\/sklep\/wp-content\/uploads\/2025\/07\/43431b0d4d0eb6e1c44373899a6f-1.jpg","width":2560,"height":2560,"caption":"a18b566a447c44fafa2ee6c147649c1e4e7d51147f92cdfcea7b234fd4ad513df9284e287f0cf60cf5b229c4ddfe15c86af5ff2742f2939925dfee2e85208ccc0b5c714a5170bb5bdb473917c44ad918"},{"@type":"BreadcrumbList","@id":"https:\/\/roadeu.com\/sklep\/fr\/produkt\/adaptateur-380v-a-230v-fiche-dalimentation-16a-a-230v-triple-prise-10m\/#breadcrumb","itemListElement":[{"@type":"ListItem","position":1,"name":"Strona g\u0142\u00f3wna","item":"https:\/\/roadeu.com\/sklep\/fr\/boutique\/"},{"@type":"ListItem","position":2,"name":"Boutique","item":"https:\/\/roadeu.com\/sklep\/fr\/boutique\/"},{"@type":"ListItem","position":3,"name":"Adaptateur 380V \u00e0 230V Fiche d&rsquo;alimentation 16A \u00e0 230V Triple prise. 10m"}]},{"@type":"WebSite","@id":"https:\/\/roadeu.com\/sklep\/fr\/#website","url":"https:\/\/roadeu.com\/sklep\/fr\/","name":"Road","description":"Hurtownia Elektryczna w Dzier\u017coniowie. Producent sprz\u0119tu elektrycznego.","publisher":{"@id":"https:\/\/roadeu.com\/sklep\/fr\/#organization"},"potentialAction":[{"@type":"SearchAction","target":{"@type":"EntryPoint","urlTemplate":"https:\/\/roadeu.com\/sklep\/fr\/?s={search_term_string}"},"query-input":{"@type":"PropertyValueSpecification","valueRequired":true,"valueName":"search_term_string"}}],"inLanguage":"fr-FR"},{"@type":"Organization","@id":"https:\/\/roadeu.com\/sklep\/fr\/#organization","name":"Road","url":"https:\/\/roadeu.com\/sklep\/fr\/","logo":{"@type":"ImageObject","inLanguage":"fr-FR","@id":"https:\/\/roadeu.com\/sklep\/fr\/#\/schema\/logo\/image\/","url":"https:\/\/roadeu.com\/sklep\/wp-content\/uploads\/2025\/05\/logotype-lg-pl.png","contentUrl":"https:\/\/roadeu.com\/sklep\/wp-content\/uploads\/2025\/05\/logotype-lg-pl.png","width":300,"height":70,"caption":"Road"},"image":{"@id":"https:\/\/roadeu.com\/sklep\/fr\/#\/schema\/logo\/image\/"}}]}},"_links":{"self":[{"href":"https:\/\/roadeu.com\/sklep\/fr\/wp-json\/wp\/v2\/product\/8503","targetHints":{"allow":["GET"]}}],"collection":[{"href":"https:\/\/roadeu.com\/sklep\/fr\/wp-json\/wp\/v2\/product"}],"about":[{"href":"https:\/\/roadeu.com\/sklep\/fr\/wp-json\/wp\/v2\/types\/product"}],"wp:featuredmedia":[{"embeddable":true,"href":"https:\/\/roadeu.com\/sklep\/fr\/wp-json\/wp\/v2\/media\/8180"}],"wp:attachment":[{"href":"https:\/\/roadeu.com\/sklep\/fr\/wp-json\/wp\/v2\/media?parent=8503"}],"wp:term":[{"taxonomy":"product_brand","embeddable":true,"href":"https:\/\/roadeu.com\/sklep\/fr\/wp-json\/wp\/v2\/product_brand?post=8503"},{"taxonomy":"product_cat","embeddable":true,"href":"https:\/\/roadeu.com\/sklep\/fr\/wp-json\/wp\/v2\/product_cat?post=8503"},{"taxonomy":"product_tag","embeddable":true,"href":"https:\/\/roadeu.com\/sklep\/fr\/wp-json\/wp\/v2\/product_tag?post=8503"}],"curies":[{"name":"wp","href":"https:\/\/api.w.org\/{rel}","templated":true}]}}