{"id":8500,"date":"2025-07-15T10:21:30","date_gmt":"2025-07-15T08:21:30","guid":{"rendered":"https:\/\/roadeu.com\/sklep\/produkt\/tableau-electrique-4x-prise-230v-interrupteur-2x-c-16a\/"},"modified":"2026-01-05T14:30:19","modified_gmt":"2026-01-05T13:30:19","slug":"tableau-electrique-4x-prise-230v-interrupteur-2x-c-16a","status":"publish","type":"product","link":"https:\/\/roadeu.com\/sklep\/fr\/produkt\/tableau-electrique-4x-prise-230v-interrupteur-2x-c-16a\/","title":{"rendered":"Tableau \u00e9lectrique 4x prise 230V Interrupteur 2x C 16A"},"content":{"rendered":"<div class=\"mpof_ki myre_zn myre_8v_l m389_6m_l\">\n<div class=\"mp4t_16_s mryx_16_s mr3m_1 mli2_1 mh85_56 mh85_0_l\">\n<div class=\"mgn2_16 _0d3bd_am0a-\">\n<p><b>Appareillage \u00e9lectrique<\/b><\/p>\n<p>Ce tableau \u00e9lectrique est une solution fiable pour tous vos besoins de connexion<\/p>\n<p>les \u00e9quipements \u00e9lectriques, tant \u00e0 l\u2019int\u00e9rieur qu\u2019\u00e0 l\u2019ext\u00e9rieur. Gr\u00e2ce \u00e0 sa conception et \u00e0 son \u00e9quipement, <\/p>\n<p>garantit la s\u00e9curit\u00e9 et le confort d\u2019utilisation.<\/p>\n<p>\u00a0<\/p>\n<\/div>\n<\/div>\n<\/div>\n<div class=\"mpof_ki myre_zn myre_8v_l m389_6m_l\">\n<div class=\"mp4t_16_s mryx_16_s mr3m_1 mli2_1 mh85_56 mh85_0_l\">\n<div class=\"mgn2_16 _0d3bd_am0a-\">\n<p><b>Avantages et caract\u00e9ristiques<\/b><\/p>\n<ul>\n<li><b>Pr\u00eat \u00e0 \u00eatre raccord\u00e9<\/b> \u2013 L\u2019appareillage \u00e9lectrique est pr\u00e9c\u00e2bl\u00e9 et pr\u00eat \u00e0 \u00eatre raccord\u00e9.<\/li>\n<\/ul>\n<p>ce qui simplifie grandement l\u2019installation. Le bo\u00eetier contient des borniers N+PE et <\/p>\n<p>Presse-\u00e9toupe PG16 pour assurer une connexion robuste.<\/p>\n<ul>\n<li><b>R\u00e9partiteur fonctionnel \u2013 <\/b>En n\u2019utilisant qu\u2019une seule ligne \u00e9lectrique,<\/li>\n<\/ul>\n<p>l\u2019appareillage de commutation n\u00e9cessite moins de trous et de c\u00e2bles, ce qui simplifie le processus d\u2019installation.<\/p>\n<p>Le bo\u00eetier \u00e9tanche certifi\u00e9 IP54 prot\u00e8ge contre la poussi\u00e8re et l\u2019eau, ce qui permet une utilisation en toute s\u00e9curit\u00e9 dans diverses conditions.<\/p>\n<\/div>\n<\/div>\n<\/div>\n<div class=\"mpof_ki myre_zn myre_8v_l m389_6m_l\">\n<div class=\"mp4t_16_s mryx_16_s mr3m_1 mli2_1 mh85_56 mh85_0_l\">\n<div class=\"mgn2_16 _0d3bd_am0a-\">\n<p><b>Equipement<\/b><\/p>\n<p>4x 230V 16A prises IP44<\/p>\n<p>2x C16A 1P disjoncteur de surintensit\u00e9<\/p>\n<p>Cet \u00e9quipement polyvalent rend l\u2019appareillage id\u00e9al pour le raccordement d\u2019\u00e9quipements et d\u2019outils \u00e9lectriques sur les chantiers de construction,<\/p>\n<p>lors d\u2019\u00e9v\u00e9nements en plein air ou dans d\u2019autres lieux n\u00e9cessitant mobilit\u00e9 et s\u00e9curit\u00e9.<\/p>\n<\/div>\n<\/div>\n<\/div>\n","protected":false},"excerpt":{"rendered":"<h1 class=\"mp4t_0 mryx_0 mj7a_4 mvrt_8 mp0t_ji m9qz_yo munh_0 mqu1_1j mgmw_wo mgn2_21 mgn2_25_s\"><span style=\"font-size: 12pt;\">Tableau \u00e9lectrique 4x prise 230V Interrupteur 2x C 16A<\/span><\/h1>\n","protected":false},"featured_media":6894,"template":"","meta":[],"product_brand":[378],"product_cat":[371],"product_tag":[],"class_list":{"0":"post-8500","1":"product","2":"type-product","3":"status-publish","4":"has-post-thumbnail","6":"product_brand-roadeu-fr","7":"product_cat-tableaux-de-distribution-jeux-de-douilles","9":"first","10":"instock","11":"taxable","12":"shipping-taxable","13":"purchasable","14":"product-type-simple"},"yoast_head":"<!-- This site is optimized with the Yoast SEO plugin v27.5 - https:\/\/yoast.com\/product\/yoast-seo-wordpress\/ -->\n<title>Tableau \u00e9lectrique 4x prise 230V Interrupteur 2x C 16A - Road<\/title>\n<meta name=\"robots\" content=\"index, follow, max-snippet:-1, max-image-preview:large, max-video-preview:-1\" \/>\n<link rel=\"canonical\" href=\"https:\/\/roadeu.com\/sklep\/fr\/produkt\/tableau-electrique-4x-prise-230v-interrupteur-2x-c-16a\/\" \/>\n<meta property=\"og:locale\" content=\"fr_FR\" \/>\n<meta property=\"og:type\" content=\"article\" \/>\n<meta property=\"og:title\" content=\"Tableau \u00e9lectrique 4x prise 230V Interrupteur 2x C 16A - Road\" \/>\n<meta property=\"og:description\" content=\"Tableau \u00e9lectrique 4x prise 230V Interrupteur 2x C 16A\" \/>\n<meta property=\"og:url\" content=\"https:\/\/roadeu.com\/sklep\/fr\/produkt\/tableau-electrique-4x-prise-230v-interrupteur-2x-c-16a\/\" \/>\n<meta property=\"og:site_name\" content=\"Road\" \/>\n<meta property=\"article:modified_time\" content=\"2026-01-05T13:30:19+00:00\" \/>\n<meta property=\"og:image\" content=\"https:\/\/roadeu.com\/sklep\/wp-content\/uploads\/2025\/07\/f9ddf5334a65a3221c5dc5f25501.jpg\" \/>\n\t<meta property=\"og:image:width\" content=\"1557\" \/>\n\t<meta property=\"og:image:height\" content=\"1859\" \/>\n\t<meta property=\"og:image:type\" content=\"image\/jpeg\" \/>\n<meta name=\"twitter:card\" content=\"summary_large_image\" \/>\n<meta name=\"twitter:label1\" content=\"Dur\u00e9e de lecture estim\u00e9e\" \/>\n\t<meta name=\"twitter:data1\" content=\"1 minute\" \/>\n<script type=\"application\/ld+json\" class=\"yoast-schema-graph\">{\"@context\":\"https:\\\/\\\/schema.org\",\"@graph\":[{\"@type\":\"WebPage\",\"@id\":\"https:\\\/\\\/roadeu.com\\\/sklep\\\/fr\\\/produkt\\\/tableau-electrique-4x-prise-230v-interrupteur-2x-c-16a\\\/\",\"url\":\"https:\\\/\\\/roadeu.com\\\/sklep\\\/fr\\\/produkt\\\/tableau-electrique-4x-prise-230v-interrupteur-2x-c-16a\\\/\",\"name\":\"Tableau \u00e9lectrique 4x prise 230V Interrupteur 2x C 16A - Road\",\"isPartOf\":{\"@id\":\"https:\\\/\\\/roadeu.com\\\/sklep\\\/fr\\\/#website\"},\"primaryImageOfPage\":{\"@id\":\"https:\\\/\\\/roadeu.com\\\/sklep\\\/fr\\\/produkt\\\/tableau-electrique-4x-prise-230v-interrupteur-2x-c-16a\\\/#primaryimage\"},\"image\":{\"@id\":\"https:\\\/\\\/roadeu.com\\\/sklep\\\/fr\\\/produkt\\\/tableau-electrique-4x-prise-230v-interrupteur-2x-c-16a\\\/#primaryimage\"},\"thumbnailUrl\":\"https:\\\/\\\/roadeu.com\\\/sklep\\\/wp-content\\\/uploads\\\/2025\\\/07\\\/f9ddf5334a65a3221c5dc5f25501.jpg\",\"datePublished\":\"2025-07-15T08:21:30+00:00\",\"dateModified\":\"2026-01-05T13:30:19+00:00\",\"breadcrumb\":{\"@id\":\"https:\\\/\\\/roadeu.com\\\/sklep\\\/fr\\\/produkt\\\/tableau-electrique-4x-prise-230v-interrupteur-2x-c-16a\\\/#breadcrumb\"},\"inLanguage\":\"fr-FR\",\"potentialAction\":[{\"@type\":\"ReadAction\",\"target\":[\"https:\\\/\\\/roadeu.com\\\/sklep\\\/fr\\\/produkt\\\/tableau-electrique-4x-prise-230v-interrupteur-2x-c-16a\\\/\"]}]},{\"@type\":\"ImageObject\",\"inLanguage\":\"fr-FR\",\"@id\":\"https:\\\/\\\/roadeu.com\\\/sklep\\\/fr\\\/produkt\\\/tableau-electrique-4x-prise-230v-interrupteur-2x-c-16a\\\/#primaryimage\",\"url\":\"https:\\\/\\\/roadeu.com\\\/sklep\\\/wp-content\\\/uploads\\\/2025\\\/07\\\/f9ddf5334a65a3221c5dc5f25501.jpg\",\"contentUrl\":\"https:\\\/\\\/roadeu.com\\\/sklep\\\/wp-content\\\/uploads\\\/2025\\\/07\\\/f9ddf5334a65a3221c5dc5f25501.jpg\",\"width\":1557,\"height\":1859},{\"@type\":\"BreadcrumbList\",\"@id\":\"https:\\\/\\\/roadeu.com\\\/sklep\\\/fr\\\/produkt\\\/tableau-electrique-4x-prise-230v-interrupteur-2x-c-16a\\\/#breadcrumb\",\"itemListElement\":[{\"@type\":\"ListItem\",\"position\":1,\"name\":\"Strona g\u0142\u00f3wna\",\"item\":\"https:\\\/\\\/roadeu.com\\\/sklep\\\/fr\\\/boutique\\\/\"},{\"@type\":\"ListItem\",\"position\":2,\"name\":\"Boutique\",\"item\":\"https:\\\/\\\/roadeu.com\\\/sklep\\\/fr\\\/boutique\\\/\"},{\"@type\":\"ListItem\",\"position\":3,\"name\":\"Tableau \u00e9lectrique 4x prise 230V Interrupteur 2x C 16A\"}]},{\"@type\":\"WebSite\",\"@id\":\"https:\\\/\\\/roadeu.com\\\/sklep\\\/fr\\\/#website\",\"url\":\"https:\\\/\\\/roadeu.com\\\/sklep\\\/fr\\\/\",\"name\":\"Road\",\"description\":\"Hurtownia Elektryczna w Dzier\u017coniowie. Producent sprz\u0119tu elektrycznego.\",\"publisher\":{\"@id\":\"https:\\\/\\\/roadeu.com\\\/sklep\\\/fr\\\/#organization\"},\"potentialAction\":[{\"@type\":\"SearchAction\",\"target\":{\"@type\":\"EntryPoint\",\"urlTemplate\":\"https:\\\/\\\/roadeu.com\\\/sklep\\\/fr\\\/?s={search_term_string}\"},\"query-input\":{\"@type\":\"PropertyValueSpecification\",\"valueRequired\":true,\"valueName\":\"search_term_string\"}}],\"inLanguage\":\"fr-FR\"},{\"@type\":\"Organization\",\"@id\":\"https:\\\/\\\/roadeu.com\\\/sklep\\\/fr\\\/#organization\",\"name\":\"Road\",\"url\":\"https:\\\/\\\/roadeu.com\\\/sklep\\\/fr\\\/\",\"logo\":{\"@type\":\"ImageObject\",\"inLanguage\":\"fr-FR\",\"@id\":\"https:\\\/\\\/roadeu.com\\\/sklep\\\/fr\\\/#\\\/schema\\\/logo\\\/image\\\/\",\"url\":\"https:\\\/\\\/roadeu.com\\\/sklep\\\/wp-content\\\/uploads\\\/2025\\\/05\\\/logotype-lg-pl.png\",\"contentUrl\":\"https:\\\/\\\/roadeu.com\\\/sklep\\\/wp-content\\\/uploads\\\/2025\\\/05\\\/logotype-lg-pl.png\",\"width\":300,\"height\":70,\"caption\":\"Road\"},\"image\":{\"@id\":\"https:\\\/\\\/roadeu.com\\\/sklep\\\/fr\\\/#\\\/schema\\\/logo\\\/image\\\/\"}}]}<\/script>\n<!-- \/ Yoast SEO plugin. -->","yoast_head_json":{"title":"Tableau \u00e9lectrique 4x prise 230V Interrupteur 2x C 16A - Road","robots":{"index":"index","follow":"follow","max-snippet":"max-snippet:-1","max-image-preview":"max-image-preview:large","max-video-preview":"max-video-preview:-1"},"canonical":"https:\/\/roadeu.com\/sklep\/fr\/produkt\/tableau-electrique-4x-prise-230v-interrupteur-2x-c-16a\/","og_locale":"fr_FR","og_type":"article","og_title":"Tableau \u00e9lectrique 4x prise 230V Interrupteur 2x C 16A - Road","og_description":"Tableau \u00e9lectrique 4x prise 230V Interrupteur 2x C 16A","og_url":"https:\/\/roadeu.com\/sklep\/fr\/produkt\/tableau-electrique-4x-prise-230v-interrupteur-2x-c-16a\/","og_site_name":"Road","article_modified_time":"2026-01-05T13:30:19+00:00","og_image":[{"width":1557,"height":1859,"url":"https:\/\/roadeu.com\/sklep\/wp-content\/uploads\/2025\/07\/f9ddf5334a65a3221c5dc5f25501.jpg","type":"image\/jpeg"}],"twitter_card":"summary_large_image","twitter_misc":{"Dur\u00e9e de lecture estim\u00e9e":"1 minute"},"schema":{"@context":"https:\/\/schema.org","@graph":[{"@type":"WebPage","@id":"https:\/\/roadeu.com\/sklep\/fr\/produkt\/tableau-electrique-4x-prise-230v-interrupteur-2x-c-16a\/","url":"https:\/\/roadeu.com\/sklep\/fr\/produkt\/tableau-electrique-4x-prise-230v-interrupteur-2x-c-16a\/","name":"Tableau \u00e9lectrique 4x prise 230V Interrupteur 2x C 16A - Road","isPartOf":{"@id":"https:\/\/roadeu.com\/sklep\/fr\/#website"},"primaryImageOfPage":{"@id":"https:\/\/roadeu.com\/sklep\/fr\/produkt\/tableau-electrique-4x-prise-230v-interrupteur-2x-c-16a\/#primaryimage"},"image":{"@id":"https:\/\/roadeu.com\/sklep\/fr\/produkt\/tableau-electrique-4x-prise-230v-interrupteur-2x-c-16a\/#primaryimage"},"thumbnailUrl":"https:\/\/roadeu.com\/sklep\/wp-content\/uploads\/2025\/07\/f9ddf5334a65a3221c5dc5f25501.jpg","datePublished":"2025-07-15T08:21:30+00:00","dateModified":"2026-01-05T13:30:19+00:00","breadcrumb":{"@id":"https:\/\/roadeu.com\/sklep\/fr\/produkt\/tableau-electrique-4x-prise-230v-interrupteur-2x-c-16a\/#breadcrumb"},"inLanguage":"fr-FR","potentialAction":[{"@type":"ReadAction","target":["https:\/\/roadeu.com\/sklep\/fr\/produkt\/tableau-electrique-4x-prise-230v-interrupteur-2x-c-16a\/"]}]},{"@type":"ImageObject","inLanguage":"fr-FR","@id":"https:\/\/roadeu.com\/sklep\/fr\/produkt\/tableau-electrique-4x-prise-230v-interrupteur-2x-c-16a\/#primaryimage","url":"https:\/\/roadeu.com\/sklep\/wp-content\/uploads\/2025\/07\/f9ddf5334a65a3221c5dc5f25501.jpg","contentUrl":"https:\/\/roadeu.com\/sklep\/wp-content\/uploads\/2025\/07\/f9ddf5334a65a3221c5dc5f25501.jpg","width":1557,"height":1859},{"@type":"BreadcrumbList","@id":"https:\/\/roadeu.com\/sklep\/fr\/produkt\/tableau-electrique-4x-prise-230v-interrupteur-2x-c-16a\/#breadcrumb","itemListElement":[{"@type":"ListItem","position":1,"name":"Strona g\u0142\u00f3wna","item":"https:\/\/roadeu.com\/sklep\/fr\/boutique\/"},{"@type":"ListItem","position":2,"name":"Boutique","item":"https:\/\/roadeu.com\/sklep\/fr\/boutique\/"},{"@type":"ListItem","position":3,"name":"Tableau \u00e9lectrique 4x prise 230V Interrupteur 2x C 16A"}]},{"@type":"WebSite","@id":"https:\/\/roadeu.com\/sklep\/fr\/#website","url":"https:\/\/roadeu.com\/sklep\/fr\/","name":"Road","description":"Hurtownia Elektryczna w Dzier\u017coniowie. Producent sprz\u0119tu elektrycznego.","publisher":{"@id":"https:\/\/roadeu.com\/sklep\/fr\/#organization"},"potentialAction":[{"@type":"SearchAction","target":{"@type":"EntryPoint","urlTemplate":"https:\/\/roadeu.com\/sklep\/fr\/?s={search_term_string}"},"query-input":{"@type":"PropertyValueSpecification","valueRequired":true,"valueName":"search_term_string"}}],"inLanguage":"fr-FR"},{"@type":"Organization","@id":"https:\/\/roadeu.com\/sklep\/fr\/#organization","name":"Road","url":"https:\/\/roadeu.com\/sklep\/fr\/","logo":{"@type":"ImageObject","inLanguage":"fr-FR","@id":"https:\/\/roadeu.com\/sklep\/fr\/#\/schema\/logo\/image\/","url":"https:\/\/roadeu.com\/sklep\/wp-content\/uploads\/2025\/05\/logotype-lg-pl.png","contentUrl":"https:\/\/roadeu.com\/sklep\/wp-content\/uploads\/2025\/05\/logotype-lg-pl.png","width":300,"height":70,"caption":"Road"},"image":{"@id":"https:\/\/roadeu.com\/sklep\/fr\/#\/schema\/logo\/image\/"}}]}},"_links":{"self":[{"href":"https:\/\/roadeu.com\/sklep\/fr\/wp-json\/wp\/v2\/product\/8500","targetHints":{"allow":["GET"]}}],"collection":[{"href":"https:\/\/roadeu.com\/sklep\/fr\/wp-json\/wp\/v2\/product"}],"about":[{"href":"https:\/\/roadeu.com\/sklep\/fr\/wp-json\/wp\/v2\/types\/product"}],"wp:featuredmedia":[{"embeddable":true,"href":"https:\/\/roadeu.com\/sklep\/fr\/wp-json\/wp\/v2\/media\/6894"}],"wp:attachment":[{"href":"https:\/\/roadeu.com\/sklep\/fr\/wp-json\/wp\/v2\/media?parent=8500"}],"wp:term":[{"taxonomy":"product_brand","embeddable":true,"href":"https:\/\/roadeu.com\/sklep\/fr\/wp-json\/wp\/v2\/product_brand?post=8500"},{"taxonomy":"product_cat","embeddable":true,"href":"https:\/\/roadeu.com\/sklep\/fr\/wp-json\/wp\/v2\/product_cat?post=8500"},{"taxonomy":"product_tag","embeddable":true,"href":"https:\/\/roadeu.com\/sklep\/fr\/wp-json\/wp\/v2\/product_tag?post=8500"}],"curies":[{"name":"wp","href":"https:\/\/api.w.org\/{rel}","templated":true}]}}