{"id":8474,"date":"2025-07-17T13:03:45","date_gmt":"2025-07-17T11:03:45","guid":{"rendered":"https:\/\/roadeu.com\/sklep\/produkt\/interrupteur-datelier-de-jardin-2x-230v-equipe-de-1x-c16-pp\/"},"modified":"2026-01-05T14:30:39","modified_gmt":"2026-01-05T13:30:39","slug":"interrupteur-datelier-de-jardin-2x-230v-equipe-de-1x-c16-pp","status":"publish","type":"product","link":"https:\/\/roadeu.com\/sklep\/fr\/produkt\/interrupteur-datelier-de-jardin-2x-230v-equipe-de-1x-c16-pp\/","title":{"rendered":"Interrupteur d&rsquo;atelier de jardin 2x 230V \u00e9quip\u00e9 de 1x C16 + PP"},"content":{"rendered":"<div class=\"app-container\">\n<div class=\"mgn2_14 mp0t_0a mqu1_21 mli8_k4 mgmw_wo msts_pt _0d3bd_K6Qpj\">\n<div class=\"mpof_ki myre_zn myre_8v_l m389_6m_l\">\n<div class=\"mp4t_16_s mryx_16_s mr3m_1 mli2_1 mh85_56 mh85_0_l\">\n<div class=\"mgn2_16 _0d3bd_am0a-\">\n<ul>\n<li>Le <b>distributeur<\/b> \u00e9lectrique est c\u00e2bl\u00e9 et pr\u00eat \u00e0 \u00eatre raccord\u00e9. Le bo\u00eetier est \u00e9quip\u00e9 de <\/li>\n<\/ul>\n<p>dans les borniers N+PE. Un presse-\u00e9toupe PG16 est \u00e9galement inclus. <\/p>\n<p>\u00a0<\/p>\n<ul>\n<li><b>DISPOSITIF <\/b> \u2013 Une seule ligne \u00e9lectrique, moins de trous, moins de c\u00e2bles. Bo\u00eetier \u00e9tanche IP44 <\/li>\n<\/ul>\n<p>pour une utilisation \u00e0 l\u2019int\u00e9rieur et \u00e0 l\u2019ext\u00e9rieur. Des disjoncteurs de surintensit\u00e9 et un disjoncteur diff\u00e9rentiel assurent la s\u00e9curit\u00e9 n\u00e9cessaire. <\/p>\n<p>\u00a0<\/p>\n<p><b>Equipement<\/b>:<\/p>\n<p>1x Fi 25A disjoncteur type A\/AC 30mA 2P,<\/p>\n<p>1x C16A 1P disjoncteur de surintensit\u00e9 avec bus de phase.<\/p>\n<p>\u00a0<\/p>\n<ul>\n<li><b>EQUIPEMENT<\/b>: le distributeur offre 2 prises 230V 16A IP44 qui s\u2019adaptent \u00e0 n\u2019importe quelle prise 230V droite ou coud\u00e9e.<\/li>\n<\/ul>\n<p>La structure est con\u00e7ue pour un montage mural facile et est id\u00e9ale pour une utilisation \u00e0 l\u2019int\u00e9rieur et \u00e0 l\u2019ext\u00e9rieur.<\/p>\n<p>\u00a0<\/p>\n<p><b>GARANTIE<\/b> DE QUALIT\u00c9 \u2013 Nous sommes convaincus de la qualit\u00e9 de ce produit et esp\u00e9rons que vous serez satisfait. Si ce n\u2019est pas le cas, ne vous inqui\u00e9tez pas ! <\/p>\n<p>Il vous suffit de le renvoyer et vous recevrez un remboursement complet du prix d\u2019achat.<\/p>\n<p>\u00a0<\/p>\n<p>Dimensions : 24x16x11 cm<\/p>\n<\/div>\n<\/div>\n<\/div>\n<\/div>\n<\/div>\n","protected":false},"excerpt":{"rendered":"<h1 class=\"mp4t_0 mryx_0 mj7a_4 mvrt_8 mp0t_ji m9qz_yo munh_0 mqu1_1j mgmw_wo mgn2_21 mgn2_25_s\"><span style=\"font-size: 12pt;\">Interrupteur d&rsquo;atelier de jardin 2x 230V \u00e9quip\u00e9 de 1x C16 + PP<\/span><\/h1>\n","protected":false},"featured_media":7272,"template":"","meta":[],"product_brand":[378],"product_cat":[371],"product_tag":[],"class_list":{"0":"post-8474","1":"product","2":"type-product","3":"status-publish","4":"has-post-thumbnail","6":"product_brand-roadeu-fr","7":"product_cat-tableaux-de-distribution-jeux-de-douilles","9":"first","10":"instock","11":"taxable","12":"shipping-taxable","13":"purchasable","14":"product-type-simple"},"yoast_head":"<!-- This site is optimized with the Yoast SEO plugin v27.5 - https:\/\/yoast.com\/product\/yoast-seo-wordpress\/ -->\n<title>Interrupteur d&#039;atelier de jardin 2x 230V \u00e9quip\u00e9 de 1x C16 + PP - Road<\/title>\n<meta name=\"robots\" content=\"index, follow, max-snippet:-1, max-image-preview:large, max-video-preview:-1\" \/>\n<link rel=\"canonical\" href=\"https:\/\/roadeu.com\/sklep\/fr\/produkt\/interrupteur-datelier-de-jardin-2x-230v-equipe-de-1x-c16-pp\/\" \/>\n<meta property=\"og:locale\" content=\"fr_FR\" \/>\n<meta property=\"og:type\" content=\"article\" \/>\n<meta property=\"og:title\" content=\"Interrupteur d&#039;atelier de jardin 2x 230V \u00e9quip\u00e9 de 1x C16 + PP - Road\" \/>\n<meta property=\"og:description\" content=\"Interrupteur d&#039;atelier de jardin 2x 230V \u00e9quip\u00e9 de 1x C16 + PP\" \/>\n<meta property=\"og:url\" content=\"https:\/\/roadeu.com\/sklep\/fr\/produkt\/interrupteur-datelier-de-jardin-2x-230v-equipe-de-1x-c16-pp\/\" \/>\n<meta property=\"og:site_name\" content=\"Road\" \/>\n<meta property=\"article:modified_time\" content=\"2026-01-05T13:30:39+00:00\" \/>\n<meta property=\"og:image\" content=\"https:\/\/roadeu.com\/sklep\/wp-content\/uploads\/2025\/07\/83f2051447cbad8442bd3ce89cea.jpg\" \/>\n\t<meta property=\"og:image:width\" content=\"1068\" \/>\n\t<meta property=\"og:image:height\" content=\"1626\" \/>\n\t<meta property=\"og:image:type\" content=\"image\/jpeg\" \/>\n<meta name=\"twitter:card\" content=\"summary_large_image\" \/>\n<meta name=\"twitter:label1\" content=\"Dur\u00e9e de lecture estim\u00e9e\" \/>\n\t<meta name=\"twitter:data1\" content=\"1 minute\" \/>\n<script type=\"application\/ld+json\" class=\"yoast-schema-graph\">{\"@context\":\"https:\\\/\\\/schema.org\",\"@graph\":[{\"@type\":\"WebPage\",\"@id\":\"https:\\\/\\\/roadeu.com\\\/sklep\\\/fr\\\/produkt\\\/interrupteur-datelier-de-jardin-2x-230v-equipe-de-1x-c16-pp\\\/\",\"url\":\"https:\\\/\\\/roadeu.com\\\/sklep\\\/fr\\\/produkt\\\/interrupteur-datelier-de-jardin-2x-230v-equipe-de-1x-c16-pp\\\/\",\"name\":\"Interrupteur d'atelier de jardin 2x 230V \u00e9quip\u00e9 de 1x C16 + PP - Road\",\"isPartOf\":{\"@id\":\"https:\\\/\\\/roadeu.com\\\/sklep\\\/fr\\\/#website\"},\"primaryImageOfPage\":{\"@id\":\"https:\\\/\\\/roadeu.com\\\/sklep\\\/fr\\\/produkt\\\/interrupteur-datelier-de-jardin-2x-230v-equipe-de-1x-c16-pp\\\/#primaryimage\"},\"image\":{\"@id\":\"https:\\\/\\\/roadeu.com\\\/sklep\\\/fr\\\/produkt\\\/interrupteur-datelier-de-jardin-2x-230v-equipe-de-1x-c16-pp\\\/#primaryimage\"},\"thumbnailUrl\":\"https:\\\/\\\/roadeu.com\\\/sklep\\\/wp-content\\\/uploads\\\/2025\\\/07\\\/83f2051447cbad8442bd3ce89cea.jpg\",\"datePublished\":\"2025-07-17T11:03:45+00:00\",\"dateModified\":\"2026-01-05T13:30:39+00:00\",\"breadcrumb\":{\"@id\":\"https:\\\/\\\/roadeu.com\\\/sklep\\\/fr\\\/produkt\\\/interrupteur-datelier-de-jardin-2x-230v-equipe-de-1x-c16-pp\\\/#breadcrumb\"},\"inLanguage\":\"fr-FR\",\"potentialAction\":[{\"@type\":\"ReadAction\",\"target\":[\"https:\\\/\\\/roadeu.com\\\/sklep\\\/fr\\\/produkt\\\/interrupteur-datelier-de-jardin-2x-230v-equipe-de-1x-c16-pp\\\/\"]}]},{\"@type\":\"ImageObject\",\"inLanguage\":\"fr-FR\",\"@id\":\"https:\\\/\\\/roadeu.com\\\/sklep\\\/fr\\\/produkt\\\/interrupteur-datelier-de-jardin-2x-230v-equipe-de-1x-c16-pp\\\/#primaryimage\",\"url\":\"https:\\\/\\\/roadeu.com\\\/sklep\\\/wp-content\\\/uploads\\\/2025\\\/07\\\/83f2051447cbad8442bd3ce89cea.jpg\",\"contentUrl\":\"https:\\\/\\\/roadeu.com\\\/sklep\\\/wp-content\\\/uploads\\\/2025\\\/07\\\/83f2051447cbad8442bd3ce89cea.jpg\",\"width\":1068,\"height\":1626},{\"@type\":\"BreadcrumbList\",\"@id\":\"https:\\\/\\\/roadeu.com\\\/sklep\\\/fr\\\/produkt\\\/interrupteur-datelier-de-jardin-2x-230v-equipe-de-1x-c16-pp\\\/#breadcrumb\",\"itemListElement\":[{\"@type\":\"ListItem\",\"position\":1,\"name\":\"Strona g\u0142\u00f3wna\",\"item\":\"https:\\\/\\\/roadeu.com\\\/sklep\\\/fr\\\/boutique\\\/\"},{\"@type\":\"ListItem\",\"position\":2,\"name\":\"Boutique\",\"item\":\"https:\\\/\\\/roadeu.com\\\/sklep\\\/fr\\\/boutique\\\/\"},{\"@type\":\"ListItem\",\"position\":3,\"name\":\"Interrupteur d&#8217;atelier de jardin 2x 230V \u00e9quip\u00e9 de 1x C16 + PP\"}]},{\"@type\":\"WebSite\",\"@id\":\"https:\\\/\\\/roadeu.com\\\/sklep\\\/fr\\\/#website\",\"url\":\"https:\\\/\\\/roadeu.com\\\/sklep\\\/fr\\\/\",\"name\":\"Road\",\"description\":\"Hurtownia Elektryczna w Dzier\u017coniowie. Producent sprz\u0119tu elektrycznego.\",\"publisher\":{\"@id\":\"https:\\\/\\\/roadeu.com\\\/sklep\\\/fr\\\/#organization\"},\"potentialAction\":[{\"@type\":\"SearchAction\",\"target\":{\"@type\":\"EntryPoint\",\"urlTemplate\":\"https:\\\/\\\/roadeu.com\\\/sklep\\\/fr\\\/?s={search_term_string}\"},\"query-input\":{\"@type\":\"PropertyValueSpecification\",\"valueRequired\":true,\"valueName\":\"search_term_string\"}}],\"inLanguage\":\"fr-FR\"},{\"@type\":\"Organization\",\"@id\":\"https:\\\/\\\/roadeu.com\\\/sklep\\\/fr\\\/#organization\",\"name\":\"Road\",\"url\":\"https:\\\/\\\/roadeu.com\\\/sklep\\\/fr\\\/\",\"logo\":{\"@type\":\"ImageObject\",\"inLanguage\":\"fr-FR\",\"@id\":\"https:\\\/\\\/roadeu.com\\\/sklep\\\/fr\\\/#\\\/schema\\\/logo\\\/image\\\/\",\"url\":\"https:\\\/\\\/roadeu.com\\\/sklep\\\/wp-content\\\/uploads\\\/2025\\\/05\\\/logotype-lg-pl.png\",\"contentUrl\":\"https:\\\/\\\/roadeu.com\\\/sklep\\\/wp-content\\\/uploads\\\/2025\\\/05\\\/logotype-lg-pl.png\",\"width\":300,\"height\":70,\"caption\":\"Road\"},\"image\":{\"@id\":\"https:\\\/\\\/roadeu.com\\\/sklep\\\/fr\\\/#\\\/schema\\\/logo\\\/image\\\/\"}}]}<\/script>\n<!-- \/ Yoast SEO plugin. -->","yoast_head_json":{"title":"Interrupteur d'atelier de jardin 2x 230V \u00e9quip\u00e9 de 1x C16 + PP - Road","robots":{"index":"index","follow":"follow","max-snippet":"max-snippet:-1","max-image-preview":"max-image-preview:large","max-video-preview":"max-video-preview:-1"},"canonical":"https:\/\/roadeu.com\/sklep\/fr\/produkt\/interrupteur-datelier-de-jardin-2x-230v-equipe-de-1x-c16-pp\/","og_locale":"fr_FR","og_type":"article","og_title":"Interrupteur d'atelier de jardin 2x 230V \u00e9quip\u00e9 de 1x C16 + PP - Road","og_description":"Interrupteur d'atelier de jardin 2x 230V \u00e9quip\u00e9 de 1x C16 + PP","og_url":"https:\/\/roadeu.com\/sklep\/fr\/produkt\/interrupteur-datelier-de-jardin-2x-230v-equipe-de-1x-c16-pp\/","og_site_name":"Road","article_modified_time":"2026-01-05T13:30:39+00:00","og_image":[{"width":1068,"height":1626,"url":"https:\/\/roadeu.com\/sklep\/wp-content\/uploads\/2025\/07\/83f2051447cbad8442bd3ce89cea.jpg","type":"image\/jpeg"}],"twitter_card":"summary_large_image","twitter_misc":{"Dur\u00e9e de lecture estim\u00e9e":"1 minute"},"schema":{"@context":"https:\/\/schema.org","@graph":[{"@type":"WebPage","@id":"https:\/\/roadeu.com\/sklep\/fr\/produkt\/interrupteur-datelier-de-jardin-2x-230v-equipe-de-1x-c16-pp\/","url":"https:\/\/roadeu.com\/sklep\/fr\/produkt\/interrupteur-datelier-de-jardin-2x-230v-equipe-de-1x-c16-pp\/","name":"Interrupteur d'atelier de jardin 2x 230V \u00e9quip\u00e9 de 1x C16 + PP - Road","isPartOf":{"@id":"https:\/\/roadeu.com\/sklep\/fr\/#website"},"primaryImageOfPage":{"@id":"https:\/\/roadeu.com\/sklep\/fr\/produkt\/interrupteur-datelier-de-jardin-2x-230v-equipe-de-1x-c16-pp\/#primaryimage"},"image":{"@id":"https:\/\/roadeu.com\/sklep\/fr\/produkt\/interrupteur-datelier-de-jardin-2x-230v-equipe-de-1x-c16-pp\/#primaryimage"},"thumbnailUrl":"https:\/\/roadeu.com\/sklep\/wp-content\/uploads\/2025\/07\/83f2051447cbad8442bd3ce89cea.jpg","datePublished":"2025-07-17T11:03:45+00:00","dateModified":"2026-01-05T13:30:39+00:00","breadcrumb":{"@id":"https:\/\/roadeu.com\/sklep\/fr\/produkt\/interrupteur-datelier-de-jardin-2x-230v-equipe-de-1x-c16-pp\/#breadcrumb"},"inLanguage":"fr-FR","potentialAction":[{"@type":"ReadAction","target":["https:\/\/roadeu.com\/sklep\/fr\/produkt\/interrupteur-datelier-de-jardin-2x-230v-equipe-de-1x-c16-pp\/"]}]},{"@type":"ImageObject","inLanguage":"fr-FR","@id":"https:\/\/roadeu.com\/sklep\/fr\/produkt\/interrupteur-datelier-de-jardin-2x-230v-equipe-de-1x-c16-pp\/#primaryimage","url":"https:\/\/roadeu.com\/sklep\/wp-content\/uploads\/2025\/07\/83f2051447cbad8442bd3ce89cea.jpg","contentUrl":"https:\/\/roadeu.com\/sklep\/wp-content\/uploads\/2025\/07\/83f2051447cbad8442bd3ce89cea.jpg","width":1068,"height":1626},{"@type":"BreadcrumbList","@id":"https:\/\/roadeu.com\/sklep\/fr\/produkt\/interrupteur-datelier-de-jardin-2x-230v-equipe-de-1x-c16-pp\/#breadcrumb","itemListElement":[{"@type":"ListItem","position":1,"name":"Strona g\u0142\u00f3wna","item":"https:\/\/roadeu.com\/sklep\/fr\/boutique\/"},{"@type":"ListItem","position":2,"name":"Boutique","item":"https:\/\/roadeu.com\/sklep\/fr\/boutique\/"},{"@type":"ListItem","position":3,"name":"Interrupteur d&#8217;atelier de jardin 2x 230V \u00e9quip\u00e9 de 1x C16 + PP"}]},{"@type":"WebSite","@id":"https:\/\/roadeu.com\/sklep\/fr\/#website","url":"https:\/\/roadeu.com\/sklep\/fr\/","name":"Road","description":"Hurtownia Elektryczna w Dzier\u017coniowie. Producent sprz\u0119tu elektrycznego.","publisher":{"@id":"https:\/\/roadeu.com\/sklep\/fr\/#organization"},"potentialAction":[{"@type":"SearchAction","target":{"@type":"EntryPoint","urlTemplate":"https:\/\/roadeu.com\/sklep\/fr\/?s={search_term_string}"},"query-input":{"@type":"PropertyValueSpecification","valueRequired":true,"valueName":"search_term_string"}}],"inLanguage":"fr-FR"},{"@type":"Organization","@id":"https:\/\/roadeu.com\/sklep\/fr\/#organization","name":"Road","url":"https:\/\/roadeu.com\/sklep\/fr\/","logo":{"@type":"ImageObject","inLanguage":"fr-FR","@id":"https:\/\/roadeu.com\/sklep\/fr\/#\/schema\/logo\/image\/","url":"https:\/\/roadeu.com\/sklep\/wp-content\/uploads\/2025\/05\/logotype-lg-pl.png","contentUrl":"https:\/\/roadeu.com\/sklep\/wp-content\/uploads\/2025\/05\/logotype-lg-pl.png","width":300,"height":70,"caption":"Road"},"image":{"@id":"https:\/\/roadeu.com\/sklep\/fr\/#\/schema\/logo\/image\/"}}]}},"_links":{"self":[{"href":"https:\/\/roadeu.com\/sklep\/fr\/wp-json\/wp\/v2\/product\/8474","targetHints":{"allow":["GET"]}}],"collection":[{"href":"https:\/\/roadeu.com\/sklep\/fr\/wp-json\/wp\/v2\/product"}],"about":[{"href":"https:\/\/roadeu.com\/sklep\/fr\/wp-json\/wp\/v2\/types\/product"}],"wp:featuredmedia":[{"embeddable":true,"href":"https:\/\/roadeu.com\/sklep\/fr\/wp-json\/wp\/v2\/media\/7272"}],"wp:attachment":[{"href":"https:\/\/roadeu.com\/sklep\/fr\/wp-json\/wp\/v2\/media?parent=8474"}],"wp:term":[{"taxonomy":"product_brand","embeddable":true,"href":"https:\/\/roadeu.com\/sklep\/fr\/wp-json\/wp\/v2\/product_brand?post=8474"},{"taxonomy":"product_cat","embeddable":true,"href":"https:\/\/roadeu.com\/sklep\/fr\/wp-json\/wp\/v2\/product_cat?post=8474"},{"taxonomy":"product_tag","embeddable":true,"href":"https:\/\/roadeu.com\/sklep\/fr\/wp-json\/wp\/v2\/product_tag?post=8474"}],"curies":[{"name":"wp","href":"https:\/\/api.w.org\/{rel}","templated":true}]}}