{"id":8450,"date":"2025-07-16T11:52:36","date_gmt":"2025-07-16T09:52:36","guid":{"rendered":"https:\/\/roadeu.com\/sklep\/produkt\/tableau-electrique-32a-5p-4x-prise-230v-protection-et-compteur\/"},"modified":"2026-01-05T14:30:32","modified_gmt":"2026-01-05T13:30:32","slug":"tableau-electrique-32a-5p-4x-prise-230v-protection-et-compteur","status":"publish","type":"product","link":"https:\/\/roadeu.com\/sklep\/fr\/produkt\/tableau-electrique-32a-5p-4x-prise-230v-protection-et-compteur\/","title":{"rendered":"Tableau \u00e9lectrique 32A 5P 4x prise 230V, protection et compteur"},"content":{"rendered":"<div class=\"app-container\">\n<div class=\"mgn2_14 mp0t_0a mqu1_21 mli8_k4 mgmw_wo msts_pt _0d3bd_K6Qpj\">\n<div class=\"mpof_ki myre_zn myre_8v_l m389_6m_l\">\n<div class=\"mp4t_16_s mryx_16_s mr3m_1 mli2_1 mh85_56 mh85_0_l\">\n<div class=\"mgn2_16 _0d3bd_am0a-\">\n<p><b>Prises herm\u00e9tiques de haute qualit\u00e9 pour 400V et 230V<\/b><\/p>\n<p>L\u2019appareillage \u00e9lectrique a \u00e9t\u00e9 pr\u00e9-c\u00e2bl\u00e9 et est pr\u00eat \u00e0 \u00eatre connect\u00e9 imm\u00e9diatement.<\/p>\n<p>Il est \u00e9quip\u00e9 de bornes N+PE pour une plus grande facilit\u00e9 d\u2019utilisation. Un presse-\u00e9toupe PG16 est \u00e9galement inclus, <\/p>\n<p>ce qui rend l\u2019installation encore plus facile. Les prises 230 V et CEE 32A sont toujours c\u00e2bl\u00e9es avec un c\u00e2ble de 2,5 mm2. <\/p>\n<p>Les prises CEE 32A sont toujours c\u00e2bl\u00e9es avec un c\u00e2ble de 4 mm2.<\/p>\n<p>\u00a0<\/p>\n<\/div>\n<\/div>\n<\/div>\n<div class=\"mpof_ki myre_zn myre_8v_l m389_6m_l\">\n<div class=\"mp4t_16_s mryx_16_s mr3m_1 mli2_1 mh85_56 mh85_0_l\">\n<div class=\"mgn2_16 _0d3bd_am0a-\">\n<p><b>Bo\u00eetier \u00e9tanche IP44 \u2013 <\/b>Gr\u00e2ce au bo\u00eetier \u00e9tanche IP44, l\u2019appareillage de commutation est<\/p>\n<p>id\u00e9al pour l\u2019int\u00e9rieur et l\u2019ext\u00e9rieur. Cela signifie qu\u2019il est r\u00e9sistant aux <\/p>\n<p>l\u2019humidit\u00e9 et la poussi\u00e8re, ce qui accro\u00eet sa durabilit\u00e9 et sa fiabilit\u00e9.<\/p>\n<p>\u00a0<\/p>\n<\/div>\n<\/div>\n<\/div>\n<div class=\"mpof_ki myre_zn myre_8v_l m389_6m_l\">\n<div class=\"mp4t_16_s mryx_16_s mr3m_1 mli2_1 mh85_56 mh85_0_l\">\n<div class=\"mgn2_16 _0d3bd_am0a-\">\n<p><b>Affichage de la <\/b>consommation \u00e9lectrique <b>triphas\u00e9e <\/b>certifi\u00e9 MID avec compteur de consommation \u00e9lectrique de 100A.<\/p>\n<p>La consommation \u00e9lectrique d\u2019une phase est indiqu\u00e9e par une LED clignotante.<\/p>\n<p>\u00a0<\/p>\n<\/div>\n<\/div>\n<\/div>\n<div class=\"mpof_ki myre_zn myre_8v_l m389_6m_l\">\n<div class=\"mp4t_16_s mryx_16_s mr3m_1 mli2_1 mh85_56 mh85_0_l\">\n<div class=\"mgn2_16 _0d3bd_am0a-\">\n<p><b>Equipement<\/b><\/p>\n<p>Le tableau de distribution comprend<\/p>\n<ul>\n<li>1x prise 32A 5P<\/li>\n<li>4x 230V 16A prise<\/li>\n<li>4x disjoncteurs \u00e0 maximum de courant LS C16A 1P<\/li>\n<li>1x disjoncteur de surintensit\u00e9 LS C32A 3P<\/li>\n<li>1x 100A power meter<\/li>\n<\/ul>\n<p>Tous les fusibles sont certifi\u00e9s T\u00dcV, ce qui garantit une stricte conformit\u00e9 aux normes de s\u00e9curit\u00e9.<\/p>\n<p>\u00a0<\/p>\n<\/div>\n<\/div>\n<\/div>\n<div class=\"mpof_ki myre_zn myre_8v_l m389_6m_l\">\n<div class=\"mp4t_16_s mryx_16_s mr3m_1 mli2_1 mh85_56 mh85_0_l\">\n<div class=\"mgn2_16 _0d3bd_am0a-\">\n<p><b>Notre appareillage<\/b> est s\u00fbr pour l\u2019utilisateur et l\u2019\u00e9quipement qu\u2019il utilise.<\/p>\n<p>Id\u00e9al pour l\u2019industrie, les chantiers de construction, le commerce et les loisirs.<\/p>\n<\/div>\n<\/div>\n<\/div>\n<\/div>\n<\/div>\n","protected":false},"excerpt":{"rendered":"<h1 class=\"mp4t_0 mryx_0 mj7a_4 mvrt_8 mp0t_ji m9qz_yo munh_0 mqu1_1j mgmw_wo mgn2_21 mgn2_25_s\"><span style=\"font-size: 12pt;\">Tableau \u00e9lectrique 32A 5P 4x prise 230V, protection et compteur<\/span><\/h1>\n","protected":false},"featured_media":7137,"template":"","meta":[],"product_brand":[378],"product_cat":[371],"product_tag":[],"class_list":{"0":"post-8450","1":"product","2":"type-product","3":"status-publish","4":"has-post-thumbnail","6":"product_brand-roadeu-fr","7":"product_cat-tableaux-de-distribution-jeux-de-douilles","9":"first","10":"instock","11":"taxable","12":"shipping-taxable","13":"purchasable","14":"product-type-simple"},"yoast_head":"<!-- This site is optimized with the Yoast SEO plugin v27.5 - https:\/\/yoast.com\/product\/yoast-seo-wordpress\/ -->\n<title>Tableau \u00e9lectrique 32A 5P 4x prise 230V, protection et compteur - Road<\/title>\n<meta name=\"robots\" content=\"index, follow, max-snippet:-1, max-image-preview:large, max-video-preview:-1\" \/>\n<link rel=\"canonical\" href=\"https:\/\/roadeu.com\/sklep\/fr\/produkt\/tableau-electrique-32a-5p-4x-prise-230v-protection-et-compteur\/\" \/>\n<meta property=\"og:locale\" content=\"fr_FR\" \/>\n<meta property=\"og:type\" content=\"article\" \/>\n<meta property=\"og:title\" content=\"Tableau \u00e9lectrique 32A 5P 4x prise 230V, protection et compteur - Road\" \/>\n<meta property=\"og:description\" content=\"Tableau \u00e9lectrique 32A 5P 4x prise 230V, protection et compteur\" \/>\n<meta property=\"og:url\" content=\"https:\/\/roadeu.com\/sklep\/fr\/produkt\/tableau-electrique-32a-5p-4x-prise-230v-protection-et-compteur\/\" \/>\n<meta property=\"og:site_name\" content=\"Road\" \/>\n<meta property=\"article:modified_time\" content=\"2026-01-05T13:30:32+00:00\" \/>\n<meta property=\"og:image\" content=\"https:\/\/roadeu.com\/sklep\/wp-content\/uploads\/2025\/07\/c18ae9a441e2a9e0b30a1670c3cc.jpg\" \/>\n\t<meta property=\"og:image:width\" content=\"1352\" \/>\n\t<meta property=\"og:image:height\" content=\"1520\" \/>\n\t<meta property=\"og:image:type\" content=\"image\/jpeg\" \/>\n<meta name=\"twitter:card\" content=\"summary_large_image\" \/>\n<meta name=\"twitter:label1\" content=\"Dur\u00e9e de lecture estim\u00e9e\" \/>\n\t<meta name=\"twitter:data1\" content=\"1 minute\" \/>\n<script type=\"application\/ld+json\" class=\"yoast-schema-graph\">{\"@context\":\"https:\\\/\\\/schema.org\",\"@graph\":[{\"@type\":\"WebPage\",\"@id\":\"https:\\\/\\\/roadeu.com\\\/sklep\\\/fr\\\/produkt\\\/tableau-electrique-32a-5p-4x-prise-230v-protection-et-compteur\\\/\",\"url\":\"https:\\\/\\\/roadeu.com\\\/sklep\\\/fr\\\/produkt\\\/tableau-electrique-32a-5p-4x-prise-230v-protection-et-compteur\\\/\",\"name\":\"Tableau \u00e9lectrique 32A 5P 4x prise 230V, protection et compteur - Road\",\"isPartOf\":{\"@id\":\"https:\\\/\\\/roadeu.com\\\/sklep\\\/fr\\\/#website\"},\"primaryImageOfPage\":{\"@id\":\"https:\\\/\\\/roadeu.com\\\/sklep\\\/fr\\\/produkt\\\/tableau-electrique-32a-5p-4x-prise-230v-protection-et-compteur\\\/#primaryimage\"},\"image\":{\"@id\":\"https:\\\/\\\/roadeu.com\\\/sklep\\\/fr\\\/produkt\\\/tableau-electrique-32a-5p-4x-prise-230v-protection-et-compteur\\\/#primaryimage\"},\"thumbnailUrl\":\"https:\\\/\\\/roadeu.com\\\/sklep\\\/wp-content\\\/uploads\\\/2025\\\/07\\\/c18ae9a441e2a9e0b30a1670c3cc.jpg\",\"datePublished\":\"2025-07-16T09:52:36+00:00\",\"dateModified\":\"2026-01-05T13:30:32+00:00\",\"breadcrumb\":{\"@id\":\"https:\\\/\\\/roadeu.com\\\/sklep\\\/fr\\\/produkt\\\/tableau-electrique-32a-5p-4x-prise-230v-protection-et-compteur\\\/#breadcrumb\"},\"inLanguage\":\"fr-FR\",\"potentialAction\":[{\"@type\":\"ReadAction\",\"target\":[\"https:\\\/\\\/roadeu.com\\\/sklep\\\/fr\\\/produkt\\\/tableau-electrique-32a-5p-4x-prise-230v-protection-et-compteur\\\/\"]}]},{\"@type\":\"ImageObject\",\"inLanguage\":\"fr-FR\",\"@id\":\"https:\\\/\\\/roadeu.com\\\/sklep\\\/fr\\\/produkt\\\/tableau-electrique-32a-5p-4x-prise-230v-protection-et-compteur\\\/#primaryimage\",\"url\":\"https:\\\/\\\/roadeu.com\\\/sklep\\\/wp-content\\\/uploads\\\/2025\\\/07\\\/c18ae9a441e2a9e0b30a1670c3cc.jpg\",\"contentUrl\":\"https:\\\/\\\/roadeu.com\\\/sklep\\\/wp-content\\\/uploads\\\/2025\\\/07\\\/c18ae9a441e2a9e0b30a1670c3cc.jpg\",\"width\":1352,\"height\":1520},{\"@type\":\"BreadcrumbList\",\"@id\":\"https:\\\/\\\/roadeu.com\\\/sklep\\\/fr\\\/produkt\\\/tableau-electrique-32a-5p-4x-prise-230v-protection-et-compteur\\\/#breadcrumb\",\"itemListElement\":[{\"@type\":\"ListItem\",\"position\":1,\"name\":\"Strona g\u0142\u00f3wna\",\"item\":\"https:\\\/\\\/roadeu.com\\\/sklep\\\/fr\\\/boutique\\\/\"},{\"@type\":\"ListItem\",\"position\":2,\"name\":\"Boutique\",\"item\":\"https:\\\/\\\/roadeu.com\\\/sklep\\\/fr\\\/boutique\\\/\"},{\"@type\":\"ListItem\",\"position\":3,\"name\":\"Tableau \u00e9lectrique 32A 5P 4x prise 230V, protection et compteur\"}]},{\"@type\":\"WebSite\",\"@id\":\"https:\\\/\\\/roadeu.com\\\/sklep\\\/fr\\\/#website\",\"url\":\"https:\\\/\\\/roadeu.com\\\/sklep\\\/fr\\\/\",\"name\":\"Road\",\"description\":\"Hurtownia Elektryczna w Dzier\u017coniowie. Producent sprz\u0119tu elektrycznego.\",\"publisher\":{\"@id\":\"https:\\\/\\\/roadeu.com\\\/sklep\\\/fr\\\/#organization\"},\"potentialAction\":[{\"@type\":\"SearchAction\",\"target\":{\"@type\":\"EntryPoint\",\"urlTemplate\":\"https:\\\/\\\/roadeu.com\\\/sklep\\\/fr\\\/?s={search_term_string}\"},\"query-input\":{\"@type\":\"PropertyValueSpecification\",\"valueRequired\":true,\"valueName\":\"search_term_string\"}}],\"inLanguage\":\"fr-FR\"},{\"@type\":\"Organization\",\"@id\":\"https:\\\/\\\/roadeu.com\\\/sklep\\\/fr\\\/#organization\",\"name\":\"Road\",\"url\":\"https:\\\/\\\/roadeu.com\\\/sklep\\\/fr\\\/\",\"logo\":{\"@type\":\"ImageObject\",\"inLanguage\":\"fr-FR\",\"@id\":\"https:\\\/\\\/roadeu.com\\\/sklep\\\/fr\\\/#\\\/schema\\\/logo\\\/image\\\/\",\"url\":\"https:\\\/\\\/roadeu.com\\\/sklep\\\/wp-content\\\/uploads\\\/2025\\\/05\\\/logotype-lg-pl.png\",\"contentUrl\":\"https:\\\/\\\/roadeu.com\\\/sklep\\\/wp-content\\\/uploads\\\/2025\\\/05\\\/logotype-lg-pl.png\",\"width\":300,\"height\":70,\"caption\":\"Road\"},\"image\":{\"@id\":\"https:\\\/\\\/roadeu.com\\\/sklep\\\/fr\\\/#\\\/schema\\\/logo\\\/image\\\/\"}}]}<\/script>\n<!-- \/ Yoast SEO plugin. -->","yoast_head_json":{"title":"Tableau \u00e9lectrique 32A 5P 4x prise 230V, protection et compteur - Road","robots":{"index":"index","follow":"follow","max-snippet":"max-snippet:-1","max-image-preview":"max-image-preview:large","max-video-preview":"max-video-preview:-1"},"canonical":"https:\/\/roadeu.com\/sklep\/fr\/produkt\/tableau-electrique-32a-5p-4x-prise-230v-protection-et-compteur\/","og_locale":"fr_FR","og_type":"article","og_title":"Tableau \u00e9lectrique 32A 5P 4x prise 230V, protection et compteur - Road","og_description":"Tableau \u00e9lectrique 32A 5P 4x prise 230V, protection et compteur","og_url":"https:\/\/roadeu.com\/sklep\/fr\/produkt\/tableau-electrique-32a-5p-4x-prise-230v-protection-et-compteur\/","og_site_name":"Road","article_modified_time":"2026-01-05T13:30:32+00:00","og_image":[{"width":1352,"height":1520,"url":"https:\/\/roadeu.com\/sklep\/wp-content\/uploads\/2025\/07\/c18ae9a441e2a9e0b30a1670c3cc.jpg","type":"image\/jpeg"}],"twitter_card":"summary_large_image","twitter_misc":{"Dur\u00e9e de lecture estim\u00e9e":"1 minute"},"schema":{"@context":"https:\/\/schema.org","@graph":[{"@type":"WebPage","@id":"https:\/\/roadeu.com\/sklep\/fr\/produkt\/tableau-electrique-32a-5p-4x-prise-230v-protection-et-compteur\/","url":"https:\/\/roadeu.com\/sklep\/fr\/produkt\/tableau-electrique-32a-5p-4x-prise-230v-protection-et-compteur\/","name":"Tableau \u00e9lectrique 32A 5P 4x prise 230V, protection et compteur - Road","isPartOf":{"@id":"https:\/\/roadeu.com\/sklep\/fr\/#website"},"primaryImageOfPage":{"@id":"https:\/\/roadeu.com\/sklep\/fr\/produkt\/tableau-electrique-32a-5p-4x-prise-230v-protection-et-compteur\/#primaryimage"},"image":{"@id":"https:\/\/roadeu.com\/sklep\/fr\/produkt\/tableau-electrique-32a-5p-4x-prise-230v-protection-et-compteur\/#primaryimage"},"thumbnailUrl":"https:\/\/roadeu.com\/sklep\/wp-content\/uploads\/2025\/07\/c18ae9a441e2a9e0b30a1670c3cc.jpg","datePublished":"2025-07-16T09:52:36+00:00","dateModified":"2026-01-05T13:30:32+00:00","breadcrumb":{"@id":"https:\/\/roadeu.com\/sklep\/fr\/produkt\/tableau-electrique-32a-5p-4x-prise-230v-protection-et-compteur\/#breadcrumb"},"inLanguage":"fr-FR","potentialAction":[{"@type":"ReadAction","target":["https:\/\/roadeu.com\/sklep\/fr\/produkt\/tableau-electrique-32a-5p-4x-prise-230v-protection-et-compteur\/"]}]},{"@type":"ImageObject","inLanguage":"fr-FR","@id":"https:\/\/roadeu.com\/sklep\/fr\/produkt\/tableau-electrique-32a-5p-4x-prise-230v-protection-et-compteur\/#primaryimage","url":"https:\/\/roadeu.com\/sklep\/wp-content\/uploads\/2025\/07\/c18ae9a441e2a9e0b30a1670c3cc.jpg","contentUrl":"https:\/\/roadeu.com\/sklep\/wp-content\/uploads\/2025\/07\/c18ae9a441e2a9e0b30a1670c3cc.jpg","width":1352,"height":1520},{"@type":"BreadcrumbList","@id":"https:\/\/roadeu.com\/sklep\/fr\/produkt\/tableau-electrique-32a-5p-4x-prise-230v-protection-et-compteur\/#breadcrumb","itemListElement":[{"@type":"ListItem","position":1,"name":"Strona g\u0142\u00f3wna","item":"https:\/\/roadeu.com\/sklep\/fr\/boutique\/"},{"@type":"ListItem","position":2,"name":"Boutique","item":"https:\/\/roadeu.com\/sklep\/fr\/boutique\/"},{"@type":"ListItem","position":3,"name":"Tableau \u00e9lectrique 32A 5P 4x prise 230V, protection et compteur"}]},{"@type":"WebSite","@id":"https:\/\/roadeu.com\/sklep\/fr\/#website","url":"https:\/\/roadeu.com\/sklep\/fr\/","name":"Road","description":"Hurtownia Elektryczna w Dzier\u017coniowie. Producent sprz\u0119tu elektrycznego.","publisher":{"@id":"https:\/\/roadeu.com\/sklep\/fr\/#organization"},"potentialAction":[{"@type":"SearchAction","target":{"@type":"EntryPoint","urlTemplate":"https:\/\/roadeu.com\/sklep\/fr\/?s={search_term_string}"},"query-input":{"@type":"PropertyValueSpecification","valueRequired":true,"valueName":"search_term_string"}}],"inLanguage":"fr-FR"},{"@type":"Organization","@id":"https:\/\/roadeu.com\/sklep\/fr\/#organization","name":"Road","url":"https:\/\/roadeu.com\/sklep\/fr\/","logo":{"@type":"ImageObject","inLanguage":"fr-FR","@id":"https:\/\/roadeu.com\/sklep\/fr\/#\/schema\/logo\/image\/","url":"https:\/\/roadeu.com\/sklep\/wp-content\/uploads\/2025\/05\/logotype-lg-pl.png","contentUrl":"https:\/\/roadeu.com\/sklep\/wp-content\/uploads\/2025\/05\/logotype-lg-pl.png","width":300,"height":70,"caption":"Road"},"image":{"@id":"https:\/\/roadeu.com\/sklep\/fr\/#\/schema\/logo\/image\/"}}]}},"_links":{"self":[{"href":"https:\/\/roadeu.com\/sklep\/fr\/wp-json\/wp\/v2\/product\/8450","targetHints":{"allow":["GET"]}}],"collection":[{"href":"https:\/\/roadeu.com\/sklep\/fr\/wp-json\/wp\/v2\/product"}],"about":[{"href":"https:\/\/roadeu.com\/sklep\/fr\/wp-json\/wp\/v2\/types\/product"}],"wp:featuredmedia":[{"embeddable":true,"href":"https:\/\/roadeu.com\/sklep\/fr\/wp-json\/wp\/v2\/media\/7137"}],"wp:attachment":[{"href":"https:\/\/roadeu.com\/sklep\/fr\/wp-json\/wp\/v2\/media?parent=8450"}],"wp:term":[{"taxonomy":"product_brand","embeddable":true,"href":"https:\/\/roadeu.com\/sklep\/fr\/wp-json\/wp\/v2\/product_brand?post=8450"},{"taxonomy":"product_cat","embeddable":true,"href":"https:\/\/roadeu.com\/sklep\/fr\/wp-json\/wp\/v2\/product_cat?post=8450"},{"taxonomy":"product_tag","embeddable":true,"href":"https:\/\/roadeu.com\/sklep\/fr\/wp-json\/wp\/v2\/product_tag?post=8450"}],"curies":[{"name":"wp","href":"https:\/\/api.w.org\/{rel}","templated":true}]}}