{"id":8427,"date":"2025-07-21T12:27:40","date_gmt":"2025-07-21T10:27:40","guid":{"rendered":"https:\/\/roadeu.com\/sklep\/produkt\/boitier-de-distribution-electrique-portable-16a-avec-deux-prises-230v-cable-5m\/"},"modified":"2026-01-05T14:30:50","modified_gmt":"2026-01-05T13:30:50","slug":"boitier-de-distribution-electrique-portable-16a-avec-deux-prises-230v-cable-5m","status":"publish","type":"product","link":"https:\/\/roadeu.com\/sklep\/fr\/produkt\/boitier-de-distribution-electrique-portable-16a-avec-deux-prises-230v-cable-5m\/","title":{"rendered":"Bo\u00eetier de distribution \u00e9lectrique portable 16A avec deux prises 230V C\u00e2ble 5m"},"content":{"rendered":"<div class=\"app-container\">\n<div class=\"mgn2_14 mp0t_0a mqu1_21 mli8_k4 mgmw_wo msts_pt _0d3bd_K6Qpj\">\n<div class=\"mpof_ki myre_zn myre_8v_l m389_6m_l\">\n<div class=\"mp4t_16_s mryx_16_s mr3m_1 mli2_1 mh85_56 mh85_0_l\">\n<div class=\"mgn2_16 _0d3bd_am0a-\">\n<p>Distributeur d\u2019\u00e9nergie s\u00fbr et fiable : <b>fiche 16A \u00e0 5 broches <\/b>avec poign\u00e9e caoutchout\u00e9e.<b> <\/b><\/p>\n<p>Prise de <b>courant 16A 5P 400V <\/b>int\u00e9gr\u00e9e \u00e0 deux prises monophas\u00e9es 230V.<\/p>\n<p>\u00a0<\/p>\n<p>Les prises sont \u00e9quip\u00e9es de clapets pour assurer l\u2019\u00e9tanch\u00e9it\u00e9 IP44, ce qui a un impact direct sur la S\u00c9CURIT\u00c9 d\u2019utilisation.<\/p>\n<p><b>C\u00e2ble isol\u00e9 en caoutchouc 5\u00d72,5mm<\/b>: r\u00e9sistant \u00e0 l\u2019abrasion, aux chocs, \u00e0 l\u2019\u00e9crasement, aux graisses et aux huiles min\u00e9rales.<b> Longueur : 5 m\u00e8tres<\/b>.<\/p>\n<p>\u00a0<\/p>\n<p>Tableau de distribution d\u2019\u00e9nergie 16A, <b>classe de protection IP44<\/b>: protection contre les corps \u00e9trangers et les projections d\u2019eau, convient pour<\/p>\n<p>Dans nos armoires de commande, les prises de courant 230V et les prises de courant CEE 16A sont utilis\u00e9es \u00e0 l\u2019int\u00e9rieur et \u00e0 l\u2019ext\u00e9rieur.<\/p>\n<p>sont toujours connect\u00e9es avec un fil de 2,5 mm2. Les prises CEE 32A sont toujours connect\u00e9es avec un conducteur de 4 mm2. <\/p>\n<\/div>\n<\/div>\n<\/div>\n<\/div>\n<\/div>\n","protected":false},"excerpt":{"rendered":"<h1 class=\"mp4t_0 mryx_0 mj7a_4 mvrt_8 mp0t_ji m9qz_yo munh_0 mqu1_1j mgmw_wo mgn2_21 mgn2_25_s\"><span style=\"font-size: 12pt;\">Bo\u00eetier de distribution \u00e9lectrique portable 16A avec deux prises 230V C\u00e2ble 5m<\/span><\/h1>\n","protected":false},"featured_media":7680,"template":"","meta":[],"product_brand":[378],"product_cat":[371],"product_tag":[],"class_list":{"0":"post-8427","1":"product","2":"type-product","3":"status-publish","4":"has-post-thumbnail","6":"product_brand-roadeu-fr","7":"product_cat-tableaux-de-distribution-jeux-de-douilles","9":"first","10":"instock","11":"taxable","12":"shipping-taxable","13":"purchasable","14":"product-type-simple"},"yoast_head":"<!-- This site is optimized with the Yoast SEO plugin v27.5 - https:\/\/yoast.com\/product\/yoast-seo-wordpress\/ -->\n<title>Bo\u00eetier de distribution \u00e9lectrique portable 16A avec deux prises 230V C\u00e2ble 5m - Road<\/title>\n<meta name=\"robots\" content=\"index, follow, max-snippet:-1, max-image-preview:large, max-video-preview:-1\" \/>\n<link rel=\"canonical\" href=\"https:\/\/roadeu.com\/sklep\/fr\/produkt\/boitier-de-distribution-electrique-portable-16a-avec-deux-prises-230v-cable-5m\/\" \/>\n<meta property=\"og:locale\" content=\"fr_FR\" \/>\n<meta property=\"og:type\" content=\"article\" \/>\n<meta property=\"og:title\" content=\"Bo\u00eetier de distribution \u00e9lectrique portable 16A avec deux prises 230V C\u00e2ble 5m - Road\" \/>\n<meta property=\"og:description\" content=\"Bo\u00eetier de distribution \u00e9lectrique portable 16A avec deux prises 230V C\u00e2ble 5m\" \/>\n<meta property=\"og:url\" content=\"https:\/\/roadeu.com\/sklep\/fr\/produkt\/boitier-de-distribution-electrique-portable-16a-avec-deux-prises-230v-cable-5m\/\" \/>\n<meta property=\"og:site_name\" content=\"Road\" \/>\n<meta property=\"article:modified_time\" content=\"2026-01-05T13:30:50+00:00\" \/>\n<meta property=\"og:image\" content=\"https:\/\/roadeu.com\/sklep\/wp-content\/uploads\/2025\/07\/ce4c38fb4de79677296217187ddc.jpg\" \/>\n\t<meta property=\"og:image:width\" content=\"2000\" \/>\n\t<meta property=\"og:image:height\" content=\"1375\" \/>\n\t<meta property=\"og:image:type\" content=\"image\/jpeg\" \/>\n<meta name=\"twitter:card\" content=\"summary_large_image\" \/>\n<meta name=\"twitter:label1\" content=\"Dur\u00e9e de lecture estim\u00e9e\" \/>\n\t<meta name=\"twitter:data1\" content=\"1 minute\" \/>\n<script type=\"application\/ld+json\" class=\"yoast-schema-graph\">{\"@context\":\"https:\\\/\\\/schema.org\",\"@graph\":[{\"@type\":\"WebPage\",\"@id\":\"https:\\\/\\\/roadeu.com\\\/sklep\\\/fr\\\/produkt\\\/boitier-de-distribution-electrique-portable-16a-avec-deux-prises-230v-cable-5m\\\/\",\"url\":\"https:\\\/\\\/roadeu.com\\\/sklep\\\/fr\\\/produkt\\\/boitier-de-distribution-electrique-portable-16a-avec-deux-prises-230v-cable-5m\\\/\",\"name\":\"Bo\u00eetier de distribution \u00e9lectrique portable 16A avec deux prises 230V C\u00e2ble 5m - Road\",\"isPartOf\":{\"@id\":\"https:\\\/\\\/roadeu.com\\\/sklep\\\/fr\\\/#website\"},\"primaryImageOfPage\":{\"@id\":\"https:\\\/\\\/roadeu.com\\\/sklep\\\/fr\\\/produkt\\\/boitier-de-distribution-electrique-portable-16a-avec-deux-prises-230v-cable-5m\\\/#primaryimage\"},\"image\":{\"@id\":\"https:\\\/\\\/roadeu.com\\\/sklep\\\/fr\\\/produkt\\\/boitier-de-distribution-electrique-portable-16a-avec-deux-prises-230v-cable-5m\\\/#primaryimage\"},\"thumbnailUrl\":\"https:\\\/\\\/roadeu.com\\\/sklep\\\/wp-content\\\/uploads\\\/2025\\\/07\\\/ce4c38fb4de79677296217187ddc.jpg\",\"datePublished\":\"2025-07-21T10:27:40+00:00\",\"dateModified\":\"2026-01-05T13:30:50+00:00\",\"breadcrumb\":{\"@id\":\"https:\\\/\\\/roadeu.com\\\/sklep\\\/fr\\\/produkt\\\/boitier-de-distribution-electrique-portable-16a-avec-deux-prises-230v-cable-5m\\\/#breadcrumb\"},\"inLanguage\":\"fr-FR\",\"potentialAction\":[{\"@type\":\"ReadAction\",\"target\":[\"https:\\\/\\\/roadeu.com\\\/sklep\\\/fr\\\/produkt\\\/boitier-de-distribution-electrique-portable-16a-avec-deux-prises-230v-cable-5m\\\/\"]}]},{\"@type\":\"ImageObject\",\"inLanguage\":\"fr-FR\",\"@id\":\"https:\\\/\\\/roadeu.com\\\/sklep\\\/fr\\\/produkt\\\/boitier-de-distribution-electrique-portable-16a-avec-deux-prises-230v-cable-5m\\\/#primaryimage\",\"url\":\"https:\\\/\\\/roadeu.com\\\/sklep\\\/wp-content\\\/uploads\\\/2025\\\/07\\\/ce4c38fb4de79677296217187ddc.jpg\",\"contentUrl\":\"https:\\\/\\\/roadeu.com\\\/sklep\\\/wp-content\\\/uploads\\\/2025\\\/07\\\/ce4c38fb4de79677296217187ddc.jpg\",\"width\":2000,\"height\":1375},{\"@type\":\"BreadcrumbList\",\"@id\":\"https:\\\/\\\/roadeu.com\\\/sklep\\\/fr\\\/produkt\\\/boitier-de-distribution-electrique-portable-16a-avec-deux-prises-230v-cable-5m\\\/#breadcrumb\",\"itemListElement\":[{\"@type\":\"ListItem\",\"position\":1,\"name\":\"Strona g\u0142\u00f3wna\",\"item\":\"https:\\\/\\\/roadeu.com\\\/sklep\\\/fr\\\/boutique\\\/\"},{\"@type\":\"ListItem\",\"position\":2,\"name\":\"Boutique\",\"item\":\"https:\\\/\\\/roadeu.com\\\/sklep\\\/fr\\\/boutique\\\/\"},{\"@type\":\"ListItem\",\"position\":3,\"name\":\"Bo\u00eetier de distribution \u00e9lectrique portable 16A avec deux prises 230V C\u00e2ble 5m\"}]},{\"@type\":\"WebSite\",\"@id\":\"https:\\\/\\\/roadeu.com\\\/sklep\\\/fr\\\/#website\",\"url\":\"https:\\\/\\\/roadeu.com\\\/sklep\\\/fr\\\/\",\"name\":\"Road\",\"description\":\"Hurtownia Elektryczna w Dzier\u017coniowie. Producent sprz\u0119tu elektrycznego.\",\"publisher\":{\"@id\":\"https:\\\/\\\/roadeu.com\\\/sklep\\\/fr\\\/#organization\"},\"potentialAction\":[{\"@type\":\"SearchAction\",\"target\":{\"@type\":\"EntryPoint\",\"urlTemplate\":\"https:\\\/\\\/roadeu.com\\\/sklep\\\/fr\\\/?s={search_term_string}\"},\"query-input\":{\"@type\":\"PropertyValueSpecification\",\"valueRequired\":true,\"valueName\":\"search_term_string\"}}],\"inLanguage\":\"fr-FR\"},{\"@type\":\"Organization\",\"@id\":\"https:\\\/\\\/roadeu.com\\\/sklep\\\/fr\\\/#organization\",\"name\":\"Road\",\"url\":\"https:\\\/\\\/roadeu.com\\\/sklep\\\/fr\\\/\",\"logo\":{\"@type\":\"ImageObject\",\"inLanguage\":\"fr-FR\",\"@id\":\"https:\\\/\\\/roadeu.com\\\/sklep\\\/fr\\\/#\\\/schema\\\/logo\\\/image\\\/\",\"url\":\"https:\\\/\\\/roadeu.com\\\/sklep\\\/wp-content\\\/uploads\\\/2025\\\/05\\\/logotype-lg-pl.png\",\"contentUrl\":\"https:\\\/\\\/roadeu.com\\\/sklep\\\/wp-content\\\/uploads\\\/2025\\\/05\\\/logotype-lg-pl.png\",\"width\":300,\"height\":70,\"caption\":\"Road\"},\"image\":{\"@id\":\"https:\\\/\\\/roadeu.com\\\/sklep\\\/fr\\\/#\\\/schema\\\/logo\\\/image\\\/\"}}]}<\/script>\n<!-- \/ Yoast SEO plugin. -->","yoast_head_json":{"title":"Bo\u00eetier de distribution \u00e9lectrique portable 16A avec deux prises 230V C\u00e2ble 5m - Road","robots":{"index":"index","follow":"follow","max-snippet":"max-snippet:-1","max-image-preview":"max-image-preview:large","max-video-preview":"max-video-preview:-1"},"canonical":"https:\/\/roadeu.com\/sklep\/fr\/produkt\/boitier-de-distribution-electrique-portable-16a-avec-deux-prises-230v-cable-5m\/","og_locale":"fr_FR","og_type":"article","og_title":"Bo\u00eetier de distribution \u00e9lectrique portable 16A avec deux prises 230V C\u00e2ble 5m - Road","og_description":"Bo\u00eetier de distribution \u00e9lectrique portable 16A avec deux prises 230V C\u00e2ble 5m","og_url":"https:\/\/roadeu.com\/sklep\/fr\/produkt\/boitier-de-distribution-electrique-portable-16a-avec-deux-prises-230v-cable-5m\/","og_site_name":"Road","article_modified_time":"2026-01-05T13:30:50+00:00","og_image":[{"width":2000,"height":1375,"url":"https:\/\/roadeu.com\/sklep\/wp-content\/uploads\/2025\/07\/ce4c38fb4de79677296217187ddc.jpg","type":"image\/jpeg"}],"twitter_card":"summary_large_image","twitter_misc":{"Dur\u00e9e de lecture estim\u00e9e":"1 minute"},"schema":{"@context":"https:\/\/schema.org","@graph":[{"@type":"WebPage","@id":"https:\/\/roadeu.com\/sklep\/fr\/produkt\/boitier-de-distribution-electrique-portable-16a-avec-deux-prises-230v-cable-5m\/","url":"https:\/\/roadeu.com\/sklep\/fr\/produkt\/boitier-de-distribution-electrique-portable-16a-avec-deux-prises-230v-cable-5m\/","name":"Bo\u00eetier de distribution \u00e9lectrique portable 16A avec deux prises 230V C\u00e2ble 5m - Road","isPartOf":{"@id":"https:\/\/roadeu.com\/sklep\/fr\/#website"},"primaryImageOfPage":{"@id":"https:\/\/roadeu.com\/sklep\/fr\/produkt\/boitier-de-distribution-electrique-portable-16a-avec-deux-prises-230v-cable-5m\/#primaryimage"},"image":{"@id":"https:\/\/roadeu.com\/sklep\/fr\/produkt\/boitier-de-distribution-electrique-portable-16a-avec-deux-prises-230v-cable-5m\/#primaryimage"},"thumbnailUrl":"https:\/\/roadeu.com\/sklep\/wp-content\/uploads\/2025\/07\/ce4c38fb4de79677296217187ddc.jpg","datePublished":"2025-07-21T10:27:40+00:00","dateModified":"2026-01-05T13:30:50+00:00","breadcrumb":{"@id":"https:\/\/roadeu.com\/sklep\/fr\/produkt\/boitier-de-distribution-electrique-portable-16a-avec-deux-prises-230v-cable-5m\/#breadcrumb"},"inLanguage":"fr-FR","potentialAction":[{"@type":"ReadAction","target":["https:\/\/roadeu.com\/sklep\/fr\/produkt\/boitier-de-distribution-electrique-portable-16a-avec-deux-prises-230v-cable-5m\/"]}]},{"@type":"ImageObject","inLanguage":"fr-FR","@id":"https:\/\/roadeu.com\/sklep\/fr\/produkt\/boitier-de-distribution-electrique-portable-16a-avec-deux-prises-230v-cable-5m\/#primaryimage","url":"https:\/\/roadeu.com\/sklep\/wp-content\/uploads\/2025\/07\/ce4c38fb4de79677296217187ddc.jpg","contentUrl":"https:\/\/roadeu.com\/sklep\/wp-content\/uploads\/2025\/07\/ce4c38fb4de79677296217187ddc.jpg","width":2000,"height":1375},{"@type":"BreadcrumbList","@id":"https:\/\/roadeu.com\/sklep\/fr\/produkt\/boitier-de-distribution-electrique-portable-16a-avec-deux-prises-230v-cable-5m\/#breadcrumb","itemListElement":[{"@type":"ListItem","position":1,"name":"Strona g\u0142\u00f3wna","item":"https:\/\/roadeu.com\/sklep\/fr\/boutique\/"},{"@type":"ListItem","position":2,"name":"Boutique","item":"https:\/\/roadeu.com\/sklep\/fr\/boutique\/"},{"@type":"ListItem","position":3,"name":"Bo\u00eetier de distribution \u00e9lectrique portable 16A avec deux prises 230V C\u00e2ble 5m"}]},{"@type":"WebSite","@id":"https:\/\/roadeu.com\/sklep\/fr\/#website","url":"https:\/\/roadeu.com\/sklep\/fr\/","name":"Road","description":"Hurtownia Elektryczna w Dzier\u017coniowie. Producent sprz\u0119tu elektrycznego.","publisher":{"@id":"https:\/\/roadeu.com\/sklep\/fr\/#organization"},"potentialAction":[{"@type":"SearchAction","target":{"@type":"EntryPoint","urlTemplate":"https:\/\/roadeu.com\/sklep\/fr\/?s={search_term_string}"},"query-input":{"@type":"PropertyValueSpecification","valueRequired":true,"valueName":"search_term_string"}}],"inLanguage":"fr-FR"},{"@type":"Organization","@id":"https:\/\/roadeu.com\/sklep\/fr\/#organization","name":"Road","url":"https:\/\/roadeu.com\/sklep\/fr\/","logo":{"@type":"ImageObject","inLanguage":"fr-FR","@id":"https:\/\/roadeu.com\/sklep\/fr\/#\/schema\/logo\/image\/","url":"https:\/\/roadeu.com\/sklep\/wp-content\/uploads\/2025\/05\/logotype-lg-pl.png","contentUrl":"https:\/\/roadeu.com\/sklep\/wp-content\/uploads\/2025\/05\/logotype-lg-pl.png","width":300,"height":70,"caption":"Road"},"image":{"@id":"https:\/\/roadeu.com\/sklep\/fr\/#\/schema\/logo\/image\/"}}]}},"_links":{"self":[{"href":"https:\/\/roadeu.com\/sklep\/fr\/wp-json\/wp\/v2\/product\/8427","targetHints":{"allow":["GET"]}}],"collection":[{"href":"https:\/\/roadeu.com\/sklep\/fr\/wp-json\/wp\/v2\/product"}],"about":[{"href":"https:\/\/roadeu.com\/sklep\/fr\/wp-json\/wp\/v2\/types\/product"}],"wp:featuredmedia":[{"embeddable":true,"href":"https:\/\/roadeu.com\/sklep\/fr\/wp-json\/wp\/v2\/media\/7680"}],"wp:attachment":[{"href":"https:\/\/roadeu.com\/sklep\/fr\/wp-json\/wp\/v2\/media?parent=8427"}],"wp:term":[{"taxonomy":"product_brand","embeddable":true,"href":"https:\/\/roadeu.com\/sklep\/fr\/wp-json\/wp\/v2\/product_brand?post=8427"},{"taxonomy":"product_cat","embeddable":true,"href":"https:\/\/roadeu.com\/sklep\/fr\/wp-json\/wp\/v2\/product_cat?post=8427"},{"taxonomy":"product_tag","embeddable":true,"href":"https:\/\/roadeu.com\/sklep\/fr\/wp-json\/wp\/v2\/product_tag?post=8427"}],"curies":[{"name":"wp","href":"https:\/\/api.w.org\/{rel}","templated":true}]}}