{"id":8404,"date":"2025-07-18T13:13:06","date_gmt":"2025-07-18T11:13:06","guid":{"rendered":"https:\/\/roadeu.com\/sklep\/produkt\/tableau-de-distribution-electrique-230-v-prise-quadruple-avec-interrupteur\/"},"modified":"2026-01-05T14:30:47","modified_gmt":"2026-01-05T13:30:47","slug":"tableau-de-distribution-electrique-230-v-prise-quadruple-avec-interrupteur","status":"publish","type":"product","link":"https:\/\/roadeu.com\/sklep\/fr\/produkt\/tableau-de-distribution-electrique-230-v-prise-quadruple-avec-interrupteur\/","title":{"rendered":"Tableau de distribution \u00e9lectrique 230 V Prise quadruple avec interrupteur"},"content":{"rendered":"<div class=\"app-container\">\n<div class=\"mgn2_14 mp0t_0a mqu1_21 mli8_k4 mgmw_wo msts_pt _0d3bd_K6Qpj\">\n<div class=\"mpof_ki myre_zn myre_8v_l m389_6m_l\">\n<div class=\"mp4t_16_s mryx_16_s mr3m_1 mli2_1 mh85_56 mh85_0_l\">\n<div class=\"mgn2_16 _0d3bd_am0a-\">\n<p>Le tableau de distribution d&rsquo;\u00e9nergie est constitu\u00e9 de composants de haute qualit\u00e9. Un fonctionnement s\u00fbr <\/p>\n<p>garantissent des normes europ\u00e9ennes \u00e9lev\u00e9es. Nos prises 230V sont s\u00fbres pour l&rsquo;utilisateur <\/p>\n<p>et les \u00e9quipements qu&rsquo;ils alimentent.<\/p>\n<p>&nbsp;<\/p>\n<p><b>INTERRUPTEUR 0-1 :<\/b> L&rsquo;interrupteur int\u00e9gr\u00e9 permet d&rsquo;activer et de d\u00e9sactiver la tension.<\/p>\n<p>dans les prises \u00e0 tout moment, ce qui constitue une s\u00e9curit\u00e9 suppl\u00e9mentaire. Vous allumez ou <\/p>\n<p>vous coupez le courant dans toutes les prises.<\/p>\n<p>&nbsp;<\/p>\n<p>Le bo\u00eetier de distribution \u00e9lectrique est \u00e9quip\u00e9 de 4 prises 16A 230V IP44. <b>Classe de protection IP44 <\/b>&#8211; r\u00e9sistant \u00e0 la poussi\u00e8re et aux \u00e9claboussures.<\/p>\n<p>Pour l&rsquo;int\u00e9rieur et l&rsquo;ext\u00e9rieur. Gr\u00e2ce \u00e0 cette classe d&rsquo;\u00e9tanch\u00e9it\u00e9, vous pouvez b\u00e9n\u00e9ficier de <\/p>\n<p>de nos \u00e9quipements dans l&rsquo;atelier, le jardin ou le magasin.<\/p>\n<p>&nbsp;<\/p>\n<p>Le distributeur <b>est pr\u00e9-c\u00e2bl\u00e9 et pr\u00eat \u00e0 \u00eatre connect\u00e9.<\/b> Le bo\u00eetier comprend \u00e9galement <\/p>\n<p>presse-\u00e9toupe. Il suffit de connecter le c\u00e2ble (nous recommandons 3&#215;2,5mm) aux bornes appropri\u00e9es et le tour est jou\u00e9. <\/p>\n<p>Dans nos prises murales, les prises de 230V sont toujours connect\u00e9es avec un fil de 2,5 mm2.<\/p>\n<p>Les fiches normales et coud\u00e9es peuvent \u00eatre connect\u00e9es \u00e0 la prise mont\u00e9e en surface.<\/p>\n<\/div>\n<\/div>\n<\/div>\n<\/div>\n<\/div>\n","protected":false},"excerpt":{"rendered":"<h1 class=\"mp4t_0 mryx_0 mj7a_4 mvrt_8 mp0t_ji m9qz_yo munh_0 mqu1_1j mgmw_wo mgn2_21 mgn2_25_s\"><span style=\"font-size: 12pt;\">Tableau de distribution \u00e9lectrique 230 V Prise quadruple avec interrupteur<\/span><\/h1>\n","protected":false},"featured_media":7545,"template":"","meta":[],"product_brand":[378],"product_cat":[371],"product_tag":[],"class_list":{"0":"post-8404","1":"product","2":"type-product","3":"status-publish","4":"has-post-thumbnail","6":"product_brand-roadeu-fr","7":"product_cat-tableaux-de-distribution-jeux-de-douilles","9":"first","10":"instock","11":"taxable","12":"shipping-taxable","13":"purchasable","14":"product-type-simple"},"yoast_head":"<!-- This site is optimized with the Yoast SEO plugin v27.3 - https:\/\/yoast.com\/product\/yoast-seo-wordpress\/ -->\n<title>Tableau de distribution \u00e9lectrique 230 V Prise quadruple avec interrupteur - Road<\/title>\n<meta name=\"robots\" content=\"index, follow, max-snippet:-1, max-image-preview:large, max-video-preview:-1\" \/>\n<link rel=\"canonical\" href=\"https:\/\/roadeu.com\/sklep\/fr\/produkt\/tableau-de-distribution-electrique-230-v-prise-quadruple-avec-interrupteur\/\" \/>\n<meta property=\"og:locale\" content=\"fr_FR\" \/>\n<meta property=\"og:type\" content=\"article\" \/>\n<meta property=\"og:title\" content=\"Tableau de distribution \u00e9lectrique 230 V Prise quadruple avec interrupteur - Road\" \/>\n<meta property=\"og:description\" content=\"Tableau de distribution \u00e9lectrique 230 V Prise quadruple avec interrupteur\" \/>\n<meta property=\"og:url\" content=\"https:\/\/roadeu.com\/sklep\/fr\/produkt\/tableau-de-distribution-electrique-230-v-prise-quadruple-avec-interrupteur\/\" \/>\n<meta property=\"og:site_name\" content=\"Road\" \/>\n<meta property=\"article:modified_time\" content=\"2026-01-05T13:30:47+00:00\" \/>\n<meta property=\"og:image\" content=\"https:\/\/roadeu.com\/sklep\/wp-content\/uploads\/2025\/07\/deb9a6284027a8540e0e77662a0a.jpg\" \/>\n\t<meta property=\"og:image:width\" content=\"918\" \/>\n\t<meta property=\"og:image:height\" content=\"1186\" \/>\n\t<meta property=\"og:image:type\" content=\"image\/jpeg\" \/>\n<meta name=\"twitter:card\" content=\"summary_large_image\" \/>\n<meta name=\"twitter:label1\" content=\"Dur\u00e9e de lecture estim\u00e9e\" \/>\n\t<meta name=\"twitter:data1\" content=\"1 minute\" \/>\n<script type=\"application\/ld+json\" class=\"yoast-schema-graph\">{\"@context\":\"https:\\\/\\\/schema.org\",\"@graph\":[{\"@type\":\"WebPage\",\"@id\":\"https:\\\/\\\/roadeu.com\\\/sklep\\\/fr\\\/produkt\\\/tableau-de-distribution-electrique-230-v-prise-quadruple-avec-interrupteur\\\/\",\"url\":\"https:\\\/\\\/roadeu.com\\\/sklep\\\/fr\\\/produkt\\\/tableau-de-distribution-electrique-230-v-prise-quadruple-avec-interrupteur\\\/\",\"name\":\"Tableau de distribution \u00e9lectrique 230 V Prise quadruple avec interrupteur - Road\",\"isPartOf\":{\"@id\":\"https:\\\/\\\/roadeu.com\\\/sklep\\\/fr\\\/#website\"},\"primaryImageOfPage\":{\"@id\":\"https:\\\/\\\/roadeu.com\\\/sklep\\\/fr\\\/produkt\\\/tableau-de-distribution-electrique-230-v-prise-quadruple-avec-interrupteur\\\/#primaryimage\"},\"image\":{\"@id\":\"https:\\\/\\\/roadeu.com\\\/sklep\\\/fr\\\/produkt\\\/tableau-de-distribution-electrique-230-v-prise-quadruple-avec-interrupteur\\\/#primaryimage\"},\"thumbnailUrl\":\"https:\\\/\\\/roadeu.com\\\/sklep\\\/wp-content\\\/uploads\\\/2025\\\/07\\\/deb9a6284027a8540e0e77662a0a.jpg\",\"datePublished\":\"2025-07-18T11:13:06+00:00\",\"dateModified\":\"2026-01-05T13:30:47+00:00\",\"breadcrumb\":{\"@id\":\"https:\\\/\\\/roadeu.com\\\/sklep\\\/fr\\\/produkt\\\/tableau-de-distribution-electrique-230-v-prise-quadruple-avec-interrupteur\\\/#breadcrumb\"},\"inLanguage\":\"fr-FR\",\"potentialAction\":[{\"@type\":\"ReadAction\",\"target\":[\"https:\\\/\\\/roadeu.com\\\/sklep\\\/fr\\\/produkt\\\/tableau-de-distribution-electrique-230-v-prise-quadruple-avec-interrupteur\\\/\"]}]},{\"@type\":\"ImageObject\",\"inLanguage\":\"fr-FR\",\"@id\":\"https:\\\/\\\/roadeu.com\\\/sklep\\\/fr\\\/produkt\\\/tableau-de-distribution-electrique-230-v-prise-quadruple-avec-interrupteur\\\/#primaryimage\",\"url\":\"https:\\\/\\\/roadeu.com\\\/sklep\\\/wp-content\\\/uploads\\\/2025\\\/07\\\/deb9a6284027a8540e0e77662a0a.jpg\",\"contentUrl\":\"https:\\\/\\\/roadeu.com\\\/sklep\\\/wp-content\\\/uploads\\\/2025\\\/07\\\/deb9a6284027a8540e0e77662a0a.jpg\",\"width\":918,\"height\":1186},{\"@type\":\"BreadcrumbList\",\"@id\":\"https:\\\/\\\/roadeu.com\\\/sklep\\\/fr\\\/produkt\\\/tableau-de-distribution-electrique-230-v-prise-quadruple-avec-interrupteur\\\/#breadcrumb\",\"itemListElement\":[{\"@type\":\"ListItem\",\"position\":1,\"name\":\"Strona g\u0142\u00f3wna\",\"item\":\"https:\\\/\\\/roadeu.com\\\/sklep\\\/fr\\\/boutique\\\/\"},{\"@type\":\"ListItem\",\"position\":2,\"name\":\"Boutique\",\"item\":\"https:\\\/\\\/roadeu.com\\\/sklep\\\/fr\\\/boutique\\\/\"},{\"@type\":\"ListItem\",\"position\":3,\"name\":\"Tableau de distribution \u00e9lectrique 230 V Prise quadruple avec interrupteur\"}]},{\"@type\":\"WebSite\",\"@id\":\"https:\\\/\\\/roadeu.com\\\/sklep\\\/fr\\\/#website\",\"url\":\"https:\\\/\\\/roadeu.com\\\/sklep\\\/fr\\\/\",\"name\":\"Road\",\"description\":\"Hurtownia Elektryczna w Dzier\u017coniowie. Producent sprz\u0119tu elektrycznego.\",\"publisher\":{\"@id\":\"https:\\\/\\\/roadeu.com\\\/sklep\\\/fr\\\/#organization\"},\"potentialAction\":[{\"@type\":\"SearchAction\",\"target\":{\"@type\":\"EntryPoint\",\"urlTemplate\":\"https:\\\/\\\/roadeu.com\\\/sklep\\\/fr\\\/?s={search_term_string}\"},\"query-input\":{\"@type\":\"PropertyValueSpecification\",\"valueRequired\":true,\"valueName\":\"search_term_string\"}}],\"inLanguage\":\"fr-FR\"},{\"@type\":\"Organization\",\"@id\":\"https:\\\/\\\/roadeu.com\\\/sklep\\\/fr\\\/#organization\",\"name\":\"Road\",\"url\":\"https:\\\/\\\/roadeu.com\\\/sklep\\\/fr\\\/\",\"logo\":{\"@type\":\"ImageObject\",\"inLanguage\":\"fr-FR\",\"@id\":\"https:\\\/\\\/roadeu.com\\\/sklep\\\/fr\\\/#\\\/schema\\\/logo\\\/image\\\/\",\"url\":\"https:\\\/\\\/roadeu.com\\\/sklep\\\/wp-content\\\/uploads\\\/2025\\\/05\\\/logotype-lg-pl.png\",\"contentUrl\":\"https:\\\/\\\/roadeu.com\\\/sklep\\\/wp-content\\\/uploads\\\/2025\\\/05\\\/logotype-lg-pl.png\",\"width\":300,\"height\":70,\"caption\":\"Road\"},\"image\":{\"@id\":\"https:\\\/\\\/roadeu.com\\\/sklep\\\/fr\\\/#\\\/schema\\\/logo\\\/image\\\/\"}}]}<\/script>\n<!-- \/ Yoast SEO plugin. -->","yoast_head_json":{"title":"Tableau de distribution \u00e9lectrique 230 V Prise quadruple avec interrupteur - Road","robots":{"index":"index","follow":"follow","max-snippet":"max-snippet:-1","max-image-preview":"max-image-preview:large","max-video-preview":"max-video-preview:-1"},"canonical":"https:\/\/roadeu.com\/sklep\/fr\/produkt\/tableau-de-distribution-electrique-230-v-prise-quadruple-avec-interrupteur\/","og_locale":"fr_FR","og_type":"article","og_title":"Tableau de distribution \u00e9lectrique 230 V Prise quadruple avec interrupteur - Road","og_description":"Tableau de distribution \u00e9lectrique 230 V Prise quadruple avec interrupteur","og_url":"https:\/\/roadeu.com\/sklep\/fr\/produkt\/tableau-de-distribution-electrique-230-v-prise-quadruple-avec-interrupteur\/","og_site_name":"Road","article_modified_time":"2026-01-05T13:30:47+00:00","og_image":[{"width":918,"height":1186,"url":"https:\/\/roadeu.com\/sklep\/wp-content\/uploads\/2025\/07\/deb9a6284027a8540e0e77662a0a.jpg","type":"image\/jpeg"}],"twitter_card":"summary_large_image","twitter_misc":{"Dur\u00e9e de lecture estim\u00e9e":"1 minute"},"schema":{"@context":"https:\/\/schema.org","@graph":[{"@type":"WebPage","@id":"https:\/\/roadeu.com\/sklep\/fr\/produkt\/tableau-de-distribution-electrique-230-v-prise-quadruple-avec-interrupteur\/","url":"https:\/\/roadeu.com\/sklep\/fr\/produkt\/tableau-de-distribution-electrique-230-v-prise-quadruple-avec-interrupteur\/","name":"Tableau de distribution \u00e9lectrique 230 V Prise quadruple avec interrupteur - Road","isPartOf":{"@id":"https:\/\/roadeu.com\/sklep\/fr\/#website"},"primaryImageOfPage":{"@id":"https:\/\/roadeu.com\/sklep\/fr\/produkt\/tableau-de-distribution-electrique-230-v-prise-quadruple-avec-interrupteur\/#primaryimage"},"image":{"@id":"https:\/\/roadeu.com\/sklep\/fr\/produkt\/tableau-de-distribution-electrique-230-v-prise-quadruple-avec-interrupteur\/#primaryimage"},"thumbnailUrl":"https:\/\/roadeu.com\/sklep\/wp-content\/uploads\/2025\/07\/deb9a6284027a8540e0e77662a0a.jpg","datePublished":"2025-07-18T11:13:06+00:00","dateModified":"2026-01-05T13:30:47+00:00","breadcrumb":{"@id":"https:\/\/roadeu.com\/sklep\/fr\/produkt\/tableau-de-distribution-electrique-230-v-prise-quadruple-avec-interrupteur\/#breadcrumb"},"inLanguage":"fr-FR","potentialAction":[{"@type":"ReadAction","target":["https:\/\/roadeu.com\/sklep\/fr\/produkt\/tableau-de-distribution-electrique-230-v-prise-quadruple-avec-interrupteur\/"]}]},{"@type":"ImageObject","inLanguage":"fr-FR","@id":"https:\/\/roadeu.com\/sklep\/fr\/produkt\/tableau-de-distribution-electrique-230-v-prise-quadruple-avec-interrupteur\/#primaryimage","url":"https:\/\/roadeu.com\/sklep\/wp-content\/uploads\/2025\/07\/deb9a6284027a8540e0e77662a0a.jpg","contentUrl":"https:\/\/roadeu.com\/sklep\/wp-content\/uploads\/2025\/07\/deb9a6284027a8540e0e77662a0a.jpg","width":918,"height":1186},{"@type":"BreadcrumbList","@id":"https:\/\/roadeu.com\/sklep\/fr\/produkt\/tableau-de-distribution-electrique-230-v-prise-quadruple-avec-interrupteur\/#breadcrumb","itemListElement":[{"@type":"ListItem","position":1,"name":"Strona g\u0142\u00f3wna","item":"https:\/\/roadeu.com\/sklep\/fr\/boutique\/"},{"@type":"ListItem","position":2,"name":"Boutique","item":"https:\/\/roadeu.com\/sklep\/fr\/boutique\/"},{"@type":"ListItem","position":3,"name":"Tableau de distribution \u00e9lectrique 230 V Prise quadruple avec interrupteur"}]},{"@type":"WebSite","@id":"https:\/\/roadeu.com\/sklep\/fr\/#website","url":"https:\/\/roadeu.com\/sklep\/fr\/","name":"Road","description":"Hurtownia Elektryczna w Dzier\u017coniowie. Producent sprz\u0119tu elektrycznego.","publisher":{"@id":"https:\/\/roadeu.com\/sklep\/fr\/#organization"},"potentialAction":[{"@type":"SearchAction","target":{"@type":"EntryPoint","urlTemplate":"https:\/\/roadeu.com\/sklep\/fr\/?s={search_term_string}"},"query-input":{"@type":"PropertyValueSpecification","valueRequired":true,"valueName":"search_term_string"}}],"inLanguage":"fr-FR"},{"@type":"Organization","@id":"https:\/\/roadeu.com\/sklep\/fr\/#organization","name":"Road","url":"https:\/\/roadeu.com\/sklep\/fr\/","logo":{"@type":"ImageObject","inLanguage":"fr-FR","@id":"https:\/\/roadeu.com\/sklep\/fr\/#\/schema\/logo\/image\/","url":"https:\/\/roadeu.com\/sklep\/wp-content\/uploads\/2025\/05\/logotype-lg-pl.png","contentUrl":"https:\/\/roadeu.com\/sklep\/wp-content\/uploads\/2025\/05\/logotype-lg-pl.png","width":300,"height":70,"caption":"Road"},"image":{"@id":"https:\/\/roadeu.com\/sklep\/fr\/#\/schema\/logo\/image\/"}}]}},"_links":{"self":[{"href":"https:\/\/roadeu.com\/sklep\/fr\/wp-json\/wp\/v2\/product\/8404","targetHints":{"allow":["GET"]}}],"collection":[{"href":"https:\/\/roadeu.com\/sklep\/fr\/wp-json\/wp\/v2\/product"}],"about":[{"href":"https:\/\/roadeu.com\/sklep\/fr\/wp-json\/wp\/v2\/types\/product"}],"wp:featuredmedia":[{"embeddable":true,"href":"https:\/\/roadeu.com\/sklep\/fr\/wp-json\/wp\/v2\/media\/7545"}],"wp:attachment":[{"href":"https:\/\/roadeu.com\/sklep\/fr\/wp-json\/wp\/v2\/media?parent=8404"}],"wp:term":[{"taxonomy":"product_brand","embeddable":true,"href":"https:\/\/roadeu.com\/sklep\/fr\/wp-json\/wp\/v2\/product_brand?post=8404"},{"taxonomy":"product_cat","embeddable":true,"href":"https:\/\/roadeu.com\/sklep\/fr\/wp-json\/wp\/v2\/product_cat?post=8404"},{"taxonomy":"product_tag","embeddable":true,"href":"https:\/\/roadeu.com\/sklep\/fr\/wp-json\/wp\/v2\/product_tag?post=8404"}],"curies":[{"name":"wp","href":"https:\/\/api.w.org\/{rel}","templated":true}]}}