{"id":8382,"date":"2025-07-17T14:20:17","date_gmt":"2025-07-17T12:20:17","guid":{"rendered":"https:\/\/roadeu.com\/sklep\/produkt\/tableau-electrique-16a-3p-prise-230v-3x-16a-prise-protection\/"},"modified":"2026-01-05T14:30:41","modified_gmt":"2026-01-05T13:30:41","slug":"tableau-electrique-16a-3p-prise-230v-3x-16a-prise-protection","status":"publish","type":"product","link":"https:\/\/roadeu.com\/sklep\/fr\/produkt\/tableau-electrique-16a-3p-prise-230v-3x-16a-prise-protection\/","title":{"rendered":"Tableau \u00e9lectrique 16A 3P prise 230V 3x 16A prise Protection"},"content":{"rendered":"<div class=\"app-container\">\n<div class=\"mgn2_14 mp0t_0a mqu1_21 mli8_k4 mgmw_wo msts_pt _0d3bd_K6Qpj\">\n<div class=\"mpof_ki myre_zn myre_8v_l m389_6m_l\">\n<div class=\"mp4t_16_s mryx_16_s mr3m_1 mli2_1 mh85_56 mh85_0_l\">\n<div class=\"mgn2_16 _0d3bd_am0a-\">\n<div class=\"app-container\">\n<div class=\"mgn2_14 mp0t_0a mqu1_21 mli8_k4 mgmw_wo msts_pt _0d3bd_K6Qpj\">\n<div class=\"mpof_ki myre_zn myre_8v_l m389_6m_l\">\n<div class=\"mp4t_16_s mryx_16_s mr3m_1 mli2_1 mh85_56 mh85_0_l\">\n<div class=\"mgn2_16 _0d3bd_am0a-\">\n<div class=\"app-container\">\n<div class=\"mgn2_14 mp0t_0a mqu1_21 mli8_k4 mgmw_wo msts_pt _0d3bd_K6Qpj\">\n<div class=\"mpof_ki myre_zn myre_8v_l m389_6m_l\">\n<div class=\"mp4t_16_s mryx_16_s mr3m_1 mli2_1 mh85_56 mh85_0_l\">\n<div class=\"mgn2_16 _0d3bd_am0a-\">\n<p><b>Tableau de distribution 230V<\/b> \u2013 pour l\u2019int\u00e9rieur et l\u2019ext\u00e9rieur. Classe de protection IP44 <\/p>\n<p>permet d\u2019utiliser l\u2019appareil dans des environnements humides et poussi\u00e9reux, par exemple comme prise de courant<\/p>\n<p>ou une source d\u2019\u00e9nergie dans l\u2019atelier ou le garage.<\/p>\n<p>\u00a0<\/p>\n<p><b>S\u00e9curit\u00e9 <\/b>\u2013 Le disjoncteur diff\u00e9rentiel int\u00e9gr\u00e9 assure un haut niveau de s\u00e9curit\u00e9.<\/p>\n<p>l\u2019utilisateur et l\u2019appareil utilis\u00e9. En cas de court-circuit, il coupe imm\u00e9diatement l\u2019alimentation \u00e9lectrique. <\/p>\n<p>\u00a0<\/p>\n<p><b>Prises <\/b>\u2013 <strong>Le tableau de distribution dispose de :<\/strong> <b>1x prise monophas\u00e9e 16A 3P 230V<\/b>, <b>3x prise 16A\/230V\/IP44<\/b>.<\/p>\n<p>Toutes les prises sont \u00e9quip\u00e9es de clapets pour garantir l\u2019\u00e9tanch\u00e9it\u00e9 IP44, ce qui a un impact direct sur la dur\u00e9e de vie de la prise.<\/p>\n<p>la s\u00e9curit\u00e9 lors de l\u2019utilisation d\u2019\u00e9quipements de commutation.<\/p>\n<p>\u00a0<\/p>\n<p><strong>Garanties :<\/strong><\/p>\n<p><b>disjoncteur diff\u00e9rentiel 40A 30mA 2p, type A \u2013 1 pi\u00e8ce<\/b><\/p>\n<p><b>disjoncteur de surintensit\u00e9 C16A 1P \u2013 4 pcs.<\/b><\/p>\n<p>\u00a0<\/p>\n<p>Dans nos tableaux de distribution, les prises 230V et CEE 16A sont toujours raccord\u00e9es \u00e0 l\u2019aide de conducteurs de 2,5mm2.<\/p>\n<p>Le tableau mural est \u00e9quip\u00e9 de bornes N+PE, il est enti\u00e8rement c\u00e2bl\u00e9 et pr\u00eat \u00e0 fonctionner.<\/p>\n<p>Un presse-\u00e9toupe PG16 est \u00e9galement inclus.<\/p>\n<\/div>\n<\/div>\n<\/div>\n<\/div>\n<\/div>\n<\/div>\n<\/div>\n<\/div>\n<\/div>\n<\/div>\n<\/div>\n<\/div>\n<\/div>\n<\/div>\n<\/div>\n","protected":false},"excerpt":{"rendered":"<h1 class=\"mp4t_0 mryx_0 mj7a_4 mvrt_8 mp0t_ji m9qz_yo munh_0 mqu1_1j mgmw_wo mgn2_21 mgn2_25_s\"><span style=\"font-size: 12pt;\">Tableau \u00e9lectrique 16A 3P prise 230V 3x 16A prise Protection<\/span><\/h1>\n","protected":false},"featured_media":7422,"template":"","meta":[],"product_brand":[378],"product_cat":[371],"product_tag":[],"class_list":{"0":"post-8382","1":"product","2":"type-product","3":"status-publish","4":"has-post-thumbnail","6":"product_brand-roadeu-fr","7":"product_cat-tableaux-de-distribution-jeux-de-douilles","9":"first","10":"instock","11":"taxable","12":"shipping-taxable","13":"purchasable","14":"product-type-simple"},"yoast_head":"<!-- This site is optimized with the Yoast SEO plugin v27.5 - https:\/\/yoast.com\/product\/yoast-seo-wordpress\/ -->\n<title>Tableau \u00e9lectrique 16A 3P prise 230V 3x 16A prise Protection - Road<\/title>\n<meta name=\"robots\" content=\"index, follow, max-snippet:-1, max-image-preview:large, max-video-preview:-1\" \/>\n<link rel=\"canonical\" href=\"https:\/\/roadeu.com\/sklep\/fr\/produkt\/tableau-electrique-16a-3p-prise-230v-3x-16a-prise-protection\/\" \/>\n<meta property=\"og:locale\" content=\"fr_FR\" \/>\n<meta property=\"og:type\" content=\"article\" \/>\n<meta property=\"og:title\" content=\"Tableau \u00e9lectrique 16A 3P prise 230V 3x 16A prise Protection - Road\" \/>\n<meta property=\"og:description\" content=\"Tableau \u00e9lectrique 16A 3P prise 230V 3x 16A prise Protection\" \/>\n<meta property=\"og:url\" content=\"https:\/\/roadeu.com\/sklep\/fr\/produkt\/tableau-electrique-16a-3p-prise-230v-3x-16a-prise-protection\/\" \/>\n<meta property=\"og:site_name\" content=\"Road\" \/>\n<meta property=\"article:modified_time\" content=\"2026-01-05T13:30:41+00:00\" \/>\n<meta property=\"og:image\" content=\"https:\/\/roadeu.com\/sklep\/wp-content\/uploads\/2025\/07\/ec6679444972ac6bb12ad37b1c10.jpg\" \/>\n\t<meta property=\"og:image:width\" content=\"2261\" \/>\n\t<meta property=\"og:image:height\" content=\"2560\" \/>\n\t<meta property=\"og:image:type\" content=\"image\/jpeg\" \/>\n<meta name=\"twitter:card\" content=\"summary_large_image\" \/>\n<meta name=\"twitter:label1\" content=\"Dur\u00e9e de lecture estim\u00e9e\" \/>\n\t<meta name=\"twitter:data1\" content=\"1 minute\" \/>\n<script type=\"application\/ld+json\" class=\"yoast-schema-graph\">{\"@context\":\"https:\\\/\\\/schema.org\",\"@graph\":[{\"@type\":\"WebPage\",\"@id\":\"https:\\\/\\\/roadeu.com\\\/sklep\\\/fr\\\/produkt\\\/tableau-electrique-16a-3p-prise-230v-3x-16a-prise-protection\\\/\",\"url\":\"https:\\\/\\\/roadeu.com\\\/sklep\\\/fr\\\/produkt\\\/tableau-electrique-16a-3p-prise-230v-3x-16a-prise-protection\\\/\",\"name\":\"Tableau \u00e9lectrique 16A 3P prise 230V 3x 16A prise Protection - Road\",\"isPartOf\":{\"@id\":\"https:\\\/\\\/roadeu.com\\\/sklep\\\/fr\\\/#website\"},\"primaryImageOfPage\":{\"@id\":\"https:\\\/\\\/roadeu.com\\\/sklep\\\/fr\\\/produkt\\\/tableau-electrique-16a-3p-prise-230v-3x-16a-prise-protection\\\/#primaryimage\"},\"image\":{\"@id\":\"https:\\\/\\\/roadeu.com\\\/sklep\\\/fr\\\/produkt\\\/tableau-electrique-16a-3p-prise-230v-3x-16a-prise-protection\\\/#primaryimage\"},\"thumbnailUrl\":\"https:\\\/\\\/roadeu.com\\\/sklep\\\/wp-content\\\/uploads\\\/2025\\\/07\\\/ec6679444972ac6bb12ad37b1c10.jpg\",\"datePublished\":\"2025-07-17T12:20:17+00:00\",\"dateModified\":\"2026-01-05T13:30:41+00:00\",\"breadcrumb\":{\"@id\":\"https:\\\/\\\/roadeu.com\\\/sklep\\\/fr\\\/produkt\\\/tableau-electrique-16a-3p-prise-230v-3x-16a-prise-protection\\\/#breadcrumb\"},\"inLanguage\":\"fr-FR\",\"potentialAction\":[{\"@type\":\"ReadAction\",\"target\":[\"https:\\\/\\\/roadeu.com\\\/sklep\\\/fr\\\/produkt\\\/tableau-electrique-16a-3p-prise-230v-3x-16a-prise-protection\\\/\"]}]},{\"@type\":\"ImageObject\",\"inLanguage\":\"fr-FR\",\"@id\":\"https:\\\/\\\/roadeu.com\\\/sklep\\\/fr\\\/produkt\\\/tableau-electrique-16a-3p-prise-230v-3x-16a-prise-protection\\\/#primaryimage\",\"url\":\"https:\\\/\\\/roadeu.com\\\/sklep\\\/wp-content\\\/uploads\\\/2025\\\/07\\\/ec6679444972ac6bb12ad37b1c10.jpg\",\"contentUrl\":\"https:\\\/\\\/roadeu.com\\\/sklep\\\/wp-content\\\/uploads\\\/2025\\\/07\\\/ec6679444972ac6bb12ad37b1c10.jpg\",\"width\":2261,\"height\":2560},{\"@type\":\"BreadcrumbList\",\"@id\":\"https:\\\/\\\/roadeu.com\\\/sklep\\\/fr\\\/produkt\\\/tableau-electrique-16a-3p-prise-230v-3x-16a-prise-protection\\\/#breadcrumb\",\"itemListElement\":[{\"@type\":\"ListItem\",\"position\":1,\"name\":\"Strona g\u0142\u00f3wna\",\"item\":\"https:\\\/\\\/roadeu.com\\\/sklep\\\/fr\\\/boutique\\\/\"},{\"@type\":\"ListItem\",\"position\":2,\"name\":\"Boutique\",\"item\":\"https:\\\/\\\/roadeu.com\\\/sklep\\\/fr\\\/boutique\\\/\"},{\"@type\":\"ListItem\",\"position\":3,\"name\":\"Tableau \u00e9lectrique 16A 3P prise 230V 3x 16A prise Protection\"}]},{\"@type\":\"WebSite\",\"@id\":\"https:\\\/\\\/roadeu.com\\\/sklep\\\/fr\\\/#website\",\"url\":\"https:\\\/\\\/roadeu.com\\\/sklep\\\/fr\\\/\",\"name\":\"Road\",\"description\":\"Hurtownia Elektryczna w Dzier\u017coniowie. Producent sprz\u0119tu elektrycznego.\",\"publisher\":{\"@id\":\"https:\\\/\\\/roadeu.com\\\/sklep\\\/fr\\\/#organization\"},\"potentialAction\":[{\"@type\":\"SearchAction\",\"target\":{\"@type\":\"EntryPoint\",\"urlTemplate\":\"https:\\\/\\\/roadeu.com\\\/sklep\\\/fr\\\/?s={search_term_string}\"},\"query-input\":{\"@type\":\"PropertyValueSpecification\",\"valueRequired\":true,\"valueName\":\"search_term_string\"}}],\"inLanguage\":\"fr-FR\"},{\"@type\":\"Organization\",\"@id\":\"https:\\\/\\\/roadeu.com\\\/sklep\\\/fr\\\/#organization\",\"name\":\"Road\",\"url\":\"https:\\\/\\\/roadeu.com\\\/sklep\\\/fr\\\/\",\"logo\":{\"@type\":\"ImageObject\",\"inLanguage\":\"fr-FR\",\"@id\":\"https:\\\/\\\/roadeu.com\\\/sklep\\\/fr\\\/#\\\/schema\\\/logo\\\/image\\\/\",\"url\":\"https:\\\/\\\/roadeu.com\\\/sklep\\\/wp-content\\\/uploads\\\/2025\\\/05\\\/logotype-lg-pl.png\",\"contentUrl\":\"https:\\\/\\\/roadeu.com\\\/sklep\\\/wp-content\\\/uploads\\\/2025\\\/05\\\/logotype-lg-pl.png\",\"width\":300,\"height\":70,\"caption\":\"Road\"},\"image\":{\"@id\":\"https:\\\/\\\/roadeu.com\\\/sklep\\\/fr\\\/#\\\/schema\\\/logo\\\/image\\\/\"}}]}<\/script>\n<!-- \/ Yoast SEO plugin. -->","yoast_head_json":{"title":"Tableau \u00e9lectrique 16A 3P prise 230V 3x 16A prise Protection - Road","robots":{"index":"index","follow":"follow","max-snippet":"max-snippet:-1","max-image-preview":"max-image-preview:large","max-video-preview":"max-video-preview:-1"},"canonical":"https:\/\/roadeu.com\/sklep\/fr\/produkt\/tableau-electrique-16a-3p-prise-230v-3x-16a-prise-protection\/","og_locale":"fr_FR","og_type":"article","og_title":"Tableau \u00e9lectrique 16A 3P prise 230V 3x 16A prise Protection - Road","og_description":"Tableau \u00e9lectrique 16A 3P prise 230V 3x 16A prise Protection","og_url":"https:\/\/roadeu.com\/sklep\/fr\/produkt\/tableau-electrique-16a-3p-prise-230v-3x-16a-prise-protection\/","og_site_name":"Road","article_modified_time":"2026-01-05T13:30:41+00:00","og_image":[{"width":2261,"height":2560,"url":"https:\/\/roadeu.com\/sklep\/wp-content\/uploads\/2025\/07\/ec6679444972ac6bb12ad37b1c10.jpg","type":"image\/jpeg"}],"twitter_card":"summary_large_image","twitter_misc":{"Dur\u00e9e de lecture estim\u00e9e":"1 minute"},"schema":{"@context":"https:\/\/schema.org","@graph":[{"@type":"WebPage","@id":"https:\/\/roadeu.com\/sklep\/fr\/produkt\/tableau-electrique-16a-3p-prise-230v-3x-16a-prise-protection\/","url":"https:\/\/roadeu.com\/sklep\/fr\/produkt\/tableau-electrique-16a-3p-prise-230v-3x-16a-prise-protection\/","name":"Tableau \u00e9lectrique 16A 3P prise 230V 3x 16A prise Protection - Road","isPartOf":{"@id":"https:\/\/roadeu.com\/sklep\/fr\/#website"},"primaryImageOfPage":{"@id":"https:\/\/roadeu.com\/sklep\/fr\/produkt\/tableau-electrique-16a-3p-prise-230v-3x-16a-prise-protection\/#primaryimage"},"image":{"@id":"https:\/\/roadeu.com\/sklep\/fr\/produkt\/tableau-electrique-16a-3p-prise-230v-3x-16a-prise-protection\/#primaryimage"},"thumbnailUrl":"https:\/\/roadeu.com\/sklep\/wp-content\/uploads\/2025\/07\/ec6679444972ac6bb12ad37b1c10.jpg","datePublished":"2025-07-17T12:20:17+00:00","dateModified":"2026-01-05T13:30:41+00:00","breadcrumb":{"@id":"https:\/\/roadeu.com\/sklep\/fr\/produkt\/tableau-electrique-16a-3p-prise-230v-3x-16a-prise-protection\/#breadcrumb"},"inLanguage":"fr-FR","potentialAction":[{"@type":"ReadAction","target":["https:\/\/roadeu.com\/sklep\/fr\/produkt\/tableau-electrique-16a-3p-prise-230v-3x-16a-prise-protection\/"]}]},{"@type":"ImageObject","inLanguage":"fr-FR","@id":"https:\/\/roadeu.com\/sklep\/fr\/produkt\/tableau-electrique-16a-3p-prise-230v-3x-16a-prise-protection\/#primaryimage","url":"https:\/\/roadeu.com\/sklep\/wp-content\/uploads\/2025\/07\/ec6679444972ac6bb12ad37b1c10.jpg","contentUrl":"https:\/\/roadeu.com\/sklep\/wp-content\/uploads\/2025\/07\/ec6679444972ac6bb12ad37b1c10.jpg","width":2261,"height":2560},{"@type":"BreadcrumbList","@id":"https:\/\/roadeu.com\/sklep\/fr\/produkt\/tableau-electrique-16a-3p-prise-230v-3x-16a-prise-protection\/#breadcrumb","itemListElement":[{"@type":"ListItem","position":1,"name":"Strona g\u0142\u00f3wna","item":"https:\/\/roadeu.com\/sklep\/fr\/boutique\/"},{"@type":"ListItem","position":2,"name":"Boutique","item":"https:\/\/roadeu.com\/sklep\/fr\/boutique\/"},{"@type":"ListItem","position":3,"name":"Tableau \u00e9lectrique 16A 3P prise 230V 3x 16A prise Protection"}]},{"@type":"WebSite","@id":"https:\/\/roadeu.com\/sklep\/fr\/#website","url":"https:\/\/roadeu.com\/sklep\/fr\/","name":"Road","description":"Hurtownia Elektryczna w Dzier\u017coniowie. Producent sprz\u0119tu elektrycznego.","publisher":{"@id":"https:\/\/roadeu.com\/sklep\/fr\/#organization"},"potentialAction":[{"@type":"SearchAction","target":{"@type":"EntryPoint","urlTemplate":"https:\/\/roadeu.com\/sklep\/fr\/?s={search_term_string}"},"query-input":{"@type":"PropertyValueSpecification","valueRequired":true,"valueName":"search_term_string"}}],"inLanguage":"fr-FR"},{"@type":"Organization","@id":"https:\/\/roadeu.com\/sklep\/fr\/#organization","name":"Road","url":"https:\/\/roadeu.com\/sklep\/fr\/","logo":{"@type":"ImageObject","inLanguage":"fr-FR","@id":"https:\/\/roadeu.com\/sklep\/fr\/#\/schema\/logo\/image\/","url":"https:\/\/roadeu.com\/sklep\/wp-content\/uploads\/2025\/05\/logotype-lg-pl.png","contentUrl":"https:\/\/roadeu.com\/sklep\/wp-content\/uploads\/2025\/05\/logotype-lg-pl.png","width":300,"height":70,"caption":"Road"},"image":{"@id":"https:\/\/roadeu.com\/sklep\/fr\/#\/schema\/logo\/image\/"}}]}},"_links":{"self":[{"href":"https:\/\/roadeu.com\/sklep\/fr\/wp-json\/wp\/v2\/product\/8382","targetHints":{"allow":["GET"]}}],"collection":[{"href":"https:\/\/roadeu.com\/sklep\/fr\/wp-json\/wp\/v2\/product"}],"about":[{"href":"https:\/\/roadeu.com\/sklep\/fr\/wp-json\/wp\/v2\/types\/product"}],"wp:featuredmedia":[{"embeddable":true,"href":"https:\/\/roadeu.com\/sklep\/fr\/wp-json\/wp\/v2\/media\/7422"}],"wp:attachment":[{"href":"https:\/\/roadeu.com\/sklep\/fr\/wp-json\/wp\/v2\/media?parent=8382"}],"wp:term":[{"taxonomy":"product_brand","embeddable":true,"href":"https:\/\/roadeu.com\/sklep\/fr\/wp-json\/wp\/v2\/product_brand?post=8382"},{"taxonomy":"product_cat","embeddable":true,"href":"https:\/\/roadeu.com\/sklep\/fr\/wp-json\/wp\/v2\/product_cat?post=8382"},{"taxonomy":"product_tag","embeddable":true,"href":"https:\/\/roadeu.com\/sklep\/fr\/wp-json\/wp\/v2\/product_tag?post=8382"}],"curies":[{"name":"wp","href":"https:\/\/api.w.org\/{rel}","templated":true}]}}