{"id":8343,"date":"2025-07-21T14:39:25","date_gmt":"2025-07-21T12:39:25","guid":{"rendered":"https:\/\/roadeu.com\/sklep\/produkt\/tableau-electrique-avec-protection-c-2p-phase-neutre-8m\/"},"modified":"2026-01-05T14:30:54","modified_gmt":"2026-01-05T13:30:54","slug":"tableau-electrique-avec-protection-c-2p-phase-neutre-8m","status":"publish","type":"product","link":"https:\/\/roadeu.com\/sklep\/fr\/produkt\/tableau-electrique-avec-protection-c-2p-phase-neutre-8m\/","title":{"rendered":"Tableau \u00e9lectrique avec protection C 2P Phase + Neutre 8M"},"content":{"rendered":"<div class=\"app-container\">\n<div class=\"mgn2_14 mp0t_0a mqu1_21 mli8_k4 mgmw_wo msts_pt _0d3bd_K6Qpj\">\n<div class=\"app-container\">\n<div class=\"mgn2_14 mp0t_0a mqu1_21 mli8_k4 mgmw_wo msts_pt _0d3bd_K6Qpj\">\n<div class=\"mpof_ki myre_zn myre_8v_l m389_6m_l\">\n<div class=\"mp4t_16_s mryx_16_s mr3m_1 mli2_1 mh85_56 mh85_0_l\">\n<div class=\"mgn2_16 _0d3bd_am0a-\">\n<p>Appareils de commutation <b>en saillie<\/b><\/p>\n<p>Nous pr\u00e9sentons un appareil de commutation en saillie qui a \u00e9t\u00e9 mis au point pour des raisons de commodit\u00e9 et de s\u00e9curit\u00e9<\/p>\n<p>dans une vari\u00e9t\u00e9 d\u2019applications domestiques et d\u2019ateliers.<\/p>\n<p>\u00a0<\/p>\n<\/div>\n<\/div>\n<\/div>\n<div class=\"mpof_ki myre_zn myre_8v_l m389_6m_l\">\n<div class=\"mp4t_16_s mryx_16_s mr3m_1 mli2_1 mh85_56 mh85_0_l\">\n<div class=\"mgn2_16 _0d3bd_am0a-\">\n<p><b>Avantages et applications<\/b><\/p>\n<ul>\n<li><b>Installation facile <\/b>Gr\u00e2ce \u00e0 son assemblage simple et \u00e0 son indice de protection IP40, le tableau de distribution est facile \u00e0 installer.<\/li>\n<\/ul>\n<p>id\u00e9al pour une utilisation \u00e0 l\u2019int\u00e9rieur, par exemple dans les ateliers ou les maisons.<\/p>\n<p>\u00a0<\/p>\n<\/div>\n<\/div>\n<\/div>\n<div class=\"mpof_ki myre_zn myre_8v_l m389_6m_l\">\n<div class=\"mp4t_16_s mryx_16_s mr3m_1 mli2_1 mh85_56 mh85_0_l\">\n<div class=\"mgn2_16 _0d3bd_am0a-\">\n<p><b>S\u00e9curit\u00e9 des \u00e9quipements<\/b><\/p>\n<ul>\n<li><b>Protection contre les pannes <\/b>L\u2019appareillage a \u00e9t\u00e9 sp\u00e9cialement con\u00e7u pour \u00e9viter les pannes suivantes<\/li>\n<\/ul>\n<p>les fuites accidentelles et les courts-circuits, ce qui prot\u00e8ge votre \u00e9quipement contre les dommages. Il suffit de connecter la source <\/p>\n<p>230 V et les consommateurs afin que le syst\u00e8me d\u2019alimentation soit pr\u00eat \u00e0 fonctionner.<\/p>\n<p>\u00a0<\/p>\n<\/div>\n<\/div>\n<\/div>\n<div class=\"mpof_ki myre_zn myre_8v_l m389_6m_l\">\n<div class=\"mp4t_16_s mryx_16_s mr3m_1 mli2_1 mh85_56 mh85_0_l\">\n<div class=\"mgn2_16 _0d3bd_am0a-\">\n<p>Donn\u00e9es techniques :<\/p>\n<ul>\n<li>Disjoncteur \u00e0 courant r\u00e9siduel : 40 A, 30 mA, 2P type A\/AC<\/li>\n<\/ul>\n<p>Disjoncteurs de surintensit\u00e9 : 2P <b>(L1+N)<\/b><\/p>\n<ul>\n<li>4 x C16A<\/li>\n<li>2 x C10A<\/li>\n<\/ul>\n<p>Certifications : Tous les interrupteurs sont certifi\u00e9s VDE par le fabricant, ce qui garantit leur haute qualit\u00e9 et leur fiabilit\u00e9.<\/p>\n<\/div>\n<\/div>\n<\/div>\n<\/div>\n<\/div>\n<\/div>\n<\/div>\n","protected":false},"excerpt":{"rendered":"<h1 class=\"mp4t_0 mryx_0 mj7a_4 mvrt_8 mp0t_ji m9qz_yo munh_0 mqu1_1j mgmw_wo mgn2_21 mgn2_25_s\"><span style=\"font-size: 12pt;\">Tableau \u00e9lectrique avec protection C 2P Phase + Neutre 8M<\/span><\/h1>\n","protected":false},"featured_media":7833,"template":"","meta":[],"product_brand":[378],"product_cat":[373],"product_tag":[],"class_list":{"0":"post-8343","1":"product","2":"type-product","3":"status-publish","4":"has-post-thumbnail","6":"product_brand-roadeu-fr","7":"product_cat-appareils-de-commutation-avec-protection","9":"first","10":"instock","11":"taxable","12":"shipping-taxable","13":"purchasable","14":"product-type-simple"},"yoast_head":"<!-- This site is optimized with the Yoast SEO plugin v27.5 - https:\/\/yoast.com\/product\/yoast-seo-wordpress\/ -->\n<title>Tableau \u00e9lectrique avec protection C 2P Phase + Neutre 8M - Road<\/title>\n<meta name=\"robots\" content=\"index, follow, max-snippet:-1, max-image-preview:large, max-video-preview:-1\" \/>\n<link rel=\"canonical\" href=\"https:\/\/roadeu.com\/sklep\/fr\/produkt\/tableau-electrique-avec-protection-c-2p-phase-neutre-8m\/\" \/>\n<meta property=\"og:locale\" content=\"fr_FR\" \/>\n<meta property=\"og:type\" content=\"article\" \/>\n<meta property=\"og:title\" content=\"Tableau \u00e9lectrique avec protection C 2P Phase + Neutre 8M - Road\" \/>\n<meta property=\"og:description\" content=\"Tableau \u00e9lectrique avec protection C 2P Phase + Neutre 8M\" \/>\n<meta property=\"og:url\" content=\"https:\/\/roadeu.com\/sklep\/fr\/produkt\/tableau-electrique-avec-protection-c-2p-phase-neutre-8m\/\" \/>\n<meta property=\"og:site_name\" content=\"Road\" \/>\n<meta property=\"article:modified_time\" content=\"2026-01-05T13:30:54+00:00\" \/>\n<meta property=\"og:image\" content=\"https:\/\/roadeu.com\/sklep\/wp-content\/uploads\/2025\/07\/156258a945ed967da8ce8751f1c0.jpg\" \/>\n\t<meta property=\"og:image:width\" content=\"1217\" \/>\n\t<meta property=\"og:image:height\" content=\"1166\" \/>\n\t<meta property=\"og:image:type\" content=\"image\/jpeg\" \/>\n<meta name=\"twitter:card\" content=\"summary_large_image\" \/>\n<meta name=\"twitter:label1\" content=\"Dur\u00e9e de lecture estim\u00e9e\" \/>\n\t<meta name=\"twitter:data1\" content=\"1 minute\" \/>\n<script type=\"application\/ld+json\" class=\"yoast-schema-graph\">{\"@context\":\"https:\\\/\\\/schema.org\",\"@graph\":[{\"@type\":\"WebPage\",\"@id\":\"https:\\\/\\\/roadeu.com\\\/sklep\\\/fr\\\/produkt\\\/tableau-electrique-avec-protection-c-2p-phase-neutre-8m\\\/\",\"url\":\"https:\\\/\\\/roadeu.com\\\/sklep\\\/fr\\\/produkt\\\/tableau-electrique-avec-protection-c-2p-phase-neutre-8m\\\/\",\"name\":\"Tableau \u00e9lectrique avec protection C 2P Phase + Neutre 8M - Road\",\"isPartOf\":{\"@id\":\"https:\\\/\\\/roadeu.com\\\/sklep\\\/fr\\\/#website\"},\"primaryImageOfPage\":{\"@id\":\"https:\\\/\\\/roadeu.com\\\/sklep\\\/fr\\\/produkt\\\/tableau-electrique-avec-protection-c-2p-phase-neutre-8m\\\/#primaryimage\"},\"image\":{\"@id\":\"https:\\\/\\\/roadeu.com\\\/sklep\\\/fr\\\/produkt\\\/tableau-electrique-avec-protection-c-2p-phase-neutre-8m\\\/#primaryimage\"},\"thumbnailUrl\":\"https:\\\/\\\/roadeu.com\\\/sklep\\\/wp-content\\\/uploads\\\/2025\\\/07\\\/156258a945ed967da8ce8751f1c0.jpg\",\"datePublished\":\"2025-07-21T12:39:25+00:00\",\"dateModified\":\"2026-01-05T13:30:54+00:00\",\"breadcrumb\":{\"@id\":\"https:\\\/\\\/roadeu.com\\\/sklep\\\/fr\\\/produkt\\\/tableau-electrique-avec-protection-c-2p-phase-neutre-8m\\\/#breadcrumb\"},\"inLanguage\":\"fr-FR\",\"potentialAction\":[{\"@type\":\"ReadAction\",\"target\":[\"https:\\\/\\\/roadeu.com\\\/sklep\\\/fr\\\/produkt\\\/tableau-electrique-avec-protection-c-2p-phase-neutre-8m\\\/\"]}]},{\"@type\":\"ImageObject\",\"inLanguage\":\"fr-FR\",\"@id\":\"https:\\\/\\\/roadeu.com\\\/sklep\\\/fr\\\/produkt\\\/tableau-electrique-avec-protection-c-2p-phase-neutre-8m\\\/#primaryimage\",\"url\":\"https:\\\/\\\/roadeu.com\\\/sklep\\\/wp-content\\\/uploads\\\/2025\\\/07\\\/156258a945ed967da8ce8751f1c0.jpg\",\"contentUrl\":\"https:\\\/\\\/roadeu.com\\\/sklep\\\/wp-content\\\/uploads\\\/2025\\\/07\\\/156258a945ed967da8ce8751f1c0.jpg\",\"width\":1217,\"height\":1166},{\"@type\":\"BreadcrumbList\",\"@id\":\"https:\\\/\\\/roadeu.com\\\/sklep\\\/fr\\\/produkt\\\/tableau-electrique-avec-protection-c-2p-phase-neutre-8m\\\/#breadcrumb\",\"itemListElement\":[{\"@type\":\"ListItem\",\"position\":1,\"name\":\"Strona g\u0142\u00f3wna\",\"item\":\"https:\\\/\\\/roadeu.com\\\/sklep\\\/fr\\\/boutique\\\/\"},{\"@type\":\"ListItem\",\"position\":2,\"name\":\"Boutique\",\"item\":\"https:\\\/\\\/roadeu.com\\\/sklep\\\/fr\\\/boutique\\\/\"},{\"@type\":\"ListItem\",\"position\":3,\"name\":\"Tableau \u00e9lectrique avec protection C 2P Phase + Neutre 8M\"}]},{\"@type\":\"WebSite\",\"@id\":\"https:\\\/\\\/roadeu.com\\\/sklep\\\/fr\\\/#website\",\"url\":\"https:\\\/\\\/roadeu.com\\\/sklep\\\/fr\\\/\",\"name\":\"Road\",\"description\":\"Hurtownia Elektryczna w Dzier\u017coniowie. Producent sprz\u0119tu elektrycznego.\",\"publisher\":{\"@id\":\"https:\\\/\\\/roadeu.com\\\/sklep\\\/fr\\\/#organization\"},\"potentialAction\":[{\"@type\":\"SearchAction\",\"target\":{\"@type\":\"EntryPoint\",\"urlTemplate\":\"https:\\\/\\\/roadeu.com\\\/sklep\\\/fr\\\/?s={search_term_string}\"},\"query-input\":{\"@type\":\"PropertyValueSpecification\",\"valueRequired\":true,\"valueName\":\"search_term_string\"}}],\"inLanguage\":\"fr-FR\"},{\"@type\":\"Organization\",\"@id\":\"https:\\\/\\\/roadeu.com\\\/sklep\\\/fr\\\/#organization\",\"name\":\"Road\",\"url\":\"https:\\\/\\\/roadeu.com\\\/sklep\\\/fr\\\/\",\"logo\":{\"@type\":\"ImageObject\",\"inLanguage\":\"fr-FR\",\"@id\":\"https:\\\/\\\/roadeu.com\\\/sklep\\\/fr\\\/#\\\/schema\\\/logo\\\/image\\\/\",\"url\":\"https:\\\/\\\/roadeu.com\\\/sklep\\\/wp-content\\\/uploads\\\/2025\\\/05\\\/logotype-lg-pl.png\",\"contentUrl\":\"https:\\\/\\\/roadeu.com\\\/sklep\\\/wp-content\\\/uploads\\\/2025\\\/05\\\/logotype-lg-pl.png\",\"width\":300,\"height\":70,\"caption\":\"Road\"},\"image\":{\"@id\":\"https:\\\/\\\/roadeu.com\\\/sklep\\\/fr\\\/#\\\/schema\\\/logo\\\/image\\\/\"}}]}<\/script>\n<!-- \/ Yoast SEO plugin. -->","yoast_head_json":{"title":"Tableau \u00e9lectrique avec protection C 2P Phase + Neutre 8M - Road","robots":{"index":"index","follow":"follow","max-snippet":"max-snippet:-1","max-image-preview":"max-image-preview:large","max-video-preview":"max-video-preview:-1"},"canonical":"https:\/\/roadeu.com\/sklep\/fr\/produkt\/tableau-electrique-avec-protection-c-2p-phase-neutre-8m\/","og_locale":"fr_FR","og_type":"article","og_title":"Tableau \u00e9lectrique avec protection C 2P Phase + Neutre 8M - Road","og_description":"Tableau \u00e9lectrique avec protection C 2P Phase + Neutre 8M","og_url":"https:\/\/roadeu.com\/sklep\/fr\/produkt\/tableau-electrique-avec-protection-c-2p-phase-neutre-8m\/","og_site_name":"Road","article_modified_time":"2026-01-05T13:30:54+00:00","og_image":[{"width":1217,"height":1166,"url":"https:\/\/roadeu.com\/sklep\/wp-content\/uploads\/2025\/07\/156258a945ed967da8ce8751f1c0.jpg","type":"image\/jpeg"}],"twitter_card":"summary_large_image","twitter_misc":{"Dur\u00e9e de lecture estim\u00e9e":"1 minute"},"schema":{"@context":"https:\/\/schema.org","@graph":[{"@type":"WebPage","@id":"https:\/\/roadeu.com\/sklep\/fr\/produkt\/tableau-electrique-avec-protection-c-2p-phase-neutre-8m\/","url":"https:\/\/roadeu.com\/sklep\/fr\/produkt\/tableau-electrique-avec-protection-c-2p-phase-neutre-8m\/","name":"Tableau \u00e9lectrique avec protection C 2P Phase + Neutre 8M - Road","isPartOf":{"@id":"https:\/\/roadeu.com\/sklep\/fr\/#website"},"primaryImageOfPage":{"@id":"https:\/\/roadeu.com\/sklep\/fr\/produkt\/tableau-electrique-avec-protection-c-2p-phase-neutre-8m\/#primaryimage"},"image":{"@id":"https:\/\/roadeu.com\/sklep\/fr\/produkt\/tableau-electrique-avec-protection-c-2p-phase-neutre-8m\/#primaryimage"},"thumbnailUrl":"https:\/\/roadeu.com\/sklep\/wp-content\/uploads\/2025\/07\/156258a945ed967da8ce8751f1c0.jpg","datePublished":"2025-07-21T12:39:25+00:00","dateModified":"2026-01-05T13:30:54+00:00","breadcrumb":{"@id":"https:\/\/roadeu.com\/sklep\/fr\/produkt\/tableau-electrique-avec-protection-c-2p-phase-neutre-8m\/#breadcrumb"},"inLanguage":"fr-FR","potentialAction":[{"@type":"ReadAction","target":["https:\/\/roadeu.com\/sklep\/fr\/produkt\/tableau-electrique-avec-protection-c-2p-phase-neutre-8m\/"]}]},{"@type":"ImageObject","inLanguage":"fr-FR","@id":"https:\/\/roadeu.com\/sklep\/fr\/produkt\/tableau-electrique-avec-protection-c-2p-phase-neutre-8m\/#primaryimage","url":"https:\/\/roadeu.com\/sklep\/wp-content\/uploads\/2025\/07\/156258a945ed967da8ce8751f1c0.jpg","contentUrl":"https:\/\/roadeu.com\/sklep\/wp-content\/uploads\/2025\/07\/156258a945ed967da8ce8751f1c0.jpg","width":1217,"height":1166},{"@type":"BreadcrumbList","@id":"https:\/\/roadeu.com\/sklep\/fr\/produkt\/tableau-electrique-avec-protection-c-2p-phase-neutre-8m\/#breadcrumb","itemListElement":[{"@type":"ListItem","position":1,"name":"Strona g\u0142\u00f3wna","item":"https:\/\/roadeu.com\/sklep\/fr\/boutique\/"},{"@type":"ListItem","position":2,"name":"Boutique","item":"https:\/\/roadeu.com\/sklep\/fr\/boutique\/"},{"@type":"ListItem","position":3,"name":"Tableau \u00e9lectrique avec protection C 2P Phase + Neutre 8M"}]},{"@type":"WebSite","@id":"https:\/\/roadeu.com\/sklep\/fr\/#website","url":"https:\/\/roadeu.com\/sklep\/fr\/","name":"Road","description":"Hurtownia Elektryczna w Dzier\u017coniowie. Producent sprz\u0119tu elektrycznego.","publisher":{"@id":"https:\/\/roadeu.com\/sklep\/fr\/#organization"},"potentialAction":[{"@type":"SearchAction","target":{"@type":"EntryPoint","urlTemplate":"https:\/\/roadeu.com\/sklep\/fr\/?s={search_term_string}"},"query-input":{"@type":"PropertyValueSpecification","valueRequired":true,"valueName":"search_term_string"}}],"inLanguage":"fr-FR"},{"@type":"Organization","@id":"https:\/\/roadeu.com\/sklep\/fr\/#organization","name":"Road","url":"https:\/\/roadeu.com\/sklep\/fr\/","logo":{"@type":"ImageObject","inLanguage":"fr-FR","@id":"https:\/\/roadeu.com\/sklep\/fr\/#\/schema\/logo\/image\/","url":"https:\/\/roadeu.com\/sklep\/wp-content\/uploads\/2025\/05\/logotype-lg-pl.png","contentUrl":"https:\/\/roadeu.com\/sklep\/wp-content\/uploads\/2025\/05\/logotype-lg-pl.png","width":300,"height":70,"caption":"Road"},"image":{"@id":"https:\/\/roadeu.com\/sklep\/fr\/#\/schema\/logo\/image\/"}}]}},"_links":{"self":[{"href":"https:\/\/roadeu.com\/sklep\/fr\/wp-json\/wp\/v2\/product\/8343","targetHints":{"allow":["GET"]}}],"collection":[{"href":"https:\/\/roadeu.com\/sklep\/fr\/wp-json\/wp\/v2\/product"}],"about":[{"href":"https:\/\/roadeu.com\/sklep\/fr\/wp-json\/wp\/v2\/types\/product"}],"wp:featuredmedia":[{"embeddable":true,"href":"https:\/\/roadeu.com\/sklep\/fr\/wp-json\/wp\/v2\/media\/7833"}],"wp:attachment":[{"href":"https:\/\/roadeu.com\/sklep\/fr\/wp-json\/wp\/v2\/media?parent=8343"}],"wp:term":[{"taxonomy":"product_brand","embeddable":true,"href":"https:\/\/roadeu.com\/sklep\/fr\/wp-json\/wp\/v2\/product_brand?post=8343"},{"taxonomy":"product_cat","embeddable":true,"href":"https:\/\/roadeu.com\/sklep\/fr\/wp-json\/wp\/v2\/product_cat?post=8343"},{"taxonomy":"product_tag","embeddable":true,"href":"https:\/\/roadeu.com\/sklep\/fr\/wp-json\/wp\/v2\/product_tag?post=8343"}],"curies":[{"name":"wp","href":"https:\/\/api.w.org\/{rel}","templated":true}]}}