{"id":8339,"date":"2025-07-21T14:45:22","date_gmt":"2025-07-21T12:45:22","guid":{"rendered":"https:\/\/roadeu.com\/sklep\/produkt\/appareillage-electrique-equipe-de-protecteurs-c-2p-ln-lampe\/"},"modified":"2026-01-05T14:30:54","modified_gmt":"2026-01-05T13:30:54","slug":"appareillage-electrique-equipe-de-protecteurs-c-2p-ln-lampe","status":"publish","type":"product","link":"https:\/\/roadeu.com\/sklep\/fr\/produkt\/appareillage-electrique-equipe-de-protecteurs-c-2p-ln-lampe\/","title":{"rendered":"Appareillage \u00e9lectrique \u00e9quip\u00e9 de protecteurs C 2P L+N Lampe"},"content":{"rendered":"<div class=\"app-container\">\n<div class=\"mgn2_14 mp0t_0a mqu1_21 mli8_k4 mgmw_wo msts_pt _0d3bd_K6Qpj\">\n<div class=\"mpof_ki myre_zn myre_8v_l m389_6m_l\">\n<div class=\"mp4t_16_s mryx_16_s mr3m_1 mli2_1 mh85_56 mh85_0_l\">\n<div class=\"mgn2_16 _0d3bd_am0a-\">\n<p><b>Tableau de distribution en saillie<\/b><\/p>\n<p>Nous vous pr\u00e9sentons le tableau de distribution en saillie, qui a \u00e9t\u00e9 soigneusement con\u00e7u pour fournir un service de qualit\u00e9.<\/p>\n<p>une s\u00e9curit\u00e9 et une fiabilit\u00e9 maximales. Gr\u00e2ce \u00e0 sa conception innovante, l\u2019appareil <\/p>\n<p>emp\u00eache les fuites accidentelles et les courts-circuits, prot\u00e9geant ainsi les appareils \u00e9lectroniques.<\/p>\n<p>\u00a0<\/p>\n<\/div>\n<\/div>\n<\/div>\n<div class=\"mpof_ki myre_zn myre_8v_l m389_6m_l\">\n<div class=\"mp4t_16_s mryx_16_s mr3m_1 mli2_1 mh85_56 mh85_0_l\">\n<div class=\"mgn2_16 _0d3bd_am0a-\">\n<p><b>S\u00e9curit\u00e9 et s\u00fbret\u00e9<\/b><\/p>\n<ul>\n<li><b>Des protections efficaces <\/b>L\u2019appareillage est pr\u00e9-c\u00e2bl\u00e9 et pr\u00eat \u00e0 \u00eatre raccord\u00e9, et le syst\u00e8me de contr\u00f4le de la qualit\u00e9 est en place.<\/li>\n<\/ul>\n<p>des bornes N+PE suppl\u00e9mentaires facilitent la connexion et augmentent la s\u00e9curit\u00e9.<\/p>\n<p>\u00a0<\/p>\n<\/div>\n<\/div>\n<\/div>\n<div class=\"mpof_ki myre_zn myre_8v_l m389_6m_l\">\n<div class=\"mp4t_16_s mryx_16_s mr3m_1 mli2_1 mh85_56 mh85_0_l\">\n<div class=\"mgn2_16 _0d3bd_am0a-\">\n<p><b>Facilit\u00e9 d\u2019installation<\/b><\/p>\n<ul>\n<li><b>Installation simple <\/b>La bo\u00eete de distribution est tr\u00e8s facile \u00e0 installer, ce qui en fait une solution id\u00e9ale.<\/li>\n<\/ul>\n<p>pour une utilisation domestique ou en atelier. La classe de protection IP42 assure une protection contre les corps \u00e9trangers, <\/p>\n<p>ce qui permet de l\u2019utiliser \u00e0 l\u2019int\u00e9rieur.<\/p>\n<p>\u00a0<\/p>\n<\/div>\n<\/div>\n<\/div>\n<div class=\"mpof_ki myre_zn myre_8v_l m389_6m_l\">\n<div class=\"mp4t_16_s mryx_16_s mr3m_1 mli2_1 mh85_56 mh85_0_l\">\n<div class=\"mgn2_16 _0d3bd_am0a-\">\n<p>Donn\u00e9es techniques :<\/p>\n<ul>\n<li>Disjoncteur \u00e0 courant r\u00e9siduel : 40 A, 30 mA, 2P type A\/AC<\/li>\n<\/ul>\n<p>Disjoncteurs de surintensit\u00e9 : 2P<b> (L1+N)<\/b><\/p>\n<ul>\n<li>2 x C16A<\/li>\n<li>1 x C10A<\/li>\n<li>1x lampe LED<\/li>\n<\/ul>\n<p>Certifications : Tous les commutateurs sont certifi\u00e9s T\u00dcV, ce qui garantit leur haute qualit\u00e9 et leur fiabilit\u00e9.<\/p>\n<p>\u00a0<\/p>\n<\/div>\n<\/div>\n<\/div>\n<div class=\"mpof_ki myre_zn myre_8v_l m389_6m_l\">\n<div class=\"mp4t_16_s mryx_16_s mr3m_1 mli2_1 mh85_56 mh85_0_l\">\n<div class=\"mgn2_16 _0d3bd_am0a-\">\n<p><b>Application<\/b><\/p>\n<p>Le tableau de distribution en saillie est la solution id\u00e9ale pour une grande vari\u00e9t\u00e9 d\u2019applications, offrant s\u00e9curit\u00e9 et fonctionnalit\u00e9,<\/p>\n<p>dont vous avez besoin \u00e0 la maison ou dans votre atelier. Avec ses composants robustes et sa fabrication de haute qualit\u00e9, il est le choix id\u00e9al pour tout utilisateur. <\/p>\n<\/div>\n<\/div>\n<\/div>\n<\/div>\n<\/div>\n","protected":false},"excerpt":{"rendered":"<h1 class=\"mp4t_0 mryx_0 mj7a_4 mvrt_8 mp0t_ji m9qz_yo munh_0 mqu1_1j mgmw_wo mgn2_21 mgn2_25_s\"><span style=\"font-size: 12pt;\">Appareillage \u00e9lectrique \u00e9quip\u00e9 d&rsquo;une protection C 2P L+N Lampe<\/span><\/h1>\n","protected":false},"featured_media":7854,"template":"","meta":[],"product_brand":[378],"product_cat":[373],"product_tag":[],"class_list":{"0":"post-8339","1":"product","2":"type-product","3":"status-publish","4":"has-post-thumbnail","6":"product_brand-roadeu-fr","7":"product_cat-appareils-de-commutation-avec-protection","9":"first","10":"instock","11":"taxable","12":"shipping-taxable","13":"purchasable","14":"product-type-simple"},"yoast_head":"<!-- This site is optimized with the Yoast SEO plugin v27.5 - https:\/\/yoast.com\/product\/yoast-seo-wordpress\/ -->\n<title>Appareillage \u00e9lectrique \u00e9quip\u00e9 de protecteurs C 2P L+N Lampe - Road<\/title>\n<meta name=\"robots\" content=\"index, follow, max-snippet:-1, max-image-preview:large, max-video-preview:-1\" \/>\n<link rel=\"canonical\" href=\"https:\/\/roadeu.com\/sklep\/fr\/produkt\/appareillage-electrique-equipe-de-protecteurs-c-2p-ln-lampe\/\" \/>\n<meta property=\"og:locale\" content=\"fr_FR\" \/>\n<meta property=\"og:type\" content=\"article\" \/>\n<meta property=\"og:title\" content=\"Appareillage \u00e9lectrique \u00e9quip\u00e9 de protecteurs C 2P L+N Lampe - Road\" \/>\n<meta property=\"og:description\" content=\"Appareillage \u00e9lectrique \u00e9quip\u00e9 d&#039;une protection C 2P L+N Lampe\" \/>\n<meta property=\"og:url\" content=\"https:\/\/roadeu.com\/sklep\/fr\/produkt\/appareillage-electrique-equipe-de-protecteurs-c-2p-ln-lampe\/\" \/>\n<meta property=\"og:site_name\" content=\"Road\" \/>\n<meta property=\"article:modified_time\" content=\"2026-01-05T13:30:54+00:00\" \/>\n<meta property=\"og:image\" content=\"https:\/\/roadeu.com\/sklep\/wp-content\/uploads\/2025\/07\/826e4dfc4720b4477fe298124a74.jpg\" \/>\n\t<meta property=\"og:image:width\" content=\"824\" \/>\n\t<meta property=\"og:image:height\" content=\"1187\" \/>\n\t<meta property=\"og:image:type\" content=\"image\/jpeg\" \/>\n<meta name=\"twitter:card\" content=\"summary_large_image\" \/>\n<meta name=\"twitter:label1\" content=\"Dur\u00e9e de lecture estim\u00e9e\" \/>\n\t<meta name=\"twitter:data1\" content=\"1 minute\" \/>\n<script type=\"application\/ld+json\" class=\"yoast-schema-graph\">{\"@context\":\"https:\\\/\\\/schema.org\",\"@graph\":[{\"@type\":\"WebPage\",\"@id\":\"https:\\\/\\\/roadeu.com\\\/sklep\\\/fr\\\/produkt\\\/appareillage-electrique-equipe-de-protecteurs-c-2p-ln-lampe\\\/\",\"url\":\"https:\\\/\\\/roadeu.com\\\/sklep\\\/fr\\\/produkt\\\/appareillage-electrique-equipe-de-protecteurs-c-2p-ln-lampe\\\/\",\"name\":\"Appareillage \u00e9lectrique \u00e9quip\u00e9 de protecteurs C 2P L+N Lampe - Road\",\"isPartOf\":{\"@id\":\"https:\\\/\\\/roadeu.com\\\/sklep\\\/fr\\\/#website\"},\"primaryImageOfPage\":{\"@id\":\"https:\\\/\\\/roadeu.com\\\/sklep\\\/fr\\\/produkt\\\/appareillage-electrique-equipe-de-protecteurs-c-2p-ln-lampe\\\/#primaryimage\"},\"image\":{\"@id\":\"https:\\\/\\\/roadeu.com\\\/sklep\\\/fr\\\/produkt\\\/appareillage-electrique-equipe-de-protecteurs-c-2p-ln-lampe\\\/#primaryimage\"},\"thumbnailUrl\":\"https:\\\/\\\/roadeu.com\\\/sklep\\\/wp-content\\\/uploads\\\/2025\\\/07\\\/826e4dfc4720b4477fe298124a74.jpg\",\"datePublished\":\"2025-07-21T12:45:22+00:00\",\"dateModified\":\"2026-01-05T13:30:54+00:00\",\"breadcrumb\":{\"@id\":\"https:\\\/\\\/roadeu.com\\\/sklep\\\/fr\\\/produkt\\\/appareillage-electrique-equipe-de-protecteurs-c-2p-ln-lampe\\\/#breadcrumb\"},\"inLanguage\":\"fr-FR\",\"potentialAction\":[{\"@type\":\"ReadAction\",\"target\":[\"https:\\\/\\\/roadeu.com\\\/sklep\\\/fr\\\/produkt\\\/appareillage-electrique-equipe-de-protecteurs-c-2p-ln-lampe\\\/\"]}]},{\"@type\":\"ImageObject\",\"inLanguage\":\"fr-FR\",\"@id\":\"https:\\\/\\\/roadeu.com\\\/sklep\\\/fr\\\/produkt\\\/appareillage-electrique-equipe-de-protecteurs-c-2p-ln-lampe\\\/#primaryimage\",\"url\":\"https:\\\/\\\/roadeu.com\\\/sklep\\\/wp-content\\\/uploads\\\/2025\\\/07\\\/826e4dfc4720b4477fe298124a74.jpg\",\"contentUrl\":\"https:\\\/\\\/roadeu.com\\\/sklep\\\/wp-content\\\/uploads\\\/2025\\\/07\\\/826e4dfc4720b4477fe298124a74.jpg\",\"width\":824,\"height\":1187},{\"@type\":\"BreadcrumbList\",\"@id\":\"https:\\\/\\\/roadeu.com\\\/sklep\\\/fr\\\/produkt\\\/appareillage-electrique-equipe-de-protecteurs-c-2p-ln-lampe\\\/#breadcrumb\",\"itemListElement\":[{\"@type\":\"ListItem\",\"position\":1,\"name\":\"Strona g\u0142\u00f3wna\",\"item\":\"https:\\\/\\\/roadeu.com\\\/sklep\\\/fr\\\/boutique\\\/\"},{\"@type\":\"ListItem\",\"position\":2,\"name\":\"Boutique\",\"item\":\"https:\\\/\\\/roadeu.com\\\/sklep\\\/fr\\\/boutique\\\/\"},{\"@type\":\"ListItem\",\"position\":3,\"name\":\"Appareillage \u00e9lectrique \u00e9quip\u00e9 de protecteurs C 2P L+N Lampe\"}]},{\"@type\":\"WebSite\",\"@id\":\"https:\\\/\\\/roadeu.com\\\/sklep\\\/fr\\\/#website\",\"url\":\"https:\\\/\\\/roadeu.com\\\/sklep\\\/fr\\\/\",\"name\":\"Road\",\"description\":\"Hurtownia Elektryczna w Dzier\u017coniowie. Producent sprz\u0119tu elektrycznego.\",\"publisher\":{\"@id\":\"https:\\\/\\\/roadeu.com\\\/sklep\\\/fr\\\/#organization\"},\"potentialAction\":[{\"@type\":\"SearchAction\",\"target\":{\"@type\":\"EntryPoint\",\"urlTemplate\":\"https:\\\/\\\/roadeu.com\\\/sklep\\\/fr\\\/?s={search_term_string}\"},\"query-input\":{\"@type\":\"PropertyValueSpecification\",\"valueRequired\":true,\"valueName\":\"search_term_string\"}}],\"inLanguage\":\"fr-FR\"},{\"@type\":\"Organization\",\"@id\":\"https:\\\/\\\/roadeu.com\\\/sklep\\\/fr\\\/#organization\",\"name\":\"Road\",\"url\":\"https:\\\/\\\/roadeu.com\\\/sklep\\\/fr\\\/\",\"logo\":{\"@type\":\"ImageObject\",\"inLanguage\":\"fr-FR\",\"@id\":\"https:\\\/\\\/roadeu.com\\\/sklep\\\/fr\\\/#\\\/schema\\\/logo\\\/image\\\/\",\"url\":\"https:\\\/\\\/roadeu.com\\\/sklep\\\/wp-content\\\/uploads\\\/2025\\\/05\\\/logotype-lg-pl.png\",\"contentUrl\":\"https:\\\/\\\/roadeu.com\\\/sklep\\\/wp-content\\\/uploads\\\/2025\\\/05\\\/logotype-lg-pl.png\",\"width\":300,\"height\":70,\"caption\":\"Road\"},\"image\":{\"@id\":\"https:\\\/\\\/roadeu.com\\\/sklep\\\/fr\\\/#\\\/schema\\\/logo\\\/image\\\/\"}}]}<\/script>\n<!-- \/ Yoast SEO plugin. -->","yoast_head_json":{"title":"Appareillage \u00e9lectrique \u00e9quip\u00e9 de protecteurs C 2P L+N Lampe - Road","robots":{"index":"index","follow":"follow","max-snippet":"max-snippet:-1","max-image-preview":"max-image-preview:large","max-video-preview":"max-video-preview:-1"},"canonical":"https:\/\/roadeu.com\/sklep\/fr\/produkt\/appareillage-electrique-equipe-de-protecteurs-c-2p-ln-lampe\/","og_locale":"fr_FR","og_type":"article","og_title":"Appareillage \u00e9lectrique \u00e9quip\u00e9 de protecteurs C 2P L+N Lampe - Road","og_description":"Appareillage \u00e9lectrique \u00e9quip\u00e9 d'une protection C 2P L+N Lampe","og_url":"https:\/\/roadeu.com\/sklep\/fr\/produkt\/appareillage-electrique-equipe-de-protecteurs-c-2p-ln-lampe\/","og_site_name":"Road","article_modified_time":"2026-01-05T13:30:54+00:00","og_image":[{"width":824,"height":1187,"url":"https:\/\/roadeu.com\/sklep\/wp-content\/uploads\/2025\/07\/826e4dfc4720b4477fe298124a74.jpg","type":"image\/jpeg"}],"twitter_card":"summary_large_image","twitter_misc":{"Dur\u00e9e de lecture estim\u00e9e":"1 minute"},"schema":{"@context":"https:\/\/schema.org","@graph":[{"@type":"WebPage","@id":"https:\/\/roadeu.com\/sklep\/fr\/produkt\/appareillage-electrique-equipe-de-protecteurs-c-2p-ln-lampe\/","url":"https:\/\/roadeu.com\/sklep\/fr\/produkt\/appareillage-electrique-equipe-de-protecteurs-c-2p-ln-lampe\/","name":"Appareillage \u00e9lectrique \u00e9quip\u00e9 de protecteurs C 2P L+N Lampe - Road","isPartOf":{"@id":"https:\/\/roadeu.com\/sklep\/fr\/#website"},"primaryImageOfPage":{"@id":"https:\/\/roadeu.com\/sklep\/fr\/produkt\/appareillage-electrique-equipe-de-protecteurs-c-2p-ln-lampe\/#primaryimage"},"image":{"@id":"https:\/\/roadeu.com\/sklep\/fr\/produkt\/appareillage-electrique-equipe-de-protecteurs-c-2p-ln-lampe\/#primaryimage"},"thumbnailUrl":"https:\/\/roadeu.com\/sklep\/wp-content\/uploads\/2025\/07\/826e4dfc4720b4477fe298124a74.jpg","datePublished":"2025-07-21T12:45:22+00:00","dateModified":"2026-01-05T13:30:54+00:00","breadcrumb":{"@id":"https:\/\/roadeu.com\/sklep\/fr\/produkt\/appareillage-electrique-equipe-de-protecteurs-c-2p-ln-lampe\/#breadcrumb"},"inLanguage":"fr-FR","potentialAction":[{"@type":"ReadAction","target":["https:\/\/roadeu.com\/sklep\/fr\/produkt\/appareillage-electrique-equipe-de-protecteurs-c-2p-ln-lampe\/"]}]},{"@type":"ImageObject","inLanguage":"fr-FR","@id":"https:\/\/roadeu.com\/sklep\/fr\/produkt\/appareillage-electrique-equipe-de-protecteurs-c-2p-ln-lampe\/#primaryimage","url":"https:\/\/roadeu.com\/sklep\/wp-content\/uploads\/2025\/07\/826e4dfc4720b4477fe298124a74.jpg","contentUrl":"https:\/\/roadeu.com\/sklep\/wp-content\/uploads\/2025\/07\/826e4dfc4720b4477fe298124a74.jpg","width":824,"height":1187},{"@type":"BreadcrumbList","@id":"https:\/\/roadeu.com\/sklep\/fr\/produkt\/appareillage-electrique-equipe-de-protecteurs-c-2p-ln-lampe\/#breadcrumb","itemListElement":[{"@type":"ListItem","position":1,"name":"Strona g\u0142\u00f3wna","item":"https:\/\/roadeu.com\/sklep\/fr\/boutique\/"},{"@type":"ListItem","position":2,"name":"Boutique","item":"https:\/\/roadeu.com\/sklep\/fr\/boutique\/"},{"@type":"ListItem","position":3,"name":"Appareillage \u00e9lectrique \u00e9quip\u00e9 de protecteurs C 2P L+N Lampe"}]},{"@type":"WebSite","@id":"https:\/\/roadeu.com\/sklep\/fr\/#website","url":"https:\/\/roadeu.com\/sklep\/fr\/","name":"Road","description":"Hurtownia Elektryczna w Dzier\u017coniowie. Producent sprz\u0119tu elektrycznego.","publisher":{"@id":"https:\/\/roadeu.com\/sklep\/fr\/#organization"},"potentialAction":[{"@type":"SearchAction","target":{"@type":"EntryPoint","urlTemplate":"https:\/\/roadeu.com\/sklep\/fr\/?s={search_term_string}"},"query-input":{"@type":"PropertyValueSpecification","valueRequired":true,"valueName":"search_term_string"}}],"inLanguage":"fr-FR"},{"@type":"Organization","@id":"https:\/\/roadeu.com\/sklep\/fr\/#organization","name":"Road","url":"https:\/\/roadeu.com\/sklep\/fr\/","logo":{"@type":"ImageObject","inLanguage":"fr-FR","@id":"https:\/\/roadeu.com\/sklep\/fr\/#\/schema\/logo\/image\/","url":"https:\/\/roadeu.com\/sklep\/wp-content\/uploads\/2025\/05\/logotype-lg-pl.png","contentUrl":"https:\/\/roadeu.com\/sklep\/wp-content\/uploads\/2025\/05\/logotype-lg-pl.png","width":300,"height":70,"caption":"Road"},"image":{"@id":"https:\/\/roadeu.com\/sklep\/fr\/#\/schema\/logo\/image\/"}}]}},"_links":{"self":[{"href":"https:\/\/roadeu.com\/sklep\/fr\/wp-json\/wp\/v2\/product\/8339","targetHints":{"allow":["GET"]}}],"collection":[{"href":"https:\/\/roadeu.com\/sklep\/fr\/wp-json\/wp\/v2\/product"}],"about":[{"href":"https:\/\/roadeu.com\/sklep\/fr\/wp-json\/wp\/v2\/types\/product"}],"wp:featuredmedia":[{"embeddable":true,"href":"https:\/\/roadeu.com\/sklep\/fr\/wp-json\/wp\/v2\/media\/7854"}],"wp:attachment":[{"href":"https:\/\/roadeu.com\/sklep\/fr\/wp-json\/wp\/v2\/media?parent=8339"}],"wp:term":[{"taxonomy":"product_brand","embeddable":true,"href":"https:\/\/roadeu.com\/sklep\/fr\/wp-json\/wp\/v2\/product_brand?post=8339"},{"taxonomy":"product_cat","embeddable":true,"href":"https:\/\/roadeu.com\/sklep\/fr\/wp-json\/wp\/v2\/product_cat?post=8339"},{"taxonomy":"product_tag","embeddable":true,"href":"https:\/\/roadeu.com\/sklep\/fr\/wp-json\/wp\/v2\/product_tag?post=8339"}],"curies":[{"name":"wp","href":"https:\/\/api.w.org\/{rel}","templated":true}]}}