{"id":8333,"date":"2025-07-21T13:35:01","date_gmt":"2025-07-21T11:35:01","guid":{"rendered":"https:\/\/roadeu.com\/sklep\/produkt\/tableau-electrique-equipe-de-la-protection-c-indicateur-led-6m\/"},"modified":"2026-01-05T14:30:52","modified_gmt":"2026-01-05T13:30:52","slug":"tableau-electrique-equipe-de-la-protection-c-indicateur-led-6m","status":"publish","type":"product","link":"https:\/\/roadeu.com\/sklep\/fr\/produkt\/tableau-electrique-equipe-de-la-protection-c-indicateur-led-6m\/","title":{"rendered":"Tableau \u00e9lectrique \u00e9quip\u00e9 de la protection \u00ab\u00a0C\u00a0\u00bb Indicateur LED 6M"},"content":{"rendered":"<div class=\"mpof_ki myre_zn myre_8v_l m389_6m_l\">\n<div class=\"mp4t_16_s mryx_16_s mr3m_1 mli2_1 mh85_56 mh85_0_l\">\n<div class=\"mgn2_16 _0d3bd_am0a-\">\n<p><b>Tableau de distribution IP42<\/b> en saillie<\/p>\n<p><b>Description du produitLe<\/b>tableau de distribution <b>IP42<\/b> en saillie est con\u00e7u pour \u00e9viter<\/p>\n<p>les fuites accidentelles et les courts-circuits, prot\u00e9geant ainsi efficacement l\u2019\u00e9lectronique contre les dommages.<\/p>\n<p>Il est pr\u00e9-c\u00e2bl\u00e9 et pr\u00eat \u00e0 \u00eatre connect\u00e9, et le distributeur mural est \u00e9quip\u00e9 de bornes <b>N+PE<\/b>,<\/p>\n<p>pour une installation simple et s\u00fbre.<\/p>\n<p>\u00a0<\/p>\n<\/div>\n<\/div>\n<\/div>\n<div class=\"mpof_ki myre_zn myre_8v_l m389_6m_l\">\n<div class=\"mp4t_16_s mryx_16_s mr3m_1 mli2_1 mh85_56 mh85_0_l\">\n<div class=\"mgn2_16 _0d3bd_am0a-\">\n<p><b>Fonctionnalit\u00e9s<\/b><\/p>\n<ul>\n<li><b>Indicateur de <\/b>tension <b>\u2013 <\/b>\u00c9quip\u00e9 d\u2019un indicateur de tension qui mesure et affiche la tension alternative sur une gamme de<\/li>\n<\/ul>\n<p> <b> 80-500 V AC<\/b>. Joue le r\u00f4le d\u2019indicateur de tension dans les circuits, ce qui accro\u00eet consid\u00e9rablement la s\u00e9curit\u00e9. <\/p>\n<p>le fonctionnement de l\u2019\u00e9quipement et permet une d\u00e9tection pr\u00e9coce des probl\u00e8mes potentiels.<\/p>\n<p>\u00a0<\/p>\n<\/div>\n<\/div>\n<\/div>\n<div class=\"mpof_ki myre_zn myre_8v_l m389_6m_l\">\n<div class=\"mp4t_16_s mryx_16_s mr3m_1 mli2_1 mh85_56 mh85_0_l\">\n<div class=\"mgn2_16 _0d3bd_am0a-\">\n<p><b>Equipement<\/b><\/p>\n<ul>\n<li>1 x <b>40A 2P A\/AC 30mA<\/b> (disjoncteur \u00e0 courant r\u00e9siduel)<\/li>\n<li>2 x <b>LS C16A 1P<\/b> (disjoncteurs \u00e0 maximum de courant)<\/li>\n<li>1 x <b>LS C10A 1P<\/b> (disjoncteur de surintensit\u00e9)<\/li>\n<\/ul>\n<p>Tous les fusibles sont certifi\u00e9s par les c\u00e9l\u00e8bres laboratoires d\u2019essai <b>T\u00dcV<\/b>, ce qui garantit<\/p>\n<p>le respect de normes de s\u00e9curit\u00e9 strictes<\/p>\n<\/div>\n<\/div>\n<\/div>\n","protected":false},"excerpt":{"rendered":"<h1 class=\"mp4t_0 mryx_0 mj7a_4 mvrt_8 mp0t_ji m9qz_yo munh_0 mqu1_1j mgmw_wo mgn2_21 mgn2_25_s\"><span style=\"font-size: 12pt;\">Tableau \u00e9lectrique \u00e9quip\u00e9 de la protection \u00ab\u00a0C\u00a0\u00bb Indicateur LED 6M<\/span><\/h1>\n","protected":false},"featured_media":7779,"template":"","meta":[],"product_brand":[378],"product_cat":[373],"product_tag":[],"class_list":{"0":"post-8333","1":"product","2":"type-product","3":"status-publish","4":"has-post-thumbnail","6":"product_brand-roadeu-fr","7":"product_cat-appareils-de-commutation-avec-protection","9":"first","10":"instock","11":"taxable","12":"shipping-taxable","13":"purchasable","14":"product-type-simple"},"yoast_head":"<!-- This site is optimized with the Yoast SEO plugin v27.5 - https:\/\/yoast.com\/product\/yoast-seo-wordpress\/ -->\n<title>Tableau \u00e9lectrique \u00e9quip\u00e9 de la protection &quot;C&quot; Indicateur LED 6M - Road<\/title>\n<meta name=\"robots\" content=\"index, follow, max-snippet:-1, max-image-preview:large, max-video-preview:-1\" \/>\n<link rel=\"canonical\" href=\"https:\/\/roadeu.com\/sklep\/fr\/produkt\/tableau-electrique-equipe-de-la-protection-c-indicateur-led-6m\/\" \/>\n<meta property=\"og:locale\" content=\"fr_FR\" \/>\n<meta property=\"og:type\" content=\"article\" \/>\n<meta property=\"og:title\" content=\"Tableau \u00e9lectrique \u00e9quip\u00e9 de la protection &quot;C&quot; Indicateur LED 6M - Road\" \/>\n<meta property=\"og:description\" content=\"Tableau \u00e9lectrique \u00e9quip\u00e9 de la protection &quot;C&quot; Indicateur LED 6M\" \/>\n<meta property=\"og:url\" content=\"https:\/\/roadeu.com\/sklep\/fr\/produkt\/tableau-electrique-equipe-de-la-protection-c-indicateur-led-6m\/\" \/>\n<meta property=\"og:site_name\" content=\"Road\" \/>\n<meta property=\"article:modified_time\" content=\"2026-01-05T13:30:52+00:00\" \/>\n<meta property=\"og:image\" content=\"https:\/\/roadeu.com\/sklep\/wp-content\/uploads\/2025\/07\/92d8f7e34e5580bc3455004b8b62.jpg\" \/>\n\t<meta property=\"og:image:width\" content=\"2132\" \/>\n\t<meta property=\"og:image:height\" content=\"2560\" \/>\n\t<meta property=\"og:image:type\" content=\"image\/jpeg\" \/>\n<meta name=\"twitter:card\" content=\"summary_large_image\" \/>\n<meta name=\"twitter:label1\" content=\"Dur\u00e9e de lecture estim\u00e9e\" \/>\n\t<meta name=\"twitter:data1\" content=\"1 minute\" \/>\n<script type=\"application\/ld+json\" class=\"yoast-schema-graph\">{\"@context\":\"https:\\\/\\\/schema.org\",\"@graph\":[{\"@type\":\"WebPage\",\"@id\":\"https:\\\/\\\/roadeu.com\\\/sklep\\\/fr\\\/produkt\\\/tableau-electrique-equipe-de-la-protection-c-indicateur-led-6m\\\/\",\"url\":\"https:\\\/\\\/roadeu.com\\\/sklep\\\/fr\\\/produkt\\\/tableau-electrique-equipe-de-la-protection-c-indicateur-led-6m\\\/\",\"name\":\"Tableau \u00e9lectrique \u00e9quip\u00e9 de la protection \\\"C\\\" Indicateur LED 6M - Road\",\"isPartOf\":{\"@id\":\"https:\\\/\\\/roadeu.com\\\/sklep\\\/fr\\\/#website\"},\"primaryImageOfPage\":{\"@id\":\"https:\\\/\\\/roadeu.com\\\/sklep\\\/fr\\\/produkt\\\/tableau-electrique-equipe-de-la-protection-c-indicateur-led-6m\\\/#primaryimage\"},\"image\":{\"@id\":\"https:\\\/\\\/roadeu.com\\\/sklep\\\/fr\\\/produkt\\\/tableau-electrique-equipe-de-la-protection-c-indicateur-led-6m\\\/#primaryimage\"},\"thumbnailUrl\":\"https:\\\/\\\/roadeu.com\\\/sklep\\\/wp-content\\\/uploads\\\/2025\\\/07\\\/92d8f7e34e5580bc3455004b8b62.jpg\",\"datePublished\":\"2025-07-21T11:35:01+00:00\",\"dateModified\":\"2026-01-05T13:30:52+00:00\",\"breadcrumb\":{\"@id\":\"https:\\\/\\\/roadeu.com\\\/sklep\\\/fr\\\/produkt\\\/tableau-electrique-equipe-de-la-protection-c-indicateur-led-6m\\\/#breadcrumb\"},\"inLanguage\":\"fr-FR\",\"potentialAction\":[{\"@type\":\"ReadAction\",\"target\":[\"https:\\\/\\\/roadeu.com\\\/sklep\\\/fr\\\/produkt\\\/tableau-electrique-equipe-de-la-protection-c-indicateur-led-6m\\\/\"]}]},{\"@type\":\"ImageObject\",\"inLanguage\":\"fr-FR\",\"@id\":\"https:\\\/\\\/roadeu.com\\\/sklep\\\/fr\\\/produkt\\\/tableau-electrique-equipe-de-la-protection-c-indicateur-led-6m\\\/#primaryimage\",\"url\":\"https:\\\/\\\/roadeu.com\\\/sklep\\\/wp-content\\\/uploads\\\/2025\\\/07\\\/92d8f7e34e5580bc3455004b8b62.jpg\",\"contentUrl\":\"https:\\\/\\\/roadeu.com\\\/sklep\\\/wp-content\\\/uploads\\\/2025\\\/07\\\/92d8f7e34e5580bc3455004b8b62.jpg\",\"width\":2132,\"height\":2560},{\"@type\":\"BreadcrumbList\",\"@id\":\"https:\\\/\\\/roadeu.com\\\/sklep\\\/fr\\\/produkt\\\/tableau-electrique-equipe-de-la-protection-c-indicateur-led-6m\\\/#breadcrumb\",\"itemListElement\":[{\"@type\":\"ListItem\",\"position\":1,\"name\":\"Strona g\u0142\u00f3wna\",\"item\":\"https:\\\/\\\/roadeu.com\\\/sklep\\\/fr\\\/boutique\\\/\"},{\"@type\":\"ListItem\",\"position\":2,\"name\":\"Boutique\",\"item\":\"https:\\\/\\\/roadeu.com\\\/sklep\\\/fr\\\/boutique\\\/\"},{\"@type\":\"ListItem\",\"position\":3,\"name\":\"Tableau \u00e9lectrique \u00e9quip\u00e9 de la protection &#8222;C&#8220; Indicateur LED 6M\"}]},{\"@type\":\"WebSite\",\"@id\":\"https:\\\/\\\/roadeu.com\\\/sklep\\\/fr\\\/#website\",\"url\":\"https:\\\/\\\/roadeu.com\\\/sklep\\\/fr\\\/\",\"name\":\"Road\",\"description\":\"Hurtownia Elektryczna w Dzier\u017coniowie. Producent sprz\u0119tu elektrycznego.\",\"publisher\":{\"@id\":\"https:\\\/\\\/roadeu.com\\\/sklep\\\/fr\\\/#organization\"},\"potentialAction\":[{\"@type\":\"SearchAction\",\"target\":{\"@type\":\"EntryPoint\",\"urlTemplate\":\"https:\\\/\\\/roadeu.com\\\/sklep\\\/fr\\\/?s={search_term_string}\"},\"query-input\":{\"@type\":\"PropertyValueSpecification\",\"valueRequired\":true,\"valueName\":\"search_term_string\"}}],\"inLanguage\":\"fr-FR\"},{\"@type\":\"Organization\",\"@id\":\"https:\\\/\\\/roadeu.com\\\/sklep\\\/fr\\\/#organization\",\"name\":\"Road\",\"url\":\"https:\\\/\\\/roadeu.com\\\/sklep\\\/fr\\\/\",\"logo\":{\"@type\":\"ImageObject\",\"inLanguage\":\"fr-FR\",\"@id\":\"https:\\\/\\\/roadeu.com\\\/sklep\\\/fr\\\/#\\\/schema\\\/logo\\\/image\\\/\",\"url\":\"https:\\\/\\\/roadeu.com\\\/sklep\\\/wp-content\\\/uploads\\\/2025\\\/05\\\/logotype-lg-pl.png\",\"contentUrl\":\"https:\\\/\\\/roadeu.com\\\/sklep\\\/wp-content\\\/uploads\\\/2025\\\/05\\\/logotype-lg-pl.png\",\"width\":300,\"height\":70,\"caption\":\"Road\"},\"image\":{\"@id\":\"https:\\\/\\\/roadeu.com\\\/sklep\\\/fr\\\/#\\\/schema\\\/logo\\\/image\\\/\"}}]}<\/script>\n<!-- \/ Yoast SEO plugin. -->","yoast_head_json":{"title":"Tableau \u00e9lectrique \u00e9quip\u00e9 de la protection \"C\" Indicateur LED 6M - Road","robots":{"index":"index","follow":"follow","max-snippet":"max-snippet:-1","max-image-preview":"max-image-preview:large","max-video-preview":"max-video-preview:-1"},"canonical":"https:\/\/roadeu.com\/sklep\/fr\/produkt\/tableau-electrique-equipe-de-la-protection-c-indicateur-led-6m\/","og_locale":"fr_FR","og_type":"article","og_title":"Tableau \u00e9lectrique \u00e9quip\u00e9 de la protection \"C\" Indicateur LED 6M - Road","og_description":"Tableau \u00e9lectrique \u00e9quip\u00e9 de la protection \"C\" Indicateur LED 6M","og_url":"https:\/\/roadeu.com\/sklep\/fr\/produkt\/tableau-electrique-equipe-de-la-protection-c-indicateur-led-6m\/","og_site_name":"Road","article_modified_time":"2026-01-05T13:30:52+00:00","og_image":[{"width":2132,"height":2560,"url":"https:\/\/roadeu.com\/sklep\/wp-content\/uploads\/2025\/07\/92d8f7e34e5580bc3455004b8b62.jpg","type":"image\/jpeg"}],"twitter_card":"summary_large_image","twitter_misc":{"Dur\u00e9e de lecture estim\u00e9e":"1 minute"},"schema":{"@context":"https:\/\/schema.org","@graph":[{"@type":"WebPage","@id":"https:\/\/roadeu.com\/sklep\/fr\/produkt\/tableau-electrique-equipe-de-la-protection-c-indicateur-led-6m\/","url":"https:\/\/roadeu.com\/sklep\/fr\/produkt\/tableau-electrique-equipe-de-la-protection-c-indicateur-led-6m\/","name":"Tableau \u00e9lectrique \u00e9quip\u00e9 de la protection \"C\" Indicateur LED 6M - Road","isPartOf":{"@id":"https:\/\/roadeu.com\/sklep\/fr\/#website"},"primaryImageOfPage":{"@id":"https:\/\/roadeu.com\/sklep\/fr\/produkt\/tableau-electrique-equipe-de-la-protection-c-indicateur-led-6m\/#primaryimage"},"image":{"@id":"https:\/\/roadeu.com\/sklep\/fr\/produkt\/tableau-electrique-equipe-de-la-protection-c-indicateur-led-6m\/#primaryimage"},"thumbnailUrl":"https:\/\/roadeu.com\/sklep\/wp-content\/uploads\/2025\/07\/92d8f7e34e5580bc3455004b8b62.jpg","datePublished":"2025-07-21T11:35:01+00:00","dateModified":"2026-01-05T13:30:52+00:00","breadcrumb":{"@id":"https:\/\/roadeu.com\/sklep\/fr\/produkt\/tableau-electrique-equipe-de-la-protection-c-indicateur-led-6m\/#breadcrumb"},"inLanguage":"fr-FR","potentialAction":[{"@type":"ReadAction","target":["https:\/\/roadeu.com\/sklep\/fr\/produkt\/tableau-electrique-equipe-de-la-protection-c-indicateur-led-6m\/"]}]},{"@type":"ImageObject","inLanguage":"fr-FR","@id":"https:\/\/roadeu.com\/sklep\/fr\/produkt\/tableau-electrique-equipe-de-la-protection-c-indicateur-led-6m\/#primaryimage","url":"https:\/\/roadeu.com\/sklep\/wp-content\/uploads\/2025\/07\/92d8f7e34e5580bc3455004b8b62.jpg","contentUrl":"https:\/\/roadeu.com\/sklep\/wp-content\/uploads\/2025\/07\/92d8f7e34e5580bc3455004b8b62.jpg","width":2132,"height":2560},{"@type":"BreadcrumbList","@id":"https:\/\/roadeu.com\/sklep\/fr\/produkt\/tableau-electrique-equipe-de-la-protection-c-indicateur-led-6m\/#breadcrumb","itemListElement":[{"@type":"ListItem","position":1,"name":"Strona g\u0142\u00f3wna","item":"https:\/\/roadeu.com\/sklep\/fr\/boutique\/"},{"@type":"ListItem","position":2,"name":"Boutique","item":"https:\/\/roadeu.com\/sklep\/fr\/boutique\/"},{"@type":"ListItem","position":3,"name":"Tableau \u00e9lectrique \u00e9quip\u00e9 de la protection &#8222;C&#8220; Indicateur LED 6M"}]},{"@type":"WebSite","@id":"https:\/\/roadeu.com\/sklep\/fr\/#website","url":"https:\/\/roadeu.com\/sklep\/fr\/","name":"Road","description":"Hurtownia Elektryczna w Dzier\u017coniowie. Producent sprz\u0119tu elektrycznego.","publisher":{"@id":"https:\/\/roadeu.com\/sklep\/fr\/#organization"},"potentialAction":[{"@type":"SearchAction","target":{"@type":"EntryPoint","urlTemplate":"https:\/\/roadeu.com\/sklep\/fr\/?s={search_term_string}"},"query-input":{"@type":"PropertyValueSpecification","valueRequired":true,"valueName":"search_term_string"}}],"inLanguage":"fr-FR"},{"@type":"Organization","@id":"https:\/\/roadeu.com\/sklep\/fr\/#organization","name":"Road","url":"https:\/\/roadeu.com\/sklep\/fr\/","logo":{"@type":"ImageObject","inLanguage":"fr-FR","@id":"https:\/\/roadeu.com\/sklep\/fr\/#\/schema\/logo\/image\/","url":"https:\/\/roadeu.com\/sklep\/wp-content\/uploads\/2025\/05\/logotype-lg-pl.png","contentUrl":"https:\/\/roadeu.com\/sklep\/wp-content\/uploads\/2025\/05\/logotype-lg-pl.png","width":300,"height":70,"caption":"Road"},"image":{"@id":"https:\/\/roadeu.com\/sklep\/fr\/#\/schema\/logo\/image\/"}}]}},"_links":{"self":[{"href":"https:\/\/roadeu.com\/sklep\/fr\/wp-json\/wp\/v2\/product\/8333","targetHints":{"allow":["GET"]}}],"collection":[{"href":"https:\/\/roadeu.com\/sklep\/fr\/wp-json\/wp\/v2\/product"}],"about":[{"href":"https:\/\/roadeu.com\/sklep\/fr\/wp-json\/wp\/v2\/types\/product"}],"wp:featuredmedia":[{"embeddable":true,"href":"https:\/\/roadeu.com\/sklep\/fr\/wp-json\/wp\/v2\/media\/7779"}],"wp:attachment":[{"href":"https:\/\/roadeu.com\/sklep\/fr\/wp-json\/wp\/v2\/media?parent=8333"}],"wp:term":[{"taxonomy":"product_brand","embeddable":true,"href":"https:\/\/roadeu.com\/sklep\/fr\/wp-json\/wp\/v2\/product_brand?post=8333"},{"taxonomy":"product_cat","embeddable":true,"href":"https:\/\/roadeu.com\/sklep\/fr\/wp-json\/wp\/v2\/product_cat?post=8333"},{"taxonomy":"product_tag","embeddable":true,"href":"https:\/\/roadeu.com\/sklep\/fr\/wp-json\/wp\/v2\/product_tag?post=8333"}],"curies":[{"name":"wp","href":"https:\/\/api.w.org\/{rel}","templated":true}]}}