{"id":8322,"date":"2025-07-22T10:44:26","date_gmt":"2025-07-22T08:44:26","guid":{"rendered":"https:\/\/roadeu.com\/sklep\/produkt\/appareillage-equipe-de-3x-c10a-7x-c16a-1x-c16a-3p-differentiel-et-indicateur\/"},"modified":"2026-01-05T14:30:59","modified_gmt":"2026-01-05T13:30:59","slug":"appareillage-equipe-de-3x-c10a-7x-c16a-1x-c16a-3p-differentiel-et-indicateur","status":"publish","type":"product","link":"https:\/\/roadeu.com\/sklep\/fr\/produkt\/appareillage-equipe-de-3x-c10a-7x-c16a-1x-c16a-3p-differentiel-et-indicateur\/","title":{"rendered":"Appareillage \u00e9quip\u00e9 de 3x C10A 7x C16A 1x C16A 3P Diff\u00e9rentiel et Indicateur"},"content":{"rendered":"<div class=\"mpof_ki myre_zn myre_8v_l m389_6m_l\">\n<div class=\"mp4t_16_s mryx_16_s mr3m_1 mli2_1 mh85_56 mh85_0_l\">\n<div class=\"mgn2_16 _0d3bd_am0a-\">\n<p><b>La BO\u00ceTE DE S\u00c9CURIT\u00c9<\/b> est con\u00e7ue pour \u00e9viter les perforations accidentelles et les blessures.<\/p>\n<p>les courts-circuits. Un kit pr\u00eat \u00e0 \u00eatre raccord\u00e9 avec des bornes N+PE garantit une installation s\u00fbre. Tableau de distribution en saillie  <\/p>\n<p>peut \u00eatre utilis\u00e9 avec succ\u00e8s comme unit\u00e9 de sous-distribution mont\u00e9e en surface pour une distribution optimale de l&rsquo;\u00e9nergie.<\/p>\n<p>&nbsp;<\/p>\n<\/div>\n<\/div>\n<\/div>\n<div class=\"mpof_ki myre_zn myre_8v_l m389_6m_l\">\n<div class=\"mp4t_16_s mryx_16_s mr3m_1 mli2_1 mh85_56 mh85_0_l\">\n<div class=\"mgn2_16 _0d3bd_am0a-\">\n<p><b>Le SAFETY DISTRIBUTOR<\/b> est extr\u00eamement facile \u00e0 installer et est id\u00e9al pour les particuliers et les entreprises.<\/p>\n<p>atelier. Gr\u00e2ce \u00e0 son indice de protection IP42, le distributeur peut \u00eatre utilis\u00e9 \u00e0 l&rsquo;int\u00e9rieur et offre une protection optimale contre les intemp\u00e9ries. <\/p>\n<p>protection fiable contre la poussi\u00e8re et les objets solides<\/p>\n<p>&nbsp;<\/p>\n<\/div>\n<\/div>\n<\/div>\n<div class=\"mpof_ki myre_zn myre_8v_l m389_6m_l\">\n<div class=\"mp4t_16_s mryx_16_s mr3m_1 mli2_1 mh85_56 mh85_0_l\">\n<div class=\"mgn2_16 _0d3bd_am0a-\">\n<p>L&rsquo;<b>indicateur de<\/b> tension mesure et affiche des valeurs de tension alternative triphas\u00e9e dans la plage 80-500V AC. Il sert d&rsquo;indicateur <\/p>\n<p>Le signal de tension dans les circuits, qui augmente la s\u00e9curit\u00e9 du fonctionnement de l&rsquo;\u00e9quipement et permet une d\u00e9tection pr\u00e9coce des probl\u00e8mes potentiels.<\/p>\n<p>&nbsp;<\/p>\n<\/div>\n<\/div>\n<\/div>\n<div class=\"mpof_ki myre_zn myre_8v_l m389_6m_l\">\n<div class=\"mp4t_16_s mryx_16_s mr3m_1 mli2_1 mh85_56 mh85_0_l\">\n<div class=\"mgn2_16 _0d3bd_am0a-\">\n<p><b>\u00c9QUIPEMENT :<\/b><\/p>\n<p><b>1x disjoncteur diff\u00e9rentiel 40A 30mA 4P type A\/AC  <\/b><\/p>\n<p><b>3x disjoncteur 10A 1P C<\/b><\/p>\n<p><b>7x disjoncteur 16A 1P C<\/b><\/p>\n<p><b>1x disjoncteur 16A 3P C<\/b><\/p>\n<p><b>1x indicateur de tension  <\/b><\/p>\n<p>&nbsp;<\/p>\n<\/div>\n<\/div>\n<\/div>\n<div class=\"mpof_ki myre_zn myre_8v_l m389_6m_l\">\n<div class=\"mp4t_16_s mryx_16_s mr3m_1 mli2_1 mh85_56 mh85_0_l\">\n<div class=\"mgn2_16 _0d3bd_am0a-\">\n<p><b>Le SAFE <\/b>est pr\u00e9-assembl\u00e9 avec un rail de montage sp\u00e9cial et un fil &lsquo;N&rsquo;. Il ne vous reste plus qu&rsquo;\u00e0 brancher l&rsquo;alimentation \u00e9lectrique de 380 V. <\/p>\n<p>Cette conception simplifie le processus d&rsquo;installation et permet d&rsquo;\u00e9conomiser du temps et des ressources.<\/p>\n<p>Nous esp\u00e9rons que vous serez satisfait. Si ce n&rsquo;est pas le cas, ne vous inqui\u00e9tez pas ! Il vous suffit de nous le retourner et de recevoir un remboursement complet du prix d&rsquo;achat.  <\/p>\n<\/div>\n<\/div>\n<\/div>\n","protected":false},"excerpt":{"rendered":"<h1 class=\"mp4t_0 mryx_0 mj7a_4 mvrt_8 mp0t_ji m9qz_yo munh_0 mqu1_1j mgmw_wo mgn2_21 mgn2_25_s\"><span style=\"font-size: 12pt;\">Appareillage \u00e9quip\u00e9 de 3x C10A 7x C16A 1x C16A 3P Diff\u00e9rentiel et Indicateur<\/span><\/h1>\n","protected":false},"featured_media":7998,"template":"","meta":[],"product_brand":[378],"product_cat":[373],"product_tag":[],"class_list":{"0":"post-8322","1":"product","2":"type-product","3":"status-publish","4":"has-post-thumbnail","6":"product_brand-roadeu-fr","7":"product_cat-appareils-de-commutation-avec-protection","9":"first","10":"instock","11":"taxable","12":"shipping-taxable","13":"purchasable","14":"product-type-simple"},"yoast_head":"<!-- This site is optimized with the Yoast SEO plugin v27.3 - https:\/\/yoast.com\/product\/yoast-seo-wordpress\/ -->\n<title>Appareillage \u00e9quip\u00e9 de 3x C10A 7x C16A 1x C16A 3P Diff\u00e9rentiel et Indicateur - Road<\/title>\n<meta name=\"robots\" content=\"index, follow, max-snippet:-1, max-image-preview:large, max-video-preview:-1\" \/>\n<link rel=\"canonical\" href=\"https:\/\/roadeu.com\/sklep\/fr\/produkt\/appareillage-equipe-de-3x-c10a-7x-c16a-1x-c16a-3p-differentiel-et-indicateur\/\" \/>\n<meta property=\"og:locale\" content=\"fr_FR\" \/>\n<meta property=\"og:type\" content=\"article\" \/>\n<meta property=\"og:title\" content=\"Appareillage \u00e9quip\u00e9 de 3x C10A 7x C16A 1x C16A 3P Diff\u00e9rentiel et Indicateur - Road\" \/>\n<meta property=\"og:description\" content=\"Appareillage \u00e9quip\u00e9 de 3x C10A 7x C16A 1x C16A 3P Diff\u00e9rentiel et Indicateur\" \/>\n<meta property=\"og:url\" content=\"https:\/\/roadeu.com\/sklep\/fr\/produkt\/appareillage-equipe-de-3x-c10a-7x-c16a-1x-c16a-3p-differentiel-et-indicateur\/\" \/>\n<meta property=\"og:site_name\" content=\"Road\" \/>\n<meta property=\"article:modified_time\" content=\"2026-01-05T13:30:59+00:00\" \/>\n<meta property=\"og:image\" content=\"https:\/\/roadeu.com\/sklep\/wp-content\/uploads\/2025\/07\/6e363bac402ab0ff899ccb010909.jpg\" \/>\n\t<meta property=\"og:image:width\" content=\"1159\" \/>\n\t<meta property=\"og:image:height\" content=\"612\" \/>\n\t<meta property=\"og:image:type\" content=\"image\/jpeg\" \/>\n<meta name=\"twitter:card\" content=\"summary_large_image\" \/>\n<meta name=\"twitter:label1\" content=\"Dur\u00e9e de lecture estim\u00e9e\" \/>\n\t<meta name=\"twitter:data1\" content=\"1 minute\" \/>\n<script type=\"application\/ld+json\" class=\"yoast-schema-graph\">{\"@context\":\"https:\\\/\\\/schema.org\",\"@graph\":[{\"@type\":\"WebPage\",\"@id\":\"https:\\\/\\\/roadeu.com\\\/sklep\\\/fr\\\/produkt\\\/appareillage-equipe-de-3x-c10a-7x-c16a-1x-c16a-3p-differentiel-et-indicateur\\\/\",\"url\":\"https:\\\/\\\/roadeu.com\\\/sklep\\\/fr\\\/produkt\\\/appareillage-equipe-de-3x-c10a-7x-c16a-1x-c16a-3p-differentiel-et-indicateur\\\/\",\"name\":\"Appareillage \u00e9quip\u00e9 de 3x C10A 7x C16A 1x C16A 3P Diff\u00e9rentiel et Indicateur - Road\",\"isPartOf\":{\"@id\":\"https:\\\/\\\/roadeu.com\\\/sklep\\\/fr\\\/#website\"},\"primaryImageOfPage\":{\"@id\":\"https:\\\/\\\/roadeu.com\\\/sklep\\\/fr\\\/produkt\\\/appareillage-equipe-de-3x-c10a-7x-c16a-1x-c16a-3p-differentiel-et-indicateur\\\/#primaryimage\"},\"image\":{\"@id\":\"https:\\\/\\\/roadeu.com\\\/sklep\\\/fr\\\/produkt\\\/appareillage-equipe-de-3x-c10a-7x-c16a-1x-c16a-3p-differentiel-et-indicateur\\\/#primaryimage\"},\"thumbnailUrl\":\"https:\\\/\\\/roadeu.com\\\/sklep\\\/wp-content\\\/uploads\\\/2025\\\/07\\\/6e363bac402ab0ff899ccb010909.jpg\",\"datePublished\":\"2025-07-22T08:44:26+00:00\",\"dateModified\":\"2026-01-05T13:30:59+00:00\",\"breadcrumb\":{\"@id\":\"https:\\\/\\\/roadeu.com\\\/sklep\\\/fr\\\/produkt\\\/appareillage-equipe-de-3x-c10a-7x-c16a-1x-c16a-3p-differentiel-et-indicateur\\\/#breadcrumb\"},\"inLanguage\":\"fr-FR\",\"potentialAction\":[{\"@type\":\"ReadAction\",\"target\":[\"https:\\\/\\\/roadeu.com\\\/sklep\\\/fr\\\/produkt\\\/appareillage-equipe-de-3x-c10a-7x-c16a-1x-c16a-3p-differentiel-et-indicateur\\\/\"]}]},{\"@type\":\"ImageObject\",\"inLanguage\":\"fr-FR\",\"@id\":\"https:\\\/\\\/roadeu.com\\\/sklep\\\/fr\\\/produkt\\\/appareillage-equipe-de-3x-c10a-7x-c16a-1x-c16a-3p-differentiel-et-indicateur\\\/#primaryimage\",\"url\":\"https:\\\/\\\/roadeu.com\\\/sklep\\\/wp-content\\\/uploads\\\/2025\\\/07\\\/6e363bac402ab0ff899ccb010909.jpg\",\"contentUrl\":\"https:\\\/\\\/roadeu.com\\\/sklep\\\/wp-content\\\/uploads\\\/2025\\\/07\\\/6e363bac402ab0ff899ccb010909.jpg\",\"width\":1159,\"height\":612},{\"@type\":\"BreadcrumbList\",\"@id\":\"https:\\\/\\\/roadeu.com\\\/sklep\\\/fr\\\/produkt\\\/appareillage-equipe-de-3x-c10a-7x-c16a-1x-c16a-3p-differentiel-et-indicateur\\\/#breadcrumb\",\"itemListElement\":[{\"@type\":\"ListItem\",\"position\":1,\"name\":\"Strona g\u0142\u00f3wna\",\"item\":\"https:\\\/\\\/roadeu.com\\\/sklep\\\/fr\\\/boutique\\\/\"},{\"@type\":\"ListItem\",\"position\":2,\"name\":\"Boutique\",\"item\":\"https:\\\/\\\/roadeu.com\\\/sklep\\\/fr\\\/boutique\\\/\"},{\"@type\":\"ListItem\",\"position\":3,\"name\":\"Appareillage \u00e9quip\u00e9 de 3x C10A 7x C16A 1x C16A 3P Diff\u00e9rentiel et Indicateur\"}]},{\"@type\":\"WebSite\",\"@id\":\"https:\\\/\\\/roadeu.com\\\/sklep\\\/fr\\\/#website\",\"url\":\"https:\\\/\\\/roadeu.com\\\/sklep\\\/fr\\\/\",\"name\":\"Road\",\"description\":\"Hurtownia Elektryczna w Dzier\u017coniowie. Producent sprz\u0119tu elektrycznego.\",\"publisher\":{\"@id\":\"https:\\\/\\\/roadeu.com\\\/sklep\\\/fr\\\/#organization\"},\"potentialAction\":[{\"@type\":\"SearchAction\",\"target\":{\"@type\":\"EntryPoint\",\"urlTemplate\":\"https:\\\/\\\/roadeu.com\\\/sklep\\\/fr\\\/?s={search_term_string}\"},\"query-input\":{\"@type\":\"PropertyValueSpecification\",\"valueRequired\":true,\"valueName\":\"search_term_string\"}}],\"inLanguage\":\"fr-FR\"},{\"@type\":\"Organization\",\"@id\":\"https:\\\/\\\/roadeu.com\\\/sklep\\\/fr\\\/#organization\",\"name\":\"Road\",\"url\":\"https:\\\/\\\/roadeu.com\\\/sklep\\\/fr\\\/\",\"logo\":{\"@type\":\"ImageObject\",\"inLanguage\":\"fr-FR\",\"@id\":\"https:\\\/\\\/roadeu.com\\\/sklep\\\/fr\\\/#\\\/schema\\\/logo\\\/image\\\/\",\"url\":\"https:\\\/\\\/roadeu.com\\\/sklep\\\/wp-content\\\/uploads\\\/2025\\\/05\\\/logotype-lg-pl.png\",\"contentUrl\":\"https:\\\/\\\/roadeu.com\\\/sklep\\\/wp-content\\\/uploads\\\/2025\\\/05\\\/logotype-lg-pl.png\",\"width\":300,\"height\":70,\"caption\":\"Road\"},\"image\":{\"@id\":\"https:\\\/\\\/roadeu.com\\\/sklep\\\/fr\\\/#\\\/schema\\\/logo\\\/image\\\/\"}}]}<\/script>\n<!-- \/ Yoast SEO plugin. -->","yoast_head_json":{"title":"Appareillage \u00e9quip\u00e9 de 3x C10A 7x C16A 1x C16A 3P Diff\u00e9rentiel et Indicateur - Road","robots":{"index":"index","follow":"follow","max-snippet":"max-snippet:-1","max-image-preview":"max-image-preview:large","max-video-preview":"max-video-preview:-1"},"canonical":"https:\/\/roadeu.com\/sklep\/fr\/produkt\/appareillage-equipe-de-3x-c10a-7x-c16a-1x-c16a-3p-differentiel-et-indicateur\/","og_locale":"fr_FR","og_type":"article","og_title":"Appareillage \u00e9quip\u00e9 de 3x C10A 7x C16A 1x C16A 3P Diff\u00e9rentiel et Indicateur - Road","og_description":"Appareillage \u00e9quip\u00e9 de 3x C10A 7x C16A 1x C16A 3P Diff\u00e9rentiel et Indicateur","og_url":"https:\/\/roadeu.com\/sklep\/fr\/produkt\/appareillage-equipe-de-3x-c10a-7x-c16a-1x-c16a-3p-differentiel-et-indicateur\/","og_site_name":"Road","article_modified_time":"2026-01-05T13:30:59+00:00","og_image":[{"width":1159,"height":612,"url":"https:\/\/roadeu.com\/sklep\/wp-content\/uploads\/2025\/07\/6e363bac402ab0ff899ccb010909.jpg","type":"image\/jpeg"}],"twitter_card":"summary_large_image","twitter_misc":{"Dur\u00e9e de lecture estim\u00e9e":"1 minute"},"schema":{"@context":"https:\/\/schema.org","@graph":[{"@type":"WebPage","@id":"https:\/\/roadeu.com\/sklep\/fr\/produkt\/appareillage-equipe-de-3x-c10a-7x-c16a-1x-c16a-3p-differentiel-et-indicateur\/","url":"https:\/\/roadeu.com\/sklep\/fr\/produkt\/appareillage-equipe-de-3x-c10a-7x-c16a-1x-c16a-3p-differentiel-et-indicateur\/","name":"Appareillage \u00e9quip\u00e9 de 3x C10A 7x C16A 1x C16A 3P Diff\u00e9rentiel et Indicateur - Road","isPartOf":{"@id":"https:\/\/roadeu.com\/sklep\/fr\/#website"},"primaryImageOfPage":{"@id":"https:\/\/roadeu.com\/sklep\/fr\/produkt\/appareillage-equipe-de-3x-c10a-7x-c16a-1x-c16a-3p-differentiel-et-indicateur\/#primaryimage"},"image":{"@id":"https:\/\/roadeu.com\/sklep\/fr\/produkt\/appareillage-equipe-de-3x-c10a-7x-c16a-1x-c16a-3p-differentiel-et-indicateur\/#primaryimage"},"thumbnailUrl":"https:\/\/roadeu.com\/sklep\/wp-content\/uploads\/2025\/07\/6e363bac402ab0ff899ccb010909.jpg","datePublished":"2025-07-22T08:44:26+00:00","dateModified":"2026-01-05T13:30:59+00:00","breadcrumb":{"@id":"https:\/\/roadeu.com\/sklep\/fr\/produkt\/appareillage-equipe-de-3x-c10a-7x-c16a-1x-c16a-3p-differentiel-et-indicateur\/#breadcrumb"},"inLanguage":"fr-FR","potentialAction":[{"@type":"ReadAction","target":["https:\/\/roadeu.com\/sklep\/fr\/produkt\/appareillage-equipe-de-3x-c10a-7x-c16a-1x-c16a-3p-differentiel-et-indicateur\/"]}]},{"@type":"ImageObject","inLanguage":"fr-FR","@id":"https:\/\/roadeu.com\/sklep\/fr\/produkt\/appareillage-equipe-de-3x-c10a-7x-c16a-1x-c16a-3p-differentiel-et-indicateur\/#primaryimage","url":"https:\/\/roadeu.com\/sklep\/wp-content\/uploads\/2025\/07\/6e363bac402ab0ff899ccb010909.jpg","contentUrl":"https:\/\/roadeu.com\/sklep\/wp-content\/uploads\/2025\/07\/6e363bac402ab0ff899ccb010909.jpg","width":1159,"height":612},{"@type":"BreadcrumbList","@id":"https:\/\/roadeu.com\/sklep\/fr\/produkt\/appareillage-equipe-de-3x-c10a-7x-c16a-1x-c16a-3p-differentiel-et-indicateur\/#breadcrumb","itemListElement":[{"@type":"ListItem","position":1,"name":"Strona g\u0142\u00f3wna","item":"https:\/\/roadeu.com\/sklep\/fr\/boutique\/"},{"@type":"ListItem","position":2,"name":"Boutique","item":"https:\/\/roadeu.com\/sklep\/fr\/boutique\/"},{"@type":"ListItem","position":3,"name":"Appareillage \u00e9quip\u00e9 de 3x C10A 7x C16A 1x C16A 3P Diff\u00e9rentiel et Indicateur"}]},{"@type":"WebSite","@id":"https:\/\/roadeu.com\/sklep\/fr\/#website","url":"https:\/\/roadeu.com\/sklep\/fr\/","name":"Road","description":"Hurtownia Elektryczna w Dzier\u017coniowie. Producent sprz\u0119tu elektrycznego.","publisher":{"@id":"https:\/\/roadeu.com\/sklep\/fr\/#organization"},"potentialAction":[{"@type":"SearchAction","target":{"@type":"EntryPoint","urlTemplate":"https:\/\/roadeu.com\/sklep\/fr\/?s={search_term_string}"},"query-input":{"@type":"PropertyValueSpecification","valueRequired":true,"valueName":"search_term_string"}}],"inLanguage":"fr-FR"},{"@type":"Organization","@id":"https:\/\/roadeu.com\/sklep\/fr\/#organization","name":"Road","url":"https:\/\/roadeu.com\/sklep\/fr\/","logo":{"@type":"ImageObject","inLanguage":"fr-FR","@id":"https:\/\/roadeu.com\/sklep\/fr\/#\/schema\/logo\/image\/","url":"https:\/\/roadeu.com\/sklep\/wp-content\/uploads\/2025\/05\/logotype-lg-pl.png","contentUrl":"https:\/\/roadeu.com\/sklep\/wp-content\/uploads\/2025\/05\/logotype-lg-pl.png","width":300,"height":70,"caption":"Road"},"image":{"@id":"https:\/\/roadeu.com\/sklep\/fr\/#\/schema\/logo\/image\/"}}]}},"_links":{"self":[{"href":"https:\/\/roadeu.com\/sklep\/fr\/wp-json\/wp\/v2\/product\/8322","targetHints":{"allow":["GET"]}}],"collection":[{"href":"https:\/\/roadeu.com\/sklep\/fr\/wp-json\/wp\/v2\/product"}],"about":[{"href":"https:\/\/roadeu.com\/sklep\/fr\/wp-json\/wp\/v2\/types\/product"}],"wp:featuredmedia":[{"embeddable":true,"href":"https:\/\/roadeu.com\/sklep\/fr\/wp-json\/wp\/v2\/media\/7998"}],"wp:attachment":[{"href":"https:\/\/roadeu.com\/sklep\/fr\/wp-json\/wp\/v2\/media?parent=8322"}],"wp:term":[{"taxonomy":"product_brand","embeddable":true,"href":"https:\/\/roadeu.com\/sklep\/fr\/wp-json\/wp\/v2\/product_brand?post=8322"},{"taxonomy":"product_cat","embeddable":true,"href":"https:\/\/roadeu.com\/sklep\/fr\/wp-json\/wp\/v2\/product_cat?post=8322"},{"taxonomy":"product_tag","embeddable":true,"href":"https:\/\/roadeu.com\/sklep\/fr\/wp-json\/wp\/v2\/product_tag?post=8322"}],"curies":[{"name":"wp","href":"https:\/\/api.w.org\/{rel}","templated":true}]}}