{"id":8288,"date":"2025-06-28T08:54:04","date_gmt":"2025-06-28T06:54:04","guid":{"rendered":"https:\/\/roadeu.com\/sklep\/produkt\/tableau-de-distribution-230v-avec-fusibles-quatre-prises-230v-16a-ip54\/"},"modified":"2026-01-05T14:30:18","modified_gmt":"2026-01-05T13:30:18","slug":"tableau-de-distribution-230v-avec-fusibles-quatre-prises-230v-16a-ip54","status":"publish","type":"product","link":"https:\/\/roadeu.com\/sklep\/fr\/produkt\/tableau-de-distribution-230v-avec-fusibles-quatre-prises-230v-16a-ip54\/","title":{"rendered":"Tableau de distribution 230V avec fusibles. Quatre prises 230V 16A. IP54"},"content":{"rendered":"<p><b>Coffret \u00e9lectrique de b\u00e2timent 1F 230V<\/b> pr\u00eat \u00e0 \u00eatre raccord\u00e9.<\/p>\n<p>L&rsquo;appareillage de commutation peut \u00eatre install\u00e9 par toute personne ayant des connaissances de base en \u00e9lectricit\u00e9. Si vous ne disposez pas de ces connaissances, contactez un professionnel.<\/p>\n<p>Retirez ou coupez toujours le fusible principal et v\u00e9rifiez la pr\u00e9sence de tension avant de proc\u00e9der au branchement.<\/p>\n<p>\u00c9quip\u00e9 d&rsquo;une protection contre <b>les surintensit\u00e9s de classe C<\/b> et d&rsquo;une protection contre <b>les courants r\u00e9siduels de classe A\/AC <\/b>, r\u00e9pondant aux normes et exigences des normes \u00e9lectriques PN-EN<\/p>\n<p>Les dispositifs de s\u00e9curit\u00e9 sont certifi\u00e9s par le fabricant : <b>T\u00dcV<\/b><\/p>\n<p>&nbsp;<\/p>\n<p><b>Le kit comprend<\/b><\/p>\n<p>Bo\u00eetier pour montage en saillie 6M &#8211; 1pc.<\/p>\n<p>Protection contre le courant r\u00e9siduel<b> 40A 30mA<\/b><b> 1F <\/b>&#8211;<b> 1pc. <\/b><\/p>\n<p>Protection contre les surintensit\u00e9s <b>C16A 1F<\/b> &#8211; 4 pcs.<\/p>\n<p>Bus de commutation 1F &#8211; 1pc.<\/p>\n<p>Ponts N et PE<\/p>\n<p>&nbsp;<\/p>\n<p>Disjoncteur \u00e0 courant r\u00e9siduel :<\/p>\n<ul>\n<li>Courant : <b>40A<\/b> <b>230V<\/b><\/li>\n<li>Nombre de p\u00f4les : <b>2<\/b><\/li>\n<li>Courant inverse nominal : <b>0,03A<\/b><\/li>\n<li>Caract\u00e9ristiques de d\u00e9clenchement : <b>A\/AC<\/b><\/li>\n<\/ul>\n<p>Disjoncteurs de surintensit\u00e9 :<\/p>\n<ul>\n<li>Courant : <b>16A<\/b><\/li>\n<li>Nombre de p\u00f4les : <b>1<\/b><\/li>\n<li>Caract\u00e9ristiques de d\u00e9clenchement : <b>C<\/b><\/li>\n<\/ul>\n<p>Dimensions du s\u00e9parateur : W. x H x D 16,5x22x11 cm.<\/p>\n<p>&nbsp;<\/p>\n","protected":false},"excerpt":{"rendered":"<p>Tableau de distribution 230V \u00e9quip\u00e9 de 4 prises 230V 16A, 4 disjoncteurs C 16A 1P, disjoncteur diff\u00e9rentiel 40A 2P type A\/AC<\/p>\n","protected":false},"featured_media":6858,"template":"","meta":[],"product_brand":[378],"product_cat":[371],"product_tag":[],"class_list":{"0":"post-8288","1":"product","2":"type-product","3":"status-publish","4":"has-post-thumbnail","6":"product_brand-roadeu-fr","7":"product_cat-tableaux-de-distribution-jeux-de-douilles","9":"first","10":"instock","11":"taxable","12":"shipping-taxable","13":"purchasable","14":"product-type-simple"},"yoast_head":"<!-- This site is optimized with the Yoast SEO plugin v27.3 - https:\/\/yoast.com\/product\/yoast-seo-wordpress\/ -->\n<title>Tableau de distribution 230V avec fusibles. Quatre prises 230V 16A. IP54 - Road<\/title>\n<meta name=\"robots\" content=\"index, follow, max-snippet:-1, max-image-preview:large, max-video-preview:-1\" \/>\n<link rel=\"canonical\" href=\"https:\/\/roadeu.com\/sklep\/fr\/produkt\/tableau-de-distribution-230v-avec-fusibles-quatre-prises-230v-16a-ip54\/\" \/>\n<meta property=\"og:locale\" content=\"fr_FR\" \/>\n<meta property=\"og:type\" content=\"article\" \/>\n<meta property=\"og:title\" content=\"Tableau de distribution 230V avec fusibles. Quatre prises 230V 16A. IP54 - Road\" \/>\n<meta property=\"og:description\" content=\"Tableau de distribution 230V \u00e9quip\u00e9 de 4 prises 230V 16A, 4 disjoncteurs C 16A 1P, disjoncteur diff\u00e9rentiel 40A 2P type A\/AC\" \/>\n<meta property=\"og:url\" content=\"https:\/\/roadeu.com\/sklep\/fr\/produkt\/tableau-de-distribution-230v-avec-fusibles-quatre-prises-230v-16a-ip54\/\" \/>\n<meta property=\"og:site_name\" content=\"Road\" \/>\n<meta property=\"article:modified_time\" content=\"2026-01-05T13:30:18+00:00\" \/>\n<meta property=\"og:image\" content=\"https:\/\/roadeu.com\/sklep\/wp-content\/uploads\/2025\/06\/b09ls925dm.main_.jpg\" \/>\n\t<meta property=\"og:image:width\" content=\"705\" \/>\n\t<meta property=\"og:image:height\" content=\"802\" \/>\n\t<meta property=\"og:image:type\" content=\"image\/jpeg\" \/>\n<meta name=\"twitter:card\" content=\"summary_large_image\" \/>\n<meta name=\"twitter:label1\" content=\"Dur\u00e9e de lecture estim\u00e9e\" \/>\n\t<meta name=\"twitter:data1\" content=\"1 minute\" \/>\n<script type=\"application\/ld+json\" class=\"yoast-schema-graph\">{\"@context\":\"https:\\\/\\\/schema.org\",\"@graph\":[{\"@type\":\"WebPage\",\"@id\":\"https:\\\/\\\/roadeu.com\\\/sklep\\\/fr\\\/produkt\\\/tableau-de-distribution-230v-avec-fusibles-quatre-prises-230v-16a-ip54\\\/\",\"url\":\"https:\\\/\\\/roadeu.com\\\/sklep\\\/fr\\\/produkt\\\/tableau-de-distribution-230v-avec-fusibles-quatre-prises-230v-16a-ip54\\\/\",\"name\":\"Tableau de distribution 230V avec fusibles. Quatre prises 230V 16A. IP54 - Road\",\"isPartOf\":{\"@id\":\"https:\\\/\\\/roadeu.com\\\/sklep\\\/fr\\\/#website\"},\"primaryImageOfPage\":{\"@id\":\"https:\\\/\\\/roadeu.com\\\/sklep\\\/fr\\\/produkt\\\/tableau-de-distribution-230v-avec-fusibles-quatre-prises-230v-16a-ip54\\\/#primaryimage\"},\"image\":{\"@id\":\"https:\\\/\\\/roadeu.com\\\/sklep\\\/fr\\\/produkt\\\/tableau-de-distribution-230v-avec-fusibles-quatre-prises-230v-16a-ip54\\\/#primaryimage\"},\"thumbnailUrl\":\"https:\\\/\\\/roadeu.com\\\/sklep\\\/wp-content\\\/uploads\\\/2025\\\/06\\\/b09ls925dm.main_.jpg\",\"datePublished\":\"2025-06-28T06:54:04+00:00\",\"dateModified\":\"2026-01-05T13:30:18+00:00\",\"breadcrumb\":{\"@id\":\"https:\\\/\\\/roadeu.com\\\/sklep\\\/fr\\\/produkt\\\/tableau-de-distribution-230v-avec-fusibles-quatre-prises-230v-16a-ip54\\\/#breadcrumb\"},\"inLanguage\":\"fr-FR\",\"potentialAction\":[{\"@type\":\"ReadAction\",\"target\":[\"https:\\\/\\\/roadeu.com\\\/sklep\\\/fr\\\/produkt\\\/tableau-de-distribution-230v-avec-fusibles-quatre-prises-230v-16a-ip54\\\/\"]}]},{\"@type\":\"ImageObject\",\"inLanguage\":\"fr-FR\",\"@id\":\"https:\\\/\\\/roadeu.com\\\/sklep\\\/fr\\\/produkt\\\/tableau-de-distribution-230v-avec-fusibles-quatre-prises-230v-16a-ip54\\\/#primaryimage\",\"url\":\"https:\\\/\\\/roadeu.com\\\/sklep\\\/wp-content\\\/uploads\\\/2025\\\/06\\\/b09ls925dm.main_.jpg\",\"contentUrl\":\"https:\\\/\\\/roadeu.com\\\/sklep\\\/wp-content\\\/uploads\\\/2025\\\/06\\\/b09ls925dm.main_.jpg\",\"width\":705,\"height\":802},{\"@type\":\"BreadcrumbList\",\"@id\":\"https:\\\/\\\/roadeu.com\\\/sklep\\\/fr\\\/produkt\\\/tableau-de-distribution-230v-avec-fusibles-quatre-prises-230v-16a-ip54\\\/#breadcrumb\",\"itemListElement\":[{\"@type\":\"ListItem\",\"position\":1,\"name\":\"Strona g\u0142\u00f3wna\",\"item\":\"https:\\\/\\\/roadeu.com\\\/sklep\\\/fr\\\/boutique\\\/\"},{\"@type\":\"ListItem\",\"position\":2,\"name\":\"Boutique\",\"item\":\"https:\\\/\\\/roadeu.com\\\/sklep\\\/fr\\\/boutique\\\/\"},{\"@type\":\"ListItem\",\"position\":3,\"name\":\"Tableau de distribution 230V avec fusibles. Quatre prises 230V 16A. IP54\"}]},{\"@type\":\"WebSite\",\"@id\":\"https:\\\/\\\/roadeu.com\\\/sklep\\\/fr\\\/#website\",\"url\":\"https:\\\/\\\/roadeu.com\\\/sklep\\\/fr\\\/\",\"name\":\"Road\",\"description\":\"Hurtownia Elektryczna w Dzier\u017coniowie. Producent sprz\u0119tu elektrycznego.\",\"publisher\":{\"@id\":\"https:\\\/\\\/roadeu.com\\\/sklep\\\/fr\\\/#organization\"},\"potentialAction\":[{\"@type\":\"SearchAction\",\"target\":{\"@type\":\"EntryPoint\",\"urlTemplate\":\"https:\\\/\\\/roadeu.com\\\/sklep\\\/fr\\\/?s={search_term_string}\"},\"query-input\":{\"@type\":\"PropertyValueSpecification\",\"valueRequired\":true,\"valueName\":\"search_term_string\"}}],\"inLanguage\":\"fr-FR\"},{\"@type\":\"Organization\",\"@id\":\"https:\\\/\\\/roadeu.com\\\/sklep\\\/fr\\\/#organization\",\"name\":\"Road\",\"url\":\"https:\\\/\\\/roadeu.com\\\/sklep\\\/fr\\\/\",\"logo\":{\"@type\":\"ImageObject\",\"inLanguage\":\"fr-FR\",\"@id\":\"https:\\\/\\\/roadeu.com\\\/sklep\\\/fr\\\/#\\\/schema\\\/logo\\\/image\\\/\",\"url\":\"https:\\\/\\\/roadeu.com\\\/sklep\\\/wp-content\\\/uploads\\\/2025\\\/05\\\/logotype-lg-pl.png\",\"contentUrl\":\"https:\\\/\\\/roadeu.com\\\/sklep\\\/wp-content\\\/uploads\\\/2025\\\/05\\\/logotype-lg-pl.png\",\"width\":300,\"height\":70,\"caption\":\"Road\"},\"image\":{\"@id\":\"https:\\\/\\\/roadeu.com\\\/sklep\\\/fr\\\/#\\\/schema\\\/logo\\\/image\\\/\"}}]}<\/script>\n<!-- \/ Yoast SEO plugin. -->","yoast_head_json":{"title":"Tableau de distribution 230V avec fusibles. Quatre prises 230V 16A. IP54 - Road","robots":{"index":"index","follow":"follow","max-snippet":"max-snippet:-1","max-image-preview":"max-image-preview:large","max-video-preview":"max-video-preview:-1"},"canonical":"https:\/\/roadeu.com\/sklep\/fr\/produkt\/tableau-de-distribution-230v-avec-fusibles-quatre-prises-230v-16a-ip54\/","og_locale":"fr_FR","og_type":"article","og_title":"Tableau de distribution 230V avec fusibles. Quatre prises 230V 16A. IP54 - Road","og_description":"Tableau de distribution 230V \u00e9quip\u00e9 de 4 prises 230V 16A, 4 disjoncteurs C 16A 1P, disjoncteur diff\u00e9rentiel 40A 2P type A\/AC","og_url":"https:\/\/roadeu.com\/sklep\/fr\/produkt\/tableau-de-distribution-230v-avec-fusibles-quatre-prises-230v-16a-ip54\/","og_site_name":"Road","article_modified_time":"2026-01-05T13:30:18+00:00","og_image":[{"width":705,"height":802,"url":"https:\/\/roadeu.com\/sklep\/wp-content\/uploads\/2025\/06\/b09ls925dm.main_.jpg","type":"image\/jpeg"}],"twitter_card":"summary_large_image","twitter_misc":{"Dur\u00e9e de lecture estim\u00e9e":"1 minute"},"schema":{"@context":"https:\/\/schema.org","@graph":[{"@type":"WebPage","@id":"https:\/\/roadeu.com\/sklep\/fr\/produkt\/tableau-de-distribution-230v-avec-fusibles-quatre-prises-230v-16a-ip54\/","url":"https:\/\/roadeu.com\/sklep\/fr\/produkt\/tableau-de-distribution-230v-avec-fusibles-quatre-prises-230v-16a-ip54\/","name":"Tableau de distribution 230V avec fusibles. Quatre prises 230V 16A. IP54 - Road","isPartOf":{"@id":"https:\/\/roadeu.com\/sklep\/fr\/#website"},"primaryImageOfPage":{"@id":"https:\/\/roadeu.com\/sklep\/fr\/produkt\/tableau-de-distribution-230v-avec-fusibles-quatre-prises-230v-16a-ip54\/#primaryimage"},"image":{"@id":"https:\/\/roadeu.com\/sklep\/fr\/produkt\/tableau-de-distribution-230v-avec-fusibles-quatre-prises-230v-16a-ip54\/#primaryimage"},"thumbnailUrl":"https:\/\/roadeu.com\/sklep\/wp-content\/uploads\/2025\/06\/b09ls925dm.main_.jpg","datePublished":"2025-06-28T06:54:04+00:00","dateModified":"2026-01-05T13:30:18+00:00","breadcrumb":{"@id":"https:\/\/roadeu.com\/sklep\/fr\/produkt\/tableau-de-distribution-230v-avec-fusibles-quatre-prises-230v-16a-ip54\/#breadcrumb"},"inLanguage":"fr-FR","potentialAction":[{"@type":"ReadAction","target":["https:\/\/roadeu.com\/sklep\/fr\/produkt\/tableau-de-distribution-230v-avec-fusibles-quatre-prises-230v-16a-ip54\/"]}]},{"@type":"ImageObject","inLanguage":"fr-FR","@id":"https:\/\/roadeu.com\/sklep\/fr\/produkt\/tableau-de-distribution-230v-avec-fusibles-quatre-prises-230v-16a-ip54\/#primaryimage","url":"https:\/\/roadeu.com\/sklep\/wp-content\/uploads\/2025\/06\/b09ls925dm.main_.jpg","contentUrl":"https:\/\/roadeu.com\/sklep\/wp-content\/uploads\/2025\/06\/b09ls925dm.main_.jpg","width":705,"height":802},{"@type":"BreadcrumbList","@id":"https:\/\/roadeu.com\/sklep\/fr\/produkt\/tableau-de-distribution-230v-avec-fusibles-quatre-prises-230v-16a-ip54\/#breadcrumb","itemListElement":[{"@type":"ListItem","position":1,"name":"Strona g\u0142\u00f3wna","item":"https:\/\/roadeu.com\/sklep\/fr\/boutique\/"},{"@type":"ListItem","position":2,"name":"Boutique","item":"https:\/\/roadeu.com\/sklep\/fr\/boutique\/"},{"@type":"ListItem","position":3,"name":"Tableau de distribution 230V avec fusibles. Quatre prises 230V 16A. IP54"}]},{"@type":"WebSite","@id":"https:\/\/roadeu.com\/sklep\/fr\/#website","url":"https:\/\/roadeu.com\/sklep\/fr\/","name":"Road","description":"Hurtownia Elektryczna w Dzier\u017coniowie. Producent sprz\u0119tu elektrycznego.","publisher":{"@id":"https:\/\/roadeu.com\/sklep\/fr\/#organization"},"potentialAction":[{"@type":"SearchAction","target":{"@type":"EntryPoint","urlTemplate":"https:\/\/roadeu.com\/sklep\/fr\/?s={search_term_string}"},"query-input":{"@type":"PropertyValueSpecification","valueRequired":true,"valueName":"search_term_string"}}],"inLanguage":"fr-FR"},{"@type":"Organization","@id":"https:\/\/roadeu.com\/sklep\/fr\/#organization","name":"Road","url":"https:\/\/roadeu.com\/sklep\/fr\/","logo":{"@type":"ImageObject","inLanguage":"fr-FR","@id":"https:\/\/roadeu.com\/sklep\/fr\/#\/schema\/logo\/image\/","url":"https:\/\/roadeu.com\/sklep\/wp-content\/uploads\/2025\/05\/logotype-lg-pl.png","contentUrl":"https:\/\/roadeu.com\/sklep\/wp-content\/uploads\/2025\/05\/logotype-lg-pl.png","width":300,"height":70,"caption":"Road"},"image":{"@id":"https:\/\/roadeu.com\/sklep\/fr\/#\/schema\/logo\/image\/"}}]}},"_links":{"self":[{"href":"https:\/\/roadeu.com\/sklep\/fr\/wp-json\/wp\/v2\/product\/8288","targetHints":{"allow":["GET"]}}],"collection":[{"href":"https:\/\/roadeu.com\/sklep\/fr\/wp-json\/wp\/v2\/product"}],"about":[{"href":"https:\/\/roadeu.com\/sklep\/fr\/wp-json\/wp\/v2\/types\/product"}],"wp:featuredmedia":[{"embeddable":true,"href":"https:\/\/roadeu.com\/sklep\/fr\/wp-json\/wp\/v2\/media\/6858"}],"wp:attachment":[{"href":"https:\/\/roadeu.com\/sklep\/fr\/wp-json\/wp\/v2\/media?parent=8288"}],"wp:term":[{"taxonomy":"product_brand","embeddable":true,"href":"https:\/\/roadeu.com\/sklep\/fr\/wp-json\/wp\/v2\/product_brand?post=8288"},{"taxonomy":"product_cat","embeddable":true,"href":"https:\/\/roadeu.com\/sklep\/fr\/wp-json\/wp\/v2\/product_cat?post=8288"},{"taxonomy":"product_tag","embeddable":true,"href":"https:\/\/roadeu.com\/sklep\/fr\/wp-json\/wp\/v2\/product_tag?post=8288"}],"curies":[{"name":"wp","href":"https:\/\/api.w.org\/{rel}","templated":true}]}}