{"id":10209,"date":"2025-09-12T13:53:01","date_gmt":"2025-09-12T11:53:01","guid":{"rendered":"https:\/\/roadeu.com\/sklep\/?post_type=product&#038;p=10209"},"modified":"2026-04-03T09:48:19","modified_gmt":"2026-04-03T07:48:19","slug":"coffret-combine-adaptateur-prise-combinee-fiche-16a-prise16a-3pne-et-prises-2pe-rallonge-05m","status":"publish","type":"product","link":"https:\/\/roadeu.com\/sklep\/fr\/produkt\/coffret-combine-adaptateur-prise-combinee-fiche-16a-prise16a-3pne-et-prises-2pe-rallonge-05m\/","title":{"rendered":"Coffret Combin\u00e9 &#8211; Adaptateur Prise Combin\u00e9e Fiche 16A, Prise16A 3P+N+E et Prises 2P+E. Rallonge 0,5m"},"content":{"rendered":"<p><span style=\"font-size: 14pt;\"><strong>\u00c0 propos de cet article<\/strong><\/span><\/p>\n<ul>\n<li>R\u00e9partiteur \u00e9lectrique s\u00fbr et fiable : avec prise CEE 5 broches 16 A et prise CEE, avec deux prises suppl\u00e9mentaires.<\/li>\n<li>C\u00e2ble 16 A 5 x 2,5 mm : r\u00e9sistant si n\u00e9cessaire. Abrasion, chocs, ecchymoses, graisses et huiles min\u00e9rales. Longueur : 0,5 m.<\/li>\n<li>Chaque prise 230 V est connect\u00e9e \u00e0 une phase s\u00e9par\u00e9e. IP44 Classe de protection : r\u00e9partiteur compact : protection contre les corps \u00e9trangers et les projections d\u2019eau, convient pour une utilisation en int\u00e9rieur et en ext\u00e9rieur.<\/li>\n<li>Construction robuste : id\u00e9al pour les chantiers de construction, les ateliers et l\u2019utilisation professionnelle. R\u00e9partiteur connect\u00e9 pr\u00eat \u00e0 l\u2019emploi<\/li>\n<li>Garantie de qualit\u00e9 \u2013 Nous sommes convaincus de la qualit\u00e9 de ce produit et esp\u00e9rons que vous serez satisfait. Sinon, ne vous inqui\u00e9tez pas! Il suffit de le retourner et vous recevrez un remboursement complet du prix d\u2019achat.<\/li>\n<\/ul>\n","protected":false},"excerpt":{"rendered":"<p><strong>Coffret Combin\u00e9<\/strong><\/p>\n","protected":false},"featured_media":10210,"template":"","meta":[],"product_brand":[378],"product_cat":[368],"product_tag":[],"class_list":{"0":"post-10209","1":"product","2":"type-product","3":"status-publish","4":"has-post-thumbnail","6":"product_brand-roadeu-fr","7":"product_cat-adaptateurs-et-cables-dextension","9":"first","10":"instock","11":"taxable","12":"shipping-taxable","13":"purchasable","14":"product-type-simple"},"yoast_head":"<!-- This site is optimized with the Yoast SEO plugin v27.5 - https:\/\/yoast.com\/product\/yoast-seo-wordpress\/ -->\n<title>Coffret Combin\u00e9 - Adaptateur Prise Combin\u00e9e Fiche 16A, Prise16A 3P+N+E et Prises 2P+E. Rallonge 0,5m - Road<\/title>\n<meta name=\"robots\" content=\"index, follow, max-snippet:-1, max-image-preview:large, max-video-preview:-1\" \/>\n<link rel=\"canonical\" href=\"https:\/\/roadeu.com\/sklep\/fr\/produkt\/coffret-combine-adaptateur-prise-combinee-fiche-16a-prise16a-3pne-et-prises-2pe-rallonge-05m\/\" \/>\n<meta property=\"og:locale\" content=\"fr_FR\" \/>\n<meta property=\"og:type\" content=\"article\" \/>\n<meta property=\"og:title\" content=\"Coffret Combin\u00e9 - Adaptateur Prise Combin\u00e9e Fiche 16A, Prise16A 3P+N+E et Prises 2P+E. Rallonge 0,5m - Road\" \/>\n<meta property=\"og:description\" content=\"Coffret Combin\u00e9\" \/>\n<meta property=\"og:url\" content=\"https:\/\/roadeu.com\/sklep\/fr\/produkt\/coffret-combine-adaptateur-prise-combinee-fiche-16a-prise16a-3pne-et-prises-2pe-rallonge-05m\/\" \/>\n<meta property=\"og:site_name\" content=\"Road\" \/>\n<meta property=\"article:modified_time\" content=\"2026-04-03T07:48:19+00:00\" \/>\n<meta property=\"og:image\" content=\"https:\/\/roadeu.com\/sklep\/wp-content\/uploads\/2025\/09\/1-51.jpg\" \/>\n\t<meta property=\"og:image:width\" content=\"1500\" \/>\n\t<meta property=\"og:image:height\" content=\"1500\" \/>\n\t<meta property=\"og:image:type\" content=\"image\/jpeg\" \/>\n<meta name=\"twitter:card\" content=\"summary_large_image\" \/>\n<meta name=\"twitter:label1\" content=\"Dur\u00e9e de lecture estim\u00e9e\" \/>\n\t<meta name=\"twitter:data1\" content=\"2 minutes\" \/>\n<script type=\"application\/ld+json\" class=\"yoast-schema-graph\">{\"@context\":\"https:\\\/\\\/schema.org\",\"@graph\":[{\"@type\":\"WebPage\",\"@id\":\"https:\\\/\\\/roadeu.com\\\/sklep\\\/fr\\\/produkt\\\/coffret-combine-adaptateur-prise-combinee-fiche-16a-prise16a-3pne-et-prises-2pe-rallonge-05m\\\/\",\"url\":\"https:\\\/\\\/roadeu.com\\\/sklep\\\/fr\\\/produkt\\\/coffret-combine-adaptateur-prise-combinee-fiche-16a-prise16a-3pne-et-prises-2pe-rallonge-05m\\\/\",\"name\":\"Coffret Combin\u00e9 - Adaptateur Prise Combin\u00e9e Fiche 16A, Prise16A 3P+N+E et Prises 2P+E. Rallonge 0,5m - Road\",\"isPartOf\":{\"@id\":\"https:\\\/\\\/roadeu.com\\\/sklep\\\/fr\\\/#website\"},\"primaryImageOfPage\":{\"@id\":\"https:\\\/\\\/roadeu.com\\\/sklep\\\/fr\\\/produkt\\\/coffret-combine-adaptateur-prise-combinee-fiche-16a-prise16a-3pne-et-prises-2pe-rallonge-05m\\\/#primaryimage\"},\"image\":{\"@id\":\"https:\\\/\\\/roadeu.com\\\/sklep\\\/fr\\\/produkt\\\/coffret-combine-adaptateur-prise-combinee-fiche-16a-prise16a-3pne-et-prises-2pe-rallonge-05m\\\/#primaryimage\"},\"thumbnailUrl\":\"https:\\\/\\\/roadeu.com\\\/sklep\\\/wp-content\\\/uploads\\\/2025\\\/09\\\/1-51.jpg\",\"datePublished\":\"2025-09-12T11:53:01+00:00\",\"dateModified\":\"2026-04-03T07:48:19+00:00\",\"breadcrumb\":{\"@id\":\"https:\\\/\\\/roadeu.com\\\/sklep\\\/fr\\\/produkt\\\/coffret-combine-adaptateur-prise-combinee-fiche-16a-prise16a-3pne-et-prises-2pe-rallonge-05m\\\/#breadcrumb\"},\"inLanguage\":\"fr-FR\",\"potentialAction\":[{\"@type\":\"ReadAction\",\"target\":[\"https:\\\/\\\/roadeu.com\\\/sklep\\\/fr\\\/produkt\\\/coffret-combine-adaptateur-prise-combinee-fiche-16a-prise16a-3pne-et-prises-2pe-rallonge-05m\\\/\"]}]},{\"@type\":\"ImageObject\",\"inLanguage\":\"fr-FR\",\"@id\":\"https:\\\/\\\/roadeu.com\\\/sklep\\\/fr\\\/produkt\\\/coffret-combine-adaptateur-prise-combinee-fiche-16a-prise16a-3pne-et-prises-2pe-rallonge-05m\\\/#primaryimage\",\"url\":\"https:\\\/\\\/roadeu.com\\\/sklep\\\/wp-content\\\/uploads\\\/2025\\\/09\\\/1-51.jpg\",\"contentUrl\":\"https:\\\/\\\/roadeu.com\\\/sklep\\\/wp-content\\\/uploads\\\/2025\\\/09\\\/1-51.jpg\",\"width\":1500,\"height\":1500},{\"@type\":\"BreadcrumbList\",\"@id\":\"https:\\\/\\\/roadeu.com\\\/sklep\\\/fr\\\/produkt\\\/coffret-combine-adaptateur-prise-combinee-fiche-16a-prise16a-3pne-et-prises-2pe-rallonge-05m\\\/#breadcrumb\",\"itemListElement\":[{\"@type\":\"ListItem\",\"position\":1,\"name\":\"Strona g\u0142\u00f3wna\",\"item\":\"https:\\\/\\\/roadeu.com\\\/sklep\\\/fr\\\/boutique\\\/\"},{\"@type\":\"ListItem\",\"position\":2,\"name\":\"Boutique\",\"item\":\"https:\\\/\\\/roadeu.com\\\/sklep\\\/fr\\\/boutique\\\/\"},{\"@type\":\"ListItem\",\"position\":3,\"name\":\"Coffret Combin\u00e9 &#8211; Adaptateur Prise Combin\u00e9e Fiche 16A, Prise16A 3P+N+E et Prises 2P+E. Rallonge 0,5m\"}]},{\"@type\":\"WebSite\",\"@id\":\"https:\\\/\\\/roadeu.com\\\/sklep\\\/fr\\\/#website\",\"url\":\"https:\\\/\\\/roadeu.com\\\/sklep\\\/fr\\\/\",\"name\":\"Road\",\"description\":\"Hurtownia Elektryczna w Dzier\u017coniowie. Producent sprz\u0119tu elektrycznego.\",\"publisher\":{\"@id\":\"https:\\\/\\\/roadeu.com\\\/sklep\\\/fr\\\/#organization\"},\"potentialAction\":[{\"@type\":\"SearchAction\",\"target\":{\"@type\":\"EntryPoint\",\"urlTemplate\":\"https:\\\/\\\/roadeu.com\\\/sklep\\\/fr\\\/?s={search_term_string}\"},\"query-input\":{\"@type\":\"PropertyValueSpecification\",\"valueRequired\":true,\"valueName\":\"search_term_string\"}}],\"inLanguage\":\"fr-FR\"},{\"@type\":\"Organization\",\"@id\":\"https:\\\/\\\/roadeu.com\\\/sklep\\\/fr\\\/#organization\",\"name\":\"Road\",\"url\":\"https:\\\/\\\/roadeu.com\\\/sklep\\\/fr\\\/\",\"logo\":{\"@type\":\"ImageObject\",\"inLanguage\":\"fr-FR\",\"@id\":\"https:\\\/\\\/roadeu.com\\\/sklep\\\/fr\\\/#\\\/schema\\\/logo\\\/image\\\/\",\"url\":\"https:\\\/\\\/roadeu.com\\\/sklep\\\/wp-content\\\/uploads\\\/2025\\\/05\\\/logotype-lg-pl.png\",\"contentUrl\":\"https:\\\/\\\/roadeu.com\\\/sklep\\\/wp-content\\\/uploads\\\/2025\\\/05\\\/logotype-lg-pl.png\",\"width\":300,\"height\":70,\"caption\":\"Road\"},\"image\":{\"@id\":\"https:\\\/\\\/roadeu.com\\\/sklep\\\/fr\\\/#\\\/schema\\\/logo\\\/image\\\/\"}}]}<\/script>\n<!-- \/ Yoast SEO plugin. -->","yoast_head_json":{"title":"Coffret Combin\u00e9 - Adaptateur Prise Combin\u00e9e Fiche 16A, Prise16A 3P+N+E et Prises 2P+E. Rallonge 0,5m - Road","robots":{"index":"index","follow":"follow","max-snippet":"max-snippet:-1","max-image-preview":"max-image-preview:large","max-video-preview":"max-video-preview:-1"},"canonical":"https:\/\/roadeu.com\/sklep\/fr\/produkt\/coffret-combine-adaptateur-prise-combinee-fiche-16a-prise16a-3pne-et-prises-2pe-rallonge-05m\/","og_locale":"fr_FR","og_type":"article","og_title":"Coffret Combin\u00e9 - Adaptateur Prise Combin\u00e9e Fiche 16A, Prise16A 3P+N+E et Prises 2P+E. Rallonge 0,5m - Road","og_description":"Coffret Combin\u00e9","og_url":"https:\/\/roadeu.com\/sklep\/fr\/produkt\/coffret-combine-adaptateur-prise-combinee-fiche-16a-prise16a-3pne-et-prises-2pe-rallonge-05m\/","og_site_name":"Road","article_modified_time":"2026-04-03T07:48:19+00:00","og_image":[{"width":1500,"height":1500,"url":"https:\/\/roadeu.com\/sklep\/wp-content\/uploads\/2025\/09\/1-51.jpg","type":"image\/jpeg"}],"twitter_card":"summary_large_image","twitter_misc":{"Dur\u00e9e de lecture estim\u00e9e":"2 minutes"},"schema":{"@context":"https:\/\/schema.org","@graph":[{"@type":"WebPage","@id":"https:\/\/roadeu.com\/sklep\/fr\/produkt\/coffret-combine-adaptateur-prise-combinee-fiche-16a-prise16a-3pne-et-prises-2pe-rallonge-05m\/","url":"https:\/\/roadeu.com\/sklep\/fr\/produkt\/coffret-combine-adaptateur-prise-combinee-fiche-16a-prise16a-3pne-et-prises-2pe-rallonge-05m\/","name":"Coffret Combin\u00e9 - Adaptateur Prise Combin\u00e9e Fiche 16A, Prise16A 3P+N+E et Prises 2P+E. Rallonge 0,5m - Road","isPartOf":{"@id":"https:\/\/roadeu.com\/sklep\/fr\/#website"},"primaryImageOfPage":{"@id":"https:\/\/roadeu.com\/sklep\/fr\/produkt\/coffret-combine-adaptateur-prise-combinee-fiche-16a-prise16a-3pne-et-prises-2pe-rallonge-05m\/#primaryimage"},"image":{"@id":"https:\/\/roadeu.com\/sklep\/fr\/produkt\/coffret-combine-adaptateur-prise-combinee-fiche-16a-prise16a-3pne-et-prises-2pe-rallonge-05m\/#primaryimage"},"thumbnailUrl":"https:\/\/roadeu.com\/sklep\/wp-content\/uploads\/2025\/09\/1-51.jpg","datePublished":"2025-09-12T11:53:01+00:00","dateModified":"2026-04-03T07:48:19+00:00","breadcrumb":{"@id":"https:\/\/roadeu.com\/sklep\/fr\/produkt\/coffret-combine-adaptateur-prise-combinee-fiche-16a-prise16a-3pne-et-prises-2pe-rallonge-05m\/#breadcrumb"},"inLanguage":"fr-FR","potentialAction":[{"@type":"ReadAction","target":["https:\/\/roadeu.com\/sklep\/fr\/produkt\/coffret-combine-adaptateur-prise-combinee-fiche-16a-prise16a-3pne-et-prises-2pe-rallonge-05m\/"]}]},{"@type":"ImageObject","inLanguage":"fr-FR","@id":"https:\/\/roadeu.com\/sklep\/fr\/produkt\/coffret-combine-adaptateur-prise-combinee-fiche-16a-prise16a-3pne-et-prises-2pe-rallonge-05m\/#primaryimage","url":"https:\/\/roadeu.com\/sklep\/wp-content\/uploads\/2025\/09\/1-51.jpg","contentUrl":"https:\/\/roadeu.com\/sklep\/wp-content\/uploads\/2025\/09\/1-51.jpg","width":1500,"height":1500},{"@type":"BreadcrumbList","@id":"https:\/\/roadeu.com\/sklep\/fr\/produkt\/coffret-combine-adaptateur-prise-combinee-fiche-16a-prise16a-3pne-et-prises-2pe-rallonge-05m\/#breadcrumb","itemListElement":[{"@type":"ListItem","position":1,"name":"Strona g\u0142\u00f3wna","item":"https:\/\/roadeu.com\/sklep\/fr\/boutique\/"},{"@type":"ListItem","position":2,"name":"Boutique","item":"https:\/\/roadeu.com\/sklep\/fr\/boutique\/"},{"@type":"ListItem","position":3,"name":"Coffret Combin\u00e9 &#8211; Adaptateur Prise Combin\u00e9e Fiche 16A, Prise16A 3P+N+E et Prises 2P+E. Rallonge 0,5m"}]},{"@type":"WebSite","@id":"https:\/\/roadeu.com\/sklep\/fr\/#website","url":"https:\/\/roadeu.com\/sklep\/fr\/","name":"Road","description":"Hurtownia Elektryczna w Dzier\u017coniowie. Producent sprz\u0119tu elektrycznego.","publisher":{"@id":"https:\/\/roadeu.com\/sklep\/fr\/#organization"},"potentialAction":[{"@type":"SearchAction","target":{"@type":"EntryPoint","urlTemplate":"https:\/\/roadeu.com\/sklep\/fr\/?s={search_term_string}"},"query-input":{"@type":"PropertyValueSpecification","valueRequired":true,"valueName":"search_term_string"}}],"inLanguage":"fr-FR"},{"@type":"Organization","@id":"https:\/\/roadeu.com\/sklep\/fr\/#organization","name":"Road","url":"https:\/\/roadeu.com\/sklep\/fr\/","logo":{"@type":"ImageObject","inLanguage":"fr-FR","@id":"https:\/\/roadeu.com\/sklep\/fr\/#\/schema\/logo\/image\/","url":"https:\/\/roadeu.com\/sklep\/wp-content\/uploads\/2025\/05\/logotype-lg-pl.png","contentUrl":"https:\/\/roadeu.com\/sklep\/wp-content\/uploads\/2025\/05\/logotype-lg-pl.png","width":300,"height":70,"caption":"Road"},"image":{"@id":"https:\/\/roadeu.com\/sklep\/fr\/#\/schema\/logo\/image\/"}}]}},"_links":{"self":[{"href":"https:\/\/roadeu.com\/sklep\/fr\/wp-json\/wp\/v2\/product\/10209","targetHints":{"allow":["GET"]}}],"collection":[{"href":"https:\/\/roadeu.com\/sklep\/fr\/wp-json\/wp\/v2\/product"}],"about":[{"href":"https:\/\/roadeu.com\/sklep\/fr\/wp-json\/wp\/v2\/types\/product"}],"wp:featuredmedia":[{"embeddable":true,"href":"https:\/\/roadeu.com\/sklep\/fr\/wp-json\/wp\/v2\/media\/10210"}],"wp:attachment":[{"href":"https:\/\/roadeu.com\/sklep\/fr\/wp-json\/wp\/v2\/media?parent=10209"}],"wp:term":[{"taxonomy":"product_brand","embeddable":true,"href":"https:\/\/roadeu.com\/sklep\/fr\/wp-json\/wp\/v2\/product_brand?post=10209"},{"taxonomy":"product_cat","embeddable":true,"href":"https:\/\/roadeu.com\/sklep\/fr\/wp-json\/wp\/v2\/product_cat?post=10209"},{"taxonomy":"product_tag","embeddable":true,"href":"https:\/\/roadeu.com\/sklep\/fr\/wp-json\/wp\/v2\/product_tag?post=10209"}],"curies":[{"name":"wp","href":"https:\/\/api.w.org\/{rel}","templated":true}]}}