{"id":8282,"date":"2019-09-09T14:15:08","date_gmt":"2019-09-09T12:15:08","guid":{"rendered":"https:\/\/roadeu.com\/sklep\/reglementation\/"},"modified":"2025-07-29T15:34:49","modified_gmt":"2025-07-29T13:34:49","slug":"reglementation","status":"publish","type":"page","link":"https:\/\/roadeu.com\/sklep\/fr\/reglementation\/","title":{"rendered":"R\u00e9glementation"},"content":{"rendered":"<h3>1 Introduction<\/h3>\n<p>Les pr\u00e9sentes conditions g\u00e9n\u00e9rales d\u00e9finissent les r\u00e8gles d&rsquo;utilisation de la boutique en ligne disponible \u00e0 l&rsquo;adresse <a href=\"https:\/\/roadeu.com\/sklep\/fr\/\">https:\/\/roadeu.com\/sklep<\/a> et font partie int\u00e9grante du contrat de vente entre le client et Road Dudkiewicz Sp. J., dont le si\u00e8ge social est situ\u00e9 \u00e0 Dzier\u017coni\u00f3w, enregistr\u00e9 sous le num\u00e9ro NIP : PL8822125884.<\/p>\n<p>D\u00e9finitions Dans le r\u00e8glement, les termes suivants signifient :<\/p>\n<p><strong>Client<\/strong> &#8211; personne physique ou morale qui commande des produits dans le magasin ;<\/p>\n<p><strong>Produit<\/strong> &#8211; un objet mobilier destin\u00e9 \u00e0 la vente dans le cadre du magasin ;<\/p>\n<p><strong>Shop<\/strong> &#8211; Service Internet disponible sur <a href=\"https:\/\/roadeu.com\/sklep\/fr\/\">https:\/\/roadeu.com\/sklep,<\/a> permettant la conclusion de contrats de vente \u00e0 distance entre les clients et l&rsquo;entreprise ;<\/p>\n<p><strong>Contrat de vente<\/strong> &#8211; contrat conclu entre le client et la soci\u00e9t\u00e9 pour la vente d&rsquo;un produit ;<\/p>\n<h3>2 R\u00e8gles d&rsquo;utilisation de la boutique<\/h3>\n<ol>\n<li>Le client a le droit d&rsquo;effectuer des achats dans la boutique en fonction des prix actuels et de la disponibilit\u00e9 des produits ;<\/li>\n<li>Le client est tenu de fournir des informations v\u00e9ridiques, en particulier son nom, son pr\u00e9nom, son adresse \u00e9lectronique et son adresse de livraison ;<\/li>\n<li>Le client a le droit de r\u00e9silier le contrat de vente dans un d\u00e9lai de 14 jours sans indication de motif, conform\u00e9ment \u00e0 la loi sur les droits des consommateurs ;<\/li>\n<li>Le client peut utiliser <span style=\"text-decoration: underline;\"><a href=\"https:\/\/roadeu.com\/sklep\/wp-content\/themes\/wizjo\/documents\/odstapienie_od_umowy.doc\">un formulaire de r\u00e9tractation<\/a><\/span>qui figure \u00e0 l&rsquo;annexe 1 des pr\u00e9sentes conditions g\u00e9n\u00e9rales ;<\/li>\n<li>Les plaintes concernant les produits peuvent \u00eatre d\u00e9pos\u00e9es conform\u00e9ment aux dispositions de la loi sur les droits des consommateurs.<\/li>\n<\/ol>\n<h3>3 Exp\u00e9dition et livraison<\/h3>\n<p>La Soci\u00e9t\u00e9 s&rsquo;engage \u00e0 livrer le Produit \u00e0 l&rsquo;adresse indiqu\u00e9e par le Client dans le d\u00e9lai indiqu\u00e9 sur le site de la Boutique ;<\/p>\n<ul>\n<li>Les frais d&rsquo;exp\u00e9dition sont \u00e0 la charge du client, conform\u00e9ment aux tarifs en vigueur indiqu\u00e9s sur le site Internet du magasin ;<\/li>\n<li>La Soci\u00e9t\u00e9 s&rsquo;engage \u00e0 s\u00e9curiser le Produit de mani\u00e8re \u00e0 assurer son transport en toute s\u00e9curit\u00e9 ;<\/li>\n<li>Si le produit est endommag\u00e9 lors de la livraison, le client a le droit de refuser de l&rsquo;accepter et d&rsquo;introduire une r\u00e9clamation.<\/li>\n<\/ul>\n<h3>4 Paiements<\/h3>\n<ol>\n<li>Le client peut payer le produit en utilisant les m\u00e9thodes de paiement disponibles sur le site web de la boutique, y compris le virement bancaire et le paiement en ligne ;<\/li>\n<li>Si le paiement est effectu\u00e9 par virement bancaire, le client est tenu d&rsquo;effectuer le paiement dans le d\u00e9lai indiqu\u00e9 sur la facture ;<\/li>\n<li>Si le paiement ne peut \u00eatre effectu\u00e9, la soci\u00e9t\u00e9 se r\u00e9serve le droit d&rsquo;annuler la commande et donc de la rembourser.<\/li>\n<\/ol>\n<h3>5 Protection des donn\u00e9es personnelles<\/h3>\n<ol>\n<li>Le client consent au traitement de ses donn\u00e9es personnelles par la soci\u00e9t\u00e9 dans le but d&rsquo;ex\u00e9cuter le contrat de vente et d&rsquo;exp\u00e9dier le produit ;<\/li>\n<li>La soci\u00e9t\u00e9 s&rsquo;engage \u00e0 prot\u00e9ger les donn\u00e9es personnelles du client et \u00e0 se conformer \u00e0 toutes les lois applicables en mati\u00e8re de protection des donn\u00e9es, en particulier la loi sur la protection des donn\u00e9es ;<\/li>\n<li>Le client a le droit de consulter, de modifier et de supprimer ses donn\u00e9es personnelles.<\/li>\n<\/ol>\n<h3>6 Dispositions finales<\/h3>\n<ol>\n<li>Les conditions g\u00e9n\u00e9rales sont disponibles sur le site web du magasin et sont contraignantes pour le client ;<\/li>\n<li>Toute modification des conditions d&rsquo;utilisation entre en vigueur d\u00e8s qu&rsquo;elle est publi\u00e9e sur le site Internet du magasin ;<\/li>\n<li>Pour les questions non couvertes par les pr\u00e9sentes conditions g\u00e9n\u00e9rales, les dispositions du code civil et de la loi sur les droits des consommateurs s&rsquo;appliquent ;<\/li>\n<li>Si une disposition des pr\u00e9sentes conditions g\u00e9n\u00e9rales est incompatible avec le droit applicable, elle sera consid\u00e9r\u00e9e comme inapplicable et remplac\u00e9e par une disposition dont le sens est le plus proche possible de celui du droit applicable. Toutes les autres dispositions des conditions g\u00e9n\u00e9rales resteront en vigueur ;<\/li>\n<li>Tous les litiges d\u00e9coulant de l&rsquo;ex\u00e9cution du contrat de vente entre la soci\u00e9t\u00e9 et le client seront r\u00e9gl\u00e9s par les tribunaux ordinaires comp\u00e9tents en Pologne, ayant juridiction sur le si\u00e8ge social de la soci\u00e9t\u00e9.<\/li>\n<\/ol>\n<h3>7 R\u00e9clamations et retours<\/h3>\n<ol>\n<li>Le client a le droit d&rsquo;introduire une r\u00e9clamation concernant le produit dans les 14 jours suivant la r\u00e9ception du produit ;<\/li>\n<li>Les plaintes doivent \u00eatre soumises par \u00e9crit \u00e0 l&rsquo;adresse de la soci\u00e9t\u00e9 ou par courrier \u00e9lectronique \u00e0 l&rsquo;adresse suivante : kontakt@roadeu.com\/sklep\/roadeu.com\/sklep ;<\/li>\n<li>Si la plainte s&rsquo;av\u00e8re justifi\u00e9e, la soci\u00e9t\u00e9 s&rsquo;engage \u00e0 rem\u00e9dier imm\u00e9diatement au d\u00e9faut ou \u00e0 remplacer le produit par un nouveau ;<\/li>\n<li>Le client a le droit de r\u00e9silier le contrat de vente sans donner de raison dans les 14 jours suivant la r\u00e9ception du produit, conform\u00e9ment \u00e0 la loi sur les droits des consommateurs.<\/li>\n<\/ol>\n<p>Les pr\u00e9sentes conditions g\u00e9n\u00e9rales font partie int\u00e9grante du contrat de vente conclu entre la soci\u00e9t\u00e9 et le client. L&rsquo;acceptation des conditions g\u00e9n\u00e9rales par le client est une condition de la conclusion d&rsquo;un contrat de vente.<\/p>\n<p style=\"text-align: right;\">Je vous prie d&rsquo;agr\u00e9er, Madame, Monsieur, l&rsquo;expression de mes salutations distingu\u00e9es.<br \/>\nRoad<\/p>\n","protected":false},"excerpt":{"rendered":"<p>1 Introduction Les pr\u00e9sentes conditions g\u00e9n\u00e9rales d\u00e9finissent les r\u00e8gles d&rsquo;utilisation de la boutique en ligne disponible \u00e0 l&rsquo;adresse https:\/\/roadeu.com\/sklep et font partie int\u00e9grante du contrat de vente entre le client et Road Dudkiewicz Sp. J., dont le si\u00e8ge social est situ\u00e9 \u00e0 Dzier\u017coni\u00f3w, enregistr\u00e9 sous le num\u00e9ro NIP : PL8822125884. D\u00e9finitions Dans le r\u00e8glement, les&#8230;<\/p>\n","protected":false},"author":1,"featured_media":0,"parent":0,"menu_order":0,"comment_status":"closed","ping_status":"closed","template":"","meta":{"footnotes":""},"class_list":["post-8282","page","type-page","status-publish","hentry"],"yoast_head":"<!-- This site is optimized with the Yoast SEO plugin v27.3 - https:\/\/yoast.com\/product\/yoast-seo-wordpress\/ -->\n<title>R\u00e9glementation - Road<\/title>\n<meta name=\"robots\" content=\"index, follow, max-snippet:-1, max-image-preview:large, max-video-preview:-1\" \/>\n<link rel=\"canonical\" href=\"https:\/\/roadeu.com\/sklep\/fr\/reglementation\/\" \/>\n<meta property=\"og:locale\" content=\"fr_FR\" \/>\n<meta property=\"og:type\" content=\"article\" \/>\n<meta property=\"og:title\" content=\"R\u00e9glementation - Road\" \/>\n<meta property=\"og:description\" content=\"1 Introduction Les pr\u00e9sentes conditions g\u00e9n\u00e9rales d\u00e9finissent les r\u00e8gles d&rsquo;utilisation de la boutique en ligne disponible \u00e0 l&rsquo;adresse https:\/\/roadeu.com\/sklep et font partie int\u00e9grante du contrat de vente entre le client et Road Dudkiewicz Sp. J., dont le si\u00e8ge social est situ\u00e9 \u00e0 Dzier\u017coni\u00f3w, enregistr\u00e9 sous le num\u00e9ro NIP : PL8822125884. D\u00e9finitions Dans le r\u00e8glement, les...\" \/>\n<meta property=\"og:url\" content=\"https:\/\/roadeu.com\/sklep\/fr\/reglementation\/\" \/>\n<meta property=\"og:site_name\" content=\"Road\" \/>\n<meta property=\"article:modified_time\" content=\"2025-07-29T13:34:49+00:00\" \/>\n<meta name=\"twitter:card\" content=\"summary_large_image\" \/>\n<meta name=\"twitter:label1\" content=\"Dur\u00e9e de lecture estim\u00e9e\" \/>\n\t<meta name=\"twitter:data1\" content=\"5 minutes\" \/>\n<script type=\"application\/ld+json\" class=\"yoast-schema-graph\">{\"@context\":\"https:\\\/\\\/schema.org\",\"@graph\":[{\"@type\":\"WebPage\",\"@id\":\"https:\\\/\\\/roadeu.com\\\/sklep\\\/fr\\\/reglementation\\\/\",\"url\":\"https:\\\/\\\/roadeu.com\\\/sklep\\\/fr\\\/reglementation\\\/\",\"name\":\"R\u00e9glementation - Road\",\"isPartOf\":{\"@id\":\"https:\\\/\\\/roadeu.com\\\/sklep\\\/fr\\\/#website\"},\"datePublished\":\"2019-09-09T12:15:08+00:00\",\"dateModified\":\"2025-07-29T13:34:49+00:00\",\"breadcrumb\":{\"@id\":\"https:\\\/\\\/roadeu.com\\\/sklep\\\/fr\\\/reglementation\\\/#breadcrumb\"},\"inLanguage\":\"fr-FR\",\"potentialAction\":[{\"@type\":\"ReadAction\",\"target\":[\"https:\\\/\\\/roadeu.com\\\/sklep\\\/fr\\\/reglementation\\\/\"]}]},{\"@type\":\"BreadcrumbList\",\"@id\":\"https:\\\/\\\/roadeu.com\\\/sklep\\\/fr\\\/reglementation\\\/#breadcrumb\",\"itemListElement\":[{\"@type\":\"ListItem\",\"position\":1,\"name\":\"Strona g\u0142\u00f3wna\",\"item\":\"https:\\\/\\\/roadeu.com\\\/sklep\\\/fr\\\/boutique\\\/\"},{\"@type\":\"ListItem\",\"position\":2,\"name\":\"R\u00e9glementation\"}]},{\"@type\":\"WebSite\",\"@id\":\"https:\\\/\\\/roadeu.com\\\/sklep\\\/fr\\\/#website\",\"url\":\"https:\\\/\\\/roadeu.com\\\/sklep\\\/fr\\\/\",\"name\":\"Road\",\"description\":\"Hurtownia Elektryczna w Dzier\u017coniowie. Producent sprz\u0119tu elektrycznego.\",\"publisher\":{\"@id\":\"https:\\\/\\\/roadeu.com\\\/sklep\\\/fr\\\/#organization\"},\"potentialAction\":[{\"@type\":\"SearchAction\",\"target\":{\"@type\":\"EntryPoint\",\"urlTemplate\":\"https:\\\/\\\/roadeu.com\\\/sklep\\\/fr\\\/?s={search_term_string}\"},\"query-input\":{\"@type\":\"PropertyValueSpecification\",\"valueRequired\":true,\"valueName\":\"search_term_string\"}}],\"inLanguage\":\"fr-FR\"},{\"@type\":\"Organization\",\"@id\":\"https:\\\/\\\/roadeu.com\\\/sklep\\\/fr\\\/#organization\",\"name\":\"Road\",\"url\":\"https:\\\/\\\/roadeu.com\\\/sklep\\\/fr\\\/\",\"logo\":{\"@type\":\"ImageObject\",\"inLanguage\":\"fr-FR\",\"@id\":\"https:\\\/\\\/roadeu.com\\\/sklep\\\/fr\\\/#\\\/schema\\\/logo\\\/image\\\/\",\"url\":\"https:\\\/\\\/roadeu.com\\\/sklep\\\/wp-content\\\/uploads\\\/2025\\\/05\\\/logotype-lg-pl.png\",\"contentUrl\":\"https:\\\/\\\/roadeu.com\\\/sklep\\\/wp-content\\\/uploads\\\/2025\\\/05\\\/logotype-lg-pl.png\",\"width\":300,\"height\":70,\"caption\":\"Road\"},\"image\":{\"@id\":\"https:\\\/\\\/roadeu.com\\\/sklep\\\/fr\\\/#\\\/schema\\\/logo\\\/image\\\/\"}}]}<\/script>\n<!-- \/ Yoast SEO plugin. -->","yoast_head_json":{"title":"R\u00e9glementation - Road","robots":{"index":"index","follow":"follow","max-snippet":"max-snippet:-1","max-image-preview":"max-image-preview:large","max-video-preview":"max-video-preview:-1"},"canonical":"https:\/\/roadeu.com\/sklep\/fr\/reglementation\/","og_locale":"fr_FR","og_type":"article","og_title":"R\u00e9glementation - Road","og_description":"1 Introduction Les pr\u00e9sentes conditions g\u00e9n\u00e9rales d\u00e9finissent les r\u00e8gles d&rsquo;utilisation de la boutique en ligne disponible \u00e0 l&rsquo;adresse https:\/\/roadeu.com\/sklep et font partie int\u00e9grante du contrat de vente entre le client et Road Dudkiewicz Sp. J., dont le si\u00e8ge social est situ\u00e9 \u00e0 Dzier\u017coni\u00f3w, enregistr\u00e9 sous le num\u00e9ro NIP : PL8822125884. D\u00e9finitions Dans le r\u00e8glement, les...","og_url":"https:\/\/roadeu.com\/sklep\/fr\/reglementation\/","og_site_name":"Road","article_modified_time":"2025-07-29T13:34:49+00:00","twitter_card":"summary_large_image","twitter_misc":{"Dur\u00e9e de lecture estim\u00e9e":"5 minutes"},"schema":{"@context":"https:\/\/schema.org","@graph":[{"@type":"WebPage","@id":"https:\/\/roadeu.com\/sklep\/fr\/reglementation\/","url":"https:\/\/roadeu.com\/sklep\/fr\/reglementation\/","name":"R\u00e9glementation - Road","isPartOf":{"@id":"https:\/\/roadeu.com\/sklep\/fr\/#website"},"datePublished":"2019-09-09T12:15:08+00:00","dateModified":"2025-07-29T13:34:49+00:00","breadcrumb":{"@id":"https:\/\/roadeu.com\/sklep\/fr\/reglementation\/#breadcrumb"},"inLanguage":"fr-FR","potentialAction":[{"@type":"ReadAction","target":["https:\/\/roadeu.com\/sklep\/fr\/reglementation\/"]}]},{"@type":"BreadcrumbList","@id":"https:\/\/roadeu.com\/sklep\/fr\/reglementation\/#breadcrumb","itemListElement":[{"@type":"ListItem","position":1,"name":"Strona g\u0142\u00f3wna","item":"https:\/\/roadeu.com\/sklep\/fr\/boutique\/"},{"@type":"ListItem","position":2,"name":"R\u00e9glementation"}]},{"@type":"WebSite","@id":"https:\/\/roadeu.com\/sklep\/fr\/#website","url":"https:\/\/roadeu.com\/sklep\/fr\/","name":"Road","description":"Hurtownia Elektryczna w Dzier\u017coniowie. Producent sprz\u0119tu elektrycznego.","publisher":{"@id":"https:\/\/roadeu.com\/sklep\/fr\/#organization"},"potentialAction":[{"@type":"SearchAction","target":{"@type":"EntryPoint","urlTemplate":"https:\/\/roadeu.com\/sklep\/fr\/?s={search_term_string}"},"query-input":{"@type":"PropertyValueSpecification","valueRequired":true,"valueName":"search_term_string"}}],"inLanguage":"fr-FR"},{"@type":"Organization","@id":"https:\/\/roadeu.com\/sklep\/fr\/#organization","name":"Road","url":"https:\/\/roadeu.com\/sklep\/fr\/","logo":{"@type":"ImageObject","inLanguage":"fr-FR","@id":"https:\/\/roadeu.com\/sklep\/fr\/#\/schema\/logo\/image\/","url":"https:\/\/roadeu.com\/sklep\/wp-content\/uploads\/2025\/05\/logotype-lg-pl.png","contentUrl":"https:\/\/roadeu.com\/sklep\/wp-content\/uploads\/2025\/05\/logotype-lg-pl.png","width":300,"height":70,"caption":"Road"},"image":{"@id":"https:\/\/roadeu.com\/sklep\/fr\/#\/schema\/logo\/image\/"}}]}},"_links":{"self":[{"href":"https:\/\/roadeu.com\/sklep\/fr\/wp-json\/wp\/v2\/pages\/8282","targetHints":{"allow":["GET"]}}],"collection":[{"href":"https:\/\/roadeu.com\/sklep\/fr\/wp-json\/wp\/v2\/pages"}],"about":[{"href":"https:\/\/roadeu.com\/sklep\/fr\/wp-json\/wp\/v2\/types\/page"}],"author":[{"embeddable":true,"href":"https:\/\/roadeu.com\/sklep\/fr\/wp-json\/wp\/v2\/users\/1"}],"replies":[{"embeddable":true,"href":"https:\/\/roadeu.com\/sklep\/fr\/wp-json\/wp\/v2\/comments?post=8282"}],"version-history":[{"count":2,"href":"https:\/\/roadeu.com\/sklep\/fr\/wp-json\/wp\/v2\/pages\/8282\/revisions"}],"predecessor-version":[{"id":8551,"href":"https:\/\/roadeu.com\/sklep\/fr\/wp-json\/wp\/v2\/pages\/8282\/revisions\/8551"}],"wp:attachment":[{"href":"https:\/\/roadeu.com\/sklep\/fr\/wp-json\/wp\/v2\/media?parent=8282"}],"curies":[{"name":"wp","href":"https:\/\/api.w.org\/{rel}","templated":true}]}}