{"id":20993,"date":"2026-04-29T08:42:55","date_gmt":"2026-04-29T06:42:55","guid":{"rendered":"https:\/\/roadeu.com\/sklep\/?post_type=product&#038;p=20993"},"modified":"2026-04-29T08:50:03","modified_gmt":"2026-04-29T06:50:03","slug":"distribuidor-de-tomas-cee-ip44-1x-cee-32a-5p-1x-cee-16a-5p-schuko-230v-con-interruptor-general-0-1-kopia","status":"publish","type":"product","link":"https:\/\/roadeu.com\/sklep\/es\/produkt\/distribuidor-de-tomas-cee-ip44-1x-cee-32a-5p-1x-cee-16a-5p-schuko-230v-con-interruptor-general-0-1-kopia\/","title":{"rendered":"Toma mural combinada 16A 5P &#8211; Distribuidor mural 16A con Schuko 230V &#8211; Distribuidor de corriente IP44 &#8211; Distribuidor de corriente 16A para construcci\u00f3n interior y exterior"},"content":{"rendered":"<p><strong>  Informaci\u00f3n sobre este art\u00edculo<\/strong><\/p>\n<p>TOMACORRIENTES PCE <strong>DE ALTA CALIDAD CON<\/strong> CLASE DE ESTANQUEIDAD IP44<strong>:<\/strong> Las tomas de corriente PCE son resistentes al polvo y la humedad gracias a la clase de estanqueidad IP44, lo que las hace ideales para su uso en entornos exigentes y garantiza una alta calidad.<br \/>\n<strong>CON CABLEADO PREVIO Y MONTAJE FLEXIBLE:<\/strong> Todo el interior est\u00e1 precableado para facilitar la instalaci\u00f3n. Puedes montar este adaptador en la pared o utilizarlo como dispositivo port\u00e1til, seg\u00fan tus necesidades y requisitos.<br \/>\n<strong>EQUIPO DE ALIMENTACI\u00d3N POTENTE \u2013 COMBINACI\u00d3N DE ALIMENTACI\u00d3N VERS\u00c1TIL:<\/strong> El aparato est\u00e1 equipado con una toma CEE 16A 5P, as\u00ed como con 1 toma Schuko de 200\/250V 16A y PCE para admitir una gran variedad de aplicaciones y dispositivos, especialmente aplicaciones de gran intensidad de corriente.<br \/>\n<strong>F\u00c1CIL INSTALACI\u00d3N GRACIAS A UN SOLO<\/strong> CABLE: Con una sola l\u00ednea de alimentaci\u00f3n, necesitas menos taladros, menos abrazaderas para cables y tuber\u00edas y una sola carcasa, lo que simplifica la instalaci\u00f3n y reduce la mano de obra.<\/p>\n<p>\u00a0<\/p>\n","protected":false},"excerpt":{"rendered":"<p><strong>Distribuidor de enchufes<\/strong><\/p>\n","protected":false},"featured_media":21002,"template":"","meta":[],"product_brand":[397],"product_cat":[398],"product_tag":[],"class_list":{"0":"post-20993","1":"product","2":"type-product","3":"status-publish","4":"has-post-thumbnail","6":"product_brand-carreteraeu","7":"product_cat-armadi-di-distribuzione-set-di-chiavi-a-bussola","9":"first","10":"instock","11":"taxable","12":"shipping-taxable","13":"purchasable","14":"product-type-simple"},"yoast_head":"<!-- This site is optimized with the Yoast SEO plugin v27.5 - https:\/\/yoast.com\/product\/yoast-seo-wordpress\/ -->\n<title>Toma mural combinada 16A 5P - Distribuidor mural 16A con Schuko 230V - Distribuidor de corriente IP44 - Distribuidor de corriente 16A para construcci\u00f3n interior y exterior - Road<\/title>\n<meta name=\"robots\" content=\"index, follow, max-snippet:-1, max-image-preview:large, max-video-preview:-1\" \/>\n<link rel=\"canonical\" href=\"https:\/\/roadeu.com\/sklep\/es\/produkt\/distribuidor-de-tomas-cee-ip44-1x-cee-32a-5p-1x-cee-16a-5p-schuko-230v-con-interruptor-general-0-1-kopia\/\" \/>\n<meta property=\"og:locale\" content=\"es_ES\" \/>\n<meta property=\"og:type\" content=\"article\" \/>\n<meta property=\"og:title\" content=\"Toma mural combinada 16A 5P - Distribuidor mural 16A con Schuko 230V - Distribuidor de corriente IP44 - Distribuidor de corriente 16A para construcci\u00f3n interior y exterior - Road\" \/>\n<meta property=\"og:description\" content=\"Distribuidor de enchufes\" \/>\n<meta property=\"og:url\" content=\"https:\/\/roadeu.com\/sklep\/es\/produkt\/distribuidor-de-tomas-cee-ip44-1x-cee-32a-5p-1x-cee-16a-5p-schuko-230v-con-interruptor-general-0-1-kopia\/\" \/>\n<meta property=\"og:site_name\" content=\"Road\" \/>\n<meta property=\"article:modified_time\" content=\"2026-04-29T06:50:03+00:00\" \/>\n<meta property=\"og:image\" content=\"https:\/\/roadeu.com\/sklep\/wp-content\/uploads\/2026\/04\/1-78.jpg\" \/>\n\t<meta property=\"og:image:width\" content=\"946\" \/>\n\t<meta property=\"og:image:height\" content=\"891\" \/>\n\t<meta property=\"og:image:type\" content=\"image\/jpeg\" \/>\n<meta name=\"twitter:card\" content=\"summary_large_image\" \/>\n<meta name=\"twitter:label1\" content=\"Tiempo de lectura\" \/>\n\t<meta name=\"twitter:data1\" content=\"1 minuto\" \/>\n<script type=\"application\/ld+json\" class=\"yoast-schema-graph\">{\"@context\":\"https:\\\/\\\/schema.org\",\"@graph\":[{\"@type\":\"WebPage\",\"@id\":\"https:\\\/\\\/roadeu.com\\\/sklep\\\/es\\\/produkt\\\/distribuidor-de-tomas-cee-ip44-1x-cee-32a-5p-1x-cee-16a-5p-schuko-230v-con-interruptor-general-0-1-kopia\\\/\",\"url\":\"https:\\\/\\\/roadeu.com\\\/sklep\\\/es\\\/produkt\\\/distribuidor-de-tomas-cee-ip44-1x-cee-32a-5p-1x-cee-16a-5p-schuko-230v-con-interruptor-general-0-1-kopia\\\/\",\"name\":\"Toma mural combinada 16A 5P - Distribuidor mural 16A con Schuko 230V - Distribuidor de corriente IP44 - Distribuidor de corriente 16A para construcci\u00f3n interior y exterior - Road\",\"isPartOf\":{\"@id\":\"https:\\\/\\\/roadeu.com\\\/sklep\\\/es\\\/#website\"},\"primaryImageOfPage\":{\"@id\":\"https:\\\/\\\/roadeu.com\\\/sklep\\\/es\\\/produkt\\\/distribuidor-de-tomas-cee-ip44-1x-cee-32a-5p-1x-cee-16a-5p-schuko-230v-con-interruptor-general-0-1-kopia\\\/#primaryimage\"},\"image\":{\"@id\":\"https:\\\/\\\/roadeu.com\\\/sklep\\\/es\\\/produkt\\\/distribuidor-de-tomas-cee-ip44-1x-cee-32a-5p-1x-cee-16a-5p-schuko-230v-con-interruptor-general-0-1-kopia\\\/#primaryimage\"},\"thumbnailUrl\":\"https:\\\/\\\/roadeu.com\\\/sklep\\\/wp-content\\\/uploads\\\/2026\\\/04\\\/1-78.jpg\",\"datePublished\":\"2026-04-29T06:42:55+00:00\",\"dateModified\":\"2026-04-29T06:50:03+00:00\",\"breadcrumb\":{\"@id\":\"https:\\\/\\\/roadeu.com\\\/sklep\\\/es\\\/produkt\\\/distribuidor-de-tomas-cee-ip44-1x-cee-32a-5p-1x-cee-16a-5p-schuko-230v-con-interruptor-general-0-1-kopia\\\/#breadcrumb\"},\"inLanguage\":\"es\",\"potentialAction\":[{\"@type\":\"ReadAction\",\"target\":[\"https:\\\/\\\/roadeu.com\\\/sklep\\\/es\\\/produkt\\\/distribuidor-de-tomas-cee-ip44-1x-cee-32a-5p-1x-cee-16a-5p-schuko-230v-con-interruptor-general-0-1-kopia\\\/\"]}]},{\"@type\":\"ImageObject\",\"inLanguage\":\"es\",\"@id\":\"https:\\\/\\\/roadeu.com\\\/sklep\\\/es\\\/produkt\\\/distribuidor-de-tomas-cee-ip44-1x-cee-32a-5p-1x-cee-16a-5p-schuko-230v-con-interruptor-general-0-1-kopia\\\/#primaryimage\",\"url\":\"https:\\\/\\\/roadeu.com\\\/sklep\\\/wp-content\\\/uploads\\\/2026\\\/04\\\/1-78.jpg\",\"contentUrl\":\"https:\\\/\\\/roadeu.com\\\/sklep\\\/wp-content\\\/uploads\\\/2026\\\/04\\\/1-78.jpg\",\"width\":946,\"height\":891},{\"@type\":\"BreadcrumbList\",\"@id\":\"https:\\\/\\\/roadeu.com\\\/sklep\\\/es\\\/produkt\\\/distribuidor-de-tomas-cee-ip44-1x-cee-32a-5p-1x-cee-16a-5p-schuko-230v-con-interruptor-general-0-1-kopia\\\/#breadcrumb\",\"itemListElement\":[{\"@type\":\"ListItem\",\"position\":1,\"name\":\"Strona g\u0142\u00f3wna\",\"item\":\"https:\\\/\\\/roadeu.com\\\/sklep\\\/es\\\/\"},{\"@type\":\"ListItem\",\"position\":2,\"name\":\"Tienda\",\"item\":\"https:\\\/\\\/roadeu.com\\\/sklep\\\/es\\\/\"},{\"@type\":\"ListItem\",\"position\":3,\"name\":\"Toma mural combinada 16A 5P &#8211; Distribuidor mural 16A con Schuko 230V &#8211; Distribuidor de corriente IP44 &#8211; Distribuidor de corriente 16A para construcci\u00f3n interior y exterior\"}]},{\"@type\":\"WebSite\",\"@id\":\"https:\\\/\\\/roadeu.com\\\/sklep\\\/es\\\/#website\",\"url\":\"https:\\\/\\\/roadeu.com\\\/sklep\\\/es\\\/\",\"name\":\"Road\",\"description\":\"Hurtownia Elektryczna w Dzier\u017coniowie. Producent sprz\u0119tu elektrycznego.\",\"publisher\":{\"@id\":\"https:\\\/\\\/roadeu.com\\\/sklep\\\/es\\\/#organization\"},\"potentialAction\":[{\"@type\":\"SearchAction\",\"target\":{\"@type\":\"EntryPoint\",\"urlTemplate\":\"https:\\\/\\\/roadeu.com\\\/sklep\\\/es\\\/?s={search_term_string}\"},\"query-input\":{\"@type\":\"PropertyValueSpecification\",\"valueRequired\":true,\"valueName\":\"search_term_string\"}}],\"inLanguage\":\"es\"},{\"@type\":\"Organization\",\"@id\":\"https:\\\/\\\/roadeu.com\\\/sklep\\\/es\\\/#organization\",\"name\":\"Road\",\"url\":\"https:\\\/\\\/roadeu.com\\\/sklep\\\/es\\\/\",\"logo\":{\"@type\":\"ImageObject\",\"inLanguage\":\"es\",\"@id\":\"https:\\\/\\\/roadeu.com\\\/sklep\\\/es\\\/#\\\/schema\\\/logo\\\/image\\\/\",\"url\":\"https:\\\/\\\/roadeu.com\\\/sklep\\\/wp-content\\\/uploads\\\/2025\\\/05\\\/logotype-lg-pl.png\",\"contentUrl\":\"https:\\\/\\\/roadeu.com\\\/sklep\\\/wp-content\\\/uploads\\\/2025\\\/05\\\/logotype-lg-pl.png\",\"width\":300,\"height\":70,\"caption\":\"Road\"},\"image\":{\"@id\":\"https:\\\/\\\/roadeu.com\\\/sklep\\\/es\\\/#\\\/schema\\\/logo\\\/image\\\/\"}}]}<\/script>\n<!-- \/ Yoast SEO plugin. -->","yoast_head_json":{"title":"Toma mural combinada 16A 5P - Distribuidor mural 16A con Schuko 230V - Distribuidor de corriente IP44 - Distribuidor de corriente 16A para construcci\u00f3n interior y exterior - Road","robots":{"index":"index","follow":"follow","max-snippet":"max-snippet:-1","max-image-preview":"max-image-preview:large","max-video-preview":"max-video-preview:-1"},"canonical":"https:\/\/roadeu.com\/sklep\/es\/produkt\/distribuidor-de-tomas-cee-ip44-1x-cee-32a-5p-1x-cee-16a-5p-schuko-230v-con-interruptor-general-0-1-kopia\/","og_locale":"es_ES","og_type":"article","og_title":"Toma mural combinada 16A 5P - Distribuidor mural 16A con Schuko 230V - Distribuidor de corriente IP44 - Distribuidor de corriente 16A para construcci\u00f3n interior y exterior - Road","og_description":"Distribuidor de enchufes","og_url":"https:\/\/roadeu.com\/sklep\/es\/produkt\/distribuidor-de-tomas-cee-ip44-1x-cee-32a-5p-1x-cee-16a-5p-schuko-230v-con-interruptor-general-0-1-kopia\/","og_site_name":"Road","article_modified_time":"2026-04-29T06:50:03+00:00","og_image":[{"width":946,"height":891,"url":"https:\/\/roadeu.com\/sklep\/wp-content\/uploads\/2026\/04\/1-78.jpg","type":"image\/jpeg"}],"twitter_card":"summary_large_image","twitter_misc":{"Tiempo de lectura":"1 minuto"},"schema":{"@context":"https:\/\/schema.org","@graph":[{"@type":"WebPage","@id":"https:\/\/roadeu.com\/sklep\/es\/produkt\/distribuidor-de-tomas-cee-ip44-1x-cee-32a-5p-1x-cee-16a-5p-schuko-230v-con-interruptor-general-0-1-kopia\/","url":"https:\/\/roadeu.com\/sklep\/es\/produkt\/distribuidor-de-tomas-cee-ip44-1x-cee-32a-5p-1x-cee-16a-5p-schuko-230v-con-interruptor-general-0-1-kopia\/","name":"Toma mural combinada 16A 5P - Distribuidor mural 16A con Schuko 230V - Distribuidor de corriente IP44 - Distribuidor de corriente 16A para construcci\u00f3n interior y exterior - Road","isPartOf":{"@id":"https:\/\/roadeu.com\/sklep\/es\/#website"},"primaryImageOfPage":{"@id":"https:\/\/roadeu.com\/sklep\/es\/produkt\/distribuidor-de-tomas-cee-ip44-1x-cee-32a-5p-1x-cee-16a-5p-schuko-230v-con-interruptor-general-0-1-kopia\/#primaryimage"},"image":{"@id":"https:\/\/roadeu.com\/sklep\/es\/produkt\/distribuidor-de-tomas-cee-ip44-1x-cee-32a-5p-1x-cee-16a-5p-schuko-230v-con-interruptor-general-0-1-kopia\/#primaryimage"},"thumbnailUrl":"https:\/\/roadeu.com\/sklep\/wp-content\/uploads\/2026\/04\/1-78.jpg","datePublished":"2026-04-29T06:42:55+00:00","dateModified":"2026-04-29T06:50:03+00:00","breadcrumb":{"@id":"https:\/\/roadeu.com\/sklep\/es\/produkt\/distribuidor-de-tomas-cee-ip44-1x-cee-32a-5p-1x-cee-16a-5p-schuko-230v-con-interruptor-general-0-1-kopia\/#breadcrumb"},"inLanguage":"es","potentialAction":[{"@type":"ReadAction","target":["https:\/\/roadeu.com\/sklep\/es\/produkt\/distribuidor-de-tomas-cee-ip44-1x-cee-32a-5p-1x-cee-16a-5p-schuko-230v-con-interruptor-general-0-1-kopia\/"]}]},{"@type":"ImageObject","inLanguage":"es","@id":"https:\/\/roadeu.com\/sklep\/es\/produkt\/distribuidor-de-tomas-cee-ip44-1x-cee-32a-5p-1x-cee-16a-5p-schuko-230v-con-interruptor-general-0-1-kopia\/#primaryimage","url":"https:\/\/roadeu.com\/sklep\/wp-content\/uploads\/2026\/04\/1-78.jpg","contentUrl":"https:\/\/roadeu.com\/sklep\/wp-content\/uploads\/2026\/04\/1-78.jpg","width":946,"height":891},{"@type":"BreadcrumbList","@id":"https:\/\/roadeu.com\/sklep\/es\/produkt\/distribuidor-de-tomas-cee-ip44-1x-cee-32a-5p-1x-cee-16a-5p-schuko-230v-con-interruptor-general-0-1-kopia\/#breadcrumb","itemListElement":[{"@type":"ListItem","position":1,"name":"Strona g\u0142\u00f3wna","item":"https:\/\/roadeu.com\/sklep\/es\/"},{"@type":"ListItem","position":2,"name":"Tienda","item":"https:\/\/roadeu.com\/sklep\/es\/"},{"@type":"ListItem","position":3,"name":"Toma mural combinada 16A 5P &#8211; Distribuidor mural 16A con Schuko 230V &#8211; Distribuidor de corriente IP44 &#8211; Distribuidor de corriente 16A para construcci\u00f3n interior y exterior"}]},{"@type":"WebSite","@id":"https:\/\/roadeu.com\/sklep\/es\/#website","url":"https:\/\/roadeu.com\/sklep\/es\/","name":"Road","description":"Hurtownia Elektryczna w Dzier\u017coniowie. Producent sprz\u0119tu elektrycznego.","publisher":{"@id":"https:\/\/roadeu.com\/sklep\/es\/#organization"},"potentialAction":[{"@type":"SearchAction","target":{"@type":"EntryPoint","urlTemplate":"https:\/\/roadeu.com\/sklep\/es\/?s={search_term_string}"},"query-input":{"@type":"PropertyValueSpecification","valueRequired":true,"valueName":"search_term_string"}}],"inLanguage":"es"},{"@type":"Organization","@id":"https:\/\/roadeu.com\/sklep\/es\/#organization","name":"Road","url":"https:\/\/roadeu.com\/sklep\/es\/","logo":{"@type":"ImageObject","inLanguage":"es","@id":"https:\/\/roadeu.com\/sklep\/es\/#\/schema\/logo\/image\/","url":"https:\/\/roadeu.com\/sklep\/wp-content\/uploads\/2025\/05\/logotype-lg-pl.png","contentUrl":"https:\/\/roadeu.com\/sklep\/wp-content\/uploads\/2025\/05\/logotype-lg-pl.png","width":300,"height":70,"caption":"Road"},"image":{"@id":"https:\/\/roadeu.com\/sklep\/es\/#\/schema\/logo\/image\/"}}]}},"_links":{"self":[{"href":"https:\/\/roadeu.com\/sklep\/es\/wp-json\/wp\/v2\/product\/20993","targetHints":{"allow":["GET"]}}],"collection":[{"href":"https:\/\/roadeu.com\/sklep\/es\/wp-json\/wp\/v2\/product"}],"about":[{"href":"https:\/\/roadeu.com\/sklep\/es\/wp-json\/wp\/v2\/types\/product"}],"wp:featuredmedia":[{"embeddable":true,"href":"https:\/\/roadeu.com\/sklep\/es\/wp-json\/wp\/v2\/media\/21002"}],"wp:attachment":[{"href":"https:\/\/roadeu.com\/sklep\/es\/wp-json\/wp\/v2\/media?parent=20993"}],"wp:term":[{"taxonomy":"product_brand","embeddable":true,"href":"https:\/\/roadeu.com\/sklep\/es\/wp-json\/wp\/v2\/product_brand?post=20993"},{"taxonomy":"product_cat","embeddable":true,"href":"https:\/\/roadeu.com\/sklep\/es\/wp-json\/wp\/v2\/product_cat?post=20993"},{"taxonomy":"product_tag","embeddable":true,"href":"https:\/\/roadeu.com\/sklep\/es\/wp-json\/wp\/v2\/product_tag?post=20993"}],"curies":[{"name":"wp","href":"https:\/\/api.w.org\/{rel}","templated":true}]}}