{"id":20828,"date":"2026-04-23T11:47:09","date_gmt":"2026-04-23T09:47:09","guid":{"rendered":"https:\/\/roadeu.com\/sklep\/?post_type=product&#038;p=20828"},"modified":"2026-04-23T11:51:57","modified_gmt":"2026-04-23T09:51:57","slug":"enchufe-de-pared-16a-5p-ip44-con-schuko-230v-e-interruptor-0-1-con-bloqueo-kopia","status":"publish","type":"product","link":"https:\/\/roadeu.com\/sklep\/es\/produkt\/enchufe-de-pared-16a-5p-ip44-con-schuko-230v-e-interruptor-0-1-con-bloqueo-kopia\/","title":{"rendered":"Distribuidor mural IP44 | 1x CEE 16A 5P (400V) &amp; 1x CEE 16A 3P (azul) | Ideal para taller y camping"},"content":{"rendered":"<p><strong>  Informaci\u00f3n sobre este art\u00edculo<\/strong><\/p>\n<p>Toma de corriente <strong>PCE<\/strong> 16A <strong>de alta calidad<\/strong>. El distribuidor de corriente del edificio est\u00e1 precableado y listo para conectar. La caja de distribuci\u00f3n tambi\u00e9n incluye un prensaestopas PG16. Este producto tambi\u00e9n funciona como adaptador de camping: ll\u00e9vatelo a tu autocaravana.<br \/>\n<strong>Caja de distribuci\u00f3n<\/strong> &#8211; S\u00f3lo una l\u00ednea de alimentaci\u00f3n, menos taladros, menos cables. Carcasa sellada IP44 para uso en interiores y exteriores.  Nuestro dise\u00f1o aislado garantiza la seguridad necesaria.<br \/>\n<strong>Configuraci\u00f3n del distribuidor<\/strong>: 1x toma de corriente CEE 16A 5P 400V &#8211; 1x toma de corriente CEE 16A 3P 230V . La toma de corriente de 400 V en combinaci\u00f3n con la toma CEE de 230 V es una soluci\u00f3n pr\u00e1ctica para muchas aplicaciones<br \/>\n<strong>Toma de pared combinada<\/strong> para usar, por ejemplo, con: enchufe CEE, calentador de obra, distribuidor de corriente de obra, distribuidor de corriente Cee, distribuidor de corriente de camping&#8230; donde sea necesario. Distribuidor de 16 A &#8211; todo est\u00e1 precableado en el interior y lo puede desconectar cualquier persona con conocimientos b\u00e1sicos. <\/p>\n<p>&nbsp;<\/p>\n<p>&nbsp;<\/p>\n","protected":false},"excerpt":{"rendered":"<p>Enchufe combinado CEE<\/p>\n","protected":false},"featured_media":20837,"template":"","meta":[],"product_brand":[397],"product_cat":[398],"product_tag":[],"class_list":{"0":"post-20828","1":"product","2":"type-product","3":"status-publish","4":"has-post-thumbnail","6":"product_brand-carreteraeu","7":"product_cat-armadi-di-distribuzione-set-di-chiavi-a-bussola","9":"first","10":"instock","11":"taxable","12":"shipping-taxable","13":"purchasable","14":"product-type-simple"},"yoast_head":"<!-- This site is optimized with the Yoast SEO plugin v27.4 - https:\/\/yoast.com\/product\/yoast-seo-wordpress\/ -->\n<title>Distribuidor mural IP44 | 1x CEE 16A 5P (400V) &amp; 1x CEE 16A 3P (azul) | Ideal para taller y camping - Road<\/title>\n<meta name=\"robots\" content=\"index, follow, max-snippet:-1, max-image-preview:large, max-video-preview:-1\" \/>\n<link rel=\"canonical\" href=\"https:\/\/roadeu.com\/sklep\/es\/produkt\/enchufe-de-pared-16a-5p-ip44-con-schuko-230v-e-interruptor-0-1-con-bloqueo-kopia\/\" \/>\n<meta property=\"og:locale\" content=\"es_ES\" \/>\n<meta property=\"og:type\" content=\"article\" \/>\n<meta property=\"og:title\" content=\"Distribuidor mural IP44 | 1x CEE 16A 5P (400V) &amp; 1x CEE 16A 3P (azul) | Ideal para taller y camping - Road\" \/>\n<meta property=\"og:description\" content=\"Enchufe combinado CEE\" \/>\n<meta property=\"og:url\" content=\"https:\/\/roadeu.com\/sklep\/es\/produkt\/enchufe-de-pared-16a-5p-ip44-con-schuko-230v-e-interruptor-0-1-con-bloqueo-kopia\/\" \/>\n<meta property=\"og:site_name\" content=\"Road\" \/>\n<meta property=\"article:modified_time\" content=\"2026-04-23T09:51:57+00:00\" \/>\n<meta property=\"og:image\" content=\"https:\/\/roadeu.com\/sklep\/wp-content\/uploads\/2026\/04\/1-70.jpg\" \/>\n\t<meta property=\"og:image:width\" content=\"1234\" \/>\n\t<meta property=\"og:image:height\" content=\"1500\" \/>\n\t<meta property=\"og:image:type\" content=\"image\/jpeg\" \/>\n<meta name=\"twitter:card\" content=\"summary_large_image\" \/>\n<meta name=\"twitter:label1\" content=\"Tiempo de lectura\" \/>\n\t<meta name=\"twitter:data1\" content=\"1 minuto\" \/>\n<script type=\"application\/ld+json\" class=\"yoast-schema-graph\">{\"@context\":\"https:\\\/\\\/schema.org\",\"@graph\":[{\"@type\":\"WebPage\",\"@id\":\"https:\\\/\\\/roadeu.com\\\/sklep\\\/es\\\/produkt\\\/enchufe-de-pared-16a-5p-ip44-con-schuko-230v-e-interruptor-0-1-con-bloqueo-kopia\\\/\",\"url\":\"https:\\\/\\\/roadeu.com\\\/sklep\\\/es\\\/produkt\\\/enchufe-de-pared-16a-5p-ip44-con-schuko-230v-e-interruptor-0-1-con-bloqueo-kopia\\\/\",\"name\":\"Distribuidor mural IP44 | 1x CEE 16A 5P (400V) &amp; 1x CEE 16A 3P (azul) | Ideal para taller y camping - Road\",\"isPartOf\":{\"@id\":\"https:\\\/\\\/roadeu.com\\\/sklep\\\/es\\\/#website\"},\"primaryImageOfPage\":{\"@id\":\"https:\\\/\\\/roadeu.com\\\/sklep\\\/es\\\/produkt\\\/enchufe-de-pared-16a-5p-ip44-con-schuko-230v-e-interruptor-0-1-con-bloqueo-kopia\\\/#primaryimage\"},\"image\":{\"@id\":\"https:\\\/\\\/roadeu.com\\\/sklep\\\/es\\\/produkt\\\/enchufe-de-pared-16a-5p-ip44-con-schuko-230v-e-interruptor-0-1-con-bloqueo-kopia\\\/#primaryimage\"},\"thumbnailUrl\":\"https:\\\/\\\/roadeu.com\\\/sklep\\\/wp-content\\\/uploads\\\/2026\\\/04\\\/1-70.jpg\",\"datePublished\":\"2026-04-23T09:47:09+00:00\",\"dateModified\":\"2026-04-23T09:51:57+00:00\",\"breadcrumb\":{\"@id\":\"https:\\\/\\\/roadeu.com\\\/sklep\\\/es\\\/produkt\\\/enchufe-de-pared-16a-5p-ip44-con-schuko-230v-e-interruptor-0-1-con-bloqueo-kopia\\\/#breadcrumb\"},\"inLanguage\":\"es\",\"potentialAction\":[{\"@type\":\"ReadAction\",\"target\":[\"https:\\\/\\\/roadeu.com\\\/sklep\\\/es\\\/produkt\\\/enchufe-de-pared-16a-5p-ip44-con-schuko-230v-e-interruptor-0-1-con-bloqueo-kopia\\\/\"]}]},{\"@type\":\"ImageObject\",\"inLanguage\":\"es\",\"@id\":\"https:\\\/\\\/roadeu.com\\\/sklep\\\/es\\\/produkt\\\/enchufe-de-pared-16a-5p-ip44-con-schuko-230v-e-interruptor-0-1-con-bloqueo-kopia\\\/#primaryimage\",\"url\":\"https:\\\/\\\/roadeu.com\\\/sklep\\\/wp-content\\\/uploads\\\/2026\\\/04\\\/1-70.jpg\",\"contentUrl\":\"https:\\\/\\\/roadeu.com\\\/sklep\\\/wp-content\\\/uploads\\\/2026\\\/04\\\/1-70.jpg\",\"width\":1234,\"height\":1500},{\"@type\":\"BreadcrumbList\",\"@id\":\"https:\\\/\\\/roadeu.com\\\/sklep\\\/es\\\/produkt\\\/enchufe-de-pared-16a-5p-ip44-con-schuko-230v-e-interruptor-0-1-con-bloqueo-kopia\\\/#breadcrumb\",\"itemListElement\":[{\"@type\":\"ListItem\",\"position\":1,\"name\":\"Strona g\u0142\u00f3wna\",\"item\":\"https:\\\/\\\/roadeu.com\\\/sklep\\\/es\\\/\"},{\"@type\":\"ListItem\",\"position\":2,\"name\":\"Tienda\",\"item\":\"https:\\\/\\\/roadeu.com\\\/sklep\\\/es\\\/\"},{\"@type\":\"ListItem\",\"position\":3,\"name\":\"Distribuidor mural IP44 | 1x CEE 16A 5P (400V) &amp; 1x CEE 16A 3P (azul) | Ideal para taller y camping\"}]},{\"@type\":\"WebSite\",\"@id\":\"https:\\\/\\\/roadeu.com\\\/sklep\\\/es\\\/#website\",\"url\":\"https:\\\/\\\/roadeu.com\\\/sklep\\\/es\\\/\",\"name\":\"Road\",\"description\":\"Hurtownia Elektryczna w Dzier\u017coniowie. Producent sprz\u0119tu elektrycznego.\",\"publisher\":{\"@id\":\"https:\\\/\\\/roadeu.com\\\/sklep\\\/es\\\/#organization\"},\"potentialAction\":[{\"@type\":\"SearchAction\",\"target\":{\"@type\":\"EntryPoint\",\"urlTemplate\":\"https:\\\/\\\/roadeu.com\\\/sklep\\\/es\\\/?s={search_term_string}\"},\"query-input\":{\"@type\":\"PropertyValueSpecification\",\"valueRequired\":true,\"valueName\":\"search_term_string\"}}],\"inLanguage\":\"es\"},{\"@type\":\"Organization\",\"@id\":\"https:\\\/\\\/roadeu.com\\\/sklep\\\/es\\\/#organization\",\"name\":\"Road\",\"url\":\"https:\\\/\\\/roadeu.com\\\/sklep\\\/es\\\/\",\"logo\":{\"@type\":\"ImageObject\",\"inLanguage\":\"es\",\"@id\":\"https:\\\/\\\/roadeu.com\\\/sklep\\\/es\\\/#\\\/schema\\\/logo\\\/image\\\/\",\"url\":\"https:\\\/\\\/roadeu.com\\\/sklep\\\/wp-content\\\/uploads\\\/2025\\\/05\\\/logotype-lg-pl.png\",\"contentUrl\":\"https:\\\/\\\/roadeu.com\\\/sklep\\\/wp-content\\\/uploads\\\/2025\\\/05\\\/logotype-lg-pl.png\",\"width\":300,\"height\":70,\"caption\":\"Road\"},\"image\":{\"@id\":\"https:\\\/\\\/roadeu.com\\\/sklep\\\/es\\\/#\\\/schema\\\/logo\\\/image\\\/\"}}]}<\/script>\n<!-- \/ Yoast SEO plugin. -->","yoast_head_json":{"title":"Distribuidor mural IP44 | 1x CEE 16A 5P (400V) &amp; 1x CEE 16A 3P (azul) | Ideal para taller y camping - Road","robots":{"index":"index","follow":"follow","max-snippet":"max-snippet:-1","max-image-preview":"max-image-preview:large","max-video-preview":"max-video-preview:-1"},"canonical":"https:\/\/roadeu.com\/sklep\/es\/produkt\/enchufe-de-pared-16a-5p-ip44-con-schuko-230v-e-interruptor-0-1-con-bloqueo-kopia\/","og_locale":"es_ES","og_type":"article","og_title":"Distribuidor mural IP44 | 1x CEE 16A 5P (400V) &amp; 1x CEE 16A 3P (azul) | Ideal para taller y camping - Road","og_description":"Enchufe combinado CEE","og_url":"https:\/\/roadeu.com\/sklep\/es\/produkt\/enchufe-de-pared-16a-5p-ip44-con-schuko-230v-e-interruptor-0-1-con-bloqueo-kopia\/","og_site_name":"Road","article_modified_time":"2026-04-23T09:51:57+00:00","og_image":[{"width":1234,"height":1500,"url":"https:\/\/roadeu.com\/sklep\/wp-content\/uploads\/2026\/04\/1-70.jpg","type":"image\/jpeg"}],"twitter_card":"summary_large_image","twitter_misc":{"Tiempo de lectura":"1 minuto"},"schema":{"@context":"https:\/\/schema.org","@graph":[{"@type":"WebPage","@id":"https:\/\/roadeu.com\/sklep\/es\/produkt\/enchufe-de-pared-16a-5p-ip44-con-schuko-230v-e-interruptor-0-1-con-bloqueo-kopia\/","url":"https:\/\/roadeu.com\/sklep\/es\/produkt\/enchufe-de-pared-16a-5p-ip44-con-schuko-230v-e-interruptor-0-1-con-bloqueo-kopia\/","name":"Distribuidor mural IP44 | 1x CEE 16A 5P (400V) &amp; 1x CEE 16A 3P (azul) | Ideal para taller y camping - Road","isPartOf":{"@id":"https:\/\/roadeu.com\/sklep\/es\/#website"},"primaryImageOfPage":{"@id":"https:\/\/roadeu.com\/sklep\/es\/produkt\/enchufe-de-pared-16a-5p-ip44-con-schuko-230v-e-interruptor-0-1-con-bloqueo-kopia\/#primaryimage"},"image":{"@id":"https:\/\/roadeu.com\/sklep\/es\/produkt\/enchufe-de-pared-16a-5p-ip44-con-schuko-230v-e-interruptor-0-1-con-bloqueo-kopia\/#primaryimage"},"thumbnailUrl":"https:\/\/roadeu.com\/sklep\/wp-content\/uploads\/2026\/04\/1-70.jpg","datePublished":"2026-04-23T09:47:09+00:00","dateModified":"2026-04-23T09:51:57+00:00","breadcrumb":{"@id":"https:\/\/roadeu.com\/sklep\/es\/produkt\/enchufe-de-pared-16a-5p-ip44-con-schuko-230v-e-interruptor-0-1-con-bloqueo-kopia\/#breadcrumb"},"inLanguage":"es","potentialAction":[{"@type":"ReadAction","target":["https:\/\/roadeu.com\/sklep\/es\/produkt\/enchufe-de-pared-16a-5p-ip44-con-schuko-230v-e-interruptor-0-1-con-bloqueo-kopia\/"]}]},{"@type":"ImageObject","inLanguage":"es","@id":"https:\/\/roadeu.com\/sklep\/es\/produkt\/enchufe-de-pared-16a-5p-ip44-con-schuko-230v-e-interruptor-0-1-con-bloqueo-kopia\/#primaryimage","url":"https:\/\/roadeu.com\/sklep\/wp-content\/uploads\/2026\/04\/1-70.jpg","contentUrl":"https:\/\/roadeu.com\/sklep\/wp-content\/uploads\/2026\/04\/1-70.jpg","width":1234,"height":1500},{"@type":"BreadcrumbList","@id":"https:\/\/roadeu.com\/sklep\/es\/produkt\/enchufe-de-pared-16a-5p-ip44-con-schuko-230v-e-interruptor-0-1-con-bloqueo-kopia\/#breadcrumb","itemListElement":[{"@type":"ListItem","position":1,"name":"Strona g\u0142\u00f3wna","item":"https:\/\/roadeu.com\/sklep\/es\/"},{"@type":"ListItem","position":2,"name":"Tienda","item":"https:\/\/roadeu.com\/sklep\/es\/"},{"@type":"ListItem","position":3,"name":"Distribuidor mural IP44 | 1x CEE 16A 5P (400V) &amp; 1x CEE 16A 3P (azul) | Ideal para taller y camping"}]},{"@type":"WebSite","@id":"https:\/\/roadeu.com\/sklep\/es\/#website","url":"https:\/\/roadeu.com\/sklep\/es\/","name":"Road","description":"Hurtownia Elektryczna w Dzier\u017coniowie. Producent sprz\u0119tu elektrycznego.","publisher":{"@id":"https:\/\/roadeu.com\/sklep\/es\/#organization"},"potentialAction":[{"@type":"SearchAction","target":{"@type":"EntryPoint","urlTemplate":"https:\/\/roadeu.com\/sklep\/es\/?s={search_term_string}"},"query-input":{"@type":"PropertyValueSpecification","valueRequired":true,"valueName":"search_term_string"}}],"inLanguage":"es"},{"@type":"Organization","@id":"https:\/\/roadeu.com\/sklep\/es\/#organization","name":"Road","url":"https:\/\/roadeu.com\/sklep\/es\/","logo":{"@type":"ImageObject","inLanguage":"es","@id":"https:\/\/roadeu.com\/sklep\/es\/#\/schema\/logo\/image\/","url":"https:\/\/roadeu.com\/sklep\/wp-content\/uploads\/2025\/05\/logotype-lg-pl.png","contentUrl":"https:\/\/roadeu.com\/sklep\/wp-content\/uploads\/2025\/05\/logotype-lg-pl.png","width":300,"height":70,"caption":"Road"},"image":{"@id":"https:\/\/roadeu.com\/sklep\/es\/#\/schema\/logo\/image\/"}}]}},"_links":{"self":[{"href":"https:\/\/roadeu.com\/sklep\/es\/wp-json\/wp\/v2\/product\/20828","targetHints":{"allow":["GET"]}}],"collection":[{"href":"https:\/\/roadeu.com\/sklep\/es\/wp-json\/wp\/v2\/product"}],"about":[{"href":"https:\/\/roadeu.com\/sklep\/es\/wp-json\/wp\/v2\/types\/product"}],"wp:featuredmedia":[{"embeddable":true,"href":"https:\/\/roadeu.com\/sklep\/es\/wp-json\/wp\/v2\/media\/20837"}],"wp:attachment":[{"href":"https:\/\/roadeu.com\/sklep\/es\/wp-json\/wp\/v2\/media?parent=20828"}],"wp:term":[{"taxonomy":"product_brand","embeddable":true,"href":"https:\/\/roadeu.com\/sklep\/es\/wp-json\/wp\/v2\/product_brand?post=20828"},{"taxonomy":"product_cat","embeddable":true,"href":"https:\/\/roadeu.com\/sklep\/es\/wp-json\/wp\/v2\/product_cat?post=20828"},{"taxonomy":"product_tag","embeddable":true,"href":"https:\/\/roadeu.com\/sklep\/es\/wp-json\/wp\/v2\/product_tag?post=20828"}],"curies":[{"name":"wp","href":"https:\/\/api.w.org\/{rel}","templated":true}]}}