{"id":20468,"date":"2026-04-21T13:13:16","date_gmt":"2026-04-21T11:13:16","guid":{"rendered":"https:\/\/roadeu.com\/sklep\/?post_type=product&#038;p=20468"},"modified":"2026-04-21T13:19:56","modified_gmt":"2026-04-21T11:19:56","slug":"enchufe-combinado-cee-16a-3p-adaptador-para-caravana-2x-tomas-con-toma-de-tierra-230v-enchufe-para-aparatos-de-pared-ip44-kopia","status":"publish","type":"product","link":"https:\/\/roadeu.com\/sklep\/es\/produkt\/enchufe-combinado-cee-16a-3p-adaptador-para-caravana-2x-tomas-con-toma-de-tierra-230v-enchufe-para-aparatos-de-pared-ip44-kopia\/","title":{"rendered":"Enchufe de pared 16A 5p IP44 con Schuko 230V e interruptor 0-1 con bloqueo"},"content":{"rendered":"<p><strong>  Informaci\u00f3n sobre este art\u00edculo<\/strong><\/p>\n<p><strong>EL DISTRIBUIDOR DE ENERG\u00cdA<\/strong> INCLUYE Un enchufe CEE 16A 5P y una toma Schuko de 230V con interruptor giratorio en una robusta carcasa.<\/p>\n<p>Aqu\u00ed se utilizan componentes PCE para garantizar una alta calidad y durabilidad. Por tanto, el distribuidor es perfecto para su uso en obras y en el sector industrial. <\/p>\n<p><strong>EL DESCONECTOR DE CARGA 0-1<\/strong> (interruptor de leva) de nuestro producto te permite conectar o desconectar la tensi\u00f3n de los enchufes en cualquier momento. Esto ahorra electricidad y aumenta la seguridad cuando no est\u00e1s utilizando aparatos o m\u00e1quinas. <\/p>\n<p><strong>EL NOCKENSCHALTER<\/strong> ofrece una forma sencilla y segura de controlar la alimentaci\u00f3n el\u00e9ctrica de las tomas Schuko. Puedes conectarlo o desconectarlo en cualquier momento para ahorrar energ\u00eda o proteger los aparatos. <\/p>\n<p>Con el interruptor 0-1, puedes asegurarte de que las tomas est\u00e9n siempre sin corriente cuando no se utilicen, lo que minimiza el riesgo de descargas el\u00e9ctricas y cortocircuitos.<\/p>\n<p><strong>EL DISTRIBUIDOR DE ENERG\u00cdA<\/strong> est\u00e1 precableado, listo para la conexi\u00f3n y sometido a pruebas de seguridad y calidad el\u00e9ctricas. Esto significa que no tienes que realizar ning\u00fan trabajo adicional. <\/p>\n<p>La certificaci\u00f3n IP44 garantiza una clase de protecci\u00f3n contra el polvo y las salpicaduras de agua suficiente para que el distribuidor de corriente pueda utilizarse tanto en interiores como en exteriores.<\/p>\n<p>&nbsp;<\/p>\n","protected":false},"excerpt":{"rendered":"<p>Enchufe combinado CEE<\/p>\n","protected":false},"featured_media":20478,"template":"","meta":[],"product_brand":[397],"product_cat":[398],"product_tag":[],"class_list":{"0":"post-20468","1":"product","2":"type-product","3":"status-publish","4":"has-post-thumbnail","6":"product_brand-carreteraeu","7":"product_cat-armadi-di-distribuzione-set-di-chiavi-a-bussola","9":"first","10":"instock","11":"taxable","12":"shipping-taxable","13":"purchasable","14":"product-type-simple"},"yoast_head":"<!-- This site is optimized with the Yoast SEO plugin v27.4 - https:\/\/yoast.com\/product\/yoast-seo-wordpress\/ -->\n<title>Enchufe de pared 16A 5p IP44 con Schuko 230V e interruptor 0-1 con bloqueo - Road<\/title>\n<meta name=\"robots\" content=\"index, follow, max-snippet:-1, max-image-preview:large, max-video-preview:-1\" \/>\n<link rel=\"canonical\" href=\"https:\/\/roadeu.com\/sklep\/es\/produkt\/enchufe-combinado-cee-16a-3p-adaptador-para-caravana-2x-tomas-con-toma-de-tierra-230v-enchufe-para-aparatos-de-pared-ip44-kopia\/\" \/>\n<meta property=\"og:locale\" content=\"es_ES\" \/>\n<meta property=\"og:type\" content=\"article\" \/>\n<meta property=\"og:title\" content=\"Enchufe de pared 16A 5p IP44 con Schuko 230V e interruptor 0-1 con bloqueo - Road\" \/>\n<meta property=\"og:description\" content=\"Enchufe combinado CEE\" \/>\n<meta property=\"og:url\" content=\"https:\/\/roadeu.com\/sklep\/es\/produkt\/enchufe-combinado-cee-16a-3p-adaptador-para-caravana-2x-tomas-con-toma-de-tierra-230v-enchufe-para-aparatos-de-pared-ip44-kopia\/\" \/>\n<meta property=\"og:site_name\" content=\"Road\" \/>\n<meta property=\"article:modified_time\" content=\"2026-04-21T11:19:56+00:00\" \/>\n<meta property=\"og:image\" content=\"https:\/\/roadeu.com\/sklep\/wp-content\/uploads\/2026\/04\/1-59.jpg\" \/>\n\t<meta property=\"og:image:width\" content=\"1051\" \/>\n\t<meta property=\"og:image:height\" content=\"1500\" \/>\n\t<meta property=\"og:image:type\" content=\"image\/jpeg\" \/>\n<meta name=\"twitter:card\" content=\"summary_large_image\" \/>\n<meta name=\"twitter:label1\" content=\"Tiempo de lectura\" \/>\n\t<meta name=\"twitter:data1\" content=\"1 minuto\" \/>\n<script type=\"application\/ld+json\" class=\"yoast-schema-graph\">{\"@context\":\"https:\\\/\\\/schema.org\",\"@graph\":[{\"@type\":\"WebPage\",\"@id\":\"https:\\\/\\\/roadeu.com\\\/sklep\\\/es\\\/produkt\\\/enchufe-combinado-cee-16a-3p-adaptador-para-caravana-2x-tomas-con-toma-de-tierra-230v-enchufe-para-aparatos-de-pared-ip44-kopia\\\/\",\"url\":\"https:\\\/\\\/roadeu.com\\\/sklep\\\/es\\\/produkt\\\/enchufe-combinado-cee-16a-3p-adaptador-para-caravana-2x-tomas-con-toma-de-tierra-230v-enchufe-para-aparatos-de-pared-ip44-kopia\\\/\",\"name\":\"Enchufe de pared 16A 5p IP44 con Schuko 230V e interruptor 0-1 con bloqueo - Road\",\"isPartOf\":{\"@id\":\"https:\\\/\\\/roadeu.com\\\/sklep\\\/es\\\/#website\"},\"primaryImageOfPage\":{\"@id\":\"https:\\\/\\\/roadeu.com\\\/sklep\\\/es\\\/produkt\\\/enchufe-combinado-cee-16a-3p-adaptador-para-caravana-2x-tomas-con-toma-de-tierra-230v-enchufe-para-aparatos-de-pared-ip44-kopia\\\/#primaryimage\"},\"image\":{\"@id\":\"https:\\\/\\\/roadeu.com\\\/sklep\\\/es\\\/produkt\\\/enchufe-combinado-cee-16a-3p-adaptador-para-caravana-2x-tomas-con-toma-de-tierra-230v-enchufe-para-aparatos-de-pared-ip44-kopia\\\/#primaryimage\"},\"thumbnailUrl\":\"https:\\\/\\\/roadeu.com\\\/sklep\\\/wp-content\\\/uploads\\\/2026\\\/04\\\/1-59.jpg\",\"datePublished\":\"2026-04-21T11:13:16+00:00\",\"dateModified\":\"2026-04-21T11:19:56+00:00\",\"breadcrumb\":{\"@id\":\"https:\\\/\\\/roadeu.com\\\/sklep\\\/es\\\/produkt\\\/enchufe-combinado-cee-16a-3p-adaptador-para-caravana-2x-tomas-con-toma-de-tierra-230v-enchufe-para-aparatos-de-pared-ip44-kopia\\\/#breadcrumb\"},\"inLanguage\":\"es\",\"potentialAction\":[{\"@type\":\"ReadAction\",\"target\":[\"https:\\\/\\\/roadeu.com\\\/sklep\\\/es\\\/produkt\\\/enchufe-combinado-cee-16a-3p-adaptador-para-caravana-2x-tomas-con-toma-de-tierra-230v-enchufe-para-aparatos-de-pared-ip44-kopia\\\/\"]}]},{\"@type\":\"ImageObject\",\"inLanguage\":\"es\",\"@id\":\"https:\\\/\\\/roadeu.com\\\/sklep\\\/es\\\/produkt\\\/enchufe-combinado-cee-16a-3p-adaptador-para-caravana-2x-tomas-con-toma-de-tierra-230v-enchufe-para-aparatos-de-pared-ip44-kopia\\\/#primaryimage\",\"url\":\"https:\\\/\\\/roadeu.com\\\/sklep\\\/wp-content\\\/uploads\\\/2026\\\/04\\\/1-59.jpg\",\"contentUrl\":\"https:\\\/\\\/roadeu.com\\\/sklep\\\/wp-content\\\/uploads\\\/2026\\\/04\\\/1-59.jpg\",\"width\":1051,\"height\":1500},{\"@type\":\"BreadcrumbList\",\"@id\":\"https:\\\/\\\/roadeu.com\\\/sklep\\\/es\\\/produkt\\\/enchufe-combinado-cee-16a-3p-adaptador-para-caravana-2x-tomas-con-toma-de-tierra-230v-enchufe-para-aparatos-de-pared-ip44-kopia\\\/#breadcrumb\",\"itemListElement\":[{\"@type\":\"ListItem\",\"position\":1,\"name\":\"Strona g\u0142\u00f3wna\",\"item\":\"https:\\\/\\\/roadeu.com\\\/sklep\\\/es\\\/\"},{\"@type\":\"ListItem\",\"position\":2,\"name\":\"Tienda\",\"item\":\"https:\\\/\\\/roadeu.com\\\/sklep\\\/es\\\/\"},{\"@type\":\"ListItem\",\"position\":3,\"name\":\"Enchufe de pared 16A 5p IP44 con Schuko 230V e interruptor 0-1 con bloqueo\"}]},{\"@type\":\"WebSite\",\"@id\":\"https:\\\/\\\/roadeu.com\\\/sklep\\\/es\\\/#website\",\"url\":\"https:\\\/\\\/roadeu.com\\\/sklep\\\/es\\\/\",\"name\":\"Road\",\"description\":\"Hurtownia Elektryczna w Dzier\u017coniowie. Producent sprz\u0119tu elektrycznego.\",\"publisher\":{\"@id\":\"https:\\\/\\\/roadeu.com\\\/sklep\\\/es\\\/#organization\"},\"potentialAction\":[{\"@type\":\"SearchAction\",\"target\":{\"@type\":\"EntryPoint\",\"urlTemplate\":\"https:\\\/\\\/roadeu.com\\\/sklep\\\/es\\\/?s={search_term_string}\"},\"query-input\":{\"@type\":\"PropertyValueSpecification\",\"valueRequired\":true,\"valueName\":\"search_term_string\"}}],\"inLanguage\":\"es\"},{\"@type\":\"Organization\",\"@id\":\"https:\\\/\\\/roadeu.com\\\/sklep\\\/es\\\/#organization\",\"name\":\"Road\",\"url\":\"https:\\\/\\\/roadeu.com\\\/sklep\\\/es\\\/\",\"logo\":{\"@type\":\"ImageObject\",\"inLanguage\":\"es\",\"@id\":\"https:\\\/\\\/roadeu.com\\\/sklep\\\/es\\\/#\\\/schema\\\/logo\\\/image\\\/\",\"url\":\"https:\\\/\\\/roadeu.com\\\/sklep\\\/wp-content\\\/uploads\\\/2025\\\/05\\\/logotype-lg-pl.png\",\"contentUrl\":\"https:\\\/\\\/roadeu.com\\\/sklep\\\/wp-content\\\/uploads\\\/2025\\\/05\\\/logotype-lg-pl.png\",\"width\":300,\"height\":70,\"caption\":\"Road\"},\"image\":{\"@id\":\"https:\\\/\\\/roadeu.com\\\/sklep\\\/es\\\/#\\\/schema\\\/logo\\\/image\\\/\"}}]}<\/script>\n<!-- \/ Yoast SEO plugin. -->","yoast_head_json":{"title":"Enchufe de pared 16A 5p IP44 con Schuko 230V e interruptor 0-1 con bloqueo - Road","robots":{"index":"index","follow":"follow","max-snippet":"max-snippet:-1","max-image-preview":"max-image-preview:large","max-video-preview":"max-video-preview:-1"},"canonical":"https:\/\/roadeu.com\/sklep\/es\/produkt\/enchufe-combinado-cee-16a-3p-adaptador-para-caravana-2x-tomas-con-toma-de-tierra-230v-enchufe-para-aparatos-de-pared-ip44-kopia\/","og_locale":"es_ES","og_type":"article","og_title":"Enchufe de pared 16A 5p IP44 con Schuko 230V e interruptor 0-1 con bloqueo - Road","og_description":"Enchufe combinado CEE","og_url":"https:\/\/roadeu.com\/sklep\/es\/produkt\/enchufe-combinado-cee-16a-3p-adaptador-para-caravana-2x-tomas-con-toma-de-tierra-230v-enchufe-para-aparatos-de-pared-ip44-kopia\/","og_site_name":"Road","article_modified_time":"2026-04-21T11:19:56+00:00","og_image":[{"width":1051,"height":1500,"url":"https:\/\/roadeu.com\/sklep\/wp-content\/uploads\/2026\/04\/1-59.jpg","type":"image\/jpeg"}],"twitter_card":"summary_large_image","twitter_misc":{"Tiempo de lectura":"1 minuto"},"schema":{"@context":"https:\/\/schema.org","@graph":[{"@type":"WebPage","@id":"https:\/\/roadeu.com\/sklep\/es\/produkt\/enchufe-combinado-cee-16a-3p-adaptador-para-caravana-2x-tomas-con-toma-de-tierra-230v-enchufe-para-aparatos-de-pared-ip44-kopia\/","url":"https:\/\/roadeu.com\/sklep\/es\/produkt\/enchufe-combinado-cee-16a-3p-adaptador-para-caravana-2x-tomas-con-toma-de-tierra-230v-enchufe-para-aparatos-de-pared-ip44-kopia\/","name":"Enchufe de pared 16A 5p IP44 con Schuko 230V e interruptor 0-1 con bloqueo - Road","isPartOf":{"@id":"https:\/\/roadeu.com\/sklep\/es\/#website"},"primaryImageOfPage":{"@id":"https:\/\/roadeu.com\/sklep\/es\/produkt\/enchufe-combinado-cee-16a-3p-adaptador-para-caravana-2x-tomas-con-toma-de-tierra-230v-enchufe-para-aparatos-de-pared-ip44-kopia\/#primaryimage"},"image":{"@id":"https:\/\/roadeu.com\/sklep\/es\/produkt\/enchufe-combinado-cee-16a-3p-adaptador-para-caravana-2x-tomas-con-toma-de-tierra-230v-enchufe-para-aparatos-de-pared-ip44-kopia\/#primaryimage"},"thumbnailUrl":"https:\/\/roadeu.com\/sklep\/wp-content\/uploads\/2026\/04\/1-59.jpg","datePublished":"2026-04-21T11:13:16+00:00","dateModified":"2026-04-21T11:19:56+00:00","breadcrumb":{"@id":"https:\/\/roadeu.com\/sklep\/es\/produkt\/enchufe-combinado-cee-16a-3p-adaptador-para-caravana-2x-tomas-con-toma-de-tierra-230v-enchufe-para-aparatos-de-pared-ip44-kopia\/#breadcrumb"},"inLanguage":"es","potentialAction":[{"@type":"ReadAction","target":["https:\/\/roadeu.com\/sklep\/es\/produkt\/enchufe-combinado-cee-16a-3p-adaptador-para-caravana-2x-tomas-con-toma-de-tierra-230v-enchufe-para-aparatos-de-pared-ip44-kopia\/"]}]},{"@type":"ImageObject","inLanguage":"es","@id":"https:\/\/roadeu.com\/sklep\/es\/produkt\/enchufe-combinado-cee-16a-3p-adaptador-para-caravana-2x-tomas-con-toma-de-tierra-230v-enchufe-para-aparatos-de-pared-ip44-kopia\/#primaryimage","url":"https:\/\/roadeu.com\/sklep\/wp-content\/uploads\/2026\/04\/1-59.jpg","contentUrl":"https:\/\/roadeu.com\/sklep\/wp-content\/uploads\/2026\/04\/1-59.jpg","width":1051,"height":1500},{"@type":"BreadcrumbList","@id":"https:\/\/roadeu.com\/sklep\/es\/produkt\/enchufe-combinado-cee-16a-3p-adaptador-para-caravana-2x-tomas-con-toma-de-tierra-230v-enchufe-para-aparatos-de-pared-ip44-kopia\/#breadcrumb","itemListElement":[{"@type":"ListItem","position":1,"name":"Strona g\u0142\u00f3wna","item":"https:\/\/roadeu.com\/sklep\/es\/"},{"@type":"ListItem","position":2,"name":"Tienda","item":"https:\/\/roadeu.com\/sklep\/es\/"},{"@type":"ListItem","position":3,"name":"Enchufe de pared 16A 5p IP44 con Schuko 230V e interruptor 0-1 con bloqueo"}]},{"@type":"WebSite","@id":"https:\/\/roadeu.com\/sklep\/es\/#website","url":"https:\/\/roadeu.com\/sklep\/es\/","name":"Road","description":"Hurtownia Elektryczna w Dzier\u017coniowie. Producent sprz\u0119tu elektrycznego.","publisher":{"@id":"https:\/\/roadeu.com\/sklep\/es\/#organization"},"potentialAction":[{"@type":"SearchAction","target":{"@type":"EntryPoint","urlTemplate":"https:\/\/roadeu.com\/sklep\/es\/?s={search_term_string}"},"query-input":{"@type":"PropertyValueSpecification","valueRequired":true,"valueName":"search_term_string"}}],"inLanguage":"es"},{"@type":"Organization","@id":"https:\/\/roadeu.com\/sklep\/es\/#organization","name":"Road","url":"https:\/\/roadeu.com\/sklep\/es\/","logo":{"@type":"ImageObject","inLanguage":"es","@id":"https:\/\/roadeu.com\/sklep\/es\/#\/schema\/logo\/image\/","url":"https:\/\/roadeu.com\/sklep\/wp-content\/uploads\/2025\/05\/logotype-lg-pl.png","contentUrl":"https:\/\/roadeu.com\/sklep\/wp-content\/uploads\/2025\/05\/logotype-lg-pl.png","width":300,"height":70,"caption":"Road"},"image":{"@id":"https:\/\/roadeu.com\/sklep\/es\/#\/schema\/logo\/image\/"}}]}},"_links":{"self":[{"href":"https:\/\/roadeu.com\/sklep\/es\/wp-json\/wp\/v2\/product\/20468","targetHints":{"allow":["GET"]}}],"collection":[{"href":"https:\/\/roadeu.com\/sklep\/es\/wp-json\/wp\/v2\/product"}],"about":[{"href":"https:\/\/roadeu.com\/sklep\/es\/wp-json\/wp\/v2\/types\/product"}],"wp:featuredmedia":[{"embeddable":true,"href":"https:\/\/roadeu.com\/sklep\/es\/wp-json\/wp\/v2\/media\/20478"}],"wp:attachment":[{"href":"https:\/\/roadeu.com\/sklep\/es\/wp-json\/wp\/v2\/media?parent=20468"}],"wp:term":[{"taxonomy":"product_brand","embeddable":true,"href":"https:\/\/roadeu.com\/sklep\/es\/wp-json\/wp\/v2\/product_brand?post=20468"},{"taxonomy":"product_cat","embeddable":true,"href":"https:\/\/roadeu.com\/sklep\/es\/wp-json\/wp\/v2\/product_cat?post=20468"},{"taxonomy":"product_tag","embeddable":true,"href":"https:\/\/roadeu.com\/sklep\/es\/wp-json\/wp\/v2\/product_tag?post=20468"}],"curies":[{"name":"wp","href":"https:\/\/api.w.org\/{rel}","templated":true}]}}