{"id":20421,"date":"2026-04-21T12:55:33","date_gmt":"2026-04-21T10:55:33","guid":{"rendered":"https:\/\/roadeu.com\/sklep\/?post_type=product&#038;p=20421"},"modified":"2026-04-21T13:01:35","modified_gmt":"2026-04-21T11:01:35","slug":"distribuidor-de-tomas-cee-ip44-1x-cee-16a-5p-400v-2x-schuko-230v-kopia","status":"publish","type":"product","link":"https:\/\/roadeu.com\/sklep\/es\/produkt\/distribuidor-de-tomas-cee-ip44-1x-cee-16a-5p-400v-2x-schuko-230v-kopia\/","title":{"rendered":"Distribuidor de tomas CEE IP44 | 1x CEE 32A 5P + 1x CEE 16A 5P + 4x Schuko 230V"},"content":{"rendered":"<p><strong>  Informaci\u00f3n sobre este art\u00edculo<\/strong><\/p>\n<p><strong>EL DISTRIBUIDOR DE ENERG\u00cdA<\/strong> est\u00e1 formado por componentes fabricados en Europa. La seguridad de funcionamiento est\u00e1 garantizada por las estrictas normas europeas.  Nuestras tomas de corriente de alta intensidad y de 230 V son seguras para el usuario y los aparatos que maneja.<br \/>\nTomas de exterior <strong>PCE de alta calidad<\/strong> (producci\u00f3n austriaca) 380\/415V y Schuko 230V &#8211; componentes de nuestro distribuidor CEE.<br \/>\n<strong>Equipamiento<\/strong>: 4 tomas Schuko 230V 16A IP44 . 1x toma CEE 16A 5P 400V IP44. 1x toma CEE 32A 5P 400V IP44. La toma de superficie CEE combinada con una toma Schuko de 230 V es una soluci\u00f3n pr\u00e1ctica para muchas aplicaciones<br \/>\n<strong>STARKSTROM VERTEILER<\/strong> IP44 &#8211; a prueba de polvo y salpicaduras. Para uso en interiores y exteriores. Esta clase de estanqueidad te permite utilizar nuestro aparato en el taller, en el jard\u00edn o en la nave de producci\u00f3n<br \/>\n<strong>EL DISTRIBUIDOR DE PARED<\/strong> est\u00e1 precableado y listo para conectar. La caja de distribuci\u00f3n tambi\u00e9n contiene un prensaestopas PG16.  S\u00f3lo tienes que conectar el cable de alimentaci\u00f3n de 16 A a los terminales correspondientes y listo. En nuestros armarios de distribuci\u00f3n, las tomas de 230 V y CEE 16 A siempre est\u00e1n cableadas con cable de 2,5 mm2. Las tomas CEE 32A siempre est\u00e1n conectadas con cable de 4 mm2. <\/p>\n","protected":false},"excerpt":{"rendered":"<p><strong>Distribuidor de enchufes<\/strong><\/p>\n","protected":false},"featured_media":20429,"template":"","meta":[],"product_brand":[397],"product_cat":[398],"product_tag":[],"class_list":{"0":"post-20421","1":"product","2":"type-product","3":"status-publish","4":"has-post-thumbnail","6":"product_brand-carreteraeu","7":"product_cat-armadi-di-distribuzione-set-di-chiavi-a-bussola","9":"first","10":"instock","11":"taxable","12":"shipping-taxable","13":"purchasable","14":"product-type-simple"},"yoast_head":"<!-- This site is optimized with the Yoast SEO plugin v27.4 - https:\/\/yoast.com\/product\/yoast-seo-wordpress\/ -->\n<title>Distribuidor de tomas CEE IP44 | 1x CEE 32A 5P + 1x CEE 16A 5P + 4x Schuko 230V - Road<\/title>\n<meta name=\"robots\" content=\"index, follow, max-snippet:-1, max-image-preview:large, max-video-preview:-1\" \/>\n<link rel=\"canonical\" href=\"https:\/\/roadeu.com\/sklep\/es\/produkt\/distribuidor-de-tomas-cee-ip44-1x-cee-16a-5p-400v-2x-schuko-230v-kopia\/\" \/>\n<meta property=\"og:locale\" content=\"es_ES\" \/>\n<meta property=\"og:type\" content=\"article\" \/>\n<meta property=\"og:title\" content=\"Distribuidor de tomas CEE IP44 | 1x CEE 32A 5P + 1x CEE 16A 5P + 4x Schuko 230V - Road\" \/>\n<meta property=\"og:description\" content=\"Distribuidor de enchufes\" \/>\n<meta property=\"og:url\" content=\"https:\/\/roadeu.com\/sklep\/es\/produkt\/distribuidor-de-tomas-cee-ip44-1x-cee-16a-5p-400v-2x-schuko-230v-kopia\/\" \/>\n<meta property=\"og:site_name\" content=\"Road\" \/>\n<meta property=\"article:modified_time\" content=\"2026-04-21T11:01:35+00:00\" \/>\n<meta property=\"og:image\" content=\"https:\/\/roadeu.com\/sklep\/wp-content\/uploads\/2026\/04\/3-57.jpg\" \/>\n\t<meta property=\"og:image:width\" content=\"1212\" \/>\n\t<meta property=\"og:image:height\" content=\"1500\" \/>\n\t<meta property=\"og:image:type\" content=\"image\/jpeg\" \/>\n<meta name=\"twitter:card\" content=\"summary_large_image\" \/>\n<meta name=\"twitter:label1\" content=\"Tiempo de lectura\" \/>\n\t<meta name=\"twitter:data1\" content=\"1 minuto\" \/>\n<script type=\"application\/ld+json\" class=\"yoast-schema-graph\">{\"@context\":\"https:\\\/\\\/schema.org\",\"@graph\":[{\"@type\":\"WebPage\",\"@id\":\"https:\\\/\\\/roadeu.com\\\/sklep\\\/es\\\/produkt\\\/distribuidor-de-tomas-cee-ip44-1x-cee-16a-5p-400v-2x-schuko-230v-kopia\\\/\",\"url\":\"https:\\\/\\\/roadeu.com\\\/sklep\\\/es\\\/produkt\\\/distribuidor-de-tomas-cee-ip44-1x-cee-16a-5p-400v-2x-schuko-230v-kopia\\\/\",\"name\":\"Distribuidor de tomas CEE IP44 | 1x CEE 32A 5P + 1x CEE 16A 5P + 4x Schuko 230V - Road\",\"isPartOf\":{\"@id\":\"https:\\\/\\\/roadeu.com\\\/sklep\\\/es\\\/#website\"},\"primaryImageOfPage\":{\"@id\":\"https:\\\/\\\/roadeu.com\\\/sklep\\\/es\\\/produkt\\\/distribuidor-de-tomas-cee-ip44-1x-cee-16a-5p-400v-2x-schuko-230v-kopia\\\/#primaryimage\"},\"image\":{\"@id\":\"https:\\\/\\\/roadeu.com\\\/sklep\\\/es\\\/produkt\\\/distribuidor-de-tomas-cee-ip44-1x-cee-16a-5p-400v-2x-schuko-230v-kopia\\\/#primaryimage\"},\"thumbnailUrl\":\"https:\\\/\\\/roadeu.com\\\/sklep\\\/wp-content\\\/uploads\\\/2026\\\/04\\\/3-57.jpg\",\"datePublished\":\"2026-04-21T10:55:33+00:00\",\"dateModified\":\"2026-04-21T11:01:35+00:00\",\"breadcrumb\":{\"@id\":\"https:\\\/\\\/roadeu.com\\\/sklep\\\/es\\\/produkt\\\/distribuidor-de-tomas-cee-ip44-1x-cee-16a-5p-400v-2x-schuko-230v-kopia\\\/#breadcrumb\"},\"inLanguage\":\"es\",\"potentialAction\":[{\"@type\":\"ReadAction\",\"target\":[\"https:\\\/\\\/roadeu.com\\\/sklep\\\/es\\\/produkt\\\/distribuidor-de-tomas-cee-ip44-1x-cee-16a-5p-400v-2x-schuko-230v-kopia\\\/\"]}]},{\"@type\":\"ImageObject\",\"inLanguage\":\"es\",\"@id\":\"https:\\\/\\\/roadeu.com\\\/sklep\\\/es\\\/produkt\\\/distribuidor-de-tomas-cee-ip44-1x-cee-16a-5p-400v-2x-schuko-230v-kopia\\\/#primaryimage\",\"url\":\"https:\\\/\\\/roadeu.com\\\/sklep\\\/wp-content\\\/uploads\\\/2026\\\/04\\\/3-57.jpg\",\"contentUrl\":\"https:\\\/\\\/roadeu.com\\\/sklep\\\/wp-content\\\/uploads\\\/2026\\\/04\\\/3-57.jpg\",\"width\":1212,\"height\":1500},{\"@type\":\"BreadcrumbList\",\"@id\":\"https:\\\/\\\/roadeu.com\\\/sklep\\\/es\\\/produkt\\\/distribuidor-de-tomas-cee-ip44-1x-cee-16a-5p-400v-2x-schuko-230v-kopia\\\/#breadcrumb\",\"itemListElement\":[{\"@type\":\"ListItem\",\"position\":1,\"name\":\"Strona g\u0142\u00f3wna\",\"item\":\"https:\\\/\\\/roadeu.com\\\/sklep\\\/es\\\/\"},{\"@type\":\"ListItem\",\"position\":2,\"name\":\"Tienda\",\"item\":\"https:\\\/\\\/roadeu.com\\\/sklep\\\/es\\\/\"},{\"@type\":\"ListItem\",\"position\":3,\"name\":\"Distribuidor de tomas CEE IP44 | 1x CEE 32A 5P + 1x CEE 16A 5P + 4x Schuko 230V\"}]},{\"@type\":\"WebSite\",\"@id\":\"https:\\\/\\\/roadeu.com\\\/sklep\\\/es\\\/#website\",\"url\":\"https:\\\/\\\/roadeu.com\\\/sklep\\\/es\\\/\",\"name\":\"Road\",\"description\":\"Hurtownia Elektryczna w Dzier\u017coniowie. Producent sprz\u0119tu elektrycznego.\",\"publisher\":{\"@id\":\"https:\\\/\\\/roadeu.com\\\/sklep\\\/es\\\/#organization\"},\"potentialAction\":[{\"@type\":\"SearchAction\",\"target\":{\"@type\":\"EntryPoint\",\"urlTemplate\":\"https:\\\/\\\/roadeu.com\\\/sklep\\\/es\\\/?s={search_term_string}\"},\"query-input\":{\"@type\":\"PropertyValueSpecification\",\"valueRequired\":true,\"valueName\":\"search_term_string\"}}],\"inLanguage\":\"es\"},{\"@type\":\"Organization\",\"@id\":\"https:\\\/\\\/roadeu.com\\\/sklep\\\/es\\\/#organization\",\"name\":\"Road\",\"url\":\"https:\\\/\\\/roadeu.com\\\/sklep\\\/es\\\/\",\"logo\":{\"@type\":\"ImageObject\",\"inLanguage\":\"es\",\"@id\":\"https:\\\/\\\/roadeu.com\\\/sklep\\\/es\\\/#\\\/schema\\\/logo\\\/image\\\/\",\"url\":\"https:\\\/\\\/roadeu.com\\\/sklep\\\/wp-content\\\/uploads\\\/2025\\\/05\\\/logotype-lg-pl.png\",\"contentUrl\":\"https:\\\/\\\/roadeu.com\\\/sklep\\\/wp-content\\\/uploads\\\/2025\\\/05\\\/logotype-lg-pl.png\",\"width\":300,\"height\":70,\"caption\":\"Road\"},\"image\":{\"@id\":\"https:\\\/\\\/roadeu.com\\\/sklep\\\/es\\\/#\\\/schema\\\/logo\\\/image\\\/\"}}]}<\/script>\n<!-- \/ Yoast SEO plugin. -->","yoast_head_json":{"title":"Distribuidor de tomas CEE IP44 | 1x CEE 32A 5P + 1x CEE 16A 5P + 4x Schuko 230V - Road","robots":{"index":"index","follow":"follow","max-snippet":"max-snippet:-1","max-image-preview":"max-image-preview:large","max-video-preview":"max-video-preview:-1"},"canonical":"https:\/\/roadeu.com\/sklep\/es\/produkt\/distribuidor-de-tomas-cee-ip44-1x-cee-16a-5p-400v-2x-schuko-230v-kopia\/","og_locale":"es_ES","og_type":"article","og_title":"Distribuidor de tomas CEE IP44 | 1x CEE 32A 5P + 1x CEE 16A 5P + 4x Schuko 230V - Road","og_description":"Distribuidor de enchufes","og_url":"https:\/\/roadeu.com\/sklep\/es\/produkt\/distribuidor-de-tomas-cee-ip44-1x-cee-16a-5p-400v-2x-schuko-230v-kopia\/","og_site_name":"Road","article_modified_time":"2026-04-21T11:01:35+00:00","og_image":[{"width":1212,"height":1500,"url":"https:\/\/roadeu.com\/sklep\/wp-content\/uploads\/2026\/04\/3-57.jpg","type":"image\/jpeg"}],"twitter_card":"summary_large_image","twitter_misc":{"Tiempo de lectura":"1 minuto"},"schema":{"@context":"https:\/\/schema.org","@graph":[{"@type":"WebPage","@id":"https:\/\/roadeu.com\/sklep\/es\/produkt\/distribuidor-de-tomas-cee-ip44-1x-cee-16a-5p-400v-2x-schuko-230v-kopia\/","url":"https:\/\/roadeu.com\/sklep\/es\/produkt\/distribuidor-de-tomas-cee-ip44-1x-cee-16a-5p-400v-2x-schuko-230v-kopia\/","name":"Distribuidor de tomas CEE IP44 | 1x CEE 32A 5P + 1x CEE 16A 5P + 4x Schuko 230V - Road","isPartOf":{"@id":"https:\/\/roadeu.com\/sklep\/es\/#website"},"primaryImageOfPage":{"@id":"https:\/\/roadeu.com\/sklep\/es\/produkt\/distribuidor-de-tomas-cee-ip44-1x-cee-16a-5p-400v-2x-schuko-230v-kopia\/#primaryimage"},"image":{"@id":"https:\/\/roadeu.com\/sklep\/es\/produkt\/distribuidor-de-tomas-cee-ip44-1x-cee-16a-5p-400v-2x-schuko-230v-kopia\/#primaryimage"},"thumbnailUrl":"https:\/\/roadeu.com\/sklep\/wp-content\/uploads\/2026\/04\/3-57.jpg","datePublished":"2026-04-21T10:55:33+00:00","dateModified":"2026-04-21T11:01:35+00:00","breadcrumb":{"@id":"https:\/\/roadeu.com\/sklep\/es\/produkt\/distribuidor-de-tomas-cee-ip44-1x-cee-16a-5p-400v-2x-schuko-230v-kopia\/#breadcrumb"},"inLanguage":"es","potentialAction":[{"@type":"ReadAction","target":["https:\/\/roadeu.com\/sklep\/es\/produkt\/distribuidor-de-tomas-cee-ip44-1x-cee-16a-5p-400v-2x-schuko-230v-kopia\/"]}]},{"@type":"ImageObject","inLanguage":"es","@id":"https:\/\/roadeu.com\/sklep\/es\/produkt\/distribuidor-de-tomas-cee-ip44-1x-cee-16a-5p-400v-2x-schuko-230v-kopia\/#primaryimage","url":"https:\/\/roadeu.com\/sklep\/wp-content\/uploads\/2026\/04\/3-57.jpg","contentUrl":"https:\/\/roadeu.com\/sklep\/wp-content\/uploads\/2026\/04\/3-57.jpg","width":1212,"height":1500},{"@type":"BreadcrumbList","@id":"https:\/\/roadeu.com\/sklep\/es\/produkt\/distribuidor-de-tomas-cee-ip44-1x-cee-16a-5p-400v-2x-schuko-230v-kopia\/#breadcrumb","itemListElement":[{"@type":"ListItem","position":1,"name":"Strona g\u0142\u00f3wna","item":"https:\/\/roadeu.com\/sklep\/es\/"},{"@type":"ListItem","position":2,"name":"Tienda","item":"https:\/\/roadeu.com\/sklep\/es\/"},{"@type":"ListItem","position":3,"name":"Distribuidor de tomas CEE IP44 | 1x CEE 32A 5P + 1x CEE 16A 5P + 4x Schuko 230V"}]},{"@type":"WebSite","@id":"https:\/\/roadeu.com\/sklep\/es\/#website","url":"https:\/\/roadeu.com\/sklep\/es\/","name":"Road","description":"Hurtownia Elektryczna w Dzier\u017coniowie. Producent sprz\u0119tu elektrycznego.","publisher":{"@id":"https:\/\/roadeu.com\/sklep\/es\/#organization"},"potentialAction":[{"@type":"SearchAction","target":{"@type":"EntryPoint","urlTemplate":"https:\/\/roadeu.com\/sklep\/es\/?s={search_term_string}"},"query-input":{"@type":"PropertyValueSpecification","valueRequired":true,"valueName":"search_term_string"}}],"inLanguage":"es"},{"@type":"Organization","@id":"https:\/\/roadeu.com\/sklep\/es\/#organization","name":"Road","url":"https:\/\/roadeu.com\/sklep\/es\/","logo":{"@type":"ImageObject","inLanguage":"es","@id":"https:\/\/roadeu.com\/sklep\/es\/#\/schema\/logo\/image\/","url":"https:\/\/roadeu.com\/sklep\/wp-content\/uploads\/2025\/05\/logotype-lg-pl.png","contentUrl":"https:\/\/roadeu.com\/sklep\/wp-content\/uploads\/2025\/05\/logotype-lg-pl.png","width":300,"height":70,"caption":"Road"},"image":{"@id":"https:\/\/roadeu.com\/sklep\/es\/#\/schema\/logo\/image\/"}}]}},"_links":{"self":[{"href":"https:\/\/roadeu.com\/sklep\/es\/wp-json\/wp\/v2\/product\/20421","targetHints":{"allow":["GET"]}}],"collection":[{"href":"https:\/\/roadeu.com\/sklep\/es\/wp-json\/wp\/v2\/product"}],"about":[{"href":"https:\/\/roadeu.com\/sklep\/es\/wp-json\/wp\/v2\/types\/product"}],"wp:featuredmedia":[{"embeddable":true,"href":"https:\/\/roadeu.com\/sklep\/es\/wp-json\/wp\/v2\/media\/20429"}],"wp:attachment":[{"href":"https:\/\/roadeu.com\/sklep\/es\/wp-json\/wp\/v2\/media?parent=20421"}],"wp:term":[{"taxonomy":"product_brand","embeddable":true,"href":"https:\/\/roadeu.com\/sklep\/es\/wp-json\/wp\/v2\/product_brand?post=20421"},{"taxonomy":"product_cat","embeddable":true,"href":"https:\/\/roadeu.com\/sklep\/es\/wp-json\/wp\/v2\/product_cat?post=20421"},{"taxonomy":"product_tag","embeddable":true,"href":"https:\/\/roadeu.com\/sklep\/es\/wp-json\/wp\/v2\/product_tag?post=20421"}],"curies":[{"name":"wp","href":"https:\/\/api.w.org\/{rel}","templated":true}]}}