{"id":14977,"date":"2025-07-17T13:10:49","date_gmt":"2025-07-17T11:10:49","guid":{"rendered":"https:\/\/roadeu.com\/sklep\/produkt\/interruptor-de-jardin-de-taller-2x-lampara-led-230v-1x-c16a\/"},"modified":"2026-01-05T14:34:25","modified_gmt":"2026-01-05T13:34:25","slug":"interruptor-de-jardin-de-taller-2x-lampara-led-230v-1x-c16a","status":"publish","type":"product","link":"https:\/\/roadeu.com\/sklep\/es\/produkt\/interruptor-de-jardin-de-taller-2x-lampara-led-230v-1x-c16a\/","title":{"rendered":"Interruptor de jard\u00edn de taller 2x l\u00e1mpara LED 230V + 1x C16A"},"content":{"rendered":"<p>&nbsp;<\/p>\n<ul>\n<li>El <b>cuadro de distribuci\u00f3n el\u00e9ctrica<\/b> est\u00e1 cableado y listo para la conexi\u00f3n. La carcasa est\u00e1 equipada con   <\/li>\n<\/ul>\n<p>en regletas N+PE. Tambi\u00e9n se incluye un prensaestopas PG16.  <\/p>\n<p>&nbsp;<\/p>\n<ul>\n<li><b>La L\u00c1MPARA DE SE\u00d1AL<\/b> sirve como indicador de la se\u00f1al de tensi\u00f3n en los circuitos el\u00e9ctricos.<\/li>\n<\/ul>\n<p>La informaci\u00f3n sobre la tensi\u00f3n de un circuito aumenta la seguridad al utilizar el aparato<\/p>\n<p>&nbsp;<\/p>\n<p><b>Equipamiento<\/b>:<\/p>\n<p>1x disyuntor de sobreintensidad C16A 1P<\/p>\n<p>1x indicador luminoso<\/p>\n<p>&nbsp;<\/p>\n<ul>\n<li><b>EQUIPAMIENTO<\/b>: El distribuidor ofrece 2 tomas de 230V 16A IP44 que se adaptan a cualquier enchufe recto o acodado de 230V.<\/li>\n<\/ul>\n<p>La estructura est\u00e1 dise\u00f1ada para montarla f\u00e1cilmente en la pared y es ideal para uso en interiores y exteriores.<\/p>\n<p>&nbsp;<\/p>\n<ul>\n<li><b>GARANT\u00cdA DE CALIDAD<\/b> &#8211; Estamos convencidos de la calidad de este producto y esperamos que quedes satisfecho.<\/li>\n<\/ul>\n<p>Si no es as\u00ed, \u00a1no te preocupes! Simplemente devu\u00e9lvelo y recibir\u00e1s un reembolso completo.  <\/p>\n<p>&nbsp;<\/p>\n<p>Dimensiones: 24x16x1<\/p>\n","protected":false},"excerpt":{"rendered":"<h1 class=\"mp4t_0 mryx_0 mj7a_4 mvrt_8 mp0t_ji m9qz_yo munh_0 mqu1_1j mgmw_wo mgn2_21 mgn2_25_s\"><span style=\"font-size: 12pt;\">Interruptor de jard\u00edn de taller 2x l\u00e1mpara LED 230V + 1x C16A<\/span><\/h1>\n","protected":false},"featured_media":14981,"template":"","meta":[],"product_brand":[397],"product_cat":[398],"product_tag":[],"class_list":{"0":"post-14977","1":"product","2":"type-product","3":"status-publish","4":"has-post-thumbnail","6":"product_brand-carreteraeu","7":"product_cat-armadi-di-distribuzione-set-di-chiavi-a-bussola","9":"first","10":"instock","11":"taxable","12":"shipping-taxable","13":"purchasable","14":"product-type-simple"},"yoast_head":"<!-- This site is optimized with the Yoast SEO plugin v27.3 - https:\/\/yoast.com\/product\/yoast-seo-wordpress\/ -->\n<title>Interruptor de jard\u00edn de taller 2x l\u00e1mpara LED 230V + 1x C16A - Road<\/title>\n<meta name=\"robots\" content=\"index, follow, max-snippet:-1, max-image-preview:large, max-video-preview:-1\" \/>\n<link rel=\"canonical\" href=\"https:\/\/roadeu.com\/sklep\/es\/produkt\/interruptor-de-jardin-de-taller-2x-lampara-led-230v-1x-c16a\/\" \/>\n<meta property=\"og:locale\" content=\"es_ES\" \/>\n<meta property=\"og:type\" content=\"article\" \/>\n<meta property=\"og:title\" content=\"Interruptor de jard\u00edn de taller 2x l\u00e1mpara LED 230V + 1x C16A - Road\" \/>\n<meta property=\"og:description\" content=\"Interruptor de jard\u00edn de taller 2x l\u00e1mpara LED 230V + 1x C16A\" \/>\n<meta property=\"og:url\" content=\"https:\/\/roadeu.com\/sklep\/es\/produkt\/interruptor-de-jardin-de-taller-2x-lampara-led-230v-1x-c16a\/\" \/>\n<meta property=\"og:site_name\" content=\"Road\" \/>\n<meta property=\"article:modified_time\" content=\"2026-01-05T13:34:25+00:00\" \/>\n<meta property=\"og:image\" content=\"https:\/\/roadeu.com\/sklep\/wp-content\/uploads\/2025\/07\/66866001494c8954676e4837461e.jpg\" \/>\n\t<meta property=\"og:image:width\" content=\"1178\" \/>\n\t<meta property=\"og:image:height\" content=\"1361\" \/>\n\t<meta property=\"og:image:type\" content=\"image\/jpeg\" \/>\n<meta name=\"twitter:card\" content=\"summary_large_image\" \/>\n<meta name=\"twitter:label1\" content=\"Tiempo de lectura\" \/>\n\t<meta name=\"twitter:data1\" content=\"1 minuto\" \/>\n<script type=\"application\/ld+json\" class=\"yoast-schema-graph\">{\"@context\":\"https:\\\/\\\/schema.org\",\"@graph\":[{\"@type\":\"WebPage\",\"@id\":\"https:\\\/\\\/roadeu.com\\\/sklep\\\/es\\\/produkt\\\/interruptor-de-jardin-de-taller-2x-lampara-led-230v-1x-c16a\\\/\",\"url\":\"https:\\\/\\\/roadeu.com\\\/sklep\\\/es\\\/produkt\\\/interruptor-de-jardin-de-taller-2x-lampara-led-230v-1x-c16a\\\/\",\"name\":\"Interruptor de jard\u00edn de taller 2x l\u00e1mpara LED 230V + 1x C16A - Road\",\"isPartOf\":{\"@id\":\"https:\\\/\\\/roadeu.com\\\/sklep\\\/es\\\/#website\"},\"primaryImageOfPage\":{\"@id\":\"https:\\\/\\\/roadeu.com\\\/sklep\\\/es\\\/produkt\\\/interruptor-de-jardin-de-taller-2x-lampara-led-230v-1x-c16a\\\/#primaryimage\"},\"image\":{\"@id\":\"https:\\\/\\\/roadeu.com\\\/sklep\\\/es\\\/produkt\\\/interruptor-de-jardin-de-taller-2x-lampara-led-230v-1x-c16a\\\/#primaryimage\"},\"thumbnailUrl\":\"https:\\\/\\\/roadeu.com\\\/sklep\\\/wp-content\\\/uploads\\\/2025\\\/07\\\/66866001494c8954676e4837461e.jpg\",\"datePublished\":\"2025-07-17T11:10:49+00:00\",\"dateModified\":\"2026-01-05T13:34:25+00:00\",\"breadcrumb\":{\"@id\":\"https:\\\/\\\/roadeu.com\\\/sklep\\\/es\\\/produkt\\\/interruptor-de-jardin-de-taller-2x-lampara-led-230v-1x-c16a\\\/#breadcrumb\"},\"inLanguage\":\"es\",\"potentialAction\":[{\"@type\":\"ReadAction\",\"target\":[\"https:\\\/\\\/roadeu.com\\\/sklep\\\/es\\\/produkt\\\/interruptor-de-jardin-de-taller-2x-lampara-led-230v-1x-c16a\\\/\"]}]},{\"@type\":\"ImageObject\",\"inLanguage\":\"es\",\"@id\":\"https:\\\/\\\/roadeu.com\\\/sklep\\\/es\\\/produkt\\\/interruptor-de-jardin-de-taller-2x-lampara-led-230v-1x-c16a\\\/#primaryimage\",\"url\":\"https:\\\/\\\/roadeu.com\\\/sklep\\\/wp-content\\\/uploads\\\/2025\\\/07\\\/66866001494c8954676e4837461e.jpg\",\"contentUrl\":\"https:\\\/\\\/roadeu.com\\\/sklep\\\/wp-content\\\/uploads\\\/2025\\\/07\\\/66866001494c8954676e4837461e.jpg\",\"width\":1178,\"height\":1361},{\"@type\":\"BreadcrumbList\",\"@id\":\"https:\\\/\\\/roadeu.com\\\/sklep\\\/es\\\/produkt\\\/interruptor-de-jardin-de-taller-2x-lampara-led-230v-1x-c16a\\\/#breadcrumb\",\"itemListElement\":[{\"@type\":\"ListItem\",\"position\":1,\"name\":\"Strona g\u0142\u00f3wna\",\"item\":\"https:\\\/\\\/roadeu.com\\\/sklep\\\/es\\\/\"},{\"@type\":\"ListItem\",\"position\":2,\"name\":\"Tienda\",\"item\":\"https:\\\/\\\/roadeu.com\\\/sklep\\\/es\\\/\"},{\"@type\":\"ListItem\",\"position\":3,\"name\":\"Interruptor de jard\u00edn de taller 2x l\u00e1mpara LED 230V + 1x C16A\"}]},{\"@type\":\"WebSite\",\"@id\":\"https:\\\/\\\/roadeu.com\\\/sklep\\\/es\\\/#website\",\"url\":\"https:\\\/\\\/roadeu.com\\\/sklep\\\/es\\\/\",\"name\":\"Road\",\"description\":\"Hurtownia Elektryczna w Dzier\u017coniowie. Producent sprz\u0119tu elektrycznego.\",\"potentialAction\":[{\"@type\":\"SearchAction\",\"target\":{\"@type\":\"EntryPoint\",\"urlTemplate\":\"https:\\\/\\\/roadeu.com\\\/sklep\\\/es\\\/?s={search_term_string}\"},\"query-input\":{\"@type\":\"PropertyValueSpecification\",\"valueRequired\":true,\"valueName\":\"search_term_string\"}}],\"inLanguage\":\"es\"}]}<\/script>\n<!-- \/ Yoast SEO plugin. -->","yoast_head_json":{"title":"Interruptor de jard\u00edn de taller 2x l\u00e1mpara LED 230V + 1x C16A - Road","robots":{"index":"index","follow":"follow","max-snippet":"max-snippet:-1","max-image-preview":"max-image-preview:large","max-video-preview":"max-video-preview:-1"},"canonical":"https:\/\/roadeu.com\/sklep\/es\/produkt\/interruptor-de-jardin-de-taller-2x-lampara-led-230v-1x-c16a\/","og_locale":"es_ES","og_type":"article","og_title":"Interruptor de jard\u00edn de taller 2x l\u00e1mpara LED 230V + 1x C16A - Road","og_description":"Interruptor de jard\u00edn de taller 2x l\u00e1mpara LED 230V + 1x C16A","og_url":"https:\/\/roadeu.com\/sklep\/es\/produkt\/interruptor-de-jardin-de-taller-2x-lampara-led-230v-1x-c16a\/","og_site_name":"Road","article_modified_time":"2026-01-05T13:34:25+00:00","og_image":[{"width":1178,"height":1361,"url":"https:\/\/roadeu.com\/sklep\/wp-content\/uploads\/2025\/07\/66866001494c8954676e4837461e.jpg","type":"image\/jpeg"}],"twitter_card":"summary_large_image","twitter_misc":{"Tiempo de lectura":"1 minuto"},"schema":{"@context":"https:\/\/schema.org","@graph":[{"@type":"WebPage","@id":"https:\/\/roadeu.com\/sklep\/es\/produkt\/interruptor-de-jardin-de-taller-2x-lampara-led-230v-1x-c16a\/","url":"https:\/\/roadeu.com\/sklep\/es\/produkt\/interruptor-de-jardin-de-taller-2x-lampara-led-230v-1x-c16a\/","name":"Interruptor de jard\u00edn de taller 2x l\u00e1mpara LED 230V + 1x C16A - Road","isPartOf":{"@id":"https:\/\/roadeu.com\/sklep\/es\/#website"},"primaryImageOfPage":{"@id":"https:\/\/roadeu.com\/sklep\/es\/produkt\/interruptor-de-jardin-de-taller-2x-lampara-led-230v-1x-c16a\/#primaryimage"},"image":{"@id":"https:\/\/roadeu.com\/sklep\/es\/produkt\/interruptor-de-jardin-de-taller-2x-lampara-led-230v-1x-c16a\/#primaryimage"},"thumbnailUrl":"https:\/\/roadeu.com\/sklep\/wp-content\/uploads\/2025\/07\/66866001494c8954676e4837461e.jpg","datePublished":"2025-07-17T11:10:49+00:00","dateModified":"2026-01-05T13:34:25+00:00","breadcrumb":{"@id":"https:\/\/roadeu.com\/sklep\/es\/produkt\/interruptor-de-jardin-de-taller-2x-lampara-led-230v-1x-c16a\/#breadcrumb"},"inLanguage":"es","potentialAction":[{"@type":"ReadAction","target":["https:\/\/roadeu.com\/sklep\/es\/produkt\/interruptor-de-jardin-de-taller-2x-lampara-led-230v-1x-c16a\/"]}]},{"@type":"ImageObject","inLanguage":"es","@id":"https:\/\/roadeu.com\/sklep\/es\/produkt\/interruptor-de-jardin-de-taller-2x-lampara-led-230v-1x-c16a\/#primaryimage","url":"https:\/\/roadeu.com\/sklep\/wp-content\/uploads\/2025\/07\/66866001494c8954676e4837461e.jpg","contentUrl":"https:\/\/roadeu.com\/sklep\/wp-content\/uploads\/2025\/07\/66866001494c8954676e4837461e.jpg","width":1178,"height":1361},{"@type":"BreadcrumbList","@id":"https:\/\/roadeu.com\/sklep\/es\/produkt\/interruptor-de-jardin-de-taller-2x-lampara-led-230v-1x-c16a\/#breadcrumb","itemListElement":[{"@type":"ListItem","position":1,"name":"Strona g\u0142\u00f3wna","item":"https:\/\/roadeu.com\/sklep\/es\/"},{"@type":"ListItem","position":2,"name":"Tienda","item":"https:\/\/roadeu.com\/sklep\/es\/"},{"@type":"ListItem","position":3,"name":"Interruptor de jard\u00edn de taller 2x l\u00e1mpara LED 230V + 1x C16A"}]},{"@type":"WebSite","@id":"https:\/\/roadeu.com\/sklep\/es\/#website","url":"https:\/\/roadeu.com\/sklep\/es\/","name":"Road","description":"Hurtownia Elektryczna w Dzier\u017coniowie. Producent sprz\u0119tu elektrycznego.","potentialAction":[{"@type":"SearchAction","target":{"@type":"EntryPoint","urlTemplate":"https:\/\/roadeu.com\/sklep\/es\/?s={search_term_string}"},"query-input":{"@type":"PropertyValueSpecification","valueRequired":true,"valueName":"search_term_string"}}],"inLanguage":"es"}]}},"_links":{"self":[{"href":"https:\/\/roadeu.com\/sklep\/es\/wp-json\/wp\/v2\/product\/14977","targetHints":{"allow":["GET"]}}],"collection":[{"href":"https:\/\/roadeu.com\/sklep\/es\/wp-json\/wp\/v2\/product"}],"about":[{"href":"https:\/\/roadeu.com\/sklep\/es\/wp-json\/wp\/v2\/types\/product"}],"wp:featuredmedia":[{"embeddable":true,"href":"https:\/\/roadeu.com\/sklep\/es\/wp-json\/wp\/v2\/media\/14981"}],"wp:attachment":[{"href":"https:\/\/roadeu.com\/sklep\/es\/wp-json\/wp\/v2\/media?parent=14977"}],"wp:term":[{"taxonomy":"product_brand","embeddable":true,"href":"https:\/\/roadeu.com\/sklep\/es\/wp-json\/wp\/v2\/product_brand?post=14977"},{"taxonomy":"product_cat","embeddable":true,"href":"https:\/\/roadeu.com\/sklep\/es\/wp-json\/wp\/v2\/product_cat?post=14977"},{"taxonomy":"product_tag","embeddable":true,"href":"https:\/\/roadeu.com\/sklep\/es\/wp-json\/wp\/v2\/product_tag?post=14977"}],"curies":[{"name":"wp","href":"https:\/\/api.w.org\/{rel}","templated":true}]}}