{"id":14941,"date":"2025-07-17T12:43:23","date_gmt":"2025-07-17T10:43:23","guid":{"rendered":"https:\/\/roadeu.com\/sklep\/produkt\/aparamenta-de-taller-de-jardineria-2x-230v-equipada-con-2x-c16-pp\/"},"modified":"2026-01-05T14:34:23","modified_gmt":"2026-01-05T13:34:23","slug":"aparamenta-de-taller-de-jardineria-2x-230v-equipada-con-2x-c16-pp","status":"publish","type":"product","link":"https:\/\/roadeu.com\/sklep\/es\/produkt\/aparamenta-de-taller-de-jardineria-2x-230v-equipada-con-2x-c16-pp\/","title":{"rendered":"Aparamenta de taller de jardiner\u00eda 2x 230V equipada con 2x C16 + PP"},"content":{"rendered":"<div class=\"app-container\">\n<div class=\"mgn2_14 mp0t_0a mqu1_21 mli8_k4 mgmw_wo msts_pt _0d3bd_K6Qpj\">\n<div class=\"mpof_ki myre_zn myre_8v_l m389_6m_l\">\n<div class=\"mp4t_16_s mryx_16_s mr3m_1 mli2_1 mh85_56 mh85_0_l\">\n<div class=\"mgn2_16 _0d3bd_am0a-\">\n<ul>\n<li>El <b>cuadro de distribuci\u00f3n el\u00e9ctrica<\/b> est\u00e1 cableado y listo para la conexi\u00f3n. La carcasa est\u00e1 equipada con   <\/li>\n<\/ul>\n<p>en regletas N+PE. Tambi\u00e9n se incluye un prensaestopas PG16.  <\/p>\n<p>\u00a0<\/p>\n<ul>\n<li><b>DISPOSITIVO <\/b> \u2013 S\u00f3lo una l\u00ednea de alimentaci\u00f3n, menos agujeros, menos cables. Carcasa sellada IP44   <\/li>\n<\/ul>\n<p>para uso en interiores y exteriores. Los disyuntores de sobreintensidad y el interruptor diferencial garantizan la seguridad necesaria.   <\/p>\n<p>\u00a0<\/p>\n<p><b>Equipamiento<\/b>:<\/p>\n<p>1x disyuntor Fi 25A tipo A\/AC 30mA 2P,<\/p>\n<p>2x disyuntor de sobreintensidad C16A 1P con barra colectora de fase.<\/p>\n<p>\u00a0<\/p>\n<ul>\n<li><b>EQUIPAMIENTO<\/b>: El distribuidor ofrece 2 tomas de 230V 16A IP44 que se adaptan a cualquier enchufe recto o acodado de 230V.<\/li>\n<\/ul>\n<p>La estructura est\u00e1 dise\u00f1ada para montarla f\u00e1cilmente en la pared y es ideal para uso en interiores y exteriores.<\/p>\n<p>\u00a0<\/p>\n<ul>\n<li><b>GARANT\u00cdA DE CALIDAD<\/b> \u2013 Estamos convencidos de la calidad de este producto y esperamos que quedes satisfecho. Por lo dem\u00e1s,   <\/li>\n<\/ul>\n<p>No te preocupes. Simplemente devu\u00e9lvelo y recibir\u00e1s un reembolso completo.  <\/p>\n<p>\u00a0<\/p>\n<p>Dimensiones: 24x16x11 cm<\/p>\n<\/div>\n<\/div>\n<\/div>\n<\/div>\n<\/div>\n","protected":false},"excerpt":{"rendered":"<h1 class=\"mp4t_0 mryx_0 mj7a_4 mvrt_8 mp0t_ji m9qz_yo munh_0 mqu1_1j mgmw_wo mgn2_21 mgn2_25_s\"><span style=\"font-size: 12pt;\">Aparamenta de taller de jardiner\u00eda 2x 230V equipada con 2x C16 + PP<\/span><\/h1>\n","protected":false},"featured_media":14948,"template":"","meta":[],"product_brand":[397],"product_cat":[398],"product_tag":[],"class_list":{"0":"post-14941","1":"product","2":"type-product","3":"status-publish","4":"has-post-thumbnail","6":"product_brand-carreteraeu","7":"product_cat-armadi-di-distribuzione-set-di-chiavi-a-bussola","9":"first","10":"instock","11":"taxable","12":"shipping-taxable","13":"purchasable","14":"product-type-simple"},"yoast_head":"<!-- This site is optimized with the Yoast SEO plugin v27.5 - https:\/\/yoast.com\/product\/yoast-seo-wordpress\/ -->\n<title>Aparamenta de taller de jardiner\u00eda 2x 230V equipada con 2x C16 + PP - Road<\/title>\n<meta name=\"robots\" content=\"index, follow, max-snippet:-1, max-image-preview:large, max-video-preview:-1\" \/>\n<link rel=\"canonical\" href=\"https:\/\/roadeu.com\/sklep\/es\/produkt\/aparamenta-de-taller-de-jardineria-2x-230v-equipada-con-2x-c16-pp\/\" \/>\n<meta property=\"og:locale\" content=\"es_ES\" \/>\n<meta property=\"og:type\" content=\"article\" \/>\n<meta property=\"og:title\" content=\"Aparamenta de taller de jardiner\u00eda 2x 230V equipada con 2x C16 + PP - Road\" \/>\n<meta property=\"og:description\" content=\"Aparamenta de taller de jardiner\u00eda 2x 230V equipada con 2x C16 + PP\" \/>\n<meta property=\"og:url\" content=\"https:\/\/roadeu.com\/sklep\/es\/produkt\/aparamenta-de-taller-de-jardineria-2x-230v-equipada-con-2x-c16-pp\/\" \/>\n<meta property=\"og:site_name\" content=\"Road\" \/>\n<meta property=\"article:modified_time\" content=\"2026-01-05T13:34:23+00:00\" \/>\n<meta property=\"og:image\" content=\"https:\/\/roadeu.com\/sklep\/wp-content\/uploads\/2025\/07\/de6c444f48a88a4bb1f668ae9bbd.jpg\" \/>\n\t<meta property=\"og:image:width\" content=\"1366\" \/>\n\t<meta property=\"og:image:height\" content=\"1637\" \/>\n\t<meta property=\"og:image:type\" content=\"image\/jpeg\" \/>\n<meta name=\"twitter:card\" content=\"summary_large_image\" \/>\n<meta name=\"twitter:label1\" content=\"Tiempo de lectura\" \/>\n\t<meta name=\"twitter:data1\" content=\"1 minuto\" \/>\n<script type=\"application\/ld+json\" class=\"yoast-schema-graph\">{\"@context\":\"https:\\\/\\\/schema.org\",\"@graph\":[{\"@type\":\"WebPage\",\"@id\":\"https:\\\/\\\/roadeu.com\\\/sklep\\\/es\\\/produkt\\\/aparamenta-de-taller-de-jardineria-2x-230v-equipada-con-2x-c16-pp\\\/\",\"url\":\"https:\\\/\\\/roadeu.com\\\/sklep\\\/es\\\/produkt\\\/aparamenta-de-taller-de-jardineria-2x-230v-equipada-con-2x-c16-pp\\\/\",\"name\":\"Aparamenta de taller de jardiner\u00eda 2x 230V equipada con 2x C16 + PP - Road\",\"isPartOf\":{\"@id\":\"https:\\\/\\\/roadeu.com\\\/sklep\\\/es\\\/#website\"},\"primaryImageOfPage\":{\"@id\":\"https:\\\/\\\/roadeu.com\\\/sklep\\\/es\\\/produkt\\\/aparamenta-de-taller-de-jardineria-2x-230v-equipada-con-2x-c16-pp\\\/#primaryimage\"},\"image\":{\"@id\":\"https:\\\/\\\/roadeu.com\\\/sklep\\\/es\\\/produkt\\\/aparamenta-de-taller-de-jardineria-2x-230v-equipada-con-2x-c16-pp\\\/#primaryimage\"},\"thumbnailUrl\":\"https:\\\/\\\/roadeu.com\\\/sklep\\\/wp-content\\\/uploads\\\/2025\\\/07\\\/de6c444f48a88a4bb1f668ae9bbd.jpg\",\"datePublished\":\"2025-07-17T10:43:23+00:00\",\"dateModified\":\"2026-01-05T13:34:23+00:00\",\"breadcrumb\":{\"@id\":\"https:\\\/\\\/roadeu.com\\\/sklep\\\/es\\\/produkt\\\/aparamenta-de-taller-de-jardineria-2x-230v-equipada-con-2x-c16-pp\\\/#breadcrumb\"},\"inLanguage\":\"es\",\"potentialAction\":[{\"@type\":\"ReadAction\",\"target\":[\"https:\\\/\\\/roadeu.com\\\/sklep\\\/es\\\/produkt\\\/aparamenta-de-taller-de-jardineria-2x-230v-equipada-con-2x-c16-pp\\\/\"]}]},{\"@type\":\"ImageObject\",\"inLanguage\":\"es\",\"@id\":\"https:\\\/\\\/roadeu.com\\\/sklep\\\/es\\\/produkt\\\/aparamenta-de-taller-de-jardineria-2x-230v-equipada-con-2x-c16-pp\\\/#primaryimage\",\"url\":\"https:\\\/\\\/roadeu.com\\\/sklep\\\/wp-content\\\/uploads\\\/2025\\\/07\\\/de6c444f48a88a4bb1f668ae9bbd.jpg\",\"contentUrl\":\"https:\\\/\\\/roadeu.com\\\/sklep\\\/wp-content\\\/uploads\\\/2025\\\/07\\\/de6c444f48a88a4bb1f668ae9bbd.jpg\",\"width\":1366,\"height\":1637},{\"@type\":\"BreadcrumbList\",\"@id\":\"https:\\\/\\\/roadeu.com\\\/sklep\\\/es\\\/produkt\\\/aparamenta-de-taller-de-jardineria-2x-230v-equipada-con-2x-c16-pp\\\/#breadcrumb\",\"itemListElement\":[{\"@type\":\"ListItem\",\"position\":1,\"name\":\"Strona g\u0142\u00f3wna\",\"item\":\"https:\\\/\\\/roadeu.com\\\/sklep\\\/es\\\/\"},{\"@type\":\"ListItem\",\"position\":2,\"name\":\"Tienda\",\"item\":\"https:\\\/\\\/roadeu.com\\\/sklep\\\/es\\\/\"},{\"@type\":\"ListItem\",\"position\":3,\"name\":\"Aparamenta de taller de jardiner\u00eda 2x 230V equipada con 2x C16 + PP\"}]},{\"@type\":\"WebSite\",\"@id\":\"https:\\\/\\\/roadeu.com\\\/sklep\\\/es\\\/#website\",\"url\":\"https:\\\/\\\/roadeu.com\\\/sklep\\\/es\\\/\",\"name\":\"Road\",\"description\":\"Hurtownia Elektryczna w Dzier\u017coniowie. Producent sprz\u0119tu elektrycznego.\",\"publisher\":{\"@id\":\"https:\\\/\\\/roadeu.com\\\/sklep\\\/es\\\/#organization\"},\"potentialAction\":[{\"@type\":\"SearchAction\",\"target\":{\"@type\":\"EntryPoint\",\"urlTemplate\":\"https:\\\/\\\/roadeu.com\\\/sklep\\\/es\\\/?s={search_term_string}\"},\"query-input\":{\"@type\":\"PropertyValueSpecification\",\"valueRequired\":true,\"valueName\":\"search_term_string\"}}],\"inLanguage\":\"es\"},{\"@type\":\"Organization\",\"@id\":\"https:\\\/\\\/roadeu.com\\\/sklep\\\/es\\\/#organization\",\"name\":\"Road\",\"url\":\"https:\\\/\\\/roadeu.com\\\/sklep\\\/es\\\/\",\"logo\":{\"@type\":\"ImageObject\",\"inLanguage\":\"es\",\"@id\":\"https:\\\/\\\/roadeu.com\\\/sklep\\\/es\\\/#\\\/schema\\\/logo\\\/image\\\/\",\"url\":\"https:\\\/\\\/roadeu.com\\\/sklep\\\/wp-content\\\/uploads\\\/2025\\\/05\\\/logotype-lg-pl.png\",\"contentUrl\":\"https:\\\/\\\/roadeu.com\\\/sklep\\\/wp-content\\\/uploads\\\/2025\\\/05\\\/logotype-lg-pl.png\",\"width\":300,\"height\":70,\"caption\":\"Road\"},\"image\":{\"@id\":\"https:\\\/\\\/roadeu.com\\\/sklep\\\/es\\\/#\\\/schema\\\/logo\\\/image\\\/\"}}]}<\/script>\n<!-- \/ Yoast SEO plugin. -->","yoast_head_json":{"title":"Aparamenta de taller de jardiner\u00eda 2x 230V equipada con 2x C16 + PP - Road","robots":{"index":"index","follow":"follow","max-snippet":"max-snippet:-1","max-image-preview":"max-image-preview:large","max-video-preview":"max-video-preview:-1"},"canonical":"https:\/\/roadeu.com\/sklep\/es\/produkt\/aparamenta-de-taller-de-jardineria-2x-230v-equipada-con-2x-c16-pp\/","og_locale":"es_ES","og_type":"article","og_title":"Aparamenta de taller de jardiner\u00eda 2x 230V equipada con 2x C16 + PP - Road","og_description":"Aparamenta de taller de jardiner\u00eda 2x 230V equipada con 2x C16 + PP","og_url":"https:\/\/roadeu.com\/sklep\/es\/produkt\/aparamenta-de-taller-de-jardineria-2x-230v-equipada-con-2x-c16-pp\/","og_site_name":"Road","article_modified_time":"2026-01-05T13:34:23+00:00","og_image":[{"width":1366,"height":1637,"url":"https:\/\/roadeu.com\/sklep\/wp-content\/uploads\/2025\/07\/de6c444f48a88a4bb1f668ae9bbd.jpg","type":"image\/jpeg"}],"twitter_card":"summary_large_image","twitter_misc":{"Tiempo de lectura":"1 minuto"},"schema":{"@context":"https:\/\/schema.org","@graph":[{"@type":"WebPage","@id":"https:\/\/roadeu.com\/sklep\/es\/produkt\/aparamenta-de-taller-de-jardineria-2x-230v-equipada-con-2x-c16-pp\/","url":"https:\/\/roadeu.com\/sklep\/es\/produkt\/aparamenta-de-taller-de-jardineria-2x-230v-equipada-con-2x-c16-pp\/","name":"Aparamenta de taller de jardiner\u00eda 2x 230V equipada con 2x C16 + PP - Road","isPartOf":{"@id":"https:\/\/roadeu.com\/sklep\/es\/#website"},"primaryImageOfPage":{"@id":"https:\/\/roadeu.com\/sklep\/es\/produkt\/aparamenta-de-taller-de-jardineria-2x-230v-equipada-con-2x-c16-pp\/#primaryimage"},"image":{"@id":"https:\/\/roadeu.com\/sklep\/es\/produkt\/aparamenta-de-taller-de-jardineria-2x-230v-equipada-con-2x-c16-pp\/#primaryimage"},"thumbnailUrl":"https:\/\/roadeu.com\/sklep\/wp-content\/uploads\/2025\/07\/de6c444f48a88a4bb1f668ae9bbd.jpg","datePublished":"2025-07-17T10:43:23+00:00","dateModified":"2026-01-05T13:34:23+00:00","breadcrumb":{"@id":"https:\/\/roadeu.com\/sklep\/es\/produkt\/aparamenta-de-taller-de-jardineria-2x-230v-equipada-con-2x-c16-pp\/#breadcrumb"},"inLanguage":"es","potentialAction":[{"@type":"ReadAction","target":["https:\/\/roadeu.com\/sklep\/es\/produkt\/aparamenta-de-taller-de-jardineria-2x-230v-equipada-con-2x-c16-pp\/"]}]},{"@type":"ImageObject","inLanguage":"es","@id":"https:\/\/roadeu.com\/sklep\/es\/produkt\/aparamenta-de-taller-de-jardineria-2x-230v-equipada-con-2x-c16-pp\/#primaryimage","url":"https:\/\/roadeu.com\/sklep\/wp-content\/uploads\/2025\/07\/de6c444f48a88a4bb1f668ae9bbd.jpg","contentUrl":"https:\/\/roadeu.com\/sklep\/wp-content\/uploads\/2025\/07\/de6c444f48a88a4bb1f668ae9bbd.jpg","width":1366,"height":1637},{"@type":"BreadcrumbList","@id":"https:\/\/roadeu.com\/sklep\/es\/produkt\/aparamenta-de-taller-de-jardineria-2x-230v-equipada-con-2x-c16-pp\/#breadcrumb","itemListElement":[{"@type":"ListItem","position":1,"name":"Strona g\u0142\u00f3wna","item":"https:\/\/roadeu.com\/sklep\/es\/"},{"@type":"ListItem","position":2,"name":"Tienda","item":"https:\/\/roadeu.com\/sklep\/es\/"},{"@type":"ListItem","position":3,"name":"Aparamenta de taller de jardiner\u00eda 2x 230V equipada con 2x C16 + PP"}]},{"@type":"WebSite","@id":"https:\/\/roadeu.com\/sklep\/es\/#website","url":"https:\/\/roadeu.com\/sklep\/es\/","name":"Road","description":"Hurtownia Elektryczna w Dzier\u017coniowie. Producent sprz\u0119tu elektrycznego.","publisher":{"@id":"https:\/\/roadeu.com\/sklep\/es\/#organization"},"potentialAction":[{"@type":"SearchAction","target":{"@type":"EntryPoint","urlTemplate":"https:\/\/roadeu.com\/sklep\/es\/?s={search_term_string}"},"query-input":{"@type":"PropertyValueSpecification","valueRequired":true,"valueName":"search_term_string"}}],"inLanguage":"es"},{"@type":"Organization","@id":"https:\/\/roadeu.com\/sklep\/es\/#organization","name":"Road","url":"https:\/\/roadeu.com\/sklep\/es\/","logo":{"@type":"ImageObject","inLanguage":"es","@id":"https:\/\/roadeu.com\/sklep\/es\/#\/schema\/logo\/image\/","url":"https:\/\/roadeu.com\/sklep\/wp-content\/uploads\/2025\/05\/logotype-lg-pl.png","contentUrl":"https:\/\/roadeu.com\/sklep\/wp-content\/uploads\/2025\/05\/logotype-lg-pl.png","width":300,"height":70,"caption":"Road"},"image":{"@id":"https:\/\/roadeu.com\/sklep\/es\/#\/schema\/logo\/image\/"}}]}},"_links":{"self":[{"href":"https:\/\/roadeu.com\/sklep\/es\/wp-json\/wp\/v2\/product\/14941","targetHints":{"allow":["GET"]}}],"collection":[{"href":"https:\/\/roadeu.com\/sklep\/es\/wp-json\/wp\/v2\/product"}],"about":[{"href":"https:\/\/roadeu.com\/sklep\/es\/wp-json\/wp\/v2\/types\/product"}],"wp:featuredmedia":[{"embeddable":true,"href":"https:\/\/roadeu.com\/sklep\/es\/wp-json\/wp\/v2\/media\/14948"}],"wp:attachment":[{"href":"https:\/\/roadeu.com\/sklep\/es\/wp-json\/wp\/v2\/media?parent=14941"}],"wp:term":[{"taxonomy":"product_brand","embeddable":true,"href":"https:\/\/roadeu.com\/sklep\/es\/wp-json\/wp\/v2\/product_brand?post=14941"},{"taxonomy":"product_cat","embeddable":true,"href":"https:\/\/roadeu.com\/sklep\/es\/wp-json\/wp\/v2\/product_cat?post=14941"},{"taxonomy":"product_tag","embeddable":true,"href":"https:\/\/roadeu.com\/sklep\/es\/wp-json\/wp\/v2\/product_tag?post=14941"}],"curies":[{"name":"wp","href":"https:\/\/api.w.org\/{rel}","templated":true}]}}