{"id":14928,"date":"2025-07-16T11:52:36","date_gmt":"2025-07-16T09:52:36","guid":{"rendered":"https:\/\/roadeu.com\/sklep\/produkt\/cuadro-electrico-32a-5p-4x-tomas-230v-proteccion-y-contador\/"},"modified":"2026-01-05T14:34:21","modified_gmt":"2026-01-05T13:34:21","slug":"cuadro-electrico-32a-5p-4x-tomas-230v-proteccion-y-contador","status":"publish","type":"product","link":"https:\/\/roadeu.com\/sklep\/es\/produkt\/cuadro-electrico-32a-5p-4x-tomas-230v-proteccion-y-contador\/","title":{"rendered":"Cuadro el\u00e9ctrico 32A 5P 4x tomas 230V, protecci\u00f3n y contador"},"content":{"rendered":"<div class=\"app-container\">\n<div class=\"mgn2_14 mp0t_0a mqu1_21 mli8_k4 mgmw_wo msts_pt _0d3bd_K6Qpj\">\n<div class=\"mpof_ki myre_zn myre_8v_l m389_6m_l\">\n<div class=\"mp4t_16_s mryx_16_s mr3m_1 mli2_1 mh85_56 mh85_0_l\">\n<div class=\"mgn2_16 _0d3bd_am0a-\">\n<p><b>Tomas herm\u00e9ticas de alta calidad de 400 V y 230 V<\/b><\/p>\n<p>La aparamenta el\u00e9ctrica est\u00e1 precableada y puede conectarse inmediatamente.<\/p>\n<p>Tiene conexiones N+PE para un uso c\u00f3modo. Tambi\u00e9n incluye un prensaestopas PG16,   <\/p>\n<p>lo que facilita a\u00fan m\u00e1s la instalaci\u00f3n. Las tomas de 230 V y CEE 32A siempre se conectan con cable de 2,5 mm2.   <\/p>\n<p>Las tomas CEE 32A siempre se cablean con un cable de 4 mm2.<\/p>\n<p>&nbsp;<\/p>\n<\/div>\n<\/div>\n<\/div>\n<div class=\"mpof_ki myre_zn myre_8v_l m389_6m_l\">\n<div class=\"mp4t_16_s mryx_16_s mr3m_1 mli2_1 mh85_56 mh85_0_l\">\n<div class=\"mgn2_16 _0d3bd_am0a-\">\n<p>Caja estanca IP44 <b>&#8211; <\/b>Gracias a la caja estanca IP44, la aparamenta es<\/p>\n<p>ideal para uso en interiores y exteriores. Esto significa que es resistente a   <\/p>\n<p>la humedad y el polvo, lo que aumenta su durabilidad y fiabilidad.<\/p>\n<p>&nbsp;<\/p>\n<\/div>\n<\/div>\n<\/div>\n<div class=\"mpof_ki myre_zn myre_8v_l m389_6m_l\">\n<div class=\"mp4t_16_s mryx_16_s mr3m_1 mli2_1 mh85_56 mh85_0_l\">\n<div class=\"mgn2_16 _0d3bd_am0a-\">\n<p><b>Indicador de consumo de corriente trif\u00e1sico <\/b>certificado por MID con medidor de consumo de corriente de 100 A.<\/p>\n<p>El consumo de corriente de una fase se indica mediante un LED intermitente<\/p>\n<p>&nbsp;<\/p>\n<\/div>\n<\/div>\n<\/div>\n<div class=\"mpof_ki myre_zn myre_8v_l m389_6m_l\">\n<div class=\"mp4t_16_s mryx_16_s mr3m_1 mli2_1 mh85_56 mh85_0_l\">\n<div class=\"mgn2_16 _0d3bd_am0a-\">\n<p><b>Equipo<\/b><\/p>\n<p>La centralita telef\u00f3nica incluye:<\/p>\n<ul>\n<li>1x toma de corriente 32A 5P<\/li>\n<li>4 tomas de 230V 16A<\/li>\n<li>4x Interruptor autom\u00e1tico de sobreintensidad LS C16A 1P<\/li>\n<li>1x Interruptor autom\u00e1tico de sobreintensidad LS C32A 3P<\/li>\n<li>1x medidor de potencia 100A<\/li>\n<\/ul>\n<p>Todos los fusibles tienen la certificaci\u00f3n T\u00dcV, que garantiza el estricto cumplimiento de las normas de seguridad.<\/p>\n<p>&nbsp;<\/p>\n<\/div>\n<\/div>\n<\/div>\n<div class=\"mpof_ki myre_zn myre_8v_l m389_6m_l\">\n<div class=\"mp4t_16_s mryx_16_s mr3m_1 mli2_1 mh85_56 mh85_0_l\">\n<div class=\"mgn2_16 _0d3bd_am0a-\">\n<p><b>Nuestros dispositivos de conmutaci\u00f3n<\/b> son seguros para el usuario y los aparatos que manejan.<\/p>\n<p>Ideal para la industria, las obras, el comercio y el hobby.<\/p>\n<\/div>\n<\/div>\n<\/div>\n<\/div>\n<\/div>\n","protected":false},"excerpt":{"rendered":"<h1 class=\"mp4t_0 mryx_0 mj7a_4 mvrt_8 mp0t_ji m9qz_yo munh_0 mqu1_1j mgmw_wo mgn2_21 mgn2_25_s\"><span style=\"font-size: 12pt;\">Cuadro el\u00e9ctrico 32A 5P 4x tomas 230V, protecci\u00f3n y contador<\/span><\/h1>\n","protected":false},"featured_media":14940,"template":"","meta":[],"product_brand":[397],"product_cat":[398],"product_tag":[],"class_list":{"0":"post-14928","1":"product","2":"type-product","3":"status-publish","4":"has-post-thumbnail","6":"product_brand-carreteraeu","7":"product_cat-armadi-di-distribuzione-set-di-chiavi-a-bussola","9":"first","10":"instock","11":"taxable","12":"shipping-taxable","13":"purchasable","14":"product-type-simple"},"yoast_head":"<!-- This site is optimized with the Yoast SEO plugin v27.3 - https:\/\/yoast.com\/product\/yoast-seo-wordpress\/ -->\n<title>Cuadro el\u00e9ctrico 32A 5P 4x tomas 230V, protecci\u00f3n y contador - Road<\/title>\n<meta name=\"robots\" content=\"index, follow, max-snippet:-1, max-image-preview:large, max-video-preview:-1\" \/>\n<link rel=\"canonical\" href=\"https:\/\/roadeu.com\/sklep\/es\/produkt\/cuadro-electrico-32a-5p-4x-tomas-230v-proteccion-y-contador\/\" \/>\n<meta property=\"og:locale\" content=\"es_ES\" \/>\n<meta property=\"og:type\" content=\"article\" \/>\n<meta property=\"og:title\" content=\"Cuadro el\u00e9ctrico 32A 5P 4x tomas 230V, protecci\u00f3n y contador - Road\" \/>\n<meta property=\"og:description\" content=\"Cuadro el\u00e9ctrico 32A 5P 4x tomas 230V, protecci\u00f3n y contador\" \/>\n<meta property=\"og:url\" content=\"https:\/\/roadeu.com\/sklep\/es\/produkt\/cuadro-electrico-32a-5p-4x-tomas-230v-proteccion-y-contador\/\" \/>\n<meta property=\"og:site_name\" content=\"Road\" \/>\n<meta property=\"article:modified_time\" content=\"2026-01-05T13:34:21+00:00\" \/>\n<meta property=\"og:image\" content=\"https:\/\/roadeu.com\/sklep\/wp-content\/uploads\/2025\/07\/c18ae9a441e2a9e0b30a1670c3cc.jpg\" \/>\n\t<meta property=\"og:image:width\" content=\"1352\" \/>\n\t<meta property=\"og:image:height\" content=\"1520\" \/>\n\t<meta property=\"og:image:type\" content=\"image\/jpeg\" \/>\n<meta name=\"twitter:card\" content=\"summary_large_image\" \/>\n<meta name=\"twitter:label1\" content=\"Tiempo de lectura\" \/>\n\t<meta name=\"twitter:data1\" content=\"1 minuto\" \/>\n<script type=\"application\/ld+json\" class=\"yoast-schema-graph\">{\"@context\":\"https:\\\/\\\/schema.org\",\"@graph\":[{\"@type\":\"WebPage\",\"@id\":\"https:\\\/\\\/roadeu.com\\\/sklep\\\/es\\\/produkt\\\/cuadro-electrico-32a-5p-4x-tomas-230v-proteccion-y-contador\\\/\",\"url\":\"https:\\\/\\\/roadeu.com\\\/sklep\\\/es\\\/produkt\\\/cuadro-electrico-32a-5p-4x-tomas-230v-proteccion-y-contador\\\/\",\"name\":\"Cuadro el\u00e9ctrico 32A 5P 4x tomas 230V, protecci\u00f3n y contador - Road\",\"isPartOf\":{\"@id\":\"https:\\\/\\\/roadeu.com\\\/sklep\\\/es\\\/#website\"},\"primaryImageOfPage\":{\"@id\":\"https:\\\/\\\/roadeu.com\\\/sklep\\\/es\\\/produkt\\\/cuadro-electrico-32a-5p-4x-tomas-230v-proteccion-y-contador\\\/#primaryimage\"},\"image\":{\"@id\":\"https:\\\/\\\/roadeu.com\\\/sklep\\\/es\\\/produkt\\\/cuadro-electrico-32a-5p-4x-tomas-230v-proteccion-y-contador\\\/#primaryimage\"},\"thumbnailUrl\":\"https:\\\/\\\/roadeu.com\\\/sklep\\\/wp-content\\\/uploads\\\/2025\\\/07\\\/c18ae9a441e2a9e0b30a1670c3cc.jpg\",\"datePublished\":\"2025-07-16T09:52:36+00:00\",\"dateModified\":\"2026-01-05T13:34:21+00:00\",\"breadcrumb\":{\"@id\":\"https:\\\/\\\/roadeu.com\\\/sklep\\\/es\\\/produkt\\\/cuadro-electrico-32a-5p-4x-tomas-230v-proteccion-y-contador\\\/#breadcrumb\"},\"inLanguage\":\"es\",\"potentialAction\":[{\"@type\":\"ReadAction\",\"target\":[\"https:\\\/\\\/roadeu.com\\\/sklep\\\/es\\\/produkt\\\/cuadro-electrico-32a-5p-4x-tomas-230v-proteccion-y-contador\\\/\"]}]},{\"@type\":\"ImageObject\",\"inLanguage\":\"es\",\"@id\":\"https:\\\/\\\/roadeu.com\\\/sklep\\\/es\\\/produkt\\\/cuadro-electrico-32a-5p-4x-tomas-230v-proteccion-y-contador\\\/#primaryimage\",\"url\":\"https:\\\/\\\/roadeu.com\\\/sklep\\\/wp-content\\\/uploads\\\/2025\\\/07\\\/c18ae9a441e2a9e0b30a1670c3cc.jpg\",\"contentUrl\":\"https:\\\/\\\/roadeu.com\\\/sklep\\\/wp-content\\\/uploads\\\/2025\\\/07\\\/c18ae9a441e2a9e0b30a1670c3cc.jpg\",\"width\":1352,\"height\":1520},{\"@type\":\"BreadcrumbList\",\"@id\":\"https:\\\/\\\/roadeu.com\\\/sklep\\\/es\\\/produkt\\\/cuadro-electrico-32a-5p-4x-tomas-230v-proteccion-y-contador\\\/#breadcrumb\",\"itemListElement\":[{\"@type\":\"ListItem\",\"position\":1,\"name\":\"Strona g\u0142\u00f3wna\",\"item\":\"https:\\\/\\\/roadeu.com\\\/sklep\\\/es\\\/\"},{\"@type\":\"ListItem\",\"position\":2,\"name\":\"Tienda\",\"item\":\"https:\\\/\\\/roadeu.com\\\/sklep\\\/es\\\/\"},{\"@type\":\"ListItem\",\"position\":3,\"name\":\"Cuadro el\u00e9ctrico 32A 5P 4x tomas 230V, protecci\u00f3n y contador\"}]},{\"@type\":\"WebSite\",\"@id\":\"https:\\\/\\\/roadeu.com\\\/sklep\\\/es\\\/#website\",\"url\":\"https:\\\/\\\/roadeu.com\\\/sklep\\\/es\\\/\",\"name\":\"Road\",\"description\":\"Hurtownia Elektryczna w Dzier\u017coniowie. Producent sprz\u0119tu elektrycznego.\",\"potentialAction\":[{\"@type\":\"SearchAction\",\"target\":{\"@type\":\"EntryPoint\",\"urlTemplate\":\"https:\\\/\\\/roadeu.com\\\/sklep\\\/es\\\/?s={search_term_string}\"},\"query-input\":{\"@type\":\"PropertyValueSpecification\",\"valueRequired\":true,\"valueName\":\"search_term_string\"}}],\"inLanguage\":\"es\"}]}<\/script>\n<!-- \/ Yoast SEO plugin. -->","yoast_head_json":{"title":"Cuadro el\u00e9ctrico 32A 5P 4x tomas 230V, protecci\u00f3n y contador - Road","robots":{"index":"index","follow":"follow","max-snippet":"max-snippet:-1","max-image-preview":"max-image-preview:large","max-video-preview":"max-video-preview:-1"},"canonical":"https:\/\/roadeu.com\/sklep\/es\/produkt\/cuadro-electrico-32a-5p-4x-tomas-230v-proteccion-y-contador\/","og_locale":"es_ES","og_type":"article","og_title":"Cuadro el\u00e9ctrico 32A 5P 4x tomas 230V, protecci\u00f3n y contador - Road","og_description":"Cuadro el\u00e9ctrico 32A 5P 4x tomas 230V, protecci\u00f3n y contador","og_url":"https:\/\/roadeu.com\/sklep\/es\/produkt\/cuadro-electrico-32a-5p-4x-tomas-230v-proteccion-y-contador\/","og_site_name":"Road","article_modified_time":"2026-01-05T13:34:21+00:00","og_image":[{"width":1352,"height":1520,"url":"https:\/\/roadeu.com\/sklep\/wp-content\/uploads\/2025\/07\/c18ae9a441e2a9e0b30a1670c3cc.jpg","type":"image\/jpeg"}],"twitter_card":"summary_large_image","twitter_misc":{"Tiempo de lectura":"1 minuto"},"schema":{"@context":"https:\/\/schema.org","@graph":[{"@type":"WebPage","@id":"https:\/\/roadeu.com\/sklep\/es\/produkt\/cuadro-electrico-32a-5p-4x-tomas-230v-proteccion-y-contador\/","url":"https:\/\/roadeu.com\/sklep\/es\/produkt\/cuadro-electrico-32a-5p-4x-tomas-230v-proteccion-y-contador\/","name":"Cuadro el\u00e9ctrico 32A 5P 4x tomas 230V, protecci\u00f3n y contador - Road","isPartOf":{"@id":"https:\/\/roadeu.com\/sklep\/es\/#website"},"primaryImageOfPage":{"@id":"https:\/\/roadeu.com\/sklep\/es\/produkt\/cuadro-electrico-32a-5p-4x-tomas-230v-proteccion-y-contador\/#primaryimage"},"image":{"@id":"https:\/\/roadeu.com\/sklep\/es\/produkt\/cuadro-electrico-32a-5p-4x-tomas-230v-proteccion-y-contador\/#primaryimage"},"thumbnailUrl":"https:\/\/roadeu.com\/sklep\/wp-content\/uploads\/2025\/07\/c18ae9a441e2a9e0b30a1670c3cc.jpg","datePublished":"2025-07-16T09:52:36+00:00","dateModified":"2026-01-05T13:34:21+00:00","breadcrumb":{"@id":"https:\/\/roadeu.com\/sklep\/es\/produkt\/cuadro-electrico-32a-5p-4x-tomas-230v-proteccion-y-contador\/#breadcrumb"},"inLanguage":"es","potentialAction":[{"@type":"ReadAction","target":["https:\/\/roadeu.com\/sklep\/es\/produkt\/cuadro-electrico-32a-5p-4x-tomas-230v-proteccion-y-contador\/"]}]},{"@type":"ImageObject","inLanguage":"es","@id":"https:\/\/roadeu.com\/sklep\/es\/produkt\/cuadro-electrico-32a-5p-4x-tomas-230v-proteccion-y-contador\/#primaryimage","url":"https:\/\/roadeu.com\/sklep\/wp-content\/uploads\/2025\/07\/c18ae9a441e2a9e0b30a1670c3cc.jpg","contentUrl":"https:\/\/roadeu.com\/sklep\/wp-content\/uploads\/2025\/07\/c18ae9a441e2a9e0b30a1670c3cc.jpg","width":1352,"height":1520},{"@type":"BreadcrumbList","@id":"https:\/\/roadeu.com\/sklep\/es\/produkt\/cuadro-electrico-32a-5p-4x-tomas-230v-proteccion-y-contador\/#breadcrumb","itemListElement":[{"@type":"ListItem","position":1,"name":"Strona g\u0142\u00f3wna","item":"https:\/\/roadeu.com\/sklep\/es\/"},{"@type":"ListItem","position":2,"name":"Tienda","item":"https:\/\/roadeu.com\/sklep\/es\/"},{"@type":"ListItem","position":3,"name":"Cuadro el\u00e9ctrico 32A 5P 4x tomas 230V, protecci\u00f3n y contador"}]},{"@type":"WebSite","@id":"https:\/\/roadeu.com\/sklep\/es\/#website","url":"https:\/\/roadeu.com\/sklep\/es\/","name":"Road","description":"Hurtownia Elektryczna w Dzier\u017coniowie. Producent sprz\u0119tu elektrycznego.","potentialAction":[{"@type":"SearchAction","target":{"@type":"EntryPoint","urlTemplate":"https:\/\/roadeu.com\/sklep\/es\/?s={search_term_string}"},"query-input":{"@type":"PropertyValueSpecification","valueRequired":true,"valueName":"search_term_string"}}],"inLanguage":"es"}]}},"_links":{"self":[{"href":"https:\/\/roadeu.com\/sklep\/es\/wp-json\/wp\/v2\/product\/14928","targetHints":{"allow":["GET"]}}],"collection":[{"href":"https:\/\/roadeu.com\/sklep\/es\/wp-json\/wp\/v2\/product"}],"about":[{"href":"https:\/\/roadeu.com\/sklep\/es\/wp-json\/wp\/v2\/types\/product"}],"wp:featuredmedia":[{"embeddable":true,"href":"https:\/\/roadeu.com\/sklep\/es\/wp-json\/wp\/v2\/media\/14940"}],"wp:attachment":[{"href":"https:\/\/roadeu.com\/sklep\/es\/wp-json\/wp\/v2\/media?parent=14928"}],"wp:term":[{"taxonomy":"product_brand","embeddable":true,"href":"https:\/\/roadeu.com\/sklep\/es\/wp-json\/wp\/v2\/product_brand?post=14928"},{"taxonomy":"product_cat","embeddable":true,"href":"https:\/\/roadeu.com\/sklep\/es\/wp-json\/wp\/v2\/product_cat?post=14928"},{"taxonomy":"product_tag","embeddable":true,"href":"https:\/\/roadeu.com\/sklep\/es\/wp-json\/wp\/v2\/product_tag?post=14928"}],"curies":[{"name":"wp","href":"https:\/\/api.w.org\/{rel}","templated":true}]}}