{"id":14852,"date":"2025-07-15T13:15:59","date_gmt":"2025-07-15T11:15:59","guid":{"rendered":"https:\/\/roadeu.com\/sklep\/produkt\/cuadro-de-distribucion-electrica-con-contador-4x-tomas-de-230v-proteccion-c16a\/"},"modified":"2026-01-05T14:34:17","modified_gmt":"2026-01-05T13:34:17","slug":"cuadro-de-distribucion-electrica-con-contador-4x-tomas-de-230v-proteccion-c16a","status":"publish","type":"product","link":"https:\/\/roadeu.com\/sklep\/es\/produkt\/cuadro-de-distribucion-electrica-con-contador-4x-tomas-de-230v-proteccion-c16a\/","title":{"rendered":"Cuadro de distribuci\u00f3n el\u00e9ctrica con contador 4x tomas de 230V protecci\u00f3n C16A"},"content":{"rendered":"<div class=\"mpof_ki myre_zn myre_8v_l m389_6m_l\">\n<div class=\"mp4t_16_s mryx_16_s mr3m_1 mli2_1 mh85_56 mh85_0_l\">\n<div class=\"mgn2_16 _0d3bd_am0a-\">\n<p><b>Cuadro el\u00e9ctrico con contador<\/b><\/p>\n<p>&nbsp;<\/p>\n<p><b>Aparamenta el\u00e9ctrica: <\/b>un dispositivo avanzado que combina funcionalidad con<\/p>\n<p>Seguridad que ha demostrado su eficacia en una amplia gama de condiciones de funcionamiento. Gracias a su amplia   <\/p>\n<p>y f\u00e1cil instalaci\u00f3n, es la soluci\u00f3n perfecta para los profesionales.<\/p>\n<p>&nbsp;<\/p>\n<\/div>\n<\/div>\n<\/div>\n<div class=\"mpof_ki myre_zn myre_8v_l m389_6m_l\">\n<div class=\"mp4t_16_s mryx_16_s mr3m_1 mli2_1 mh85_56 mh85_0_l\">\n<div class=\"mgn2_16 _0d3bd_am0a-\">\n<p><b>Ventajas y caracter\u00edsticas<\/b><\/p>\n<ul>\n<li><b>Listo para conectar &#8211; <\/b>El panel de control el\u00e9ctrico est\u00e1 precableado<\/li>\n<\/ul>\n<p>y listo para conectar. Equipado con terminales de conexi\u00f3n N+PE y prensaestopas PG16,   <\/p>\n<p>garantiza conexiones s\u00f3lidas y una instalaci\u00f3n f\u00e1cil.<\/p>\n<ul>\n<li><b>Divisor funcional &#8211; <\/b>El uso de un \u00fanico cable de alimentaci\u00f3n minimiza la necesidad de<\/li>\n<\/ul>\n<p>taladros y reduce el n\u00famero de cables, lo que simplifica la instalaci\u00f3n. Carcasa con certificaci\u00f3n IP44   <\/p>\n<p>protege contra el polvo y el agua y puede utilizarse tanto en interiores como en exteriores.<\/p>\n<p>&nbsp;<\/p>\n<\/div>\n<\/div>\n<\/div>\n<div class=\"mpof_ki myre_zn myre_8v_l m389_6m_l\">\n<div class=\"mp4t_16_s mryx_16_s mr3m_1 mli2_1 mh85_56 mh85_0_l\">\n<div class=\"mgn2_16 _0d3bd_am0a-\">\n<p><b>Soluci\u00f3n innovadora<\/b><\/p>\n<ul>\n<li>Indicador de consumo de energ\u00eda <b>&#8211; <\/b>Indicador de consumo de energ\u00eda monof\u00e1sico con certificaci\u00f3n MID, medidor de potencia<\/li>\n<\/ul>\n<p>hasta 45A, permite controlar el consumo de energ\u00eda. El valor se indica mediante un LED para que sea f\u00e1cil reconocer el   <\/p>\n<p>Seguimiento del consumo de energ\u00eda. El dispositivo no tiene funci\u00f3n de reinicio, por lo que los datos est\u00e1n siempre disponibles.   <\/p>\n<p>&nbsp;<\/p>\n<div class=\"mpof_ki myre_zn myre_8v_l m389_6m_l\">\n<div class=\"mp4t_16_s mryx_16_s mr3m_1 mli2_1 mh85_56 mh85_0_l\">\n<div class=\"mgn2_16 _0d3bd_am0a-\">\n<p><b>Equipo<\/b><\/p>\n<ol>\n<li>4 tomas 230V 16A IP44<\/li>\n<li>RCD 40A Tipo A\/AC 2P<\/li>\n<li>2x disyuntor de sobreintensidad C16A 1P<\/li>\n<\/ol>\n<p>Este equipamiento vers\u00e1til hace que la aparamenta sea ideal para conectar aparatos el\u00e9ctricos y<\/p>\n<p>Herramientas en obras, en eventos al aire libre y en otros lugares donde la movilidad y la seguridad son importantes.<\/p>\n<p>&nbsp;<\/p>\n<\/div>\n<\/div>\n<\/div>\n<div class=\"mpof_ki myre_zn myre_8v_l m389_6m_l\">\n<div class=\"mp4t_16_s mryx_16_s mr3m_1 mli2_1 mh85_56 mh85_0_l\">\n<div class=\"mgn2_16 _0d3bd_am0a-\">\n<p><b>Aparamenta el\u00e9ctrica con cuadro de distribuci\u00f3n e indicador de energ\u00eda: <\/b>una soluci\u00f3n fiable y pr\u00e1ctica de<\/p>\n<p>para quien necesite una gesti\u00f3n eficiente de la energ\u00eda en condiciones fluctuantes.<\/p>\n<\/div>\n<\/div>\n<\/div>\n<\/div>\n<\/div>\n<\/div>\n","protected":false},"excerpt":{"rendered":"<h1 class=\"mp4t_0 mryx_0 mj7a_4 mvrt_8 mp0t_ji m9qz_yo munh_0 mqu1_1j mgmw_wo mgn2_21 mgn2_25_s\"><span style=\"font-size: 12pt;\">Cuadro de distribuci\u00f3n el\u00e9ctrica con contador 4x tomas de 230V protecci\u00f3n C16A<\/span><\/h1>\n","protected":false},"featured_media":14854,"template":"","meta":[],"product_brand":[397],"product_cat":[398],"product_tag":[],"class_list":{"0":"post-14852","1":"product","2":"type-product","3":"status-publish","4":"has-post-thumbnail","6":"product_brand-carreteraeu","7":"product_cat-armadi-di-distribuzione-set-di-chiavi-a-bussola","9":"first","10":"instock","11":"taxable","12":"shipping-taxable","13":"purchasable","14":"product-type-simple"},"yoast_head":"<!-- This site is optimized with the Yoast SEO plugin v27.3 - https:\/\/yoast.com\/product\/yoast-seo-wordpress\/ -->\n<title>Cuadro de distribuci\u00f3n el\u00e9ctrica con contador 4x tomas de 230V protecci\u00f3n C16A - Road<\/title>\n<meta name=\"robots\" content=\"index, follow, max-snippet:-1, max-image-preview:large, max-video-preview:-1\" \/>\n<link rel=\"canonical\" href=\"https:\/\/roadeu.com\/sklep\/es\/produkt\/cuadro-de-distribucion-electrica-con-contador-4x-tomas-de-230v-proteccion-c16a\/\" \/>\n<meta property=\"og:locale\" content=\"es_ES\" \/>\n<meta property=\"og:type\" content=\"article\" \/>\n<meta property=\"og:title\" content=\"Cuadro de distribuci\u00f3n el\u00e9ctrica con contador 4x tomas de 230V protecci\u00f3n C16A - Road\" \/>\n<meta property=\"og:description\" content=\"Cuadro de distribuci\u00f3n el\u00e9ctrica con contador 4x tomas de 230V protecci\u00f3n C16A\" \/>\n<meta property=\"og:url\" content=\"https:\/\/roadeu.com\/sklep\/es\/produkt\/cuadro-de-distribucion-electrica-con-contador-4x-tomas-de-230v-proteccion-c16a\/\" \/>\n<meta property=\"og:site_name\" content=\"Road\" \/>\n<meta property=\"article:modified_time\" content=\"2026-01-05T13:34:17+00:00\" \/>\n<meta property=\"og:image\" content=\"https:\/\/roadeu.com\/sklep\/wp-content\/uploads\/2025\/07\/6cb542be49ce8f3ad88f0050d651.jpg\" \/>\n\t<meta property=\"og:image:width\" content=\"641\" \/>\n\t<meta property=\"og:image:height\" content=\"789\" \/>\n\t<meta property=\"og:image:type\" content=\"image\/jpeg\" \/>\n<meta name=\"twitter:card\" content=\"summary_large_image\" \/>\n<meta name=\"twitter:label1\" content=\"Tiempo de lectura\" \/>\n\t<meta name=\"twitter:data1\" content=\"2 minutos\" \/>\n<script type=\"application\/ld+json\" class=\"yoast-schema-graph\">{\"@context\":\"https:\\\/\\\/schema.org\",\"@graph\":[{\"@type\":\"WebPage\",\"@id\":\"https:\\\/\\\/roadeu.com\\\/sklep\\\/es\\\/produkt\\\/cuadro-de-distribucion-electrica-con-contador-4x-tomas-de-230v-proteccion-c16a\\\/\",\"url\":\"https:\\\/\\\/roadeu.com\\\/sklep\\\/es\\\/produkt\\\/cuadro-de-distribucion-electrica-con-contador-4x-tomas-de-230v-proteccion-c16a\\\/\",\"name\":\"Cuadro de distribuci\u00f3n el\u00e9ctrica con contador 4x tomas de 230V protecci\u00f3n C16A - Road\",\"isPartOf\":{\"@id\":\"https:\\\/\\\/roadeu.com\\\/sklep\\\/es\\\/#website\"},\"primaryImageOfPage\":{\"@id\":\"https:\\\/\\\/roadeu.com\\\/sklep\\\/es\\\/produkt\\\/cuadro-de-distribucion-electrica-con-contador-4x-tomas-de-230v-proteccion-c16a\\\/#primaryimage\"},\"image\":{\"@id\":\"https:\\\/\\\/roadeu.com\\\/sklep\\\/es\\\/produkt\\\/cuadro-de-distribucion-electrica-con-contador-4x-tomas-de-230v-proteccion-c16a\\\/#primaryimage\"},\"thumbnailUrl\":\"https:\\\/\\\/roadeu.com\\\/sklep\\\/wp-content\\\/uploads\\\/2025\\\/07\\\/6cb542be49ce8f3ad88f0050d651.jpg\",\"datePublished\":\"2025-07-15T11:15:59+00:00\",\"dateModified\":\"2026-01-05T13:34:17+00:00\",\"breadcrumb\":{\"@id\":\"https:\\\/\\\/roadeu.com\\\/sklep\\\/es\\\/produkt\\\/cuadro-de-distribucion-electrica-con-contador-4x-tomas-de-230v-proteccion-c16a\\\/#breadcrumb\"},\"inLanguage\":\"es\",\"potentialAction\":[{\"@type\":\"ReadAction\",\"target\":[\"https:\\\/\\\/roadeu.com\\\/sklep\\\/es\\\/produkt\\\/cuadro-de-distribucion-electrica-con-contador-4x-tomas-de-230v-proteccion-c16a\\\/\"]}]},{\"@type\":\"ImageObject\",\"inLanguage\":\"es\",\"@id\":\"https:\\\/\\\/roadeu.com\\\/sklep\\\/es\\\/produkt\\\/cuadro-de-distribucion-electrica-con-contador-4x-tomas-de-230v-proteccion-c16a\\\/#primaryimage\",\"url\":\"https:\\\/\\\/roadeu.com\\\/sklep\\\/wp-content\\\/uploads\\\/2025\\\/07\\\/6cb542be49ce8f3ad88f0050d651.jpg\",\"contentUrl\":\"https:\\\/\\\/roadeu.com\\\/sklep\\\/wp-content\\\/uploads\\\/2025\\\/07\\\/6cb542be49ce8f3ad88f0050d651.jpg\",\"width\":641,\"height\":789},{\"@type\":\"BreadcrumbList\",\"@id\":\"https:\\\/\\\/roadeu.com\\\/sklep\\\/es\\\/produkt\\\/cuadro-de-distribucion-electrica-con-contador-4x-tomas-de-230v-proteccion-c16a\\\/#breadcrumb\",\"itemListElement\":[{\"@type\":\"ListItem\",\"position\":1,\"name\":\"Strona g\u0142\u00f3wna\",\"item\":\"https:\\\/\\\/roadeu.com\\\/sklep\\\/es\\\/\"},{\"@type\":\"ListItem\",\"position\":2,\"name\":\"Tienda\",\"item\":\"https:\\\/\\\/roadeu.com\\\/sklep\\\/es\\\/\"},{\"@type\":\"ListItem\",\"position\":3,\"name\":\"Cuadro de distribuci\u00f3n el\u00e9ctrica con contador 4x tomas de 230V protecci\u00f3n C16A\"}]},{\"@type\":\"WebSite\",\"@id\":\"https:\\\/\\\/roadeu.com\\\/sklep\\\/es\\\/#website\",\"url\":\"https:\\\/\\\/roadeu.com\\\/sklep\\\/es\\\/\",\"name\":\"Road\",\"description\":\"Hurtownia Elektryczna w Dzier\u017coniowie. Producent sprz\u0119tu elektrycznego.\",\"potentialAction\":[{\"@type\":\"SearchAction\",\"target\":{\"@type\":\"EntryPoint\",\"urlTemplate\":\"https:\\\/\\\/roadeu.com\\\/sklep\\\/es\\\/?s={search_term_string}\"},\"query-input\":{\"@type\":\"PropertyValueSpecification\",\"valueRequired\":true,\"valueName\":\"search_term_string\"}}],\"inLanguage\":\"es\"}]}<\/script>\n<!-- \/ Yoast SEO plugin. -->","yoast_head_json":{"title":"Cuadro de distribuci\u00f3n el\u00e9ctrica con contador 4x tomas de 230V protecci\u00f3n C16A - Road","robots":{"index":"index","follow":"follow","max-snippet":"max-snippet:-1","max-image-preview":"max-image-preview:large","max-video-preview":"max-video-preview:-1"},"canonical":"https:\/\/roadeu.com\/sklep\/es\/produkt\/cuadro-de-distribucion-electrica-con-contador-4x-tomas-de-230v-proteccion-c16a\/","og_locale":"es_ES","og_type":"article","og_title":"Cuadro de distribuci\u00f3n el\u00e9ctrica con contador 4x tomas de 230V protecci\u00f3n C16A - Road","og_description":"Cuadro de distribuci\u00f3n el\u00e9ctrica con contador 4x tomas de 230V protecci\u00f3n C16A","og_url":"https:\/\/roadeu.com\/sklep\/es\/produkt\/cuadro-de-distribucion-electrica-con-contador-4x-tomas-de-230v-proteccion-c16a\/","og_site_name":"Road","article_modified_time":"2026-01-05T13:34:17+00:00","og_image":[{"width":641,"height":789,"url":"https:\/\/roadeu.com\/sklep\/wp-content\/uploads\/2025\/07\/6cb542be49ce8f3ad88f0050d651.jpg","type":"image\/jpeg"}],"twitter_card":"summary_large_image","twitter_misc":{"Tiempo de lectura":"2 minutos"},"schema":{"@context":"https:\/\/schema.org","@graph":[{"@type":"WebPage","@id":"https:\/\/roadeu.com\/sklep\/es\/produkt\/cuadro-de-distribucion-electrica-con-contador-4x-tomas-de-230v-proteccion-c16a\/","url":"https:\/\/roadeu.com\/sklep\/es\/produkt\/cuadro-de-distribucion-electrica-con-contador-4x-tomas-de-230v-proteccion-c16a\/","name":"Cuadro de distribuci\u00f3n el\u00e9ctrica con contador 4x tomas de 230V protecci\u00f3n C16A - Road","isPartOf":{"@id":"https:\/\/roadeu.com\/sklep\/es\/#website"},"primaryImageOfPage":{"@id":"https:\/\/roadeu.com\/sklep\/es\/produkt\/cuadro-de-distribucion-electrica-con-contador-4x-tomas-de-230v-proteccion-c16a\/#primaryimage"},"image":{"@id":"https:\/\/roadeu.com\/sklep\/es\/produkt\/cuadro-de-distribucion-electrica-con-contador-4x-tomas-de-230v-proteccion-c16a\/#primaryimage"},"thumbnailUrl":"https:\/\/roadeu.com\/sklep\/wp-content\/uploads\/2025\/07\/6cb542be49ce8f3ad88f0050d651.jpg","datePublished":"2025-07-15T11:15:59+00:00","dateModified":"2026-01-05T13:34:17+00:00","breadcrumb":{"@id":"https:\/\/roadeu.com\/sklep\/es\/produkt\/cuadro-de-distribucion-electrica-con-contador-4x-tomas-de-230v-proteccion-c16a\/#breadcrumb"},"inLanguage":"es","potentialAction":[{"@type":"ReadAction","target":["https:\/\/roadeu.com\/sklep\/es\/produkt\/cuadro-de-distribucion-electrica-con-contador-4x-tomas-de-230v-proteccion-c16a\/"]}]},{"@type":"ImageObject","inLanguage":"es","@id":"https:\/\/roadeu.com\/sklep\/es\/produkt\/cuadro-de-distribucion-electrica-con-contador-4x-tomas-de-230v-proteccion-c16a\/#primaryimage","url":"https:\/\/roadeu.com\/sklep\/wp-content\/uploads\/2025\/07\/6cb542be49ce8f3ad88f0050d651.jpg","contentUrl":"https:\/\/roadeu.com\/sklep\/wp-content\/uploads\/2025\/07\/6cb542be49ce8f3ad88f0050d651.jpg","width":641,"height":789},{"@type":"BreadcrumbList","@id":"https:\/\/roadeu.com\/sklep\/es\/produkt\/cuadro-de-distribucion-electrica-con-contador-4x-tomas-de-230v-proteccion-c16a\/#breadcrumb","itemListElement":[{"@type":"ListItem","position":1,"name":"Strona g\u0142\u00f3wna","item":"https:\/\/roadeu.com\/sklep\/es\/"},{"@type":"ListItem","position":2,"name":"Tienda","item":"https:\/\/roadeu.com\/sklep\/es\/"},{"@type":"ListItem","position":3,"name":"Cuadro de distribuci\u00f3n el\u00e9ctrica con contador 4x tomas de 230V protecci\u00f3n C16A"}]},{"@type":"WebSite","@id":"https:\/\/roadeu.com\/sklep\/es\/#website","url":"https:\/\/roadeu.com\/sklep\/es\/","name":"Road","description":"Hurtownia Elektryczna w Dzier\u017coniowie. Producent sprz\u0119tu elektrycznego.","potentialAction":[{"@type":"SearchAction","target":{"@type":"EntryPoint","urlTemplate":"https:\/\/roadeu.com\/sklep\/es\/?s={search_term_string}"},"query-input":{"@type":"PropertyValueSpecification","valueRequired":true,"valueName":"search_term_string"}}],"inLanguage":"es"}]}},"_links":{"self":[{"href":"https:\/\/roadeu.com\/sklep\/es\/wp-json\/wp\/v2\/product\/14852","targetHints":{"allow":["GET"]}}],"collection":[{"href":"https:\/\/roadeu.com\/sklep\/es\/wp-json\/wp\/v2\/product"}],"about":[{"href":"https:\/\/roadeu.com\/sklep\/es\/wp-json\/wp\/v2\/types\/product"}],"wp:featuredmedia":[{"embeddable":true,"href":"https:\/\/roadeu.com\/sklep\/es\/wp-json\/wp\/v2\/media\/14854"}],"wp:attachment":[{"href":"https:\/\/roadeu.com\/sklep\/es\/wp-json\/wp\/v2\/media?parent=14852"}],"wp:term":[{"taxonomy":"product_brand","embeddable":true,"href":"https:\/\/roadeu.com\/sklep\/es\/wp-json\/wp\/v2\/product_brand?post=14852"},{"taxonomy":"product_cat","embeddable":true,"href":"https:\/\/roadeu.com\/sklep\/es\/wp-json\/wp\/v2\/product_cat?post=14852"},{"taxonomy":"product_tag","embeddable":true,"href":"https:\/\/roadeu.com\/sklep\/es\/wp-json\/wp\/v2\/product_tag?post=14852"}],"curies":[{"name":"wp","href":"https:\/\/api.w.org\/{rel}","templated":true}]}}