{"id":14267,"date":"2025-07-22T10:33:40","date_gmt":"2025-07-22T08:33:40","guid":{"rendered":"https:\/\/roadeu.com\/sklep\/produkt\/aparamenta-equipada-con-3x-b10a-7x-b16a-1x-b16a-3p-diferencial-y-unidad-de-visualizacion\/"},"modified":"2026-01-05T14:34:39","modified_gmt":"2026-01-05T13:34:39","slug":"aparamenta-equipada-con-3x-b10a-7x-b16a-1x-b16a-3p-diferencial-y-unidad-de-visualizacion","status":"publish","type":"product","link":"https:\/\/roadeu.com\/sklep\/es\/produkt\/aparamenta-equipada-con-3x-b10a-7x-b16a-1x-b16a-3p-diferencial-y-unidad-de-visualizacion\/","title":{"rendered":"Aparamenta equipada con 3x B10A 7x B16A 1x B16A 3P diferencial y unidad de visualizaci\u00f3n"},"content":{"rendered":"<div class=\"app-container\">\n<div class=\"mgn2_14 mp0t_0a mqu1_21 mli8_k4 mgmw_wo msts_pt _0d3bd_K6Qpj\">\n<div class=\"mpof_ki myre_zn myre_8v_l m389_6m_l\">\n<div class=\"mp4t_16_s mryx_16_s mr3m_1 mli2_1 mh85_56 mh85_0_l\">\n<div class=\"mgn2_16 _0d3bd_am0a-\">\n<p><b>La CAJA DE SEGURIDAD<\/b> se desarroll\u00f3 para evitar pinchazos accidentales y<\/p>\n<p>Cortocircuitos. Un kit listo para conectar con terminales N+PE garantiza una instalaci\u00f3n segura. Armario de distribuci\u00f3n de superficie    <\/p>\n<p>puede utilizarse con \u00e9xito como subdistribuidor montado en superficie para una distribuci\u00f3n \u00f3ptima de la energ\u00eda.<\/p>\n<p>\u00a0<\/p>\n<\/div>\n<\/div>\n<\/div>\n<div class=\"mpof_ki myre_zn myre_8v_l m389_6m_l\">\n<div class=\"mp4t_16_s mryx_16_s mr3m_1 mli2_1 mh85_56 mh85_0_l\">\n<div class=\"mgn2_16 _0d3bd_am0a-\">\n<p><b>El DISTRIBUIDOR DE SEGURIDAD<\/b> es muy f\u00e1cil de instalar y es ideal para uso dom\u00e9stico y de oficina.<\/p>\n<p>Taller. Gracias al grado de protecci\u00f3n IP42, el dispensador es apto para uso en interiores y ofrece un alto nivel de protecci\u00f3n.   <\/p>\n<p>Protecci\u00f3n fiable contra el polvo y los objetos s\u00f3lidos.<\/p>\n<p>\u00a0<\/p>\n<\/div>\n<\/div>\n<\/div>\n<div class=\"mpof_ki myre_zn myre_8v_l m389_6m_l\">\n<div class=\"mp4t_16_s mryx_16_s mr3m_1 mli2_1 mh85_56 mh85_0_l\">\n<div class=\"mgn2_16 _0d3bd_am0a-\">\n<p>El <b>indicador de tensi\u00f3n<\/b> mide y muestra valores de tensi\u00f3n alterna trif\u00e1sica en el rango de 80-500V CA. Sirve como indicador   <\/p>\n<p>se\u00f1al de tensi\u00f3n en los circuitos, lo que aumenta la seguridad de funcionamiento del aparato y permite la detecci\u00f3n precoz de posibles problemas.<\/p>\n<p>\u00a0<\/p>\n<\/div>\n<\/div>\n<\/div>\n<div class=\"mpof_ki myre_zn myre_8v_l m389_6m_l\">\n<div class=\"mp4t_16_s mryx_16_s mr3m_1 mli2_1 mh85_56 mh85_0_l\">\n<div class=\"mgn2_16 _0d3bd_am0a-\">\n<p>EQUIPO:<\/p>\n<p><b>1x interruptor diferencial 40A 30mA 4P tipo A\/AC  <\/b><\/p>\n<p><b>3x disyuntor 10A 1P B.  <\/b><\/p>\n<p><b>7x Interruptor autom\u00e1tico 16A 1P B.<\/b><\/p>\n<p><b>1x disyuntor 16A 3P B<\/b><\/p>\n<p><b>1x indicador de tensi\u00f3n<\/b><\/p>\n<p>\u00a0<\/p>\n<p>.<\/p>\n<\/div>\n<\/div>\n<\/div>\n<div class=\"mpof_ki myre_zn myre_8v_l m389_6m_l\">\n<div class=\"mp4t_16_s mryx_16_s mr3m_1 mli2_1 mh85_56 mh85_0_l\">\n<div class=\"mgn2_16 _0d3bd_am0a-\">\n<p><b>El SAFE <\/b>viene premontado con un ra\u00edl de montaje especial y un cable \u00abN\u00bb. S\u00f3lo tienes que conectar la fuente de alimentaci\u00f3n de 380 V.   <\/p>\n<p>Este dise\u00f1o simplifica el proceso de instalaci\u00f3n y ahorra tiempo y recursos.<\/p>\n<p>Garant\u00eda de calidad: estamos convencidos de la calidad de este producto y esperamos que quedes satisfecho. Si no es as\u00ed, \u00a1no te preocupes!   <\/p>\n<p>Simplemente devu\u00e9lvelo y recibir\u00e1s un reembolso completo.<\/p>\n<\/div>\n<\/div>\n<\/div>\n<\/div>\n<\/div>\n","protected":false},"excerpt":{"rendered":"<h1 class=\"mp4t_0 mryx_0 mj7a_4 mvrt_8 mp0t_ji m9qz_yo munh_0 mqu1_1j mgmw_wo mgn2_21 mgn2_25_s\"><span style=\"font-size: 12pt;\">Aparamenta equipada con 3x B10A 7x B16A 1x B16A 3P diferencial y unidad de visualizaci\u00f3n<\/span><\/h1>\n","protected":false},"featured_media":14272,"template":"","meta":[],"product_brand":[397],"product_cat":[399],"product_tag":[],"class_list":{"0":"post-14267","1":"product","2":"type-product","3":"status-publish","4":"has-post-thumbnail","6":"product_brand-carreteraeu","7":"product_cat-aparamenta-con-proteccion","9":"first","10":"instock","11":"taxable","12":"shipping-taxable","13":"purchasable","14":"product-type-simple"},"yoast_head":"<!-- This site is optimized with the Yoast SEO plugin v27.5 - https:\/\/yoast.com\/product\/yoast-seo-wordpress\/ -->\n<title>Aparamenta equipada con 3x B10A 7x B16A 1x B16A 3P diferencial y unidad de visualizaci\u00f3n - Road<\/title>\n<meta name=\"robots\" content=\"index, follow, max-snippet:-1, max-image-preview:large, max-video-preview:-1\" \/>\n<link rel=\"canonical\" href=\"https:\/\/roadeu.com\/sklep\/es\/produkt\/aparamenta-equipada-con-3x-b10a-7x-b16a-1x-b16a-3p-diferencial-y-unidad-de-visualizacion\/\" \/>\n<meta property=\"og:locale\" content=\"es_ES\" \/>\n<meta property=\"og:type\" content=\"article\" \/>\n<meta property=\"og:title\" content=\"Aparamenta equipada con 3x B10A 7x B16A 1x B16A 3P diferencial y unidad de visualizaci\u00f3n - Road\" \/>\n<meta property=\"og:description\" content=\"Aparamenta equipada con 3x B10A 7x B16A 1x B16A 3P diferencial y unidad de visualizaci\u00f3n\" \/>\n<meta property=\"og:url\" content=\"https:\/\/roadeu.com\/sklep\/es\/produkt\/aparamenta-equipada-con-3x-b10a-7x-b16a-1x-b16a-3p-diferencial-y-unidad-de-visualizacion\/\" \/>\n<meta property=\"og:site_name\" content=\"Road\" \/>\n<meta property=\"article:modified_time\" content=\"2026-01-05T13:34:39+00:00\" \/>\n<meta property=\"og:image\" content=\"https:\/\/roadeu.com\/sklep\/wp-content\/uploads\/2025\/07\/aae8851a4648b1eac40606c4ba90.jpg\" \/>\n\t<meta property=\"og:image:width\" content=\"1354\" \/>\n\t<meta property=\"og:image:height\" content=\"876\" \/>\n\t<meta property=\"og:image:type\" content=\"image\/jpeg\" \/>\n<meta name=\"twitter:card\" content=\"summary_large_image\" \/>\n<meta name=\"twitter:label1\" content=\"Tiempo de lectura\" \/>\n\t<meta name=\"twitter:data1\" content=\"1 minuto\" \/>\n<script type=\"application\/ld+json\" class=\"yoast-schema-graph\">{\"@context\":\"https:\\\/\\\/schema.org\",\"@graph\":[{\"@type\":\"WebPage\",\"@id\":\"https:\\\/\\\/roadeu.com\\\/sklep\\\/es\\\/produkt\\\/aparamenta-equipada-con-3x-b10a-7x-b16a-1x-b16a-3p-diferencial-y-unidad-de-visualizacion\\\/\",\"url\":\"https:\\\/\\\/roadeu.com\\\/sklep\\\/es\\\/produkt\\\/aparamenta-equipada-con-3x-b10a-7x-b16a-1x-b16a-3p-diferencial-y-unidad-de-visualizacion\\\/\",\"name\":\"Aparamenta equipada con 3x B10A 7x B16A 1x B16A 3P diferencial y unidad de visualizaci\u00f3n - Road\",\"isPartOf\":{\"@id\":\"https:\\\/\\\/roadeu.com\\\/sklep\\\/es\\\/#website\"},\"primaryImageOfPage\":{\"@id\":\"https:\\\/\\\/roadeu.com\\\/sklep\\\/es\\\/produkt\\\/aparamenta-equipada-con-3x-b10a-7x-b16a-1x-b16a-3p-diferencial-y-unidad-de-visualizacion\\\/#primaryimage\"},\"image\":{\"@id\":\"https:\\\/\\\/roadeu.com\\\/sklep\\\/es\\\/produkt\\\/aparamenta-equipada-con-3x-b10a-7x-b16a-1x-b16a-3p-diferencial-y-unidad-de-visualizacion\\\/#primaryimage\"},\"thumbnailUrl\":\"https:\\\/\\\/roadeu.com\\\/sklep\\\/wp-content\\\/uploads\\\/2025\\\/07\\\/aae8851a4648b1eac40606c4ba90.jpg\",\"datePublished\":\"2025-07-22T08:33:40+00:00\",\"dateModified\":\"2026-01-05T13:34:39+00:00\",\"breadcrumb\":{\"@id\":\"https:\\\/\\\/roadeu.com\\\/sklep\\\/es\\\/produkt\\\/aparamenta-equipada-con-3x-b10a-7x-b16a-1x-b16a-3p-diferencial-y-unidad-de-visualizacion\\\/#breadcrumb\"},\"inLanguage\":\"es\",\"potentialAction\":[{\"@type\":\"ReadAction\",\"target\":[\"https:\\\/\\\/roadeu.com\\\/sklep\\\/es\\\/produkt\\\/aparamenta-equipada-con-3x-b10a-7x-b16a-1x-b16a-3p-diferencial-y-unidad-de-visualizacion\\\/\"]}]},{\"@type\":\"ImageObject\",\"inLanguage\":\"es\",\"@id\":\"https:\\\/\\\/roadeu.com\\\/sklep\\\/es\\\/produkt\\\/aparamenta-equipada-con-3x-b10a-7x-b16a-1x-b16a-3p-diferencial-y-unidad-de-visualizacion\\\/#primaryimage\",\"url\":\"https:\\\/\\\/roadeu.com\\\/sklep\\\/wp-content\\\/uploads\\\/2025\\\/07\\\/aae8851a4648b1eac40606c4ba90.jpg\",\"contentUrl\":\"https:\\\/\\\/roadeu.com\\\/sklep\\\/wp-content\\\/uploads\\\/2025\\\/07\\\/aae8851a4648b1eac40606c4ba90.jpg\",\"width\":1354,\"height\":876},{\"@type\":\"BreadcrumbList\",\"@id\":\"https:\\\/\\\/roadeu.com\\\/sklep\\\/es\\\/produkt\\\/aparamenta-equipada-con-3x-b10a-7x-b16a-1x-b16a-3p-diferencial-y-unidad-de-visualizacion\\\/#breadcrumb\",\"itemListElement\":[{\"@type\":\"ListItem\",\"position\":1,\"name\":\"Strona g\u0142\u00f3wna\",\"item\":\"https:\\\/\\\/roadeu.com\\\/sklep\\\/es\\\/\"},{\"@type\":\"ListItem\",\"position\":2,\"name\":\"Tienda\",\"item\":\"https:\\\/\\\/roadeu.com\\\/sklep\\\/es\\\/\"},{\"@type\":\"ListItem\",\"position\":3,\"name\":\"Aparamenta equipada con 3x B10A 7x B16A 1x B16A 3P diferencial y unidad de visualizaci\u00f3n\"}]},{\"@type\":\"WebSite\",\"@id\":\"https:\\\/\\\/roadeu.com\\\/sklep\\\/es\\\/#website\",\"url\":\"https:\\\/\\\/roadeu.com\\\/sklep\\\/es\\\/\",\"name\":\"Road\",\"description\":\"Hurtownia Elektryczna w Dzier\u017coniowie. Producent sprz\u0119tu elektrycznego.\",\"publisher\":{\"@id\":\"https:\\\/\\\/roadeu.com\\\/sklep\\\/es\\\/#organization\"},\"potentialAction\":[{\"@type\":\"SearchAction\",\"target\":{\"@type\":\"EntryPoint\",\"urlTemplate\":\"https:\\\/\\\/roadeu.com\\\/sklep\\\/es\\\/?s={search_term_string}\"},\"query-input\":{\"@type\":\"PropertyValueSpecification\",\"valueRequired\":true,\"valueName\":\"search_term_string\"}}],\"inLanguage\":\"es\"},{\"@type\":\"Organization\",\"@id\":\"https:\\\/\\\/roadeu.com\\\/sklep\\\/es\\\/#organization\",\"name\":\"Road\",\"url\":\"https:\\\/\\\/roadeu.com\\\/sklep\\\/es\\\/\",\"logo\":{\"@type\":\"ImageObject\",\"inLanguage\":\"es\",\"@id\":\"https:\\\/\\\/roadeu.com\\\/sklep\\\/es\\\/#\\\/schema\\\/logo\\\/image\\\/\",\"url\":\"https:\\\/\\\/roadeu.com\\\/sklep\\\/wp-content\\\/uploads\\\/2025\\\/05\\\/logotype-lg-pl.png\",\"contentUrl\":\"https:\\\/\\\/roadeu.com\\\/sklep\\\/wp-content\\\/uploads\\\/2025\\\/05\\\/logotype-lg-pl.png\",\"width\":300,\"height\":70,\"caption\":\"Road\"},\"image\":{\"@id\":\"https:\\\/\\\/roadeu.com\\\/sklep\\\/es\\\/#\\\/schema\\\/logo\\\/image\\\/\"}}]}<\/script>\n<!-- \/ Yoast SEO plugin. -->","yoast_head_json":{"title":"Aparamenta equipada con 3x B10A 7x B16A 1x B16A 3P diferencial y unidad de visualizaci\u00f3n - Road","robots":{"index":"index","follow":"follow","max-snippet":"max-snippet:-1","max-image-preview":"max-image-preview:large","max-video-preview":"max-video-preview:-1"},"canonical":"https:\/\/roadeu.com\/sklep\/es\/produkt\/aparamenta-equipada-con-3x-b10a-7x-b16a-1x-b16a-3p-diferencial-y-unidad-de-visualizacion\/","og_locale":"es_ES","og_type":"article","og_title":"Aparamenta equipada con 3x B10A 7x B16A 1x B16A 3P diferencial y unidad de visualizaci\u00f3n - Road","og_description":"Aparamenta equipada con 3x B10A 7x B16A 1x B16A 3P diferencial y unidad de visualizaci\u00f3n","og_url":"https:\/\/roadeu.com\/sklep\/es\/produkt\/aparamenta-equipada-con-3x-b10a-7x-b16a-1x-b16a-3p-diferencial-y-unidad-de-visualizacion\/","og_site_name":"Road","article_modified_time":"2026-01-05T13:34:39+00:00","og_image":[{"width":1354,"height":876,"url":"https:\/\/roadeu.com\/sklep\/wp-content\/uploads\/2025\/07\/aae8851a4648b1eac40606c4ba90.jpg","type":"image\/jpeg"}],"twitter_card":"summary_large_image","twitter_misc":{"Tiempo de lectura":"1 minuto"},"schema":{"@context":"https:\/\/schema.org","@graph":[{"@type":"WebPage","@id":"https:\/\/roadeu.com\/sklep\/es\/produkt\/aparamenta-equipada-con-3x-b10a-7x-b16a-1x-b16a-3p-diferencial-y-unidad-de-visualizacion\/","url":"https:\/\/roadeu.com\/sklep\/es\/produkt\/aparamenta-equipada-con-3x-b10a-7x-b16a-1x-b16a-3p-diferencial-y-unidad-de-visualizacion\/","name":"Aparamenta equipada con 3x B10A 7x B16A 1x B16A 3P diferencial y unidad de visualizaci\u00f3n - Road","isPartOf":{"@id":"https:\/\/roadeu.com\/sklep\/es\/#website"},"primaryImageOfPage":{"@id":"https:\/\/roadeu.com\/sklep\/es\/produkt\/aparamenta-equipada-con-3x-b10a-7x-b16a-1x-b16a-3p-diferencial-y-unidad-de-visualizacion\/#primaryimage"},"image":{"@id":"https:\/\/roadeu.com\/sklep\/es\/produkt\/aparamenta-equipada-con-3x-b10a-7x-b16a-1x-b16a-3p-diferencial-y-unidad-de-visualizacion\/#primaryimage"},"thumbnailUrl":"https:\/\/roadeu.com\/sklep\/wp-content\/uploads\/2025\/07\/aae8851a4648b1eac40606c4ba90.jpg","datePublished":"2025-07-22T08:33:40+00:00","dateModified":"2026-01-05T13:34:39+00:00","breadcrumb":{"@id":"https:\/\/roadeu.com\/sklep\/es\/produkt\/aparamenta-equipada-con-3x-b10a-7x-b16a-1x-b16a-3p-diferencial-y-unidad-de-visualizacion\/#breadcrumb"},"inLanguage":"es","potentialAction":[{"@type":"ReadAction","target":["https:\/\/roadeu.com\/sklep\/es\/produkt\/aparamenta-equipada-con-3x-b10a-7x-b16a-1x-b16a-3p-diferencial-y-unidad-de-visualizacion\/"]}]},{"@type":"ImageObject","inLanguage":"es","@id":"https:\/\/roadeu.com\/sklep\/es\/produkt\/aparamenta-equipada-con-3x-b10a-7x-b16a-1x-b16a-3p-diferencial-y-unidad-de-visualizacion\/#primaryimage","url":"https:\/\/roadeu.com\/sklep\/wp-content\/uploads\/2025\/07\/aae8851a4648b1eac40606c4ba90.jpg","contentUrl":"https:\/\/roadeu.com\/sklep\/wp-content\/uploads\/2025\/07\/aae8851a4648b1eac40606c4ba90.jpg","width":1354,"height":876},{"@type":"BreadcrumbList","@id":"https:\/\/roadeu.com\/sklep\/es\/produkt\/aparamenta-equipada-con-3x-b10a-7x-b16a-1x-b16a-3p-diferencial-y-unidad-de-visualizacion\/#breadcrumb","itemListElement":[{"@type":"ListItem","position":1,"name":"Strona g\u0142\u00f3wna","item":"https:\/\/roadeu.com\/sklep\/es\/"},{"@type":"ListItem","position":2,"name":"Tienda","item":"https:\/\/roadeu.com\/sklep\/es\/"},{"@type":"ListItem","position":3,"name":"Aparamenta equipada con 3x B10A 7x B16A 1x B16A 3P diferencial y unidad de visualizaci\u00f3n"}]},{"@type":"WebSite","@id":"https:\/\/roadeu.com\/sklep\/es\/#website","url":"https:\/\/roadeu.com\/sklep\/es\/","name":"Road","description":"Hurtownia Elektryczna w Dzier\u017coniowie. Producent sprz\u0119tu elektrycznego.","publisher":{"@id":"https:\/\/roadeu.com\/sklep\/es\/#organization"},"potentialAction":[{"@type":"SearchAction","target":{"@type":"EntryPoint","urlTemplate":"https:\/\/roadeu.com\/sklep\/es\/?s={search_term_string}"},"query-input":{"@type":"PropertyValueSpecification","valueRequired":true,"valueName":"search_term_string"}}],"inLanguage":"es"},{"@type":"Organization","@id":"https:\/\/roadeu.com\/sklep\/es\/#organization","name":"Road","url":"https:\/\/roadeu.com\/sklep\/es\/","logo":{"@type":"ImageObject","inLanguage":"es","@id":"https:\/\/roadeu.com\/sklep\/es\/#\/schema\/logo\/image\/","url":"https:\/\/roadeu.com\/sklep\/wp-content\/uploads\/2025\/05\/logotype-lg-pl.png","contentUrl":"https:\/\/roadeu.com\/sklep\/wp-content\/uploads\/2025\/05\/logotype-lg-pl.png","width":300,"height":70,"caption":"Road"},"image":{"@id":"https:\/\/roadeu.com\/sklep\/es\/#\/schema\/logo\/image\/"}}]}},"_links":{"self":[{"href":"https:\/\/roadeu.com\/sklep\/es\/wp-json\/wp\/v2\/product\/14267","targetHints":{"allow":["GET"]}}],"collection":[{"href":"https:\/\/roadeu.com\/sklep\/es\/wp-json\/wp\/v2\/product"}],"about":[{"href":"https:\/\/roadeu.com\/sklep\/es\/wp-json\/wp\/v2\/types\/product"}],"wp:featuredmedia":[{"embeddable":true,"href":"https:\/\/roadeu.com\/sklep\/es\/wp-json\/wp\/v2\/media\/14272"}],"wp:attachment":[{"href":"https:\/\/roadeu.com\/sklep\/es\/wp-json\/wp\/v2\/media?parent=14267"}],"wp:term":[{"taxonomy":"product_brand","embeddable":true,"href":"https:\/\/roadeu.com\/sklep\/es\/wp-json\/wp\/v2\/product_brand?post=14267"},{"taxonomy":"product_cat","embeddable":true,"href":"https:\/\/roadeu.com\/sklep\/es\/wp-json\/wp\/v2\/product_cat?post=14267"},{"taxonomy":"product_tag","embeddable":true,"href":"https:\/\/roadeu.com\/sklep\/es\/wp-json\/wp\/v2\/product_tag?post=14267"}],"curies":[{"name":"wp","href":"https:\/\/api.w.org\/{rel}","templated":true}]}}