{"id":14225,"date":"2025-07-21T14:39:25","date_gmt":"2025-07-21T12:39:25","guid":{"rendered":"https:\/\/roadeu.com\/sklep\/produkt\/armario-electrico-con-proteccion-c-2p-fase-neutro-8m\/"},"modified":"2026-01-05T14:34:37","modified_gmt":"2026-01-05T13:34:37","slug":"armario-electrico-con-proteccion-c-2p-fase-neutro-8m","status":"publish","type":"product","link":"https:\/\/roadeu.com\/sklep\/es\/produkt\/armario-electrico-con-proteccion-c-2p-fase-neutro-8m\/","title":{"rendered":"Armario el\u00e9ctrico con protecci\u00f3n C 2P fase + neutro 8M"},"content":{"rendered":"<div class=\"app-container\">\n<div class=\"mgn2_14 mp0t_0a mqu1_21 mli8_k4 mgmw_wo msts_pt _0d3bd_K6Qpj\">\n<div class=\"app-container\">\n<div class=\"mgn2_14 mp0t_0a mqu1_21 mli8_k4 mgmw_wo msts_pt _0d3bd_K6Qpj\">\n<div class=\"mpof_ki myre_zn myre_8v_l m389_6m_l\">\n<div class=\"mp4t_16_s mryx_16_s mr3m_1 mli2_1 mh85_56 mh85_0_l\">\n<div class=\"mgn2_16 _0d3bd_am0a-\">\n<p><b>Aparamenta<\/b> de superficie<\/p>\n<p>Presentamos una aparamenta de superficie desarrollada para un uso c\u00f3modo y seguro<\/p>\n<p>en diversas aplicaciones dom\u00e9sticas y de taller.<\/p>\n<p>&nbsp;<\/p>\n<\/div>\n<\/div>\n<\/div>\n<div class=\"mpof_ki myre_zn myre_8v_l m389_6m_l\">\n<div class=\"mp4t_16_s mryx_16_s mr3m_1 mli2_1 mh85_56 mh85_0_l\">\n<div class=\"mgn2_16 _0d3bd_am0a-\">\n<p><b>Ventajas y aplicaciones<\/b><\/p>\n<ul>\n<li><b>Instalaci\u00f3n sencilla <\/b>Gracias a su sencilla instalaci\u00f3n y a su clase de protecci\u00f3n IP40, el armario el\u00e9ctrico es<\/li>\n<\/ul>\n<p>Ideal para uso en interiores, por ejemplo en talleres o viviendas.<\/p>\n<p>&nbsp;<\/p>\n<\/div>\n<\/div>\n<\/div>\n<div class=\"mpof_ki myre_zn myre_8v_l m389_6m_l\">\n<div class=\"mp4t_16_s mryx_16_s mr3m_1 mli2_1 mh85_56 mh85_0_l\">\n<div class=\"mgn2_16 _0d3bd_am0a-\">\n<p><b>Seguridad del equipo<\/b><\/p>\n<ul>\n<li><b>Protecci\u00f3n contra fallos <\/b>La aparamenta se ha desarrollado especialmente para evitar<\/li>\n<\/ul>\n<p>fugas accidentales y cortocircuitos, lo que protege tus aparatos de posibles da\u00f1os. Simplemente conecta la fuente   <\/p>\n<p>230 V y los consumidores para que la fuente de alimentaci\u00f3n est\u00e9 lista para funcionar.<\/p>\n<p>&nbsp;<\/p>\n<\/div>\n<\/div>\n<\/div>\n<div class=\"mpof_ki myre_zn myre_8v_l m389_6m_l\">\n<div class=\"mp4t_16_s mryx_16_s mr3m_1 mli2_1 mh85_56 mh85_0_l\">\n<div class=\"mgn2_16 _0d3bd_am0a-\">\n<p>Datos t\u00e9cnicos:<\/p>\n<ul>\n<li>Interruptor diferencial: 40 A, 30 mA, 2P tipo A\/AC<\/li>\n<\/ul>\n<p>Disyuntor de sobreintensidad: 2P <b>(L1+N<\/b>)<\/p>\n<ul>\n<li>4 x C16A<\/li>\n<li>2 x C10A<\/li>\n<\/ul>\n<p>Certificaciones: Todos los interruptores tienen la certificaci\u00f3n VDE del fabricante, lo que garantiza su alta calidad y fiabilidad.<\/p>\n<\/div>\n<\/div>\n<\/div>\n<\/div>\n<\/div>\n<\/div>\n<\/div>\n","protected":false},"excerpt":{"rendered":"<h1 class=\"mp4t_0 mryx_0 mj7a_4 mvrt_8 mp0t_ji m9qz_yo munh_0 mqu1_1j mgmw_wo mgn2_21 mgn2_25_s\"><span style=\"font-size: 12pt;\">Armario el\u00e9ctrico con protecci\u00f3n C 2P fase + neutro 8M<\/span><\/h1>\n","protected":false},"featured_media":14233,"template":"","meta":[],"product_brand":[397],"product_cat":[399],"product_tag":[],"class_list":{"0":"post-14225","1":"product","2":"type-product","3":"status-publish","4":"has-post-thumbnail","6":"product_brand-carreteraeu","7":"product_cat-aparamenta-con-proteccion","9":"first","10":"instock","11":"taxable","12":"shipping-taxable","13":"purchasable","14":"product-type-simple"},"yoast_head":"<!-- This site is optimized with the Yoast SEO plugin v27.3 - https:\/\/yoast.com\/product\/yoast-seo-wordpress\/ -->\n<title>Armario el\u00e9ctrico con protecci\u00f3n C 2P fase + neutro 8M - Road<\/title>\n<meta name=\"robots\" content=\"index, follow, max-snippet:-1, max-image-preview:large, max-video-preview:-1\" \/>\n<link rel=\"canonical\" href=\"https:\/\/roadeu.com\/sklep\/es\/produkt\/armario-electrico-con-proteccion-c-2p-fase-neutro-8m\/\" \/>\n<meta property=\"og:locale\" content=\"es_ES\" \/>\n<meta property=\"og:type\" content=\"article\" \/>\n<meta property=\"og:title\" content=\"Armario el\u00e9ctrico con protecci\u00f3n C 2P fase + neutro 8M - Road\" \/>\n<meta property=\"og:description\" content=\"Armario el\u00e9ctrico con protecci\u00f3n C 2P fase + neutro 8M\" \/>\n<meta property=\"og:url\" content=\"https:\/\/roadeu.com\/sklep\/es\/produkt\/armario-electrico-con-proteccion-c-2p-fase-neutro-8m\/\" \/>\n<meta property=\"og:site_name\" content=\"Road\" \/>\n<meta property=\"article:modified_time\" content=\"2026-01-05T13:34:37+00:00\" \/>\n<meta property=\"og:image\" content=\"https:\/\/roadeu.com\/sklep\/wp-content\/uploads\/2025\/07\/156258a945ed967da8ce8751f1c0.jpg\" \/>\n\t<meta property=\"og:image:width\" content=\"1217\" \/>\n\t<meta property=\"og:image:height\" content=\"1166\" \/>\n\t<meta property=\"og:image:type\" content=\"image\/jpeg\" \/>\n<meta name=\"twitter:card\" content=\"summary_large_image\" \/>\n<meta name=\"twitter:label1\" content=\"Tiempo de lectura\" \/>\n\t<meta name=\"twitter:data1\" content=\"1 minuto\" \/>\n<script type=\"application\/ld+json\" class=\"yoast-schema-graph\">{\"@context\":\"https:\\\/\\\/schema.org\",\"@graph\":[{\"@type\":\"WebPage\",\"@id\":\"https:\\\/\\\/roadeu.com\\\/sklep\\\/es\\\/produkt\\\/armario-electrico-con-proteccion-c-2p-fase-neutro-8m\\\/\",\"url\":\"https:\\\/\\\/roadeu.com\\\/sklep\\\/es\\\/produkt\\\/armario-electrico-con-proteccion-c-2p-fase-neutro-8m\\\/\",\"name\":\"Armario el\u00e9ctrico con protecci\u00f3n C 2P fase + neutro 8M - Road\",\"isPartOf\":{\"@id\":\"https:\\\/\\\/roadeu.com\\\/sklep\\\/es\\\/#website\"},\"primaryImageOfPage\":{\"@id\":\"https:\\\/\\\/roadeu.com\\\/sklep\\\/es\\\/produkt\\\/armario-electrico-con-proteccion-c-2p-fase-neutro-8m\\\/#primaryimage\"},\"image\":{\"@id\":\"https:\\\/\\\/roadeu.com\\\/sklep\\\/es\\\/produkt\\\/armario-electrico-con-proteccion-c-2p-fase-neutro-8m\\\/#primaryimage\"},\"thumbnailUrl\":\"https:\\\/\\\/roadeu.com\\\/sklep\\\/wp-content\\\/uploads\\\/2025\\\/07\\\/156258a945ed967da8ce8751f1c0.jpg\",\"datePublished\":\"2025-07-21T12:39:25+00:00\",\"dateModified\":\"2026-01-05T13:34:37+00:00\",\"breadcrumb\":{\"@id\":\"https:\\\/\\\/roadeu.com\\\/sklep\\\/es\\\/produkt\\\/armario-electrico-con-proteccion-c-2p-fase-neutro-8m\\\/#breadcrumb\"},\"inLanguage\":\"es\",\"potentialAction\":[{\"@type\":\"ReadAction\",\"target\":[\"https:\\\/\\\/roadeu.com\\\/sklep\\\/es\\\/produkt\\\/armario-electrico-con-proteccion-c-2p-fase-neutro-8m\\\/\"]}]},{\"@type\":\"ImageObject\",\"inLanguage\":\"es\",\"@id\":\"https:\\\/\\\/roadeu.com\\\/sklep\\\/es\\\/produkt\\\/armario-electrico-con-proteccion-c-2p-fase-neutro-8m\\\/#primaryimage\",\"url\":\"https:\\\/\\\/roadeu.com\\\/sklep\\\/wp-content\\\/uploads\\\/2025\\\/07\\\/156258a945ed967da8ce8751f1c0.jpg\",\"contentUrl\":\"https:\\\/\\\/roadeu.com\\\/sklep\\\/wp-content\\\/uploads\\\/2025\\\/07\\\/156258a945ed967da8ce8751f1c0.jpg\",\"width\":1217,\"height\":1166},{\"@type\":\"BreadcrumbList\",\"@id\":\"https:\\\/\\\/roadeu.com\\\/sklep\\\/es\\\/produkt\\\/armario-electrico-con-proteccion-c-2p-fase-neutro-8m\\\/#breadcrumb\",\"itemListElement\":[{\"@type\":\"ListItem\",\"position\":1,\"name\":\"Strona g\u0142\u00f3wna\",\"item\":\"https:\\\/\\\/roadeu.com\\\/sklep\\\/es\\\/\"},{\"@type\":\"ListItem\",\"position\":2,\"name\":\"Tienda\",\"item\":\"https:\\\/\\\/roadeu.com\\\/sklep\\\/es\\\/\"},{\"@type\":\"ListItem\",\"position\":3,\"name\":\"Armario el\u00e9ctrico con protecci\u00f3n C 2P fase + neutro 8M\"}]},{\"@type\":\"WebSite\",\"@id\":\"https:\\\/\\\/roadeu.com\\\/sklep\\\/es\\\/#website\",\"url\":\"https:\\\/\\\/roadeu.com\\\/sklep\\\/es\\\/\",\"name\":\"Road\",\"description\":\"Hurtownia Elektryczna w Dzier\u017coniowie. Producent sprz\u0119tu elektrycznego.\",\"potentialAction\":[{\"@type\":\"SearchAction\",\"target\":{\"@type\":\"EntryPoint\",\"urlTemplate\":\"https:\\\/\\\/roadeu.com\\\/sklep\\\/es\\\/?s={search_term_string}\"},\"query-input\":{\"@type\":\"PropertyValueSpecification\",\"valueRequired\":true,\"valueName\":\"search_term_string\"}}],\"inLanguage\":\"es\"}]}<\/script>\n<!-- \/ Yoast SEO plugin. -->","yoast_head_json":{"title":"Armario el\u00e9ctrico con protecci\u00f3n C 2P fase + neutro 8M - Road","robots":{"index":"index","follow":"follow","max-snippet":"max-snippet:-1","max-image-preview":"max-image-preview:large","max-video-preview":"max-video-preview:-1"},"canonical":"https:\/\/roadeu.com\/sklep\/es\/produkt\/armario-electrico-con-proteccion-c-2p-fase-neutro-8m\/","og_locale":"es_ES","og_type":"article","og_title":"Armario el\u00e9ctrico con protecci\u00f3n C 2P fase + neutro 8M - Road","og_description":"Armario el\u00e9ctrico con protecci\u00f3n C 2P fase + neutro 8M","og_url":"https:\/\/roadeu.com\/sklep\/es\/produkt\/armario-electrico-con-proteccion-c-2p-fase-neutro-8m\/","og_site_name":"Road","article_modified_time":"2026-01-05T13:34:37+00:00","og_image":[{"width":1217,"height":1166,"url":"https:\/\/roadeu.com\/sklep\/wp-content\/uploads\/2025\/07\/156258a945ed967da8ce8751f1c0.jpg","type":"image\/jpeg"}],"twitter_card":"summary_large_image","twitter_misc":{"Tiempo de lectura":"1 minuto"},"schema":{"@context":"https:\/\/schema.org","@graph":[{"@type":"WebPage","@id":"https:\/\/roadeu.com\/sklep\/es\/produkt\/armario-electrico-con-proteccion-c-2p-fase-neutro-8m\/","url":"https:\/\/roadeu.com\/sklep\/es\/produkt\/armario-electrico-con-proteccion-c-2p-fase-neutro-8m\/","name":"Armario el\u00e9ctrico con protecci\u00f3n C 2P fase + neutro 8M - Road","isPartOf":{"@id":"https:\/\/roadeu.com\/sklep\/es\/#website"},"primaryImageOfPage":{"@id":"https:\/\/roadeu.com\/sklep\/es\/produkt\/armario-electrico-con-proteccion-c-2p-fase-neutro-8m\/#primaryimage"},"image":{"@id":"https:\/\/roadeu.com\/sklep\/es\/produkt\/armario-electrico-con-proteccion-c-2p-fase-neutro-8m\/#primaryimage"},"thumbnailUrl":"https:\/\/roadeu.com\/sklep\/wp-content\/uploads\/2025\/07\/156258a945ed967da8ce8751f1c0.jpg","datePublished":"2025-07-21T12:39:25+00:00","dateModified":"2026-01-05T13:34:37+00:00","breadcrumb":{"@id":"https:\/\/roadeu.com\/sklep\/es\/produkt\/armario-electrico-con-proteccion-c-2p-fase-neutro-8m\/#breadcrumb"},"inLanguage":"es","potentialAction":[{"@type":"ReadAction","target":["https:\/\/roadeu.com\/sklep\/es\/produkt\/armario-electrico-con-proteccion-c-2p-fase-neutro-8m\/"]}]},{"@type":"ImageObject","inLanguage":"es","@id":"https:\/\/roadeu.com\/sklep\/es\/produkt\/armario-electrico-con-proteccion-c-2p-fase-neutro-8m\/#primaryimage","url":"https:\/\/roadeu.com\/sklep\/wp-content\/uploads\/2025\/07\/156258a945ed967da8ce8751f1c0.jpg","contentUrl":"https:\/\/roadeu.com\/sklep\/wp-content\/uploads\/2025\/07\/156258a945ed967da8ce8751f1c0.jpg","width":1217,"height":1166},{"@type":"BreadcrumbList","@id":"https:\/\/roadeu.com\/sklep\/es\/produkt\/armario-electrico-con-proteccion-c-2p-fase-neutro-8m\/#breadcrumb","itemListElement":[{"@type":"ListItem","position":1,"name":"Strona g\u0142\u00f3wna","item":"https:\/\/roadeu.com\/sklep\/es\/"},{"@type":"ListItem","position":2,"name":"Tienda","item":"https:\/\/roadeu.com\/sklep\/es\/"},{"@type":"ListItem","position":3,"name":"Armario el\u00e9ctrico con protecci\u00f3n C 2P fase + neutro 8M"}]},{"@type":"WebSite","@id":"https:\/\/roadeu.com\/sklep\/es\/#website","url":"https:\/\/roadeu.com\/sklep\/es\/","name":"Road","description":"Hurtownia Elektryczna w Dzier\u017coniowie. Producent sprz\u0119tu elektrycznego.","potentialAction":[{"@type":"SearchAction","target":{"@type":"EntryPoint","urlTemplate":"https:\/\/roadeu.com\/sklep\/es\/?s={search_term_string}"},"query-input":{"@type":"PropertyValueSpecification","valueRequired":true,"valueName":"search_term_string"}}],"inLanguage":"es"}]}},"_links":{"self":[{"href":"https:\/\/roadeu.com\/sklep\/es\/wp-json\/wp\/v2\/product\/14225","targetHints":{"allow":["GET"]}}],"collection":[{"href":"https:\/\/roadeu.com\/sklep\/es\/wp-json\/wp\/v2\/product"}],"about":[{"href":"https:\/\/roadeu.com\/sklep\/es\/wp-json\/wp\/v2\/types\/product"}],"wp:featuredmedia":[{"embeddable":true,"href":"https:\/\/roadeu.com\/sklep\/es\/wp-json\/wp\/v2\/media\/14233"}],"wp:attachment":[{"href":"https:\/\/roadeu.com\/sklep\/es\/wp-json\/wp\/v2\/media?parent=14225"}],"wp:term":[{"taxonomy":"product_brand","embeddable":true,"href":"https:\/\/roadeu.com\/sklep\/es\/wp-json\/wp\/v2\/product_brand?post=14225"},{"taxonomy":"product_cat","embeddable":true,"href":"https:\/\/roadeu.com\/sklep\/es\/wp-json\/wp\/v2\/product_cat?post=14225"},{"taxonomy":"product_tag","embeddable":true,"href":"https:\/\/roadeu.com\/sklep\/es\/wp-json\/wp\/v2\/product_tag?post=14225"}],"curies":[{"name":"wp","href":"https:\/\/api.w.org\/{rel}","templated":true}]}}