{"id":14223,"date":"2025-07-21T15:05:17","date_gmt":"2025-07-21T13:05:17","guid":{"rendered":"https:\/\/roadeu.com\/sklep\/produkt\/cuadro-de-distribucion-electrica-c-2p-interruptor-de-sobreintensidad-fase-n-2x-16a-1x-10a\/"},"modified":"2026-01-05T14:34:38","modified_gmt":"2026-01-05T13:34:38","slug":"cuadro-de-distribucion-electrica-c-2p-interruptor-de-sobreintensidad-fase-n-2x-16a-1x-10a","status":"publish","type":"product","link":"https:\/\/roadeu.com\/sklep\/es\/produkt\/cuadro-de-distribucion-electrica-c-2p-interruptor-de-sobreintensidad-fase-n-2x-16a-1x-10a\/","title":{"rendered":"Cuadro de distribuci\u00f3n el\u00e9ctrica C 2P Interruptor de sobreintensidad fase + N 2x 16A 1x 10A"},"content":{"rendered":"<div class=\"app-container\">\n<div class=\"mgn2_14 mp0t_0a mqu1_21 mli8_k4 mgmw_wo msts_pt _0d3bd_K6Qpj\">\n<div class=\"app-container\">\n<div class=\"mgn2_14 mp0t_0a mqu1_21 mli8_k4 mgmw_wo msts_pt _0d3bd_K6Qpj\">\n<div class=\"mpof_ki myre_zn myre_8v_l m389_6m_l\">\n<div class=\"mp4t_16_s mryx_16_s mr3m_1 mli2_1 mh85_56 mh85_0_l\">\n<div class=\"mgn2_16 _0d3bd_am0a-\">\n<p><b>Caja de fusibles IP65<\/b><\/p>\n<p><b>Descripci\u00f3n del producto \u2013 La <\/b> <b>aparamenta con fusibles IP65<\/b> es ideal para el uso de<\/p>\n<p>tanto en interiores como en exteriores. Gracias a su alto nivel de protecci\u00f3n, es resistente a los rayos UV,   <\/p>\n<p>Polvo, humedad y agua, lo que lo convierte en un componente vers\u00e1til y fiable de cualquier instalaci\u00f3n el\u00e9ctrica<\/p>\n<p>\u00a0<\/p>\n<\/div>\n<\/div>\n<\/div>\n<div class=\"mpof_ki myre_zn myre_8v_l m389_6m_l\">\n<div class=\"mp4t_16_s mryx_16_s mr3m_1 mli2_1 mh85_56 mh85_0_l\">\n<div class=\"mgn2_16 _0d3bd_am0a-\">\n<p><b>Funcionalidades<\/b><\/p>\n<ul>\n<li><b>Extremadamente robusto<\/b>: el grado de protecci\u00f3n IP65 garantiza la protecci\u00f3n contra los elementos,<\/li>\n<\/ul>\n<p>Esto significa que la aparamenta puede utilizarse en entornos exteriores dif\u00edciles y en lugares expuestos a la humedad y el polvo.<\/p>\n<ul>\n<li>Compatibilidad <b>con las nuevas normas \u2013 <\/b>La aparamenta es compatible con las \u00faltimas normas de instalaci\u00f3n y<\/li>\n<\/ul>\n<p>preparado para la ampliaci\u00f3n de los sistemas el\u00e9ctricos existentes. Est\u00e1 precableado y provisto de tapas para simplificar la instalaci\u00f3n y minimizar el riesgo de da\u00f1os.   <\/p>\n<p>garantiza el cumplimiento de las normas aplicables.<\/p>\n<p>\u00a0<\/p>\n<\/div>\n<\/div>\n<\/div>\n<div class=\"mpof_ki myre_zn myre_8v_l m389_6m_l\">\n<div class=\"mp4t_16_s mryx_16_s mr3m_1 mli2_1 mh85_56 mh85_0_l\">\n<div class=\"mgn2_16 _0d3bd_am0a-\">\n<p><b>Equipo<\/b><\/p>\n<p><b>Disyuntor <\/b>de sobreintensidad <b>\u2013 <\/b>La aparamenta est\u00e1 equipada con disyuntores de sobreintensidad <b>2P (L1+N)<\/b>:<\/p>\n<ul>\n<li><b>2 x C 16 A<\/b><\/li>\n<li><b>1 x C 10 A<\/b><\/li>\n<\/ul>\n<p>Todos los componentes tienen la certificaci\u00f3n T\u00dcV, lo que garantiza su alta calidad y fiabilidad.<\/p>\n<p>\u00a0<\/p>\n<p><b>Aplicaci\u00f3n \u2013 <\/b>Ideal para ampliar instalaciones el\u00e9ctricas en edificios residenciales, industriales y comerciales.<\/p>\n<p>Lugares que requieren protecci\u00f3n frente al exterior. La aparamenta ofrece una soluci\u00f3n segura y duradera para   <\/p>\n<p>Gesti\u00f3n de los circuitos.<\/p>\n<\/div>\n<\/div>\n<\/div>\n<\/div>\n<\/div>\n<\/div>\n<\/div>\n","protected":false},"excerpt":{"rendered":"<h1 class=\"mp4t_0 mryx_0 mj7a_4 mvrt_8 mp0t_ji m9qz_yo munh_0 mqu1_1j mgmw_wo mgn2_21 mgn2_25_s\"><span style=\"font-size: 12pt;\">Cuadro de distribuci\u00f3n el\u00e9ctrica C 2P Interruptor de sobreintensidad fase + N 2x 16A 1x 10A<\/span><\/h1>\n","protected":false},"featured_media":14227,"template":"","meta":[],"product_brand":[397],"product_cat":[399],"product_tag":[],"class_list":{"0":"post-14223","1":"product","2":"type-product","3":"status-publish","4":"has-post-thumbnail","6":"product_brand-carreteraeu","7":"product_cat-aparamenta-con-proteccion","9":"first","10":"instock","11":"taxable","12":"shipping-taxable","13":"purchasable","14":"product-type-simple"},"yoast_head":"<!-- This site is optimized with the Yoast SEO plugin v27.5 - https:\/\/yoast.com\/product\/yoast-seo-wordpress\/ -->\n<title>Cuadro de distribuci\u00f3n el\u00e9ctrica C 2P Interruptor de sobreintensidad fase + N 2x 16A 1x 10A - Road<\/title>\n<meta name=\"robots\" content=\"index, follow, max-snippet:-1, max-image-preview:large, max-video-preview:-1\" \/>\n<link rel=\"canonical\" href=\"https:\/\/roadeu.com\/sklep\/es\/produkt\/cuadro-de-distribucion-electrica-c-2p-interruptor-de-sobreintensidad-fase-n-2x-16a-1x-10a\/\" \/>\n<meta property=\"og:locale\" content=\"es_ES\" \/>\n<meta property=\"og:type\" content=\"article\" \/>\n<meta property=\"og:title\" content=\"Cuadro de distribuci\u00f3n el\u00e9ctrica C 2P Interruptor de sobreintensidad fase + N 2x 16A 1x 10A - Road\" \/>\n<meta property=\"og:description\" content=\"Cuadro de distribuci\u00f3n el\u00e9ctrica C 2P Interruptor de sobreintensidad fase + N 2x 16A 1x 10A\" \/>\n<meta property=\"og:url\" content=\"https:\/\/roadeu.com\/sklep\/es\/produkt\/cuadro-de-distribucion-electrica-c-2p-interruptor-de-sobreintensidad-fase-n-2x-16a-1x-10a\/\" \/>\n<meta property=\"og:site_name\" content=\"Road\" \/>\n<meta property=\"article:modified_time\" content=\"2026-01-05T13:34:38+00:00\" \/>\n<meta property=\"og:image\" content=\"https:\/\/roadeu.com\/sklep\/wp-content\/uploads\/2025\/07\/33a0a8004bbaaa72e0f7929b1650.jpg\" \/>\n\t<meta property=\"og:image:width\" content=\"1637\" \/>\n\t<meta property=\"og:image:height\" content=\"1440\" \/>\n\t<meta property=\"og:image:type\" content=\"image\/jpeg\" \/>\n<meta name=\"twitter:card\" content=\"summary_large_image\" \/>\n<meta name=\"twitter:label1\" content=\"Tiempo de lectura\" \/>\n\t<meta name=\"twitter:data1\" content=\"1 minuto\" \/>\n<script type=\"application\/ld+json\" class=\"yoast-schema-graph\">{\"@context\":\"https:\\\/\\\/schema.org\",\"@graph\":[{\"@type\":\"WebPage\",\"@id\":\"https:\\\/\\\/roadeu.com\\\/sklep\\\/es\\\/produkt\\\/cuadro-de-distribucion-electrica-c-2p-interruptor-de-sobreintensidad-fase-n-2x-16a-1x-10a\\\/\",\"url\":\"https:\\\/\\\/roadeu.com\\\/sklep\\\/es\\\/produkt\\\/cuadro-de-distribucion-electrica-c-2p-interruptor-de-sobreintensidad-fase-n-2x-16a-1x-10a\\\/\",\"name\":\"Cuadro de distribuci\u00f3n el\u00e9ctrica C 2P Interruptor de sobreintensidad fase + N 2x 16A 1x 10A - Road\",\"isPartOf\":{\"@id\":\"https:\\\/\\\/roadeu.com\\\/sklep\\\/es\\\/#website\"},\"primaryImageOfPage\":{\"@id\":\"https:\\\/\\\/roadeu.com\\\/sklep\\\/es\\\/produkt\\\/cuadro-de-distribucion-electrica-c-2p-interruptor-de-sobreintensidad-fase-n-2x-16a-1x-10a\\\/#primaryimage\"},\"image\":{\"@id\":\"https:\\\/\\\/roadeu.com\\\/sklep\\\/es\\\/produkt\\\/cuadro-de-distribucion-electrica-c-2p-interruptor-de-sobreintensidad-fase-n-2x-16a-1x-10a\\\/#primaryimage\"},\"thumbnailUrl\":\"https:\\\/\\\/roadeu.com\\\/sklep\\\/wp-content\\\/uploads\\\/2025\\\/07\\\/33a0a8004bbaaa72e0f7929b1650.jpg\",\"datePublished\":\"2025-07-21T13:05:17+00:00\",\"dateModified\":\"2026-01-05T13:34:38+00:00\",\"breadcrumb\":{\"@id\":\"https:\\\/\\\/roadeu.com\\\/sklep\\\/es\\\/produkt\\\/cuadro-de-distribucion-electrica-c-2p-interruptor-de-sobreintensidad-fase-n-2x-16a-1x-10a\\\/#breadcrumb\"},\"inLanguage\":\"es\",\"potentialAction\":[{\"@type\":\"ReadAction\",\"target\":[\"https:\\\/\\\/roadeu.com\\\/sklep\\\/es\\\/produkt\\\/cuadro-de-distribucion-electrica-c-2p-interruptor-de-sobreintensidad-fase-n-2x-16a-1x-10a\\\/\"]}]},{\"@type\":\"ImageObject\",\"inLanguage\":\"es\",\"@id\":\"https:\\\/\\\/roadeu.com\\\/sklep\\\/es\\\/produkt\\\/cuadro-de-distribucion-electrica-c-2p-interruptor-de-sobreintensidad-fase-n-2x-16a-1x-10a\\\/#primaryimage\",\"url\":\"https:\\\/\\\/roadeu.com\\\/sklep\\\/wp-content\\\/uploads\\\/2025\\\/07\\\/33a0a8004bbaaa72e0f7929b1650.jpg\",\"contentUrl\":\"https:\\\/\\\/roadeu.com\\\/sklep\\\/wp-content\\\/uploads\\\/2025\\\/07\\\/33a0a8004bbaaa72e0f7929b1650.jpg\",\"width\":1637,\"height\":1440},{\"@type\":\"BreadcrumbList\",\"@id\":\"https:\\\/\\\/roadeu.com\\\/sklep\\\/es\\\/produkt\\\/cuadro-de-distribucion-electrica-c-2p-interruptor-de-sobreintensidad-fase-n-2x-16a-1x-10a\\\/#breadcrumb\",\"itemListElement\":[{\"@type\":\"ListItem\",\"position\":1,\"name\":\"Strona g\u0142\u00f3wna\",\"item\":\"https:\\\/\\\/roadeu.com\\\/sklep\\\/es\\\/\"},{\"@type\":\"ListItem\",\"position\":2,\"name\":\"Tienda\",\"item\":\"https:\\\/\\\/roadeu.com\\\/sklep\\\/es\\\/\"},{\"@type\":\"ListItem\",\"position\":3,\"name\":\"Cuadro de distribuci\u00f3n el\u00e9ctrica C 2P Interruptor de sobreintensidad fase + N 2x 16A 1x 10A\"}]},{\"@type\":\"WebSite\",\"@id\":\"https:\\\/\\\/roadeu.com\\\/sklep\\\/es\\\/#website\",\"url\":\"https:\\\/\\\/roadeu.com\\\/sklep\\\/es\\\/\",\"name\":\"Road\",\"description\":\"Hurtownia Elektryczna w Dzier\u017coniowie. Producent sprz\u0119tu elektrycznego.\",\"publisher\":{\"@id\":\"https:\\\/\\\/roadeu.com\\\/sklep\\\/es\\\/#organization\"},\"potentialAction\":[{\"@type\":\"SearchAction\",\"target\":{\"@type\":\"EntryPoint\",\"urlTemplate\":\"https:\\\/\\\/roadeu.com\\\/sklep\\\/es\\\/?s={search_term_string}\"},\"query-input\":{\"@type\":\"PropertyValueSpecification\",\"valueRequired\":true,\"valueName\":\"search_term_string\"}}],\"inLanguage\":\"es\"},{\"@type\":\"Organization\",\"@id\":\"https:\\\/\\\/roadeu.com\\\/sklep\\\/es\\\/#organization\",\"name\":\"Road\",\"url\":\"https:\\\/\\\/roadeu.com\\\/sklep\\\/es\\\/\",\"logo\":{\"@type\":\"ImageObject\",\"inLanguage\":\"es\",\"@id\":\"https:\\\/\\\/roadeu.com\\\/sklep\\\/es\\\/#\\\/schema\\\/logo\\\/image\\\/\",\"url\":\"https:\\\/\\\/roadeu.com\\\/sklep\\\/wp-content\\\/uploads\\\/2025\\\/05\\\/logotype-lg-pl.png\",\"contentUrl\":\"https:\\\/\\\/roadeu.com\\\/sklep\\\/wp-content\\\/uploads\\\/2025\\\/05\\\/logotype-lg-pl.png\",\"width\":300,\"height\":70,\"caption\":\"Road\"},\"image\":{\"@id\":\"https:\\\/\\\/roadeu.com\\\/sklep\\\/es\\\/#\\\/schema\\\/logo\\\/image\\\/\"}}]}<\/script>\n<!-- \/ Yoast SEO plugin. -->","yoast_head_json":{"title":"Cuadro de distribuci\u00f3n el\u00e9ctrica C 2P Interruptor de sobreintensidad fase + N 2x 16A 1x 10A - Road","robots":{"index":"index","follow":"follow","max-snippet":"max-snippet:-1","max-image-preview":"max-image-preview:large","max-video-preview":"max-video-preview:-1"},"canonical":"https:\/\/roadeu.com\/sklep\/es\/produkt\/cuadro-de-distribucion-electrica-c-2p-interruptor-de-sobreintensidad-fase-n-2x-16a-1x-10a\/","og_locale":"es_ES","og_type":"article","og_title":"Cuadro de distribuci\u00f3n el\u00e9ctrica C 2P Interruptor de sobreintensidad fase + N 2x 16A 1x 10A - Road","og_description":"Cuadro de distribuci\u00f3n el\u00e9ctrica C 2P Interruptor de sobreintensidad fase + N 2x 16A 1x 10A","og_url":"https:\/\/roadeu.com\/sklep\/es\/produkt\/cuadro-de-distribucion-electrica-c-2p-interruptor-de-sobreintensidad-fase-n-2x-16a-1x-10a\/","og_site_name":"Road","article_modified_time":"2026-01-05T13:34:38+00:00","og_image":[{"width":1637,"height":1440,"url":"https:\/\/roadeu.com\/sklep\/wp-content\/uploads\/2025\/07\/33a0a8004bbaaa72e0f7929b1650.jpg","type":"image\/jpeg"}],"twitter_card":"summary_large_image","twitter_misc":{"Tiempo de lectura":"1 minuto"},"schema":{"@context":"https:\/\/schema.org","@graph":[{"@type":"WebPage","@id":"https:\/\/roadeu.com\/sklep\/es\/produkt\/cuadro-de-distribucion-electrica-c-2p-interruptor-de-sobreintensidad-fase-n-2x-16a-1x-10a\/","url":"https:\/\/roadeu.com\/sklep\/es\/produkt\/cuadro-de-distribucion-electrica-c-2p-interruptor-de-sobreintensidad-fase-n-2x-16a-1x-10a\/","name":"Cuadro de distribuci\u00f3n el\u00e9ctrica C 2P Interruptor de sobreintensidad fase + N 2x 16A 1x 10A - Road","isPartOf":{"@id":"https:\/\/roadeu.com\/sklep\/es\/#website"},"primaryImageOfPage":{"@id":"https:\/\/roadeu.com\/sklep\/es\/produkt\/cuadro-de-distribucion-electrica-c-2p-interruptor-de-sobreintensidad-fase-n-2x-16a-1x-10a\/#primaryimage"},"image":{"@id":"https:\/\/roadeu.com\/sklep\/es\/produkt\/cuadro-de-distribucion-electrica-c-2p-interruptor-de-sobreintensidad-fase-n-2x-16a-1x-10a\/#primaryimage"},"thumbnailUrl":"https:\/\/roadeu.com\/sklep\/wp-content\/uploads\/2025\/07\/33a0a8004bbaaa72e0f7929b1650.jpg","datePublished":"2025-07-21T13:05:17+00:00","dateModified":"2026-01-05T13:34:38+00:00","breadcrumb":{"@id":"https:\/\/roadeu.com\/sklep\/es\/produkt\/cuadro-de-distribucion-electrica-c-2p-interruptor-de-sobreintensidad-fase-n-2x-16a-1x-10a\/#breadcrumb"},"inLanguage":"es","potentialAction":[{"@type":"ReadAction","target":["https:\/\/roadeu.com\/sklep\/es\/produkt\/cuadro-de-distribucion-electrica-c-2p-interruptor-de-sobreintensidad-fase-n-2x-16a-1x-10a\/"]}]},{"@type":"ImageObject","inLanguage":"es","@id":"https:\/\/roadeu.com\/sklep\/es\/produkt\/cuadro-de-distribucion-electrica-c-2p-interruptor-de-sobreintensidad-fase-n-2x-16a-1x-10a\/#primaryimage","url":"https:\/\/roadeu.com\/sklep\/wp-content\/uploads\/2025\/07\/33a0a8004bbaaa72e0f7929b1650.jpg","contentUrl":"https:\/\/roadeu.com\/sklep\/wp-content\/uploads\/2025\/07\/33a0a8004bbaaa72e0f7929b1650.jpg","width":1637,"height":1440},{"@type":"BreadcrumbList","@id":"https:\/\/roadeu.com\/sklep\/es\/produkt\/cuadro-de-distribucion-electrica-c-2p-interruptor-de-sobreintensidad-fase-n-2x-16a-1x-10a\/#breadcrumb","itemListElement":[{"@type":"ListItem","position":1,"name":"Strona g\u0142\u00f3wna","item":"https:\/\/roadeu.com\/sklep\/es\/"},{"@type":"ListItem","position":2,"name":"Tienda","item":"https:\/\/roadeu.com\/sklep\/es\/"},{"@type":"ListItem","position":3,"name":"Cuadro de distribuci\u00f3n el\u00e9ctrica C 2P Interruptor de sobreintensidad fase + N 2x 16A 1x 10A"}]},{"@type":"WebSite","@id":"https:\/\/roadeu.com\/sklep\/es\/#website","url":"https:\/\/roadeu.com\/sklep\/es\/","name":"Road","description":"Hurtownia Elektryczna w Dzier\u017coniowie. Producent sprz\u0119tu elektrycznego.","publisher":{"@id":"https:\/\/roadeu.com\/sklep\/es\/#organization"},"potentialAction":[{"@type":"SearchAction","target":{"@type":"EntryPoint","urlTemplate":"https:\/\/roadeu.com\/sklep\/es\/?s={search_term_string}"},"query-input":{"@type":"PropertyValueSpecification","valueRequired":true,"valueName":"search_term_string"}}],"inLanguage":"es"},{"@type":"Organization","@id":"https:\/\/roadeu.com\/sklep\/es\/#organization","name":"Road","url":"https:\/\/roadeu.com\/sklep\/es\/","logo":{"@type":"ImageObject","inLanguage":"es","@id":"https:\/\/roadeu.com\/sklep\/es\/#\/schema\/logo\/image\/","url":"https:\/\/roadeu.com\/sklep\/wp-content\/uploads\/2025\/05\/logotype-lg-pl.png","contentUrl":"https:\/\/roadeu.com\/sklep\/wp-content\/uploads\/2025\/05\/logotype-lg-pl.png","width":300,"height":70,"caption":"Road"},"image":{"@id":"https:\/\/roadeu.com\/sklep\/es\/#\/schema\/logo\/image\/"}}]}},"_links":{"self":[{"href":"https:\/\/roadeu.com\/sklep\/es\/wp-json\/wp\/v2\/product\/14223","targetHints":{"allow":["GET"]}}],"collection":[{"href":"https:\/\/roadeu.com\/sklep\/es\/wp-json\/wp\/v2\/product"}],"about":[{"href":"https:\/\/roadeu.com\/sklep\/es\/wp-json\/wp\/v2\/types\/product"}],"wp:featuredmedia":[{"embeddable":true,"href":"https:\/\/roadeu.com\/sklep\/es\/wp-json\/wp\/v2\/media\/14227"}],"wp:attachment":[{"href":"https:\/\/roadeu.com\/sklep\/es\/wp-json\/wp\/v2\/media?parent=14223"}],"wp:term":[{"taxonomy":"product_brand","embeddable":true,"href":"https:\/\/roadeu.com\/sklep\/es\/wp-json\/wp\/v2\/product_brand?post=14223"},{"taxonomy":"product_cat","embeddable":true,"href":"https:\/\/roadeu.com\/sklep\/es\/wp-json\/wp\/v2\/product_cat?post=14223"},{"taxonomy":"product_tag","embeddable":true,"href":"https:\/\/roadeu.com\/sklep\/es\/wp-json\/wp\/v2\/product_tag?post=14223"}],"curies":[{"name":"wp","href":"https:\/\/api.w.org\/{rel}","templated":true}]}}