{"id":14210,"date":"2025-07-21T14:26:23","date_gmt":"2025-07-21T12:26:23","guid":{"rendered":"https:\/\/roadeu.com\/sklep\/produkt\/cuadro-electrico-con-proteccion-c-2p-fase-neutro-4m\/"},"modified":"2026-01-05T14:34:36","modified_gmt":"2026-01-05T13:34:36","slug":"cuadro-electrico-con-proteccion-c-2p-fase-neutro-4m","status":"publish","type":"product","link":"https:\/\/roadeu.com\/sklep\/es\/produkt\/cuadro-electrico-con-proteccion-c-2p-fase-neutro-4m\/","title":{"rendered":"Cuadro el\u00e9ctrico con protecci\u00f3n C 2P fase + neutro 4M"},"content":{"rendered":"<div class=\"app-container\">\n<div class=\"mgn2_14 mp0t_0a mqu1_21 mli8_k4 mgmw_wo msts_pt _0d3bd_K6Qpj\">\n<div class=\"mpof_ki myre_zn myre_8v_l m389_6m_l\">\n<div class=\"mp4t_16_s mryx_16_s mr3m_1 mli2_1 mh85_56 mh85_0_l\">\n<div class=\"mgn2_16 _0d3bd_am0a-\">\n<p><b>Centralita<\/b> de superficie<\/p>\n<p>Te ofrecemos una centralita de superficie de \u00faltima generaci\u00f3n que se ha desarrollado pensando en la seguridad y la fiabilidad.<\/p>\n<p>Su innovador dise\u00f1o evita eficazmente las fugas accidentales y los cortocircuitos, y protege tus componentes electr\u00f3nicos de posibles da\u00f1os.<\/p>\n<p>\u00a0<\/p>\n<\/div>\n<\/div>\n<\/div>\n<div class=\"mpof_ki myre_zn myre_8v_l m389_6m_l\">\n<div class=\"mp4t_16_s mryx_16_s mr3m_1 mli2_1 mh85_56 mh85_0_l\">\n<div class=\"mgn2_16 _0d3bd_am0a-\">\n<p><b>Seguridad y protecci\u00f3n<\/b><\/p>\n<ul>\n<li><b>Protecci\u00f3n contra da\u00f1os <\/b>La aparamenta est\u00e1 precableada y lista para la conexi\u00f3n, y los bornes est\u00e1n<\/li>\n<\/ul>\n<p>N+PE garantizan una conexi\u00f3n sencilla y segura.<\/p>\n<\/div>\n<\/div>\n<\/div>\n<div class=\"mpof_ki myre_zn myre_8v_l m389_6m_l\">\n<div class=\"mp4t_16_s mryx_16_s mr3m_1 mli2_1 mh85_56 mh85_0_l\">\n<div class=\"mgn2_16 _0d3bd_am0a-\">\n<p><b>Instalaci\u00f3n sencilla<\/b><\/p>\n<ul>\n<li><b>Instalaci\u00f3n sencilla <\/b>La caja de distribuci\u00f3n es muy f\u00e1cil de instalar, por lo que es ideal para su uso<\/li>\n<\/ul>\n<p>tanto en viviendas como en talleres. El grado de protecci\u00f3n IP42 ofrece una protecci\u00f3n eficaz contra cuerpos extra\u00f1os, por lo que es ideal para interiores.   <\/p>\n<\/div>\n<\/div>\n<\/div>\n<div class=\"mpof_ki myre_zn myre_8v_l m389_6m_l\">\n<div class=\"mp4t_16_s mryx_16_s mr3m_1 mli2_1 mh85_56 mh85_0_l\">\n<div class=\"mgn2_16 _0d3bd_am0a-\">\n<p>\u00a0<\/p>\n<p>Datos t\u00e9cnicos:<\/p>\n<p>Interruptor diferencial:<\/p>\n<ul>\n<li>40 A, 30 mA, 2P tipo A\/AC<\/li>\n<\/ul>\n<p>Disyuntor de sobreintensidad: 2P <b>(L1+N<\/b>)<\/p>\n<ul>\n<li>1 x C16A<\/li>\n<li>1 x C10A<\/li>\n<\/ul>\n<p>Certificaciones: Todos los interruptores tienen certificaci\u00f3n VDE, lo que garantiza una alta calidad y fiabilidad.<\/p>\n<p>\u00a0<\/p>\n<\/div>\n<\/div>\n<\/div>\n<div class=\"mpof_ki myre_zn myre_8v_l m389_6m_l\">\n<div class=\"mp4t_16_s mryx_16_s mr3m_1 mli2_1 mh85_56 mh85_0_l\">\n<div class=\"mgn2_16 _0d3bd_am0a-\">\n<p><b>Aplicaci\u00f3n<\/b><\/p>\n<p>El armario de distribuci\u00f3n de montaje en superficie es una soluci\u00f3n vers\u00e1til, ideal para una amplia gama de aplicaciones en viviendas y talleres. Gracias a su construcci\u00f3n robusta y   <\/p>\n<p>componentes de alta calidad, ofrece no s\u00f3lo seguridad, sino tambi\u00e9n la funcionalidad que necesitas a diario.<\/p>\n<\/div>\n<\/div>\n<\/div>\n<\/div>\n<\/div>\n","protected":false},"excerpt":{"rendered":"<h1 class=\"mp4t_0 mryx_0 mj7a_4 mvrt_8 mp0t_ji m9qz_yo munh_0 mqu1_1j mgmw_wo mgn2_21 mgn2_25_s\"><span style=\"font-size: 12pt;\">Cuadro el\u00e9ctrico con protecci\u00f3n C 2P fase + neutro 4M<\/span><\/h1>\n","protected":false},"featured_media":14220,"template":"","meta":[],"product_brand":[397],"product_cat":[399],"product_tag":[],"class_list":{"0":"post-14210","1":"product","2":"type-product","3":"status-publish","4":"has-post-thumbnail","6":"product_brand-carreteraeu","7":"product_cat-aparamenta-con-proteccion","9":"first","10":"instock","11":"taxable","12":"shipping-taxable","13":"purchasable","14":"product-type-simple"},"yoast_head":"<!-- This site is optimized with the Yoast SEO plugin v27.5 - https:\/\/yoast.com\/product\/yoast-seo-wordpress\/ -->\n<title>Cuadro el\u00e9ctrico con protecci\u00f3n C 2P fase + neutro 4M - Road<\/title>\n<meta name=\"robots\" content=\"index, follow, max-snippet:-1, max-image-preview:large, max-video-preview:-1\" \/>\n<link rel=\"canonical\" href=\"https:\/\/roadeu.com\/sklep\/es\/produkt\/cuadro-electrico-con-proteccion-c-2p-fase-neutro-4m\/\" \/>\n<meta property=\"og:locale\" content=\"es_ES\" \/>\n<meta property=\"og:type\" content=\"article\" \/>\n<meta property=\"og:title\" content=\"Cuadro el\u00e9ctrico con protecci\u00f3n C 2P fase + neutro 4M - Road\" \/>\n<meta property=\"og:description\" content=\"Cuadro el\u00e9ctrico con protecci\u00f3n C 2P fase + neutro 4M\" \/>\n<meta property=\"og:url\" content=\"https:\/\/roadeu.com\/sklep\/es\/produkt\/cuadro-electrico-con-proteccion-c-2p-fase-neutro-4m\/\" \/>\n<meta property=\"og:site_name\" content=\"Road\" \/>\n<meta property=\"article:modified_time\" content=\"2026-01-05T13:34:36+00:00\" \/>\n<meta property=\"og:image\" content=\"https:\/\/roadeu.com\/sklep\/wp-content\/uploads\/2025\/07\/8834a0ae4d459648ec1f31dd0aed.jpg\" \/>\n\t<meta property=\"og:image:width\" content=\"723\" \/>\n\t<meta property=\"og:image:height\" content=\"1415\" \/>\n\t<meta property=\"og:image:type\" content=\"image\/jpeg\" \/>\n<meta name=\"twitter:card\" content=\"summary_large_image\" \/>\n<meta name=\"twitter:label1\" content=\"Tiempo de lectura\" \/>\n\t<meta name=\"twitter:data1\" content=\"1 minuto\" \/>\n<script type=\"application\/ld+json\" class=\"yoast-schema-graph\">{\"@context\":\"https:\\\/\\\/schema.org\",\"@graph\":[{\"@type\":\"WebPage\",\"@id\":\"https:\\\/\\\/roadeu.com\\\/sklep\\\/es\\\/produkt\\\/cuadro-electrico-con-proteccion-c-2p-fase-neutro-4m\\\/\",\"url\":\"https:\\\/\\\/roadeu.com\\\/sklep\\\/es\\\/produkt\\\/cuadro-electrico-con-proteccion-c-2p-fase-neutro-4m\\\/\",\"name\":\"Cuadro el\u00e9ctrico con protecci\u00f3n C 2P fase + neutro 4M - Road\",\"isPartOf\":{\"@id\":\"https:\\\/\\\/roadeu.com\\\/sklep\\\/es\\\/#website\"},\"primaryImageOfPage\":{\"@id\":\"https:\\\/\\\/roadeu.com\\\/sklep\\\/es\\\/produkt\\\/cuadro-electrico-con-proteccion-c-2p-fase-neutro-4m\\\/#primaryimage\"},\"image\":{\"@id\":\"https:\\\/\\\/roadeu.com\\\/sklep\\\/es\\\/produkt\\\/cuadro-electrico-con-proteccion-c-2p-fase-neutro-4m\\\/#primaryimage\"},\"thumbnailUrl\":\"https:\\\/\\\/roadeu.com\\\/sklep\\\/wp-content\\\/uploads\\\/2025\\\/07\\\/8834a0ae4d459648ec1f31dd0aed.jpg\",\"datePublished\":\"2025-07-21T12:26:23+00:00\",\"dateModified\":\"2026-01-05T13:34:36+00:00\",\"breadcrumb\":{\"@id\":\"https:\\\/\\\/roadeu.com\\\/sklep\\\/es\\\/produkt\\\/cuadro-electrico-con-proteccion-c-2p-fase-neutro-4m\\\/#breadcrumb\"},\"inLanguage\":\"es\",\"potentialAction\":[{\"@type\":\"ReadAction\",\"target\":[\"https:\\\/\\\/roadeu.com\\\/sklep\\\/es\\\/produkt\\\/cuadro-electrico-con-proteccion-c-2p-fase-neutro-4m\\\/\"]}]},{\"@type\":\"ImageObject\",\"inLanguage\":\"es\",\"@id\":\"https:\\\/\\\/roadeu.com\\\/sklep\\\/es\\\/produkt\\\/cuadro-electrico-con-proteccion-c-2p-fase-neutro-4m\\\/#primaryimage\",\"url\":\"https:\\\/\\\/roadeu.com\\\/sklep\\\/wp-content\\\/uploads\\\/2025\\\/07\\\/8834a0ae4d459648ec1f31dd0aed.jpg\",\"contentUrl\":\"https:\\\/\\\/roadeu.com\\\/sklep\\\/wp-content\\\/uploads\\\/2025\\\/07\\\/8834a0ae4d459648ec1f31dd0aed.jpg\",\"width\":723,\"height\":1415},{\"@type\":\"BreadcrumbList\",\"@id\":\"https:\\\/\\\/roadeu.com\\\/sklep\\\/es\\\/produkt\\\/cuadro-electrico-con-proteccion-c-2p-fase-neutro-4m\\\/#breadcrumb\",\"itemListElement\":[{\"@type\":\"ListItem\",\"position\":1,\"name\":\"Strona g\u0142\u00f3wna\",\"item\":\"https:\\\/\\\/roadeu.com\\\/sklep\\\/es\\\/\"},{\"@type\":\"ListItem\",\"position\":2,\"name\":\"Tienda\",\"item\":\"https:\\\/\\\/roadeu.com\\\/sklep\\\/es\\\/\"},{\"@type\":\"ListItem\",\"position\":3,\"name\":\"Cuadro el\u00e9ctrico con protecci\u00f3n C 2P fase + neutro 4M\"}]},{\"@type\":\"WebSite\",\"@id\":\"https:\\\/\\\/roadeu.com\\\/sklep\\\/es\\\/#website\",\"url\":\"https:\\\/\\\/roadeu.com\\\/sklep\\\/es\\\/\",\"name\":\"Road\",\"description\":\"Hurtownia Elektryczna w Dzier\u017coniowie. Producent sprz\u0119tu elektrycznego.\",\"publisher\":{\"@id\":\"https:\\\/\\\/roadeu.com\\\/sklep\\\/es\\\/#organization\"},\"potentialAction\":[{\"@type\":\"SearchAction\",\"target\":{\"@type\":\"EntryPoint\",\"urlTemplate\":\"https:\\\/\\\/roadeu.com\\\/sklep\\\/es\\\/?s={search_term_string}\"},\"query-input\":{\"@type\":\"PropertyValueSpecification\",\"valueRequired\":true,\"valueName\":\"search_term_string\"}}],\"inLanguage\":\"es\"},{\"@type\":\"Organization\",\"@id\":\"https:\\\/\\\/roadeu.com\\\/sklep\\\/es\\\/#organization\",\"name\":\"Road\",\"url\":\"https:\\\/\\\/roadeu.com\\\/sklep\\\/es\\\/\",\"logo\":{\"@type\":\"ImageObject\",\"inLanguage\":\"es\",\"@id\":\"https:\\\/\\\/roadeu.com\\\/sklep\\\/es\\\/#\\\/schema\\\/logo\\\/image\\\/\",\"url\":\"https:\\\/\\\/roadeu.com\\\/sklep\\\/wp-content\\\/uploads\\\/2025\\\/05\\\/logotype-lg-pl.png\",\"contentUrl\":\"https:\\\/\\\/roadeu.com\\\/sklep\\\/wp-content\\\/uploads\\\/2025\\\/05\\\/logotype-lg-pl.png\",\"width\":300,\"height\":70,\"caption\":\"Road\"},\"image\":{\"@id\":\"https:\\\/\\\/roadeu.com\\\/sklep\\\/es\\\/#\\\/schema\\\/logo\\\/image\\\/\"}}]}<\/script>\n<!-- \/ Yoast SEO plugin. -->","yoast_head_json":{"title":"Cuadro el\u00e9ctrico con protecci\u00f3n C 2P fase + neutro 4M - Road","robots":{"index":"index","follow":"follow","max-snippet":"max-snippet:-1","max-image-preview":"max-image-preview:large","max-video-preview":"max-video-preview:-1"},"canonical":"https:\/\/roadeu.com\/sklep\/es\/produkt\/cuadro-electrico-con-proteccion-c-2p-fase-neutro-4m\/","og_locale":"es_ES","og_type":"article","og_title":"Cuadro el\u00e9ctrico con protecci\u00f3n C 2P fase + neutro 4M - Road","og_description":"Cuadro el\u00e9ctrico con protecci\u00f3n C 2P fase + neutro 4M","og_url":"https:\/\/roadeu.com\/sklep\/es\/produkt\/cuadro-electrico-con-proteccion-c-2p-fase-neutro-4m\/","og_site_name":"Road","article_modified_time":"2026-01-05T13:34:36+00:00","og_image":[{"width":723,"height":1415,"url":"https:\/\/roadeu.com\/sklep\/wp-content\/uploads\/2025\/07\/8834a0ae4d459648ec1f31dd0aed.jpg","type":"image\/jpeg"}],"twitter_card":"summary_large_image","twitter_misc":{"Tiempo de lectura":"1 minuto"},"schema":{"@context":"https:\/\/schema.org","@graph":[{"@type":"WebPage","@id":"https:\/\/roadeu.com\/sklep\/es\/produkt\/cuadro-electrico-con-proteccion-c-2p-fase-neutro-4m\/","url":"https:\/\/roadeu.com\/sklep\/es\/produkt\/cuadro-electrico-con-proteccion-c-2p-fase-neutro-4m\/","name":"Cuadro el\u00e9ctrico con protecci\u00f3n C 2P fase + neutro 4M - Road","isPartOf":{"@id":"https:\/\/roadeu.com\/sklep\/es\/#website"},"primaryImageOfPage":{"@id":"https:\/\/roadeu.com\/sklep\/es\/produkt\/cuadro-electrico-con-proteccion-c-2p-fase-neutro-4m\/#primaryimage"},"image":{"@id":"https:\/\/roadeu.com\/sklep\/es\/produkt\/cuadro-electrico-con-proteccion-c-2p-fase-neutro-4m\/#primaryimage"},"thumbnailUrl":"https:\/\/roadeu.com\/sklep\/wp-content\/uploads\/2025\/07\/8834a0ae4d459648ec1f31dd0aed.jpg","datePublished":"2025-07-21T12:26:23+00:00","dateModified":"2026-01-05T13:34:36+00:00","breadcrumb":{"@id":"https:\/\/roadeu.com\/sklep\/es\/produkt\/cuadro-electrico-con-proteccion-c-2p-fase-neutro-4m\/#breadcrumb"},"inLanguage":"es","potentialAction":[{"@type":"ReadAction","target":["https:\/\/roadeu.com\/sklep\/es\/produkt\/cuadro-electrico-con-proteccion-c-2p-fase-neutro-4m\/"]}]},{"@type":"ImageObject","inLanguage":"es","@id":"https:\/\/roadeu.com\/sklep\/es\/produkt\/cuadro-electrico-con-proteccion-c-2p-fase-neutro-4m\/#primaryimage","url":"https:\/\/roadeu.com\/sklep\/wp-content\/uploads\/2025\/07\/8834a0ae4d459648ec1f31dd0aed.jpg","contentUrl":"https:\/\/roadeu.com\/sklep\/wp-content\/uploads\/2025\/07\/8834a0ae4d459648ec1f31dd0aed.jpg","width":723,"height":1415},{"@type":"BreadcrumbList","@id":"https:\/\/roadeu.com\/sklep\/es\/produkt\/cuadro-electrico-con-proteccion-c-2p-fase-neutro-4m\/#breadcrumb","itemListElement":[{"@type":"ListItem","position":1,"name":"Strona g\u0142\u00f3wna","item":"https:\/\/roadeu.com\/sklep\/es\/"},{"@type":"ListItem","position":2,"name":"Tienda","item":"https:\/\/roadeu.com\/sklep\/es\/"},{"@type":"ListItem","position":3,"name":"Cuadro el\u00e9ctrico con protecci\u00f3n C 2P fase + neutro 4M"}]},{"@type":"WebSite","@id":"https:\/\/roadeu.com\/sklep\/es\/#website","url":"https:\/\/roadeu.com\/sklep\/es\/","name":"Road","description":"Hurtownia Elektryczna w Dzier\u017coniowie. Producent sprz\u0119tu elektrycznego.","publisher":{"@id":"https:\/\/roadeu.com\/sklep\/es\/#organization"},"potentialAction":[{"@type":"SearchAction","target":{"@type":"EntryPoint","urlTemplate":"https:\/\/roadeu.com\/sklep\/es\/?s={search_term_string}"},"query-input":{"@type":"PropertyValueSpecification","valueRequired":true,"valueName":"search_term_string"}}],"inLanguage":"es"},{"@type":"Organization","@id":"https:\/\/roadeu.com\/sklep\/es\/#organization","name":"Road","url":"https:\/\/roadeu.com\/sklep\/es\/","logo":{"@type":"ImageObject","inLanguage":"es","@id":"https:\/\/roadeu.com\/sklep\/es\/#\/schema\/logo\/image\/","url":"https:\/\/roadeu.com\/sklep\/wp-content\/uploads\/2025\/05\/logotype-lg-pl.png","contentUrl":"https:\/\/roadeu.com\/sklep\/wp-content\/uploads\/2025\/05\/logotype-lg-pl.png","width":300,"height":70,"caption":"Road"},"image":{"@id":"https:\/\/roadeu.com\/sklep\/es\/#\/schema\/logo\/image\/"}}]}},"_links":{"self":[{"href":"https:\/\/roadeu.com\/sklep\/es\/wp-json\/wp\/v2\/product\/14210","targetHints":{"allow":["GET"]}}],"collection":[{"href":"https:\/\/roadeu.com\/sklep\/es\/wp-json\/wp\/v2\/product"}],"about":[{"href":"https:\/\/roadeu.com\/sklep\/es\/wp-json\/wp\/v2\/types\/product"}],"wp:featuredmedia":[{"embeddable":true,"href":"https:\/\/roadeu.com\/sklep\/es\/wp-json\/wp\/v2\/media\/14220"}],"wp:attachment":[{"href":"https:\/\/roadeu.com\/sklep\/es\/wp-json\/wp\/v2\/media?parent=14210"}],"wp:term":[{"taxonomy":"product_brand","embeddable":true,"href":"https:\/\/roadeu.com\/sklep\/es\/wp-json\/wp\/v2\/product_brand?post=14210"},{"taxonomy":"product_cat","embeddable":true,"href":"https:\/\/roadeu.com\/sklep\/es\/wp-json\/wp\/v2\/product_cat?post=14210"},{"taxonomy":"product_tag","embeddable":true,"href":"https:\/\/roadeu.com\/sklep\/es\/wp-json\/wp\/v2\/product_tag?post=14210"}],"curies":[{"name":"wp","href":"https:\/\/api.w.org\/{rel}","templated":true}]}}