{"id":14193,"date":"2025-07-21T14:55:22","date_gmt":"2025-07-21T12:55:22","guid":{"rendered":"https:\/\/roadeu.com\/sklep\/produkt\/cuadro-electrico-interruptor-de-sobreintensidad-integrado-de-16a-b-diferencial\/"},"modified":"2026-01-05T14:34:37","modified_gmt":"2026-01-05T13:34:37","slug":"cuadro-electrico-interruptor-de-sobreintensidad-integrado-de-16a-b-diferencial","status":"publish","type":"product","link":"https:\/\/roadeu.com\/sklep\/es\/produkt\/cuadro-electrico-interruptor-de-sobreintensidad-integrado-de-16a-b-diferencial\/","title":{"rendered":"Cuadro el\u00e9ctrico Interruptor de sobreintensidad integrado de 16A B Diferencial"},"content":{"rendered":"<div class=\"app-container\">\n<div class=\"mgn2_14 mp0t_0a mqu1_21 mli8_k4 mgmw_wo msts_pt _0d3bd_K6Qpj\">\n<div class=\"mpof_ki myre_zn myre_8v_l m389_6m_l\">\n<div class=\"mp4t_16_s mryx_16_s mr3m_1 mli2_1 mh85_56 mh85_0_l\">\n<div class=\"mgn2_16 _0d3bd_am0a-\">\n<p><b>Carcasa de montaje en superficie IP42<\/b><\/p>\n<p><b>Descripci\u00f3n del productoLa<\/b> <b>carcasa de montaje en superficie IP42<\/b> est\u00e1 dise\u00f1ada para proteger el<\/p>\n<p>cortocircuitos accidentales y ofrece un alto nivel de protecci\u00f3n de los circuitos. Es un componente clave   <\/p>\n<p>Suministro el\u00e9ctrico seguro para edificios, protecci\u00f3n de dispositivos contra da\u00f1os causados por sobretensi\u00f3n y cortocircuitos.<\/p>\n<p>\u00a0<\/p>\n<\/div>\n<\/div>\n<\/div>\n<div class=\"mpof_ki myre_zn myre_8v_l m389_6m_l\">\n<div class=\"mp4t_16_s mryx_16_s mr3m_1 mli2_1 mh85_56 mh85_0_l\">\n<div class=\"mgn2_16 _0d3bd_am0a-\">\n<p><b>Funcionalidades<\/b><\/p>\n<ul>\n<li><b>Aplicaci\u00f3n \u2013 <\/b>Ideal para su uso en casa y en el taller, proporciona un<\/li>\n<\/ul>\n<p>Funcionamiento de sistemas el\u00e9ctricos en espacios cerrados. Gracias a la clase de protecci\u00f3n <b>IP42<\/b>, la carcasa es   <\/p>\n<p>protege las instalaciones del polvo y la humedad en condiciones moderadas.<\/p>\n<ul>\n<li><b>Instalaci\u00f3n sencilla \u2013 <\/b>La carcasa es muy f\u00e1cil de instalar: basta con conectar la <b>fuente de alimentaci\u00f3n de 230 V<\/b> y los receptores.<\/li>\n<\/ul>\n<p>El sistema de alimentaci\u00f3n est\u00e1 listo para su uso inmediato.<\/p>\n<\/div>\n<\/div>\n<\/div>\n<div class=\"mpof_ki myre_zn myre_8v_l m389_6m_l\">\n<div class=\"mp4t_16_s mryx_16_s mr3m_1 mli2_1 mh85_56 mh85_0_l\">\n<div class=\"mgn2_16 _0d3bd_am0a-\">\n<p><b>Equipo<\/b><\/p>\n<ul>\n<li><b>Protecci\u00f3n FUSIBLE \u2013 <\/b>La aparamenta est\u00e1 equipada con un interruptor diferencial de <b> 30 mA de<\/b> tipo <b>\u00abA\u00bb<\/b> con un<\/li>\n<\/ul>\n<p><b>Disyuntor \u00abB\u00bb de 16 A<\/b> integrado, que proporciona seguridad y protecci\u00f3n adicionales contra las descargas el\u00e9ctricas.<\/p>\n<p>\u00a0<\/p>\n<p><b>Aplicaci\u00f3n \u2013 <\/b>El producto es ideal para cualquiera que necesite una caja de montaje en superficie fiable y segura para instalaciones el\u00e9ctricas en edificios residenciales y talleres.<\/p>\n<\/div>\n<\/div>\n<\/div>\n<\/div>\n<\/div>\n","protected":false},"excerpt":{"rendered":"<h1 class=\"mp4t_0 mryx_0 mj7a_4 mvrt_8 mp0t_ji m9qz_yo munh_0 mqu1_1j mgmw_wo mgn2_21 mgn2_25_s\"><span style=\"font-size: 12pt;\">Panel de interruptores el\u00e9ctricos Disyuntor de sobreintensidad integrado 16A B Diferencial<\/span><\/h1>\n","protected":false},"featured_media":14200,"template":"","meta":[],"product_brand":[397],"product_cat":[399],"product_tag":[],"class_list":{"0":"post-14193","1":"product","2":"type-product","3":"status-publish","4":"has-post-thumbnail","6":"product_brand-carreteraeu","7":"product_cat-aparamenta-con-proteccion","9":"first","10":"instock","11":"taxable","12":"shipping-taxable","13":"purchasable","14":"product-type-simple"},"yoast_head":"<!-- This site is optimized with the Yoast SEO plugin v27.5 - https:\/\/yoast.com\/product\/yoast-seo-wordpress\/ -->\n<title>Cuadro el\u00e9ctrico Interruptor de sobreintensidad integrado de 16A B Diferencial - Road<\/title>\n<meta name=\"robots\" content=\"index, follow, max-snippet:-1, max-image-preview:large, max-video-preview:-1\" \/>\n<link rel=\"canonical\" href=\"https:\/\/roadeu.com\/sklep\/es\/produkt\/cuadro-electrico-interruptor-de-sobreintensidad-integrado-de-16a-b-diferencial\/\" \/>\n<meta property=\"og:locale\" content=\"es_ES\" \/>\n<meta property=\"og:type\" content=\"article\" \/>\n<meta property=\"og:title\" content=\"Cuadro el\u00e9ctrico Interruptor de sobreintensidad integrado de 16A B Diferencial - Road\" \/>\n<meta property=\"og:description\" content=\"Panel de interruptores el\u00e9ctricos Disyuntor de sobreintensidad integrado 16A B Diferencial\" \/>\n<meta property=\"og:url\" content=\"https:\/\/roadeu.com\/sklep\/es\/produkt\/cuadro-electrico-interruptor-de-sobreintensidad-integrado-de-16a-b-diferencial\/\" \/>\n<meta property=\"og:site_name\" content=\"Road\" \/>\n<meta property=\"article:modified_time\" content=\"2026-01-05T13:34:37+00:00\" \/>\n<meta property=\"og:image\" content=\"https:\/\/roadeu.com\/sklep\/wp-content\/uploads\/2025\/07\/cbea73b1400ea3b57759aa4953af.jpg\" \/>\n\t<meta property=\"og:image:width\" content=\"653\" \/>\n\t<meta property=\"og:image:height\" content=\"1296\" \/>\n\t<meta property=\"og:image:type\" content=\"image\/jpeg\" \/>\n<meta name=\"twitter:card\" content=\"summary_large_image\" \/>\n<meta name=\"twitter:label1\" content=\"Tiempo de lectura\" \/>\n\t<meta name=\"twitter:data1\" content=\"1 minuto\" \/>\n<script type=\"application\/ld+json\" class=\"yoast-schema-graph\">{\"@context\":\"https:\\\/\\\/schema.org\",\"@graph\":[{\"@type\":\"WebPage\",\"@id\":\"https:\\\/\\\/roadeu.com\\\/sklep\\\/es\\\/produkt\\\/cuadro-electrico-interruptor-de-sobreintensidad-integrado-de-16a-b-diferencial\\\/\",\"url\":\"https:\\\/\\\/roadeu.com\\\/sklep\\\/es\\\/produkt\\\/cuadro-electrico-interruptor-de-sobreintensidad-integrado-de-16a-b-diferencial\\\/\",\"name\":\"Cuadro el\u00e9ctrico Interruptor de sobreintensidad integrado de 16A B Diferencial - Road\",\"isPartOf\":{\"@id\":\"https:\\\/\\\/roadeu.com\\\/sklep\\\/es\\\/#website\"},\"primaryImageOfPage\":{\"@id\":\"https:\\\/\\\/roadeu.com\\\/sklep\\\/es\\\/produkt\\\/cuadro-electrico-interruptor-de-sobreintensidad-integrado-de-16a-b-diferencial\\\/#primaryimage\"},\"image\":{\"@id\":\"https:\\\/\\\/roadeu.com\\\/sklep\\\/es\\\/produkt\\\/cuadro-electrico-interruptor-de-sobreintensidad-integrado-de-16a-b-diferencial\\\/#primaryimage\"},\"thumbnailUrl\":\"https:\\\/\\\/roadeu.com\\\/sklep\\\/wp-content\\\/uploads\\\/2025\\\/07\\\/cbea73b1400ea3b57759aa4953af.jpg\",\"datePublished\":\"2025-07-21T12:55:22+00:00\",\"dateModified\":\"2026-01-05T13:34:37+00:00\",\"breadcrumb\":{\"@id\":\"https:\\\/\\\/roadeu.com\\\/sklep\\\/es\\\/produkt\\\/cuadro-electrico-interruptor-de-sobreintensidad-integrado-de-16a-b-diferencial\\\/#breadcrumb\"},\"inLanguage\":\"es\",\"potentialAction\":[{\"@type\":\"ReadAction\",\"target\":[\"https:\\\/\\\/roadeu.com\\\/sklep\\\/es\\\/produkt\\\/cuadro-electrico-interruptor-de-sobreintensidad-integrado-de-16a-b-diferencial\\\/\"]}]},{\"@type\":\"ImageObject\",\"inLanguage\":\"es\",\"@id\":\"https:\\\/\\\/roadeu.com\\\/sklep\\\/es\\\/produkt\\\/cuadro-electrico-interruptor-de-sobreintensidad-integrado-de-16a-b-diferencial\\\/#primaryimage\",\"url\":\"https:\\\/\\\/roadeu.com\\\/sklep\\\/wp-content\\\/uploads\\\/2025\\\/07\\\/cbea73b1400ea3b57759aa4953af.jpg\",\"contentUrl\":\"https:\\\/\\\/roadeu.com\\\/sklep\\\/wp-content\\\/uploads\\\/2025\\\/07\\\/cbea73b1400ea3b57759aa4953af.jpg\",\"width\":653,\"height\":1296},{\"@type\":\"BreadcrumbList\",\"@id\":\"https:\\\/\\\/roadeu.com\\\/sklep\\\/es\\\/produkt\\\/cuadro-electrico-interruptor-de-sobreintensidad-integrado-de-16a-b-diferencial\\\/#breadcrumb\",\"itemListElement\":[{\"@type\":\"ListItem\",\"position\":1,\"name\":\"Strona g\u0142\u00f3wna\",\"item\":\"https:\\\/\\\/roadeu.com\\\/sklep\\\/es\\\/\"},{\"@type\":\"ListItem\",\"position\":2,\"name\":\"Tienda\",\"item\":\"https:\\\/\\\/roadeu.com\\\/sklep\\\/es\\\/\"},{\"@type\":\"ListItem\",\"position\":3,\"name\":\"Cuadro el\u00e9ctrico Interruptor de sobreintensidad integrado de 16A B Diferencial\"}]},{\"@type\":\"WebSite\",\"@id\":\"https:\\\/\\\/roadeu.com\\\/sklep\\\/es\\\/#website\",\"url\":\"https:\\\/\\\/roadeu.com\\\/sklep\\\/es\\\/\",\"name\":\"Road\",\"description\":\"Hurtownia Elektryczna w Dzier\u017coniowie. Producent sprz\u0119tu elektrycznego.\",\"publisher\":{\"@id\":\"https:\\\/\\\/roadeu.com\\\/sklep\\\/es\\\/#organization\"},\"potentialAction\":[{\"@type\":\"SearchAction\",\"target\":{\"@type\":\"EntryPoint\",\"urlTemplate\":\"https:\\\/\\\/roadeu.com\\\/sklep\\\/es\\\/?s={search_term_string}\"},\"query-input\":{\"@type\":\"PropertyValueSpecification\",\"valueRequired\":true,\"valueName\":\"search_term_string\"}}],\"inLanguage\":\"es\"},{\"@type\":\"Organization\",\"@id\":\"https:\\\/\\\/roadeu.com\\\/sklep\\\/es\\\/#organization\",\"name\":\"Road\",\"url\":\"https:\\\/\\\/roadeu.com\\\/sklep\\\/es\\\/\",\"logo\":{\"@type\":\"ImageObject\",\"inLanguage\":\"es\",\"@id\":\"https:\\\/\\\/roadeu.com\\\/sklep\\\/es\\\/#\\\/schema\\\/logo\\\/image\\\/\",\"url\":\"https:\\\/\\\/roadeu.com\\\/sklep\\\/wp-content\\\/uploads\\\/2025\\\/05\\\/logotype-lg-pl.png\",\"contentUrl\":\"https:\\\/\\\/roadeu.com\\\/sklep\\\/wp-content\\\/uploads\\\/2025\\\/05\\\/logotype-lg-pl.png\",\"width\":300,\"height\":70,\"caption\":\"Road\"},\"image\":{\"@id\":\"https:\\\/\\\/roadeu.com\\\/sklep\\\/es\\\/#\\\/schema\\\/logo\\\/image\\\/\"}}]}<\/script>\n<!-- \/ Yoast SEO plugin. -->","yoast_head_json":{"title":"Cuadro el\u00e9ctrico Interruptor de sobreintensidad integrado de 16A B Diferencial - Road","robots":{"index":"index","follow":"follow","max-snippet":"max-snippet:-1","max-image-preview":"max-image-preview:large","max-video-preview":"max-video-preview:-1"},"canonical":"https:\/\/roadeu.com\/sklep\/es\/produkt\/cuadro-electrico-interruptor-de-sobreintensidad-integrado-de-16a-b-diferencial\/","og_locale":"es_ES","og_type":"article","og_title":"Cuadro el\u00e9ctrico Interruptor de sobreintensidad integrado de 16A B Diferencial - Road","og_description":"Panel de interruptores el\u00e9ctricos Disyuntor de sobreintensidad integrado 16A B Diferencial","og_url":"https:\/\/roadeu.com\/sklep\/es\/produkt\/cuadro-electrico-interruptor-de-sobreintensidad-integrado-de-16a-b-diferencial\/","og_site_name":"Road","article_modified_time":"2026-01-05T13:34:37+00:00","og_image":[{"width":653,"height":1296,"url":"https:\/\/roadeu.com\/sklep\/wp-content\/uploads\/2025\/07\/cbea73b1400ea3b57759aa4953af.jpg","type":"image\/jpeg"}],"twitter_card":"summary_large_image","twitter_misc":{"Tiempo de lectura":"1 minuto"},"schema":{"@context":"https:\/\/schema.org","@graph":[{"@type":"WebPage","@id":"https:\/\/roadeu.com\/sklep\/es\/produkt\/cuadro-electrico-interruptor-de-sobreintensidad-integrado-de-16a-b-diferencial\/","url":"https:\/\/roadeu.com\/sklep\/es\/produkt\/cuadro-electrico-interruptor-de-sobreintensidad-integrado-de-16a-b-diferencial\/","name":"Cuadro el\u00e9ctrico Interruptor de sobreintensidad integrado de 16A B Diferencial - Road","isPartOf":{"@id":"https:\/\/roadeu.com\/sklep\/es\/#website"},"primaryImageOfPage":{"@id":"https:\/\/roadeu.com\/sklep\/es\/produkt\/cuadro-electrico-interruptor-de-sobreintensidad-integrado-de-16a-b-diferencial\/#primaryimage"},"image":{"@id":"https:\/\/roadeu.com\/sklep\/es\/produkt\/cuadro-electrico-interruptor-de-sobreintensidad-integrado-de-16a-b-diferencial\/#primaryimage"},"thumbnailUrl":"https:\/\/roadeu.com\/sklep\/wp-content\/uploads\/2025\/07\/cbea73b1400ea3b57759aa4953af.jpg","datePublished":"2025-07-21T12:55:22+00:00","dateModified":"2026-01-05T13:34:37+00:00","breadcrumb":{"@id":"https:\/\/roadeu.com\/sklep\/es\/produkt\/cuadro-electrico-interruptor-de-sobreintensidad-integrado-de-16a-b-diferencial\/#breadcrumb"},"inLanguage":"es","potentialAction":[{"@type":"ReadAction","target":["https:\/\/roadeu.com\/sklep\/es\/produkt\/cuadro-electrico-interruptor-de-sobreintensidad-integrado-de-16a-b-diferencial\/"]}]},{"@type":"ImageObject","inLanguage":"es","@id":"https:\/\/roadeu.com\/sklep\/es\/produkt\/cuadro-electrico-interruptor-de-sobreintensidad-integrado-de-16a-b-diferencial\/#primaryimage","url":"https:\/\/roadeu.com\/sklep\/wp-content\/uploads\/2025\/07\/cbea73b1400ea3b57759aa4953af.jpg","contentUrl":"https:\/\/roadeu.com\/sklep\/wp-content\/uploads\/2025\/07\/cbea73b1400ea3b57759aa4953af.jpg","width":653,"height":1296},{"@type":"BreadcrumbList","@id":"https:\/\/roadeu.com\/sklep\/es\/produkt\/cuadro-electrico-interruptor-de-sobreintensidad-integrado-de-16a-b-diferencial\/#breadcrumb","itemListElement":[{"@type":"ListItem","position":1,"name":"Strona g\u0142\u00f3wna","item":"https:\/\/roadeu.com\/sklep\/es\/"},{"@type":"ListItem","position":2,"name":"Tienda","item":"https:\/\/roadeu.com\/sklep\/es\/"},{"@type":"ListItem","position":3,"name":"Cuadro el\u00e9ctrico Interruptor de sobreintensidad integrado de 16A B Diferencial"}]},{"@type":"WebSite","@id":"https:\/\/roadeu.com\/sklep\/es\/#website","url":"https:\/\/roadeu.com\/sklep\/es\/","name":"Road","description":"Hurtownia Elektryczna w Dzier\u017coniowie. Producent sprz\u0119tu elektrycznego.","publisher":{"@id":"https:\/\/roadeu.com\/sklep\/es\/#organization"},"potentialAction":[{"@type":"SearchAction","target":{"@type":"EntryPoint","urlTemplate":"https:\/\/roadeu.com\/sklep\/es\/?s={search_term_string}"},"query-input":{"@type":"PropertyValueSpecification","valueRequired":true,"valueName":"search_term_string"}}],"inLanguage":"es"},{"@type":"Organization","@id":"https:\/\/roadeu.com\/sklep\/es\/#organization","name":"Road","url":"https:\/\/roadeu.com\/sklep\/es\/","logo":{"@type":"ImageObject","inLanguage":"es","@id":"https:\/\/roadeu.com\/sklep\/es\/#\/schema\/logo\/image\/","url":"https:\/\/roadeu.com\/sklep\/wp-content\/uploads\/2025\/05\/logotype-lg-pl.png","contentUrl":"https:\/\/roadeu.com\/sklep\/wp-content\/uploads\/2025\/05\/logotype-lg-pl.png","width":300,"height":70,"caption":"Road"},"image":{"@id":"https:\/\/roadeu.com\/sklep\/es\/#\/schema\/logo\/image\/"}}]}},"_links":{"self":[{"href":"https:\/\/roadeu.com\/sklep\/es\/wp-json\/wp\/v2\/product\/14193","targetHints":{"allow":["GET"]}}],"collection":[{"href":"https:\/\/roadeu.com\/sklep\/es\/wp-json\/wp\/v2\/product"}],"about":[{"href":"https:\/\/roadeu.com\/sklep\/es\/wp-json\/wp\/v2\/types\/product"}],"wp:featuredmedia":[{"embeddable":true,"href":"https:\/\/roadeu.com\/sklep\/es\/wp-json\/wp\/v2\/media\/14200"}],"wp:attachment":[{"href":"https:\/\/roadeu.com\/sklep\/es\/wp-json\/wp\/v2\/media?parent=14193"}],"wp:term":[{"taxonomy":"product_brand","embeddable":true,"href":"https:\/\/roadeu.com\/sklep\/es\/wp-json\/wp\/v2\/product_brand?post=14193"},{"taxonomy":"product_cat","embeddable":true,"href":"https:\/\/roadeu.com\/sklep\/es\/wp-json\/wp\/v2\/product_cat?post=14193"},{"taxonomy":"product_tag","embeddable":true,"href":"https:\/\/roadeu.com\/sklep\/es\/wp-json\/wp\/v2\/product_tag?post=14193"}],"curies":[{"name":"wp","href":"https:\/\/api.w.org\/{rel}","templated":true}]}}