{"id":9837,"date":"2025-09-11T10:48:07","date_gmt":"2025-09-11T08:48:07","guid":{"rendered":"https:\/\/roadeu.com\/sklep\/?post_type=product&#038;p=9837"},"modified":"2026-04-03T09:44:57","modified_gmt":"2026-04-03T07:44:57","slug":"stromverteiler-mit-cee-und-schuko-ausgaengen-baustromverteiler-16a-380v-und-230v-mobilverteiler-gummikabel-05m","status":"publish","type":"product","link":"https:\/\/roadeu.com\/sklep\/de\/produkt\/stromverteiler-mit-cee-und-schuko-ausgaengen-baustromverteiler-16a-380v-und-230v-mobilverteiler-gummikabel-05m\/","title":{"rendered":"Stromverteiler mit CEE und Schuko Ausg\u00e4ngen &#8211; Baustromverteiler 16A, 380V und 230V &#8211; Mobilverteiler, Gummikabel 0,5m"},"content":{"rendered":"<p><span style=\"font-size: 14pt;\"><strong>Info zu diesem Artikel<\/strong><\/span><\/p>\n<ul>\n<li>Sicher und zuverl\u00e4ssig Elektroverteiler: Mit 5-poligem 16A CEE-Stecker und CEE-Dose, inklusive zwei zus\u00e4tzlichen Schuko-Steckdosen.<\/li>\n<li>16 Ampere Kabel 5\u00d72,5mm : best\u00e4ndig gg\u00fc. Abrieb, St\u00f6\u00dfen, Quetschungen, Fetten und Mineral\u00f6len. L\u00e4nge: 0,5 M.<\/li>\n<li>Jede 230-V-Steckdose ist mit einer separaten Phase verbunden. IP44 Schutzklasse Kompaktverteiler: Schutz vor Fremdk\u00f6rpern und Spritzwasser, f\u00fcr die Verwendung im Innen- und Au\u00dfenbereich geeignet.<\/li>\n<li>Robuste Bauweise: Ideal f\u00fcr Baustellen, Werkst\u00e4tten und den professionellen Einsatz. Verteiler betriebsfertig angeschlossen<\/li>\n<li>Qualit\u00e4tsgarantie \u2013 Wir sind von der Qualit\u00e4t dieses Produkts \u00fcberzeugt und hoffen, dass Sie zufrieden sind. Ansonsten mach dir keine Sorgen! Senden Sie es einfach zur\u00fcck und Sie erhalten eine vollst\u00e4ndige R\u00fcckerstattung des Kaufpreises.<\/li>\n<\/ul>\n<p>\u00a0<\/p>\n","protected":false},"excerpt":{"rendered":"<p><strong>Stromverteiler<\/strong><\/p>\n","protected":false},"featured_media":9838,"template":"","meta":[],"product_brand":[377],"product_cat":[367],"product_tag":[],"class_list":{"0":"post-9837","1":"product","2":"type-product","3":"status-publish","4":"has-post-thumbnail","6":"product_brand-roadeu-de","7":"product_cat-adapter-und-verlangerungskabel","9":"first","10":"instock","11":"taxable","12":"shipping-taxable","13":"purchasable","14":"product-type-simple"},"yoast_head":"<!-- This site is optimized with the Yoast SEO plugin v27.5 - https:\/\/yoast.com\/product\/yoast-seo-wordpress\/ -->\n<title>Stromverteiler mit CEE und Schuko Ausg\u00e4ngen - Baustromverteiler 16A, 380V und 230V - Mobilverteiler, Gummikabel 0,5m - Road<\/title>\n<meta name=\"robots\" content=\"index, follow, max-snippet:-1, max-image-preview:large, max-video-preview:-1\" \/>\n<link rel=\"canonical\" href=\"https:\/\/roadeu.com\/sklep\/de\/produkt\/stromverteiler-mit-cee-und-schuko-ausgaengen-baustromverteiler-16a-380v-und-230v-mobilverteiler-gummikabel-05m\/\" \/>\n<meta property=\"og:locale\" content=\"de_DE\" \/>\n<meta property=\"og:type\" content=\"article\" \/>\n<meta property=\"og:title\" content=\"Stromverteiler mit CEE und Schuko Ausg\u00e4ngen - Baustromverteiler 16A, 380V und 230V - Mobilverteiler, Gummikabel 0,5m - Road\" \/>\n<meta property=\"og:description\" content=\"Stromverteiler\" \/>\n<meta property=\"og:url\" content=\"https:\/\/roadeu.com\/sklep\/de\/produkt\/stromverteiler-mit-cee-und-schuko-ausgaengen-baustromverteiler-16a-380v-und-230v-mobilverteiler-gummikabel-05m\/\" \/>\n<meta property=\"og:site_name\" content=\"Road\" \/>\n<meta property=\"article:modified_time\" content=\"2026-04-03T07:44:57+00:00\" \/>\n<meta property=\"og:image\" content=\"https:\/\/roadeu.com\/sklep\/wp-content\/uploads\/2025\/09\/1-39.jpg\" \/>\n\t<meta property=\"og:image:width\" content=\"1500\" \/>\n\t<meta property=\"og:image:height\" content=\"1500\" \/>\n\t<meta property=\"og:image:type\" content=\"image\/jpeg\" \/>\n<meta name=\"twitter:card\" content=\"summary_large_image\" \/>\n<meta name=\"twitter:label1\" content=\"Gesch\u00e4tzte Lesezeit\" \/>\n\t<meta name=\"twitter:data1\" content=\"1\u00a0Minute\" \/>\n<script type=\"application\/ld+json\" class=\"yoast-schema-graph\">{\"@context\":\"https:\\\/\\\/schema.org\",\"@graph\":[{\"@type\":\"WebPage\",\"@id\":\"https:\\\/\\\/roadeu.com\\\/sklep\\\/de\\\/produkt\\\/stromverteiler-mit-cee-und-schuko-ausgaengen-baustromverteiler-16a-380v-und-230v-mobilverteiler-gummikabel-05m\\\/\",\"url\":\"https:\\\/\\\/roadeu.com\\\/sklep\\\/de\\\/produkt\\\/stromverteiler-mit-cee-und-schuko-ausgaengen-baustromverteiler-16a-380v-und-230v-mobilverteiler-gummikabel-05m\\\/\",\"name\":\"Stromverteiler mit CEE und Schuko Ausg\u00e4ngen - Baustromverteiler 16A, 380V und 230V - Mobilverteiler, Gummikabel 0,5m - Road\",\"isPartOf\":{\"@id\":\"https:\\\/\\\/roadeu.com\\\/sklep\\\/de\\\/#website\"},\"primaryImageOfPage\":{\"@id\":\"https:\\\/\\\/roadeu.com\\\/sklep\\\/de\\\/produkt\\\/stromverteiler-mit-cee-und-schuko-ausgaengen-baustromverteiler-16a-380v-und-230v-mobilverteiler-gummikabel-05m\\\/#primaryimage\"},\"image\":{\"@id\":\"https:\\\/\\\/roadeu.com\\\/sklep\\\/de\\\/produkt\\\/stromverteiler-mit-cee-und-schuko-ausgaengen-baustromverteiler-16a-380v-und-230v-mobilverteiler-gummikabel-05m\\\/#primaryimage\"},\"thumbnailUrl\":\"https:\\\/\\\/roadeu.com\\\/sklep\\\/wp-content\\\/uploads\\\/2025\\\/09\\\/1-39.jpg\",\"datePublished\":\"2025-09-11T08:48:07+00:00\",\"dateModified\":\"2026-04-03T07:44:57+00:00\",\"breadcrumb\":{\"@id\":\"https:\\\/\\\/roadeu.com\\\/sklep\\\/de\\\/produkt\\\/stromverteiler-mit-cee-und-schuko-ausgaengen-baustromverteiler-16a-380v-und-230v-mobilverteiler-gummikabel-05m\\\/#breadcrumb\"},\"inLanguage\":\"de\",\"potentialAction\":[{\"@type\":\"ReadAction\",\"target\":[\"https:\\\/\\\/roadeu.com\\\/sklep\\\/de\\\/produkt\\\/stromverteiler-mit-cee-und-schuko-ausgaengen-baustromverteiler-16a-380v-und-230v-mobilverteiler-gummikabel-05m\\\/\"]}]},{\"@type\":\"ImageObject\",\"inLanguage\":\"de\",\"@id\":\"https:\\\/\\\/roadeu.com\\\/sklep\\\/de\\\/produkt\\\/stromverteiler-mit-cee-und-schuko-ausgaengen-baustromverteiler-16a-380v-und-230v-mobilverteiler-gummikabel-05m\\\/#primaryimage\",\"url\":\"https:\\\/\\\/roadeu.com\\\/sklep\\\/wp-content\\\/uploads\\\/2025\\\/09\\\/1-39.jpg\",\"contentUrl\":\"https:\\\/\\\/roadeu.com\\\/sklep\\\/wp-content\\\/uploads\\\/2025\\\/09\\\/1-39.jpg\",\"width\":1500,\"height\":1500},{\"@type\":\"BreadcrumbList\",\"@id\":\"https:\\\/\\\/roadeu.com\\\/sklep\\\/de\\\/produkt\\\/stromverteiler-mit-cee-und-schuko-ausgaengen-baustromverteiler-16a-380v-und-230v-mobilverteiler-gummikabel-05m\\\/#breadcrumb\",\"itemListElement\":[{\"@type\":\"ListItem\",\"position\":1,\"name\":\"Strona g\u0142\u00f3wna\",\"item\":\"https:\\\/\\\/roadeu.com\\\/sklep\\\/de\\\/shop\\\/\"},{\"@type\":\"ListItem\",\"position\":2,\"name\":\"Shop\",\"item\":\"https:\\\/\\\/roadeu.com\\\/sklep\\\/de\\\/shop\\\/\"},{\"@type\":\"ListItem\",\"position\":3,\"name\":\"Stromverteiler mit CEE und Schuko Ausg\u00e4ngen &#8211; Baustromverteiler 16A, 380V und 230V &#8211; Mobilverteiler, Gummikabel 0,5m\"}]},{\"@type\":\"WebSite\",\"@id\":\"https:\\\/\\\/roadeu.com\\\/sklep\\\/de\\\/#website\",\"url\":\"https:\\\/\\\/roadeu.com\\\/sklep\\\/de\\\/\",\"name\":\"Road\",\"description\":\"Hurtownia Elektryczna w Dzier\u017coniowie. Producent sprz\u0119tu elektrycznego.\",\"publisher\":{\"@id\":\"https:\\\/\\\/roadeu.com\\\/sklep\\\/de\\\/#organization\"},\"potentialAction\":[{\"@type\":\"SearchAction\",\"target\":{\"@type\":\"EntryPoint\",\"urlTemplate\":\"https:\\\/\\\/roadeu.com\\\/sklep\\\/de\\\/?s={search_term_string}\"},\"query-input\":{\"@type\":\"PropertyValueSpecification\",\"valueRequired\":true,\"valueName\":\"search_term_string\"}}],\"inLanguage\":\"de\"},{\"@type\":\"Organization\",\"@id\":\"https:\\\/\\\/roadeu.com\\\/sklep\\\/de\\\/#organization\",\"name\":\"Road\",\"url\":\"https:\\\/\\\/roadeu.com\\\/sklep\\\/de\\\/\",\"logo\":{\"@type\":\"ImageObject\",\"inLanguage\":\"de\",\"@id\":\"https:\\\/\\\/roadeu.com\\\/sklep\\\/de\\\/#\\\/schema\\\/logo\\\/image\\\/\",\"url\":\"https:\\\/\\\/roadeu.com\\\/sklep\\\/wp-content\\\/uploads\\\/2025\\\/05\\\/logotype-lg-pl.png\",\"contentUrl\":\"https:\\\/\\\/roadeu.com\\\/sklep\\\/wp-content\\\/uploads\\\/2025\\\/05\\\/logotype-lg-pl.png\",\"width\":300,\"height\":70,\"caption\":\"Road\"},\"image\":{\"@id\":\"https:\\\/\\\/roadeu.com\\\/sklep\\\/de\\\/#\\\/schema\\\/logo\\\/image\\\/\"}}]}<\/script>\n<!-- \/ Yoast SEO plugin. -->","yoast_head_json":{"title":"Stromverteiler mit CEE und Schuko Ausg\u00e4ngen - Baustromverteiler 16A, 380V und 230V - Mobilverteiler, Gummikabel 0,5m - Road","robots":{"index":"index","follow":"follow","max-snippet":"max-snippet:-1","max-image-preview":"max-image-preview:large","max-video-preview":"max-video-preview:-1"},"canonical":"https:\/\/roadeu.com\/sklep\/de\/produkt\/stromverteiler-mit-cee-und-schuko-ausgaengen-baustromverteiler-16a-380v-und-230v-mobilverteiler-gummikabel-05m\/","og_locale":"de_DE","og_type":"article","og_title":"Stromverteiler mit CEE und Schuko Ausg\u00e4ngen - Baustromverteiler 16A, 380V und 230V - Mobilverteiler, Gummikabel 0,5m - Road","og_description":"Stromverteiler","og_url":"https:\/\/roadeu.com\/sklep\/de\/produkt\/stromverteiler-mit-cee-und-schuko-ausgaengen-baustromverteiler-16a-380v-und-230v-mobilverteiler-gummikabel-05m\/","og_site_name":"Road","article_modified_time":"2026-04-03T07:44:57+00:00","og_image":[{"width":1500,"height":1500,"url":"https:\/\/roadeu.com\/sklep\/wp-content\/uploads\/2025\/09\/1-39.jpg","type":"image\/jpeg"}],"twitter_card":"summary_large_image","twitter_misc":{"Gesch\u00e4tzte Lesezeit":"1\u00a0Minute"},"schema":{"@context":"https:\/\/schema.org","@graph":[{"@type":"WebPage","@id":"https:\/\/roadeu.com\/sklep\/de\/produkt\/stromverteiler-mit-cee-und-schuko-ausgaengen-baustromverteiler-16a-380v-und-230v-mobilverteiler-gummikabel-05m\/","url":"https:\/\/roadeu.com\/sklep\/de\/produkt\/stromverteiler-mit-cee-und-schuko-ausgaengen-baustromverteiler-16a-380v-und-230v-mobilverteiler-gummikabel-05m\/","name":"Stromverteiler mit CEE und Schuko Ausg\u00e4ngen - Baustromverteiler 16A, 380V und 230V - Mobilverteiler, Gummikabel 0,5m - Road","isPartOf":{"@id":"https:\/\/roadeu.com\/sklep\/de\/#website"},"primaryImageOfPage":{"@id":"https:\/\/roadeu.com\/sklep\/de\/produkt\/stromverteiler-mit-cee-und-schuko-ausgaengen-baustromverteiler-16a-380v-und-230v-mobilverteiler-gummikabel-05m\/#primaryimage"},"image":{"@id":"https:\/\/roadeu.com\/sklep\/de\/produkt\/stromverteiler-mit-cee-und-schuko-ausgaengen-baustromverteiler-16a-380v-und-230v-mobilverteiler-gummikabel-05m\/#primaryimage"},"thumbnailUrl":"https:\/\/roadeu.com\/sklep\/wp-content\/uploads\/2025\/09\/1-39.jpg","datePublished":"2025-09-11T08:48:07+00:00","dateModified":"2026-04-03T07:44:57+00:00","breadcrumb":{"@id":"https:\/\/roadeu.com\/sklep\/de\/produkt\/stromverteiler-mit-cee-und-schuko-ausgaengen-baustromverteiler-16a-380v-und-230v-mobilverteiler-gummikabel-05m\/#breadcrumb"},"inLanguage":"de","potentialAction":[{"@type":"ReadAction","target":["https:\/\/roadeu.com\/sklep\/de\/produkt\/stromverteiler-mit-cee-und-schuko-ausgaengen-baustromverteiler-16a-380v-und-230v-mobilverteiler-gummikabel-05m\/"]}]},{"@type":"ImageObject","inLanguage":"de","@id":"https:\/\/roadeu.com\/sklep\/de\/produkt\/stromverteiler-mit-cee-und-schuko-ausgaengen-baustromverteiler-16a-380v-und-230v-mobilverteiler-gummikabel-05m\/#primaryimage","url":"https:\/\/roadeu.com\/sklep\/wp-content\/uploads\/2025\/09\/1-39.jpg","contentUrl":"https:\/\/roadeu.com\/sklep\/wp-content\/uploads\/2025\/09\/1-39.jpg","width":1500,"height":1500},{"@type":"BreadcrumbList","@id":"https:\/\/roadeu.com\/sklep\/de\/produkt\/stromverteiler-mit-cee-und-schuko-ausgaengen-baustromverteiler-16a-380v-und-230v-mobilverteiler-gummikabel-05m\/#breadcrumb","itemListElement":[{"@type":"ListItem","position":1,"name":"Strona g\u0142\u00f3wna","item":"https:\/\/roadeu.com\/sklep\/de\/shop\/"},{"@type":"ListItem","position":2,"name":"Shop","item":"https:\/\/roadeu.com\/sklep\/de\/shop\/"},{"@type":"ListItem","position":3,"name":"Stromverteiler mit CEE und Schuko Ausg\u00e4ngen &#8211; Baustromverteiler 16A, 380V und 230V &#8211; Mobilverteiler, Gummikabel 0,5m"}]},{"@type":"WebSite","@id":"https:\/\/roadeu.com\/sklep\/de\/#website","url":"https:\/\/roadeu.com\/sklep\/de\/","name":"Road","description":"Hurtownia Elektryczna w Dzier\u017coniowie. Producent sprz\u0119tu elektrycznego.","publisher":{"@id":"https:\/\/roadeu.com\/sklep\/de\/#organization"},"potentialAction":[{"@type":"SearchAction","target":{"@type":"EntryPoint","urlTemplate":"https:\/\/roadeu.com\/sklep\/de\/?s={search_term_string}"},"query-input":{"@type":"PropertyValueSpecification","valueRequired":true,"valueName":"search_term_string"}}],"inLanguage":"de"},{"@type":"Organization","@id":"https:\/\/roadeu.com\/sklep\/de\/#organization","name":"Road","url":"https:\/\/roadeu.com\/sklep\/de\/","logo":{"@type":"ImageObject","inLanguage":"de","@id":"https:\/\/roadeu.com\/sklep\/de\/#\/schema\/logo\/image\/","url":"https:\/\/roadeu.com\/sklep\/wp-content\/uploads\/2025\/05\/logotype-lg-pl.png","contentUrl":"https:\/\/roadeu.com\/sklep\/wp-content\/uploads\/2025\/05\/logotype-lg-pl.png","width":300,"height":70,"caption":"Road"},"image":{"@id":"https:\/\/roadeu.com\/sklep\/de\/#\/schema\/logo\/image\/"}}]}},"_links":{"self":[{"href":"https:\/\/roadeu.com\/sklep\/de\/wp-json\/wp\/v2\/product\/9837","targetHints":{"allow":["GET"]}}],"collection":[{"href":"https:\/\/roadeu.com\/sklep\/de\/wp-json\/wp\/v2\/product"}],"about":[{"href":"https:\/\/roadeu.com\/sklep\/de\/wp-json\/wp\/v2\/types\/product"}],"wp:featuredmedia":[{"embeddable":true,"href":"https:\/\/roadeu.com\/sklep\/de\/wp-json\/wp\/v2\/media\/9838"}],"wp:attachment":[{"href":"https:\/\/roadeu.com\/sklep\/de\/wp-json\/wp\/v2\/media?parent=9837"}],"wp:term":[{"taxonomy":"product_brand","embeddable":true,"href":"https:\/\/roadeu.com\/sklep\/de\/wp-json\/wp\/v2\/product_brand?post=9837"},{"taxonomy":"product_cat","embeddable":true,"href":"https:\/\/roadeu.com\/sklep\/de\/wp-json\/wp\/v2\/product_cat?post=9837"},{"taxonomy":"product_tag","embeddable":true,"href":"https:\/\/roadeu.com\/sklep\/de\/wp-json\/wp\/v2\/product_tag?post=9837"}],"curies":[{"name":"wp","href":"https:\/\/api.w.org\/{rel}","templated":true}]}}