{"id":8464,"date":"2025-07-17T12:43:23","date_gmt":"2025-07-17T10:43:23","guid":{"rendered":"https:\/\/roadeu.com\/sklep\/produkt\/gartenwerkstatt-schaltanlage-2x-230v-ausgestattet-mit-2x-c16-pp\/"},"modified":"2026-04-03T09:45:36","modified_gmt":"2026-04-03T07:45:36","slug":"gartenwerkstatt-schaltanlage-2x-230v-ausgestattet-mit-2x-c16-pp","status":"publish","type":"product","link":"https:\/\/roadeu.com\/sklep\/de\/produkt\/gartenwerkstatt-schaltanlage-2x-230v-ausgestattet-mit-2x-c16-pp\/","title":{"rendered":"Gartenwerkstatt-Schaltanlage 2x 230V ausgestattet mit 2x C16 + PP"},"content":{"rendered":"<div class=\"app-container\">\n<div class=\"mgn2_14 mp0t_0a mqu1_21 mli8_k4 mgmw_wo msts_pt _0d3bd_K6Qpj\">\n<div class=\"mpof_ki myre_zn myre_8v_l m389_6m_l\">\n<div class=\"mp4t_16_s mryx_16_s mr3m_1 mli2_1 mh85_56 mh85_0_l\">\n<div class=\"mgn2_16 _0d3bd_am0a-\">\n<ul>\n<li>Der <b>Elektroverteiler<\/b> ist verkabelt und anschlussfertig. Das Geh\u00e4use ist ausgestattet mit <\/li>\n<\/ul>\n<p>in N+PE-Klemmleisten. Eine PG16-Kabelverschraubung ist ebenfalls enthalten. <\/p>\n<p>\u00a0<\/p>\n<ul>\n<li><b>DEVICE <\/b> \u2013 Nur eine Stromleitung, weniger L\u00f6cher, weniger Kabel. Abgedichtetes IP44-Geh\u00e4use <\/li>\n<\/ul>\n<p>f\u00fcr den Innen- und Au\u00dfeneinsatz. \u00dcberstromschutzschalter und ein Fehlerstromschutzschalter sorgen f\u00fcr die n\u00f6tige Sicherheit. <\/p>\n<p>\u00a0<\/p>\n<p><b>Ausr\u00fcstung<\/b>:<\/p>\n<p>1x Fi 25A Schutzschalter Typ A\/AC 30mA 2P,<\/p>\n<p>2x C16A 1P \u00dcberstrom-Schutzschalter mit Phasenschiene.<\/p>\n<p>\u00a0<\/p>\n<ul>\n<li><b>AUSSTATTUNG<\/b>: Der Verteiler bietet 2 230V 16A IP44 Steckdosen, die in jeden geraden oder gewinkelten 230V-Stecker passen.<\/li>\n<\/ul>\n<p>Die Struktur ist f\u00fcr eine einfache Wandmontage konzipiert und eignet sich ideal f\u00fcr die Verwendung im Innen- und Au\u00dfenbereich.<\/p>\n<p>\u00a0<\/p>\n<ul>\n<li><b>QUALIT\u00c4TSGARANTIE<\/b> \u2013 Wir sind von der Qualit\u00e4t dieses Produkts \u00fcberzeugt und hoffen, dass Sie zufrieden sein werden. Ansonsten <\/li>\n<\/ul>\n<p>Machen Sie sich keine Sorgen! Geben Sie es einfach zur\u00fcck und Sie erhalten den vollen Kaufpreis erstattet. <\/p>\n<p>\u00a0<\/p>\n<p>Abmessungen: 24x16x11 cm<\/p>\n<\/div>\n<\/div>\n<\/div>\n<\/div>\n<\/div>\n","protected":false},"excerpt":{"rendered":"<h1 class=\"mp4t_0 mryx_0 mj7a_4 mvrt_8 mp0t_ji m9qz_yo munh_0 mqu1_1j mgmw_wo mgn2_21 mgn2_25_s\"><span style=\"font-size: 12pt;\">Gartenwerkstatt-Schaltanlage 2x 230V ausgestattet mit 2x C16 + PP<\/span><\/h1>\n","protected":false},"featured_media":7246,"template":"","meta":[],"product_brand":[377],"product_cat":[363],"product_tag":[],"class_list":{"0":"post-8464","1":"product","2":"type-product","3":"status-publish","4":"has-post-thumbnail","6":"product_brand-roadeu-de","7":"product_cat-verteilerschranke-steckschlusselsatze","9":"first","10":"instock","11":"taxable","12":"shipping-taxable","13":"purchasable","14":"product-type-simple"},"yoast_head":"<!-- This site is optimized with the Yoast SEO plugin v27.5 - https:\/\/yoast.com\/product\/yoast-seo-wordpress\/ -->\n<title>Gartenwerkstatt-Schaltanlage 2x 230V ausgestattet mit 2x C16 + PP - Road<\/title>\n<meta name=\"robots\" content=\"index, follow, max-snippet:-1, max-image-preview:large, max-video-preview:-1\" \/>\n<link rel=\"canonical\" href=\"https:\/\/roadeu.com\/sklep\/de\/produkt\/gartenwerkstatt-schaltanlage-2x-230v-ausgestattet-mit-2x-c16-pp\/\" \/>\n<meta property=\"og:locale\" content=\"de_DE\" \/>\n<meta property=\"og:type\" content=\"article\" \/>\n<meta property=\"og:title\" content=\"Gartenwerkstatt-Schaltanlage 2x 230V ausgestattet mit 2x C16 + PP - Road\" \/>\n<meta property=\"og:description\" content=\"Gartenwerkstatt-Schaltanlage 2x 230V ausgestattet mit 2x C16 + PP\" \/>\n<meta property=\"og:url\" content=\"https:\/\/roadeu.com\/sklep\/de\/produkt\/gartenwerkstatt-schaltanlage-2x-230v-ausgestattet-mit-2x-c16-pp\/\" \/>\n<meta property=\"og:site_name\" content=\"Road\" \/>\n<meta property=\"article:modified_time\" content=\"2026-04-03T07:45:36+00:00\" \/>\n<meta property=\"og:image\" content=\"https:\/\/roadeu.com\/sklep\/wp-content\/uploads\/2025\/07\/de6c444f48a88a4bb1f668ae9bbd.jpg\" \/>\n\t<meta property=\"og:image:width\" content=\"1366\" \/>\n\t<meta property=\"og:image:height\" content=\"1637\" \/>\n\t<meta property=\"og:image:type\" content=\"image\/jpeg\" \/>\n<meta name=\"twitter:card\" content=\"summary_large_image\" \/>\n<meta name=\"twitter:label1\" content=\"Gesch\u00e4tzte Lesezeit\" \/>\n\t<meta name=\"twitter:data1\" content=\"1\u00a0Minute\" \/>\n<script type=\"application\/ld+json\" class=\"yoast-schema-graph\">{\"@context\":\"https:\\\/\\\/schema.org\",\"@graph\":[{\"@type\":\"WebPage\",\"@id\":\"https:\\\/\\\/roadeu.com\\\/sklep\\\/de\\\/produkt\\\/gartenwerkstatt-schaltanlage-2x-230v-ausgestattet-mit-2x-c16-pp\\\/\",\"url\":\"https:\\\/\\\/roadeu.com\\\/sklep\\\/de\\\/produkt\\\/gartenwerkstatt-schaltanlage-2x-230v-ausgestattet-mit-2x-c16-pp\\\/\",\"name\":\"Gartenwerkstatt-Schaltanlage 2x 230V ausgestattet mit 2x C16 + PP - Road\",\"isPartOf\":{\"@id\":\"https:\\\/\\\/roadeu.com\\\/sklep\\\/de\\\/#website\"},\"primaryImageOfPage\":{\"@id\":\"https:\\\/\\\/roadeu.com\\\/sklep\\\/de\\\/produkt\\\/gartenwerkstatt-schaltanlage-2x-230v-ausgestattet-mit-2x-c16-pp\\\/#primaryimage\"},\"image\":{\"@id\":\"https:\\\/\\\/roadeu.com\\\/sklep\\\/de\\\/produkt\\\/gartenwerkstatt-schaltanlage-2x-230v-ausgestattet-mit-2x-c16-pp\\\/#primaryimage\"},\"thumbnailUrl\":\"https:\\\/\\\/roadeu.com\\\/sklep\\\/wp-content\\\/uploads\\\/2025\\\/07\\\/de6c444f48a88a4bb1f668ae9bbd.jpg\",\"datePublished\":\"2025-07-17T10:43:23+00:00\",\"dateModified\":\"2026-04-03T07:45:36+00:00\",\"breadcrumb\":{\"@id\":\"https:\\\/\\\/roadeu.com\\\/sklep\\\/de\\\/produkt\\\/gartenwerkstatt-schaltanlage-2x-230v-ausgestattet-mit-2x-c16-pp\\\/#breadcrumb\"},\"inLanguage\":\"de\",\"potentialAction\":[{\"@type\":\"ReadAction\",\"target\":[\"https:\\\/\\\/roadeu.com\\\/sklep\\\/de\\\/produkt\\\/gartenwerkstatt-schaltanlage-2x-230v-ausgestattet-mit-2x-c16-pp\\\/\"]}]},{\"@type\":\"ImageObject\",\"inLanguage\":\"de\",\"@id\":\"https:\\\/\\\/roadeu.com\\\/sklep\\\/de\\\/produkt\\\/gartenwerkstatt-schaltanlage-2x-230v-ausgestattet-mit-2x-c16-pp\\\/#primaryimage\",\"url\":\"https:\\\/\\\/roadeu.com\\\/sklep\\\/wp-content\\\/uploads\\\/2025\\\/07\\\/de6c444f48a88a4bb1f668ae9bbd.jpg\",\"contentUrl\":\"https:\\\/\\\/roadeu.com\\\/sklep\\\/wp-content\\\/uploads\\\/2025\\\/07\\\/de6c444f48a88a4bb1f668ae9bbd.jpg\",\"width\":1366,\"height\":1637},{\"@type\":\"BreadcrumbList\",\"@id\":\"https:\\\/\\\/roadeu.com\\\/sklep\\\/de\\\/produkt\\\/gartenwerkstatt-schaltanlage-2x-230v-ausgestattet-mit-2x-c16-pp\\\/#breadcrumb\",\"itemListElement\":[{\"@type\":\"ListItem\",\"position\":1,\"name\":\"Strona g\u0142\u00f3wna\",\"item\":\"https:\\\/\\\/roadeu.com\\\/sklep\\\/de\\\/shop\\\/\"},{\"@type\":\"ListItem\",\"position\":2,\"name\":\"Shop\",\"item\":\"https:\\\/\\\/roadeu.com\\\/sklep\\\/de\\\/shop\\\/\"},{\"@type\":\"ListItem\",\"position\":3,\"name\":\"Gartenwerkstatt-Schaltanlage 2x 230V ausgestattet mit 2x C16 + PP\"}]},{\"@type\":\"WebSite\",\"@id\":\"https:\\\/\\\/roadeu.com\\\/sklep\\\/de\\\/#website\",\"url\":\"https:\\\/\\\/roadeu.com\\\/sklep\\\/de\\\/\",\"name\":\"Road\",\"description\":\"Hurtownia Elektryczna w Dzier\u017coniowie. Producent sprz\u0119tu elektrycznego.\",\"publisher\":{\"@id\":\"https:\\\/\\\/roadeu.com\\\/sklep\\\/de\\\/#organization\"},\"potentialAction\":[{\"@type\":\"SearchAction\",\"target\":{\"@type\":\"EntryPoint\",\"urlTemplate\":\"https:\\\/\\\/roadeu.com\\\/sklep\\\/de\\\/?s={search_term_string}\"},\"query-input\":{\"@type\":\"PropertyValueSpecification\",\"valueRequired\":true,\"valueName\":\"search_term_string\"}}],\"inLanguage\":\"de\"},{\"@type\":\"Organization\",\"@id\":\"https:\\\/\\\/roadeu.com\\\/sklep\\\/de\\\/#organization\",\"name\":\"Road\",\"url\":\"https:\\\/\\\/roadeu.com\\\/sklep\\\/de\\\/\",\"logo\":{\"@type\":\"ImageObject\",\"inLanguage\":\"de\",\"@id\":\"https:\\\/\\\/roadeu.com\\\/sklep\\\/de\\\/#\\\/schema\\\/logo\\\/image\\\/\",\"url\":\"https:\\\/\\\/roadeu.com\\\/sklep\\\/wp-content\\\/uploads\\\/2025\\\/05\\\/logotype-lg-pl.png\",\"contentUrl\":\"https:\\\/\\\/roadeu.com\\\/sklep\\\/wp-content\\\/uploads\\\/2025\\\/05\\\/logotype-lg-pl.png\",\"width\":300,\"height\":70,\"caption\":\"Road\"},\"image\":{\"@id\":\"https:\\\/\\\/roadeu.com\\\/sklep\\\/de\\\/#\\\/schema\\\/logo\\\/image\\\/\"}}]}<\/script>\n<!-- \/ Yoast SEO plugin. -->","yoast_head_json":{"title":"Gartenwerkstatt-Schaltanlage 2x 230V ausgestattet mit 2x C16 + PP - Road","robots":{"index":"index","follow":"follow","max-snippet":"max-snippet:-1","max-image-preview":"max-image-preview:large","max-video-preview":"max-video-preview:-1"},"canonical":"https:\/\/roadeu.com\/sklep\/de\/produkt\/gartenwerkstatt-schaltanlage-2x-230v-ausgestattet-mit-2x-c16-pp\/","og_locale":"de_DE","og_type":"article","og_title":"Gartenwerkstatt-Schaltanlage 2x 230V ausgestattet mit 2x C16 + PP - Road","og_description":"Gartenwerkstatt-Schaltanlage 2x 230V ausgestattet mit 2x C16 + PP","og_url":"https:\/\/roadeu.com\/sklep\/de\/produkt\/gartenwerkstatt-schaltanlage-2x-230v-ausgestattet-mit-2x-c16-pp\/","og_site_name":"Road","article_modified_time":"2026-04-03T07:45:36+00:00","og_image":[{"width":1366,"height":1637,"url":"https:\/\/roadeu.com\/sklep\/wp-content\/uploads\/2025\/07\/de6c444f48a88a4bb1f668ae9bbd.jpg","type":"image\/jpeg"}],"twitter_card":"summary_large_image","twitter_misc":{"Gesch\u00e4tzte Lesezeit":"1\u00a0Minute"},"schema":{"@context":"https:\/\/schema.org","@graph":[{"@type":"WebPage","@id":"https:\/\/roadeu.com\/sklep\/de\/produkt\/gartenwerkstatt-schaltanlage-2x-230v-ausgestattet-mit-2x-c16-pp\/","url":"https:\/\/roadeu.com\/sklep\/de\/produkt\/gartenwerkstatt-schaltanlage-2x-230v-ausgestattet-mit-2x-c16-pp\/","name":"Gartenwerkstatt-Schaltanlage 2x 230V ausgestattet mit 2x C16 + PP - Road","isPartOf":{"@id":"https:\/\/roadeu.com\/sklep\/de\/#website"},"primaryImageOfPage":{"@id":"https:\/\/roadeu.com\/sklep\/de\/produkt\/gartenwerkstatt-schaltanlage-2x-230v-ausgestattet-mit-2x-c16-pp\/#primaryimage"},"image":{"@id":"https:\/\/roadeu.com\/sklep\/de\/produkt\/gartenwerkstatt-schaltanlage-2x-230v-ausgestattet-mit-2x-c16-pp\/#primaryimage"},"thumbnailUrl":"https:\/\/roadeu.com\/sklep\/wp-content\/uploads\/2025\/07\/de6c444f48a88a4bb1f668ae9bbd.jpg","datePublished":"2025-07-17T10:43:23+00:00","dateModified":"2026-04-03T07:45:36+00:00","breadcrumb":{"@id":"https:\/\/roadeu.com\/sklep\/de\/produkt\/gartenwerkstatt-schaltanlage-2x-230v-ausgestattet-mit-2x-c16-pp\/#breadcrumb"},"inLanguage":"de","potentialAction":[{"@type":"ReadAction","target":["https:\/\/roadeu.com\/sklep\/de\/produkt\/gartenwerkstatt-schaltanlage-2x-230v-ausgestattet-mit-2x-c16-pp\/"]}]},{"@type":"ImageObject","inLanguage":"de","@id":"https:\/\/roadeu.com\/sklep\/de\/produkt\/gartenwerkstatt-schaltanlage-2x-230v-ausgestattet-mit-2x-c16-pp\/#primaryimage","url":"https:\/\/roadeu.com\/sklep\/wp-content\/uploads\/2025\/07\/de6c444f48a88a4bb1f668ae9bbd.jpg","contentUrl":"https:\/\/roadeu.com\/sklep\/wp-content\/uploads\/2025\/07\/de6c444f48a88a4bb1f668ae9bbd.jpg","width":1366,"height":1637},{"@type":"BreadcrumbList","@id":"https:\/\/roadeu.com\/sklep\/de\/produkt\/gartenwerkstatt-schaltanlage-2x-230v-ausgestattet-mit-2x-c16-pp\/#breadcrumb","itemListElement":[{"@type":"ListItem","position":1,"name":"Strona g\u0142\u00f3wna","item":"https:\/\/roadeu.com\/sklep\/de\/shop\/"},{"@type":"ListItem","position":2,"name":"Shop","item":"https:\/\/roadeu.com\/sklep\/de\/shop\/"},{"@type":"ListItem","position":3,"name":"Gartenwerkstatt-Schaltanlage 2x 230V ausgestattet mit 2x C16 + PP"}]},{"@type":"WebSite","@id":"https:\/\/roadeu.com\/sklep\/de\/#website","url":"https:\/\/roadeu.com\/sklep\/de\/","name":"Road","description":"Hurtownia Elektryczna w Dzier\u017coniowie. Producent sprz\u0119tu elektrycznego.","publisher":{"@id":"https:\/\/roadeu.com\/sklep\/de\/#organization"},"potentialAction":[{"@type":"SearchAction","target":{"@type":"EntryPoint","urlTemplate":"https:\/\/roadeu.com\/sklep\/de\/?s={search_term_string}"},"query-input":{"@type":"PropertyValueSpecification","valueRequired":true,"valueName":"search_term_string"}}],"inLanguage":"de"},{"@type":"Organization","@id":"https:\/\/roadeu.com\/sklep\/de\/#organization","name":"Road","url":"https:\/\/roadeu.com\/sklep\/de\/","logo":{"@type":"ImageObject","inLanguage":"de","@id":"https:\/\/roadeu.com\/sklep\/de\/#\/schema\/logo\/image\/","url":"https:\/\/roadeu.com\/sklep\/wp-content\/uploads\/2025\/05\/logotype-lg-pl.png","contentUrl":"https:\/\/roadeu.com\/sklep\/wp-content\/uploads\/2025\/05\/logotype-lg-pl.png","width":300,"height":70,"caption":"Road"},"image":{"@id":"https:\/\/roadeu.com\/sklep\/de\/#\/schema\/logo\/image\/"}}]}},"_links":{"self":[{"href":"https:\/\/roadeu.com\/sklep\/de\/wp-json\/wp\/v2\/product\/8464","targetHints":{"allow":["GET"]}}],"collection":[{"href":"https:\/\/roadeu.com\/sklep\/de\/wp-json\/wp\/v2\/product"}],"about":[{"href":"https:\/\/roadeu.com\/sklep\/de\/wp-json\/wp\/v2\/types\/product"}],"wp:featuredmedia":[{"embeddable":true,"href":"https:\/\/roadeu.com\/sklep\/de\/wp-json\/wp\/v2\/media\/7246"}],"wp:attachment":[{"href":"https:\/\/roadeu.com\/sklep\/de\/wp-json\/wp\/v2\/media?parent=8464"}],"wp:term":[{"taxonomy":"product_brand","embeddable":true,"href":"https:\/\/roadeu.com\/sklep\/de\/wp-json\/wp\/v2\/product_brand?post=8464"},{"taxonomy":"product_cat","embeddable":true,"href":"https:\/\/roadeu.com\/sklep\/de\/wp-json\/wp\/v2\/product_cat?post=8464"},{"taxonomy":"product_tag","embeddable":true,"href":"https:\/\/roadeu.com\/sklep\/de\/wp-json\/wp\/v2\/product_tag?post=8464"}],"curies":[{"name":"wp","href":"https:\/\/api.w.org\/{rel}","templated":true}]}}