{"id":8424,"date":"2025-07-21T12:27:40","date_gmt":"2025-07-21T10:27:40","guid":{"rendered":"https:\/\/roadeu.com\/sklep\/produkt\/tragbarer-stromverteiler-16a-mit-zwei-steckdosen-230v-kabel-5m\/"},"modified":"2026-04-03T09:45:25","modified_gmt":"2026-04-03T07:45:25","slug":"tragbarer-stromverteiler-16a-mit-zwei-steckdosen-230v-kabel-5m","status":"publish","type":"product","link":"https:\/\/roadeu.com\/sklep\/de\/produkt\/tragbarer-stromverteiler-16a-mit-zwei-steckdosen-230v-kabel-5m\/","title":{"rendered":"Tragbarer Stromverteiler 16A mit zwei Steckdosen 230V Kabel 5m"},"content":{"rendered":"<div class=\"app-container\">\n<div class=\"mgn2_14 mp0t_0a mqu1_21 mli8_k4 mgmw_wo msts_pt _0d3bd_K6Qpj\">\n<div class=\"mpof_ki myre_zn myre_8v_l m389_6m_l\">\n<div class=\"mp4t_16_s mryx_16_s mr3m_1 mli2_1 mh85_56 mh85_0_l\">\n<div class=\"mgn2_16 _0d3bd_am0a-\">\n<p>Sicherer und zuverl\u00e4ssiger Stromverteiler: <b>16A 5-poliger Stecker <\/b>mit gummiertem Griff.<b> <\/b><\/p>\n<p><b>16A 5P 400V <\/b>Steckdose integriert mit zwei 230V einphasigen Steckdosen.<\/p>\n<p>\u00a0<\/p>\n<p>Die Steckdosen sind mit Klappen ausgestattet, um die Wasserdichtigkeit nach IP44 zu gew\u00e4hrleisten, was sich direkt auf die SICHERHEIT bei der Benutzung auswirkt.<\/p>\n<p><b>Gummi-isoliertes Kabel 5\u00d72,5mm<\/b>: widerstandsf\u00e4hig gegen Abrieb, St\u00f6\u00dfe, Quetschungen, Fette und Mineral\u00f6le.<b> L\u00e4nge: 5 Meter<\/b>.<\/p>\n<p>\u00a0<\/p>\n<p>Stromverteiler 16A, <b>Schutzart IP44<\/b>: Schutz gegen Fremdk\u00f6rper und Spritzwasser, geeignet f\u00fcr<\/p>\n<p>In unseren Schaltschr\u00e4nken werden 230V-Steckdosen und CEE 16A-Steckdosen verwendet.<\/p>\n<p>werden immer mit einem 2,5 mm2-Leiter angeschlossen. CEE 32A-Steckdosen werden immer mit einem 4 mm2-Leiter angeschlossen. <\/p>\n<\/div>\n<\/div>\n<\/div>\n<\/div>\n<\/div>\n","protected":false},"excerpt":{"rendered":"<h1 class=\"mp4t_0 mryx_0 mj7a_4 mvrt_8 mp0t_ji m9qz_yo munh_0 mqu1_1j mgmw_wo mgn2_21 mgn2_25_s\"><span style=\"font-size: 12pt;\">Tragbarer Stromverteiler 16A mit zwei Steckdosen 230V Kabel 5m<\/span><\/h1>\n","protected":false},"featured_media":7681,"template":"","meta":[],"product_brand":[377],"product_cat":[363],"product_tag":[],"class_list":{"0":"post-8424","1":"product","2":"type-product","3":"status-publish","4":"has-post-thumbnail","6":"product_brand-roadeu-de","7":"product_cat-verteilerschranke-steckschlusselsatze","9":"first","10":"instock","11":"taxable","12":"shipping-taxable","13":"purchasable","14":"product-type-simple"},"yoast_head":"<!-- This site is optimized with the Yoast SEO plugin v27.5 - https:\/\/yoast.com\/product\/yoast-seo-wordpress\/ -->\n<title>Tragbarer Stromverteiler 16A mit zwei Steckdosen 230V Kabel 5m - Road<\/title>\n<meta name=\"robots\" content=\"index, follow, max-snippet:-1, max-image-preview:large, max-video-preview:-1\" \/>\n<link rel=\"canonical\" href=\"https:\/\/roadeu.com\/sklep\/de\/produkt\/tragbarer-stromverteiler-16a-mit-zwei-steckdosen-230v-kabel-5m\/\" \/>\n<meta property=\"og:locale\" content=\"de_DE\" \/>\n<meta property=\"og:type\" content=\"article\" \/>\n<meta property=\"og:title\" content=\"Tragbarer Stromverteiler 16A mit zwei Steckdosen 230V Kabel 5m - Road\" \/>\n<meta property=\"og:description\" content=\"Tragbarer Stromverteiler 16A mit zwei Steckdosen 230V Kabel 5m\" \/>\n<meta property=\"og:url\" content=\"https:\/\/roadeu.com\/sklep\/de\/produkt\/tragbarer-stromverteiler-16a-mit-zwei-steckdosen-230v-kabel-5m\/\" \/>\n<meta property=\"og:site_name\" content=\"Road\" \/>\n<meta property=\"article:modified_time\" content=\"2026-04-03T07:45:25+00:00\" \/>\n<meta property=\"og:image\" content=\"https:\/\/roadeu.com\/sklep\/wp-content\/uploads\/2025\/07\/ce4c38fb4de79677296217187ddc.jpg\" \/>\n\t<meta property=\"og:image:width\" content=\"2000\" \/>\n\t<meta property=\"og:image:height\" content=\"1375\" \/>\n\t<meta property=\"og:image:type\" content=\"image\/jpeg\" \/>\n<meta name=\"twitter:card\" content=\"summary_large_image\" \/>\n<meta name=\"twitter:label1\" content=\"Gesch\u00e4tzte Lesezeit\" \/>\n\t<meta name=\"twitter:data1\" content=\"1\u00a0Minute\" \/>\n<script type=\"application\/ld+json\" class=\"yoast-schema-graph\">{\"@context\":\"https:\\\/\\\/schema.org\",\"@graph\":[{\"@type\":\"WebPage\",\"@id\":\"https:\\\/\\\/roadeu.com\\\/sklep\\\/de\\\/produkt\\\/tragbarer-stromverteiler-16a-mit-zwei-steckdosen-230v-kabel-5m\\\/\",\"url\":\"https:\\\/\\\/roadeu.com\\\/sklep\\\/de\\\/produkt\\\/tragbarer-stromverteiler-16a-mit-zwei-steckdosen-230v-kabel-5m\\\/\",\"name\":\"Tragbarer Stromverteiler 16A mit zwei Steckdosen 230V Kabel 5m - Road\",\"isPartOf\":{\"@id\":\"https:\\\/\\\/roadeu.com\\\/sklep\\\/de\\\/#website\"},\"primaryImageOfPage\":{\"@id\":\"https:\\\/\\\/roadeu.com\\\/sklep\\\/de\\\/produkt\\\/tragbarer-stromverteiler-16a-mit-zwei-steckdosen-230v-kabel-5m\\\/#primaryimage\"},\"image\":{\"@id\":\"https:\\\/\\\/roadeu.com\\\/sklep\\\/de\\\/produkt\\\/tragbarer-stromverteiler-16a-mit-zwei-steckdosen-230v-kabel-5m\\\/#primaryimage\"},\"thumbnailUrl\":\"https:\\\/\\\/roadeu.com\\\/sklep\\\/wp-content\\\/uploads\\\/2025\\\/07\\\/ce4c38fb4de79677296217187ddc.jpg\",\"datePublished\":\"2025-07-21T10:27:40+00:00\",\"dateModified\":\"2026-04-03T07:45:25+00:00\",\"breadcrumb\":{\"@id\":\"https:\\\/\\\/roadeu.com\\\/sklep\\\/de\\\/produkt\\\/tragbarer-stromverteiler-16a-mit-zwei-steckdosen-230v-kabel-5m\\\/#breadcrumb\"},\"inLanguage\":\"de\",\"potentialAction\":[{\"@type\":\"ReadAction\",\"target\":[\"https:\\\/\\\/roadeu.com\\\/sklep\\\/de\\\/produkt\\\/tragbarer-stromverteiler-16a-mit-zwei-steckdosen-230v-kabel-5m\\\/\"]}]},{\"@type\":\"ImageObject\",\"inLanguage\":\"de\",\"@id\":\"https:\\\/\\\/roadeu.com\\\/sklep\\\/de\\\/produkt\\\/tragbarer-stromverteiler-16a-mit-zwei-steckdosen-230v-kabel-5m\\\/#primaryimage\",\"url\":\"https:\\\/\\\/roadeu.com\\\/sklep\\\/wp-content\\\/uploads\\\/2025\\\/07\\\/ce4c38fb4de79677296217187ddc.jpg\",\"contentUrl\":\"https:\\\/\\\/roadeu.com\\\/sklep\\\/wp-content\\\/uploads\\\/2025\\\/07\\\/ce4c38fb4de79677296217187ddc.jpg\",\"width\":2000,\"height\":1375},{\"@type\":\"BreadcrumbList\",\"@id\":\"https:\\\/\\\/roadeu.com\\\/sklep\\\/de\\\/produkt\\\/tragbarer-stromverteiler-16a-mit-zwei-steckdosen-230v-kabel-5m\\\/#breadcrumb\",\"itemListElement\":[{\"@type\":\"ListItem\",\"position\":1,\"name\":\"Strona g\u0142\u00f3wna\",\"item\":\"https:\\\/\\\/roadeu.com\\\/sklep\\\/de\\\/shop\\\/\"},{\"@type\":\"ListItem\",\"position\":2,\"name\":\"Shop\",\"item\":\"https:\\\/\\\/roadeu.com\\\/sklep\\\/de\\\/shop\\\/\"},{\"@type\":\"ListItem\",\"position\":3,\"name\":\"Tragbarer Stromverteiler 16A mit zwei Steckdosen 230V Kabel 5m\"}]},{\"@type\":\"WebSite\",\"@id\":\"https:\\\/\\\/roadeu.com\\\/sklep\\\/de\\\/#website\",\"url\":\"https:\\\/\\\/roadeu.com\\\/sklep\\\/de\\\/\",\"name\":\"Road\",\"description\":\"Hurtownia Elektryczna w Dzier\u017coniowie. Producent sprz\u0119tu elektrycznego.\",\"publisher\":{\"@id\":\"https:\\\/\\\/roadeu.com\\\/sklep\\\/de\\\/#organization\"},\"potentialAction\":[{\"@type\":\"SearchAction\",\"target\":{\"@type\":\"EntryPoint\",\"urlTemplate\":\"https:\\\/\\\/roadeu.com\\\/sklep\\\/de\\\/?s={search_term_string}\"},\"query-input\":{\"@type\":\"PropertyValueSpecification\",\"valueRequired\":true,\"valueName\":\"search_term_string\"}}],\"inLanguage\":\"de\"},{\"@type\":\"Organization\",\"@id\":\"https:\\\/\\\/roadeu.com\\\/sklep\\\/de\\\/#organization\",\"name\":\"Road\",\"url\":\"https:\\\/\\\/roadeu.com\\\/sklep\\\/de\\\/\",\"logo\":{\"@type\":\"ImageObject\",\"inLanguage\":\"de\",\"@id\":\"https:\\\/\\\/roadeu.com\\\/sklep\\\/de\\\/#\\\/schema\\\/logo\\\/image\\\/\",\"url\":\"https:\\\/\\\/roadeu.com\\\/sklep\\\/wp-content\\\/uploads\\\/2025\\\/05\\\/logotype-lg-pl.png\",\"contentUrl\":\"https:\\\/\\\/roadeu.com\\\/sklep\\\/wp-content\\\/uploads\\\/2025\\\/05\\\/logotype-lg-pl.png\",\"width\":300,\"height\":70,\"caption\":\"Road\"},\"image\":{\"@id\":\"https:\\\/\\\/roadeu.com\\\/sklep\\\/de\\\/#\\\/schema\\\/logo\\\/image\\\/\"}}]}<\/script>\n<!-- \/ Yoast SEO plugin. -->","yoast_head_json":{"title":"Tragbarer Stromverteiler 16A mit zwei Steckdosen 230V Kabel 5m - Road","robots":{"index":"index","follow":"follow","max-snippet":"max-snippet:-1","max-image-preview":"max-image-preview:large","max-video-preview":"max-video-preview:-1"},"canonical":"https:\/\/roadeu.com\/sklep\/de\/produkt\/tragbarer-stromverteiler-16a-mit-zwei-steckdosen-230v-kabel-5m\/","og_locale":"de_DE","og_type":"article","og_title":"Tragbarer Stromverteiler 16A mit zwei Steckdosen 230V Kabel 5m - Road","og_description":"Tragbarer Stromverteiler 16A mit zwei Steckdosen 230V Kabel 5m","og_url":"https:\/\/roadeu.com\/sklep\/de\/produkt\/tragbarer-stromverteiler-16a-mit-zwei-steckdosen-230v-kabel-5m\/","og_site_name":"Road","article_modified_time":"2026-04-03T07:45:25+00:00","og_image":[{"width":2000,"height":1375,"url":"https:\/\/roadeu.com\/sklep\/wp-content\/uploads\/2025\/07\/ce4c38fb4de79677296217187ddc.jpg","type":"image\/jpeg"}],"twitter_card":"summary_large_image","twitter_misc":{"Gesch\u00e4tzte Lesezeit":"1\u00a0Minute"},"schema":{"@context":"https:\/\/schema.org","@graph":[{"@type":"WebPage","@id":"https:\/\/roadeu.com\/sklep\/de\/produkt\/tragbarer-stromverteiler-16a-mit-zwei-steckdosen-230v-kabel-5m\/","url":"https:\/\/roadeu.com\/sklep\/de\/produkt\/tragbarer-stromverteiler-16a-mit-zwei-steckdosen-230v-kabel-5m\/","name":"Tragbarer Stromverteiler 16A mit zwei Steckdosen 230V Kabel 5m - Road","isPartOf":{"@id":"https:\/\/roadeu.com\/sklep\/de\/#website"},"primaryImageOfPage":{"@id":"https:\/\/roadeu.com\/sklep\/de\/produkt\/tragbarer-stromverteiler-16a-mit-zwei-steckdosen-230v-kabel-5m\/#primaryimage"},"image":{"@id":"https:\/\/roadeu.com\/sklep\/de\/produkt\/tragbarer-stromverteiler-16a-mit-zwei-steckdosen-230v-kabel-5m\/#primaryimage"},"thumbnailUrl":"https:\/\/roadeu.com\/sklep\/wp-content\/uploads\/2025\/07\/ce4c38fb4de79677296217187ddc.jpg","datePublished":"2025-07-21T10:27:40+00:00","dateModified":"2026-04-03T07:45:25+00:00","breadcrumb":{"@id":"https:\/\/roadeu.com\/sklep\/de\/produkt\/tragbarer-stromverteiler-16a-mit-zwei-steckdosen-230v-kabel-5m\/#breadcrumb"},"inLanguage":"de","potentialAction":[{"@type":"ReadAction","target":["https:\/\/roadeu.com\/sklep\/de\/produkt\/tragbarer-stromverteiler-16a-mit-zwei-steckdosen-230v-kabel-5m\/"]}]},{"@type":"ImageObject","inLanguage":"de","@id":"https:\/\/roadeu.com\/sklep\/de\/produkt\/tragbarer-stromverteiler-16a-mit-zwei-steckdosen-230v-kabel-5m\/#primaryimage","url":"https:\/\/roadeu.com\/sklep\/wp-content\/uploads\/2025\/07\/ce4c38fb4de79677296217187ddc.jpg","contentUrl":"https:\/\/roadeu.com\/sklep\/wp-content\/uploads\/2025\/07\/ce4c38fb4de79677296217187ddc.jpg","width":2000,"height":1375},{"@type":"BreadcrumbList","@id":"https:\/\/roadeu.com\/sklep\/de\/produkt\/tragbarer-stromverteiler-16a-mit-zwei-steckdosen-230v-kabel-5m\/#breadcrumb","itemListElement":[{"@type":"ListItem","position":1,"name":"Strona g\u0142\u00f3wna","item":"https:\/\/roadeu.com\/sklep\/de\/shop\/"},{"@type":"ListItem","position":2,"name":"Shop","item":"https:\/\/roadeu.com\/sklep\/de\/shop\/"},{"@type":"ListItem","position":3,"name":"Tragbarer Stromverteiler 16A mit zwei Steckdosen 230V Kabel 5m"}]},{"@type":"WebSite","@id":"https:\/\/roadeu.com\/sklep\/de\/#website","url":"https:\/\/roadeu.com\/sklep\/de\/","name":"Road","description":"Hurtownia Elektryczna w Dzier\u017coniowie. Producent sprz\u0119tu elektrycznego.","publisher":{"@id":"https:\/\/roadeu.com\/sklep\/de\/#organization"},"potentialAction":[{"@type":"SearchAction","target":{"@type":"EntryPoint","urlTemplate":"https:\/\/roadeu.com\/sklep\/de\/?s={search_term_string}"},"query-input":{"@type":"PropertyValueSpecification","valueRequired":true,"valueName":"search_term_string"}}],"inLanguage":"de"},{"@type":"Organization","@id":"https:\/\/roadeu.com\/sklep\/de\/#organization","name":"Road","url":"https:\/\/roadeu.com\/sklep\/de\/","logo":{"@type":"ImageObject","inLanguage":"de","@id":"https:\/\/roadeu.com\/sklep\/de\/#\/schema\/logo\/image\/","url":"https:\/\/roadeu.com\/sklep\/wp-content\/uploads\/2025\/05\/logotype-lg-pl.png","contentUrl":"https:\/\/roadeu.com\/sklep\/wp-content\/uploads\/2025\/05\/logotype-lg-pl.png","width":300,"height":70,"caption":"Road"},"image":{"@id":"https:\/\/roadeu.com\/sklep\/de\/#\/schema\/logo\/image\/"}}]}},"_links":{"self":[{"href":"https:\/\/roadeu.com\/sklep\/de\/wp-json\/wp\/v2\/product\/8424","targetHints":{"allow":["GET"]}}],"collection":[{"href":"https:\/\/roadeu.com\/sklep\/de\/wp-json\/wp\/v2\/product"}],"about":[{"href":"https:\/\/roadeu.com\/sklep\/de\/wp-json\/wp\/v2\/types\/product"}],"wp:featuredmedia":[{"embeddable":true,"href":"https:\/\/roadeu.com\/sklep\/de\/wp-json\/wp\/v2\/media\/7681"}],"wp:attachment":[{"href":"https:\/\/roadeu.com\/sklep\/de\/wp-json\/wp\/v2\/media?parent=8424"}],"wp:term":[{"taxonomy":"product_brand","embeddable":true,"href":"https:\/\/roadeu.com\/sklep\/de\/wp-json\/wp\/v2\/product_brand?post=8424"},{"taxonomy":"product_cat","embeddable":true,"href":"https:\/\/roadeu.com\/sklep\/de\/wp-json\/wp\/v2\/product_cat?post=8424"},{"taxonomy":"product_tag","embeddable":true,"href":"https:\/\/roadeu.com\/sklep\/de\/wp-json\/wp\/v2\/product_tag?post=8424"}],"curies":[{"name":"wp","href":"https:\/\/api.w.org\/{rel}","templated":true}]}}