{"id":8422,"date":"2025-07-18T14:19:38","date_gmt":"2025-07-18T12:19:38","guid":{"rendered":"https:\/\/roadeu.com\/sklep\/produkt\/elektrische-schalttafel-16a-5p-steckdose-2x-230v-steckdose\/"},"modified":"2026-04-03T09:45:26","modified_gmt":"2026-04-03T07:45:26","slug":"elektrische-schalttafel-16a-5p-steckdose-2x-230v-steckdose","status":"publish","type":"product","link":"https:\/\/roadeu.com\/sklep\/de\/produkt\/elektrische-schalttafel-16a-5p-steckdose-2x-230v-steckdose\/","title":{"rendered":"Elektrische Schalttafel 16A 5P Steckdose, 2x 230V Steckdose"},"content":{"rendered":"<div class=\"app-container\">\n<div class=\"mgn2_14 mp0t_0a mqu1_21 mli8_k4 mgmw_wo msts_pt _0d3bd_K6Qpj\">\n<div class=\"mpof_ki myre_zn myre_8v_l m389_6m_l\">\n<div class=\"mp4t_16_s mryx_16_s mr3m_1 mli2_1 mh85_56 mh85_0_l\">\n<div class=\"mgn2_16 _0d3bd_am0a-\">\n<p><b>Robuster IP44 Stromverteiler <\/b>\u2013 staub- und spritzwassergesch\u00fctzt. F\u00fcr den Einsatz im Innen- und Au\u00dfenbereich. <\/p>\n<p>im Freien. Dank dieser wasserdichten Klasse k\u00f6nnen Sie unser Ger\u00e4t in der Werkstatt, im Garten oder <\/p>\n<p>Produktionshalle.<\/p>\n<p>\u00a0<\/p>\n<\/div>\n<\/div>\n<\/div>\n<div class=\"mpof_ki myre_zn myre_8v_l m389_6m_l\">\n<div class=\"mp4t_16_s mryx_16_s mr3m_1 mli2_1 mh85_56 mh85_0_l\">\n<div class=\"mgn2_16 _0d3bd_am0a-\">\n<p>Ausstattung: <b>16A 5P <\/b>400V Steckdose \u2013 2x 200\/250V 16A IP44 Steckdose.<\/p>\n<p>\u00a0<\/p>\n<\/div>\n<\/div>\n<\/div>\n<div class=\"mpof_ki myre_zn myre_8v_l m389_6m_l\">\n<div class=\"mp4t_16_s mryx_16_s mr3m_1 mli2_1 mh85_56 mh85_0_l\">\n<div class=\"mgn2_16 _0d3bd_am0a-\">\n<p>Unser Splitter ist vorverkabelt und anschlussfertig. Eine Kabelverschraubung ist ebenfalls enthalten. <\/p>\n<p>Schlie\u00dfen Sie das Kabel einfach an die entsprechenden Klemmen an, und schon sind Sie fertig.<\/p>\n<p>\u00a0<\/p>\n<\/div>\n<\/div>\n<\/div>\n<div class=\"mpof_ki myre_zn myre_8v_l m389_6m_l\">\n<div class=\"mp4t_16_s mryx_16_s mr3m_1 mli2_1 mh85_56 mh85_0_l\">\n<div class=\"mgn2_16 _0d3bd_am0a-\">\n<p>In unseren Verteilern werden 230V-Steckdosen und CEE 16A-Steckdosen immer mit einer 2,5 mm2 Leitung angeschlossen.<\/p>\n<p>CEE 32A-Steckdosen werden immer mit einer 4 mm2 Leitung angeschlossen.<\/p>\n<\/div>\n<\/div>\n<\/div>\n<\/div>\n<\/div>\n","protected":false},"excerpt":{"rendered":"<h1 class=\"mp4t_0 mryx_0 mj7a_4 mvrt_8 mp0t_ji m9qz_yo munh_0 mqu1_1j mgmw_wo mgn2_21 mgn2_25_s\"><span style=\"font-size: 12pt;\">Elektrische Schalttafel 16A 5P Steckdose, 2x 230V Steckdose<\/span><\/h1>\n","protected":false},"featured_media":7645,"template":"","meta":[],"product_brand":[377],"product_cat":[363],"product_tag":[],"class_list":{"0":"post-8422","1":"product","2":"type-product","3":"status-publish","4":"has-post-thumbnail","6":"product_brand-roadeu-de","7":"product_cat-verteilerschranke-steckschlusselsatze","9":"first","10":"instock","11":"taxable","12":"shipping-taxable","13":"purchasable","14":"product-type-simple"},"yoast_head":"<!-- This site is optimized with the Yoast SEO plugin v27.5 - https:\/\/yoast.com\/product\/yoast-seo-wordpress\/ -->\n<title>Elektrische Schalttafel 16A 5P Steckdose, 2x 230V Steckdose - Road<\/title>\n<meta name=\"robots\" content=\"index, follow, max-snippet:-1, max-image-preview:large, max-video-preview:-1\" \/>\n<link rel=\"canonical\" href=\"https:\/\/roadeu.com\/sklep\/de\/produkt\/elektrische-schalttafel-16a-5p-steckdose-2x-230v-steckdose\/\" \/>\n<meta property=\"og:locale\" content=\"de_DE\" \/>\n<meta property=\"og:type\" content=\"article\" \/>\n<meta property=\"og:title\" content=\"Elektrische Schalttafel 16A 5P Steckdose, 2x 230V Steckdose - Road\" \/>\n<meta property=\"og:description\" content=\"Elektrische Schalttafel 16A 5P Steckdose, 2x 230V Steckdose\" \/>\n<meta property=\"og:url\" content=\"https:\/\/roadeu.com\/sklep\/de\/produkt\/elektrische-schalttafel-16a-5p-steckdose-2x-230v-steckdose\/\" \/>\n<meta property=\"og:site_name\" content=\"Road\" \/>\n<meta property=\"article:modified_time\" content=\"2026-04-03T07:45:26+00:00\" \/>\n<meta property=\"og:image\" content=\"https:\/\/roadeu.com\/sklep\/wp-content\/uploads\/2025\/07\/e3a5f1b949e9b838d99128ae1671.jpg\" \/>\n\t<meta property=\"og:image:width\" content=\"2439\" \/>\n\t<meta property=\"og:image:height\" content=\"1746\" \/>\n\t<meta property=\"og:image:type\" content=\"image\/jpeg\" \/>\n<meta name=\"twitter:card\" content=\"summary_large_image\" \/>\n<meta name=\"twitter:label1\" content=\"Gesch\u00e4tzte Lesezeit\" \/>\n\t<meta name=\"twitter:data1\" content=\"1\u00a0Minute\" \/>\n<script type=\"application\/ld+json\" class=\"yoast-schema-graph\">{\"@context\":\"https:\\\/\\\/schema.org\",\"@graph\":[{\"@type\":\"WebPage\",\"@id\":\"https:\\\/\\\/roadeu.com\\\/sklep\\\/de\\\/produkt\\\/elektrische-schalttafel-16a-5p-steckdose-2x-230v-steckdose\\\/\",\"url\":\"https:\\\/\\\/roadeu.com\\\/sklep\\\/de\\\/produkt\\\/elektrische-schalttafel-16a-5p-steckdose-2x-230v-steckdose\\\/\",\"name\":\"Elektrische Schalttafel 16A 5P Steckdose, 2x 230V Steckdose - Road\",\"isPartOf\":{\"@id\":\"https:\\\/\\\/roadeu.com\\\/sklep\\\/de\\\/#website\"},\"primaryImageOfPage\":{\"@id\":\"https:\\\/\\\/roadeu.com\\\/sklep\\\/de\\\/produkt\\\/elektrische-schalttafel-16a-5p-steckdose-2x-230v-steckdose\\\/#primaryimage\"},\"image\":{\"@id\":\"https:\\\/\\\/roadeu.com\\\/sklep\\\/de\\\/produkt\\\/elektrische-schalttafel-16a-5p-steckdose-2x-230v-steckdose\\\/#primaryimage\"},\"thumbnailUrl\":\"https:\\\/\\\/roadeu.com\\\/sklep\\\/wp-content\\\/uploads\\\/2025\\\/07\\\/e3a5f1b949e9b838d99128ae1671.jpg\",\"datePublished\":\"2025-07-18T12:19:38+00:00\",\"dateModified\":\"2026-04-03T07:45:26+00:00\",\"breadcrumb\":{\"@id\":\"https:\\\/\\\/roadeu.com\\\/sklep\\\/de\\\/produkt\\\/elektrische-schalttafel-16a-5p-steckdose-2x-230v-steckdose\\\/#breadcrumb\"},\"inLanguage\":\"de\",\"potentialAction\":[{\"@type\":\"ReadAction\",\"target\":[\"https:\\\/\\\/roadeu.com\\\/sklep\\\/de\\\/produkt\\\/elektrische-schalttafel-16a-5p-steckdose-2x-230v-steckdose\\\/\"]}]},{\"@type\":\"ImageObject\",\"inLanguage\":\"de\",\"@id\":\"https:\\\/\\\/roadeu.com\\\/sklep\\\/de\\\/produkt\\\/elektrische-schalttafel-16a-5p-steckdose-2x-230v-steckdose\\\/#primaryimage\",\"url\":\"https:\\\/\\\/roadeu.com\\\/sklep\\\/wp-content\\\/uploads\\\/2025\\\/07\\\/e3a5f1b949e9b838d99128ae1671.jpg\",\"contentUrl\":\"https:\\\/\\\/roadeu.com\\\/sklep\\\/wp-content\\\/uploads\\\/2025\\\/07\\\/e3a5f1b949e9b838d99128ae1671.jpg\",\"width\":2439,\"height\":1746},{\"@type\":\"BreadcrumbList\",\"@id\":\"https:\\\/\\\/roadeu.com\\\/sklep\\\/de\\\/produkt\\\/elektrische-schalttafel-16a-5p-steckdose-2x-230v-steckdose\\\/#breadcrumb\",\"itemListElement\":[{\"@type\":\"ListItem\",\"position\":1,\"name\":\"Strona g\u0142\u00f3wna\",\"item\":\"https:\\\/\\\/roadeu.com\\\/sklep\\\/de\\\/shop\\\/\"},{\"@type\":\"ListItem\",\"position\":2,\"name\":\"Shop\",\"item\":\"https:\\\/\\\/roadeu.com\\\/sklep\\\/de\\\/shop\\\/\"},{\"@type\":\"ListItem\",\"position\":3,\"name\":\"Elektrische Schalttafel 16A 5P Steckdose, 2x 230V Steckdose\"}]},{\"@type\":\"WebSite\",\"@id\":\"https:\\\/\\\/roadeu.com\\\/sklep\\\/de\\\/#website\",\"url\":\"https:\\\/\\\/roadeu.com\\\/sklep\\\/de\\\/\",\"name\":\"Road\",\"description\":\"Hurtownia Elektryczna w Dzier\u017coniowie. Producent sprz\u0119tu elektrycznego.\",\"publisher\":{\"@id\":\"https:\\\/\\\/roadeu.com\\\/sklep\\\/de\\\/#organization\"},\"potentialAction\":[{\"@type\":\"SearchAction\",\"target\":{\"@type\":\"EntryPoint\",\"urlTemplate\":\"https:\\\/\\\/roadeu.com\\\/sklep\\\/de\\\/?s={search_term_string}\"},\"query-input\":{\"@type\":\"PropertyValueSpecification\",\"valueRequired\":true,\"valueName\":\"search_term_string\"}}],\"inLanguage\":\"de\"},{\"@type\":\"Organization\",\"@id\":\"https:\\\/\\\/roadeu.com\\\/sklep\\\/de\\\/#organization\",\"name\":\"Road\",\"url\":\"https:\\\/\\\/roadeu.com\\\/sklep\\\/de\\\/\",\"logo\":{\"@type\":\"ImageObject\",\"inLanguage\":\"de\",\"@id\":\"https:\\\/\\\/roadeu.com\\\/sklep\\\/de\\\/#\\\/schema\\\/logo\\\/image\\\/\",\"url\":\"https:\\\/\\\/roadeu.com\\\/sklep\\\/wp-content\\\/uploads\\\/2025\\\/05\\\/logotype-lg-pl.png\",\"contentUrl\":\"https:\\\/\\\/roadeu.com\\\/sklep\\\/wp-content\\\/uploads\\\/2025\\\/05\\\/logotype-lg-pl.png\",\"width\":300,\"height\":70,\"caption\":\"Road\"},\"image\":{\"@id\":\"https:\\\/\\\/roadeu.com\\\/sklep\\\/de\\\/#\\\/schema\\\/logo\\\/image\\\/\"}}]}<\/script>\n<!-- \/ Yoast SEO plugin. -->","yoast_head_json":{"title":"Elektrische Schalttafel 16A 5P Steckdose, 2x 230V Steckdose - Road","robots":{"index":"index","follow":"follow","max-snippet":"max-snippet:-1","max-image-preview":"max-image-preview:large","max-video-preview":"max-video-preview:-1"},"canonical":"https:\/\/roadeu.com\/sklep\/de\/produkt\/elektrische-schalttafel-16a-5p-steckdose-2x-230v-steckdose\/","og_locale":"de_DE","og_type":"article","og_title":"Elektrische Schalttafel 16A 5P Steckdose, 2x 230V Steckdose - Road","og_description":"Elektrische Schalttafel 16A 5P Steckdose, 2x 230V Steckdose","og_url":"https:\/\/roadeu.com\/sklep\/de\/produkt\/elektrische-schalttafel-16a-5p-steckdose-2x-230v-steckdose\/","og_site_name":"Road","article_modified_time":"2026-04-03T07:45:26+00:00","og_image":[{"width":2439,"height":1746,"url":"https:\/\/roadeu.com\/sklep\/wp-content\/uploads\/2025\/07\/e3a5f1b949e9b838d99128ae1671.jpg","type":"image\/jpeg"}],"twitter_card":"summary_large_image","twitter_misc":{"Gesch\u00e4tzte Lesezeit":"1\u00a0Minute"},"schema":{"@context":"https:\/\/schema.org","@graph":[{"@type":"WebPage","@id":"https:\/\/roadeu.com\/sklep\/de\/produkt\/elektrische-schalttafel-16a-5p-steckdose-2x-230v-steckdose\/","url":"https:\/\/roadeu.com\/sklep\/de\/produkt\/elektrische-schalttafel-16a-5p-steckdose-2x-230v-steckdose\/","name":"Elektrische Schalttafel 16A 5P Steckdose, 2x 230V Steckdose - Road","isPartOf":{"@id":"https:\/\/roadeu.com\/sklep\/de\/#website"},"primaryImageOfPage":{"@id":"https:\/\/roadeu.com\/sklep\/de\/produkt\/elektrische-schalttafel-16a-5p-steckdose-2x-230v-steckdose\/#primaryimage"},"image":{"@id":"https:\/\/roadeu.com\/sklep\/de\/produkt\/elektrische-schalttafel-16a-5p-steckdose-2x-230v-steckdose\/#primaryimage"},"thumbnailUrl":"https:\/\/roadeu.com\/sklep\/wp-content\/uploads\/2025\/07\/e3a5f1b949e9b838d99128ae1671.jpg","datePublished":"2025-07-18T12:19:38+00:00","dateModified":"2026-04-03T07:45:26+00:00","breadcrumb":{"@id":"https:\/\/roadeu.com\/sklep\/de\/produkt\/elektrische-schalttafel-16a-5p-steckdose-2x-230v-steckdose\/#breadcrumb"},"inLanguage":"de","potentialAction":[{"@type":"ReadAction","target":["https:\/\/roadeu.com\/sklep\/de\/produkt\/elektrische-schalttafel-16a-5p-steckdose-2x-230v-steckdose\/"]}]},{"@type":"ImageObject","inLanguage":"de","@id":"https:\/\/roadeu.com\/sklep\/de\/produkt\/elektrische-schalttafel-16a-5p-steckdose-2x-230v-steckdose\/#primaryimage","url":"https:\/\/roadeu.com\/sklep\/wp-content\/uploads\/2025\/07\/e3a5f1b949e9b838d99128ae1671.jpg","contentUrl":"https:\/\/roadeu.com\/sklep\/wp-content\/uploads\/2025\/07\/e3a5f1b949e9b838d99128ae1671.jpg","width":2439,"height":1746},{"@type":"BreadcrumbList","@id":"https:\/\/roadeu.com\/sklep\/de\/produkt\/elektrische-schalttafel-16a-5p-steckdose-2x-230v-steckdose\/#breadcrumb","itemListElement":[{"@type":"ListItem","position":1,"name":"Strona g\u0142\u00f3wna","item":"https:\/\/roadeu.com\/sklep\/de\/shop\/"},{"@type":"ListItem","position":2,"name":"Shop","item":"https:\/\/roadeu.com\/sklep\/de\/shop\/"},{"@type":"ListItem","position":3,"name":"Elektrische Schalttafel 16A 5P Steckdose, 2x 230V Steckdose"}]},{"@type":"WebSite","@id":"https:\/\/roadeu.com\/sklep\/de\/#website","url":"https:\/\/roadeu.com\/sklep\/de\/","name":"Road","description":"Hurtownia Elektryczna w Dzier\u017coniowie. Producent sprz\u0119tu elektrycznego.","publisher":{"@id":"https:\/\/roadeu.com\/sklep\/de\/#organization"},"potentialAction":[{"@type":"SearchAction","target":{"@type":"EntryPoint","urlTemplate":"https:\/\/roadeu.com\/sklep\/de\/?s={search_term_string}"},"query-input":{"@type":"PropertyValueSpecification","valueRequired":true,"valueName":"search_term_string"}}],"inLanguage":"de"},{"@type":"Organization","@id":"https:\/\/roadeu.com\/sklep\/de\/#organization","name":"Road","url":"https:\/\/roadeu.com\/sklep\/de\/","logo":{"@type":"ImageObject","inLanguage":"de","@id":"https:\/\/roadeu.com\/sklep\/de\/#\/schema\/logo\/image\/","url":"https:\/\/roadeu.com\/sklep\/wp-content\/uploads\/2025\/05\/logotype-lg-pl.png","contentUrl":"https:\/\/roadeu.com\/sklep\/wp-content\/uploads\/2025\/05\/logotype-lg-pl.png","width":300,"height":70,"caption":"Road"},"image":{"@id":"https:\/\/roadeu.com\/sklep\/de\/#\/schema\/logo\/image\/"}}]}},"_links":{"self":[{"href":"https:\/\/roadeu.com\/sklep\/de\/wp-json\/wp\/v2\/product\/8422","targetHints":{"allow":["GET"]}}],"collection":[{"href":"https:\/\/roadeu.com\/sklep\/de\/wp-json\/wp\/v2\/product"}],"about":[{"href":"https:\/\/roadeu.com\/sklep\/de\/wp-json\/wp\/v2\/types\/product"}],"wp:featuredmedia":[{"embeddable":true,"href":"https:\/\/roadeu.com\/sklep\/de\/wp-json\/wp\/v2\/media\/7645"}],"wp:attachment":[{"href":"https:\/\/roadeu.com\/sklep\/de\/wp-json\/wp\/v2\/media?parent=8422"}],"wp:term":[{"taxonomy":"product_brand","embeddable":true,"href":"https:\/\/roadeu.com\/sklep\/de\/wp-json\/wp\/v2\/product_brand?post=8422"},{"taxonomy":"product_cat","embeddable":true,"href":"https:\/\/roadeu.com\/sklep\/de\/wp-json\/wp\/v2\/product_cat?post=8422"},{"taxonomy":"product_tag","embeddable":true,"href":"https:\/\/roadeu.com\/sklep\/de\/wp-json\/wp\/v2\/product_tag?post=8422"}],"curies":[{"name":"wp","href":"https:\/\/api.w.org\/{rel}","templated":true}]}}