{"id":8360,"date":"2025-07-22T10:33:40","date_gmt":"2025-07-22T08:33:40","guid":{"rendered":"https:\/\/roadeu.com\/sklep\/produkt\/schaltanlage-ausgestattet-mit-3x-b10a-7x-b16a-1x-b16a-3p-differential-und-anzeigegeraet\/"},"modified":"2026-04-03T09:45:16","modified_gmt":"2026-04-03T07:45:16","slug":"schaltanlage-ausgestattet-mit-3x-b10a-7x-b16a-1x-b16a-3p-differential-und-anzeigegeraet","status":"publish","type":"product","link":"https:\/\/roadeu.com\/sklep\/de\/produkt\/schaltanlage-ausgestattet-mit-3x-b10a-7x-b16a-1x-b16a-3p-differential-und-anzeigegeraet\/","title":{"rendered":"Schaltanlage ausgestattet mit 3x B10A 7x B16A 1x B16A 3P Differential und Anzeigeger\u00e4t"},"content":{"rendered":"<div class=\"app-container\">\n<div class=\"mgn2_14 mp0t_0a mqu1_21 mli8_k4 mgmw_wo msts_pt _0d3bd_K6Qpj\">\n<div class=\"mpof_ki myre_zn myre_8v_l m389_6m_l\">\n<div class=\"mp4t_16_s mryx_16_s mr3m_1 mli2_1 mh85_56 mh85_0_l\">\n<div class=\"mgn2_16 _0d3bd_am0a-\">\n<p><b>Die SAFETY BOX<\/b> wurde entwickelt, um versehentliche Einstiche zu verhindern und<\/p>\n<p>Kurzschl\u00fcsse. Ein anschlussfertiger Bausatz mit N+PE-Klemmen sorgt f\u00fcr eine sichere Installation. Aufputz-Schaltschrank  <\/p>\n<p>kann erfolgreich als Aufputz-Unterverteiler f\u00fcr eine optimale Energieverteilung eingesetzt werden.<\/p>\n<p>\u00a0<\/p>\n<\/div>\n<\/div>\n<\/div>\n<div class=\"mpof_ki myre_zn myre_8v_l m389_6m_l\">\n<div class=\"mp4t_16_s mryx_16_s mr3m_1 mli2_1 mh85_56 mh85_0_l\">\n<div class=\"mgn2_16 _0d3bd_am0a-\">\n<p><b>Der SAFETY DISTRIBUTOR<\/b> ist extrem einfach zu installieren und eignet sich ideal f\u00fcr Haus und<\/p>\n<p>Werkstatt. Dank der Schutzklasse IP42 ist der Spender f\u00fcr den Einsatz in Innenr\u00e4umen geeignet und bietet einen <\/p>\n<p>zuverl\u00e4ssiger Schutz vor Staub und festen Gegenst\u00e4nden.<\/p>\n<p>\u00a0<\/p>\n<\/div>\n<\/div>\n<\/div>\n<div class=\"mpof_ki myre_zn myre_8v_l m389_6m_l\">\n<div class=\"mp4t_16_s mryx_16_s mr3m_1 mli2_1 mh85_56 mh85_0_l\">\n<div class=\"mgn2_16 _0d3bd_am0a-\">\n<p>Der <b>Spannungsanzeiger<\/b> misst und zeigt dreiphasige Wechselspannungswerte im Bereich von 80-500V AC an. Er dient als Indikator <\/p>\n<p>Spannungssignal in den Schaltkreisen, was die Sicherheit des Ger\u00e4tebetriebs erh\u00f6ht und eine fr\u00fchzeitige Erkennung von potenziellen Problemen erm\u00f6glicht.<\/p>\n<p>\u00a0<\/p>\n<\/div>\n<\/div>\n<\/div>\n<div class=\"mpof_ki myre_zn myre_8v_l m389_6m_l\">\n<div class=\"mp4t_16_s mryx_16_s mr3m_1 mli2_1 mh85_56 mh85_0_l\">\n<div class=\"mgn2_16 _0d3bd_am0a-\">\n<p>AUSR\u00dcSTUNG:<\/p>\n<p><b>1x Fehlerstrom-Schutzschalter 40A 30mA 4P Typ A\/AC  <\/b><\/p>\n<p><b>3x Schutzschalter 10A 1P B.  <\/b><\/p>\n<p><b>7x 16A 1P Schutzschalter B.<\/b><\/p>\n<p><b>1x 16A 3P B Schutzschalter<\/b><\/p>\n<p><b>1x Spannungsanzeige<\/b><\/p>\n<p>\u00a0<\/p>\n<p>.<\/p>\n<\/div>\n<\/div>\n<\/div>\n<div class=\"mpof_ki myre_zn myre_8v_l m389_6m_l\">\n<div class=\"mp4t_16_s mryx_16_s mr3m_1 mli2_1 mh85_56 mh85_0_l\">\n<div class=\"mgn2_16 _0d3bd_am0a-\">\n<p><b>Der SAFE <\/b>ist mit einer speziellen Montageschiene und einem \u201aN\u2018-Draht vormontiert. Alles, was Sie tun m\u00fcssen, ist, die 380V-Stromversorgung anzuschlie\u00dfen. <\/p>\n<p>Dieses Design vereinfacht den Installationsprozess und spart Zeit und Ressourcen.<\/p>\n<p>Qualit\u00e4tsgarantie \u2013 wir sind von der Qualit\u00e4t dieses Produkts \u00fcberzeugt und hoffen, dass Sie zufrieden sein werden. Wenn nicht, machen Sie sich keine Sorgen! <\/p>\n<p>Geben Sie es einfach zur\u00fcck und Sie erhalten den vollen Kaufpreis erstattet.<\/p>\n<\/div>\n<\/div>\n<\/div>\n<\/div>\n<\/div>\n","protected":false},"excerpt":{"rendered":"<h1 class=\"mp4t_0 mryx_0 mj7a_4 mvrt_8 mp0t_ji m9qz_yo munh_0 mqu1_1j mgmw_wo mgn2_21 mgn2_25_s\"><span style=\"font-size: 12pt;\">Schaltanlage ausgestattet mit 3x B10A 7x B16A 1x B16A 3P Differential und Anzeigeger\u00e4t<\/span><\/h1>\n","protected":false},"featured_media":7990,"template":"","meta":[],"product_brand":[377],"product_cat":[374],"product_tag":[],"class_list":{"0":"post-8360","1":"product","2":"type-product","3":"status-publish","4":"has-post-thumbnail","6":"product_brand-roadeu-de","7":"product_cat-schaltanlage-mit-schutz","9":"first","10":"instock","11":"taxable","12":"shipping-taxable","13":"purchasable","14":"product-type-simple"},"yoast_head":"<!-- This site is optimized with the Yoast SEO plugin v27.5 - https:\/\/yoast.com\/product\/yoast-seo-wordpress\/ -->\n<title>Schaltanlage ausgestattet mit 3x B10A 7x B16A 1x B16A 3P Differential und Anzeigeger\u00e4t - Road<\/title>\n<meta name=\"robots\" content=\"index, follow, max-snippet:-1, max-image-preview:large, max-video-preview:-1\" \/>\n<link rel=\"canonical\" href=\"https:\/\/roadeu.com\/sklep\/de\/produkt\/schaltanlage-ausgestattet-mit-3x-b10a-7x-b16a-1x-b16a-3p-differential-und-anzeigegeraet\/\" \/>\n<meta property=\"og:locale\" content=\"de_DE\" \/>\n<meta property=\"og:type\" content=\"article\" \/>\n<meta property=\"og:title\" content=\"Schaltanlage ausgestattet mit 3x B10A 7x B16A 1x B16A 3P Differential und Anzeigeger\u00e4t - Road\" \/>\n<meta property=\"og:description\" content=\"Schaltanlage ausgestattet mit 3x B10A 7x B16A 1x B16A 3P Differential und Anzeigeger\u00e4t\" \/>\n<meta property=\"og:url\" content=\"https:\/\/roadeu.com\/sklep\/de\/produkt\/schaltanlage-ausgestattet-mit-3x-b10a-7x-b16a-1x-b16a-3p-differential-und-anzeigegeraet\/\" \/>\n<meta property=\"og:site_name\" content=\"Road\" \/>\n<meta property=\"article:modified_time\" content=\"2026-04-03T07:45:16+00:00\" \/>\n<meta property=\"og:image\" content=\"https:\/\/roadeu.com\/sklep\/wp-content\/uploads\/2025\/07\/aae8851a4648b1eac40606c4ba90.jpg\" \/>\n\t<meta property=\"og:image:width\" content=\"1354\" \/>\n\t<meta property=\"og:image:height\" content=\"876\" \/>\n\t<meta property=\"og:image:type\" content=\"image\/jpeg\" \/>\n<meta name=\"twitter:card\" content=\"summary_large_image\" \/>\n<meta name=\"twitter:label1\" content=\"Gesch\u00e4tzte Lesezeit\" \/>\n\t<meta name=\"twitter:data1\" content=\"1\u00a0Minute\" \/>\n<script type=\"application\/ld+json\" class=\"yoast-schema-graph\">{\"@context\":\"https:\\\/\\\/schema.org\",\"@graph\":[{\"@type\":\"WebPage\",\"@id\":\"https:\\\/\\\/roadeu.com\\\/sklep\\\/de\\\/produkt\\\/schaltanlage-ausgestattet-mit-3x-b10a-7x-b16a-1x-b16a-3p-differential-und-anzeigegeraet\\\/\",\"url\":\"https:\\\/\\\/roadeu.com\\\/sklep\\\/de\\\/produkt\\\/schaltanlage-ausgestattet-mit-3x-b10a-7x-b16a-1x-b16a-3p-differential-und-anzeigegeraet\\\/\",\"name\":\"Schaltanlage ausgestattet mit 3x B10A 7x B16A 1x B16A 3P Differential und Anzeigeger\u00e4t - Road\",\"isPartOf\":{\"@id\":\"https:\\\/\\\/roadeu.com\\\/sklep\\\/de\\\/#website\"},\"primaryImageOfPage\":{\"@id\":\"https:\\\/\\\/roadeu.com\\\/sklep\\\/de\\\/produkt\\\/schaltanlage-ausgestattet-mit-3x-b10a-7x-b16a-1x-b16a-3p-differential-und-anzeigegeraet\\\/#primaryimage\"},\"image\":{\"@id\":\"https:\\\/\\\/roadeu.com\\\/sklep\\\/de\\\/produkt\\\/schaltanlage-ausgestattet-mit-3x-b10a-7x-b16a-1x-b16a-3p-differential-und-anzeigegeraet\\\/#primaryimage\"},\"thumbnailUrl\":\"https:\\\/\\\/roadeu.com\\\/sklep\\\/wp-content\\\/uploads\\\/2025\\\/07\\\/aae8851a4648b1eac40606c4ba90.jpg\",\"datePublished\":\"2025-07-22T08:33:40+00:00\",\"dateModified\":\"2026-04-03T07:45:16+00:00\",\"breadcrumb\":{\"@id\":\"https:\\\/\\\/roadeu.com\\\/sklep\\\/de\\\/produkt\\\/schaltanlage-ausgestattet-mit-3x-b10a-7x-b16a-1x-b16a-3p-differential-und-anzeigegeraet\\\/#breadcrumb\"},\"inLanguage\":\"de\",\"potentialAction\":[{\"@type\":\"ReadAction\",\"target\":[\"https:\\\/\\\/roadeu.com\\\/sklep\\\/de\\\/produkt\\\/schaltanlage-ausgestattet-mit-3x-b10a-7x-b16a-1x-b16a-3p-differential-und-anzeigegeraet\\\/\"]}]},{\"@type\":\"ImageObject\",\"inLanguage\":\"de\",\"@id\":\"https:\\\/\\\/roadeu.com\\\/sklep\\\/de\\\/produkt\\\/schaltanlage-ausgestattet-mit-3x-b10a-7x-b16a-1x-b16a-3p-differential-und-anzeigegeraet\\\/#primaryimage\",\"url\":\"https:\\\/\\\/roadeu.com\\\/sklep\\\/wp-content\\\/uploads\\\/2025\\\/07\\\/aae8851a4648b1eac40606c4ba90.jpg\",\"contentUrl\":\"https:\\\/\\\/roadeu.com\\\/sklep\\\/wp-content\\\/uploads\\\/2025\\\/07\\\/aae8851a4648b1eac40606c4ba90.jpg\",\"width\":1354,\"height\":876},{\"@type\":\"BreadcrumbList\",\"@id\":\"https:\\\/\\\/roadeu.com\\\/sklep\\\/de\\\/produkt\\\/schaltanlage-ausgestattet-mit-3x-b10a-7x-b16a-1x-b16a-3p-differential-und-anzeigegeraet\\\/#breadcrumb\",\"itemListElement\":[{\"@type\":\"ListItem\",\"position\":1,\"name\":\"Strona g\u0142\u00f3wna\",\"item\":\"https:\\\/\\\/roadeu.com\\\/sklep\\\/de\\\/shop\\\/\"},{\"@type\":\"ListItem\",\"position\":2,\"name\":\"Shop\",\"item\":\"https:\\\/\\\/roadeu.com\\\/sklep\\\/de\\\/shop\\\/\"},{\"@type\":\"ListItem\",\"position\":3,\"name\":\"Schaltanlage ausgestattet mit 3x B10A 7x B16A 1x B16A 3P Differential und Anzeigeger\u00e4t\"}]},{\"@type\":\"WebSite\",\"@id\":\"https:\\\/\\\/roadeu.com\\\/sklep\\\/de\\\/#website\",\"url\":\"https:\\\/\\\/roadeu.com\\\/sklep\\\/de\\\/\",\"name\":\"Road\",\"description\":\"Hurtownia Elektryczna w Dzier\u017coniowie. Producent sprz\u0119tu elektrycznego.\",\"publisher\":{\"@id\":\"https:\\\/\\\/roadeu.com\\\/sklep\\\/de\\\/#organization\"},\"potentialAction\":[{\"@type\":\"SearchAction\",\"target\":{\"@type\":\"EntryPoint\",\"urlTemplate\":\"https:\\\/\\\/roadeu.com\\\/sklep\\\/de\\\/?s={search_term_string}\"},\"query-input\":{\"@type\":\"PropertyValueSpecification\",\"valueRequired\":true,\"valueName\":\"search_term_string\"}}],\"inLanguage\":\"de\"},{\"@type\":\"Organization\",\"@id\":\"https:\\\/\\\/roadeu.com\\\/sklep\\\/de\\\/#organization\",\"name\":\"Road\",\"url\":\"https:\\\/\\\/roadeu.com\\\/sklep\\\/de\\\/\",\"logo\":{\"@type\":\"ImageObject\",\"inLanguage\":\"de\",\"@id\":\"https:\\\/\\\/roadeu.com\\\/sklep\\\/de\\\/#\\\/schema\\\/logo\\\/image\\\/\",\"url\":\"https:\\\/\\\/roadeu.com\\\/sklep\\\/wp-content\\\/uploads\\\/2025\\\/05\\\/logotype-lg-pl.png\",\"contentUrl\":\"https:\\\/\\\/roadeu.com\\\/sklep\\\/wp-content\\\/uploads\\\/2025\\\/05\\\/logotype-lg-pl.png\",\"width\":300,\"height\":70,\"caption\":\"Road\"},\"image\":{\"@id\":\"https:\\\/\\\/roadeu.com\\\/sklep\\\/de\\\/#\\\/schema\\\/logo\\\/image\\\/\"}}]}<\/script>\n<!-- \/ Yoast SEO plugin. -->","yoast_head_json":{"title":"Schaltanlage ausgestattet mit 3x B10A 7x B16A 1x B16A 3P Differential und Anzeigeger\u00e4t - Road","robots":{"index":"index","follow":"follow","max-snippet":"max-snippet:-1","max-image-preview":"max-image-preview:large","max-video-preview":"max-video-preview:-1"},"canonical":"https:\/\/roadeu.com\/sklep\/de\/produkt\/schaltanlage-ausgestattet-mit-3x-b10a-7x-b16a-1x-b16a-3p-differential-und-anzeigegeraet\/","og_locale":"de_DE","og_type":"article","og_title":"Schaltanlage ausgestattet mit 3x B10A 7x B16A 1x B16A 3P Differential und Anzeigeger\u00e4t - Road","og_description":"Schaltanlage ausgestattet mit 3x B10A 7x B16A 1x B16A 3P Differential und Anzeigeger\u00e4t","og_url":"https:\/\/roadeu.com\/sklep\/de\/produkt\/schaltanlage-ausgestattet-mit-3x-b10a-7x-b16a-1x-b16a-3p-differential-und-anzeigegeraet\/","og_site_name":"Road","article_modified_time":"2026-04-03T07:45:16+00:00","og_image":[{"width":1354,"height":876,"url":"https:\/\/roadeu.com\/sklep\/wp-content\/uploads\/2025\/07\/aae8851a4648b1eac40606c4ba90.jpg","type":"image\/jpeg"}],"twitter_card":"summary_large_image","twitter_misc":{"Gesch\u00e4tzte Lesezeit":"1\u00a0Minute"},"schema":{"@context":"https:\/\/schema.org","@graph":[{"@type":"WebPage","@id":"https:\/\/roadeu.com\/sklep\/de\/produkt\/schaltanlage-ausgestattet-mit-3x-b10a-7x-b16a-1x-b16a-3p-differential-und-anzeigegeraet\/","url":"https:\/\/roadeu.com\/sklep\/de\/produkt\/schaltanlage-ausgestattet-mit-3x-b10a-7x-b16a-1x-b16a-3p-differential-und-anzeigegeraet\/","name":"Schaltanlage ausgestattet mit 3x B10A 7x B16A 1x B16A 3P Differential und Anzeigeger\u00e4t - Road","isPartOf":{"@id":"https:\/\/roadeu.com\/sklep\/de\/#website"},"primaryImageOfPage":{"@id":"https:\/\/roadeu.com\/sklep\/de\/produkt\/schaltanlage-ausgestattet-mit-3x-b10a-7x-b16a-1x-b16a-3p-differential-und-anzeigegeraet\/#primaryimage"},"image":{"@id":"https:\/\/roadeu.com\/sklep\/de\/produkt\/schaltanlage-ausgestattet-mit-3x-b10a-7x-b16a-1x-b16a-3p-differential-und-anzeigegeraet\/#primaryimage"},"thumbnailUrl":"https:\/\/roadeu.com\/sklep\/wp-content\/uploads\/2025\/07\/aae8851a4648b1eac40606c4ba90.jpg","datePublished":"2025-07-22T08:33:40+00:00","dateModified":"2026-04-03T07:45:16+00:00","breadcrumb":{"@id":"https:\/\/roadeu.com\/sklep\/de\/produkt\/schaltanlage-ausgestattet-mit-3x-b10a-7x-b16a-1x-b16a-3p-differential-und-anzeigegeraet\/#breadcrumb"},"inLanguage":"de","potentialAction":[{"@type":"ReadAction","target":["https:\/\/roadeu.com\/sklep\/de\/produkt\/schaltanlage-ausgestattet-mit-3x-b10a-7x-b16a-1x-b16a-3p-differential-und-anzeigegeraet\/"]}]},{"@type":"ImageObject","inLanguage":"de","@id":"https:\/\/roadeu.com\/sklep\/de\/produkt\/schaltanlage-ausgestattet-mit-3x-b10a-7x-b16a-1x-b16a-3p-differential-und-anzeigegeraet\/#primaryimage","url":"https:\/\/roadeu.com\/sklep\/wp-content\/uploads\/2025\/07\/aae8851a4648b1eac40606c4ba90.jpg","contentUrl":"https:\/\/roadeu.com\/sklep\/wp-content\/uploads\/2025\/07\/aae8851a4648b1eac40606c4ba90.jpg","width":1354,"height":876},{"@type":"BreadcrumbList","@id":"https:\/\/roadeu.com\/sklep\/de\/produkt\/schaltanlage-ausgestattet-mit-3x-b10a-7x-b16a-1x-b16a-3p-differential-und-anzeigegeraet\/#breadcrumb","itemListElement":[{"@type":"ListItem","position":1,"name":"Strona g\u0142\u00f3wna","item":"https:\/\/roadeu.com\/sklep\/de\/shop\/"},{"@type":"ListItem","position":2,"name":"Shop","item":"https:\/\/roadeu.com\/sklep\/de\/shop\/"},{"@type":"ListItem","position":3,"name":"Schaltanlage ausgestattet mit 3x B10A 7x B16A 1x B16A 3P Differential und Anzeigeger\u00e4t"}]},{"@type":"WebSite","@id":"https:\/\/roadeu.com\/sklep\/de\/#website","url":"https:\/\/roadeu.com\/sklep\/de\/","name":"Road","description":"Hurtownia Elektryczna w Dzier\u017coniowie. Producent sprz\u0119tu elektrycznego.","publisher":{"@id":"https:\/\/roadeu.com\/sklep\/de\/#organization"},"potentialAction":[{"@type":"SearchAction","target":{"@type":"EntryPoint","urlTemplate":"https:\/\/roadeu.com\/sklep\/de\/?s={search_term_string}"},"query-input":{"@type":"PropertyValueSpecification","valueRequired":true,"valueName":"search_term_string"}}],"inLanguage":"de"},{"@type":"Organization","@id":"https:\/\/roadeu.com\/sklep\/de\/#organization","name":"Road","url":"https:\/\/roadeu.com\/sklep\/de\/","logo":{"@type":"ImageObject","inLanguage":"de","@id":"https:\/\/roadeu.com\/sklep\/de\/#\/schema\/logo\/image\/","url":"https:\/\/roadeu.com\/sklep\/wp-content\/uploads\/2025\/05\/logotype-lg-pl.png","contentUrl":"https:\/\/roadeu.com\/sklep\/wp-content\/uploads\/2025\/05\/logotype-lg-pl.png","width":300,"height":70,"caption":"Road"},"image":{"@id":"https:\/\/roadeu.com\/sklep\/de\/#\/schema\/logo\/image\/"}}]}},"_links":{"self":[{"href":"https:\/\/roadeu.com\/sklep\/de\/wp-json\/wp\/v2\/product\/8360","targetHints":{"allow":["GET"]}}],"collection":[{"href":"https:\/\/roadeu.com\/sklep\/de\/wp-json\/wp\/v2\/product"}],"about":[{"href":"https:\/\/roadeu.com\/sklep\/de\/wp-json\/wp\/v2\/types\/product"}],"wp:featuredmedia":[{"embeddable":true,"href":"https:\/\/roadeu.com\/sklep\/de\/wp-json\/wp\/v2\/media\/7990"}],"wp:attachment":[{"href":"https:\/\/roadeu.com\/sklep\/de\/wp-json\/wp\/v2\/media?parent=8360"}],"wp:term":[{"taxonomy":"product_brand","embeddable":true,"href":"https:\/\/roadeu.com\/sklep\/de\/wp-json\/wp\/v2\/product_brand?post=8360"},{"taxonomy":"product_cat","embeddable":true,"href":"https:\/\/roadeu.com\/sklep\/de\/wp-json\/wp\/v2\/product_cat?post=8360"},{"taxonomy":"product_tag","embeddable":true,"href":"https:\/\/roadeu.com\/sklep\/de\/wp-json\/wp\/v2\/product_tag?post=8360"}],"curies":[{"name":"wp","href":"https:\/\/api.w.org\/{rel}","templated":true}]}}