{"id":8356,"date":"2025-07-22T08:54:24","date_gmt":"2025-07-22T06:54:24","guid":{"rendered":"https:\/\/roadeu.com\/sklep\/produkt\/schaltanlage-ausgestattet-mit-10a-1x-c-ueberstromschutzschalter-10a-1p\/"},"modified":"2026-04-03T09:45:17","modified_gmt":"2026-04-03T07:45:17","slug":"schaltanlage-ausgestattet-mit-10a-1x-c-ueberstromschutzschalter-10a-1p","status":"publish","type":"product","link":"https:\/\/roadeu.com\/sklep\/de\/produkt\/schaltanlage-ausgestattet-mit-10a-1x-c-ueberstromschutzschalter-10a-1p\/","title":{"rendered":"Schaltanlage ausgestattet mit 10A 1x C \u00dcberstromschutzschalter 10A 1P"},"content":{"rendered":"<div class=\"app-container\">\n<div class=\"mgn2_14 mp0t_0a mqu1_21 mli8_k4 mgmw_wo msts_pt _0d3bd_K6Qpj\">\n<div class=\"mpof_ki myre_zn myre_8v_l m389_6m_l\">\n<div class=\"mp4t_16_s mryx_16_s mr3m_1 mli2_1 mh85_56 mh85_0_l\">\n<div class=\"mgn2_16 _0d3bd_am0a-\">\n<p><b>Aufputz-Geh\u00e4use IP42<\/b><\/p>\n<p><b>ProduktbeschreibungDas<\/b> <b>IP42-Aufputzgeh\u00e4use<\/b> ist so konzipiert, dass es die<\/p>\n<p>unfallbedingte Kurzschl\u00fcsse und bietet ein hohes Ma\u00df an Stromkreisschutz. Er ist ein Schl\u00fcssel <\/p>\n<p>Teil einer sicheren Stromversorgung f\u00fcr Geb\u00e4ude, die Ger\u00e4te vor Sch\u00e4den durch \u00dcberspannungen und Kurzschl\u00fcsse sch\u00fctzt.<\/p>\n<p>\u00a0<\/p>\n<\/div>\n<\/div>\n<\/div>\n<div class=\"mpof_ki myre_zn myre_8v_l m389_6m_l\">\n<div class=\"mp4t_16_s mryx_16_s mr3m_1 mli2_1 mh85_56 mh85_0_l\">\n<div class=\"mgn2_16 _0d3bd_am0a-\">\n<p><b>Funktionalit\u00e4ten<\/b><\/p>\n<ul>\n<li><b>Anwendung \u2013 <\/b>Ideal f\u00fcr den Einsatz im Haushalt und in der Werkstatt, f\u00fcr einen sicheren und zuverl\u00e4ssigen Betrieb<\/li>\n<\/ul>\n<p>elektrische Anlagen in geschlossenen R\u00e4umen. Mit einer Schutzart <b>von IP42<\/b> sch\u00fctzt das Geh\u00e4use Installationen <\/p>\n<p>gegen Staub und Feuchtigkeit unter gem\u00e4\u00dfigten Bedingungen.<\/p>\n<ul>\n<li><b>Einfache Installation \u2013 <\/b>Das Geh\u00e4use ist sehr einfach zu installieren \u2013 schlie\u00dfen Sie einfach das <b>230V-Netzteil<\/b> und die Verbraucher an.<\/li>\n<\/ul>\n<p>Das Stromsystem ist sofort einsatzbereit.<\/p>\n<p>\u00a0<\/p>\n<\/div>\n<\/div>\n<\/div>\n<div class=\"mpof_ki myre_zn myre_8v_l m389_6m_l\">\n<div class=\"mp4t_16_s mryx_16_s mr3m_1 mli2_1 mh85_56 mh85_0_l\">\n<div class=\"mgn2_16 _0d3bd_am0a-\">\n<p><b>Ausr\u00fcstung<\/b><\/p>\n<ul>\n<li>\u00dcberstrom-Schutzschalter: 1P<\/li>\n<li>1 x C10A<\/li>\n<li>Zertifizierungen: Der Schalter ist vom T\u00dcV zertifiziert, was hohe Qualit\u00e4t und Zuverl\u00e4ssigkeit garantiert.<\/li>\n<\/ul>\n<\/div>\n<\/div>\n<\/div>\n<\/div>\n<\/div>\n","protected":false},"excerpt":{"rendered":"<h1 class=\"mp4t_0 mryx_0 mj7a_4 mvrt_8 mp0t_ji m9qz_yo munh_0 mqu1_1j mgmw_wo mgn2_21 mgn2_25_s\"><span style=\"font-size: 12pt;\">Schaltanlage ausgestattet mit 10A 1x C \u00dcberstromschutzschalter 10A 1P<\/span><\/h1>\n","protected":false},"featured_media":7951,"template":"","meta":[],"product_brand":[377],"product_cat":[374],"product_tag":[],"class_list":{"0":"post-8356","1":"product","2":"type-product","3":"status-publish","4":"has-post-thumbnail","6":"product_brand-roadeu-de","7":"product_cat-schaltanlage-mit-schutz","9":"first","10":"instock","11":"taxable","12":"shipping-taxable","13":"purchasable","14":"product-type-simple"},"yoast_head":"<!-- This site is optimized with the Yoast SEO plugin v27.5 - https:\/\/yoast.com\/product\/yoast-seo-wordpress\/ -->\n<title>Schaltanlage ausgestattet mit 10A 1x C \u00dcberstromschutzschalter 10A 1P - Road<\/title>\n<meta name=\"robots\" content=\"index, follow, max-snippet:-1, max-image-preview:large, max-video-preview:-1\" \/>\n<link rel=\"canonical\" href=\"https:\/\/roadeu.com\/sklep\/de\/produkt\/schaltanlage-ausgestattet-mit-10a-1x-c-ueberstromschutzschalter-10a-1p\/\" \/>\n<meta property=\"og:locale\" content=\"de_DE\" \/>\n<meta property=\"og:type\" content=\"article\" \/>\n<meta property=\"og:title\" content=\"Schaltanlage ausgestattet mit 10A 1x C \u00dcberstromschutzschalter 10A 1P - Road\" \/>\n<meta property=\"og:description\" content=\"Schaltanlage ausgestattet mit 10A 1x C \u00dcberstromschutzschalter 10A 1P\" \/>\n<meta property=\"og:url\" content=\"https:\/\/roadeu.com\/sklep\/de\/produkt\/schaltanlage-ausgestattet-mit-10a-1x-c-ueberstromschutzschalter-10a-1p\/\" \/>\n<meta property=\"og:site_name\" content=\"Road\" \/>\n<meta property=\"article:modified_time\" content=\"2026-04-03T07:45:17+00:00\" \/>\n<meta property=\"og:image\" content=\"https:\/\/roadeu.com\/sklep\/wp-content\/uploads\/2025\/07\/a7076e3b42078ddbcb4f4e489b3e.jpg\" \/>\n\t<meta property=\"og:image:width\" content=\"1244\" \/>\n\t<meta property=\"og:image:height\" content=\"2560\" \/>\n\t<meta property=\"og:image:type\" content=\"image\/jpeg\" \/>\n<meta name=\"twitter:card\" content=\"summary_large_image\" \/>\n<meta name=\"twitter:label1\" content=\"Gesch\u00e4tzte Lesezeit\" \/>\n\t<meta name=\"twitter:data1\" content=\"1\u00a0Minute\" \/>\n<script type=\"application\/ld+json\" class=\"yoast-schema-graph\">{\"@context\":\"https:\\\/\\\/schema.org\",\"@graph\":[{\"@type\":\"WebPage\",\"@id\":\"https:\\\/\\\/roadeu.com\\\/sklep\\\/de\\\/produkt\\\/schaltanlage-ausgestattet-mit-10a-1x-c-ueberstromschutzschalter-10a-1p\\\/\",\"url\":\"https:\\\/\\\/roadeu.com\\\/sklep\\\/de\\\/produkt\\\/schaltanlage-ausgestattet-mit-10a-1x-c-ueberstromschutzschalter-10a-1p\\\/\",\"name\":\"Schaltanlage ausgestattet mit 10A 1x C \u00dcberstromschutzschalter 10A 1P - Road\",\"isPartOf\":{\"@id\":\"https:\\\/\\\/roadeu.com\\\/sklep\\\/de\\\/#website\"},\"primaryImageOfPage\":{\"@id\":\"https:\\\/\\\/roadeu.com\\\/sklep\\\/de\\\/produkt\\\/schaltanlage-ausgestattet-mit-10a-1x-c-ueberstromschutzschalter-10a-1p\\\/#primaryimage\"},\"image\":{\"@id\":\"https:\\\/\\\/roadeu.com\\\/sklep\\\/de\\\/produkt\\\/schaltanlage-ausgestattet-mit-10a-1x-c-ueberstromschutzschalter-10a-1p\\\/#primaryimage\"},\"thumbnailUrl\":\"https:\\\/\\\/roadeu.com\\\/sklep\\\/wp-content\\\/uploads\\\/2025\\\/07\\\/a7076e3b42078ddbcb4f4e489b3e.jpg\",\"datePublished\":\"2025-07-22T06:54:24+00:00\",\"dateModified\":\"2026-04-03T07:45:17+00:00\",\"breadcrumb\":{\"@id\":\"https:\\\/\\\/roadeu.com\\\/sklep\\\/de\\\/produkt\\\/schaltanlage-ausgestattet-mit-10a-1x-c-ueberstromschutzschalter-10a-1p\\\/#breadcrumb\"},\"inLanguage\":\"de\",\"potentialAction\":[{\"@type\":\"ReadAction\",\"target\":[\"https:\\\/\\\/roadeu.com\\\/sklep\\\/de\\\/produkt\\\/schaltanlage-ausgestattet-mit-10a-1x-c-ueberstromschutzschalter-10a-1p\\\/\"]}]},{\"@type\":\"ImageObject\",\"inLanguage\":\"de\",\"@id\":\"https:\\\/\\\/roadeu.com\\\/sklep\\\/de\\\/produkt\\\/schaltanlage-ausgestattet-mit-10a-1x-c-ueberstromschutzschalter-10a-1p\\\/#primaryimage\",\"url\":\"https:\\\/\\\/roadeu.com\\\/sklep\\\/wp-content\\\/uploads\\\/2025\\\/07\\\/a7076e3b42078ddbcb4f4e489b3e.jpg\",\"contentUrl\":\"https:\\\/\\\/roadeu.com\\\/sklep\\\/wp-content\\\/uploads\\\/2025\\\/07\\\/a7076e3b42078ddbcb4f4e489b3e.jpg\",\"width\":1244,\"height\":2560},{\"@type\":\"BreadcrumbList\",\"@id\":\"https:\\\/\\\/roadeu.com\\\/sklep\\\/de\\\/produkt\\\/schaltanlage-ausgestattet-mit-10a-1x-c-ueberstromschutzschalter-10a-1p\\\/#breadcrumb\",\"itemListElement\":[{\"@type\":\"ListItem\",\"position\":1,\"name\":\"Strona g\u0142\u00f3wna\",\"item\":\"https:\\\/\\\/roadeu.com\\\/sklep\\\/de\\\/shop\\\/\"},{\"@type\":\"ListItem\",\"position\":2,\"name\":\"Shop\",\"item\":\"https:\\\/\\\/roadeu.com\\\/sklep\\\/de\\\/shop\\\/\"},{\"@type\":\"ListItem\",\"position\":3,\"name\":\"Schaltanlage ausgestattet mit 10A 1x C \u00dcberstromschutzschalter 10A 1P\"}]},{\"@type\":\"WebSite\",\"@id\":\"https:\\\/\\\/roadeu.com\\\/sklep\\\/de\\\/#website\",\"url\":\"https:\\\/\\\/roadeu.com\\\/sklep\\\/de\\\/\",\"name\":\"Road\",\"description\":\"Hurtownia Elektryczna w Dzier\u017coniowie. Producent sprz\u0119tu elektrycznego.\",\"publisher\":{\"@id\":\"https:\\\/\\\/roadeu.com\\\/sklep\\\/de\\\/#organization\"},\"potentialAction\":[{\"@type\":\"SearchAction\",\"target\":{\"@type\":\"EntryPoint\",\"urlTemplate\":\"https:\\\/\\\/roadeu.com\\\/sklep\\\/de\\\/?s={search_term_string}\"},\"query-input\":{\"@type\":\"PropertyValueSpecification\",\"valueRequired\":true,\"valueName\":\"search_term_string\"}}],\"inLanguage\":\"de\"},{\"@type\":\"Organization\",\"@id\":\"https:\\\/\\\/roadeu.com\\\/sklep\\\/de\\\/#organization\",\"name\":\"Road\",\"url\":\"https:\\\/\\\/roadeu.com\\\/sklep\\\/de\\\/\",\"logo\":{\"@type\":\"ImageObject\",\"inLanguage\":\"de\",\"@id\":\"https:\\\/\\\/roadeu.com\\\/sklep\\\/de\\\/#\\\/schema\\\/logo\\\/image\\\/\",\"url\":\"https:\\\/\\\/roadeu.com\\\/sklep\\\/wp-content\\\/uploads\\\/2025\\\/05\\\/logotype-lg-pl.png\",\"contentUrl\":\"https:\\\/\\\/roadeu.com\\\/sklep\\\/wp-content\\\/uploads\\\/2025\\\/05\\\/logotype-lg-pl.png\",\"width\":300,\"height\":70,\"caption\":\"Road\"},\"image\":{\"@id\":\"https:\\\/\\\/roadeu.com\\\/sklep\\\/de\\\/#\\\/schema\\\/logo\\\/image\\\/\"}}]}<\/script>\n<!-- \/ Yoast SEO plugin. -->","yoast_head_json":{"title":"Schaltanlage ausgestattet mit 10A 1x C \u00dcberstromschutzschalter 10A 1P - Road","robots":{"index":"index","follow":"follow","max-snippet":"max-snippet:-1","max-image-preview":"max-image-preview:large","max-video-preview":"max-video-preview:-1"},"canonical":"https:\/\/roadeu.com\/sklep\/de\/produkt\/schaltanlage-ausgestattet-mit-10a-1x-c-ueberstromschutzschalter-10a-1p\/","og_locale":"de_DE","og_type":"article","og_title":"Schaltanlage ausgestattet mit 10A 1x C \u00dcberstromschutzschalter 10A 1P - Road","og_description":"Schaltanlage ausgestattet mit 10A 1x C \u00dcberstromschutzschalter 10A 1P","og_url":"https:\/\/roadeu.com\/sklep\/de\/produkt\/schaltanlage-ausgestattet-mit-10a-1x-c-ueberstromschutzschalter-10a-1p\/","og_site_name":"Road","article_modified_time":"2026-04-03T07:45:17+00:00","og_image":[{"width":1244,"height":2560,"url":"https:\/\/roadeu.com\/sklep\/wp-content\/uploads\/2025\/07\/a7076e3b42078ddbcb4f4e489b3e.jpg","type":"image\/jpeg"}],"twitter_card":"summary_large_image","twitter_misc":{"Gesch\u00e4tzte Lesezeit":"1\u00a0Minute"},"schema":{"@context":"https:\/\/schema.org","@graph":[{"@type":"WebPage","@id":"https:\/\/roadeu.com\/sklep\/de\/produkt\/schaltanlage-ausgestattet-mit-10a-1x-c-ueberstromschutzschalter-10a-1p\/","url":"https:\/\/roadeu.com\/sklep\/de\/produkt\/schaltanlage-ausgestattet-mit-10a-1x-c-ueberstromschutzschalter-10a-1p\/","name":"Schaltanlage ausgestattet mit 10A 1x C \u00dcberstromschutzschalter 10A 1P - Road","isPartOf":{"@id":"https:\/\/roadeu.com\/sklep\/de\/#website"},"primaryImageOfPage":{"@id":"https:\/\/roadeu.com\/sklep\/de\/produkt\/schaltanlage-ausgestattet-mit-10a-1x-c-ueberstromschutzschalter-10a-1p\/#primaryimage"},"image":{"@id":"https:\/\/roadeu.com\/sklep\/de\/produkt\/schaltanlage-ausgestattet-mit-10a-1x-c-ueberstromschutzschalter-10a-1p\/#primaryimage"},"thumbnailUrl":"https:\/\/roadeu.com\/sklep\/wp-content\/uploads\/2025\/07\/a7076e3b42078ddbcb4f4e489b3e.jpg","datePublished":"2025-07-22T06:54:24+00:00","dateModified":"2026-04-03T07:45:17+00:00","breadcrumb":{"@id":"https:\/\/roadeu.com\/sklep\/de\/produkt\/schaltanlage-ausgestattet-mit-10a-1x-c-ueberstromschutzschalter-10a-1p\/#breadcrumb"},"inLanguage":"de","potentialAction":[{"@type":"ReadAction","target":["https:\/\/roadeu.com\/sklep\/de\/produkt\/schaltanlage-ausgestattet-mit-10a-1x-c-ueberstromschutzschalter-10a-1p\/"]}]},{"@type":"ImageObject","inLanguage":"de","@id":"https:\/\/roadeu.com\/sklep\/de\/produkt\/schaltanlage-ausgestattet-mit-10a-1x-c-ueberstromschutzschalter-10a-1p\/#primaryimage","url":"https:\/\/roadeu.com\/sklep\/wp-content\/uploads\/2025\/07\/a7076e3b42078ddbcb4f4e489b3e.jpg","contentUrl":"https:\/\/roadeu.com\/sklep\/wp-content\/uploads\/2025\/07\/a7076e3b42078ddbcb4f4e489b3e.jpg","width":1244,"height":2560},{"@type":"BreadcrumbList","@id":"https:\/\/roadeu.com\/sklep\/de\/produkt\/schaltanlage-ausgestattet-mit-10a-1x-c-ueberstromschutzschalter-10a-1p\/#breadcrumb","itemListElement":[{"@type":"ListItem","position":1,"name":"Strona g\u0142\u00f3wna","item":"https:\/\/roadeu.com\/sklep\/de\/shop\/"},{"@type":"ListItem","position":2,"name":"Shop","item":"https:\/\/roadeu.com\/sklep\/de\/shop\/"},{"@type":"ListItem","position":3,"name":"Schaltanlage ausgestattet mit 10A 1x C \u00dcberstromschutzschalter 10A 1P"}]},{"@type":"WebSite","@id":"https:\/\/roadeu.com\/sklep\/de\/#website","url":"https:\/\/roadeu.com\/sklep\/de\/","name":"Road","description":"Hurtownia Elektryczna w Dzier\u017coniowie. Producent sprz\u0119tu elektrycznego.","publisher":{"@id":"https:\/\/roadeu.com\/sklep\/de\/#organization"},"potentialAction":[{"@type":"SearchAction","target":{"@type":"EntryPoint","urlTemplate":"https:\/\/roadeu.com\/sklep\/de\/?s={search_term_string}"},"query-input":{"@type":"PropertyValueSpecification","valueRequired":true,"valueName":"search_term_string"}}],"inLanguage":"de"},{"@type":"Organization","@id":"https:\/\/roadeu.com\/sklep\/de\/#organization","name":"Road","url":"https:\/\/roadeu.com\/sklep\/de\/","logo":{"@type":"ImageObject","inLanguage":"de","@id":"https:\/\/roadeu.com\/sklep\/de\/#\/schema\/logo\/image\/","url":"https:\/\/roadeu.com\/sklep\/wp-content\/uploads\/2025\/05\/logotype-lg-pl.png","contentUrl":"https:\/\/roadeu.com\/sklep\/wp-content\/uploads\/2025\/05\/logotype-lg-pl.png","width":300,"height":70,"caption":"Road"},"image":{"@id":"https:\/\/roadeu.com\/sklep\/de\/#\/schema\/logo\/image\/"}}]}},"_links":{"self":[{"href":"https:\/\/roadeu.com\/sklep\/de\/wp-json\/wp\/v2\/product\/8356","targetHints":{"allow":["GET"]}}],"collection":[{"href":"https:\/\/roadeu.com\/sklep\/de\/wp-json\/wp\/v2\/product"}],"about":[{"href":"https:\/\/roadeu.com\/sklep\/de\/wp-json\/wp\/v2\/types\/product"}],"wp:featuredmedia":[{"embeddable":true,"href":"https:\/\/roadeu.com\/sklep\/de\/wp-json\/wp\/v2\/media\/7951"}],"wp:attachment":[{"href":"https:\/\/roadeu.com\/sklep\/de\/wp-json\/wp\/v2\/media?parent=8356"}],"wp:term":[{"taxonomy":"product_brand","embeddable":true,"href":"https:\/\/roadeu.com\/sklep\/de\/wp-json\/wp\/v2\/product_brand?post=8356"},{"taxonomy":"product_cat","embeddable":true,"href":"https:\/\/roadeu.com\/sklep\/de\/wp-json\/wp\/v2\/product_cat?post=8356"},{"taxonomy":"product_tag","embeddable":true,"href":"https:\/\/roadeu.com\/sklep\/de\/wp-json\/wp\/v2\/product_tag?post=8356"}],"curies":[{"name":"wp","href":"https:\/\/api.w.org\/{rel}","templated":true}]}}