{"id":8342,"date":"2025-07-21T14:50:22","date_gmt":"2025-07-21T12:50:22","guid":{"rendered":"https:\/\/roadeu.com\/sklep\/produkt\/elektrische-schaltgeraete-mit-c-2p-ln-schutz-indikator\/"},"modified":"2026-04-03T09:45:19","modified_gmt":"2026-04-03T07:45:19","slug":"elektrische-schaltgeraete-mit-c-2p-ln-schutz-indikator","status":"publish","type":"product","link":"https:\/\/roadeu.com\/sklep\/de\/produkt\/elektrische-schaltgeraete-mit-c-2p-ln-schutz-indikator\/","title":{"rendered":"Elektrische Schaltger\u00e4te mit C 2P L+N Schutz Indikator"},"content":{"rendered":"<div class=\"mpof_ki myre_zn myre_8v_l m389_6m_l\">\n<div class=\"mp4t_16_s mryx_16_s mr3m_1 mli2_1 mh85_56 mh85_0_l\">\n<div class=\"mgn2_16 _0d3bd_am0a-\">\n<p><b>Aufputz-Schaltanlage<\/b><\/p>\n<p>Die Aufputz-Schaltanlage ist eine innovative L\u00f6sung, die Sicherheit und Komfort bietet<\/p>\n<p>f\u00fcr den Einsatz in verschiedenen Anwendungen, sowohl in Wohnungen als auch in Werkst\u00e4tten.<\/p>\n<p>\u00a0<\/p>\n<\/div>\n<\/div>\n<\/div>\n<div class=\"mpof_ki myre_zn myre_8v_l m389_6m_l\">\n<div class=\"mp4t_16_s mryx_16_s mr3m_1 mli2_1 mh85_56 mh85_0_l\">\n<div class=\"mgn2_16 _0d3bd_am0a-\">\n<p><b>Vorteile und Anwendungen<\/b><\/p>\n<ul>\n<li><b>Gew\u00e4hrleistung der Sicherheit <\/b>Die Schaltanlage wurde speziell entwickelt, um zu verhindern, dass<\/li>\n<\/ul>\n<p>versehentliche Lecks und Kurzschl\u00fcsse und sch\u00fctzt die Elektronik vor Sch\u00e4den. Es ist vorverkabelt und <\/p>\n<p>anschlussfertig, so dass er einfach zu installieren ist. Dar\u00fcber hinaus ist er mit N+PE-Anschl\u00fcssen ausgestattet. <\/p>\n<p>\u00a0<\/p>\n<\/div>\n<\/div>\n<\/div>\n<div class=\"mpof_ki myre_zn myre_8v_l m389_6m_l\">\n<div class=\"mp4t_16_s mryx_16_s mr3m_1 mli2_1 mh85_56 mh85_0_l\">\n<div class=\"mgn2_16 _0d3bd_am0a-\">\n<p><b>Praktisch und einfach zu installieren<\/b><\/p>\n<ul>\n<li><b>Einfache Installation <\/b>Der Verteilerkasten ist sehr einfach zu installieren und daher ideal f\u00fcr den Einsatz<\/li>\n<\/ul>\n<p>Zuhause und in der Werkstatt. Die Schutzklasse IP42 bietet effektiven Schutz gegen Fremdk\u00f6rper und macht ihn zu einem hervorragenden <\/p>\n<p>Wahl f\u00fcr die Verwendung in Innenr\u00e4umen.<\/p>\n<p>\u00a0<\/p>\n<\/div>\n<\/div>\n<\/div>\n<div class=\"mpof_ki myre_zn myre_8v_l m389_6m_l\">\n<div class=\"mp4t_16_s mryx_16_s mr3m_1 mli2_1 mh85_56 mh85_0_l\">\n<div class=\"mgn2_16 _0d3bd_am0a-\">\n<p><b>Funktionsweise<\/b><\/p>\n<ul>\n<li><b>Spannungsanzeige <\/b>Die integrierte Spannungsanzeige misst und zeigt die Werte der einphasigen Wechselspannung im<\/li>\n<\/ul>\n<p>Bereich von 80 bis 500 V AC. Es dient als Spannungssignal in Schaltkreisen, erh\u00f6ht die Sicherheit des Ger\u00e4tebetriebs und erm\u00f6glicht <\/p>\n<p>fr\u00fchzeitige Erkennung von potenziellen Problemen.<\/p>\n<p>\u00a0<\/p>\n<\/div>\n<\/div>\n<\/div>\n<div class=\"mpof_ki myre_zn myre_8v_l m389_6m_l\">\n<div class=\"mp4t_16_s mryx_16_s mr3m_1 mli2_1 mh85_56 mh85_0_l\">\n<div class=\"mgn2_16 _0d3bd_am0a-\">\n<p>Technische Daten:<\/p>\n<p>Fehlerstrom-Schutzschalter: 40 A, 30 mA, 2P Typ A\/AC<\/p>\n<p>\u00dcberstrom-Schutzschalter: 2P <b>(L1+N)<\/b><\/p>\n<ul>\n<li>2 x C16A<\/li>\n<li>1 x C10A<\/li>\n<\/ul>\n<p>Zertifizierungen: Alle Schutzschalter sind vom Hersteller VDE-zertifiziert, was ihre hohe Qualit\u00e4t und Zuverl\u00e4ssigkeit garantiert.<\/p>\n<\/div>\n<\/div>\n<\/div>\n","protected":false},"excerpt":{"rendered":"<h1 class=\"mp4t_0 mryx_0 mj7a_4 mvrt_8 mp0t_ji m9qz_yo munh_0 mqu1_1j mgmw_wo mgn2_21 mgn2_25_s\"><span style=\"font-size: 12pt;\">Elektrische Schaltger\u00e4te mit C 2P L+N Schutz Indikator<\/span><\/h1>\n","protected":false},"featured_media":7870,"template":"","meta":[],"product_brand":[377],"product_cat":[374],"product_tag":[],"class_list":{"0":"post-8342","1":"product","2":"type-product","3":"status-publish","4":"has-post-thumbnail","6":"product_brand-roadeu-de","7":"product_cat-schaltanlage-mit-schutz","9":"first","10":"instock","11":"taxable","12":"shipping-taxable","13":"purchasable","14":"product-type-simple"},"yoast_head":"<!-- This site is optimized with the Yoast SEO plugin v27.5 - https:\/\/yoast.com\/product\/yoast-seo-wordpress\/ -->\n<title>Elektrische Schaltger\u00e4te mit C 2P L+N Schutz Indikator - Road<\/title>\n<meta name=\"robots\" content=\"index, follow, max-snippet:-1, max-image-preview:large, max-video-preview:-1\" \/>\n<link rel=\"canonical\" href=\"https:\/\/roadeu.com\/sklep\/de\/produkt\/elektrische-schaltgeraete-mit-c-2p-ln-schutz-indikator\/\" \/>\n<meta property=\"og:locale\" content=\"de_DE\" \/>\n<meta property=\"og:type\" content=\"article\" \/>\n<meta property=\"og:title\" content=\"Elektrische Schaltger\u00e4te mit C 2P L+N Schutz Indikator - Road\" \/>\n<meta property=\"og:description\" content=\"Elektrische Schaltger\u00e4te mit C 2P L+N Schutz Indikator\" \/>\n<meta property=\"og:url\" content=\"https:\/\/roadeu.com\/sklep\/de\/produkt\/elektrische-schaltgeraete-mit-c-2p-ln-schutz-indikator\/\" \/>\n<meta property=\"og:site_name\" content=\"Road\" \/>\n<meta property=\"article:modified_time\" content=\"2026-04-03T07:45:19+00:00\" \/>\n<meta property=\"og:image\" content=\"https:\/\/roadeu.com\/sklep\/wp-content\/uploads\/2025\/07\/491c0f804b4faf145f3ddf1e0ce1.jpg\" \/>\n\t<meta property=\"og:image:width\" content=\"757\" \/>\n\t<meta property=\"og:image:height\" content=\"963\" \/>\n\t<meta property=\"og:image:type\" content=\"image\/jpeg\" \/>\n<meta name=\"twitter:card\" content=\"summary_large_image\" \/>\n<meta name=\"twitter:label1\" content=\"Gesch\u00e4tzte Lesezeit\" \/>\n\t<meta name=\"twitter:data1\" content=\"1\u00a0Minute\" \/>\n<script type=\"application\/ld+json\" class=\"yoast-schema-graph\">{\"@context\":\"https:\\\/\\\/schema.org\",\"@graph\":[{\"@type\":\"WebPage\",\"@id\":\"https:\\\/\\\/roadeu.com\\\/sklep\\\/de\\\/produkt\\\/elektrische-schaltgeraete-mit-c-2p-ln-schutz-indikator\\\/\",\"url\":\"https:\\\/\\\/roadeu.com\\\/sklep\\\/de\\\/produkt\\\/elektrische-schaltgeraete-mit-c-2p-ln-schutz-indikator\\\/\",\"name\":\"Elektrische Schaltger\u00e4te mit C 2P L+N Schutz Indikator - Road\",\"isPartOf\":{\"@id\":\"https:\\\/\\\/roadeu.com\\\/sklep\\\/de\\\/#website\"},\"primaryImageOfPage\":{\"@id\":\"https:\\\/\\\/roadeu.com\\\/sklep\\\/de\\\/produkt\\\/elektrische-schaltgeraete-mit-c-2p-ln-schutz-indikator\\\/#primaryimage\"},\"image\":{\"@id\":\"https:\\\/\\\/roadeu.com\\\/sklep\\\/de\\\/produkt\\\/elektrische-schaltgeraete-mit-c-2p-ln-schutz-indikator\\\/#primaryimage\"},\"thumbnailUrl\":\"https:\\\/\\\/roadeu.com\\\/sklep\\\/wp-content\\\/uploads\\\/2025\\\/07\\\/491c0f804b4faf145f3ddf1e0ce1.jpg\",\"datePublished\":\"2025-07-21T12:50:22+00:00\",\"dateModified\":\"2026-04-03T07:45:19+00:00\",\"breadcrumb\":{\"@id\":\"https:\\\/\\\/roadeu.com\\\/sklep\\\/de\\\/produkt\\\/elektrische-schaltgeraete-mit-c-2p-ln-schutz-indikator\\\/#breadcrumb\"},\"inLanguage\":\"de\",\"potentialAction\":[{\"@type\":\"ReadAction\",\"target\":[\"https:\\\/\\\/roadeu.com\\\/sklep\\\/de\\\/produkt\\\/elektrische-schaltgeraete-mit-c-2p-ln-schutz-indikator\\\/\"]}]},{\"@type\":\"ImageObject\",\"inLanguage\":\"de\",\"@id\":\"https:\\\/\\\/roadeu.com\\\/sklep\\\/de\\\/produkt\\\/elektrische-schaltgeraete-mit-c-2p-ln-schutz-indikator\\\/#primaryimage\",\"url\":\"https:\\\/\\\/roadeu.com\\\/sklep\\\/wp-content\\\/uploads\\\/2025\\\/07\\\/491c0f804b4faf145f3ddf1e0ce1.jpg\",\"contentUrl\":\"https:\\\/\\\/roadeu.com\\\/sklep\\\/wp-content\\\/uploads\\\/2025\\\/07\\\/491c0f804b4faf145f3ddf1e0ce1.jpg\",\"width\":757,\"height\":963},{\"@type\":\"BreadcrumbList\",\"@id\":\"https:\\\/\\\/roadeu.com\\\/sklep\\\/de\\\/produkt\\\/elektrische-schaltgeraete-mit-c-2p-ln-schutz-indikator\\\/#breadcrumb\",\"itemListElement\":[{\"@type\":\"ListItem\",\"position\":1,\"name\":\"Strona g\u0142\u00f3wna\",\"item\":\"https:\\\/\\\/roadeu.com\\\/sklep\\\/de\\\/shop\\\/\"},{\"@type\":\"ListItem\",\"position\":2,\"name\":\"Shop\",\"item\":\"https:\\\/\\\/roadeu.com\\\/sklep\\\/de\\\/shop\\\/\"},{\"@type\":\"ListItem\",\"position\":3,\"name\":\"Elektrische Schaltger\u00e4te mit C 2P L+N Schutz Indikator\"}]},{\"@type\":\"WebSite\",\"@id\":\"https:\\\/\\\/roadeu.com\\\/sklep\\\/de\\\/#website\",\"url\":\"https:\\\/\\\/roadeu.com\\\/sklep\\\/de\\\/\",\"name\":\"Road\",\"description\":\"Hurtownia Elektryczna w Dzier\u017coniowie. Producent sprz\u0119tu elektrycznego.\",\"publisher\":{\"@id\":\"https:\\\/\\\/roadeu.com\\\/sklep\\\/de\\\/#organization\"},\"potentialAction\":[{\"@type\":\"SearchAction\",\"target\":{\"@type\":\"EntryPoint\",\"urlTemplate\":\"https:\\\/\\\/roadeu.com\\\/sklep\\\/de\\\/?s={search_term_string}\"},\"query-input\":{\"@type\":\"PropertyValueSpecification\",\"valueRequired\":true,\"valueName\":\"search_term_string\"}}],\"inLanguage\":\"de\"},{\"@type\":\"Organization\",\"@id\":\"https:\\\/\\\/roadeu.com\\\/sklep\\\/de\\\/#organization\",\"name\":\"Road\",\"url\":\"https:\\\/\\\/roadeu.com\\\/sklep\\\/de\\\/\",\"logo\":{\"@type\":\"ImageObject\",\"inLanguage\":\"de\",\"@id\":\"https:\\\/\\\/roadeu.com\\\/sklep\\\/de\\\/#\\\/schema\\\/logo\\\/image\\\/\",\"url\":\"https:\\\/\\\/roadeu.com\\\/sklep\\\/wp-content\\\/uploads\\\/2025\\\/05\\\/logotype-lg-pl.png\",\"contentUrl\":\"https:\\\/\\\/roadeu.com\\\/sklep\\\/wp-content\\\/uploads\\\/2025\\\/05\\\/logotype-lg-pl.png\",\"width\":300,\"height\":70,\"caption\":\"Road\"},\"image\":{\"@id\":\"https:\\\/\\\/roadeu.com\\\/sklep\\\/de\\\/#\\\/schema\\\/logo\\\/image\\\/\"}}]}<\/script>\n<!-- \/ Yoast SEO plugin. -->","yoast_head_json":{"title":"Elektrische Schaltger\u00e4te mit C 2P L+N Schutz Indikator - Road","robots":{"index":"index","follow":"follow","max-snippet":"max-snippet:-1","max-image-preview":"max-image-preview:large","max-video-preview":"max-video-preview:-1"},"canonical":"https:\/\/roadeu.com\/sklep\/de\/produkt\/elektrische-schaltgeraete-mit-c-2p-ln-schutz-indikator\/","og_locale":"de_DE","og_type":"article","og_title":"Elektrische Schaltger\u00e4te mit C 2P L+N Schutz Indikator - Road","og_description":"Elektrische Schaltger\u00e4te mit C 2P L+N Schutz Indikator","og_url":"https:\/\/roadeu.com\/sklep\/de\/produkt\/elektrische-schaltgeraete-mit-c-2p-ln-schutz-indikator\/","og_site_name":"Road","article_modified_time":"2026-04-03T07:45:19+00:00","og_image":[{"width":757,"height":963,"url":"https:\/\/roadeu.com\/sklep\/wp-content\/uploads\/2025\/07\/491c0f804b4faf145f3ddf1e0ce1.jpg","type":"image\/jpeg"}],"twitter_card":"summary_large_image","twitter_misc":{"Gesch\u00e4tzte Lesezeit":"1\u00a0Minute"},"schema":{"@context":"https:\/\/schema.org","@graph":[{"@type":"WebPage","@id":"https:\/\/roadeu.com\/sklep\/de\/produkt\/elektrische-schaltgeraete-mit-c-2p-ln-schutz-indikator\/","url":"https:\/\/roadeu.com\/sklep\/de\/produkt\/elektrische-schaltgeraete-mit-c-2p-ln-schutz-indikator\/","name":"Elektrische Schaltger\u00e4te mit C 2P L+N Schutz Indikator - Road","isPartOf":{"@id":"https:\/\/roadeu.com\/sklep\/de\/#website"},"primaryImageOfPage":{"@id":"https:\/\/roadeu.com\/sklep\/de\/produkt\/elektrische-schaltgeraete-mit-c-2p-ln-schutz-indikator\/#primaryimage"},"image":{"@id":"https:\/\/roadeu.com\/sklep\/de\/produkt\/elektrische-schaltgeraete-mit-c-2p-ln-schutz-indikator\/#primaryimage"},"thumbnailUrl":"https:\/\/roadeu.com\/sklep\/wp-content\/uploads\/2025\/07\/491c0f804b4faf145f3ddf1e0ce1.jpg","datePublished":"2025-07-21T12:50:22+00:00","dateModified":"2026-04-03T07:45:19+00:00","breadcrumb":{"@id":"https:\/\/roadeu.com\/sklep\/de\/produkt\/elektrische-schaltgeraete-mit-c-2p-ln-schutz-indikator\/#breadcrumb"},"inLanguage":"de","potentialAction":[{"@type":"ReadAction","target":["https:\/\/roadeu.com\/sklep\/de\/produkt\/elektrische-schaltgeraete-mit-c-2p-ln-schutz-indikator\/"]}]},{"@type":"ImageObject","inLanguage":"de","@id":"https:\/\/roadeu.com\/sklep\/de\/produkt\/elektrische-schaltgeraete-mit-c-2p-ln-schutz-indikator\/#primaryimage","url":"https:\/\/roadeu.com\/sklep\/wp-content\/uploads\/2025\/07\/491c0f804b4faf145f3ddf1e0ce1.jpg","contentUrl":"https:\/\/roadeu.com\/sklep\/wp-content\/uploads\/2025\/07\/491c0f804b4faf145f3ddf1e0ce1.jpg","width":757,"height":963},{"@type":"BreadcrumbList","@id":"https:\/\/roadeu.com\/sklep\/de\/produkt\/elektrische-schaltgeraete-mit-c-2p-ln-schutz-indikator\/#breadcrumb","itemListElement":[{"@type":"ListItem","position":1,"name":"Strona g\u0142\u00f3wna","item":"https:\/\/roadeu.com\/sklep\/de\/shop\/"},{"@type":"ListItem","position":2,"name":"Shop","item":"https:\/\/roadeu.com\/sklep\/de\/shop\/"},{"@type":"ListItem","position":3,"name":"Elektrische Schaltger\u00e4te mit C 2P L+N Schutz Indikator"}]},{"@type":"WebSite","@id":"https:\/\/roadeu.com\/sklep\/de\/#website","url":"https:\/\/roadeu.com\/sklep\/de\/","name":"Road","description":"Hurtownia Elektryczna w Dzier\u017coniowie. Producent sprz\u0119tu elektrycznego.","publisher":{"@id":"https:\/\/roadeu.com\/sklep\/de\/#organization"},"potentialAction":[{"@type":"SearchAction","target":{"@type":"EntryPoint","urlTemplate":"https:\/\/roadeu.com\/sklep\/de\/?s={search_term_string}"},"query-input":{"@type":"PropertyValueSpecification","valueRequired":true,"valueName":"search_term_string"}}],"inLanguage":"de"},{"@type":"Organization","@id":"https:\/\/roadeu.com\/sklep\/de\/#organization","name":"Road","url":"https:\/\/roadeu.com\/sklep\/de\/","logo":{"@type":"ImageObject","inLanguage":"de","@id":"https:\/\/roadeu.com\/sklep\/de\/#\/schema\/logo\/image\/","url":"https:\/\/roadeu.com\/sklep\/wp-content\/uploads\/2025\/05\/logotype-lg-pl.png","contentUrl":"https:\/\/roadeu.com\/sklep\/wp-content\/uploads\/2025\/05\/logotype-lg-pl.png","width":300,"height":70,"caption":"Road"},"image":{"@id":"https:\/\/roadeu.com\/sklep\/de\/#\/schema\/logo\/image\/"}}]}},"_links":{"self":[{"href":"https:\/\/roadeu.com\/sklep\/de\/wp-json\/wp\/v2\/product\/8342","targetHints":{"allow":["GET"]}}],"collection":[{"href":"https:\/\/roadeu.com\/sklep\/de\/wp-json\/wp\/v2\/product"}],"about":[{"href":"https:\/\/roadeu.com\/sklep\/de\/wp-json\/wp\/v2\/types\/product"}],"wp:featuredmedia":[{"embeddable":true,"href":"https:\/\/roadeu.com\/sklep\/de\/wp-json\/wp\/v2\/media\/7870"}],"wp:attachment":[{"href":"https:\/\/roadeu.com\/sklep\/de\/wp-json\/wp\/v2\/media?parent=8342"}],"wp:term":[{"taxonomy":"product_brand","embeddable":true,"href":"https:\/\/roadeu.com\/sklep\/de\/wp-json\/wp\/v2\/product_brand?post=8342"},{"taxonomy":"product_cat","embeddable":true,"href":"https:\/\/roadeu.com\/sklep\/de\/wp-json\/wp\/v2\/product_cat?post=8342"},{"taxonomy":"product_tag","embeddable":true,"href":"https:\/\/roadeu.com\/sklep\/de\/wp-json\/wp\/v2\/product_tag?post=8342"}],"curies":[{"name":"wp","href":"https:\/\/api.w.org\/{rel}","templated":true}]}}