{"id":8331,"date":"2025-07-21T13:35:01","date_gmt":"2025-07-21T11:35:01","guid":{"rendered":"https:\/\/roadeu.com\/sklep\/produkt\/elektrische-schalttafel-mit-schutzart-c-led-anzeige-6m\/"},"modified":"2026-04-03T09:45:22","modified_gmt":"2026-04-03T07:45:22","slug":"elektrische-schalttafel-mit-schutzart-c-led-anzeige-6m","status":"publish","type":"product","link":"https:\/\/roadeu.com\/sklep\/de\/produkt\/elektrische-schalttafel-mit-schutzart-c-led-anzeige-6m\/","title":{"rendered":"Elektrische Schalttafel mit Schutzart &#8222;C&#8220; LED-Anzeige 6M"},"content":{"rendered":"<div class=\"mpof_ki myre_zn myre_8v_l m389_6m_l\">\n<div class=\"mp4t_16_s mryx_16_s mr3m_1 mli2_1 mh85_56 mh85_0_l\">\n<div class=\"mgn2_16 _0d3bd_am0a-\">\n<p><b>Aufputz-Schalttafel IP42<\/b><\/p>\n<p><b>ProduktbeschreibungDie<\/b>Aufputz-Schalttafel <b>IP42<\/b> wurde entwickelt, um<\/p>\n<p>versehentliche Leckagen und Kurzschl\u00fcsse zu verhindern und die Elektronik effektiv vor Sch\u00e4den zu sch\u00fctzen.<\/p>\n<p>Sie ist vorverkabelt und anschlussfertig, und der Wandverteiler ist mit <b>N+PE-Klemmen<\/b> ausgestattet,<\/p>\n<p>f\u00fcr eine einfache und sichere Installation.<\/p>\n<p>&nbsp;<\/p>\n<\/div>\n<\/div>\n<\/div>\n<div class=\"mpof_ki myre_zn myre_8v_l m389_6m_l\">\n<div class=\"mp4t_16_s mryx_16_s mr3m_1 mli2_1 mh85_56 mh85_0_l\">\n<div class=\"mgn2_16 _0d3bd_am0a-\">\n<p><b>Funktionalit\u00e4ten<\/b><\/p>\n<ul>\n<li><b>Spannungsanzeige &#8211; <\/b>Ausgestattet mit einer Spannungsanzeige, die die Wechselspannung \u00fcber einen Bereich von<\/li>\n<\/ul>\n<p> <b> 80-500 V AC<\/b>. Dient als Signalspannungsanzeiger in Schaltkreisen und erh\u00f6ht die Sicherheit erheblich <\/p>\n<p>Betrieb des Ger\u00e4ts und erm\u00f6glicht die fr\u00fchzeitige Erkennung von potenziellen Problemen.<\/p>\n<p>&nbsp;<\/p>\n<\/div>\n<\/div>\n<\/div>\n<div class=\"mpof_ki myre_zn myre_8v_l m389_6m_l\">\n<div class=\"mp4t_16_s mryx_16_s mr3m_1 mli2_1 mh85_56 mh85_0_l\">\n<div class=\"mgn2_16 _0d3bd_am0a-\">\n<p><b>Ausr\u00fcstung<\/b><\/p>\n<ul>\n<li>1 x <b>40A 2P A\/AC 30mA<\/b> (Fehlerstrom-Schutzschalter)<\/li>\n<li>2 x <b>LS C16A 1P<\/b> (\u00dcberstrom-Schutzschalter)<\/li>\n<li>1 x <b>LS C10A 1P<\/b> (\u00dcberstromschutzschalter)<\/li>\n<\/ul>\n<p>Alle Sicherungen sind von den renommierten <b>T\u00dcV-Pr\u00fcflabors<\/b> zertifiziert und garantieren<\/p>\n<p>Einhaltung der strengen Sicherheitsstandards<\/p>\n<\/div>\n<\/div>\n<\/div>\n","protected":false},"excerpt":{"rendered":"<h1 class=\"mp4t_0 mryx_0 mj7a_4 mvrt_8 mp0t_ji m9qz_yo munh_0 mqu1_1j mgmw_wo mgn2_21 mgn2_25_s\"><span style=\"font-size: 12pt;\">Elektrische Schalttafel mit Schutzart &#8222;C&#8220; LED-Anzeige 6M<\/span><\/h1>\n","protected":false},"featured_media":7780,"template":"","meta":[],"product_brand":[377],"product_cat":[374],"product_tag":[],"class_list":{"0":"post-8331","1":"product","2":"type-product","3":"status-publish","4":"has-post-thumbnail","6":"product_brand-roadeu-de","7":"product_cat-schaltanlage-mit-schutz","9":"first","10":"instock","11":"taxable","12":"shipping-taxable","13":"purchasable","14":"product-type-simple"},"yoast_head":"<!-- This site is optimized with the Yoast SEO plugin v27.3 - https:\/\/yoast.com\/product\/yoast-seo-wordpress\/ -->\n<title>Elektrische Schalttafel mit Schutzart &quot;C&quot; LED-Anzeige 6M - Road<\/title>\n<meta name=\"robots\" content=\"index, follow, max-snippet:-1, max-image-preview:large, max-video-preview:-1\" \/>\n<link rel=\"canonical\" href=\"https:\/\/roadeu.com\/sklep\/de\/produkt\/elektrische-schalttafel-mit-schutzart-c-led-anzeige-6m\/\" \/>\n<meta property=\"og:locale\" content=\"de_DE\" \/>\n<meta property=\"og:type\" content=\"article\" \/>\n<meta property=\"og:title\" content=\"Elektrische Schalttafel mit Schutzart &quot;C&quot; LED-Anzeige 6M - Road\" \/>\n<meta property=\"og:description\" content=\"Elektrische Schalttafel mit Schutzart &quot;C&quot; LED-Anzeige 6M\" \/>\n<meta property=\"og:url\" content=\"https:\/\/roadeu.com\/sklep\/de\/produkt\/elektrische-schalttafel-mit-schutzart-c-led-anzeige-6m\/\" \/>\n<meta property=\"og:site_name\" content=\"Road\" \/>\n<meta property=\"article:modified_time\" content=\"2026-04-03T07:45:22+00:00\" \/>\n<meta property=\"og:image\" content=\"https:\/\/roadeu.com\/sklep\/wp-content\/uploads\/2025\/07\/92d8f7e34e5580bc3455004b8b62.jpg\" \/>\n\t<meta property=\"og:image:width\" content=\"2132\" \/>\n\t<meta property=\"og:image:height\" content=\"2560\" \/>\n\t<meta property=\"og:image:type\" content=\"image\/jpeg\" \/>\n<meta name=\"twitter:card\" content=\"summary_large_image\" \/>\n<meta name=\"twitter:label1\" content=\"Gesch\u00e4tzte Lesezeit\" \/>\n\t<meta name=\"twitter:data1\" content=\"1\u00a0Minute\" \/>\n<script type=\"application\/ld+json\" class=\"yoast-schema-graph\">{\"@context\":\"https:\\\/\\\/schema.org\",\"@graph\":[{\"@type\":\"WebPage\",\"@id\":\"https:\\\/\\\/roadeu.com\\\/sklep\\\/de\\\/produkt\\\/elektrische-schalttafel-mit-schutzart-c-led-anzeige-6m\\\/\",\"url\":\"https:\\\/\\\/roadeu.com\\\/sklep\\\/de\\\/produkt\\\/elektrische-schalttafel-mit-schutzart-c-led-anzeige-6m\\\/\",\"name\":\"Elektrische Schalttafel mit Schutzart \\\"C\\\" LED-Anzeige 6M - Road\",\"isPartOf\":{\"@id\":\"https:\\\/\\\/roadeu.com\\\/sklep\\\/de\\\/#website\"},\"primaryImageOfPage\":{\"@id\":\"https:\\\/\\\/roadeu.com\\\/sklep\\\/de\\\/produkt\\\/elektrische-schalttafel-mit-schutzart-c-led-anzeige-6m\\\/#primaryimage\"},\"image\":{\"@id\":\"https:\\\/\\\/roadeu.com\\\/sklep\\\/de\\\/produkt\\\/elektrische-schalttafel-mit-schutzart-c-led-anzeige-6m\\\/#primaryimage\"},\"thumbnailUrl\":\"https:\\\/\\\/roadeu.com\\\/sklep\\\/wp-content\\\/uploads\\\/2025\\\/07\\\/92d8f7e34e5580bc3455004b8b62.jpg\",\"datePublished\":\"2025-07-21T11:35:01+00:00\",\"dateModified\":\"2026-04-03T07:45:22+00:00\",\"breadcrumb\":{\"@id\":\"https:\\\/\\\/roadeu.com\\\/sklep\\\/de\\\/produkt\\\/elektrische-schalttafel-mit-schutzart-c-led-anzeige-6m\\\/#breadcrumb\"},\"inLanguage\":\"de\",\"potentialAction\":[{\"@type\":\"ReadAction\",\"target\":[\"https:\\\/\\\/roadeu.com\\\/sklep\\\/de\\\/produkt\\\/elektrische-schalttafel-mit-schutzart-c-led-anzeige-6m\\\/\"]}]},{\"@type\":\"ImageObject\",\"inLanguage\":\"de\",\"@id\":\"https:\\\/\\\/roadeu.com\\\/sklep\\\/de\\\/produkt\\\/elektrische-schalttafel-mit-schutzart-c-led-anzeige-6m\\\/#primaryimage\",\"url\":\"https:\\\/\\\/roadeu.com\\\/sklep\\\/wp-content\\\/uploads\\\/2025\\\/07\\\/92d8f7e34e5580bc3455004b8b62.jpg\",\"contentUrl\":\"https:\\\/\\\/roadeu.com\\\/sklep\\\/wp-content\\\/uploads\\\/2025\\\/07\\\/92d8f7e34e5580bc3455004b8b62.jpg\",\"width\":2132,\"height\":2560},{\"@type\":\"BreadcrumbList\",\"@id\":\"https:\\\/\\\/roadeu.com\\\/sklep\\\/de\\\/produkt\\\/elektrische-schalttafel-mit-schutzart-c-led-anzeige-6m\\\/#breadcrumb\",\"itemListElement\":[{\"@type\":\"ListItem\",\"position\":1,\"name\":\"Strona g\u0142\u00f3wna\",\"item\":\"https:\\\/\\\/roadeu.com\\\/sklep\\\/de\\\/shop\\\/\"},{\"@type\":\"ListItem\",\"position\":2,\"name\":\"Shop\",\"item\":\"https:\\\/\\\/roadeu.com\\\/sklep\\\/de\\\/shop\\\/\"},{\"@type\":\"ListItem\",\"position\":3,\"name\":\"Elektrische Schalttafel mit Schutzart &#8222;C&#8221; LED-Anzeige 6M\"}]},{\"@type\":\"WebSite\",\"@id\":\"https:\\\/\\\/roadeu.com\\\/sklep\\\/de\\\/#website\",\"url\":\"https:\\\/\\\/roadeu.com\\\/sklep\\\/de\\\/\",\"name\":\"Road\",\"description\":\"Hurtownia Elektryczna w Dzier\u017coniowie. Producent sprz\u0119tu elektrycznego.\",\"publisher\":{\"@id\":\"https:\\\/\\\/roadeu.com\\\/sklep\\\/de\\\/#organization\"},\"potentialAction\":[{\"@type\":\"SearchAction\",\"target\":{\"@type\":\"EntryPoint\",\"urlTemplate\":\"https:\\\/\\\/roadeu.com\\\/sklep\\\/de\\\/?s={search_term_string}\"},\"query-input\":{\"@type\":\"PropertyValueSpecification\",\"valueRequired\":true,\"valueName\":\"search_term_string\"}}],\"inLanguage\":\"de\"},{\"@type\":\"Organization\",\"@id\":\"https:\\\/\\\/roadeu.com\\\/sklep\\\/de\\\/#organization\",\"name\":\"Road\",\"url\":\"https:\\\/\\\/roadeu.com\\\/sklep\\\/de\\\/\",\"logo\":{\"@type\":\"ImageObject\",\"inLanguage\":\"de\",\"@id\":\"https:\\\/\\\/roadeu.com\\\/sklep\\\/de\\\/#\\\/schema\\\/logo\\\/image\\\/\",\"url\":\"https:\\\/\\\/roadeu.com\\\/sklep\\\/wp-content\\\/uploads\\\/2025\\\/05\\\/logotype-lg-pl.png\",\"contentUrl\":\"https:\\\/\\\/roadeu.com\\\/sklep\\\/wp-content\\\/uploads\\\/2025\\\/05\\\/logotype-lg-pl.png\",\"width\":300,\"height\":70,\"caption\":\"Road\"},\"image\":{\"@id\":\"https:\\\/\\\/roadeu.com\\\/sklep\\\/de\\\/#\\\/schema\\\/logo\\\/image\\\/\"}}]}<\/script>\n<!-- \/ Yoast SEO plugin. -->","yoast_head_json":{"title":"Elektrische Schalttafel mit Schutzart \"C\" LED-Anzeige 6M - Road","robots":{"index":"index","follow":"follow","max-snippet":"max-snippet:-1","max-image-preview":"max-image-preview:large","max-video-preview":"max-video-preview:-1"},"canonical":"https:\/\/roadeu.com\/sklep\/de\/produkt\/elektrische-schalttafel-mit-schutzart-c-led-anzeige-6m\/","og_locale":"de_DE","og_type":"article","og_title":"Elektrische Schalttafel mit Schutzart \"C\" LED-Anzeige 6M - Road","og_description":"Elektrische Schalttafel mit Schutzart \"C\" LED-Anzeige 6M","og_url":"https:\/\/roadeu.com\/sklep\/de\/produkt\/elektrische-schalttafel-mit-schutzart-c-led-anzeige-6m\/","og_site_name":"Road","article_modified_time":"2026-04-03T07:45:22+00:00","og_image":[{"width":2132,"height":2560,"url":"https:\/\/roadeu.com\/sklep\/wp-content\/uploads\/2025\/07\/92d8f7e34e5580bc3455004b8b62.jpg","type":"image\/jpeg"}],"twitter_card":"summary_large_image","twitter_misc":{"Gesch\u00e4tzte Lesezeit":"1\u00a0Minute"},"schema":{"@context":"https:\/\/schema.org","@graph":[{"@type":"WebPage","@id":"https:\/\/roadeu.com\/sklep\/de\/produkt\/elektrische-schalttafel-mit-schutzart-c-led-anzeige-6m\/","url":"https:\/\/roadeu.com\/sklep\/de\/produkt\/elektrische-schalttafel-mit-schutzart-c-led-anzeige-6m\/","name":"Elektrische Schalttafel mit Schutzart \"C\" LED-Anzeige 6M - Road","isPartOf":{"@id":"https:\/\/roadeu.com\/sklep\/de\/#website"},"primaryImageOfPage":{"@id":"https:\/\/roadeu.com\/sklep\/de\/produkt\/elektrische-schalttafel-mit-schutzart-c-led-anzeige-6m\/#primaryimage"},"image":{"@id":"https:\/\/roadeu.com\/sklep\/de\/produkt\/elektrische-schalttafel-mit-schutzart-c-led-anzeige-6m\/#primaryimage"},"thumbnailUrl":"https:\/\/roadeu.com\/sklep\/wp-content\/uploads\/2025\/07\/92d8f7e34e5580bc3455004b8b62.jpg","datePublished":"2025-07-21T11:35:01+00:00","dateModified":"2026-04-03T07:45:22+00:00","breadcrumb":{"@id":"https:\/\/roadeu.com\/sklep\/de\/produkt\/elektrische-schalttafel-mit-schutzart-c-led-anzeige-6m\/#breadcrumb"},"inLanguage":"de","potentialAction":[{"@type":"ReadAction","target":["https:\/\/roadeu.com\/sklep\/de\/produkt\/elektrische-schalttafel-mit-schutzart-c-led-anzeige-6m\/"]}]},{"@type":"ImageObject","inLanguage":"de","@id":"https:\/\/roadeu.com\/sklep\/de\/produkt\/elektrische-schalttafel-mit-schutzart-c-led-anzeige-6m\/#primaryimage","url":"https:\/\/roadeu.com\/sklep\/wp-content\/uploads\/2025\/07\/92d8f7e34e5580bc3455004b8b62.jpg","contentUrl":"https:\/\/roadeu.com\/sklep\/wp-content\/uploads\/2025\/07\/92d8f7e34e5580bc3455004b8b62.jpg","width":2132,"height":2560},{"@type":"BreadcrumbList","@id":"https:\/\/roadeu.com\/sklep\/de\/produkt\/elektrische-schalttafel-mit-schutzart-c-led-anzeige-6m\/#breadcrumb","itemListElement":[{"@type":"ListItem","position":1,"name":"Strona g\u0142\u00f3wna","item":"https:\/\/roadeu.com\/sklep\/de\/shop\/"},{"@type":"ListItem","position":2,"name":"Shop","item":"https:\/\/roadeu.com\/sklep\/de\/shop\/"},{"@type":"ListItem","position":3,"name":"Elektrische Schalttafel mit Schutzart &#8222;C&#8221; LED-Anzeige 6M"}]},{"@type":"WebSite","@id":"https:\/\/roadeu.com\/sklep\/de\/#website","url":"https:\/\/roadeu.com\/sklep\/de\/","name":"Road","description":"Hurtownia Elektryczna w Dzier\u017coniowie. Producent sprz\u0119tu elektrycznego.","publisher":{"@id":"https:\/\/roadeu.com\/sklep\/de\/#organization"},"potentialAction":[{"@type":"SearchAction","target":{"@type":"EntryPoint","urlTemplate":"https:\/\/roadeu.com\/sklep\/de\/?s={search_term_string}"},"query-input":{"@type":"PropertyValueSpecification","valueRequired":true,"valueName":"search_term_string"}}],"inLanguage":"de"},{"@type":"Organization","@id":"https:\/\/roadeu.com\/sklep\/de\/#organization","name":"Road","url":"https:\/\/roadeu.com\/sklep\/de\/","logo":{"@type":"ImageObject","inLanguage":"de","@id":"https:\/\/roadeu.com\/sklep\/de\/#\/schema\/logo\/image\/","url":"https:\/\/roadeu.com\/sklep\/wp-content\/uploads\/2025\/05\/logotype-lg-pl.png","contentUrl":"https:\/\/roadeu.com\/sklep\/wp-content\/uploads\/2025\/05\/logotype-lg-pl.png","width":300,"height":70,"caption":"Road"},"image":{"@id":"https:\/\/roadeu.com\/sklep\/de\/#\/schema\/logo\/image\/"}}]}},"_links":{"self":[{"href":"https:\/\/roadeu.com\/sklep\/de\/wp-json\/wp\/v2\/product\/8331","targetHints":{"allow":["GET"]}}],"collection":[{"href":"https:\/\/roadeu.com\/sklep\/de\/wp-json\/wp\/v2\/product"}],"about":[{"href":"https:\/\/roadeu.com\/sklep\/de\/wp-json\/wp\/v2\/types\/product"}],"wp:featuredmedia":[{"embeddable":true,"href":"https:\/\/roadeu.com\/sklep\/de\/wp-json\/wp\/v2\/media\/7780"}],"wp:attachment":[{"href":"https:\/\/roadeu.com\/sklep\/de\/wp-json\/wp\/v2\/media?parent=8331"}],"wp:term":[{"taxonomy":"product_brand","embeddable":true,"href":"https:\/\/roadeu.com\/sklep\/de\/wp-json\/wp\/v2\/product_brand?post=8331"},{"taxonomy":"product_cat","embeddable":true,"href":"https:\/\/roadeu.com\/sklep\/de\/wp-json\/wp\/v2\/product_cat?post=8331"},{"taxonomy":"product_tag","embeddable":true,"href":"https:\/\/roadeu.com\/sklep\/de\/wp-json\/wp\/v2\/product_tag?post=8331"}],"curies":[{"name":"wp","href":"https:\/\/api.w.org\/{rel}","templated":true}]}}