{"id":8268,"date":"2025-07-22T14:29:57","date_gmt":"2025-07-22T12:29:57","guid":{"rendered":"https:\/\/roadeu.com\/sklep\/produkt\/adapter-phasenkreuzungsstecker-mit-kreuzung-auf-16a-0-5-steckdose\/"},"modified":"2026-04-03T09:45:10","modified_gmt":"2026-04-03T07:45:10","slug":"adapter-phasenkreuzungsstecker-mit-kreuzung-auf-16a-0-5-steckdose","status":"publish","type":"product","link":"https:\/\/roadeu.com\/sklep\/de\/produkt\/adapter-phasenkreuzungsstecker-mit-kreuzung-auf-16a-0-5-steckdose\/","title":{"rendered":"Adapter Phasenkreuzungsstecker mit Kreuzung auf 16A 0.5 Steckdose"},"content":{"rendered":"<p>Der <b>ADAPTER <\/b>hat die einfache Funktion, die Drehrichtung des Motors im Endger\u00e4t zu \u00e4ndern.<\/p>\n<p>Die \u00c4nderung erfolgt durch Vertauschen der Phasen im Stecker.<\/p>\n<p>\u00a0<\/p>\n<p><b>SOLIDE KONSTRUKTION<\/b>: Hochstrom-Verl\u00e4ngerungskabel mit hochwertigem CEE 16A 5P Stecker und<\/p>\n<p>16A 5P Anschluss. Der Adapter ist eine einfache und robuste 16A Stromverteiler-Konstruktion mit 5\u00d72 5mm2 Kabel<\/p>\n<p>\u00a0<\/p>\n<p><b>TECHNISCHE DATEN<\/b>:<\/p>\n<ul>\n<li>Spannung 400V<\/li>\n<li>Stecker 16A 5P (mit Phasenwender) \u2013<\/li>\n<li>Steckdose 16A 5P<\/li>\n<li>Kabel 5\u00d72 5 mm <b>0,5 Meter<\/b><\/li>\n<li><\/li>\n<\/ul>\n<p>WASSERBEST\u00c4NDIG: Der Outdoor Extender ist nach IP44 zertifiziert und kann daher sowohl im Freien als auch in Innenr\u00e4umen verwendet werden.<\/p>\n<p>QUALIT\u00c4TSGARANTIE: Wir sind von der Qualit\u00e4t dieses Produkts \u00fcberzeugt und hoffen, dass Sie zufrieden sein werden.<\/p>\n<p>Ansonsten machen Sie sich keine Sorgen! Geben Sie es einfach zur\u00fcck und Sie erhalten den vollen Kaufpreis erstattet.<\/p>\n","protected":false},"excerpt":{"rendered":"<h1 class=\"mp4t_0 mryx_0 mj7a_4 mvrt_8 mp0t_ji m9qz_yo munh_0 mqu1_1j mgmw_wo mgn2_21 mgn2_25_s\"><span style=\"font-size: 12pt;\">Adapter Phasenkreuzungsstecker mit Kreuzung auf 16A 0.5 Steckdose<\/span><\/h1>\n","protected":false},"featured_media":8223,"template":"","meta":[],"product_brand":[377],"product_cat":[367],"product_tag":[],"class_list":{"0":"post-8268","1":"product","2":"type-product","3":"status-publish","4":"has-post-thumbnail","6":"product_brand-roadeu-de","7":"product_cat-adapter-und-verlangerungskabel","9":"first","10":"instock","11":"purchasable","12":"product-type-simple"},"yoast_head":"<!-- This site is optimized with the Yoast SEO plugin v27.5 - https:\/\/yoast.com\/product\/yoast-seo-wordpress\/ -->\n<title>Adapter Phasenkreuzungsstecker mit Kreuzung auf 16A 0.5 Steckdose - Road<\/title>\n<meta name=\"robots\" content=\"index, follow, max-snippet:-1, max-image-preview:large, max-video-preview:-1\" \/>\n<link rel=\"canonical\" href=\"https:\/\/roadeu.com\/sklep\/de\/produkt\/adapter-phasenkreuzungsstecker-mit-kreuzung-auf-16a-0-5-steckdose\/\" \/>\n<meta property=\"og:locale\" content=\"de_DE\" \/>\n<meta property=\"og:type\" content=\"article\" \/>\n<meta property=\"og:title\" content=\"Adapter Phasenkreuzungsstecker mit Kreuzung auf 16A 0.5 Steckdose - Road\" \/>\n<meta property=\"og:description\" content=\"Adapter Phasenkreuzungsstecker mit Kreuzung auf 16A 0.5 Steckdose\" \/>\n<meta property=\"og:url\" content=\"https:\/\/roadeu.com\/sklep\/de\/produkt\/adapter-phasenkreuzungsstecker-mit-kreuzung-auf-16a-0-5-steckdose\/\" \/>\n<meta property=\"og:site_name\" content=\"Road\" \/>\n<meta property=\"article:modified_time\" content=\"2026-04-03T07:45:10+00:00\" \/>\n<meta property=\"og:image\" content=\"https:\/\/roadeu.com\/sklep\/wp-content\/uploads\/2025\/07\/a3222c0b48b88f18b5cb24a50861.jpg\" \/>\n\t<meta property=\"og:image:width\" content=\"2125\" \/>\n\t<meta property=\"og:image:height\" content=\"1094\" \/>\n\t<meta property=\"og:image:type\" content=\"image\/jpeg\" \/>\n<meta name=\"twitter:card\" content=\"summary_large_image\" \/>\n<meta name=\"twitter:label1\" content=\"Gesch\u00e4tzte Lesezeit\" \/>\n\t<meta name=\"twitter:data1\" content=\"1\u00a0Minute\" \/>\n<script type=\"application\/ld+json\" class=\"yoast-schema-graph\">{\"@context\":\"https:\\\/\\\/schema.org\",\"@graph\":[{\"@type\":\"WebPage\",\"@id\":\"https:\\\/\\\/roadeu.com\\\/sklep\\\/de\\\/produkt\\\/adapter-phasenkreuzungsstecker-mit-kreuzung-auf-16a-0-5-steckdose\\\/\",\"url\":\"https:\\\/\\\/roadeu.com\\\/sklep\\\/de\\\/produkt\\\/adapter-phasenkreuzungsstecker-mit-kreuzung-auf-16a-0-5-steckdose\\\/\",\"name\":\"Adapter Phasenkreuzungsstecker mit Kreuzung auf 16A 0.5 Steckdose - Road\",\"isPartOf\":{\"@id\":\"https:\\\/\\\/roadeu.com\\\/sklep\\\/de\\\/#website\"},\"primaryImageOfPage\":{\"@id\":\"https:\\\/\\\/roadeu.com\\\/sklep\\\/de\\\/produkt\\\/adapter-phasenkreuzungsstecker-mit-kreuzung-auf-16a-0-5-steckdose\\\/#primaryimage\"},\"image\":{\"@id\":\"https:\\\/\\\/roadeu.com\\\/sklep\\\/de\\\/produkt\\\/adapter-phasenkreuzungsstecker-mit-kreuzung-auf-16a-0-5-steckdose\\\/#primaryimage\"},\"thumbnailUrl\":\"https:\\\/\\\/roadeu.com\\\/sklep\\\/wp-content\\\/uploads\\\/2025\\\/07\\\/a3222c0b48b88f18b5cb24a50861.jpg\",\"datePublished\":\"2025-07-22T12:29:57+00:00\",\"dateModified\":\"2026-04-03T07:45:10+00:00\",\"breadcrumb\":{\"@id\":\"https:\\\/\\\/roadeu.com\\\/sklep\\\/de\\\/produkt\\\/adapter-phasenkreuzungsstecker-mit-kreuzung-auf-16a-0-5-steckdose\\\/#breadcrumb\"},\"inLanguage\":\"de\",\"potentialAction\":[{\"@type\":\"ReadAction\",\"target\":[\"https:\\\/\\\/roadeu.com\\\/sklep\\\/de\\\/produkt\\\/adapter-phasenkreuzungsstecker-mit-kreuzung-auf-16a-0-5-steckdose\\\/\"]}]},{\"@type\":\"ImageObject\",\"inLanguage\":\"de\",\"@id\":\"https:\\\/\\\/roadeu.com\\\/sklep\\\/de\\\/produkt\\\/adapter-phasenkreuzungsstecker-mit-kreuzung-auf-16a-0-5-steckdose\\\/#primaryimage\",\"url\":\"https:\\\/\\\/roadeu.com\\\/sklep\\\/wp-content\\\/uploads\\\/2025\\\/07\\\/a3222c0b48b88f18b5cb24a50861.jpg\",\"contentUrl\":\"https:\\\/\\\/roadeu.com\\\/sklep\\\/wp-content\\\/uploads\\\/2025\\\/07\\\/a3222c0b48b88f18b5cb24a50861.jpg\",\"width\":2125,\"height\":1094},{\"@type\":\"BreadcrumbList\",\"@id\":\"https:\\\/\\\/roadeu.com\\\/sklep\\\/de\\\/produkt\\\/adapter-phasenkreuzungsstecker-mit-kreuzung-auf-16a-0-5-steckdose\\\/#breadcrumb\",\"itemListElement\":[{\"@type\":\"ListItem\",\"position\":1,\"name\":\"Strona g\u0142\u00f3wna\",\"item\":\"https:\\\/\\\/roadeu.com\\\/sklep\\\/de\\\/shop\\\/\"},{\"@type\":\"ListItem\",\"position\":2,\"name\":\"Shop\",\"item\":\"https:\\\/\\\/roadeu.com\\\/sklep\\\/de\\\/shop\\\/\"},{\"@type\":\"ListItem\",\"position\":3,\"name\":\"Adapter Phasenkreuzungsstecker mit Kreuzung auf 16A 0.5 Steckdose\"}]},{\"@type\":\"WebSite\",\"@id\":\"https:\\\/\\\/roadeu.com\\\/sklep\\\/de\\\/#website\",\"url\":\"https:\\\/\\\/roadeu.com\\\/sklep\\\/de\\\/\",\"name\":\"Road\",\"description\":\"Hurtownia Elektryczna w Dzier\u017coniowie. Producent sprz\u0119tu elektrycznego.\",\"publisher\":{\"@id\":\"https:\\\/\\\/roadeu.com\\\/sklep\\\/de\\\/#organization\"},\"potentialAction\":[{\"@type\":\"SearchAction\",\"target\":{\"@type\":\"EntryPoint\",\"urlTemplate\":\"https:\\\/\\\/roadeu.com\\\/sklep\\\/de\\\/?s={search_term_string}\"},\"query-input\":{\"@type\":\"PropertyValueSpecification\",\"valueRequired\":true,\"valueName\":\"search_term_string\"}}],\"inLanguage\":\"de\"},{\"@type\":\"Organization\",\"@id\":\"https:\\\/\\\/roadeu.com\\\/sklep\\\/de\\\/#organization\",\"name\":\"Road\",\"url\":\"https:\\\/\\\/roadeu.com\\\/sklep\\\/de\\\/\",\"logo\":{\"@type\":\"ImageObject\",\"inLanguage\":\"de\",\"@id\":\"https:\\\/\\\/roadeu.com\\\/sklep\\\/de\\\/#\\\/schema\\\/logo\\\/image\\\/\",\"url\":\"https:\\\/\\\/roadeu.com\\\/sklep\\\/wp-content\\\/uploads\\\/2025\\\/05\\\/logotype-lg-pl.png\",\"contentUrl\":\"https:\\\/\\\/roadeu.com\\\/sklep\\\/wp-content\\\/uploads\\\/2025\\\/05\\\/logotype-lg-pl.png\",\"width\":300,\"height\":70,\"caption\":\"Road\"},\"image\":{\"@id\":\"https:\\\/\\\/roadeu.com\\\/sklep\\\/de\\\/#\\\/schema\\\/logo\\\/image\\\/\"}}]}<\/script>\n<!-- \/ Yoast SEO plugin. -->","yoast_head_json":{"title":"Adapter Phasenkreuzungsstecker mit Kreuzung auf 16A 0.5 Steckdose - Road","robots":{"index":"index","follow":"follow","max-snippet":"max-snippet:-1","max-image-preview":"max-image-preview:large","max-video-preview":"max-video-preview:-1"},"canonical":"https:\/\/roadeu.com\/sklep\/de\/produkt\/adapter-phasenkreuzungsstecker-mit-kreuzung-auf-16a-0-5-steckdose\/","og_locale":"de_DE","og_type":"article","og_title":"Adapter Phasenkreuzungsstecker mit Kreuzung auf 16A 0.5 Steckdose - Road","og_description":"Adapter Phasenkreuzungsstecker mit Kreuzung auf 16A 0.5 Steckdose","og_url":"https:\/\/roadeu.com\/sklep\/de\/produkt\/adapter-phasenkreuzungsstecker-mit-kreuzung-auf-16a-0-5-steckdose\/","og_site_name":"Road","article_modified_time":"2026-04-03T07:45:10+00:00","og_image":[{"width":2125,"height":1094,"url":"https:\/\/roadeu.com\/sklep\/wp-content\/uploads\/2025\/07\/a3222c0b48b88f18b5cb24a50861.jpg","type":"image\/jpeg"}],"twitter_card":"summary_large_image","twitter_misc":{"Gesch\u00e4tzte Lesezeit":"1\u00a0Minute"},"schema":{"@context":"https:\/\/schema.org","@graph":[{"@type":"WebPage","@id":"https:\/\/roadeu.com\/sklep\/de\/produkt\/adapter-phasenkreuzungsstecker-mit-kreuzung-auf-16a-0-5-steckdose\/","url":"https:\/\/roadeu.com\/sklep\/de\/produkt\/adapter-phasenkreuzungsstecker-mit-kreuzung-auf-16a-0-5-steckdose\/","name":"Adapter Phasenkreuzungsstecker mit Kreuzung auf 16A 0.5 Steckdose - Road","isPartOf":{"@id":"https:\/\/roadeu.com\/sklep\/de\/#website"},"primaryImageOfPage":{"@id":"https:\/\/roadeu.com\/sklep\/de\/produkt\/adapter-phasenkreuzungsstecker-mit-kreuzung-auf-16a-0-5-steckdose\/#primaryimage"},"image":{"@id":"https:\/\/roadeu.com\/sklep\/de\/produkt\/adapter-phasenkreuzungsstecker-mit-kreuzung-auf-16a-0-5-steckdose\/#primaryimage"},"thumbnailUrl":"https:\/\/roadeu.com\/sklep\/wp-content\/uploads\/2025\/07\/a3222c0b48b88f18b5cb24a50861.jpg","datePublished":"2025-07-22T12:29:57+00:00","dateModified":"2026-04-03T07:45:10+00:00","breadcrumb":{"@id":"https:\/\/roadeu.com\/sklep\/de\/produkt\/adapter-phasenkreuzungsstecker-mit-kreuzung-auf-16a-0-5-steckdose\/#breadcrumb"},"inLanguage":"de","potentialAction":[{"@type":"ReadAction","target":["https:\/\/roadeu.com\/sklep\/de\/produkt\/adapter-phasenkreuzungsstecker-mit-kreuzung-auf-16a-0-5-steckdose\/"]}]},{"@type":"ImageObject","inLanguage":"de","@id":"https:\/\/roadeu.com\/sklep\/de\/produkt\/adapter-phasenkreuzungsstecker-mit-kreuzung-auf-16a-0-5-steckdose\/#primaryimage","url":"https:\/\/roadeu.com\/sklep\/wp-content\/uploads\/2025\/07\/a3222c0b48b88f18b5cb24a50861.jpg","contentUrl":"https:\/\/roadeu.com\/sklep\/wp-content\/uploads\/2025\/07\/a3222c0b48b88f18b5cb24a50861.jpg","width":2125,"height":1094},{"@type":"BreadcrumbList","@id":"https:\/\/roadeu.com\/sklep\/de\/produkt\/adapter-phasenkreuzungsstecker-mit-kreuzung-auf-16a-0-5-steckdose\/#breadcrumb","itemListElement":[{"@type":"ListItem","position":1,"name":"Strona g\u0142\u00f3wna","item":"https:\/\/roadeu.com\/sklep\/de\/shop\/"},{"@type":"ListItem","position":2,"name":"Shop","item":"https:\/\/roadeu.com\/sklep\/de\/shop\/"},{"@type":"ListItem","position":3,"name":"Adapter Phasenkreuzungsstecker mit Kreuzung auf 16A 0.5 Steckdose"}]},{"@type":"WebSite","@id":"https:\/\/roadeu.com\/sklep\/de\/#website","url":"https:\/\/roadeu.com\/sklep\/de\/","name":"Road","description":"Hurtownia Elektryczna w Dzier\u017coniowie. Producent sprz\u0119tu elektrycznego.","publisher":{"@id":"https:\/\/roadeu.com\/sklep\/de\/#organization"},"potentialAction":[{"@type":"SearchAction","target":{"@type":"EntryPoint","urlTemplate":"https:\/\/roadeu.com\/sklep\/de\/?s={search_term_string}"},"query-input":{"@type":"PropertyValueSpecification","valueRequired":true,"valueName":"search_term_string"}}],"inLanguage":"de"},{"@type":"Organization","@id":"https:\/\/roadeu.com\/sklep\/de\/#organization","name":"Road","url":"https:\/\/roadeu.com\/sklep\/de\/","logo":{"@type":"ImageObject","inLanguage":"de","@id":"https:\/\/roadeu.com\/sklep\/de\/#\/schema\/logo\/image\/","url":"https:\/\/roadeu.com\/sklep\/wp-content\/uploads\/2025\/05\/logotype-lg-pl.png","contentUrl":"https:\/\/roadeu.com\/sklep\/wp-content\/uploads\/2025\/05\/logotype-lg-pl.png","width":300,"height":70,"caption":"Road"},"image":{"@id":"https:\/\/roadeu.com\/sklep\/de\/#\/schema\/logo\/image\/"}}]}},"_links":{"self":[{"href":"https:\/\/roadeu.com\/sklep\/de\/wp-json\/wp\/v2\/product\/8268","targetHints":{"allow":["GET"]}}],"collection":[{"href":"https:\/\/roadeu.com\/sklep\/de\/wp-json\/wp\/v2\/product"}],"about":[{"href":"https:\/\/roadeu.com\/sklep\/de\/wp-json\/wp\/v2\/types\/product"}],"wp:featuredmedia":[{"embeddable":true,"href":"https:\/\/roadeu.com\/sklep\/de\/wp-json\/wp\/v2\/media\/8223"}],"wp:attachment":[{"href":"https:\/\/roadeu.com\/sklep\/de\/wp-json\/wp\/v2\/media?parent=8268"}],"wp:term":[{"taxonomy":"product_brand","embeddable":true,"href":"https:\/\/roadeu.com\/sklep\/de\/wp-json\/wp\/v2\/product_brand?post=8268"},{"taxonomy":"product_cat","embeddable":true,"href":"https:\/\/roadeu.com\/sklep\/de\/wp-json\/wp\/v2\/product_cat?post=8268"},{"taxonomy":"product_tag","embeddable":true,"href":"https:\/\/roadeu.com\/sklep\/de\/wp-json\/wp\/v2\/product_tag?post=8268"}],"curies":[{"name":"wp","href":"https:\/\/api.w.org\/{rel}","templated":true}]}}