{"id":21034,"date":"2026-04-29T13:40:53","date_gmt":"2026-04-29T11:40:53","guid":{"rendered":"https:\/\/roadeu.com\/sklep\/?post_type=product&#038;p=21034"},"modified":"2026-04-29T13:44:00","modified_gmt":"2026-04-29T11:44:00","slug":"stromverteiler-6x-schuko-230v-mehrfachsteckdose-ip44-aufputz-16a-vorverdrahteter-baustromverteiler-mit-pg135-kabelverschraubung","status":"publish","type":"product","link":"https:\/\/roadeu.com\/sklep\/de\/produkt\/stromverteiler-6x-schuko-230v-mehrfachsteckdose-ip44-aufputz-16a-vorverdrahteter-baustromverteiler-mit-pg135-kabelverschraubung\/","title":{"rendered":"Stromverteiler 6x Schuko 230V | Mehrfachsteckdose IP44 Aufputz 16A | Vorverdrahteter Baustromverteiler mit PG13,5 Kabelverschraubung"},"content":{"rendered":"<p><strong> Info zu diesem Artikel<\/strong><\/p>\n<p>\ud83d\udd0c 6 Schuko-Steckdosen mit 16A Leistung \u2013 Ideal f\u00fcr Werkzeuge, Maschinen und Haushaltsger\u00e4te. Perfekt f\u00fcr den professionellen Einsatz auf Baustellen oder in Werkst\u00e4tten.<br \/>\n\ud83d\udca7 IP44 Schutzklasse \u2013 Spritzwassergesch\u00fctzt & staubdicht. Sicherer Betrieb auch bei Feuchtigkeit oder Staubbelastung.<br \/>\n\u26a1 Vorverdrahtet & anschlussfertig \u2013 Mit PG13,5 Kabelverschraubung f\u00fcr schnelle Montage. Sofort einsatzbereit, kein Verdrahten n\u00f6tig.<br \/>\n\ud83d\udee0\ufe0f Mehrfachsteckdose Aufputz \u2013 2,5mm\u00b2 Verdrahtung f\u00fcr stabile Stromversorgung. Robustes, schlagfestes Geh\u00e4use \u2013 langlebig & zuverl\u00e4ssig.<br \/>\n\u2705 F\u00fcr Profis & Heimwerker \u2013 Kompakt, praktisch & vielseitig \u2013 perfekte L\u00f6sung f\u00fcr Werkstatt, Keller, Garage oder tempor\u00e4re Baustellen.<\/p>\n","protected":false},"excerpt":{"rendered":"<p><strong>Stromverteiler<\/strong><\/p>\n","protected":false},"featured_media":21037,"template":"","meta":[],"product_brand":[377],"product_cat":[363],"product_tag":[],"class_list":{"0":"post-21034","1":"product","2":"type-product","3":"status-publish","4":"has-post-thumbnail","6":"product_brand-roadeu-de","7":"product_cat-verteilerschranke-steckschlusselsatze","9":"first","10":"instock","11":"taxable","12":"shipping-taxable","13":"purchasable","14":"product-type-simple"},"yoast_head":"<!-- This site is optimized with the Yoast SEO plugin v27.5 - https:\/\/yoast.com\/product\/yoast-seo-wordpress\/ -->\n<title>Stromverteiler 6x Schuko 230V | Mehrfachsteckdose IP44 Aufputz 16A | Vorverdrahteter Baustromverteiler mit PG13,5 Kabelverschraubung - Road<\/title>\n<meta name=\"robots\" content=\"index, follow, max-snippet:-1, max-image-preview:large, max-video-preview:-1\" \/>\n<link rel=\"canonical\" href=\"https:\/\/roadeu.com\/sklep\/de\/produkt\/stromverteiler-6x-schuko-230v-mehrfachsteckdose-ip44-aufputz-16a-vorverdrahteter-baustromverteiler-mit-pg135-kabelverschraubung\/\" \/>\n<meta property=\"og:locale\" content=\"de_DE\" \/>\n<meta property=\"og:type\" content=\"article\" \/>\n<meta property=\"og:title\" content=\"Stromverteiler 6x Schuko 230V | Mehrfachsteckdose IP44 Aufputz 16A | Vorverdrahteter Baustromverteiler mit PG13,5 Kabelverschraubung - Road\" \/>\n<meta property=\"og:description\" content=\"Stromverteiler\" \/>\n<meta property=\"og:url\" content=\"https:\/\/roadeu.com\/sklep\/de\/produkt\/stromverteiler-6x-schuko-230v-mehrfachsteckdose-ip44-aufputz-16a-vorverdrahteter-baustromverteiler-mit-pg135-kabelverschraubung\/\" \/>\n<meta property=\"og:site_name\" content=\"Road\" \/>\n<meta property=\"article:modified_time\" content=\"2026-04-29T11:44:00+00:00\" \/>\n<meta property=\"og:image\" content=\"https:\/\/roadeu.com\/sklep\/wp-content\/uploads\/2026\/04\/1-80.jpg\" \/>\n\t<meta property=\"og:image:width\" content=\"1218\" \/>\n\t<meta property=\"og:image:height\" content=\"1500\" \/>\n\t<meta property=\"og:image:type\" content=\"image\/jpeg\" \/>\n<meta name=\"twitter:card\" content=\"summary_large_image\" \/>\n<meta name=\"twitter:label1\" content=\"Gesch\u00e4tzte Lesezeit\" \/>\n\t<meta name=\"twitter:data1\" content=\"1\u00a0Minute\" \/>\n<script type=\"application\/ld+json\" class=\"yoast-schema-graph\">{\"@context\":\"https:\\\/\\\/schema.org\",\"@graph\":[{\"@type\":\"WebPage\",\"@id\":\"https:\\\/\\\/roadeu.com\\\/sklep\\\/de\\\/produkt\\\/stromverteiler-6x-schuko-230v-mehrfachsteckdose-ip44-aufputz-16a-vorverdrahteter-baustromverteiler-mit-pg135-kabelverschraubung\\\/\",\"url\":\"https:\\\/\\\/roadeu.com\\\/sklep\\\/de\\\/produkt\\\/stromverteiler-6x-schuko-230v-mehrfachsteckdose-ip44-aufputz-16a-vorverdrahteter-baustromverteiler-mit-pg135-kabelverschraubung\\\/\",\"name\":\"Stromverteiler 6x Schuko 230V | Mehrfachsteckdose IP44 Aufputz 16A | Vorverdrahteter Baustromverteiler mit PG13,5 Kabelverschraubung - Road\",\"isPartOf\":{\"@id\":\"https:\\\/\\\/roadeu.com\\\/sklep\\\/de\\\/#website\"},\"primaryImageOfPage\":{\"@id\":\"https:\\\/\\\/roadeu.com\\\/sklep\\\/de\\\/produkt\\\/stromverteiler-6x-schuko-230v-mehrfachsteckdose-ip44-aufputz-16a-vorverdrahteter-baustromverteiler-mit-pg135-kabelverschraubung\\\/#primaryimage\"},\"image\":{\"@id\":\"https:\\\/\\\/roadeu.com\\\/sklep\\\/de\\\/produkt\\\/stromverteiler-6x-schuko-230v-mehrfachsteckdose-ip44-aufputz-16a-vorverdrahteter-baustromverteiler-mit-pg135-kabelverschraubung\\\/#primaryimage\"},\"thumbnailUrl\":\"https:\\\/\\\/roadeu.com\\\/sklep\\\/wp-content\\\/uploads\\\/2026\\\/04\\\/1-80.jpg\",\"datePublished\":\"2026-04-29T11:40:53+00:00\",\"dateModified\":\"2026-04-29T11:44:00+00:00\",\"breadcrumb\":{\"@id\":\"https:\\\/\\\/roadeu.com\\\/sklep\\\/de\\\/produkt\\\/stromverteiler-6x-schuko-230v-mehrfachsteckdose-ip44-aufputz-16a-vorverdrahteter-baustromverteiler-mit-pg135-kabelverschraubung\\\/#breadcrumb\"},\"inLanguage\":\"de\",\"potentialAction\":[{\"@type\":\"ReadAction\",\"target\":[\"https:\\\/\\\/roadeu.com\\\/sklep\\\/de\\\/produkt\\\/stromverteiler-6x-schuko-230v-mehrfachsteckdose-ip44-aufputz-16a-vorverdrahteter-baustromverteiler-mit-pg135-kabelverschraubung\\\/\"]}]},{\"@type\":\"ImageObject\",\"inLanguage\":\"de\",\"@id\":\"https:\\\/\\\/roadeu.com\\\/sklep\\\/de\\\/produkt\\\/stromverteiler-6x-schuko-230v-mehrfachsteckdose-ip44-aufputz-16a-vorverdrahteter-baustromverteiler-mit-pg135-kabelverschraubung\\\/#primaryimage\",\"url\":\"https:\\\/\\\/roadeu.com\\\/sklep\\\/wp-content\\\/uploads\\\/2026\\\/04\\\/1-80.jpg\",\"contentUrl\":\"https:\\\/\\\/roadeu.com\\\/sklep\\\/wp-content\\\/uploads\\\/2026\\\/04\\\/1-80.jpg\",\"width\":1218,\"height\":1500},{\"@type\":\"BreadcrumbList\",\"@id\":\"https:\\\/\\\/roadeu.com\\\/sklep\\\/de\\\/produkt\\\/stromverteiler-6x-schuko-230v-mehrfachsteckdose-ip44-aufputz-16a-vorverdrahteter-baustromverteiler-mit-pg135-kabelverschraubung\\\/#breadcrumb\",\"itemListElement\":[{\"@type\":\"ListItem\",\"position\":1,\"name\":\"Strona g\u0142\u00f3wna\",\"item\":\"https:\\\/\\\/roadeu.com\\\/sklep\\\/de\\\/shop\\\/\"},{\"@type\":\"ListItem\",\"position\":2,\"name\":\"Shop\",\"item\":\"https:\\\/\\\/roadeu.com\\\/sklep\\\/de\\\/shop\\\/\"},{\"@type\":\"ListItem\",\"position\":3,\"name\":\"Stromverteiler 6x Schuko 230V | Mehrfachsteckdose IP44 Aufputz 16A | Vorverdrahteter Baustromverteiler mit PG13,5 Kabelverschraubung\"}]},{\"@type\":\"WebSite\",\"@id\":\"https:\\\/\\\/roadeu.com\\\/sklep\\\/de\\\/#website\",\"url\":\"https:\\\/\\\/roadeu.com\\\/sklep\\\/de\\\/\",\"name\":\"Road\",\"description\":\"Hurtownia Elektryczna w Dzier\u017coniowie. Producent sprz\u0119tu elektrycznego.\",\"publisher\":{\"@id\":\"https:\\\/\\\/roadeu.com\\\/sklep\\\/de\\\/#organization\"},\"potentialAction\":[{\"@type\":\"SearchAction\",\"target\":{\"@type\":\"EntryPoint\",\"urlTemplate\":\"https:\\\/\\\/roadeu.com\\\/sklep\\\/de\\\/?s={search_term_string}\"},\"query-input\":{\"@type\":\"PropertyValueSpecification\",\"valueRequired\":true,\"valueName\":\"search_term_string\"}}],\"inLanguage\":\"de\"},{\"@type\":\"Organization\",\"@id\":\"https:\\\/\\\/roadeu.com\\\/sklep\\\/de\\\/#organization\",\"name\":\"Road\",\"url\":\"https:\\\/\\\/roadeu.com\\\/sklep\\\/de\\\/\",\"logo\":{\"@type\":\"ImageObject\",\"inLanguage\":\"de\",\"@id\":\"https:\\\/\\\/roadeu.com\\\/sklep\\\/de\\\/#\\\/schema\\\/logo\\\/image\\\/\",\"url\":\"https:\\\/\\\/roadeu.com\\\/sklep\\\/wp-content\\\/uploads\\\/2025\\\/05\\\/logotype-lg-pl.png\",\"contentUrl\":\"https:\\\/\\\/roadeu.com\\\/sklep\\\/wp-content\\\/uploads\\\/2025\\\/05\\\/logotype-lg-pl.png\",\"width\":300,\"height\":70,\"caption\":\"Road\"},\"image\":{\"@id\":\"https:\\\/\\\/roadeu.com\\\/sklep\\\/de\\\/#\\\/schema\\\/logo\\\/image\\\/\"}}]}<\/script>\n<!-- \/ Yoast SEO plugin. -->","yoast_head_json":{"title":"Stromverteiler 6x Schuko 230V | Mehrfachsteckdose IP44 Aufputz 16A | Vorverdrahteter Baustromverteiler mit PG13,5 Kabelverschraubung - Road","robots":{"index":"index","follow":"follow","max-snippet":"max-snippet:-1","max-image-preview":"max-image-preview:large","max-video-preview":"max-video-preview:-1"},"canonical":"https:\/\/roadeu.com\/sklep\/de\/produkt\/stromverteiler-6x-schuko-230v-mehrfachsteckdose-ip44-aufputz-16a-vorverdrahteter-baustromverteiler-mit-pg135-kabelverschraubung\/","og_locale":"de_DE","og_type":"article","og_title":"Stromverteiler 6x Schuko 230V | Mehrfachsteckdose IP44 Aufputz 16A | Vorverdrahteter Baustromverteiler mit PG13,5 Kabelverschraubung - Road","og_description":"Stromverteiler","og_url":"https:\/\/roadeu.com\/sklep\/de\/produkt\/stromverteiler-6x-schuko-230v-mehrfachsteckdose-ip44-aufputz-16a-vorverdrahteter-baustromverteiler-mit-pg135-kabelverschraubung\/","og_site_name":"Road","article_modified_time":"2026-04-29T11:44:00+00:00","og_image":[{"width":1218,"height":1500,"url":"https:\/\/roadeu.com\/sklep\/wp-content\/uploads\/2026\/04\/1-80.jpg","type":"image\/jpeg"}],"twitter_card":"summary_large_image","twitter_misc":{"Gesch\u00e4tzte Lesezeit":"1\u00a0Minute"},"schema":{"@context":"https:\/\/schema.org","@graph":[{"@type":"WebPage","@id":"https:\/\/roadeu.com\/sklep\/de\/produkt\/stromverteiler-6x-schuko-230v-mehrfachsteckdose-ip44-aufputz-16a-vorverdrahteter-baustromverteiler-mit-pg135-kabelverschraubung\/","url":"https:\/\/roadeu.com\/sklep\/de\/produkt\/stromverteiler-6x-schuko-230v-mehrfachsteckdose-ip44-aufputz-16a-vorverdrahteter-baustromverteiler-mit-pg135-kabelverschraubung\/","name":"Stromverteiler 6x Schuko 230V | Mehrfachsteckdose IP44 Aufputz 16A | Vorverdrahteter Baustromverteiler mit PG13,5 Kabelverschraubung - Road","isPartOf":{"@id":"https:\/\/roadeu.com\/sklep\/de\/#website"},"primaryImageOfPage":{"@id":"https:\/\/roadeu.com\/sklep\/de\/produkt\/stromverteiler-6x-schuko-230v-mehrfachsteckdose-ip44-aufputz-16a-vorverdrahteter-baustromverteiler-mit-pg135-kabelverschraubung\/#primaryimage"},"image":{"@id":"https:\/\/roadeu.com\/sklep\/de\/produkt\/stromverteiler-6x-schuko-230v-mehrfachsteckdose-ip44-aufputz-16a-vorverdrahteter-baustromverteiler-mit-pg135-kabelverschraubung\/#primaryimage"},"thumbnailUrl":"https:\/\/roadeu.com\/sklep\/wp-content\/uploads\/2026\/04\/1-80.jpg","datePublished":"2026-04-29T11:40:53+00:00","dateModified":"2026-04-29T11:44:00+00:00","breadcrumb":{"@id":"https:\/\/roadeu.com\/sklep\/de\/produkt\/stromverteiler-6x-schuko-230v-mehrfachsteckdose-ip44-aufputz-16a-vorverdrahteter-baustromverteiler-mit-pg135-kabelverschraubung\/#breadcrumb"},"inLanguage":"de","potentialAction":[{"@type":"ReadAction","target":["https:\/\/roadeu.com\/sklep\/de\/produkt\/stromverteiler-6x-schuko-230v-mehrfachsteckdose-ip44-aufputz-16a-vorverdrahteter-baustromverteiler-mit-pg135-kabelverschraubung\/"]}]},{"@type":"ImageObject","inLanguage":"de","@id":"https:\/\/roadeu.com\/sklep\/de\/produkt\/stromverteiler-6x-schuko-230v-mehrfachsteckdose-ip44-aufputz-16a-vorverdrahteter-baustromverteiler-mit-pg135-kabelverschraubung\/#primaryimage","url":"https:\/\/roadeu.com\/sklep\/wp-content\/uploads\/2026\/04\/1-80.jpg","contentUrl":"https:\/\/roadeu.com\/sklep\/wp-content\/uploads\/2026\/04\/1-80.jpg","width":1218,"height":1500},{"@type":"BreadcrumbList","@id":"https:\/\/roadeu.com\/sklep\/de\/produkt\/stromverteiler-6x-schuko-230v-mehrfachsteckdose-ip44-aufputz-16a-vorverdrahteter-baustromverteiler-mit-pg135-kabelverschraubung\/#breadcrumb","itemListElement":[{"@type":"ListItem","position":1,"name":"Strona g\u0142\u00f3wna","item":"https:\/\/roadeu.com\/sklep\/de\/shop\/"},{"@type":"ListItem","position":2,"name":"Shop","item":"https:\/\/roadeu.com\/sklep\/de\/shop\/"},{"@type":"ListItem","position":3,"name":"Stromverteiler 6x Schuko 230V | Mehrfachsteckdose IP44 Aufputz 16A | Vorverdrahteter Baustromverteiler mit PG13,5 Kabelverschraubung"}]},{"@type":"WebSite","@id":"https:\/\/roadeu.com\/sklep\/de\/#website","url":"https:\/\/roadeu.com\/sklep\/de\/","name":"Road","description":"Hurtownia Elektryczna w Dzier\u017coniowie. Producent sprz\u0119tu elektrycznego.","publisher":{"@id":"https:\/\/roadeu.com\/sklep\/de\/#organization"},"potentialAction":[{"@type":"SearchAction","target":{"@type":"EntryPoint","urlTemplate":"https:\/\/roadeu.com\/sklep\/de\/?s={search_term_string}"},"query-input":{"@type":"PropertyValueSpecification","valueRequired":true,"valueName":"search_term_string"}}],"inLanguage":"de"},{"@type":"Organization","@id":"https:\/\/roadeu.com\/sklep\/de\/#organization","name":"Road","url":"https:\/\/roadeu.com\/sklep\/de\/","logo":{"@type":"ImageObject","inLanguage":"de","@id":"https:\/\/roadeu.com\/sklep\/de\/#\/schema\/logo\/image\/","url":"https:\/\/roadeu.com\/sklep\/wp-content\/uploads\/2025\/05\/logotype-lg-pl.png","contentUrl":"https:\/\/roadeu.com\/sklep\/wp-content\/uploads\/2025\/05\/logotype-lg-pl.png","width":300,"height":70,"caption":"Road"},"image":{"@id":"https:\/\/roadeu.com\/sklep\/de\/#\/schema\/logo\/image\/"}}]}},"_links":{"self":[{"href":"https:\/\/roadeu.com\/sklep\/de\/wp-json\/wp\/v2\/product\/21034","targetHints":{"allow":["GET"]}}],"collection":[{"href":"https:\/\/roadeu.com\/sklep\/de\/wp-json\/wp\/v2\/product"}],"about":[{"href":"https:\/\/roadeu.com\/sklep\/de\/wp-json\/wp\/v2\/types\/product"}],"wp:featuredmedia":[{"embeddable":true,"href":"https:\/\/roadeu.com\/sklep\/de\/wp-json\/wp\/v2\/media\/21037"}],"wp:attachment":[{"href":"https:\/\/roadeu.com\/sklep\/de\/wp-json\/wp\/v2\/media?parent=21034"}],"wp:term":[{"taxonomy":"product_brand","embeddable":true,"href":"https:\/\/roadeu.com\/sklep\/de\/wp-json\/wp\/v2\/product_brand?post=21034"},{"taxonomy":"product_cat","embeddable":true,"href":"https:\/\/roadeu.com\/sklep\/de\/wp-json\/wp\/v2\/product_cat?post=21034"},{"taxonomy":"product_tag","embeddable":true,"href":"https:\/\/roadeu.com\/sklep\/de\/wp-json\/wp\/v2\/product_tag?post=21034"}],"curies":[{"name":"wp","href":"https:\/\/api.w.org\/{rel}","templated":true}]}}