{"id":20992,"date":"2026-04-29T08:42:55","date_gmt":"2026-04-29T06:42:55","guid":{"rendered":"https:\/\/roadeu.com\/sklep\/?post_type=product&#038;p=20992"},"modified":"2026-04-29T08:47:51","modified_gmt":"2026-04-29T06:47:51","slug":"kombi-wandsteckdose-16a-5p-wandverteiler-16a-mit-schuko-230v-stromverteiler-ip44-innen-und-aussen-baustromverteiler-16a","status":"publish","type":"product","link":"https:\/\/roadeu.com\/sklep\/de\/produkt\/kombi-wandsteckdose-16a-5p-wandverteiler-16a-mit-schuko-230v-stromverteiler-ip44-innen-und-aussen-baustromverteiler-16a\/","title":{"rendered":"Kombi Wandsteckdose 16A 5P &#8211; Wandverteiler 16A mit Schuko 230V &#8211; Stromverteiler IP44 &#8211; Innen und Au\u00dfen Baustromverteiler 16A"},"content":{"rendered":"<p><strong> Info zu diesem Artikel<\/strong><\/p>\n<p><strong>HOCHWERTIGE PCE STECKDOSEN MIT IP44 DICHTHEITSKLASSE:<\/strong> Die PCE Steckdosen sind staub- und feuchtigkeitsbest\u00e4ndig dank der IP44 Dichtheitsklasse, was sie ideal f\u00fcr den Einsatz in anspruchsvollen Umgebungen macht und eine hohe Qualit\u00e4t gew\u00e4hrleistet.<br \/>\n<strong>VORVERDRAHTET & FLEXIBLE MONTAGE:<\/strong> Innen ist alles vorverdrahtet, um die Installation zu erleichtern. Sie k\u00f6nnen diesen Adapter an der Wand montieren oder als tragbares Ger\u00e4t verwenden, je nach Ihren Bed\u00fcrfnissen und Anforderungen.<br \/>\n<strong>STARKSTROM STECKDOSE BEST\u00dcCKUNG \u2013 VIELSEITIGE STECKDOSENKOMBINATION:<\/strong> Das Ger\u00e4t ist ausgestattet mit einer CEE 16A 5P Steckdose sowie 1x 200\/250V 16A und PCE Schuko Steckdosen, um eine Vielzahl von Anwendungen und Ger\u00e4ten zu unterst\u00fctzen, insbesondere Starkstromanwendungen.<br \/>\n<strong>EINFACHE INSTALLATION DANK EINER ZULEITUNG:<\/strong> Mit nur einer Zuleitung ben\u00f6tigen Sie weniger Bohrl\u00f6cher, weniger Kabel- und Rohrschellen und nur ein Geh\u00e4use, was die Installation vereinfacht und den Arbeitsaufwand reduziert.<\/p>\n<p>\u00a0<\/p>\n","protected":false},"excerpt":{"rendered":"<p><strong>Steckdosenverteiler<\/strong><\/p>\n","protected":false},"featured_media":20995,"template":"","meta":[],"product_brand":[377],"product_cat":[363],"product_tag":[],"class_list":{"0":"post-20992","1":"product","2":"type-product","3":"status-publish","4":"has-post-thumbnail","6":"product_brand-roadeu-de","7":"product_cat-verteilerschranke-steckschlusselsatze","9":"first","10":"instock","11":"taxable","12":"shipping-taxable","13":"purchasable","14":"product-type-simple"},"yoast_head":"<!-- This site is optimized with the Yoast SEO plugin v27.5 - https:\/\/yoast.com\/product\/yoast-seo-wordpress\/ -->\n<title>Kombi Wandsteckdose 16A 5P - Wandverteiler 16A mit Schuko 230V - Stromverteiler IP44 - Innen und Au\u00dfen Baustromverteiler 16A - Road<\/title>\n<meta name=\"robots\" content=\"index, follow, max-snippet:-1, max-image-preview:large, max-video-preview:-1\" \/>\n<link rel=\"canonical\" href=\"https:\/\/roadeu.com\/sklep\/de\/produkt\/kombi-wandsteckdose-16a-5p-wandverteiler-16a-mit-schuko-230v-stromverteiler-ip44-innen-und-aussen-baustromverteiler-16a\/\" \/>\n<meta property=\"og:locale\" content=\"de_DE\" \/>\n<meta property=\"og:type\" content=\"article\" \/>\n<meta property=\"og:title\" content=\"Kombi Wandsteckdose 16A 5P - Wandverteiler 16A mit Schuko 230V - Stromverteiler IP44 - Innen und Au\u00dfen Baustromverteiler 16A - Road\" \/>\n<meta property=\"og:description\" content=\"Steckdosenverteiler\" \/>\n<meta property=\"og:url\" content=\"https:\/\/roadeu.com\/sklep\/de\/produkt\/kombi-wandsteckdose-16a-5p-wandverteiler-16a-mit-schuko-230v-stromverteiler-ip44-innen-und-aussen-baustromverteiler-16a\/\" \/>\n<meta property=\"og:site_name\" content=\"Road\" \/>\n<meta property=\"article:modified_time\" content=\"2026-04-29T06:47:51+00:00\" \/>\n<meta property=\"og:image\" content=\"https:\/\/roadeu.com\/sklep\/wp-content\/uploads\/2026\/04\/1-78.jpg\" \/>\n\t<meta property=\"og:image:width\" content=\"946\" \/>\n\t<meta property=\"og:image:height\" content=\"891\" \/>\n\t<meta property=\"og:image:type\" content=\"image\/jpeg\" \/>\n<meta name=\"twitter:card\" content=\"summary_large_image\" \/>\n<meta name=\"twitter:label1\" content=\"Gesch\u00e4tzte Lesezeit\" \/>\n\t<meta name=\"twitter:data1\" content=\"1\u00a0Minute\" \/>\n<script type=\"application\/ld+json\" class=\"yoast-schema-graph\">{\"@context\":\"https:\\\/\\\/schema.org\",\"@graph\":[{\"@type\":\"WebPage\",\"@id\":\"https:\\\/\\\/roadeu.com\\\/sklep\\\/de\\\/produkt\\\/kombi-wandsteckdose-16a-5p-wandverteiler-16a-mit-schuko-230v-stromverteiler-ip44-innen-und-aussen-baustromverteiler-16a\\\/\",\"url\":\"https:\\\/\\\/roadeu.com\\\/sklep\\\/de\\\/produkt\\\/kombi-wandsteckdose-16a-5p-wandverteiler-16a-mit-schuko-230v-stromverteiler-ip44-innen-und-aussen-baustromverteiler-16a\\\/\",\"name\":\"Kombi Wandsteckdose 16A 5P - Wandverteiler 16A mit Schuko 230V - Stromverteiler IP44 - Innen und Au\u00dfen Baustromverteiler 16A - Road\",\"isPartOf\":{\"@id\":\"https:\\\/\\\/roadeu.com\\\/sklep\\\/de\\\/#website\"},\"primaryImageOfPage\":{\"@id\":\"https:\\\/\\\/roadeu.com\\\/sklep\\\/de\\\/produkt\\\/kombi-wandsteckdose-16a-5p-wandverteiler-16a-mit-schuko-230v-stromverteiler-ip44-innen-und-aussen-baustromverteiler-16a\\\/#primaryimage\"},\"image\":{\"@id\":\"https:\\\/\\\/roadeu.com\\\/sklep\\\/de\\\/produkt\\\/kombi-wandsteckdose-16a-5p-wandverteiler-16a-mit-schuko-230v-stromverteiler-ip44-innen-und-aussen-baustromverteiler-16a\\\/#primaryimage\"},\"thumbnailUrl\":\"https:\\\/\\\/roadeu.com\\\/sklep\\\/wp-content\\\/uploads\\\/2026\\\/04\\\/1-78.jpg\",\"datePublished\":\"2026-04-29T06:42:55+00:00\",\"dateModified\":\"2026-04-29T06:47:51+00:00\",\"breadcrumb\":{\"@id\":\"https:\\\/\\\/roadeu.com\\\/sklep\\\/de\\\/produkt\\\/kombi-wandsteckdose-16a-5p-wandverteiler-16a-mit-schuko-230v-stromverteiler-ip44-innen-und-aussen-baustromverteiler-16a\\\/#breadcrumb\"},\"inLanguage\":\"de\",\"potentialAction\":[{\"@type\":\"ReadAction\",\"target\":[\"https:\\\/\\\/roadeu.com\\\/sklep\\\/de\\\/produkt\\\/kombi-wandsteckdose-16a-5p-wandverteiler-16a-mit-schuko-230v-stromverteiler-ip44-innen-und-aussen-baustromverteiler-16a\\\/\"]}]},{\"@type\":\"ImageObject\",\"inLanguage\":\"de\",\"@id\":\"https:\\\/\\\/roadeu.com\\\/sklep\\\/de\\\/produkt\\\/kombi-wandsteckdose-16a-5p-wandverteiler-16a-mit-schuko-230v-stromverteiler-ip44-innen-und-aussen-baustromverteiler-16a\\\/#primaryimage\",\"url\":\"https:\\\/\\\/roadeu.com\\\/sklep\\\/wp-content\\\/uploads\\\/2026\\\/04\\\/1-78.jpg\",\"contentUrl\":\"https:\\\/\\\/roadeu.com\\\/sklep\\\/wp-content\\\/uploads\\\/2026\\\/04\\\/1-78.jpg\",\"width\":946,\"height\":891},{\"@type\":\"BreadcrumbList\",\"@id\":\"https:\\\/\\\/roadeu.com\\\/sklep\\\/de\\\/produkt\\\/kombi-wandsteckdose-16a-5p-wandverteiler-16a-mit-schuko-230v-stromverteiler-ip44-innen-und-aussen-baustromverteiler-16a\\\/#breadcrumb\",\"itemListElement\":[{\"@type\":\"ListItem\",\"position\":1,\"name\":\"Strona g\u0142\u00f3wna\",\"item\":\"https:\\\/\\\/roadeu.com\\\/sklep\\\/de\\\/shop\\\/\"},{\"@type\":\"ListItem\",\"position\":2,\"name\":\"Shop\",\"item\":\"https:\\\/\\\/roadeu.com\\\/sklep\\\/de\\\/shop\\\/\"},{\"@type\":\"ListItem\",\"position\":3,\"name\":\"Kombi Wandsteckdose 16A 5P &#8211; Wandverteiler 16A mit Schuko 230V &#8211; Stromverteiler IP44 &#8211; Innen und Au\u00dfen Baustromverteiler 16A\"}]},{\"@type\":\"WebSite\",\"@id\":\"https:\\\/\\\/roadeu.com\\\/sklep\\\/de\\\/#website\",\"url\":\"https:\\\/\\\/roadeu.com\\\/sklep\\\/de\\\/\",\"name\":\"Road\",\"description\":\"Hurtownia Elektryczna w Dzier\u017coniowie. Producent sprz\u0119tu elektrycznego.\",\"publisher\":{\"@id\":\"https:\\\/\\\/roadeu.com\\\/sklep\\\/de\\\/#organization\"},\"potentialAction\":[{\"@type\":\"SearchAction\",\"target\":{\"@type\":\"EntryPoint\",\"urlTemplate\":\"https:\\\/\\\/roadeu.com\\\/sklep\\\/de\\\/?s={search_term_string}\"},\"query-input\":{\"@type\":\"PropertyValueSpecification\",\"valueRequired\":true,\"valueName\":\"search_term_string\"}}],\"inLanguage\":\"de\"},{\"@type\":\"Organization\",\"@id\":\"https:\\\/\\\/roadeu.com\\\/sklep\\\/de\\\/#organization\",\"name\":\"Road\",\"url\":\"https:\\\/\\\/roadeu.com\\\/sklep\\\/de\\\/\",\"logo\":{\"@type\":\"ImageObject\",\"inLanguage\":\"de\",\"@id\":\"https:\\\/\\\/roadeu.com\\\/sklep\\\/de\\\/#\\\/schema\\\/logo\\\/image\\\/\",\"url\":\"https:\\\/\\\/roadeu.com\\\/sklep\\\/wp-content\\\/uploads\\\/2025\\\/05\\\/logotype-lg-pl.png\",\"contentUrl\":\"https:\\\/\\\/roadeu.com\\\/sklep\\\/wp-content\\\/uploads\\\/2025\\\/05\\\/logotype-lg-pl.png\",\"width\":300,\"height\":70,\"caption\":\"Road\"},\"image\":{\"@id\":\"https:\\\/\\\/roadeu.com\\\/sklep\\\/de\\\/#\\\/schema\\\/logo\\\/image\\\/\"}}]}<\/script>\n<!-- \/ Yoast SEO plugin. -->","yoast_head_json":{"title":"Kombi Wandsteckdose 16A 5P - Wandverteiler 16A mit Schuko 230V - Stromverteiler IP44 - Innen und Au\u00dfen Baustromverteiler 16A - Road","robots":{"index":"index","follow":"follow","max-snippet":"max-snippet:-1","max-image-preview":"max-image-preview:large","max-video-preview":"max-video-preview:-1"},"canonical":"https:\/\/roadeu.com\/sklep\/de\/produkt\/kombi-wandsteckdose-16a-5p-wandverteiler-16a-mit-schuko-230v-stromverteiler-ip44-innen-und-aussen-baustromverteiler-16a\/","og_locale":"de_DE","og_type":"article","og_title":"Kombi Wandsteckdose 16A 5P - Wandverteiler 16A mit Schuko 230V - Stromverteiler IP44 - Innen und Au\u00dfen Baustromverteiler 16A - Road","og_description":"Steckdosenverteiler","og_url":"https:\/\/roadeu.com\/sklep\/de\/produkt\/kombi-wandsteckdose-16a-5p-wandverteiler-16a-mit-schuko-230v-stromverteiler-ip44-innen-und-aussen-baustromverteiler-16a\/","og_site_name":"Road","article_modified_time":"2026-04-29T06:47:51+00:00","og_image":[{"width":946,"height":891,"url":"https:\/\/roadeu.com\/sklep\/wp-content\/uploads\/2026\/04\/1-78.jpg","type":"image\/jpeg"}],"twitter_card":"summary_large_image","twitter_misc":{"Gesch\u00e4tzte Lesezeit":"1\u00a0Minute"},"schema":{"@context":"https:\/\/schema.org","@graph":[{"@type":"WebPage","@id":"https:\/\/roadeu.com\/sklep\/de\/produkt\/kombi-wandsteckdose-16a-5p-wandverteiler-16a-mit-schuko-230v-stromverteiler-ip44-innen-und-aussen-baustromverteiler-16a\/","url":"https:\/\/roadeu.com\/sklep\/de\/produkt\/kombi-wandsteckdose-16a-5p-wandverteiler-16a-mit-schuko-230v-stromverteiler-ip44-innen-und-aussen-baustromverteiler-16a\/","name":"Kombi Wandsteckdose 16A 5P - Wandverteiler 16A mit Schuko 230V - Stromverteiler IP44 - Innen und Au\u00dfen Baustromverteiler 16A - Road","isPartOf":{"@id":"https:\/\/roadeu.com\/sklep\/de\/#website"},"primaryImageOfPage":{"@id":"https:\/\/roadeu.com\/sklep\/de\/produkt\/kombi-wandsteckdose-16a-5p-wandverteiler-16a-mit-schuko-230v-stromverteiler-ip44-innen-und-aussen-baustromverteiler-16a\/#primaryimage"},"image":{"@id":"https:\/\/roadeu.com\/sklep\/de\/produkt\/kombi-wandsteckdose-16a-5p-wandverteiler-16a-mit-schuko-230v-stromverteiler-ip44-innen-und-aussen-baustromverteiler-16a\/#primaryimage"},"thumbnailUrl":"https:\/\/roadeu.com\/sklep\/wp-content\/uploads\/2026\/04\/1-78.jpg","datePublished":"2026-04-29T06:42:55+00:00","dateModified":"2026-04-29T06:47:51+00:00","breadcrumb":{"@id":"https:\/\/roadeu.com\/sklep\/de\/produkt\/kombi-wandsteckdose-16a-5p-wandverteiler-16a-mit-schuko-230v-stromverteiler-ip44-innen-und-aussen-baustromverteiler-16a\/#breadcrumb"},"inLanguage":"de","potentialAction":[{"@type":"ReadAction","target":["https:\/\/roadeu.com\/sklep\/de\/produkt\/kombi-wandsteckdose-16a-5p-wandverteiler-16a-mit-schuko-230v-stromverteiler-ip44-innen-und-aussen-baustromverteiler-16a\/"]}]},{"@type":"ImageObject","inLanguage":"de","@id":"https:\/\/roadeu.com\/sklep\/de\/produkt\/kombi-wandsteckdose-16a-5p-wandverteiler-16a-mit-schuko-230v-stromverteiler-ip44-innen-und-aussen-baustromverteiler-16a\/#primaryimage","url":"https:\/\/roadeu.com\/sklep\/wp-content\/uploads\/2026\/04\/1-78.jpg","contentUrl":"https:\/\/roadeu.com\/sklep\/wp-content\/uploads\/2026\/04\/1-78.jpg","width":946,"height":891},{"@type":"BreadcrumbList","@id":"https:\/\/roadeu.com\/sklep\/de\/produkt\/kombi-wandsteckdose-16a-5p-wandverteiler-16a-mit-schuko-230v-stromverteiler-ip44-innen-und-aussen-baustromverteiler-16a\/#breadcrumb","itemListElement":[{"@type":"ListItem","position":1,"name":"Strona g\u0142\u00f3wna","item":"https:\/\/roadeu.com\/sklep\/de\/shop\/"},{"@type":"ListItem","position":2,"name":"Shop","item":"https:\/\/roadeu.com\/sklep\/de\/shop\/"},{"@type":"ListItem","position":3,"name":"Kombi Wandsteckdose 16A 5P &#8211; Wandverteiler 16A mit Schuko 230V &#8211; Stromverteiler IP44 &#8211; Innen und Au\u00dfen Baustromverteiler 16A"}]},{"@type":"WebSite","@id":"https:\/\/roadeu.com\/sklep\/de\/#website","url":"https:\/\/roadeu.com\/sklep\/de\/","name":"Road","description":"Hurtownia Elektryczna w Dzier\u017coniowie. Producent sprz\u0119tu elektrycznego.","publisher":{"@id":"https:\/\/roadeu.com\/sklep\/de\/#organization"},"potentialAction":[{"@type":"SearchAction","target":{"@type":"EntryPoint","urlTemplate":"https:\/\/roadeu.com\/sklep\/de\/?s={search_term_string}"},"query-input":{"@type":"PropertyValueSpecification","valueRequired":true,"valueName":"search_term_string"}}],"inLanguage":"de"},{"@type":"Organization","@id":"https:\/\/roadeu.com\/sklep\/de\/#organization","name":"Road","url":"https:\/\/roadeu.com\/sklep\/de\/","logo":{"@type":"ImageObject","inLanguage":"de","@id":"https:\/\/roadeu.com\/sklep\/de\/#\/schema\/logo\/image\/","url":"https:\/\/roadeu.com\/sklep\/wp-content\/uploads\/2025\/05\/logotype-lg-pl.png","contentUrl":"https:\/\/roadeu.com\/sklep\/wp-content\/uploads\/2025\/05\/logotype-lg-pl.png","width":300,"height":70,"caption":"Road"},"image":{"@id":"https:\/\/roadeu.com\/sklep\/de\/#\/schema\/logo\/image\/"}}]}},"_links":{"self":[{"href":"https:\/\/roadeu.com\/sklep\/de\/wp-json\/wp\/v2\/product\/20992","targetHints":{"allow":["GET"]}}],"collection":[{"href":"https:\/\/roadeu.com\/sklep\/de\/wp-json\/wp\/v2\/product"}],"about":[{"href":"https:\/\/roadeu.com\/sklep\/de\/wp-json\/wp\/v2\/types\/product"}],"wp:featuredmedia":[{"embeddable":true,"href":"https:\/\/roadeu.com\/sklep\/de\/wp-json\/wp\/v2\/media\/20995"}],"wp:attachment":[{"href":"https:\/\/roadeu.com\/sklep\/de\/wp-json\/wp\/v2\/media?parent=20992"}],"wp:term":[{"taxonomy":"product_brand","embeddable":true,"href":"https:\/\/roadeu.com\/sklep\/de\/wp-json\/wp\/v2\/product_brand?post=20992"},{"taxonomy":"product_cat","embeddable":true,"href":"https:\/\/roadeu.com\/sklep\/de\/wp-json\/wp\/v2\/product_cat?post=20992"},{"taxonomy":"product_tag","embeddable":true,"href":"https:\/\/roadeu.com\/sklep\/de\/wp-json\/wp\/v2\/product_tag?post=20992"}],"curies":[{"name":"wp","href":"https:\/\/api.w.org\/{rel}","templated":true}]}}