{"id":20976,"date":"2026-04-27T13:45:43","date_gmt":"2026-04-27T11:45:43","guid":{"rendered":"https:\/\/roadeu.com\/sklep\/?post_type=product&#038;p=20976"},"modified":"2026-04-27T13:57:24","modified_gmt":"2026-04-27T11:57:24","slug":"cee-steckdosenverteiler-ip44-1x-cee-32a-5p-1x-cee-16a-5p-schuko-230v-mit-hauptschalter-0-1","status":"publish","type":"product","link":"https:\/\/roadeu.com\/sklep\/de\/produkt\/cee-steckdosenverteiler-ip44-1x-cee-32a-5p-1x-cee-16a-5p-schuko-230v-mit-hauptschalter-0-1\/","title":{"rendered":"CEE Steckdosenverteiler IP44 | 1x CEE 32A 5P + 1x CEE 16A 5P + Schuko 230V mit Hauptschalter 0-1"},"content":{"rendered":"<p><strong> Info zu diesem Artikel<\/strong><\/p>\n<p><strong>Der Wandverteiler<\/strong> besteht aus in Europa hergestellten Komponenten. Die Betriebssicherheit wird durch hohe europ\u00e4ische Standards gew\u00e4hrleistet. Unsere Stromverteiler 16A, 32A sind sicher f\u00fcr den Benutzer und die Ger\u00e4te, die sie betreiben.<br \/>\n<strong>Hochwertige PCE<\/strong> Au\u00dfensteckdosen (\u00d6sterreichische Produktion) 380\/415V und Schuko 230V &#8211; Komponenten von uns Baustromverteiler 16A, 32A.<br \/>\n<strong>Best\u00fcckung:<\/strong> 16A 5P 400V Starkstrom steckdose, 32A 5P 400V Starkstrom steckdose &#8211; 2x 200\/250V 16A IP44 Schuko. Hauptschalter 0-1. Steckdosenverteiler aussen wasserdicht &#8211; IP44 zertifiziert (staub- und spritzwassergesch\u00fctzt).<br \/>\n<strong>NOCKENSCHALTER<\/strong> 0-1 F\u00dcR SPANNUNGSKONTROLLE: Mit dem integrierten 0-1 Lasttrennschalter k\u00f6nnen Sie die Spannung in den Steckdosen jederzeit ein- oder ausschalten, was f\u00fcr zus\u00e4tzliche Sicherheit und Flexibilit\u00e4t sorgt<br \/>\n<strong>DER WANDVERTEILER<\/strong> ist vorverdrahtet und anschlussfertig. Die Verteilerkasten enth\u00e4lt auch eine PG16 Kabelverschraubung. Einfach das Starkstromkabel an die entsprechenden Klemmen anschlie\u00dfen und fertig.<\/p>\n<p>In unseren Schaltschr\u00e4nken sind 230V-Steckdosen und CEE 16A immer mit 2,5mm2 Kabel verdrahtet. CEE 32A Steckdosen sind immer mit 4mm2 Kabel verdrahtet.<\/p>\n","protected":false},"excerpt":{"rendered":"<p><strong>Steckdosenverteiler<\/strong><\/p>\n","protected":false},"featured_media":20981,"template":"","meta":[],"product_brand":[377],"product_cat":[363],"product_tag":[],"class_list":{"0":"post-20976","1":"product","2":"type-product","3":"status-publish","4":"has-post-thumbnail","6":"product_brand-roadeu-de","7":"product_cat-verteilerschranke-steckschlusselsatze","9":"first","10":"instock","11":"taxable","12":"shipping-taxable","13":"purchasable","14":"product-type-simple"},"yoast_head":"<!-- This site is optimized with the Yoast SEO plugin v27.4 - https:\/\/yoast.com\/product\/yoast-seo-wordpress\/ -->\n<title>CEE Steckdosenverteiler IP44 | 1x CEE 32A 5P + 1x CEE 16A 5P + Schuko 230V mit Hauptschalter 0-1 - Road<\/title>\n<meta name=\"robots\" content=\"index, follow, max-snippet:-1, max-image-preview:large, max-video-preview:-1\" \/>\n<link rel=\"canonical\" href=\"https:\/\/roadeu.com\/sklep\/de\/produkt\/cee-steckdosenverteiler-ip44-1x-cee-32a-5p-1x-cee-16a-5p-schuko-230v-mit-hauptschalter-0-1\/\" \/>\n<meta property=\"og:locale\" content=\"de_DE\" \/>\n<meta property=\"og:type\" content=\"article\" \/>\n<meta property=\"og:title\" content=\"CEE Steckdosenverteiler IP44 | 1x CEE 32A 5P + 1x CEE 16A 5P + Schuko 230V mit Hauptschalter 0-1 - Road\" \/>\n<meta property=\"og:description\" content=\"Steckdosenverteiler\" \/>\n<meta property=\"og:url\" content=\"https:\/\/roadeu.com\/sklep\/de\/produkt\/cee-steckdosenverteiler-ip44-1x-cee-32a-5p-1x-cee-16a-5p-schuko-230v-mit-hauptschalter-0-1\/\" \/>\n<meta property=\"og:site_name\" content=\"Road\" \/>\n<meta property=\"article:modified_time\" content=\"2026-04-27T11:57:24+00:00\" \/>\n<meta property=\"og:image\" content=\"https:\/\/roadeu.com\/sklep\/wp-content\/uploads\/2026\/04\/3-77.jpg\" \/>\n\t<meta property=\"og:image:width\" content=\"1500\" \/>\n\t<meta property=\"og:image:height\" content=\"1226\" \/>\n\t<meta property=\"og:image:type\" content=\"image\/jpeg\" \/>\n<meta name=\"twitter:card\" content=\"summary_large_image\" \/>\n<meta name=\"twitter:label1\" content=\"Gesch\u00e4tzte Lesezeit\" \/>\n\t<meta name=\"twitter:data1\" content=\"2\u00a0Minute\" \/>\n<script type=\"application\/ld+json\" class=\"yoast-schema-graph\">{\"@context\":\"https:\\\/\\\/schema.org\",\"@graph\":[{\"@type\":\"WebPage\",\"@id\":\"https:\\\/\\\/roadeu.com\\\/sklep\\\/de\\\/produkt\\\/cee-steckdosenverteiler-ip44-1x-cee-32a-5p-1x-cee-16a-5p-schuko-230v-mit-hauptschalter-0-1\\\/\",\"url\":\"https:\\\/\\\/roadeu.com\\\/sklep\\\/de\\\/produkt\\\/cee-steckdosenverteiler-ip44-1x-cee-32a-5p-1x-cee-16a-5p-schuko-230v-mit-hauptschalter-0-1\\\/\",\"name\":\"CEE Steckdosenverteiler IP44 | 1x CEE 32A 5P + 1x CEE 16A 5P + Schuko 230V mit Hauptschalter 0-1 - Road\",\"isPartOf\":{\"@id\":\"https:\\\/\\\/roadeu.com\\\/sklep\\\/de\\\/#website\"},\"primaryImageOfPage\":{\"@id\":\"https:\\\/\\\/roadeu.com\\\/sklep\\\/de\\\/produkt\\\/cee-steckdosenverteiler-ip44-1x-cee-32a-5p-1x-cee-16a-5p-schuko-230v-mit-hauptschalter-0-1\\\/#primaryimage\"},\"image\":{\"@id\":\"https:\\\/\\\/roadeu.com\\\/sklep\\\/de\\\/produkt\\\/cee-steckdosenverteiler-ip44-1x-cee-32a-5p-1x-cee-16a-5p-schuko-230v-mit-hauptschalter-0-1\\\/#primaryimage\"},\"thumbnailUrl\":\"https:\\\/\\\/roadeu.com\\\/sklep\\\/wp-content\\\/uploads\\\/2026\\\/04\\\/3-77.jpg\",\"datePublished\":\"2026-04-27T11:45:43+00:00\",\"dateModified\":\"2026-04-27T11:57:24+00:00\",\"breadcrumb\":{\"@id\":\"https:\\\/\\\/roadeu.com\\\/sklep\\\/de\\\/produkt\\\/cee-steckdosenverteiler-ip44-1x-cee-32a-5p-1x-cee-16a-5p-schuko-230v-mit-hauptschalter-0-1\\\/#breadcrumb\"},\"inLanguage\":\"de\",\"potentialAction\":[{\"@type\":\"ReadAction\",\"target\":[\"https:\\\/\\\/roadeu.com\\\/sklep\\\/de\\\/produkt\\\/cee-steckdosenverteiler-ip44-1x-cee-32a-5p-1x-cee-16a-5p-schuko-230v-mit-hauptschalter-0-1\\\/\"]}]},{\"@type\":\"ImageObject\",\"inLanguage\":\"de\",\"@id\":\"https:\\\/\\\/roadeu.com\\\/sklep\\\/de\\\/produkt\\\/cee-steckdosenverteiler-ip44-1x-cee-32a-5p-1x-cee-16a-5p-schuko-230v-mit-hauptschalter-0-1\\\/#primaryimage\",\"url\":\"https:\\\/\\\/roadeu.com\\\/sklep\\\/wp-content\\\/uploads\\\/2026\\\/04\\\/3-77.jpg\",\"contentUrl\":\"https:\\\/\\\/roadeu.com\\\/sklep\\\/wp-content\\\/uploads\\\/2026\\\/04\\\/3-77.jpg\",\"width\":1500,\"height\":1226},{\"@type\":\"BreadcrumbList\",\"@id\":\"https:\\\/\\\/roadeu.com\\\/sklep\\\/de\\\/produkt\\\/cee-steckdosenverteiler-ip44-1x-cee-32a-5p-1x-cee-16a-5p-schuko-230v-mit-hauptschalter-0-1\\\/#breadcrumb\",\"itemListElement\":[{\"@type\":\"ListItem\",\"position\":1,\"name\":\"Strona g\u0142\u00f3wna\",\"item\":\"https:\\\/\\\/roadeu.com\\\/sklep\\\/de\\\/shop\\\/\"},{\"@type\":\"ListItem\",\"position\":2,\"name\":\"Shop\",\"item\":\"https:\\\/\\\/roadeu.com\\\/sklep\\\/de\\\/shop\\\/\"},{\"@type\":\"ListItem\",\"position\":3,\"name\":\"CEE Steckdosenverteiler IP44 | 1x CEE 32A 5P + 1x CEE 16A 5P + Schuko 230V mit Hauptschalter 0-1\"}]},{\"@type\":\"WebSite\",\"@id\":\"https:\\\/\\\/roadeu.com\\\/sklep\\\/de\\\/#website\",\"url\":\"https:\\\/\\\/roadeu.com\\\/sklep\\\/de\\\/\",\"name\":\"Road\",\"description\":\"Hurtownia Elektryczna w Dzier\u017coniowie. Producent sprz\u0119tu elektrycznego.\",\"publisher\":{\"@id\":\"https:\\\/\\\/roadeu.com\\\/sklep\\\/de\\\/#organization\"},\"potentialAction\":[{\"@type\":\"SearchAction\",\"target\":{\"@type\":\"EntryPoint\",\"urlTemplate\":\"https:\\\/\\\/roadeu.com\\\/sklep\\\/de\\\/?s={search_term_string}\"},\"query-input\":{\"@type\":\"PropertyValueSpecification\",\"valueRequired\":true,\"valueName\":\"search_term_string\"}}],\"inLanguage\":\"de\"},{\"@type\":\"Organization\",\"@id\":\"https:\\\/\\\/roadeu.com\\\/sklep\\\/de\\\/#organization\",\"name\":\"Road\",\"url\":\"https:\\\/\\\/roadeu.com\\\/sklep\\\/de\\\/\",\"logo\":{\"@type\":\"ImageObject\",\"inLanguage\":\"de\",\"@id\":\"https:\\\/\\\/roadeu.com\\\/sklep\\\/de\\\/#\\\/schema\\\/logo\\\/image\\\/\",\"url\":\"https:\\\/\\\/roadeu.com\\\/sklep\\\/wp-content\\\/uploads\\\/2025\\\/05\\\/logotype-lg-pl.png\",\"contentUrl\":\"https:\\\/\\\/roadeu.com\\\/sklep\\\/wp-content\\\/uploads\\\/2025\\\/05\\\/logotype-lg-pl.png\",\"width\":300,\"height\":70,\"caption\":\"Road\"},\"image\":{\"@id\":\"https:\\\/\\\/roadeu.com\\\/sklep\\\/de\\\/#\\\/schema\\\/logo\\\/image\\\/\"}}]}<\/script>\n<!-- \/ Yoast SEO plugin. -->","yoast_head_json":{"title":"CEE Steckdosenverteiler IP44 | 1x CEE 32A 5P + 1x CEE 16A 5P + Schuko 230V mit Hauptschalter 0-1 - Road","robots":{"index":"index","follow":"follow","max-snippet":"max-snippet:-1","max-image-preview":"max-image-preview:large","max-video-preview":"max-video-preview:-1"},"canonical":"https:\/\/roadeu.com\/sklep\/de\/produkt\/cee-steckdosenverteiler-ip44-1x-cee-32a-5p-1x-cee-16a-5p-schuko-230v-mit-hauptschalter-0-1\/","og_locale":"de_DE","og_type":"article","og_title":"CEE Steckdosenverteiler IP44 | 1x CEE 32A 5P + 1x CEE 16A 5P + Schuko 230V mit Hauptschalter 0-1 - Road","og_description":"Steckdosenverteiler","og_url":"https:\/\/roadeu.com\/sklep\/de\/produkt\/cee-steckdosenverteiler-ip44-1x-cee-32a-5p-1x-cee-16a-5p-schuko-230v-mit-hauptschalter-0-1\/","og_site_name":"Road","article_modified_time":"2026-04-27T11:57:24+00:00","og_image":[{"width":1500,"height":1226,"url":"https:\/\/roadeu.com\/sklep\/wp-content\/uploads\/2026\/04\/3-77.jpg","type":"image\/jpeg"}],"twitter_card":"summary_large_image","twitter_misc":{"Gesch\u00e4tzte Lesezeit":"2\u00a0Minute"},"schema":{"@context":"https:\/\/schema.org","@graph":[{"@type":"WebPage","@id":"https:\/\/roadeu.com\/sklep\/de\/produkt\/cee-steckdosenverteiler-ip44-1x-cee-32a-5p-1x-cee-16a-5p-schuko-230v-mit-hauptschalter-0-1\/","url":"https:\/\/roadeu.com\/sklep\/de\/produkt\/cee-steckdosenverteiler-ip44-1x-cee-32a-5p-1x-cee-16a-5p-schuko-230v-mit-hauptschalter-0-1\/","name":"CEE Steckdosenverteiler IP44 | 1x CEE 32A 5P + 1x CEE 16A 5P + Schuko 230V mit Hauptschalter 0-1 - Road","isPartOf":{"@id":"https:\/\/roadeu.com\/sklep\/de\/#website"},"primaryImageOfPage":{"@id":"https:\/\/roadeu.com\/sklep\/de\/produkt\/cee-steckdosenverteiler-ip44-1x-cee-32a-5p-1x-cee-16a-5p-schuko-230v-mit-hauptschalter-0-1\/#primaryimage"},"image":{"@id":"https:\/\/roadeu.com\/sklep\/de\/produkt\/cee-steckdosenverteiler-ip44-1x-cee-32a-5p-1x-cee-16a-5p-schuko-230v-mit-hauptschalter-0-1\/#primaryimage"},"thumbnailUrl":"https:\/\/roadeu.com\/sklep\/wp-content\/uploads\/2026\/04\/3-77.jpg","datePublished":"2026-04-27T11:45:43+00:00","dateModified":"2026-04-27T11:57:24+00:00","breadcrumb":{"@id":"https:\/\/roadeu.com\/sklep\/de\/produkt\/cee-steckdosenverteiler-ip44-1x-cee-32a-5p-1x-cee-16a-5p-schuko-230v-mit-hauptschalter-0-1\/#breadcrumb"},"inLanguage":"de","potentialAction":[{"@type":"ReadAction","target":["https:\/\/roadeu.com\/sklep\/de\/produkt\/cee-steckdosenverteiler-ip44-1x-cee-32a-5p-1x-cee-16a-5p-schuko-230v-mit-hauptschalter-0-1\/"]}]},{"@type":"ImageObject","inLanguage":"de","@id":"https:\/\/roadeu.com\/sklep\/de\/produkt\/cee-steckdosenverteiler-ip44-1x-cee-32a-5p-1x-cee-16a-5p-schuko-230v-mit-hauptschalter-0-1\/#primaryimage","url":"https:\/\/roadeu.com\/sklep\/wp-content\/uploads\/2026\/04\/3-77.jpg","contentUrl":"https:\/\/roadeu.com\/sklep\/wp-content\/uploads\/2026\/04\/3-77.jpg","width":1500,"height":1226},{"@type":"BreadcrumbList","@id":"https:\/\/roadeu.com\/sklep\/de\/produkt\/cee-steckdosenverteiler-ip44-1x-cee-32a-5p-1x-cee-16a-5p-schuko-230v-mit-hauptschalter-0-1\/#breadcrumb","itemListElement":[{"@type":"ListItem","position":1,"name":"Strona g\u0142\u00f3wna","item":"https:\/\/roadeu.com\/sklep\/de\/shop\/"},{"@type":"ListItem","position":2,"name":"Shop","item":"https:\/\/roadeu.com\/sklep\/de\/shop\/"},{"@type":"ListItem","position":3,"name":"CEE Steckdosenverteiler IP44 | 1x CEE 32A 5P + 1x CEE 16A 5P + Schuko 230V mit Hauptschalter 0-1"}]},{"@type":"WebSite","@id":"https:\/\/roadeu.com\/sklep\/de\/#website","url":"https:\/\/roadeu.com\/sklep\/de\/","name":"Road","description":"Hurtownia Elektryczna w Dzier\u017coniowie. Producent sprz\u0119tu elektrycznego.","publisher":{"@id":"https:\/\/roadeu.com\/sklep\/de\/#organization"},"potentialAction":[{"@type":"SearchAction","target":{"@type":"EntryPoint","urlTemplate":"https:\/\/roadeu.com\/sklep\/de\/?s={search_term_string}"},"query-input":{"@type":"PropertyValueSpecification","valueRequired":true,"valueName":"search_term_string"}}],"inLanguage":"de"},{"@type":"Organization","@id":"https:\/\/roadeu.com\/sklep\/de\/#organization","name":"Road","url":"https:\/\/roadeu.com\/sklep\/de\/","logo":{"@type":"ImageObject","inLanguage":"de","@id":"https:\/\/roadeu.com\/sklep\/de\/#\/schema\/logo\/image\/","url":"https:\/\/roadeu.com\/sklep\/wp-content\/uploads\/2025\/05\/logotype-lg-pl.png","contentUrl":"https:\/\/roadeu.com\/sklep\/wp-content\/uploads\/2025\/05\/logotype-lg-pl.png","width":300,"height":70,"caption":"Road"},"image":{"@id":"https:\/\/roadeu.com\/sklep\/de\/#\/schema\/logo\/image\/"}}]}},"_links":{"self":[{"href":"https:\/\/roadeu.com\/sklep\/de\/wp-json\/wp\/v2\/product\/20976","targetHints":{"allow":["GET"]}}],"collection":[{"href":"https:\/\/roadeu.com\/sklep\/de\/wp-json\/wp\/v2\/product"}],"about":[{"href":"https:\/\/roadeu.com\/sklep\/de\/wp-json\/wp\/v2\/types\/product"}],"wp:featuredmedia":[{"embeddable":true,"href":"https:\/\/roadeu.com\/sklep\/de\/wp-json\/wp\/v2\/media\/20981"}],"wp:attachment":[{"href":"https:\/\/roadeu.com\/sklep\/de\/wp-json\/wp\/v2\/media?parent=20976"}],"wp:term":[{"taxonomy":"product_brand","embeddable":true,"href":"https:\/\/roadeu.com\/sklep\/de\/wp-json\/wp\/v2\/product_brand?post=20976"},{"taxonomy":"product_cat","embeddable":true,"href":"https:\/\/roadeu.com\/sklep\/de\/wp-json\/wp\/v2\/product_cat?post=20976"},{"taxonomy":"product_tag","embeddable":true,"href":"https:\/\/roadeu.com\/sklep\/de\/wp-json\/wp\/v2\/product_tag?post=20976"}],"curies":[{"name":"wp","href":"https:\/\/api.w.org\/{rel}","templated":true}]}}