{"id":20959,"date":"2026-04-27T12:48:46","date_gmt":"2026-04-27T10:48:46","guid":{"rendered":"https:\/\/roadeu.com\/sklep\/?post_type=product&#038;p=20959"},"modified":"2026-04-27T12:53:14","modified_gmt":"2026-04-27T10:53:14","slug":"adapter-fuer-caravan-cee-stecker-3p-16a-auf-buchse-230v-kabel-3x2-5mm2-verlaengerung-1-meter-mit-stromzaehler-ip44","status":"publish","type":"product","link":"https:\/\/roadeu.com\/sklep\/de\/produkt\/adapter-fuer-caravan-cee-stecker-3p-16a-auf-buchse-230v-kabel-3x2-5mm2-verlaengerung-1-meter-mit-stromzaehler-ip44\/","title":{"rendered":"Adapter f\u00fcr Caravan &#8211; CEE-Stecker 3P 16A auf Buchse 230V &#8211; Kabel 3&#215;2 5mm2 &#8211; Verl\u00e4ngerung 1 Meter mit Stromz\u00e4hler. IP44"},"content":{"rendered":"<p><strong>Info zu diesem Artikel<\/strong><\/p>\n<p><strong>SOLIDE CONSTRUCTION:<\/strong> Hochstrom-Verl\u00e4ngerungskabel mit hochwertigem CEE-Stecker 16A 3P 230V und Steckdose mit Kabel 3&#215;2 5mm2 in einer Gummiisolierung. Der Z\u00e4hler dient zur Kontrolle des Stromverbrauchs und zur \u00dcberpr\u00fcfung der Abrechnung mit dem Energieversorger.<br \/>\n<strong>PR\u00c4ZISE ANZEIGE DES STROMVERBRAUCHS 1 PHASE:<\/strong> Das MID-zertifizierte Power Meter 45A erm\u00f6glicht eine pr\u00e4zise Messung des Stromverbrauchs. Die blinkende LED-Anzeige informiert die Nutzer \u00fcber den aktuellen Stromverbrauch.<\/p>\n<p>Dank der MID-Zertifizierung k\u00f6nnen die Bewohner ihren Energieverbrauch verfolgen und besser kontrollieren. Das Ger\u00e4t ist manipulationssicher und kann nicht zur\u00fcckgesetzt werden.<\/p>\n<p><strong>WASSERBEST\u00c4NDIG:<\/strong> Zubeh\u00f6r f\u00fcr Wohnmobile im Au\u00dfenbereich &#8211; Dank der Schutzart IP44 kann der Adapter sowohl im Freien als auch in geschlossenen R\u00e4umen verwendet werden. Adapter zur Verwendung z. B. mit: Wohnmobilen, Wohnwagen, Baustromverteilern, kombinierten Wandsteckdosen &#8211; \u00fcberall, wo es n\u00f6tig ist.<br \/>\n<strong>TECHNISCHE DATEN:<\/strong> CEE-Stecker 16A 230V &#8211; Steckdose 230V &#8211; Kabel 3&#215;2 5 mm. L\u00e4nge: 1 m &#8211; Gummikabel &#8211; abriebfest, sto\u00dffest, quetschfest, best\u00e4ndig gegen Fette und Mineral\u00f6le. Max 3600 Watt.<\/p>\n<p>&nbsp;<\/p>\n<p>&nbsp;<\/p>\n","protected":false},"excerpt":{"rendered":"<p><strong>Starkstrom Adapter<\/strong><\/p>\n","protected":false},"featured_media":20965,"template":"","meta":[],"product_brand":[377],"product_cat":[363],"product_tag":[],"class_list":{"0":"post-20959","1":"product","2":"type-product","3":"status-publish","4":"has-post-thumbnail","6":"product_brand-roadeu-de","7":"product_cat-verteilerschranke-steckschlusselsatze","9":"first","10":"instock","11":"taxable","12":"shipping-taxable","13":"purchasable","14":"product-type-simple"},"yoast_head":"<!-- This site is optimized with the Yoast SEO plugin v27.4 - https:\/\/yoast.com\/product\/yoast-seo-wordpress\/ -->\n<title>Adapter f\u00fcr Caravan - CEE-Stecker 3P 16A auf Buchse 230V - Kabel 3x2 5mm2 - Verl\u00e4ngerung 1 Meter mit Stromz\u00e4hler. IP44 - Road<\/title>\n<meta name=\"robots\" content=\"index, follow, max-snippet:-1, max-image-preview:large, max-video-preview:-1\" \/>\n<link rel=\"canonical\" href=\"https:\/\/roadeu.com\/sklep\/de\/produkt\/adapter-fuer-caravan-cee-stecker-3p-16a-auf-buchse-230v-kabel-3x2-5mm2-verlaengerung-1-meter-mit-stromzaehler-ip44\/\" \/>\n<meta property=\"og:locale\" content=\"de_DE\" \/>\n<meta property=\"og:type\" content=\"article\" \/>\n<meta property=\"og:title\" content=\"Adapter f\u00fcr Caravan - CEE-Stecker 3P 16A auf Buchse 230V - Kabel 3x2 5mm2 - Verl\u00e4ngerung 1 Meter mit Stromz\u00e4hler. IP44 - Road\" \/>\n<meta property=\"og:description\" content=\"Starkstrom Adapter\" \/>\n<meta property=\"og:url\" content=\"https:\/\/roadeu.com\/sklep\/de\/produkt\/adapter-fuer-caravan-cee-stecker-3p-16a-auf-buchse-230v-kabel-3x2-5mm2-verlaengerung-1-meter-mit-stromzaehler-ip44\/\" \/>\n<meta property=\"og:site_name\" content=\"Road\" \/>\n<meta property=\"article:modified_time\" content=\"2026-04-27T10:53:14+00:00\" \/>\n<meta property=\"og:image\" content=\"https:\/\/roadeu.com\/sklep\/wp-content\/uploads\/2026\/04\/4-74.jpg\" \/>\n\t<meta property=\"og:image:width\" content=\"1500\" \/>\n\t<meta property=\"og:image:height\" content=\"1448\" \/>\n\t<meta property=\"og:image:type\" content=\"image\/jpeg\" \/>\n<meta name=\"twitter:card\" content=\"summary_large_image\" \/>\n<meta name=\"twitter:label1\" content=\"Gesch\u00e4tzte Lesezeit\" \/>\n\t<meta name=\"twitter:data1\" content=\"2\u00a0Minute\" \/>\n<script type=\"application\/ld+json\" class=\"yoast-schema-graph\">{\"@context\":\"https:\\\/\\\/schema.org\",\"@graph\":[{\"@type\":\"WebPage\",\"@id\":\"https:\\\/\\\/roadeu.com\\\/sklep\\\/de\\\/produkt\\\/adapter-fuer-caravan-cee-stecker-3p-16a-auf-buchse-230v-kabel-3x2-5mm2-verlaengerung-1-meter-mit-stromzaehler-ip44\\\/\",\"url\":\"https:\\\/\\\/roadeu.com\\\/sklep\\\/de\\\/produkt\\\/adapter-fuer-caravan-cee-stecker-3p-16a-auf-buchse-230v-kabel-3x2-5mm2-verlaengerung-1-meter-mit-stromzaehler-ip44\\\/\",\"name\":\"Adapter f\u00fcr Caravan - CEE-Stecker 3P 16A auf Buchse 230V - Kabel 3x2 5mm2 - Verl\u00e4ngerung 1 Meter mit Stromz\u00e4hler. IP44 - Road\",\"isPartOf\":{\"@id\":\"https:\\\/\\\/roadeu.com\\\/sklep\\\/de\\\/#website\"},\"primaryImageOfPage\":{\"@id\":\"https:\\\/\\\/roadeu.com\\\/sklep\\\/de\\\/produkt\\\/adapter-fuer-caravan-cee-stecker-3p-16a-auf-buchse-230v-kabel-3x2-5mm2-verlaengerung-1-meter-mit-stromzaehler-ip44\\\/#primaryimage\"},\"image\":{\"@id\":\"https:\\\/\\\/roadeu.com\\\/sklep\\\/de\\\/produkt\\\/adapter-fuer-caravan-cee-stecker-3p-16a-auf-buchse-230v-kabel-3x2-5mm2-verlaengerung-1-meter-mit-stromzaehler-ip44\\\/#primaryimage\"},\"thumbnailUrl\":\"https:\\\/\\\/roadeu.com\\\/sklep\\\/wp-content\\\/uploads\\\/2026\\\/04\\\/4-74.jpg\",\"datePublished\":\"2026-04-27T10:48:46+00:00\",\"dateModified\":\"2026-04-27T10:53:14+00:00\",\"breadcrumb\":{\"@id\":\"https:\\\/\\\/roadeu.com\\\/sklep\\\/de\\\/produkt\\\/adapter-fuer-caravan-cee-stecker-3p-16a-auf-buchse-230v-kabel-3x2-5mm2-verlaengerung-1-meter-mit-stromzaehler-ip44\\\/#breadcrumb\"},\"inLanguage\":\"de\",\"potentialAction\":[{\"@type\":\"ReadAction\",\"target\":[\"https:\\\/\\\/roadeu.com\\\/sklep\\\/de\\\/produkt\\\/adapter-fuer-caravan-cee-stecker-3p-16a-auf-buchse-230v-kabel-3x2-5mm2-verlaengerung-1-meter-mit-stromzaehler-ip44\\\/\"]}]},{\"@type\":\"ImageObject\",\"inLanguage\":\"de\",\"@id\":\"https:\\\/\\\/roadeu.com\\\/sklep\\\/de\\\/produkt\\\/adapter-fuer-caravan-cee-stecker-3p-16a-auf-buchse-230v-kabel-3x2-5mm2-verlaengerung-1-meter-mit-stromzaehler-ip44\\\/#primaryimage\",\"url\":\"https:\\\/\\\/roadeu.com\\\/sklep\\\/wp-content\\\/uploads\\\/2026\\\/04\\\/4-74.jpg\",\"contentUrl\":\"https:\\\/\\\/roadeu.com\\\/sklep\\\/wp-content\\\/uploads\\\/2026\\\/04\\\/4-74.jpg\",\"width\":1500,\"height\":1448},{\"@type\":\"BreadcrumbList\",\"@id\":\"https:\\\/\\\/roadeu.com\\\/sklep\\\/de\\\/produkt\\\/adapter-fuer-caravan-cee-stecker-3p-16a-auf-buchse-230v-kabel-3x2-5mm2-verlaengerung-1-meter-mit-stromzaehler-ip44\\\/#breadcrumb\",\"itemListElement\":[{\"@type\":\"ListItem\",\"position\":1,\"name\":\"Strona g\u0142\u00f3wna\",\"item\":\"https:\\\/\\\/roadeu.com\\\/sklep\\\/de\\\/shop\\\/\"},{\"@type\":\"ListItem\",\"position\":2,\"name\":\"Shop\",\"item\":\"https:\\\/\\\/roadeu.com\\\/sklep\\\/de\\\/shop\\\/\"},{\"@type\":\"ListItem\",\"position\":3,\"name\":\"Adapter f\u00fcr Caravan &#8211; CEE-Stecker 3P 16A auf Buchse 230V &#8211; Kabel 3&#215;2 5mm2 &#8211; Verl\u00e4ngerung 1 Meter mit Stromz\u00e4hler. IP44\"}]},{\"@type\":\"WebSite\",\"@id\":\"https:\\\/\\\/roadeu.com\\\/sklep\\\/de\\\/#website\",\"url\":\"https:\\\/\\\/roadeu.com\\\/sklep\\\/de\\\/\",\"name\":\"Road\",\"description\":\"Hurtownia Elektryczna w Dzier\u017coniowie. Producent sprz\u0119tu elektrycznego.\",\"publisher\":{\"@id\":\"https:\\\/\\\/roadeu.com\\\/sklep\\\/de\\\/#organization\"},\"potentialAction\":[{\"@type\":\"SearchAction\",\"target\":{\"@type\":\"EntryPoint\",\"urlTemplate\":\"https:\\\/\\\/roadeu.com\\\/sklep\\\/de\\\/?s={search_term_string}\"},\"query-input\":{\"@type\":\"PropertyValueSpecification\",\"valueRequired\":true,\"valueName\":\"search_term_string\"}}],\"inLanguage\":\"de\"},{\"@type\":\"Organization\",\"@id\":\"https:\\\/\\\/roadeu.com\\\/sklep\\\/de\\\/#organization\",\"name\":\"Road\",\"url\":\"https:\\\/\\\/roadeu.com\\\/sklep\\\/de\\\/\",\"logo\":{\"@type\":\"ImageObject\",\"inLanguage\":\"de\",\"@id\":\"https:\\\/\\\/roadeu.com\\\/sklep\\\/de\\\/#\\\/schema\\\/logo\\\/image\\\/\",\"url\":\"https:\\\/\\\/roadeu.com\\\/sklep\\\/wp-content\\\/uploads\\\/2025\\\/05\\\/logotype-lg-pl.png\",\"contentUrl\":\"https:\\\/\\\/roadeu.com\\\/sklep\\\/wp-content\\\/uploads\\\/2025\\\/05\\\/logotype-lg-pl.png\",\"width\":300,\"height\":70,\"caption\":\"Road\"},\"image\":{\"@id\":\"https:\\\/\\\/roadeu.com\\\/sklep\\\/de\\\/#\\\/schema\\\/logo\\\/image\\\/\"}}]}<\/script>\n<!-- \/ Yoast SEO plugin. -->","yoast_head_json":{"title":"Adapter f\u00fcr Caravan - CEE-Stecker 3P 16A auf Buchse 230V - Kabel 3x2 5mm2 - Verl\u00e4ngerung 1 Meter mit Stromz\u00e4hler. IP44 - Road","robots":{"index":"index","follow":"follow","max-snippet":"max-snippet:-1","max-image-preview":"max-image-preview:large","max-video-preview":"max-video-preview:-1"},"canonical":"https:\/\/roadeu.com\/sklep\/de\/produkt\/adapter-fuer-caravan-cee-stecker-3p-16a-auf-buchse-230v-kabel-3x2-5mm2-verlaengerung-1-meter-mit-stromzaehler-ip44\/","og_locale":"de_DE","og_type":"article","og_title":"Adapter f\u00fcr Caravan - CEE-Stecker 3P 16A auf Buchse 230V - Kabel 3x2 5mm2 - Verl\u00e4ngerung 1 Meter mit Stromz\u00e4hler. IP44 - Road","og_description":"Starkstrom Adapter","og_url":"https:\/\/roadeu.com\/sklep\/de\/produkt\/adapter-fuer-caravan-cee-stecker-3p-16a-auf-buchse-230v-kabel-3x2-5mm2-verlaengerung-1-meter-mit-stromzaehler-ip44\/","og_site_name":"Road","article_modified_time":"2026-04-27T10:53:14+00:00","og_image":[{"width":1500,"height":1448,"url":"https:\/\/roadeu.com\/sklep\/wp-content\/uploads\/2026\/04\/4-74.jpg","type":"image\/jpeg"}],"twitter_card":"summary_large_image","twitter_misc":{"Gesch\u00e4tzte Lesezeit":"2\u00a0Minute"},"schema":{"@context":"https:\/\/schema.org","@graph":[{"@type":"WebPage","@id":"https:\/\/roadeu.com\/sklep\/de\/produkt\/adapter-fuer-caravan-cee-stecker-3p-16a-auf-buchse-230v-kabel-3x2-5mm2-verlaengerung-1-meter-mit-stromzaehler-ip44\/","url":"https:\/\/roadeu.com\/sklep\/de\/produkt\/adapter-fuer-caravan-cee-stecker-3p-16a-auf-buchse-230v-kabel-3x2-5mm2-verlaengerung-1-meter-mit-stromzaehler-ip44\/","name":"Adapter f\u00fcr Caravan - CEE-Stecker 3P 16A auf Buchse 230V - Kabel 3x2 5mm2 - Verl\u00e4ngerung 1 Meter mit Stromz\u00e4hler. IP44 - Road","isPartOf":{"@id":"https:\/\/roadeu.com\/sklep\/de\/#website"},"primaryImageOfPage":{"@id":"https:\/\/roadeu.com\/sklep\/de\/produkt\/adapter-fuer-caravan-cee-stecker-3p-16a-auf-buchse-230v-kabel-3x2-5mm2-verlaengerung-1-meter-mit-stromzaehler-ip44\/#primaryimage"},"image":{"@id":"https:\/\/roadeu.com\/sklep\/de\/produkt\/adapter-fuer-caravan-cee-stecker-3p-16a-auf-buchse-230v-kabel-3x2-5mm2-verlaengerung-1-meter-mit-stromzaehler-ip44\/#primaryimage"},"thumbnailUrl":"https:\/\/roadeu.com\/sklep\/wp-content\/uploads\/2026\/04\/4-74.jpg","datePublished":"2026-04-27T10:48:46+00:00","dateModified":"2026-04-27T10:53:14+00:00","breadcrumb":{"@id":"https:\/\/roadeu.com\/sklep\/de\/produkt\/adapter-fuer-caravan-cee-stecker-3p-16a-auf-buchse-230v-kabel-3x2-5mm2-verlaengerung-1-meter-mit-stromzaehler-ip44\/#breadcrumb"},"inLanguage":"de","potentialAction":[{"@type":"ReadAction","target":["https:\/\/roadeu.com\/sklep\/de\/produkt\/adapter-fuer-caravan-cee-stecker-3p-16a-auf-buchse-230v-kabel-3x2-5mm2-verlaengerung-1-meter-mit-stromzaehler-ip44\/"]}]},{"@type":"ImageObject","inLanguage":"de","@id":"https:\/\/roadeu.com\/sklep\/de\/produkt\/adapter-fuer-caravan-cee-stecker-3p-16a-auf-buchse-230v-kabel-3x2-5mm2-verlaengerung-1-meter-mit-stromzaehler-ip44\/#primaryimage","url":"https:\/\/roadeu.com\/sklep\/wp-content\/uploads\/2026\/04\/4-74.jpg","contentUrl":"https:\/\/roadeu.com\/sklep\/wp-content\/uploads\/2026\/04\/4-74.jpg","width":1500,"height":1448},{"@type":"BreadcrumbList","@id":"https:\/\/roadeu.com\/sklep\/de\/produkt\/adapter-fuer-caravan-cee-stecker-3p-16a-auf-buchse-230v-kabel-3x2-5mm2-verlaengerung-1-meter-mit-stromzaehler-ip44\/#breadcrumb","itemListElement":[{"@type":"ListItem","position":1,"name":"Strona g\u0142\u00f3wna","item":"https:\/\/roadeu.com\/sklep\/de\/shop\/"},{"@type":"ListItem","position":2,"name":"Shop","item":"https:\/\/roadeu.com\/sklep\/de\/shop\/"},{"@type":"ListItem","position":3,"name":"Adapter f\u00fcr Caravan &#8211; CEE-Stecker 3P 16A auf Buchse 230V &#8211; Kabel 3&#215;2 5mm2 &#8211; Verl\u00e4ngerung 1 Meter mit Stromz\u00e4hler. IP44"}]},{"@type":"WebSite","@id":"https:\/\/roadeu.com\/sklep\/de\/#website","url":"https:\/\/roadeu.com\/sklep\/de\/","name":"Road","description":"Hurtownia Elektryczna w Dzier\u017coniowie. Producent sprz\u0119tu elektrycznego.","publisher":{"@id":"https:\/\/roadeu.com\/sklep\/de\/#organization"},"potentialAction":[{"@type":"SearchAction","target":{"@type":"EntryPoint","urlTemplate":"https:\/\/roadeu.com\/sklep\/de\/?s={search_term_string}"},"query-input":{"@type":"PropertyValueSpecification","valueRequired":true,"valueName":"search_term_string"}}],"inLanguage":"de"},{"@type":"Organization","@id":"https:\/\/roadeu.com\/sklep\/de\/#organization","name":"Road","url":"https:\/\/roadeu.com\/sklep\/de\/","logo":{"@type":"ImageObject","inLanguage":"de","@id":"https:\/\/roadeu.com\/sklep\/de\/#\/schema\/logo\/image\/","url":"https:\/\/roadeu.com\/sklep\/wp-content\/uploads\/2025\/05\/logotype-lg-pl.png","contentUrl":"https:\/\/roadeu.com\/sklep\/wp-content\/uploads\/2025\/05\/logotype-lg-pl.png","width":300,"height":70,"caption":"Road"},"image":{"@id":"https:\/\/roadeu.com\/sklep\/de\/#\/schema\/logo\/image\/"}}]}},"_links":{"self":[{"href":"https:\/\/roadeu.com\/sklep\/de\/wp-json\/wp\/v2\/product\/20959","targetHints":{"allow":["GET"]}}],"collection":[{"href":"https:\/\/roadeu.com\/sklep\/de\/wp-json\/wp\/v2\/product"}],"about":[{"href":"https:\/\/roadeu.com\/sklep\/de\/wp-json\/wp\/v2\/types\/product"}],"wp:featuredmedia":[{"embeddable":true,"href":"https:\/\/roadeu.com\/sklep\/de\/wp-json\/wp\/v2\/media\/20965"}],"wp:attachment":[{"href":"https:\/\/roadeu.com\/sklep\/de\/wp-json\/wp\/v2\/media?parent=20959"}],"wp:term":[{"taxonomy":"product_brand","embeddable":true,"href":"https:\/\/roadeu.com\/sklep\/de\/wp-json\/wp\/v2\/product_brand?post=20959"},{"taxonomy":"product_cat","embeddable":true,"href":"https:\/\/roadeu.com\/sklep\/de\/wp-json\/wp\/v2\/product_cat?post=20959"},{"taxonomy":"product_tag","embeddable":true,"href":"https:\/\/roadeu.com\/sklep\/de\/wp-json\/wp\/v2\/product_tag?post=20959"}],"curies":[{"name":"wp","href":"https:\/\/api.w.org\/{rel}","templated":true}]}}