{"id":20931,"date":"2026-04-27T12:29:29","date_gmt":"2026-04-27T10:29:29","guid":{"rendered":"https:\/\/roadeu.com\/sklep\/?post_type=product&#038;p=20931"},"modified":"2026-04-27T12:33:29","modified_gmt":"2026-04-27T10:33:29","slug":"cee-adapter-komplett-mit-zaehler-stecker-16a-3p-auf-schuko-kupplung-3x-230v-3x2-5mm2-kabel-verlaengerungskabel-1-meter-mit-stromzaehler-ip44","status":"publish","type":"product","link":"https:\/\/roadeu.com\/sklep\/de\/produkt\/cee-adapter-komplett-mit-zaehler-stecker-16a-3p-auf-schuko-kupplung-3x-230v-3x2-5mm2-kabel-verlaengerungskabel-1-meter-mit-stromzaehler-ip44\/","title":{"rendered":"CEE Adapter Komplett mit Z\u00e4hler &#8211; Stecker 16A 3P auf Schuko Kupplung 3X 230V &#8211; 3&#215;2 5mm2 Kabel &#8211; Verl\u00e4ngerungskabel 1 Meter mit Stromz\u00e4hler. IP44"},"content":{"rendered":"<p><strong>Info zu diesem Artikel<\/strong><\/p>\n<p><strong>SOLIDE GEBAUT:<\/strong> Starkstrom verl\u00e4ngerungskabel mit hochwertigem CEE Stecker 16A 3P und 3x 230v schuko kupplung mit 3\u00d72 5mm2 kabel in Gummi Isolierung. Mit dem Z\u00e4hler k\u00f6nnen Sie den Stromverbrauch kontrollieren und die Abrechnung mit dem Energieversorger kontrollieren.<br \/>\n<strong>PR\u00c4ZISE 1-PHASEN-STROMVERBRAUCHSANZEIGE:<\/strong> Das MID-zertifizierte 45A Power Meter erm\u00f6glicht eine genaue Verbrauchsmessung. Die blinkende LED-Anzeige informiert Benutzer \u00fcber die aktuelle Leistungsaufnahme.<\/p>\n<p>Bewohner k\u00f6nnen dank der MID-Zertifizierung ihren Energieverbrauch nachvollziehen und besser kontrollieren. Das Ger\u00e4t ist manipulationssicher und nicht r\u00fccksetzbar<\/p>\n<p><strong>WASSERBEST\u00c4NDIGKEIT<\/strong>: Wohnmobil Zubeh\u00f6r Au\u00dfen \u2013 Die Schutzart IP44 erlaubt den Einsatz des Adapters als im Au\u00dfen- und Innenbereich. Adapter CEE auf Schuko zur Verwendung z.B. Mit: wohnmobile, camper, wohnwagen, CEE steckdose, Baustromverteiler, Kombi Wandsteckdose \u2013 wo immer es gebraucht wird.<br \/>\n<strong>CAMPING ADAPTER TECHNISCHE DATEN<\/strong>: 16A 3 Polig CEE Stecker \u2013 3x 230 Schuko Kupplung (Steckdose) \u2013 Kabel 3\u00d72 5 mm. L\u00e4nge: 1 M \u2013 Gummi kabel \u2013 best\u00e4ndig gg\u00fc. Abrieb, St\u00f6\u00dfen, Quetschungen, Fetten und Mineral\u00f6len . Max 3600 Watt.<\/p>\n","protected":false},"excerpt":{"rendered":"<p><strong>Starkstrom Adapter<\/strong><\/p>\n","protected":false},"featured_media":20934,"template":"","meta":[],"product_brand":[377],"product_cat":[363],"product_tag":[],"class_list":{"0":"post-20931","1":"product","2":"type-product","3":"status-publish","4":"has-post-thumbnail","6":"product_brand-roadeu-de","7":"product_cat-verteilerschranke-steckschlusselsatze","9":"first","10":"instock","11":"taxable","12":"shipping-taxable","13":"purchasable","14":"product-type-simple"},"yoast_head":"<!-- This site is optimized with the Yoast SEO plugin v27.5 - https:\/\/yoast.com\/product\/yoast-seo-wordpress\/ -->\n<title>CEE Adapter Komplett mit Z\u00e4hler - Stecker 16A 3P auf Schuko Kupplung 3X 230V - 3x2 5mm2 Kabel - Verl\u00e4ngerungskabel 1 Meter mit Stromz\u00e4hler. IP44 - Road<\/title>\n<meta name=\"robots\" content=\"index, follow, max-snippet:-1, max-image-preview:large, max-video-preview:-1\" \/>\n<link rel=\"canonical\" href=\"https:\/\/roadeu.com\/sklep\/de\/produkt\/cee-adapter-komplett-mit-zaehler-stecker-16a-3p-auf-schuko-kupplung-3x-230v-3x2-5mm2-kabel-verlaengerungskabel-1-meter-mit-stromzaehler-ip44\/\" \/>\n<meta property=\"og:locale\" content=\"de_DE\" \/>\n<meta property=\"og:type\" content=\"article\" \/>\n<meta property=\"og:title\" content=\"CEE Adapter Komplett mit Z\u00e4hler - Stecker 16A 3P auf Schuko Kupplung 3X 230V - 3x2 5mm2 Kabel - Verl\u00e4ngerungskabel 1 Meter mit Stromz\u00e4hler. IP44 - Road\" \/>\n<meta property=\"og:description\" content=\"Starkstrom Adapter\" \/>\n<meta property=\"og:url\" content=\"https:\/\/roadeu.com\/sklep\/de\/produkt\/cee-adapter-komplett-mit-zaehler-stecker-16a-3p-auf-schuko-kupplung-3x-230v-3x2-5mm2-kabel-verlaengerungskabel-1-meter-mit-stromzaehler-ip44\/\" \/>\n<meta property=\"og:site_name\" content=\"Road\" \/>\n<meta property=\"article:modified_time\" content=\"2026-04-27T10:33:29+00:00\" \/>\n<meta property=\"og:image\" content=\"https:\/\/roadeu.com\/sklep\/wp-content\/uploads\/2026\/04\/1-74.jpg\" \/>\n\t<meta property=\"og:image:width\" content=\"1500\" \/>\n\t<meta property=\"og:image:height\" content=\"1154\" \/>\n\t<meta property=\"og:image:type\" content=\"image\/jpeg\" \/>\n<meta name=\"twitter:card\" content=\"summary_large_image\" \/>\n<meta name=\"twitter:label1\" content=\"Gesch\u00e4tzte Lesezeit\" \/>\n\t<meta name=\"twitter:data1\" content=\"2\u00a0Minute\" \/>\n<script type=\"application\/ld+json\" class=\"yoast-schema-graph\">{\"@context\":\"https:\\\/\\\/schema.org\",\"@graph\":[{\"@type\":\"WebPage\",\"@id\":\"https:\\\/\\\/roadeu.com\\\/sklep\\\/de\\\/produkt\\\/cee-adapter-komplett-mit-zaehler-stecker-16a-3p-auf-schuko-kupplung-3x-230v-3x2-5mm2-kabel-verlaengerungskabel-1-meter-mit-stromzaehler-ip44\\\/\",\"url\":\"https:\\\/\\\/roadeu.com\\\/sklep\\\/de\\\/produkt\\\/cee-adapter-komplett-mit-zaehler-stecker-16a-3p-auf-schuko-kupplung-3x-230v-3x2-5mm2-kabel-verlaengerungskabel-1-meter-mit-stromzaehler-ip44\\\/\",\"name\":\"CEE Adapter Komplett mit Z\u00e4hler - Stecker 16A 3P auf Schuko Kupplung 3X 230V - 3x2 5mm2 Kabel - Verl\u00e4ngerungskabel 1 Meter mit Stromz\u00e4hler. IP44 - Road\",\"isPartOf\":{\"@id\":\"https:\\\/\\\/roadeu.com\\\/sklep\\\/de\\\/#website\"},\"primaryImageOfPage\":{\"@id\":\"https:\\\/\\\/roadeu.com\\\/sklep\\\/de\\\/produkt\\\/cee-adapter-komplett-mit-zaehler-stecker-16a-3p-auf-schuko-kupplung-3x-230v-3x2-5mm2-kabel-verlaengerungskabel-1-meter-mit-stromzaehler-ip44\\\/#primaryimage\"},\"image\":{\"@id\":\"https:\\\/\\\/roadeu.com\\\/sklep\\\/de\\\/produkt\\\/cee-adapter-komplett-mit-zaehler-stecker-16a-3p-auf-schuko-kupplung-3x-230v-3x2-5mm2-kabel-verlaengerungskabel-1-meter-mit-stromzaehler-ip44\\\/#primaryimage\"},\"thumbnailUrl\":\"https:\\\/\\\/roadeu.com\\\/sklep\\\/wp-content\\\/uploads\\\/2026\\\/04\\\/1-74.jpg\",\"datePublished\":\"2026-04-27T10:29:29+00:00\",\"dateModified\":\"2026-04-27T10:33:29+00:00\",\"breadcrumb\":{\"@id\":\"https:\\\/\\\/roadeu.com\\\/sklep\\\/de\\\/produkt\\\/cee-adapter-komplett-mit-zaehler-stecker-16a-3p-auf-schuko-kupplung-3x-230v-3x2-5mm2-kabel-verlaengerungskabel-1-meter-mit-stromzaehler-ip44\\\/#breadcrumb\"},\"inLanguage\":\"de\",\"potentialAction\":[{\"@type\":\"ReadAction\",\"target\":[\"https:\\\/\\\/roadeu.com\\\/sklep\\\/de\\\/produkt\\\/cee-adapter-komplett-mit-zaehler-stecker-16a-3p-auf-schuko-kupplung-3x-230v-3x2-5mm2-kabel-verlaengerungskabel-1-meter-mit-stromzaehler-ip44\\\/\"]}]},{\"@type\":\"ImageObject\",\"inLanguage\":\"de\",\"@id\":\"https:\\\/\\\/roadeu.com\\\/sklep\\\/de\\\/produkt\\\/cee-adapter-komplett-mit-zaehler-stecker-16a-3p-auf-schuko-kupplung-3x-230v-3x2-5mm2-kabel-verlaengerungskabel-1-meter-mit-stromzaehler-ip44\\\/#primaryimage\",\"url\":\"https:\\\/\\\/roadeu.com\\\/sklep\\\/wp-content\\\/uploads\\\/2026\\\/04\\\/1-74.jpg\",\"contentUrl\":\"https:\\\/\\\/roadeu.com\\\/sklep\\\/wp-content\\\/uploads\\\/2026\\\/04\\\/1-74.jpg\",\"width\":1500,\"height\":1154},{\"@type\":\"BreadcrumbList\",\"@id\":\"https:\\\/\\\/roadeu.com\\\/sklep\\\/de\\\/produkt\\\/cee-adapter-komplett-mit-zaehler-stecker-16a-3p-auf-schuko-kupplung-3x-230v-3x2-5mm2-kabel-verlaengerungskabel-1-meter-mit-stromzaehler-ip44\\\/#breadcrumb\",\"itemListElement\":[{\"@type\":\"ListItem\",\"position\":1,\"name\":\"Strona g\u0142\u00f3wna\",\"item\":\"https:\\\/\\\/roadeu.com\\\/sklep\\\/de\\\/shop\\\/\"},{\"@type\":\"ListItem\",\"position\":2,\"name\":\"Shop\",\"item\":\"https:\\\/\\\/roadeu.com\\\/sklep\\\/de\\\/shop\\\/\"},{\"@type\":\"ListItem\",\"position\":3,\"name\":\"CEE Adapter Komplett mit Z\u00e4hler &#8211; Stecker 16A 3P auf Schuko Kupplung 3X 230V &#8211; 3&#215;2 5mm2 Kabel &#8211; Verl\u00e4ngerungskabel 1 Meter mit Stromz\u00e4hler. IP44\"}]},{\"@type\":\"WebSite\",\"@id\":\"https:\\\/\\\/roadeu.com\\\/sklep\\\/de\\\/#website\",\"url\":\"https:\\\/\\\/roadeu.com\\\/sklep\\\/de\\\/\",\"name\":\"Road\",\"description\":\"Hurtownia Elektryczna w Dzier\u017coniowie. Producent sprz\u0119tu elektrycznego.\",\"publisher\":{\"@id\":\"https:\\\/\\\/roadeu.com\\\/sklep\\\/de\\\/#organization\"},\"potentialAction\":[{\"@type\":\"SearchAction\",\"target\":{\"@type\":\"EntryPoint\",\"urlTemplate\":\"https:\\\/\\\/roadeu.com\\\/sklep\\\/de\\\/?s={search_term_string}\"},\"query-input\":{\"@type\":\"PropertyValueSpecification\",\"valueRequired\":true,\"valueName\":\"search_term_string\"}}],\"inLanguage\":\"de\"},{\"@type\":\"Organization\",\"@id\":\"https:\\\/\\\/roadeu.com\\\/sklep\\\/de\\\/#organization\",\"name\":\"Road\",\"url\":\"https:\\\/\\\/roadeu.com\\\/sklep\\\/de\\\/\",\"logo\":{\"@type\":\"ImageObject\",\"inLanguage\":\"de\",\"@id\":\"https:\\\/\\\/roadeu.com\\\/sklep\\\/de\\\/#\\\/schema\\\/logo\\\/image\\\/\",\"url\":\"https:\\\/\\\/roadeu.com\\\/sklep\\\/wp-content\\\/uploads\\\/2025\\\/05\\\/logotype-lg-pl.png\",\"contentUrl\":\"https:\\\/\\\/roadeu.com\\\/sklep\\\/wp-content\\\/uploads\\\/2025\\\/05\\\/logotype-lg-pl.png\",\"width\":300,\"height\":70,\"caption\":\"Road\"},\"image\":{\"@id\":\"https:\\\/\\\/roadeu.com\\\/sklep\\\/de\\\/#\\\/schema\\\/logo\\\/image\\\/\"}}]}<\/script>\n<!-- \/ Yoast SEO plugin. -->","yoast_head_json":{"title":"CEE Adapter Komplett mit Z\u00e4hler - Stecker 16A 3P auf Schuko Kupplung 3X 230V - 3x2 5mm2 Kabel - Verl\u00e4ngerungskabel 1 Meter mit Stromz\u00e4hler. IP44 - Road","robots":{"index":"index","follow":"follow","max-snippet":"max-snippet:-1","max-image-preview":"max-image-preview:large","max-video-preview":"max-video-preview:-1"},"canonical":"https:\/\/roadeu.com\/sklep\/de\/produkt\/cee-adapter-komplett-mit-zaehler-stecker-16a-3p-auf-schuko-kupplung-3x-230v-3x2-5mm2-kabel-verlaengerungskabel-1-meter-mit-stromzaehler-ip44\/","og_locale":"de_DE","og_type":"article","og_title":"CEE Adapter Komplett mit Z\u00e4hler - Stecker 16A 3P auf Schuko Kupplung 3X 230V - 3x2 5mm2 Kabel - Verl\u00e4ngerungskabel 1 Meter mit Stromz\u00e4hler. IP44 - Road","og_description":"Starkstrom Adapter","og_url":"https:\/\/roadeu.com\/sklep\/de\/produkt\/cee-adapter-komplett-mit-zaehler-stecker-16a-3p-auf-schuko-kupplung-3x-230v-3x2-5mm2-kabel-verlaengerungskabel-1-meter-mit-stromzaehler-ip44\/","og_site_name":"Road","article_modified_time":"2026-04-27T10:33:29+00:00","og_image":[{"width":1500,"height":1154,"url":"https:\/\/roadeu.com\/sklep\/wp-content\/uploads\/2026\/04\/1-74.jpg","type":"image\/jpeg"}],"twitter_card":"summary_large_image","twitter_misc":{"Gesch\u00e4tzte Lesezeit":"2\u00a0Minute"},"schema":{"@context":"https:\/\/schema.org","@graph":[{"@type":"WebPage","@id":"https:\/\/roadeu.com\/sklep\/de\/produkt\/cee-adapter-komplett-mit-zaehler-stecker-16a-3p-auf-schuko-kupplung-3x-230v-3x2-5mm2-kabel-verlaengerungskabel-1-meter-mit-stromzaehler-ip44\/","url":"https:\/\/roadeu.com\/sklep\/de\/produkt\/cee-adapter-komplett-mit-zaehler-stecker-16a-3p-auf-schuko-kupplung-3x-230v-3x2-5mm2-kabel-verlaengerungskabel-1-meter-mit-stromzaehler-ip44\/","name":"CEE Adapter Komplett mit Z\u00e4hler - Stecker 16A 3P auf Schuko Kupplung 3X 230V - 3x2 5mm2 Kabel - Verl\u00e4ngerungskabel 1 Meter mit Stromz\u00e4hler. IP44 - Road","isPartOf":{"@id":"https:\/\/roadeu.com\/sklep\/de\/#website"},"primaryImageOfPage":{"@id":"https:\/\/roadeu.com\/sklep\/de\/produkt\/cee-adapter-komplett-mit-zaehler-stecker-16a-3p-auf-schuko-kupplung-3x-230v-3x2-5mm2-kabel-verlaengerungskabel-1-meter-mit-stromzaehler-ip44\/#primaryimage"},"image":{"@id":"https:\/\/roadeu.com\/sklep\/de\/produkt\/cee-adapter-komplett-mit-zaehler-stecker-16a-3p-auf-schuko-kupplung-3x-230v-3x2-5mm2-kabel-verlaengerungskabel-1-meter-mit-stromzaehler-ip44\/#primaryimage"},"thumbnailUrl":"https:\/\/roadeu.com\/sklep\/wp-content\/uploads\/2026\/04\/1-74.jpg","datePublished":"2026-04-27T10:29:29+00:00","dateModified":"2026-04-27T10:33:29+00:00","breadcrumb":{"@id":"https:\/\/roadeu.com\/sklep\/de\/produkt\/cee-adapter-komplett-mit-zaehler-stecker-16a-3p-auf-schuko-kupplung-3x-230v-3x2-5mm2-kabel-verlaengerungskabel-1-meter-mit-stromzaehler-ip44\/#breadcrumb"},"inLanguage":"de","potentialAction":[{"@type":"ReadAction","target":["https:\/\/roadeu.com\/sklep\/de\/produkt\/cee-adapter-komplett-mit-zaehler-stecker-16a-3p-auf-schuko-kupplung-3x-230v-3x2-5mm2-kabel-verlaengerungskabel-1-meter-mit-stromzaehler-ip44\/"]}]},{"@type":"ImageObject","inLanguage":"de","@id":"https:\/\/roadeu.com\/sklep\/de\/produkt\/cee-adapter-komplett-mit-zaehler-stecker-16a-3p-auf-schuko-kupplung-3x-230v-3x2-5mm2-kabel-verlaengerungskabel-1-meter-mit-stromzaehler-ip44\/#primaryimage","url":"https:\/\/roadeu.com\/sklep\/wp-content\/uploads\/2026\/04\/1-74.jpg","contentUrl":"https:\/\/roadeu.com\/sklep\/wp-content\/uploads\/2026\/04\/1-74.jpg","width":1500,"height":1154},{"@type":"BreadcrumbList","@id":"https:\/\/roadeu.com\/sklep\/de\/produkt\/cee-adapter-komplett-mit-zaehler-stecker-16a-3p-auf-schuko-kupplung-3x-230v-3x2-5mm2-kabel-verlaengerungskabel-1-meter-mit-stromzaehler-ip44\/#breadcrumb","itemListElement":[{"@type":"ListItem","position":1,"name":"Strona g\u0142\u00f3wna","item":"https:\/\/roadeu.com\/sklep\/de\/shop\/"},{"@type":"ListItem","position":2,"name":"Shop","item":"https:\/\/roadeu.com\/sklep\/de\/shop\/"},{"@type":"ListItem","position":3,"name":"CEE Adapter Komplett mit Z\u00e4hler &#8211; Stecker 16A 3P auf Schuko Kupplung 3X 230V &#8211; 3&#215;2 5mm2 Kabel &#8211; Verl\u00e4ngerungskabel 1 Meter mit Stromz\u00e4hler. IP44"}]},{"@type":"WebSite","@id":"https:\/\/roadeu.com\/sklep\/de\/#website","url":"https:\/\/roadeu.com\/sklep\/de\/","name":"Road","description":"Hurtownia Elektryczna w Dzier\u017coniowie. Producent sprz\u0119tu elektrycznego.","publisher":{"@id":"https:\/\/roadeu.com\/sklep\/de\/#organization"},"potentialAction":[{"@type":"SearchAction","target":{"@type":"EntryPoint","urlTemplate":"https:\/\/roadeu.com\/sklep\/de\/?s={search_term_string}"},"query-input":{"@type":"PropertyValueSpecification","valueRequired":true,"valueName":"search_term_string"}}],"inLanguage":"de"},{"@type":"Organization","@id":"https:\/\/roadeu.com\/sklep\/de\/#organization","name":"Road","url":"https:\/\/roadeu.com\/sklep\/de\/","logo":{"@type":"ImageObject","inLanguage":"de","@id":"https:\/\/roadeu.com\/sklep\/de\/#\/schema\/logo\/image\/","url":"https:\/\/roadeu.com\/sklep\/wp-content\/uploads\/2025\/05\/logotype-lg-pl.png","contentUrl":"https:\/\/roadeu.com\/sklep\/wp-content\/uploads\/2025\/05\/logotype-lg-pl.png","width":300,"height":70,"caption":"Road"},"image":{"@id":"https:\/\/roadeu.com\/sklep\/de\/#\/schema\/logo\/image\/"}}]}},"_links":{"self":[{"href":"https:\/\/roadeu.com\/sklep\/de\/wp-json\/wp\/v2\/product\/20931","targetHints":{"allow":["GET"]}}],"collection":[{"href":"https:\/\/roadeu.com\/sklep\/de\/wp-json\/wp\/v2\/product"}],"about":[{"href":"https:\/\/roadeu.com\/sklep\/de\/wp-json\/wp\/v2\/types\/product"}],"wp:featuredmedia":[{"embeddable":true,"href":"https:\/\/roadeu.com\/sklep\/de\/wp-json\/wp\/v2\/media\/20934"}],"wp:attachment":[{"href":"https:\/\/roadeu.com\/sklep\/de\/wp-json\/wp\/v2\/media?parent=20931"}],"wp:term":[{"taxonomy":"product_brand","embeddable":true,"href":"https:\/\/roadeu.com\/sklep\/de\/wp-json\/wp\/v2\/product_brand?post=20931"},{"taxonomy":"product_cat","embeddable":true,"href":"https:\/\/roadeu.com\/sklep\/de\/wp-json\/wp\/v2\/product_cat?post=20931"},{"taxonomy":"product_tag","embeddable":true,"href":"https:\/\/roadeu.com\/sklep\/de\/wp-json\/wp\/v2\/product_tag?post=20931"}],"curies":[{"name":"wp","href":"https:\/\/api.w.org\/{rel}","templated":true}]}}