{"id":20852,"date":"2026-04-23T11:53:18","date_gmt":"2026-04-23T09:53:18","guid":{"rendered":"https:\/\/roadeu.com\/sklep\/?post_type=product&#038;p=20852"},"modified":"2026-04-23T12:00:05","modified_gmt":"2026-04-23T10:00:05","slug":"leitungsschutzschalter-komplett-mit-zaehler-fi-schutzschalter-40a-10a-16a-sicherungsautomat-c-in-aufputz-verteilerkasten-sicherungskasten-ip65-aussen-wasserdicht-mit-stromzaehler","status":"publish","type":"product","link":"https:\/\/roadeu.com\/sklep\/de\/produkt\/leitungsschutzschalter-komplett-mit-zaehler-fi-schutzschalter-40a-10a-16a-sicherungsautomat-c-in-aufputz-verteilerkasten-sicherungskasten-ip65-aussen-wasserdicht-mit-stromzaehler\/","title":{"rendered":"Leitungsschutzschalter &#8211; Komplett mit Z\u00e4hler &#8211; Fi Schutzschalter 40A &#8211; 10A, 16A Sicherungsautomat C in Aufputz Verteilerkasten &#8211; Sicherungskasten IP65 Au\u00dfen Wasserdicht mit Stromz\u00e4hler"},"content":{"rendered":"<p><strong> Info zu diesem Artikel<\/strong><\/p>\n<p><strong>DER SICHERUNGSKASTEN AUFPUTZ IP65<\/strong>: wurde entwickelt, um versehentliches Auslaufen und Kurzschl\u00fcsse zu verhindern. Der Stromverteiler ist anschlussfertig vorverdrahtet und erleichtert somit die Installation. Der Wandverteiler ist mit N+PE Klemmen ausgestattet, die f\u00fcr eine sichere Verbindung sorgen.<br \/>\n<strong>3 PHASEN ANZEIGE<\/strong> des Stromverbrauchs mit MID Zertifikat bietet ein 100A Power Meter Strommesser Verbrauchsmessger\u00e4t. Die Leistungsaufnahme in der Phase wird durch eine blinkende LED angezeigt. MID-zertifizierte Ger\u00e4te k\u00f6nnen verwendet werden, um den Bewohnern ihren Energieverbrauch anhand des angegebenen Stromverbrauchs zu berechnen. Das Ger\u00e4t kann niemals zur\u00fcckgesetzt werden, um eine genaue und kontinuierliche Erfassung des Verbrauchs zu gew\u00e4hrleisten.<br \/>\n<strong>VERTEILERKASTEN AUFPUTZ ABSICHERUNG<\/strong> umfasst 1x Fehlerstromschutzschalter 40A 30mA Typ A\/AC, 2x Sicherungsautomat 10A 1P C, 10x Sicherungsautomat 16A 1P C, 1x Sicherungsautomat 16A 3P C und 1x MID Stromz\u00e4hler. Herstellerzertifikate: T\u00dcV. Der Anschluss von \u00dcberstromschutzschaltern erfolgt durch Trennung der Phasen, daher ist eine 3-phasige Stromversorgung erforderlich, um maximale Sicherheit zu gew\u00e4hrleisten.<br \/>\n<strong>DER AUFPUTZ VERTEILERKASTEN:<\/strong> ist \u00e4u\u00dferst einfach zu installieren und eignet sich f\u00fcr den Einsatz im Haushalt, in der Industrie und in Werkst\u00e4tten. Die hohe Schutzart IP65 gew\u00e4hrleistet den Schutz im Innen- und Au\u00dfenbereich, selbst in feuchtigkeits- und wasserbelasteten Umgebungen. Die UV-best\u00e4ndige und schlagfeste IK07-Konstruktion sorgt f\u00fcr Langlebigkeit und Widerstandsf\u00e4higkeit.<br \/>\n<strong>SICHERUNGSKASTEN AUFPUTZ 2 REIHIG<\/strong>: sind mit einer speziellen Tragschiene und \u201eN\u201c-Leiter vorkonfektioniert, was die Installation noch einfacher und zeitsparender gestaltet. Schlie\u00dfen Sie einfach die Stromversorgung und die Empf\u00e4nger an, um Ihre elektrischen Anlagen schnell und sicher in Betrieb zu nehmen.<\/p>\n<p>&nbsp;<\/p>\n","protected":false},"excerpt":{"rendered":"<p><strong>Leitungsschutzschalter<\/strong><\/p>\n","protected":false},"featured_media":20856,"template":"","meta":[],"product_brand":[377],"product_cat":[374],"product_tag":[],"class_list":{"0":"post-20852","1":"product","2":"type-product","3":"status-publish","4":"has-post-thumbnail","6":"product_brand-roadeu-de","7":"product_cat-schaltanlage-mit-schutz","9":"first","10":"instock","11":"taxable","12":"shipping-taxable","13":"purchasable","14":"product-type-simple"},"yoast_head":"<!-- This site is optimized with the Yoast SEO plugin v27.4 - https:\/\/yoast.com\/product\/yoast-seo-wordpress\/ -->\n<title>Leitungsschutzschalter - Komplett mit Z\u00e4hler - Fi Schutzschalter 40A - 10A, 16A Sicherungsautomat C in Aufputz Verteilerkasten - Sicherungskasten IP65 Au\u00dfen Wasserdicht mit Stromz\u00e4hler - Road<\/title>\n<meta name=\"robots\" content=\"index, follow, max-snippet:-1, max-image-preview:large, max-video-preview:-1\" \/>\n<link rel=\"canonical\" href=\"https:\/\/roadeu.com\/sklep\/de\/produkt\/leitungsschutzschalter-komplett-mit-zaehler-fi-schutzschalter-40a-10a-16a-sicherungsautomat-c-in-aufputz-verteilerkasten-sicherungskasten-ip65-aussen-wasserdicht-mit-stromzaehler\/\" \/>\n<meta property=\"og:locale\" content=\"de_DE\" \/>\n<meta property=\"og:type\" content=\"article\" \/>\n<meta property=\"og:title\" content=\"Leitungsschutzschalter - Komplett mit Z\u00e4hler - Fi Schutzschalter 40A - 10A, 16A Sicherungsautomat C in Aufputz Verteilerkasten - Sicherungskasten IP65 Au\u00dfen Wasserdicht mit Stromz\u00e4hler - Road\" \/>\n<meta property=\"og:description\" content=\"Leitungsschutzschalter\" \/>\n<meta property=\"og:url\" content=\"https:\/\/roadeu.com\/sklep\/de\/produkt\/leitungsschutzschalter-komplett-mit-zaehler-fi-schutzschalter-40a-10a-16a-sicherungsautomat-c-in-aufputz-verteilerkasten-sicherungskasten-ip65-aussen-wasserdicht-mit-stromzaehler\/\" \/>\n<meta property=\"og:site_name\" content=\"Road\" \/>\n<meta property=\"article:modified_time\" content=\"2026-04-23T10:00:05+00:00\" \/>\n<meta property=\"og:image\" content=\"https:\/\/roadeu.com\/sklep\/wp-content\/uploads\/2026\/04\/2-71.jpg\" \/>\n\t<meta property=\"og:image:width\" content=\"1187\" \/>\n\t<meta property=\"og:image:height\" content=\"1500\" \/>\n\t<meta property=\"og:image:type\" content=\"image\/jpeg\" \/>\n<meta name=\"twitter:card\" content=\"summary_large_image\" \/>\n<meta name=\"twitter:label1\" content=\"Gesch\u00e4tzte Lesezeit\" \/>\n\t<meta name=\"twitter:data1\" content=\"2\u00a0Minute\" \/>\n<script type=\"application\/ld+json\" class=\"yoast-schema-graph\">{\"@context\":\"https:\\\/\\\/schema.org\",\"@graph\":[{\"@type\":\"WebPage\",\"@id\":\"https:\\\/\\\/roadeu.com\\\/sklep\\\/de\\\/produkt\\\/leitungsschutzschalter-komplett-mit-zaehler-fi-schutzschalter-40a-10a-16a-sicherungsautomat-c-in-aufputz-verteilerkasten-sicherungskasten-ip65-aussen-wasserdicht-mit-stromzaehler\\\/\",\"url\":\"https:\\\/\\\/roadeu.com\\\/sklep\\\/de\\\/produkt\\\/leitungsschutzschalter-komplett-mit-zaehler-fi-schutzschalter-40a-10a-16a-sicherungsautomat-c-in-aufputz-verteilerkasten-sicherungskasten-ip65-aussen-wasserdicht-mit-stromzaehler\\\/\",\"name\":\"Leitungsschutzschalter - Komplett mit Z\u00e4hler - Fi Schutzschalter 40A - 10A, 16A Sicherungsautomat C in Aufputz Verteilerkasten - Sicherungskasten IP65 Au\u00dfen Wasserdicht mit Stromz\u00e4hler - Road\",\"isPartOf\":{\"@id\":\"https:\\\/\\\/roadeu.com\\\/sklep\\\/de\\\/#website\"},\"primaryImageOfPage\":{\"@id\":\"https:\\\/\\\/roadeu.com\\\/sklep\\\/de\\\/produkt\\\/leitungsschutzschalter-komplett-mit-zaehler-fi-schutzschalter-40a-10a-16a-sicherungsautomat-c-in-aufputz-verteilerkasten-sicherungskasten-ip65-aussen-wasserdicht-mit-stromzaehler\\\/#primaryimage\"},\"image\":{\"@id\":\"https:\\\/\\\/roadeu.com\\\/sklep\\\/de\\\/produkt\\\/leitungsschutzschalter-komplett-mit-zaehler-fi-schutzschalter-40a-10a-16a-sicherungsautomat-c-in-aufputz-verteilerkasten-sicherungskasten-ip65-aussen-wasserdicht-mit-stromzaehler\\\/#primaryimage\"},\"thumbnailUrl\":\"https:\\\/\\\/roadeu.com\\\/sklep\\\/wp-content\\\/uploads\\\/2026\\\/04\\\/2-71.jpg\",\"datePublished\":\"2026-04-23T09:53:18+00:00\",\"dateModified\":\"2026-04-23T10:00:05+00:00\",\"breadcrumb\":{\"@id\":\"https:\\\/\\\/roadeu.com\\\/sklep\\\/de\\\/produkt\\\/leitungsschutzschalter-komplett-mit-zaehler-fi-schutzschalter-40a-10a-16a-sicherungsautomat-c-in-aufputz-verteilerkasten-sicherungskasten-ip65-aussen-wasserdicht-mit-stromzaehler\\\/#breadcrumb\"},\"inLanguage\":\"de\",\"potentialAction\":[{\"@type\":\"ReadAction\",\"target\":[\"https:\\\/\\\/roadeu.com\\\/sklep\\\/de\\\/produkt\\\/leitungsschutzschalter-komplett-mit-zaehler-fi-schutzschalter-40a-10a-16a-sicherungsautomat-c-in-aufputz-verteilerkasten-sicherungskasten-ip65-aussen-wasserdicht-mit-stromzaehler\\\/\"]}]},{\"@type\":\"ImageObject\",\"inLanguage\":\"de\",\"@id\":\"https:\\\/\\\/roadeu.com\\\/sklep\\\/de\\\/produkt\\\/leitungsschutzschalter-komplett-mit-zaehler-fi-schutzschalter-40a-10a-16a-sicherungsautomat-c-in-aufputz-verteilerkasten-sicherungskasten-ip65-aussen-wasserdicht-mit-stromzaehler\\\/#primaryimage\",\"url\":\"https:\\\/\\\/roadeu.com\\\/sklep\\\/wp-content\\\/uploads\\\/2026\\\/04\\\/2-71.jpg\",\"contentUrl\":\"https:\\\/\\\/roadeu.com\\\/sklep\\\/wp-content\\\/uploads\\\/2026\\\/04\\\/2-71.jpg\",\"width\":1187,\"height\":1500},{\"@type\":\"BreadcrumbList\",\"@id\":\"https:\\\/\\\/roadeu.com\\\/sklep\\\/de\\\/produkt\\\/leitungsschutzschalter-komplett-mit-zaehler-fi-schutzschalter-40a-10a-16a-sicherungsautomat-c-in-aufputz-verteilerkasten-sicherungskasten-ip65-aussen-wasserdicht-mit-stromzaehler\\\/#breadcrumb\",\"itemListElement\":[{\"@type\":\"ListItem\",\"position\":1,\"name\":\"Strona g\u0142\u00f3wna\",\"item\":\"https:\\\/\\\/roadeu.com\\\/sklep\\\/de\\\/shop\\\/\"},{\"@type\":\"ListItem\",\"position\":2,\"name\":\"Shop\",\"item\":\"https:\\\/\\\/roadeu.com\\\/sklep\\\/de\\\/shop\\\/\"},{\"@type\":\"ListItem\",\"position\":3,\"name\":\"Leitungsschutzschalter &#8211; Komplett mit Z\u00e4hler &#8211; Fi Schutzschalter 40A &#8211; 10A, 16A Sicherungsautomat C in Aufputz Verteilerkasten &#8211; Sicherungskasten IP65 Au\u00dfen Wasserdicht mit Stromz\u00e4hler\"}]},{\"@type\":\"WebSite\",\"@id\":\"https:\\\/\\\/roadeu.com\\\/sklep\\\/de\\\/#website\",\"url\":\"https:\\\/\\\/roadeu.com\\\/sklep\\\/de\\\/\",\"name\":\"Road\",\"description\":\"Hurtownia Elektryczna w Dzier\u017coniowie. Producent sprz\u0119tu elektrycznego.\",\"publisher\":{\"@id\":\"https:\\\/\\\/roadeu.com\\\/sklep\\\/de\\\/#organization\"},\"potentialAction\":[{\"@type\":\"SearchAction\",\"target\":{\"@type\":\"EntryPoint\",\"urlTemplate\":\"https:\\\/\\\/roadeu.com\\\/sklep\\\/de\\\/?s={search_term_string}\"},\"query-input\":{\"@type\":\"PropertyValueSpecification\",\"valueRequired\":true,\"valueName\":\"search_term_string\"}}],\"inLanguage\":\"de\"},{\"@type\":\"Organization\",\"@id\":\"https:\\\/\\\/roadeu.com\\\/sklep\\\/de\\\/#organization\",\"name\":\"Road\",\"url\":\"https:\\\/\\\/roadeu.com\\\/sklep\\\/de\\\/\",\"logo\":{\"@type\":\"ImageObject\",\"inLanguage\":\"de\",\"@id\":\"https:\\\/\\\/roadeu.com\\\/sklep\\\/de\\\/#\\\/schema\\\/logo\\\/image\\\/\",\"url\":\"https:\\\/\\\/roadeu.com\\\/sklep\\\/wp-content\\\/uploads\\\/2025\\\/05\\\/logotype-lg-pl.png\",\"contentUrl\":\"https:\\\/\\\/roadeu.com\\\/sklep\\\/wp-content\\\/uploads\\\/2025\\\/05\\\/logotype-lg-pl.png\",\"width\":300,\"height\":70,\"caption\":\"Road\"},\"image\":{\"@id\":\"https:\\\/\\\/roadeu.com\\\/sklep\\\/de\\\/#\\\/schema\\\/logo\\\/image\\\/\"}}]}<\/script>\n<!-- \/ Yoast SEO plugin. -->","yoast_head_json":{"title":"Leitungsschutzschalter - Komplett mit Z\u00e4hler - Fi Schutzschalter 40A - 10A, 16A Sicherungsautomat C in Aufputz Verteilerkasten - Sicherungskasten IP65 Au\u00dfen Wasserdicht mit Stromz\u00e4hler - Road","robots":{"index":"index","follow":"follow","max-snippet":"max-snippet:-1","max-image-preview":"max-image-preview:large","max-video-preview":"max-video-preview:-1"},"canonical":"https:\/\/roadeu.com\/sklep\/de\/produkt\/leitungsschutzschalter-komplett-mit-zaehler-fi-schutzschalter-40a-10a-16a-sicherungsautomat-c-in-aufputz-verteilerkasten-sicherungskasten-ip65-aussen-wasserdicht-mit-stromzaehler\/","og_locale":"de_DE","og_type":"article","og_title":"Leitungsschutzschalter - Komplett mit Z\u00e4hler - Fi Schutzschalter 40A - 10A, 16A Sicherungsautomat C in Aufputz Verteilerkasten - Sicherungskasten IP65 Au\u00dfen Wasserdicht mit Stromz\u00e4hler - Road","og_description":"Leitungsschutzschalter","og_url":"https:\/\/roadeu.com\/sklep\/de\/produkt\/leitungsschutzschalter-komplett-mit-zaehler-fi-schutzschalter-40a-10a-16a-sicherungsautomat-c-in-aufputz-verteilerkasten-sicherungskasten-ip65-aussen-wasserdicht-mit-stromzaehler\/","og_site_name":"Road","article_modified_time":"2026-04-23T10:00:05+00:00","og_image":[{"width":1187,"height":1500,"url":"https:\/\/roadeu.com\/sklep\/wp-content\/uploads\/2026\/04\/2-71.jpg","type":"image\/jpeg"}],"twitter_card":"summary_large_image","twitter_misc":{"Gesch\u00e4tzte Lesezeit":"2\u00a0Minute"},"schema":{"@context":"https:\/\/schema.org","@graph":[{"@type":"WebPage","@id":"https:\/\/roadeu.com\/sklep\/de\/produkt\/leitungsschutzschalter-komplett-mit-zaehler-fi-schutzschalter-40a-10a-16a-sicherungsautomat-c-in-aufputz-verteilerkasten-sicherungskasten-ip65-aussen-wasserdicht-mit-stromzaehler\/","url":"https:\/\/roadeu.com\/sklep\/de\/produkt\/leitungsschutzschalter-komplett-mit-zaehler-fi-schutzschalter-40a-10a-16a-sicherungsautomat-c-in-aufputz-verteilerkasten-sicherungskasten-ip65-aussen-wasserdicht-mit-stromzaehler\/","name":"Leitungsschutzschalter - Komplett mit Z\u00e4hler - Fi Schutzschalter 40A - 10A, 16A Sicherungsautomat C in Aufputz Verteilerkasten - Sicherungskasten IP65 Au\u00dfen Wasserdicht mit Stromz\u00e4hler - Road","isPartOf":{"@id":"https:\/\/roadeu.com\/sklep\/de\/#website"},"primaryImageOfPage":{"@id":"https:\/\/roadeu.com\/sklep\/de\/produkt\/leitungsschutzschalter-komplett-mit-zaehler-fi-schutzschalter-40a-10a-16a-sicherungsautomat-c-in-aufputz-verteilerkasten-sicherungskasten-ip65-aussen-wasserdicht-mit-stromzaehler\/#primaryimage"},"image":{"@id":"https:\/\/roadeu.com\/sklep\/de\/produkt\/leitungsschutzschalter-komplett-mit-zaehler-fi-schutzschalter-40a-10a-16a-sicherungsautomat-c-in-aufputz-verteilerkasten-sicherungskasten-ip65-aussen-wasserdicht-mit-stromzaehler\/#primaryimage"},"thumbnailUrl":"https:\/\/roadeu.com\/sklep\/wp-content\/uploads\/2026\/04\/2-71.jpg","datePublished":"2026-04-23T09:53:18+00:00","dateModified":"2026-04-23T10:00:05+00:00","breadcrumb":{"@id":"https:\/\/roadeu.com\/sklep\/de\/produkt\/leitungsschutzschalter-komplett-mit-zaehler-fi-schutzschalter-40a-10a-16a-sicherungsautomat-c-in-aufputz-verteilerkasten-sicherungskasten-ip65-aussen-wasserdicht-mit-stromzaehler\/#breadcrumb"},"inLanguage":"de","potentialAction":[{"@type":"ReadAction","target":["https:\/\/roadeu.com\/sklep\/de\/produkt\/leitungsschutzschalter-komplett-mit-zaehler-fi-schutzschalter-40a-10a-16a-sicherungsautomat-c-in-aufputz-verteilerkasten-sicherungskasten-ip65-aussen-wasserdicht-mit-stromzaehler\/"]}]},{"@type":"ImageObject","inLanguage":"de","@id":"https:\/\/roadeu.com\/sklep\/de\/produkt\/leitungsschutzschalter-komplett-mit-zaehler-fi-schutzschalter-40a-10a-16a-sicherungsautomat-c-in-aufputz-verteilerkasten-sicherungskasten-ip65-aussen-wasserdicht-mit-stromzaehler\/#primaryimage","url":"https:\/\/roadeu.com\/sklep\/wp-content\/uploads\/2026\/04\/2-71.jpg","contentUrl":"https:\/\/roadeu.com\/sklep\/wp-content\/uploads\/2026\/04\/2-71.jpg","width":1187,"height":1500},{"@type":"BreadcrumbList","@id":"https:\/\/roadeu.com\/sklep\/de\/produkt\/leitungsschutzschalter-komplett-mit-zaehler-fi-schutzschalter-40a-10a-16a-sicherungsautomat-c-in-aufputz-verteilerkasten-sicherungskasten-ip65-aussen-wasserdicht-mit-stromzaehler\/#breadcrumb","itemListElement":[{"@type":"ListItem","position":1,"name":"Strona g\u0142\u00f3wna","item":"https:\/\/roadeu.com\/sklep\/de\/shop\/"},{"@type":"ListItem","position":2,"name":"Shop","item":"https:\/\/roadeu.com\/sklep\/de\/shop\/"},{"@type":"ListItem","position":3,"name":"Leitungsschutzschalter &#8211; Komplett mit Z\u00e4hler &#8211; Fi Schutzschalter 40A &#8211; 10A, 16A Sicherungsautomat C in Aufputz Verteilerkasten &#8211; Sicherungskasten IP65 Au\u00dfen Wasserdicht mit Stromz\u00e4hler"}]},{"@type":"WebSite","@id":"https:\/\/roadeu.com\/sklep\/de\/#website","url":"https:\/\/roadeu.com\/sklep\/de\/","name":"Road","description":"Hurtownia Elektryczna w Dzier\u017coniowie. Producent sprz\u0119tu elektrycznego.","publisher":{"@id":"https:\/\/roadeu.com\/sklep\/de\/#organization"},"potentialAction":[{"@type":"SearchAction","target":{"@type":"EntryPoint","urlTemplate":"https:\/\/roadeu.com\/sklep\/de\/?s={search_term_string}"},"query-input":{"@type":"PropertyValueSpecification","valueRequired":true,"valueName":"search_term_string"}}],"inLanguage":"de"},{"@type":"Organization","@id":"https:\/\/roadeu.com\/sklep\/de\/#organization","name":"Road","url":"https:\/\/roadeu.com\/sklep\/de\/","logo":{"@type":"ImageObject","inLanguage":"de","@id":"https:\/\/roadeu.com\/sklep\/de\/#\/schema\/logo\/image\/","url":"https:\/\/roadeu.com\/sklep\/wp-content\/uploads\/2025\/05\/logotype-lg-pl.png","contentUrl":"https:\/\/roadeu.com\/sklep\/wp-content\/uploads\/2025\/05\/logotype-lg-pl.png","width":300,"height":70,"caption":"Road"},"image":{"@id":"https:\/\/roadeu.com\/sklep\/de\/#\/schema\/logo\/image\/"}}]}},"_links":{"self":[{"href":"https:\/\/roadeu.com\/sklep\/de\/wp-json\/wp\/v2\/product\/20852","targetHints":{"allow":["GET"]}}],"collection":[{"href":"https:\/\/roadeu.com\/sklep\/de\/wp-json\/wp\/v2\/product"}],"about":[{"href":"https:\/\/roadeu.com\/sklep\/de\/wp-json\/wp\/v2\/types\/product"}],"wp:featuredmedia":[{"embeddable":true,"href":"https:\/\/roadeu.com\/sklep\/de\/wp-json\/wp\/v2\/media\/20856"}],"wp:attachment":[{"href":"https:\/\/roadeu.com\/sklep\/de\/wp-json\/wp\/v2\/media?parent=20852"}],"wp:term":[{"taxonomy":"product_brand","embeddable":true,"href":"https:\/\/roadeu.com\/sklep\/de\/wp-json\/wp\/v2\/product_brand?post=20852"},{"taxonomy":"product_cat","embeddable":true,"href":"https:\/\/roadeu.com\/sklep\/de\/wp-json\/wp\/v2\/product_cat?post=20852"},{"taxonomy":"product_tag","embeddable":true,"href":"https:\/\/roadeu.com\/sklep\/de\/wp-json\/wp\/v2\/product_tag?post=20852"}],"curies":[{"name":"wp","href":"https:\/\/api.w.org\/{rel}","templated":true}]}}