{"id":20806,"date":"2026-04-23T10:16:34","date_gmt":"2026-04-23T08:16:34","guid":{"rendered":"https:\/\/roadeu.com\/sklep\/?post_type=product&#038;p=20806"},"modified":"2026-04-23T10:19:12","modified_gmt":"2026-04-23T08:19:12","slug":"starkstrom-verlaengerungskabel-16a-cee-verlaengerungskabel-20-meter-mit-kabelhalter-starkstromkabel-16a-380v-5x2-5mm2-kabel","status":"publish","type":"product","link":"https:\/\/roadeu.com\/sklep\/de\/produkt\/starkstrom-verlaengerungskabel-16a-cee-verlaengerungskabel-20-meter-mit-kabelhalter-starkstromkabel-16a-380v-5x2-5mm2-kabel\/","title":{"rendered":"Starkstrom Verl\u00e4ngerungskabel 16A &#8211; CEE Verl\u00e4ngerungskabel 20 Meter mit Kabelhalter &#8211; Starkstromkabel 16A 380V &#8211; 5&#215;2 5mm2 Kabel"},"content":{"rendered":"<p><strong>Info zu diesem Artikel<\/strong><\/p>\n<p><strong>SOLIDE GEBAUT:<\/strong> Hochwertiges 380V 16 Ampere Verl\u00e4ngerungskabel, aufgebaut auf Komponenten europ\u00e4ischer Produktion. Kupfer Kabel 5&#215;2,5 in Gummi Isolierung. CEE Stecker 16A und starkstrom Steckdose haben einen \u00e4u\u00dferst praktischen Gummigriff.<br \/>\n<strong>UNIVERSAL:<\/strong> 16A Verl\u00e4ngerungskabel zur Verwendung z.B. Mit: CEE Wandstecker, Bau Heizger\u00e4t, Baustromverteiler, Cee Adapter, Kombi Wandsteckdose &#8211; wo immer es gebraucht wird. Das Set enth\u00e4lt eine Halterung \/ kabel organizer f\u00fcr ein Verl\u00e4ngerungskabel &#8211; Jetzt k\u00f6nnen Sie es einfach transportieren, organisieren und an die Wand h\u00e4ngen.<br \/>\n<strong>WASSERFEST:<\/strong> Verl\u00e4ngerungskabel Au\u00dfen &#8211; Die Schutzart IP44 erm\u00f6glicht die Verwendung des Verl\u00e4ngerungskabels sowohl im Innen- als auch im Au\u00dfenbereich. Sie k\u00f6nnen es als Campingkabel, Werkstatt-CEE-Verteiler, zu Hause verwenden.<br \/>\n<strong>TECHNISCHE DATEN:<\/strong> 400V Verl\u00e4ngerungskabel &#8211; Technische Daten: 16A 5 Polig CEE Stecker &#8211; 16A 5 Polig CEE Kupplung (Steckdose) &#8211; CEE Kabel 5&#215;2 5 mm. L\u00e4nge: 20 M &#8211; Gummi kabel &#8211; best\u00e4ndig gg\u00fc. Abrieb, St\u00f6\u00dfen, Quetschungen, Fetten und Mineral\u00f6len<\/p>\n<p>&nbsp;<\/p>\n","protected":false},"excerpt":{"rendered":"<p><strong>CEE Starkstromkabel <\/strong><\/p>\n","protected":false},"featured_media":20787,"template":"","meta":[],"product_brand":[377],"product_cat":[367],"product_tag":[],"class_list":{"0":"post-20806","1":"product","2":"type-product","3":"status-publish","4":"has-post-thumbnail","6":"product_brand-roadeu-de","7":"product_cat-adapter-und-verlangerungskabel","9":"first","10":"instock","11":"taxable","12":"shipping-taxable","13":"purchasable","14":"product-type-simple"},"yoast_head":"<!-- This site is optimized with the Yoast SEO plugin v27.4 - https:\/\/yoast.com\/product\/yoast-seo-wordpress\/ -->\n<title>Starkstrom Verl\u00e4ngerungskabel 16A - CEE Verl\u00e4ngerungskabel 20 Meter mit Kabelhalter - Starkstromkabel 16A 380V - 5x2 5mm2 Kabel - Road<\/title>\n<meta name=\"robots\" content=\"index, follow, max-snippet:-1, max-image-preview:large, max-video-preview:-1\" \/>\n<link rel=\"canonical\" href=\"https:\/\/roadeu.com\/sklep\/de\/produkt\/starkstrom-verlaengerungskabel-16a-cee-verlaengerungskabel-20-meter-mit-kabelhalter-starkstromkabel-16a-380v-5x2-5mm2-kabel\/\" \/>\n<meta property=\"og:locale\" content=\"de_DE\" \/>\n<meta property=\"og:type\" content=\"article\" \/>\n<meta property=\"og:title\" content=\"Starkstrom Verl\u00e4ngerungskabel 16A - CEE Verl\u00e4ngerungskabel 20 Meter mit Kabelhalter - Starkstromkabel 16A 380V - 5x2 5mm2 Kabel - Road\" \/>\n<meta property=\"og:description\" content=\"CEE Starkstromkabel\" \/>\n<meta property=\"og:url\" content=\"https:\/\/roadeu.com\/sklep\/de\/produkt\/starkstrom-verlaengerungskabel-16a-cee-verlaengerungskabel-20-meter-mit-kabelhalter-starkstromkabel-16a-380v-5x2-5mm2-kabel\/\" \/>\n<meta property=\"og:site_name\" content=\"Road\" \/>\n<meta property=\"article:modified_time\" content=\"2026-04-23T08:19:12+00:00\" \/>\n<meta property=\"og:image\" content=\"https:\/\/roadeu.com\/sklep\/wp-content\/uploads\/2026\/04\/1-69.jpg\" \/>\n\t<meta property=\"og:image:width\" content=\"1327\" \/>\n\t<meta property=\"og:image:height\" content=\"1500\" \/>\n\t<meta property=\"og:image:type\" content=\"image\/jpeg\" \/>\n<meta name=\"twitter:card\" content=\"summary_large_image\" \/>\n<meta name=\"twitter:label1\" content=\"Gesch\u00e4tzte Lesezeit\" \/>\n\t<meta name=\"twitter:data1\" content=\"2\u00a0Minute\" \/>\n<script type=\"application\/ld+json\" class=\"yoast-schema-graph\">{\"@context\":\"https:\\\/\\\/schema.org\",\"@graph\":[{\"@type\":\"WebPage\",\"@id\":\"https:\\\/\\\/roadeu.com\\\/sklep\\\/de\\\/produkt\\\/starkstrom-verlaengerungskabel-16a-cee-verlaengerungskabel-20-meter-mit-kabelhalter-starkstromkabel-16a-380v-5x2-5mm2-kabel\\\/\",\"url\":\"https:\\\/\\\/roadeu.com\\\/sklep\\\/de\\\/produkt\\\/starkstrom-verlaengerungskabel-16a-cee-verlaengerungskabel-20-meter-mit-kabelhalter-starkstromkabel-16a-380v-5x2-5mm2-kabel\\\/\",\"name\":\"Starkstrom Verl\u00e4ngerungskabel 16A - CEE Verl\u00e4ngerungskabel 20 Meter mit Kabelhalter - Starkstromkabel 16A 380V - 5x2 5mm2 Kabel - Road\",\"isPartOf\":{\"@id\":\"https:\\\/\\\/roadeu.com\\\/sklep\\\/de\\\/#website\"},\"primaryImageOfPage\":{\"@id\":\"https:\\\/\\\/roadeu.com\\\/sklep\\\/de\\\/produkt\\\/starkstrom-verlaengerungskabel-16a-cee-verlaengerungskabel-20-meter-mit-kabelhalter-starkstromkabel-16a-380v-5x2-5mm2-kabel\\\/#primaryimage\"},\"image\":{\"@id\":\"https:\\\/\\\/roadeu.com\\\/sklep\\\/de\\\/produkt\\\/starkstrom-verlaengerungskabel-16a-cee-verlaengerungskabel-20-meter-mit-kabelhalter-starkstromkabel-16a-380v-5x2-5mm2-kabel\\\/#primaryimage\"},\"thumbnailUrl\":\"https:\\\/\\\/roadeu.com\\\/sklep\\\/wp-content\\\/uploads\\\/2026\\\/04\\\/1-69.jpg\",\"datePublished\":\"2026-04-23T08:16:34+00:00\",\"dateModified\":\"2026-04-23T08:19:12+00:00\",\"breadcrumb\":{\"@id\":\"https:\\\/\\\/roadeu.com\\\/sklep\\\/de\\\/produkt\\\/starkstrom-verlaengerungskabel-16a-cee-verlaengerungskabel-20-meter-mit-kabelhalter-starkstromkabel-16a-380v-5x2-5mm2-kabel\\\/#breadcrumb\"},\"inLanguage\":\"de\",\"potentialAction\":[{\"@type\":\"ReadAction\",\"target\":[\"https:\\\/\\\/roadeu.com\\\/sklep\\\/de\\\/produkt\\\/starkstrom-verlaengerungskabel-16a-cee-verlaengerungskabel-20-meter-mit-kabelhalter-starkstromkabel-16a-380v-5x2-5mm2-kabel\\\/\"]}]},{\"@type\":\"ImageObject\",\"inLanguage\":\"de\",\"@id\":\"https:\\\/\\\/roadeu.com\\\/sklep\\\/de\\\/produkt\\\/starkstrom-verlaengerungskabel-16a-cee-verlaengerungskabel-20-meter-mit-kabelhalter-starkstromkabel-16a-380v-5x2-5mm2-kabel\\\/#primaryimage\",\"url\":\"https:\\\/\\\/roadeu.com\\\/sklep\\\/wp-content\\\/uploads\\\/2026\\\/04\\\/1-69.jpg\",\"contentUrl\":\"https:\\\/\\\/roadeu.com\\\/sklep\\\/wp-content\\\/uploads\\\/2026\\\/04\\\/1-69.jpg\",\"width\":1327,\"height\":1500},{\"@type\":\"BreadcrumbList\",\"@id\":\"https:\\\/\\\/roadeu.com\\\/sklep\\\/de\\\/produkt\\\/starkstrom-verlaengerungskabel-16a-cee-verlaengerungskabel-20-meter-mit-kabelhalter-starkstromkabel-16a-380v-5x2-5mm2-kabel\\\/#breadcrumb\",\"itemListElement\":[{\"@type\":\"ListItem\",\"position\":1,\"name\":\"Strona g\u0142\u00f3wna\",\"item\":\"https:\\\/\\\/roadeu.com\\\/sklep\\\/de\\\/shop\\\/\"},{\"@type\":\"ListItem\",\"position\":2,\"name\":\"Shop\",\"item\":\"https:\\\/\\\/roadeu.com\\\/sklep\\\/de\\\/shop\\\/\"},{\"@type\":\"ListItem\",\"position\":3,\"name\":\"Starkstrom Verl\u00e4ngerungskabel 16A &#8211; CEE Verl\u00e4ngerungskabel 20 Meter mit Kabelhalter &#8211; Starkstromkabel 16A 380V &#8211; 5&#215;2 5mm2 Kabel\"}]},{\"@type\":\"WebSite\",\"@id\":\"https:\\\/\\\/roadeu.com\\\/sklep\\\/de\\\/#website\",\"url\":\"https:\\\/\\\/roadeu.com\\\/sklep\\\/de\\\/\",\"name\":\"Road\",\"description\":\"Hurtownia Elektryczna w Dzier\u017coniowie. Producent sprz\u0119tu elektrycznego.\",\"publisher\":{\"@id\":\"https:\\\/\\\/roadeu.com\\\/sklep\\\/de\\\/#organization\"},\"potentialAction\":[{\"@type\":\"SearchAction\",\"target\":{\"@type\":\"EntryPoint\",\"urlTemplate\":\"https:\\\/\\\/roadeu.com\\\/sklep\\\/de\\\/?s={search_term_string}\"},\"query-input\":{\"@type\":\"PropertyValueSpecification\",\"valueRequired\":true,\"valueName\":\"search_term_string\"}}],\"inLanguage\":\"de\"},{\"@type\":\"Organization\",\"@id\":\"https:\\\/\\\/roadeu.com\\\/sklep\\\/de\\\/#organization\",\"name\":\"Road\",\"url\":\"https:\\\/\\\/roadeu.com\\\/sklep\\\/de\\\/\",\"logo\":{\"@type\":\"ImageObject\",\"inLanguage\":\"de\",\"@id\":\"https:\\\/\\\/roadeu.com\\\/sklep\\\/de\\\/#\\\/schema\\\/logo\\\/image\\\/\",\"url\":\"https:\\\/\\\/roadeu.com\\\/sklep\\\/wp-content\\\/uploads\\\/2025\\\/05\\\/logotype-lg-pl.png\",\"contentUrl\":\"https:\\\/\\\/roadeu.com\\\/sklep\\\/wp-content\\\/uploads\\\/2025\\\/05\\\/logotype-lg-pl.png\",\"width\":300,\"height\":70,\"caption\":\"Road\"},\"image\":{\"@id\":\"https:\\\/\\\/roadeu.com\\\/sklep\\\/de\\\/#\\\/schema\\\/logo\\\/image\\\/\"}}]}<\/script>\n<!-- \/ Yoast SEO plugin. -->","yoast_head_json":{"title":"Starkstrom Verl\u00e4ngerungskabel 16A - CEE Verl\u00e4ngerungskabel 20 Meter mit Kabelhalter - Starkstromkabel 16A 380V - 5x2 5mm2 Kabel - Road","robots":{"index":"index","follow":"follow","max-snippet":"max-snippet:-1","max-image-preview":"max-image-preview:large","max-video-preview":"max-video-preview:-1"},"canonical":"https:\/\/roadeu.com\/sklep\/de\/produkt\/starkstrom-verlaengerungskabel-16a-cee-verlaengerungskabel-20-meter-mit-kabelhalter-starkstromkabel-16a-380v-5x2-5mm2-kabel\/","og_locale":"de_DE","og_type":"article","og_title":"Starkstrom Verl\u00e4ngerungskabel 16A - CEE Verl\u00e4ngerungskabel 20 Meter mit Kabelhalter - Starkstromkabel 16A 380V - 5x2 5mm2 Kabel - Road","og_description":"CEE Starkstromkabel","og_url":"https:\/\/roadeu.com\/sklep\/de\/produkt\/starkstrom-verlaengerungskabel-16a-cee-verlaengerungskabel-20-meter-mit-kabelhalter-starkstromkabel-16a-380v-5x2-5mm2-kabel\/","og_site_name":"Road","article_modified_time":"2026-04-23T08:19:12+00:00","og_image":[{"width":1327,"height":1500,"url":"https:\/\/roadeu.com\/sklep\/wp-content\/uploads\/2026\/04\/1-69.jpg","type":"image\/jpeg"}],"twitter_card":"summary_large_image","twitter_misc":{"Gesch\u00e4tzte Lesezeit":"2\u00a0Minute"},"schema":{"@context":"https:\/\/schema.org","@graph":[{"@type":"WebPage","@id":"https:\/\/roadeu.com\/sklep\/de\/produkt\/starkstrom-verlaengerungskabel-16a-cee-verlaengerungskabel-20-meter-mit-kabelhalter-starkstromkabel-16a-380v-5x2-5mm2-kabel\/","url":"https:\/\/roadeu.com\/sklep\/de\/produkt\/starkstrom-verlaengerungskabel-16a-cee-verlaengerungskabel-20-meter-mit-kabelhalter-starkstromkabel-16a-380v-5x2-5mm2-kabel\/","name":"Starkstrom Verl\u00e4ngerungskabel 16A - CEE Verl\u00e4ngerungskabel 20 Meter mit Kabelhalter - Starkstromkabel 16A 380V - 5x2 5mm2 Kabel - Road","isPartOf":{"@id":"https:\/\/roadeu.com\/sklep\/de\/#website"},"primaryImageOfPage":{"@id":"https:\/\/roadeu.com\/sklep\/de\/produkt\/starkstrom-verlaengerungskabel-16a-cee-verlaengerungskabel-20-meter-mit-kabelhalter-starkstromkabel-16a-380v-5x2-5mm2-kabel\/#primaryimage"},"image":{"@id":"https:\/\/roadeu.com\/sklep\/de\/produkt\/starkstrom-verlaengerungskabel-16a-cee-verlaengerungskabel-20-meter-mit-kabelhalter-starkstromkabel-16a-380v-5x2-5mm2-kabel\/#primaryimage"},"thumbnailUrl":"https:\/\/roadeu.com\/sklep\/wp-content\/uploads\/2026\/04\/1-69.jpg","datePublished":"2026-04-23T08:16:34+00:00","dateModified":"2026-04-23T08:19:12+00:00","breadcrumb":{"@id":"https:\/\/roadeu.com\/sklep\/de\/produkt\/starkstrom-verlaengerungskabel-16a-cee-verlaengerungskabel-20-meter-mit-kabelhalter-starkstromkabel-16a-380v-5x2-5mm2-kabel\/#breadcrumb"},"inLanguage":"de","potentialAction":[{"@type":"ReadAction","target":["https:\/\/roadeu.com\/sklep\/de\/produkt\/starkstrom-verlaengerungskabel-16a-cee-verlaengerungskabel-20-meter-mit-kabelhalter-starkstromkabel-16a-380v-5x2-5mm2-kabel\/"]}]},{"@type":"ImageObject","inLanguage":"de","@id":"https:\/\/roadeu.com\/sklep\/de\/produkt\/starkstrom-verlaengerungskabel-16a-cee-verlaengerungskabel-20-meter-mit-kabelhalter-starkstromkabel-16a-380v-5x2-5mm2-kabel\/#primaryimage","url":"https:\/\/roadeu.com\/sklep\/wp-content\/uploads\/2026\/04\/1-69.jpg","contentUrl":"https:\/\/roadeu.com\/sklep\/wp-content\/uploads\/2026\/04\/1-69.jpg","width":1327,"height":1500},{"@type":"BreadcrumbList","@id":"https:\/\/roadeu.com\/sklep\/de\/produkt\/starkstrom-verlaengerungskabel-16a-cee-verlaengerungskabel-20-meter-mit-kabelhalter-starkstromkabel-16a-380v-5x2-5mm2-kabel\/#breadcrumb","itemListElement":[{"@type":"ListItem","position":1,"name":"Strona g\u0142\u00f3wna","item":"https:\/\/roadeu.com\/sklep\/de\/shop\/"},{"@type":"ListItem","position":2,"name":"Shop","item":"https:\/\/roadeu.com\/sklep\/de\/shop\/"},{"@type":"ListItem","position":3,"name":"Starkstrom Verl\u00e4ngerungskabel 16A &#8211; CEE Verl\u00e4ngerungskabel 20 Meter mit Kabelhalter &#8211; Starkstromkabel 16A 380V &#8211; 5&#215;2 5mm2 Kabel"}]},{"@type":"WebSite","@id":"https:\/\/roadeu.com\/sklep\/de\/#website","url":"https:\/\/roadeu.com\/sklep\/de\/","name":"Road","description":"Hurtownia Elektryczna w Dzier\u017coniowie. Producent sprz\u0119tu elektrycznego.","publisher":{"@id":"https:\/\/roadeu.com\/sklep\/de\/#organization"},"potentialAction":[{"@type":"SearchAction","target":{"@type":"EntryPoint","urlTemplate":"https:\/\/roadeu.com\/sklep\/de\/?s={search_term_string}"},"query-input":{"@type":"PropertyValueSpecification","valueRequired":true,"valueName":"search_term_string"}}],"inLanguage":"de"},{"@type":"Organization","@id":"https:\/\/roadeu.com\/sklep\/de\/#organization","name":"Road","url":"https:\/\/roadeu.com\/sklep\/de\/","logo":{"@type":"ImageObject","inLanguage":"de","@id":"https:\/\/roadeu.com\/sklep\/de\/#\/schema\/logo\/image\/","url":"https:\/\/roadeu.com\/sklep\/wp-content\/uploads\/2025\/05\/logotype-lg-pl.png","contentUrl":"https:\/\/roadeu.com\/sklep\/wp-content\/uploads\/2025\/05\/logotype-lg-pl.png","width":300,"height":70,"caption":"Road"},"image":{"@id":"https:\/\/roadeu.com\/sklep\/de\/#\/schema\/logo\/image\/"}}]}},"_links":{"self":[{"href":"https:\/\/roadeu.com\/sklep\/de\/wp-json\/wp\/v2\/product\/20806","targetHints":{"allow":["GET"]}}],"collection":[{"href":"https:\/\/roadeu.com\/sklep\/de\/wp-json\/wp\/v2\/product"}],"about":[{"href":"https:\/\/roadeu.com\/sklep\/de\/wp-json\/wp\/v2\/types\/product"}],"wp:featuredmedia":[{"embeddable":true,"href":"https:\/\/roadeu.com\/sklep\/de\/wp-json\/wp\/v2\/media\/20787"}],"wp:attachment":[{"href":"https:\/\/roadeu.com\/sklep\/de\/wp-json\/wp\/v2\/media?parent=20806"}],"wp:term":[{"taxonomy":"product_brand","embeddable":true,"href":"https:\/\/roadeu.com\/sklep\/de\/wp-json\/wp\/v2\/product_brand?post=20806"},{"taxonomy":"product_cat","embeddable":true,"href":"https:\/\/roadeu.com\/sklep\/de\/wp-json\/wp\/v2\/product_cat?post=20806"},{"taxonomy":"product_tag","embeddable":true,"href":"https:\/\/roadeu.com\/sklep\/de\/wp-json\/wp\/v2\/product_tag?post=20806"}],"curies":[{"name":"wp","href":"https:\/\/api.w.org\/{rel}","templated":true}]}}