{"id":20549,"date":"2026-04-21T13:42:56","date_gmt":"2026-04-21T11:42:56","guid":{"rendered":"https:\/\/roadeu.com\/sklep\/?post_type=product&#038;p=20549"},"modified":"2026-04-21T13:50:06","modified_gmt":"2026-04-21T11:50:06","slug":"stromverteiler-230v-2x-schuko-steckdose-leuchtmelder-signalleuchte-led-rot-steckdosenverteiler-mit-fi-schutzschalter-25a-typ-a-ac-2x-ls-c16a-ip44","status":"publish","type":"product","link":"https:\/\/roadeu.com\/sklep\/de\/produkt\/stromverteiler-230v-2x-schuko-steckdose-leuchtmelder-signalleuchte-led-rot-steckdosenverteiler-mit-fi-schutzschalter-25a-typ-a-ac-2x-ls-c16a-ip44\/","title":{"rendered":"Stromverteiler 230V, 2x Schuko Steckdose, Leuchtmelder Signalleuchte LED Rot, Steckdosenverteiler mit Fi Schutzschalter 25A typ A\/AC, 2x LS C16A IP44"},"content":{"rendered":"<p><strong>Info zu diesem Artikel<\/strong><\/p>\n<p><strong>VIELSEITIGE ANWENDUNGSM\u00d6GLICHKEITEN<\/strong>: Die hochwertigen 2x 230V Schuko-Steckdosen eignen sich sowohl f\u00fcr den Innen- als auch f\u00fcr den Au\u00dfenbereich. Der anschlussfertig vorverdrahtete Stromverteiler und Wandverteiler ist mit N+PE Klemmen und einer PG16-Kabelverschraubung ausgestattet, um eine sichere und zuverl\u00e4ssige Verbindung zu gew\u00e4hrleisten.<br \/>\n<strong>SICHERHEITSINDIKATOR<\/strong>: Die Signallampe dient als Spannungsindikator in elektrischen Stromkreisen und erh\u00f6ht die Sicherheit beim Betrieb des Ger\u00e4ts. Durch die Anzeige der Spannung k\u00f6nnen Nutzer schnell feststellen, ob die Stromversorgung ordnungsgem\u00e4\u00df funktioniert.<br \/>\n<strong>ZUVERL\u00c4SSIGER SCHUTZ<\/strong>: Der Verteilerkasten ist mit 1x FI-Schalter 25A Typ A\/AC 30mA 2P und 2x Leistungsschaltern LS C16A 1P ausgestattet, die einen umfassenden Schutz f\u00fcr Ihre elektrischen Anlagen bieten. Alle LS Schalter 230V und FI Schalter verf\u00fcgen \u00fcber T\u00dcV-Herstellerzertifikate und entsprechen den h\u00f6chsten Sicherheitsstandards.<br \/>\n<strong>ROBUSTE AUFPUTZ-INSTALLATION<\/strong>: Der Aufputz-Verteilerkasten ist mit 2x 230V 16A IP44 Schuko-Steckdosen mit Klappen ausgestattet, die eine sichere und wetterfeste Verbindung gew\u00e4hrleisten. Der Verteiler ist f\u00fcr die Wandmontage vorgesehen und bietet eine robuste und schlagfeste Stromkasten-Konstruktion f\u00fcr Langlebigkeit und Zuverl\u00e4ssigkeit.<\/p>\n<p>&nbsp;<\/p>\n","protected":false},"excerpt":{"rendered":"<p><strong>Stromverteiler<\/strong><\/p>\n","protected":false},"featured_media":20553,"template":"","meta":[],"product_brand":[377],"product_cat":[363],"product_tag":[],"class_list":{"0":"post-20549","1":"product","2":"type-product","3":"status-publish","4":"has-post-thumbnail","6":"product_brand-roadeu-de","7":"product_cat-verteilerschranke-steckschlusselsatze","9":"first","10":"instock","11":"taxable","12":"shipping-taxable","13":"purchasable","14":"product-type-simple"},"yoast_head":"<!-- This site is optimized with the Yoast SEO plugin v27.4 - https:\/\/yoast.com\/product\/yoast-seo-wordpress\/ -->\n<title>Stromverteiler 230V, 2x Schuko Steckdose, Leuchtmelder Signalleuchte LED Rot, Steckdosenverteiler mit Fi Schutzschalter 25A typ A\/AC, 2x LS C16A IP44 - Road<\/title>\n<meta name=\"robots\" content=\"index, follow, max-snippet:-1, max-image-preview:large, max-video-preview:-1\" \/>\n<link rel=\"canonical\" href=\"https:\/\/roadeu.com\/sklep\/de\/produkt\/stromverteiler-230v-2x-schuko-steckdose-leuchtmelder-signalleuchte-led-rot-steckdosenverteiler-mit-fi-schutzschalter-25a-typ-a-ac-2x-ls-c16a-ip44\/\" \/>\n<meta property=\"og:locale\" content=\"de_DE\" \/>\n<meta property=\"og:type\" content=\"article\" \/>\n<meta property=\"og:title\" content=\"Stromverteiler 230V, 2x Schuko Steckdose, Leuchtmelder Signalleuchte LED Rot, Steckdosenverteiler mit Fi Schutzschalter 25A typ A\/AC, 2x LS C16A IP44 - Road\" \/>\n<meta property=\"og:description\" content=\"Stromverteiler\" \/>\n<meta property=\"og:url\" content=\"https:\/\/roadeu.com\/sklep\/de\/produkt\/stromverteiler-230v-2x-schuko-steckdose-leuchtmelder-signalleuchte-led-rot-steckdosenverteiler-mit-fi-schutzschalter-25a-typ-a-ac-2x-ls-c16a-ip44\/\" \/>\n<meta property=\"og:site_name\" content=\"Road\" \/>\n<meta property=\"article:modified_time\" content=\"2026-04-21T11:50:06+00:00\" \/>\n<meta property=\"og:image\" content=\"https:\/\/roadeu.com\/sklep\/wp-content\/uploads\/2026\/04\/2-62.jpg\" \/>\n\t<meta property=\"og:image:width\" content=\"971\" \/>\n\t<meta property=\"og:image:height\" content=\"1500\" \/>\n\t<meta property=\"og:image:type\" content=\"image\/jpeg\" \/>\n<meta name=\"twitter:card\" content=\"summary_large_image\" \/>\n<meta name=\"twitter:label1\" content=\"Gesch\u00e4tzte Lesezeit\" \/>\n\t<meta name=\"twitter:data1\" content=\"2\u00a0Minute\" \/>\n<script type=\"application\/ld+json\" class=\"yoast-schema-graph\">{\"@context\":\"https:\\\/\\\/schema.org\",\"@graph\":[{\"@type\":\"WebPage\",\"@id\":\"https:\\\/\\\/roadeu.com\\\/sklep\\\/de\\\/produkt\\\/stromverteiler-230v-2x-schuko-steckdose-leuchtmelder-signalleuchte-led-rot-steckdosenverteiler-mit-fi-schutzschalter-25a-typ-a-ac-2x-ls-c16a-ip44\\\/\",\"url\":\"https:\\\/\\\/roadeu.com\\\/sklep\\\/de\\\/produkt\\\/stromverteiler-230v-2x-schuko-steckdose-leuchtmelder-signalleuchte-led-rot-steckdosenverteiler-mit-fi-schutzschalter-25a-typ-a-ac-2x-ls-c16a-ip44\\\/\",\"name\":\"Stromverteiler 230V, 2x Schuko Steckdose, Leuchtmelder Signalleuchte LED Rot, Steckdosenverteiler mit Fi Schutzschalter 25A typ A\\\/AC, 2x LS C16A IP44 - Road\",\"isPartOf\":{\"@id\":\"https:\\\/\\\/roadeu.com\\\/sklep\\\/de\\\/#website\"},\"primaryImageOfPage\":{\"@id\":\"https:\\\/\\\/roadeu.com\\\/sklep\\\/de\\\/produkt\\\/stromverteiler-230v-2x-schuko-steckdose-leuchtmelder-signalleuchte-led-rot-steckdosenverteiler-mit-fi-schutzschalter-25a-typ-a-ac-2x-ls-c16a-ip44\\\/#primaryimage\"},\"image\":{\"@id\":\"https:\\\/\\\/roadeu.com\\\/sklep\\\/de\\\/produkt\\\/stromverteiler-230v-2x-schuko-steckdose-leuchtmelder-signalleuchte-led-rot-steckdosenverteiler-mit-fi-schutzschalter-25a-typ-a-ac-2x-ls-c16a-ip44\\\/#primaryimage\"},\"thumbnailUrl\":\"https:\\\/\\\/roadeu.com\\\/sklep\\\/wp-content\\\/uploads\\\/2026\\\/04\\\/2-62.jpg\",\"datePublished\":\"2026-04-21T11:42:56+00:00\",\"dateModified\":\"2026-04-21T11:50:06+00:00\",\"breadcrumb\":{\"@id\":\"https:\\\/\\\/roadeu.com\\\/sklep\\\/de\\\/produkt\\\/stromverteiler-230v-2x-schuko-steckdose-leuchtmelder-signalleuchte-led-rot-steckdosenverteiler-mit-fi-schutzschalter-25a-typ-a-ac-2x-ls-c16a-ip44\\\/#breadcrumb\"},\"inLanguage\":\"de\",\"potentialAction\":[{\"@type\":\"ReadAction\",\"target\":[\"https:\\\/\\\/roadeu.com\\\/sklep\\\/de\\\/produkt\\\/stromverteiler-230v-2x-schuko-steckdose-leuchtmelder-signalleuchte-led-rot-steckdosenverteiler-mit-fi-schutzschalter-25a-typ-a-ac-2x-ls-c16a-ip44\\\/\"]}]},{\"@type\":\"ImageObject\",\"inLanguage\":\"de\",\"@id\":\"https:\\\/\\\/roadeu.com\\\/sklep\\\/de\\\/produkt\\\/stromverteiler-230v-2x-schuko-steckdose-leuchtmelder-signalleuchte-led-rot-steckdosenverteiler-mit-fi-schutzschalter-25a-typ-a-ac-2x-ls-c16a-ip44\\\/#primaryimage\",\"url\":\"https:\\\/\\\/roadeu.com\\\/sklep\\\/wp-content\\\/uploads\\\/2026\\\/04\\\/2-62.jpg\",\"contentUrl\":\"https:\\\/\\\/roadeu.com\\\/sklep\\\/wp-content\\\/uploads\\\/2026\\\/04\\\/2-62.jpg\",\"width\":971,\"height\":1500},{\"@type\":\"BreadcrumbList\",\"@id\":\"https:\\\/\\\/roadeu.com\\\/sklep\\\/de\\\/produkt\\\/stromverteiler-230v-2x-schuko-steckdose-leuchtmelder-signalleuchte-led-rot-steckdosenverteiler-mit-fi-schutzschalter-25a-typ-a-ac-2x-ls-c16a-ip44\\\/#breadcrumb\",\"itemListElement\":[{\"@type\":\"ListItem\",\"position\":1,\"name\":\"Strona g\u0142\u00f3wna\",\"item\":\"https:\\\/\\\/roadeu.com\\\/sklep\\\/de\\\/shop\\\/\"},{\"@type\":\"ListItem\",\"position\":2,\"name\":\"Shop\",\"item\":\"https:\\\/\\\/roadeu.com\\\/sklep\\\/de\\\/shop\\\/\"},{\"@type\":\"ListItem\",\"position\":3,\"name\":\"Stromverteiler 230V, 2x Schuko Steckdose, Leuchtmelder Signalleuchte LED Rot, Steckdosenverteiler mit Fi Schutzschalter 25A typ A\\\/AC, 2x LS C16A IP44\"}]},{\"@type\":\"WebSite\",\"@id\":\"https:\\\/\\\/roadeu.com\\\/sklep\\\/de\\\/#website\",\"url\":\"https:\\\/\\\/roadeu.com\\\/sklep\\\/de\\\/\",\"name\":\"Road\",\"description\":\"Hurtownia Elektryczna w Dzier\u017coniowie. Producent sprz\u0119tu elektrycznego.\",\"publisher\":{\"@id\":\"https:\\\/\\\/roadeu.com\\\/sklep\\\/de\\\/#organization\"},\"potentialAction\":[{\"@type\":\"SearchAction\",\"target\":{\"@type\":\"EntryPoint\",\"urlTemplate\":\"https:\\\/\\\/roadeu.com\\\/sklep\\\/de\\\/?s={search_term_string}\"},\"query-input\":{\"@type\":\"PropertyValueSpecification\",\"valueRequired\":true,\"valueName\":\"search_term_string\"}}],\"inLanguage\":\"de\"},{\"@type\":\"Organization\",\"@id\":\"https:\\\/\\\/roadeu.com\\\/sklep\\\/de\\\/#organization\",\"name\":\"Road\",\"url\":\"https:\\\/\\\/roadeu.com\\\/sklep\\\/de\\\/\",\"logo\":{\"@type\":\"ImageObject\",\"inLanguage\":\"de\",\"@id\":\"https:\\\/\\\/roadeu.com\\\/sklep\\\/de\\\/#\\\/schema\\\/logo\\\/image\\\/\",\"url\":\"https:\\\/\\\/roadeu.com\\\/sklep\\\/wp-content\\\/uploads\\\/2025\\\/05\\\/logotype-lg-pl.png\",\"contentUrl\":\"https:\\\/\\\/roadeu.com\\\/sklep\\\/wp-content\\\/uploads\\\/2025\\\/05\\\/logotype-lg-pl.png\",\"width\":300,\"height\":70,\"caption\":\"Road\"},\"image\":{\"@id\":\"https:\\\/\\\/roadeu.com\\\/sklep\\\/de\\\/#\\\/schema\\\/logo\\\/image\\\/\"}}]}<\/script>\n<!-- \/ Yoast SEO plugin. -->","yoast_head_json":{"title":"Stromverteiler 230V, 2x Schuko Steckdose, Leuchtmelder Signalleuchte LED Rot, Steckdosenverteiler mit Fi Schutzschalter 25A typ A\/AC, 2x LS C16A IP44 - Road","robots":{"index":"index","follow":"follow","max-snippet":"max-snippet:-1","max-image-preview":"max-image-preview:large","max-video-preview":"max-video-preview:-1"},"canonical":"https:\/\/roadeu.com\/sklep\/de\/produkt\/stromverteiler-230v-2x-schuko-steckdose-leuchtmelder-signalleuchte-led-rot-steckdosenverteiler-mit-fi-schutzschalter-25a-typ-a-ac-2x-ls-c16a-ip44\/","og_locale":"de_DE","og_type":"article","og_title":"Stromverteiler 230V, 2x Schuko Steckdose, Leuchtmelder Signalleuchte LED Rot, Steckdosenverteiler mit Fi Schutzschalter 25A typ A\/AC, 2x LS C16A IP44 - Road","og_description":"Stromverteiler","og_url":"https:\/\/roadeu.com\/sklep\/de\/produkt\/stromverteiler-230v-2x-schuko-steckdose-leuchtmelder-signalleuchte-led-rot-steckdosenverteiler-mit-fi-schutzschalter-25a-typ-a-ac-2x-ls-c16a-ip44\/","og_site_name":"Road","article_modified_time":"2026-04-21T11:50:06+00:00","og_image":[{"width":971,"height":1500,"url":"https:\/\/roadeu.com\/sklep\/wp-content\/uploads\/2026\/04\/2-62.jpg","type":"image\/jpeg"}],"twitter_card":"summary_large_image","twitter_misc":{"Gesch\u00e4tzte Lesezeit":"2\u00a0Minute"},"schema":{"@context":"https:\/\/schema.org","@graph":[{"@type":"WebPage","@id":"https:\/\/roadeu.com\/sklep\/de\/produkt\/stromverteiler-230v-2x-schuko-steckdose-leuchtmelder-signalleuchte-led-rot-steckdosenverteiler-mit-fi-schutzschalter-25a-typ-a-ac-2x-ls-c16a-ip44\/","url":"https:\/\/roadeu.com\/sklep\/de\/produkt\/stromverteiler-230v-2x-schuko-steckdose-leuchtmelder-signalleuchte-led-rot-steckdosenverteiler-mit-fi-schutzschalter-25a-typ-a-ac-2x-ls-c16a-ip44\/","name":"Stromverteiler 230V, 2x Schuko Steckdose, Leuchtmelder Signalleuchte LED Rot, Steckdosenverteiler mit Fi Schutzschalter 25A typ A\/AC, 2x LS C16A IP44 - Road","isPartOf":{"@id":"https:\/\/roadeu.com\/sklep\/de\/#website"},"primaryImageOfPage":{"@id":"https:\/\/roadeu.com\/sklep\/de\/produkt\/stromverteiler-230v-2x-schuko-steckdose-leuchtmelder-signalleuchte-led-rot-steckdosenverteiler-mit-fi-schutzschalter-25a-typ-a-ac-2x-ls-c16a-ip44\/#primaryimage"},"image":{"@id":"https:\/\/roadeu.com\/sklep\/de\/produkt\/stromverteiler-230v-2x-schuko-steckdose-leuchtmelder-signalleuchte-led-rot-steckdosenverteiler-mit-fi-schutzschalter-25a-typ-a-ac-2x-ls-c16a-ip44\/#primaryimage"},"thumbnailUrl":"https:\/\/roadeu.com\/sklep\/wp-content\/uploads\/2026\/04\/2-62.jpg","datePublished":"2026-04-21T11:42:56+00:00","dateModified":"2026-04-21T11:50:06+00:00","breadcrumb":{"@id":"https:\/\/roadeu.com\/sklep\/de\/produkt\/stromverteiler-230v-2x-schuko-steckdose-leuchtmelder-signalleuchte-led-rot-steckdosenverteiler-mit-fi-schutzschalter-25a-typ-a-ac-2x-ls-c16a-ip44\/#breadcrumb"},"inLanguage":"de","potentialAction":[{"@type":"ReadAction","target":["https:\/\/roadeu.com\/sklep\/de\/produkt\/stromverteiler-230v-2x-schuko-steckdose-leuchtmelder-signalleuchte-led-rot-steckdosenverteiler-mit-fi-schutzschalter-25a-typ-a-ac-2x-ls-c16a-ip44\/"]}]},{"@type":"ImageObject","inLanguage":"de","@id":"https:\/\/roadeu.com\/sklep\/de\/produkt\/stromverteiler-230v-2x-schuko-steckdose-leuchtmelder-signalleuchte-led-rot-steckdosenverteiler-mit-fi-schutzschalter-25a-typ-a-ac-2x-ls-c16a-ip44\/#primaryimage","url":"https:\/\/roadeu.com\/sklep\/wp-content\/uploads\/2026\/04\/2-62.jpg","contentUrl":"https:\/\/roadeu.com\/sklep\/wp-content\/uploads\/2026\/04\/2-62.jpg","width":971,"height":1500},{"@type":"BreadcrumbList","@id":"https:\/\/roadeu.com\/sklep\/de\/produkt\/stromverteiler-230v-2x-schuko-steckdose-leuchtmelder-signalleuchte-led-rot-steckdosenverteiler-mit-fi-schutzschalter-25a-typ-a-ac-2x-ls-c16a-ip44\/#breadcrumb","itemListElement":[{"@type":"ListItem","position":1,"name":"Strona g\u0142\u00f3wna","item":"https:\/\/roadeu.com\/sklep\/de\/shop\/"},{"@type":"ListItem","position":2,"name":"Shop","item":"https:\/\/roadeu.com\/sklep\/de\/shop\/"},{"@type":"ListItem","position":3,"name":"Stromverteiler 230V, 2x Schuko Steckdose, Leuchtmelder Signalleuchte LED Rot, Steckdosenverteiler mit Fi Schutzschalter 25A typ A\/AC, 2x LS C16A IP44"}]},{"@type":"WebSite","@id":"https:\/\/roadeu.com\/sklep\/de\/#website","url":"https:\/\/roadeu.com\/sklep\/de\/","name":"Road","description":"Hurtownia Elektryczna w Dzier\u017coniowie. Producent sprz\u0119tu elektrycznego.","publisher":{"@id":"https:\/\/roadeu.com\/sklep\/de\/#organization"},"potentialAction":[{"@type":"SearchAction","target":{"@type":"EntryPoint","urlTemplate":"https:\/\/roadeu.com\/sklep\/de\/?s={search_term_string}"},"query-input":{"@type":"PropertyValueSpecification","valueRequired":true,"valueName":"search_term_string"}}],"inLanguage":"de"},{"@type":"Organization","@id":"https:\/\/roadeu.com\/sklep\/de\/#organization","name":"Road","url":"https:\/\/roadeu.com\/sklep\/de\/","logo":{"@type":"ImageObject","inLanguage":"de","@id":"https:\/\/roadeu.com\/sklep\/de\/#\/schema\/logo\/image\/","url":"https:\/\/roadeu.com\/sklep\/wp-content\/uploads\/2025\/05\/logotype-lg-pl.png","contentUrl":"https:\/\/roadeu.com\/sklep\/wp-content\/uploads\/2025\/05\/logotype-lg-pl.png","width":300,"height":70,"caption":"Road"},"image":{"@id":"https:\/\/roadeu.com\/sklep\/de\/#\/schema\/logo\/image\/"}}]}},"_links":{"self":[{"href":"https:\/\/roadeu.com\/sklep\/de\/wp-json\/wp\/v2\/product\/20549","targetHints":{"allow":["GET"]}}],"collection":[{"href":"https:\/\/roadeu.com\/sklep\/de\/wp-json\/wp\/v2\/product"}],"about":[{"href":"https:\/\/roadeu.com\/sklep\/de\/wp-json\/wp\/v2\/types\/product"}],"wp:featuredmedia":[{"embeddable":true,"href":"https:\/\/roadeu.com\/sklep\/de\/wp-json\/wp\/v2\/media\/20553"}],"wp:attachment":[{"href":"https:\/\/roadeu.com\/sklep\/de\/wp-json\/wp\/v2\/media?parent=20549"}],"wp:term":[{"taxonomy":"product_brand","embeddable":true,"href":"https:\/\/roadeu.com\/sklep\/de\/wp-json\/wp\/v2\/product_brand?post=20549"},{"taxonomy":"product_cat","embeddable":true,"href":"https:\/\/roadeu.com\/sklep\/de\/wp-json\/wp\/v2\/product_cat?post=20549"},{"taxonomy":"product_tag","embeddable":true,"href":"https:\/\/roadeu.com\/sklep\/de\/wp-json\/wp\/v2\/product_tag?post=20549"}],"curies":[{"name":"wp","href":"https:\/\/api.w.org\/{rel}","templated":true}]}}