{"id":20394,"date":"2026-04-21T12:42:40","date_gmt":"2026-04-21T10:42:40","guid":{"rendered":"https:\/\/roadeu.com\/sklep\/?post_type=product&#038;p=20394"},"modified":"2026-04-21T12:50:35","modified_gmt":"2026-04-21T10:50:35","slug":"cee-steckdosenverteiler-ip44-1x-cee-16a-5p-400v-2x-schuko-230v","status":"publish","type":"product","link":"https:\/\/roadeu.com\/sklep\/de\/produkt\/cee-steckdosenverteiler-ip44-1x-cee-16a-5p-400v-2x-schuko-230v\/","title":{"rendered":"CEE Steckdosenverteiler IP44 | 1x CEE 16A 5P 400V + 2x Schuko 230V"},"content":{"rendered":"<p><strong> Info zu diesem Artikel<\/strong><\/p>\n<p><strong>Der Stromverteiler<\/strong> besteht aus in Europa hergestellten Komponenten. Die Betriebssicherheit wird durch hohe europ\u00e4ische Standards gew\u00e4hrleistet. Unsere starkstrom steckdose und 230V steckdose sind sicher f\u00fcr den Benutzer und die Ger\u00e4te, die sie betreiben.<br \/>\n<strong>Hochwertige PCE<\/strong> Au\u00dfensteckdose (\u00d6sterreichische Produktion) 380\/415V und Schuko 230V &#8211; Komponenten von uns CEE Verteiler.<br \/>\n<strong>Best\u00fcckung:<\/strong> 2x 230V 16A IP44 Schuko Steckdosen . 1x CEE Steckdose 16A 5P 400V IP44. CEE Aufputzsteckdose kombiniert mit 230V Schuko ist eine praktische L\u00f6sung f\u00fcr viele Anwendungen<br \/>\n<strong>Starkstrom Verteiler<\/strong> IP44 &#8211; staub- und spritzwassergesch\u00fctzt. F\u00fcr den Innen- und Au\u00dfeneinsatz. Diese Dichtheitsklasse erm\u00f6glicht Ihnen den Einsatz unseres Ger\u00e4tes in der Werkstatt, im Garten oder in der Produktionshalle<br \/>\n<strong>Der Wandverteiler<\/strong> ist vorverdrahtet und anschlussfertig. Die Verteilerkasten enth\u00e4lt auch eine PG16 Kabelverschraubung. Einfach das Starkstromkabel 16A an die entsprechenden Klemmen anschlie\u00dfen und fertig.<\/p>\n","protected":false},"excerpt":{"rendered":"<p><strong>Steckdosenverteiler<\/strong><\/p>\n","protected":false},"featured_media":20398,"template":"","meta":[],"product_brand":[377],"product_cat":[363],"product_tag":[],"class_list":{"0":"post-20394","1":"product","2":"type-product","3":"status-publish","4":"has-post-thumbnail","6":"product_brand-roadeu-de","7":"product_cat-verteilerschranke-steckschlusselsatze","9":"first","10":"instock","11":"taxable","12":"shipping-taxable","13":"purchasable","14":"product-type-simple"},"yoast_head":"<!-- This site is optimized with the Yoast SEO plugin v27.4 - https:\/\/yoast.com\/product\/yoast-seo-wordpress\/ -->\n<title>CEE Steckdosenverteiler IP44 | 1x CEE 16A 5P 400V + 2x Schuko 230V - Road<\/title>\n<meta name=\"robots\" content=\"index, follow, max-snippet:-1, max-image-preview:large, max-video-preview:-1\" \/>\n<link rel=\"canonical\" href=\"https:\/\/roadeu.com\/sklep\/de\/produkt\/cee-steckdosenverteiler-ip44-1x-cee-16a-5p-400v-2x-schuko-230v\/\" \/>\n<meta property=\"og:locale\" content=\"de_DE\" \/>\n<meta property=\"og:type\" content=\"article\" \/>\n<meta property=\"og:title\" content=\"CEE Steckdosenverteiler IP44 | 1x CEE 16A 5P 400V + 2x Schuko 230V - Road\" \/>\n<meta property=\"og:description\" content=\"Steckdosenverteiler\" \/>\n<meta property=\"og:url\" content=\"https:\/\/roadeu.com\/sklep\/de\/produkt\/cee-steckdosenverteiler-ip44-1x-cee-16a-5p-400v-2x-schuko-230v\/\" \/>\n<meta property=\"og:site_name\" content=\"Road\" \/>\n<meta property=\"article:modified_time\" content=\"2026-04-21T10:50:35+00:00\" \/>\n<meta property=\"og:image\" content=\"https:\/\/roadeu.com\/sklep\/wp-content\/uploads\/2026\/04\/2-56.jpg\" \/>\n\t<meta property=\"og:image:width\" content=\"1500\" \/>\n\t<meta property=\"og:image:height\" content=\"1224\" \/>\n\t<meta property=\"og:image:type\" content=\"image\/jpeg\" \/>\n<meta name=\"twitter:card\" content=\"summary_large_image\" \/>\n<meta name=\"twitter:label1\" content=\"Gesch\u00e4tzte Lesezeit\" \/>\n\t<meta name=\"twitter:data1\" content=\"1\u00a0Minute\" \/>\n<script type=\"application\/ld+json\" class=\"yoast-schema-graph\">{\"@context\":\"https:\\\/\\\/schema.org\",\"@graph\":[{\"@type\":\"WebPage\",\"@id\":\"https:\\\/\\\/roadeu.com\\\/sklep\\\/de\\\/produkt\\\/cee-steckdosenverteiler-ip44-1x-cee-16a-5p-400v-2x-schuko-230v\\\/\",\"url\":\"https:\\\/\\\/roadeu.com\\\/sklep\\\/de\\\/produkt\\\/cee-steckdosenverteiler-ip44-1x-cee-16a-5p-400v-2x-schuko-230v\\\/\",\"name\":\"CEE Steckdosenverteiler IP44 | 1x CEE 16A 5P 400V + 2x Schuko 230V - Road\",\"isPartOf\":{\"@id\":\"https:\\\/\\\/roadeu.com\\\/sklep\\\/de\\\/#website\"},\"primaryImageOfPage\":{\"@id\":\"https:\\\/\\\/roadeu.com\\\/sklep\\\/de\\\/produkt\\\/cee-steckdosenverteiler-ip44-1x-cee-16a-5p-400v-2x-schuko-230v\\\/#primaryimage\"},\"image\":{\"@id\":\"https:\\\/\\\/roadeu.com\\\/sklep\\\/de\\\/produkt\\\/cee-steckdosenverteiler-ip44-1x-cee-16a-5p-400v-2x-schuko-230v\\\/#primaryimage\"},\"thumbnailUrl\":\"https:\\\/\\\/roadeu.com\\\/sklep\\\/wp-content\\\/uploads\\\/2026\\\/04\\\/2-56.jpg\",\"datePublished\":\"2026-04-21T10:42:40+00:00\",\"dateModified\":\"2026-04-21T10:50:35+00:00\",\"breadcrumb\":{\"@id\":\"https:\\\/\\\/roadeu.com\\\/sklep\\\/de\\\/produkt\\\/cee-steckdosenverteiler-ip44-1x-cee-16a-5p-400v-2x-schuko-230v\\\/#breadcrumb\"},\"inLanguage\":\"de\",\"potentialAction\":[{\"@type\":\"ReadAction\",\"target\":[\"https:\\\/\\\/roadeu.com\\\/sklep\\\/de\\\/produkt\\\/cee-steckdosenverteiler-ip44-1x-cee-16a-5p-400v-2x-schuko-230v\\\/\"]}]},{\"@type\":\"ImageObject\",\"inLanguage\":\"de\",\"@id\":\"https:\\\/\\\/roadeu.com\\\/sklep\\\/de\\\/produkt\\\/cee-steckdosenverteiler-ip44-1x-cee-16a-5p-400v-2x-schuko-230v\\\/#primaryimage\",\"url\":\"https:\\\/\\\/roadeu.com\\\/sklep\\\/wp-content\\\/uploads\\\/2026\\\/04\\\/2-56.jpg\",\"contentUrl\":\"https:\\\/\\\/roadeu.com\\\/sklep\\\/wp-content\\\/uploads\\\/2026\\\/04\\\/2-56.jpg\",\"width\":1500,\"height\":1224},{\"@type\":\"BreadcrumbList\",\"@id\":\"https:\\\/\\\/roadeu.com\\\/sklep\\\/de\\\/produkt\\\/cee-steckdosenverteiler-ip44-1x-cee-16a-5p-400v-2x-schuko-230v\\\/#breadcrumb\",\"itemListElement\":[{\"@type\":\"ListItem\",\"position\":1,\"name\":\"Strona g\u0142\u00f3wna\",\"item\":\"https:\\\/\\\/roadeu.com\\\/sklep\\\/de\\\/shop\\\/\"},{\"@type\":\"ListItem\",\"position\":2,\"name\":\"Shop\",\"item\":\"https:\\\/\\\/roadeu.com\\\/sklep\\\/de\\\/shop\\\/\"},{\"@type\":\"ListItem\",\"position\":3,\"name\":\"CEE Steckdosenverteiler IP44 | 1x CEE 16A 5P 400V + 2x Schuko 230V\"}]},{\"@type\":\"WebSite\",\"@id\":\"https:\\\/\\\/roadeu.com\\\/sklep\\\/de\\\/#website\",\"url\":\"https:\\\/\\\/roadeu.com\\\/sklep\\\/de\\\/\",\"name\":\"Road\",\"description\":\"Hurtownia Elektryczna w Dzier\u017coniowie. Producent sprz\u0119tu elektrycznego.\",\"publisher\":{\"@id\":\"https:\\\/\\\/roadeu.com\\\/sklep\\\/de\\\/#organization\"},\"potentialAction\":[{\"@type\":\"SearchAction\",\"target\":{\"@type\":\"EntryPoint\",\"urlTemplate\":\"https:\\\/\\\/roadeu.com\\\/sklep\\\/de\\\/?s={search_term_string}\"},\"query-input\":{\"@type\":\"PropertyValueSpecification\",\"valueRequired\":true,\"valueName\":\"search_term_string\"}}],\"inLanguage\":\"de\"},{\"@type\":\"Organization\",\"@id\":\"https:\\\/\\\/roadeu.com\\\/sklep\\\/de\\\/#organization\",\"name\":\"Road\",\"url\":\"https:\\\/\\\/roadeu.com\\\/sklep\\\/de\\\/\",\"logo\":{\"@type\":\"ImageObject\",\"inLanguage\":\"de\",\"@id\":\"https:\\\/\\\/roadeu.com\\\/sklep\\\/de\\\/#\\\/schema\\\/logo\\\/image\\\/\",\"url\":\"https:\\\/\\\/roadeu.com\\\/sklep\\\/wp-content\\\/uploads\\\/2025\\\/05\\\/logotype-lg-pl.png\",\"contentUrl\":\"https:\\\/\\\/roadeu.com\\\/sklep\\\/wp-content\\\/uploads\\\/2025\\\/05\\\/logotype-lg-pl.png\",\"width\":300,\"height\":70,\"caption\":\"Road\"},\"image\":{\"@id\":\"https:\\\/\\\/roadeu.com\\\/sklep\\\/de\\\/#\\\/schema\\\/logo\\\/image\\\/\"}}]}<\/script>\n<!-- \/ Yoast SEO plugin. -->","yoast_head_json":{"title":"CEE Steckdosenverteiler IP44 | 1x CEE 16A 5P 400V + 2x Schuko 230V - Road","robots":{"index":"index","follow":"follow","max-snippet":"max-snippet:-1","max-image-preview":"max-image-preview:large","max-video-preview":"max-video-preview:-1"},"canonical":"https:\/\/roadeu.com\/sklep\/de\/produkt\/cee-steckdosenverteiler-ip44-1x-cee-16a-5p-400v-2x-schuko-230v\/","og_locale":"de_DE","og_type":"article","og_title":"CEE Steckdosenverteiler IP44 | 1x CEE 16A 5P 400V + 2x Schuko 230V - Road","og_description":"Steckdosenverteiler","og_url":"https:\/\/roadeu.com\/sklep\/de\/produkt\/cee-steckdosenverteiler-ip44-1x-cee-16a-5p-400v-2x-schuko-230v\/","og_site_name":"Road","article_modified_time":"2026-04-21T10:50:35+00:00","og_image":[{"width":1500,"height":1224,"url":"https:\/\/roadeu.com\/sklep\/wp-content\/uploads\/2026\/04\/2-56.jpg","type":"image\/jpeg"}],"twitter_card":"summary_large_image","twitter_misc":{"Gesch\u00e4tzte Lesezeit":"1\u00a0Minute"},"schema":{"@context":"https:\/\/schema.org","@graph":[{"@type":"WebPage","@id":"https:\/\/roadeu.com\/sklep\/de\/produkt\/cee-steckdosenverteiler-ip44-1x-cee-16a-5p-400v-2x-schuko-230v\/","url":"https:\/\/roadeu.com\/sklep\/de\/produkt\/cee-steckdosenverteiler-ip44-1x-cee-16a-5p-400v-2x-schuko-230v\/","name":"CEE Steckdosenverteiler IP44 | 1x CEE 16A 5P 400V + 2x Schuko 230V - Road","isPartOf":{"@id":"https:\/\/roadeu.com\/sklep\/de\/#website"},"primaryImageOfPage":{"@id":"https:\/\/roadeu.com\/sklep\/de\/produkt\/cee-steckdosenverteiler-ip44-1x-cee-16a-5p-400v-2x-schuko-230v\/#primaryimage"},"image":{"@id":"https:\/\/roadeu.com\/sklep\/de\/produkt\/cee-steckdosenverteiler-ip44-1x-cee-16a-5p-400v-2x-schuko-230v\/#primaryimage"},"thumbnailUrl":"https:\/\/roadeu.com\/sklep\/wp-content\/uploads\/2026\/04\/2-56.jpg","datePublished":"2026-04-21T10:42:40+00:00","dateModified":"2026-04-21T10:50:35+00:00","breadcrumb":{"@id":"https:\/\/roadeu.com\/sklep\/de\/produkt\/cee-steckdosenverteiler-ip44-1x-cee-16a-5p-400v-2x-schuko-230v\/#breadcrumb"},"inLanguage":"de","potentialAction":[{"@type":"ReadAction","target":["https:\/\/roadeu.com\/sklep\/de\/produkt\/cee-steckdosenverteiler-ip44-1x-cee-16a-5p-400v-2x-schuko-230v\/"]}]},{"@type":"ImageObject","inLanguage":"de","@id":"https:\/\/roadeu.com\/sklep\/de\/produkt\/cee-steckdosenverteiler-ip44-1x-cee-16a-5p-400v-2x-schuko-230v\/#primaryimage","url":"https:\/\/roadeu.com\/sklep\/wp-content\/uploads\/2026\/04\/2-56.jpg","contentUrl":"https:\/\/roadeu.com\/sklep\/wp-content\/uploads\/2026\/04\/2-56.jpg","width":1500,"height":1224},{"@type":"BreadcrumbList","@id":"https:\/\/roadeu.com\/sklep\/de\/produkt\/cee-steckdosenverteiler-ip44-1x-cee-16a-5p-400v-2x-schuko-230v\/#breadcrumb","itemListElement":[{"@type":"ListItem","position":1,"name":"Strona g\u0142\u00f3wna","item":"https:\/\/roadeu.com\/sklep\/de\/shop\/"},{"@type":"ListItem","position":2,"name":"Shop","item":"https:\/\/roadeu.com\/sklep\/de\/shop\/"},{"@type":"ListItem","position":3,"name":"CEE Steckdosenverteiler IP44 | 1x CEE 16A 5P 400V + 2x Schuko 230V"}]},{"@type":"WebSite","@id":"https:\/\/roadeu.com\/sklep\/de\/#website","url":"https:\/\/roadeu.com\/sklep\/de\/","name":"Road","description":"Hurtownia Elektryczna w Dzier\u017coniowie. Producent sprz\u0119tu elektrycznego.","publisher":{"@id":"https:\/\/roadeu.com\/sklep\/de\/#organization"},"potentialAction":[{"@type":"SearchAction","target":{"@type":"EntryPoint","urlTemplate":"https:\/\/roadeu.com\/sklep\/de\/?s={search_term_string}"},"query-input":{"@type":"PropertyValueSpecification","valueRequired":true,"valueName":"search_term_string"}}],"inLanguage":"de"},{"@type":"Organization","@id":"https:\/\/roadeu.com\/sklep\/de\/#organization","name":"Road","url":"https:\/\/roadeu.com\/sklep\/de\/","logo":{"@type":"ImageObject","inLanguage":"de","@id":"https:\/\/roadeu.com\/sklep\/de\/#\/schema\/logo\/image\/","url":"https:\/\/roadeu.com\/sklep\/wp-content\/uploads\/2025\/05\/logotype-lg-pl.png","contentUrl":"https:\/\/roadeu.com\/sklep\/wp-content\/uploads\/2025\/05\/logotype-lg-pl.png","width":300,"height":70,"caption":"Road"},"image":{"@id":"https:\/\/roadeu.com\/sklep\/de\/#\/schema\/logo\/image\/"}}]}},"_links":{"self":[{"href":"https:\/\/roadeu.com\/sklep\/de\/wp-json\/wp\/v2\/product\/20394","targetHints":{"allow":["GET"]}}],"collection":[{"href":"https:\/\/roadeu.com\/sklep\/de\/wp-json\/wp\/v2\/product"}],"about":[{"href":"https:\/\/roadeu.com\/sklep\/de\/wp-json\/wp\/v2\/types\/product"}],"wp:featuredmedia":[{"embeddable":true,"href":"https:\/\/roadeu.com\/sklep\/de\/wp-json\/wp\/v2\/media\/20398"}],"wp:attachment":[{"href":"https:\/\/roadeu.com\/sklep\/de\/wp-json\/wp\/v2\/media?parent=20394"}],"wp:term":[{"taxonomy":"product_brand","embeddable":true,"href":"https:\/\/roadeu.com\/sklep\/de\/wp-json\/wp\/v2\/product_brand?post=20394"},{"taxonomy":"product_cat","embeddable":true,"href":"https:\/\/roadeu.com\/sklep\/de\/wp-json\/wp\/v2\/product_cat?post=20394"},{"taxonomy":"product_tag","embeddable":true,"href":"https:\/\/roadeu.com\/sklep\/de\/wp-json\/wp\/v2\/product_tag?post=20394"}],"curies":[{"name":"wp","href":"https:\/\/api.w.org\/{rel}","templated":true}]}}