{"id":20374,"date":"2026-04-21T12:34:32","date_gmt":"2026-04-21T10:34:32","guid":{"rendered":"https:\/\/roadeu.com\/sklep\/?post_type=product&#038;p=20374"},"modified":"2026-04-21T12:38:16","modified_gmt":"2026-04-21T10:38:16","slug":"cee-wandverteiler-ip44-1x-cee-32a-5p-1x-cee-16a-5p-2x-schuko-230v-mit-hauptschalter-0-1","status":"publish","type":"product","link":"https:\/\/roadeu.com\/sklep\/de\/produkt\/cee-wandverteiler-ip44-1x-cee-32a-5p-1x-cee-16a-5p-2x-schuko-230v-mit-hauptschalter-0-1\/","title":{"rendered":"CEE Wandverteiler IP44 | 1x CEE 32A 5P + 1x CEE 16A 5P + 2x Schuko 230V mit Hauptschalter 0-1"},"content":{"rendered":"<p><strong> Info zu diesem Artikel<\/strong><\/p>\n<p>\ud83d\udd0c <strong>CEE<\/strong> Wandverteiler mit Hauptschalter (0-1) Mit integriertem Lasttrennschalter \u2013 f\u00fcr zus\u00e4tzliche Sicherheit und Spannungskontrolle bei jedem Einsatz. Spannung jederzeit ein- und ausschaltbar.<br \/>\n\u26a1 <strong>Steckdosenkombination<\/strong> f\u00fcr Starkstrom &amp; Standardger\u00e4te 1x CEE 32A 5-polig, 1x CEE 16A 5-polig (400V), 2x Schuko 230V \u2013 ideal f\u00fcr professionelle Anwendungen auf der Baustelle, im Garten oder in der Werkstatt.<br \/>\n\ud83d\udca7 <strong>IP44<\/strong> \u2013 f\u00fcr den Einsatz im Au\u00dfenbereich Geh\u00e4use und Steckdosen staub- und spritzwassergesch\u00fctzt \u2013 perfekt geeignet f\u00fcr Baustellen, Events oder tempor\u00e4re Installationen im Freien.<br \/>\n\ud83d\udd27 <strong>Vorverdrahtet<\/strong> &amp; sofort einsatzbereit Inklusive PG16-Kabelverschraubung \u2013 einfach anschlie\u00dfen und verwenden. 2,5 mm\u00b2 Leitungen f\u00fcr Schuko &amp; CEE16A, 4 mm\u00b2 f\u00fcr CEE32A \u2013 maximale Sicherheit garantiert.<\/p>\n","protected":false},"excerpt":{"rendered":"<p><strong>Steckdosenverteiler<\/strong><\/p>\n","protected":false},"featured_media":20377,"template":"","meta":[],"product_brand":[377],"product_cat":[363],"product_tag":[],"class_list":{"0":"post-20374","1":"product","2":"type-product","3":"status-publish","4":"has-post-thumbnail","6":"product_brand-roadeu-de","7":"product_cat-verteilerschranke-steckschlusselsatze","9":"first","10":"instock","11":"taxable","12":"shipping-taxable","13":"purchasable","14":"product-type-simple"},"yoast_head":"<!-- This site is optimized with the Yoast SEO plugin v27.4 - https:\/\/yoast.com\/product\/yoast-seo-wordpress\/ -->\n<title>CEE Wandverteiler IP44 | 1x CEE 32A 5P + 1x CEE 16A 5P + 2x Schuko 230V mit Hauptschalter 0-1 - Road<\/title>\n<meta name=\"robots\" content=\"index, follow, max-snippet:-1, max-image-preview:large, max-video-preview:-1\" \/>\n<link rel=\"canonical\" href=\"https:\/\/roadeu.com\/sklep\/de\/produkt\/cee-wandverteiler-ip44-1x-cee-32a-5p-1x-cee-16a-5p-2x-schuko-230v-mit-hauptschalter-0-1\/\" \/>\n<meta property=\"og:locale\" content=\"de_DE\" \/>\n<meta property=\"og:type\" content=\"article\" \/>\n<meta property=\"og:title\" content=\"CEE Wandverteiler IP44 | 1x CEE 32A 5P + 1x CEE 16A 5P + 2x Schuko 230V mit Hauptschalter 0-1 - Road\" \/>\n<meta property=\"og:description\" content=\"Steckdosenverteiler\" \/>\n<meta property=\"og:url\" content=\"https:\/\/roadeu.com\/sklep\/de\/produkt\/cee-wandverteiler-ip44-1x-cee-32a-5p-1x-cee-16a-5p-2x-schuko-230v-mit-hauptschalter-0-1\/\" \/>\n<meta property=\"og:site_name\" content=\"Road\" \/>\n<meta property=\"article:modified_time\" content=\"2026-04-21T10:38:16+00:00\" \/>\n<meta property=\"og:image\" content=\"https:\/\/roadeu.com\/sklep\/wp-content\/uploads\/2026\/04\/1-55.jpg\" \/>\n\t<meta property=\"og:image:width\" content=\"1286\" \/>\n\t<meta property=\"og:image:height\" content=\"1500\" \/>\n\t<meta property=\"og:image:type\" content=\"image\/jpeg\" \/>\n<meta name=\"twitter:card\" content=\"summary_large_image\" \/>\n<meta name=\"twitter:label1\" content=\"Gesch\u00e4tzte Lesezeit\" \/>\n\t<meta name=\"twitter:data1\" content=\"1\u00a0Minute\" \/>\n<script type=\"application\/ld+json\" class=\"yoast-schema-graph\">{\"@context\":\"https:\\\/\\\/schema.org\",\"@graph\":[{\"@type\":\"WebPage\",\"@id\":\"https:\\\/\\\/roadeu.com\\\/sklep\\\/de\\\/produkt\\\/cee-wandverteiler-ip44-1x-cee-32a-5p-1x-cee-16a-5p-2x-schuko-230v-mit-hauptschalter-0-1\\\/\",\"url\":\"https:\\\/\\\/roadeu.com\\\/sklep\\\/de\\\/produkt\\\/cee-wandverteiler-ip44-1x-cee-32a-5p-1x-cee-16a-5p-2x-schuko-230v-mit-hauptschalter-0-1\\\/\",\"name\":\"CEE Wandverteiler IP44 | 1x CEE 32A 5P + 1x CEE 16A 5P + 2x Schuko 230V mit Hauptschalter 0-1 - Road\",\"isPartOf\":{\"@id\":\"https:\\\/\\\/roadeu.com\\\/sklep\\\/de\\\/#website\"},\"primaryImageOfPage\":{\"@id\":\"https:\\\/\\\/roadeu.com\\\/sklep\\\/de\\\/produkt\\\/cee-wandverteiler-ip44-1x-cee-32a-5p-1x-cee-16a-5p-2x-schuko-230v-mit-hauptschalter-0-1\\\/#primaryimage\"},\"image\":{\"@id\":\"https:\\\/\\\/roadeu.com\\\/sklep\\\/de\\\/produkt\\\/cee-wandverteiler-ip44-1x-cee-32a-5p-1x-cee-16a-5p-2x-schuko-230v-mit-hauptschalter-0-1\\\/#primaryimage\"},\"thumbnailUrl\":\"https:\\\/\\\/roadeu.com\\\/sklep\\\/wp-content\\\/uploads\\\/2026\\\/04\\\/1-55.jpg\",\"datePublished\":\"2026-04-21T10:34:32+00:00\",\"dateModified\":\"2026-04-21T10:38:16+00:00\",\"breadcrumb\":{\"@id\":\"https:\\\/\\\/roadeu.com\\\/sklep\\\/de\\\/produkt\\\/cee-wandverteiler-ip44-1x-cee-32a-5p-1x-cee-16a-5p-2x-schuko-230v-mit-hauptschalter-0-1\\\/#breadcrumb\"},\"inLanguage\":\"de\",\"potentialAction\":[{\"@type\":\"ReadAction\",\"target\":[\"https:\\\/\\\/roadeu.com\\\/sklep\\\/de\\\/produkt\\\/cee-wandverteiler-ip44-1x-cee-32a-5p-1x-cee-16a-5p-2x-schuko-230v-mit-hauptschalter-0-1\\\/\"]}]},{\"@type\":\"ImageObject\",\"inLanguage\":\"de\",\"@id\":\"https:\\\/\\\/roadeu.com\\\/sklep\\\/de\\\/produkt\\\/cee-wandverteiler-ip44-1x-cee-32a-5p-1x-cee-16a-5p-2x-schuko-230v-mit-hauptschalter-0-1\\\/#primaryimage\",\"url\":\"https:\\\/\\\/roadeu.com\\\/sklep\\\/wp-content\\\/uploads\\\/2026\\\/04\\\/1-55.jpg\",\"contentUrl\":\"https:\\\/\\\/roadeu.com\\\/sklep\\\/wp-content\\\/uploads\\\/2026\\\/04\\\/1-55.jpg\",\"width\":1286,\"height\":1500},{\"@type\":\"BreadcrumbList\",\"@id\":\"https:\\\/\\\/roadeu.com\\\/sklep\\\/de\\\/produkt\\\/cee-wandverteiler-ip44-1x-cee-32a-5p-1x-cee-16a-5p-2x-schuko-230v-mit-hauptschalter-0-1\\\/#breadcrumb\",\"itemListElement\":[{\"@type\":\"ListItem\",\"position\":1,\"name\":\"Strona g\u0142\u00f3wna\",\"item\":\"https:\\\/\\\/roadeu.com\\\/sklep\\\/de\\\/shop\\\/\"},{\"@type\":\"ListItem\",\"position\":2,\"name\":\"Shop\",\"item\":\"https:\\\/\\\/roadeu.com\\\/sklep\\\/de\\\/shop\\\/\"},{\"@type\":\"ListItem\",\"position\":3,\"name\":\"CEE Wandverteiler IP44 | 1x CEE 32A 5P + 1x CEE 16A 5P + 2x Schuko 230V mit Hauptschalter 0-1\"}]},{\"@type\":\"WebSite\",\"@id\":\"https:\\\/\\\/roadeu.com\\\/sklep\\\/de\\\/#website\",\"url\":\"https:\\\/\\\/roadeu.com\\\/sklep\\\/de\\\/\",\"name\":\"Road\",\"description\":\"Hurtownia Elektryczna w Dzier\u017coniowie. Producent sprz\u0119tu elektrycznego.\",\"publisher\":{\"@id\":\"https:\\\/\\\/roadeu.com\\\/sklep\\\/de\\\/#organization\"},\"potentialAction\":[{\"@type\":\"SearchAction\",\"target\":{\"@type\":\"EntryPoint\",\"urlTemplate\":\"https:\\\/\\\/roadeu.com\\\/sklep\\\/de\\\/?s={search_term_string}\"},\"query-input\":{\"@type\":\"PropertyValueSpecification\",\"valueRequired\":true,\"valueName\":\"search_term_string\"}}],\"inLanguage\":\"de\"},{\"@type\":\"Organization\",\"@id\":\"https:\\\/\\\/roadeu.com\\\/sklep\\\/de\\\/#organization\",\"name\":\"Road\",\"url\":\"https:\\\/\\\/roadeu.com\\\/sklep\\\/de\\\/\",\"logo\":{\"@type\":\"ImageObject\",\"inLanguage\":\"de\",\"@id\":\"https:\\\/\\\/roadeu.com\\\/sklep\\\/de\\\/#\\\/schema\\\/logo\\\/image\\\/\",\"url\":\"https:\\\/\\\/roadeu.com\\\/sklep\\\/wp-content\\\/uploads\\\/2025\\\/05\\\/logotype-lg-pl.png\",\"contentUrl\":\"https:\\\/\\\/roadeu.com\\\/sklep\\\/wp-content\\\/uploads\\\/2025\\\/05\\\/logotype-lg-pl.png\",\"width\":300,\"height\":70,\"caption\":\"Road\"},\"image\":{\"@id\":\"https:\\\/\\\/roadeu.com\\\/sklep\\\/de\\\/#\\\/schema\\\/logo\\\/image\\\/\"}}]}<\/script>\n<!-- \/ Yoast SEO plugin. -->","yoast_head_json":{"title":"CEE Wandverteiler IP44 | 1x CEE 32A 5P + 1x CEE 16A 5P + 2x Schuko 230V mit Hauptschalter 0-1 - Road","robots":{"index":"index","follow":"follow","max-snippet":"max-snippet:-1","max-image-preview":"max-image-preview:large","max-video-preview":"max-video-preview:-1"},"canonical":"https:\/\/roadeu.com\/sklep\/de\/produkt\/cee-wandverteiler-ip44-1x-cee-32a-5p-1x-cee-16a-5p-2x-schuko-230v-mit-hauptschalter-0-1\/","og_locale":"de_DE","og_type":"article","og_title":"CEE Wandverteiler IP44 | 1x CEE 32A 5P + 1x CEE 16A 5P + 2x Schuko 230V mit Hauptschalter 0-1 - Road","og_description":"Steckdosenverteiler","og_url":"https:\/\/roadeu.com\/sklep\/de\/produkt\/cee-wandverteiler-ip44-1x-cee-32a-5p-1x-cee-16a-5p-2x-schuko-230v-mit-hauptschalter-0-1\/","og_site_name":"Road","article_modified_time":"2026-04-21T10:38:16+00:00","og_image":[{"width":1286,"height":1500,"url":"https:\/\/roadeu.com\/sklep\/wp-content\/uploads\/2026\/04\/1-55.jpg","type":"image\/jpeg"}],"twitter_card":"summary_large_image","twitter_misc":{"Gesch\u00e4tzte Lesezeit":"1\u00a0Minute"},"schema":{"@context":"https:\/\/schema.org","@graph":[{"@type":"WebPage","@id":"https:\/\/roadeu.com\/sklep\/de\/produkt\/cee-wandverteiler-ip44-1x-cee-32a-5p-1x-cee-16a-5p-2x-schuko-230v-mit-hauptschalter-0-1\/","url":"https:\/\/roadeu.com\/sklep\/de\/produkt\/cee-wandverteiler-ip44-1x-cee-32a-5p-1x-cee-16a-5p-2x-schuko-230v-mit-hauptschalter-0-1\/","name":"CEE Wandverteiler IP44 | 1x CEE 32A 5P + 1x CEE 16A 5P + 2x Schuko 230V mit Hauptschalter 0-1 - Road","isPartOf":{"@id":"https:\/\/roadeu.com\/sklep\/de\/#website"},"primaryImageOfPage":{"@id":"https:\/\/roadeu.com\/sklep\/de\/produkt\/cee-wandverteiler-ip44-1x-cee-32a-5p-1x-cee-16a-5p-2x-schuko-230v-mit-hauptschalter-0-1\/#primaryimage"},"image":{"@id":"https:\/\/roadeu.com\/sklep\/de\/produkt\/cee-wandverteiler-ip44-1x-cee-32a-5p-1x-cee-16a-5p-2x-schuko-230v-mit-hauptschalter-0-1\/#primaryimage"},"thumbnailUrl":"https:\/\/roadeu.com\/sklep\/wp-content\/uploads\/2026\/04\/1-55.jpg","datePublished":"2026-04-21T10:34:32+00:00","dateModified":"2026-04-21T10:38:16+00:00","breadcrumb":{"@id":"https:\/\/roadeu.com\/sklep\/de\/produkt\/cee-wandverteiler-ip44-1x-cee-32a-5p-1x-cee-16a-5p-2x-schuko-230v-mit-hauptschalter-0-1\/#breadcrumb"},"inLanguage":"de","potentialAction":[{"@type":"ReadAction","target":["https:\/\/roadeu.com\/sklep\/de\/produkt\/cee-wandverteiler-ip44-1x-cee-32a-5p-1x-cee-16a-5p-2x-schuko-230v-mit-hauptschalter-0-1\/"]}]},{"@type":"ImageObject","inLanguage":"de","@id":"https:\/\/roadeu.com\/sklep\/de\/produkt\/cee-wandverteiler-ip44-1x-cee-32a-5p-1x-cee-16a-5p-2x-schuko-230v-mit-hauptschalter-0-1\/#primaryimage","url":"https:\/\/roadeu.com\/sklep\/wp-content\/uploads\/2026\/04\/1-55.jpg","contentUrl":"https:\/\/roadeu.com\/sklep\/wp-content\/uploads\/2026\/04\/1-55.jpg","width":1286,"height":1500},{"@type":"BreadcrumbList","@id":"https:\/\/roadeu.com\/sklep\/de\/produkt\/cee-wandverteiler-ip44-1x-cee-32a-5p-1x-cee-16a-5p-2x-schuko-230v-mit-hauptschalter-0-1\/#breadcrumb","itemListElement":[{"@type":"ListItem","position":1,"name":"Strona g\u0142\u00f3wna","item":"https:\/\/roadeu.com\/sklep\/de\/shop\/"},{"@type":"ListItem","position":2,"name":"Shop","item":"https:\/\/roadeu.com\/sklep\/de\/shop\/"},{"@type":"ListItem","position":3,"name":"CEE Wandverteiler IP44 | 1x CEE 32A 5P + 1x CEE 16A 5P + 2x Schuko 230V mit Hauptschalter 0-1"}]},{"@type":"WebSite","@id":"https:\/\/roadeu.com\/sklep\/de\/#website","url":"https:\/\/roadeu.com\/sklep\/de\/","name":"Road","description":"Hurtownia Elektryczna w Dzier\u017coniowie. Producent sprz\u0119tu elektrycznego.","publisher":{"@id":"https:\/\/roadeu.com\/sklep\/de\/#organization"},"potentialAction":[{"@type":"SearchAction","target":{"@type":"EntryPoint","urlTemplate":"https:\/\/roadeu.com\/sklep\/de\/?s={search_term_string}"},"query-input":{"@type":"PropertyValueSpecification","valueRequired":true,"valueName":"search_term_string"}}],"inLanguage":"de"},{"@type":"Organization","@id":"https:\/\/roadeu.com\/sklep\/de\/#organization","name":"Road","url":"https:\/\/roadeu.com\/sklep\/de\/","logo":{"@type":"ImageObject","inLanguage":"de","@id":"https:\/\/roadeu.com\/sklep\/de\/#\/schema\/logo\/image\/","url":"https:\/\/roadeu.com\/sklep\/wp-content\/uploads\/2025\/05\/logotype-lg-pl.png","contentUrl":"https:\/\/roadeu.com\/sklep\/wp-content\/uploads\/2025\/05\/logotype-lg-pl.png","width":300,"height":70,"caption":"Road"},"image":{"@id":"https:\/\/roadeu.com\/sklep\/de\/#\/schema\/logo\/image\/"}}]}},"_links":{"self":[{"href":"https:\/\/roadeu.com\/sklep\/de\/wp-json\/wp\/v2\/product\/20374","targetHints":{"allow":["GET"]}}],"collection":[{"href":"https:\/\/roadeu.com\/sklep\/de\/wp-json\/wp\/v2\/product"}],"about":[{"href":"https:\/\/roadeu.com\/sklep\/de\/wp-json\/wp\/v2\/types\/product"}],"wp:featuredmedia":[{"embeddable":true,"href":"https:\/\/roadeu.com\/sklep\/de\/wp-json\/wp\/v2\/media\/20377"}],"wp:attachment":[{"href":"https:\/\/roadeu.com\/sklep\/de\/wp-json\/wp\/v2\/media?parent=20374"}],"wp:term":[{"taxonomy":"product_brand","embeddable":true,"href":"https:\/\/roadeu.com\/sklep\/de\/wp-json\/wp\/v2\/product_brand?post=20374"},{"taxonomy":"product_cat","embeddable":true,"href":"https:\/\/roadeu.com\/sklep\/de\/wp-json\/wp\/v2\/product_cat?post=20374"},{"taxonomy":"product_tag","embeddable":true,"href":"https:\/\/roadeu.com\/sklep\/de\/wp-json\/wp\/v2\/product_tag?post=20374"}],"curies":[{"name":"wp","href":"https:\/\/api.w.org\/{rel}","templated":true}]}}